{"id":30646,"date":"2026-03-02T02:44:04","date_gmt":"2026-03-02T02:44:04","guid":{"rendered":"https:\/\/vitablanca.ma\/produit\/vt-cosmetics-reedle-shot-100-50-ml\/"},"modified":"2026-04-13T14:21:56","modified_gmt":"2026-04-13T14:21:56","slug":"vt-cosmetics-reedle-shot-100-50-ml","status":"publish","type":"product","link":"https:\/\/vitablanca.ma\/ar\/product-2\/vt-cosmetics-reedle-shot-100-50-ml\/","title":{"rendered":"VT COSMETICS &#8211; Reedle Shot 100 &#8211; 50 ml"},"content":{"rendered":"<p>Ce s\u00e9rum contient des agents apaisants tels que l&rsquo;extrait de cica, le madecassoside et l&rsquo;extrait de propolis, qui ont des effets anti-inflammatoires. L&rsquo;acide hyaluronique et l&rsquo;huile de graines de macadamia augmentent les niveaux d&rsquo;humidit\u00e9, donnant \u00e0 la peau une apparence repulp\u00e9e. Gr\u00e2ce \u00e0 la petite taille mol\u00e9culaire de ses principes actifs, cette formule p\u00e9n\u00e8tre profond\u00e9ment dans la couche dermique de la peau pour la nourrir intens\u00e9ment.<\/p>\n<p>La sensation de picotement est un ph\u00e9nom\u00e8ne naturel qui se produit lorsque le produit est absorb\u00e9 par la peau et fournit des nutriments.<\/p>\n<p><strong>Avantage produit<\/strong>\u00a0:<\/p>\n<p>&#8211; <strong>Reedle Shot 100<\/strong>, contenant 95 500 clich\u00e9s, est un membre plus doux et convivial pour les d\u00e9butants de la ligne Reedle Shot de VT, adapt\u00e9 \u00e0 une utilisation nocturne quotidienne. Il \u00e9limine les d\u00e9chets et les cellules mortes de la peau et minimise les pores pour r\u00e9tablir un m\u00e9tabolisme sain de la peau, ce qui am\u00e9liore la texture de la peau et favorise l&rsquo;absorption.<\/p>\n<p>&#8211; L&rsquo;ingr\u00e9dient unique de <strong>VT Cica Reedle\u2122 <\/strong>impr\u00e8gne les micro-aiguilles d&rsquo;extrait de centella asiatica pour r\u00e9duire l&rsquo;irritation pour une utilisation confortable m\u00eame sur les peaux sensibles, et contient \u00e9galement de l&rsquo;acide hyaluronique triple faiblement mol\u00e9culaire pour l&rsquo;hydratation<\/p>\n<p>&#8211; Le s\u00e9rum contient du HPR, un d\u00e9riv\u00e9 de la vitamine A, qui poss\u00e8de les propri\u00e9t\u00e9s anti-\u00e2ge et lissant les rides du r\u00e9tinol, mais avec une sensibilit\u00e9 plus faible \u00e0 la chaleur et \u00e0 la lumi\u00e8re et moins d&rsquo;irritation de la peau<\/p>\n<p>&#8211; Convient pour les peaux flasques et ternes qui d\u00e9sirent des soins apaisants et \u00e9lasticit\u00e9s, ainsi que pour les peaux troubl\u00e9es par les rides et les ridules<\/p>","protected":false},"excerpt":{"rendered":"<p>Ce s\u00e9rum contient des agents apaisants tels que l&rsquo;extrait de cica, le madecassoside et l&rsquo;extrait de propolis, qui ont des effets anti-inflammatoires. L&rsquo;acide hyaluronique et l&rsquo;huile de graines de macadamia augmentent les niveaux d&rsquo;humidit\u00e9, donnant \u00e0 la peau une apparence repulp\u00e9e. Gr\u00e2ce \u00e0 la petite taille mol\u00e9culaire de ses principes actifs, cette formule p\u00e9n\u00e8tre profond\u00e9ment [&hellip;]<\/p>\n","protected":false},"featured_media":30640,"template":"","meta":{"om_disable_all_campaigns":false},"product_brand":[11303],"product_cat":[18,15,1117],"product_tag":[11301,11306,11307,9431,11254,11309,11308,11304,11310,11305],"class_list":{"0":"post-30646","1":"product","2":"type-product","3":"status-publish","4":"has-post-thumbnail","6":"product_brand-vt-cosmetics","7":"product_cat-beaute-sante","8":"product_cat-beaute-sante-complements-alimentaires-soins-et-bien-etre-au-meilleur-prix","9":"product_cat-korean-skin-care","10":"product_tag-k-beauty-skincare","11":"product_tag-reedle-shot-serum","12":"product_tag-serum-coreen-visage","13":"product_tag-serum-hydratant-visage","14":"product_tag-serum-pores-dilates","15":"product_tag-serum-texture-peau","16":"product_tag-soin-visage-centella-asiatica","17":"product_tag-vt-cosmetics","18":"product_tag-vt-cosmetics-reedle-shot-100","19":"product_tag-vt-reedle-shot-100","21":"first","22":"instock","23":"sale","24":"taxable","25":"shipping-taxable","26":"purchasable","27":"product-type-simple"},"yoast_head":"<!-- This site is optimized with the Yoast SEO plugin v27.4 - https:\/\/yoast.com\/product\/yoast-seo-wordpress\/ -->\n<title>VT COSMETICS - Reedle Shot 100 - 50 ml - Maroc Prix<\/title>\n<meta name=\"description\" content=\"VT Cosmetics Reedle Shot 100 50ml est un s\u00e9rum innovant \u00e0 micro-spicules Cica qui am\u00e9liore la texture de la peau, resserre les pores et booste l\u2019absorption .\" \/>\n<meta name=\"robots\" content=\"index, follow, max-snippet:-1, max-image-preview:large, max-video-preview:-1\" \/>\n<link rel=\"canonical\" href=\"https:\/\/vitablanca.ma\/ar\/product-2\/vt-cosmetics-reedle-shot-100-50-ml\/\" \/>\n<meta property=\"og:locale\" content=\"ar_AR\" \/>\n<meta property=\"og:type\" content=\"article\" \/>\n<meta property=\"og:title\" content=\"VT COSMETICS - Reedle Shot 100 - 50 ml - Maroc Prix\" \/>\n<meta property=\"og:description\" content=\"VT Cosmetics Reedle Shot 100 50ml est un s\u00e9rum innovant \u00e0 micro-spicules Cica qui am\u00e9liore la texture de la peau, resserre les pores et booste l\u2019absorption .\" \/>\n<meta property=\"og:url\" content=\"https:\/\/vitablanca.ma\/ar\/product-2\/vt-cosmetics-reedle-shot-100-50-ml\/\" \/>\n<meta property=\"og:site_name\" content=\"Vitablanca.ma &ndash; Sant&eacute;, vitalit&eacute; et bien-&ecirc;tre pour tous les Marocains\" \/>\n<meta property=\"article:publisher\" content=\"https:\/\/www.facebook.com\/profile.php?id=61576678196717\" \/>\n<meta property=\"article:modified_time\" content=\"2026-04-13T14:21:56+00:00\" \/>\n<meta property=\"og:image\" content=\"https:\/\/vitablanca.ma\/wp-content\/uploads\/2026\/03\/VTCOSMETICS-ReedleShot100-50ml4.jpg\" \/>\n\t<meta property=\"og:image:width\" content=\"1080\" \/>\n\t<meta property=\"og:image:height\" content=\"1080\" \/>\n\t<meta property=\"og:image:type\" content=\"image\/jpeg\" \/>\n<meta name=\"twitter:card\" content=\"summary_large_image\" \/>\n<meta name=\"twitter:label1\" content=\"\u0648\u0642\u062a \u0627\u0644\u0642\u0631\u0627\u0621\u0629 \u0627\u0644\u0645\u064f\u0642\u062f\u0651\u0631\" \/>\n\t<meta name=\"twitter:data1\" content=\"\u062f\u0642\u064a\u0642\u062a\u0627\u0646\" \/>\n<script type=\"application\/ld+json\" class=\"yoast-schema-graph\">{\"@context\":\"https:\\\/\\\/schema.org\",\"@graph\":[{\"@type\":[\"WebPage\",\"ItemPage\"],\"@id\":\"https:\\\/\\\/vitablanca.ma\\\/produit\\\/vt-cosmetics-reedle-shot-100-50-ml\\\/\",\"url\":\"https:\\\/\\\/vitablanca.ma\\\/produit\\\/vt-cosmetics-reedle-shot-100-50-ml\\\/\",\"name\":\"VT COSMETICS - Reedle Shot 100 - 50 ml - Maroc Prix\",\"isPartOf\":{\"@id\":\"https:\\\/\\\/vitablanca.ma\\\/#website\"},\"primaryImageOfPage\":{\"@id\":\"https:\\\/\\\/vitablanca.ma\\\/produit\\\/vt-cosmetics-reedle-shot-100-50-ml\\\/#primaryimage\"},\"image\":{\"@id\":\"https:\\\/\\\/vitablanca.ma\\\/produit\\\/vt-cosmetics-reedle-shot-100-50-ml\\\/#primaryimage\"},\"thumbnailUrl\":\"https:\\\/\\\/vitablanca.ma\\\/wp-content\\\/uploads\\\/2026\\\/03\\\/VTCOSMETICS-ReedleShot100-50ml4.jpg\",\"datePublished\":\"2026-03-02T02:44:04+00:00\",\"dateModified\":\"2026-04-13T14:21:56+00:00\",\"description\":\"VT Cosmetics Reedle Shot 100 50ml est un s\u00e9rum innovant \u00e0 micro-spicules Cica qui am\u00e9liore la texture de la peau, resserre les pores et booste l\u2019absorption .\",\"breadcrumb\":{\"@id\":\"https:\\\/\\\/vitablanca.ma\\\/produit\\\/vt-cosmetics-reedle-shot-100-50-ml\\\/#breadcrumb\"},\"inLanguage\":\"ar\",\"potentialAction\":[{\"@type\":\"ReadAction\",\"target\":[\"https:\\\/\\\/vitablanca.ma\\\/produit\\\/vt-cosmetics-reedle-shot-100-50-ml\\\/\"]}]},{\"@type\":\"ImageObject\",\"inLanguage\":\"ar\",\"@id\":\"https:\\\/\\\/vitablanca.ma\\\/produit\\\/vt-cosmetics-reedle-shot-100-50-ml\\\/#primaryimage\",\"url\":\"https:\\\/\\\/vitablanca.ma\\\/wp-content\\\/uploads\\\/2026\\\/03\\\/VTCOSMETICS-ReedleShot100-50ml4.jpg\",\"contentUrl\":\"https:\\\/\\\/vitablanca.ma\\\/wp-content\\\/uploads\\\/2026\\\/03\\\/VTCOSMETICS-ReedleShot100-50ml4.jpg\",\"width\":1080,\"height\":1080},{\"@type\":\"BreadcrumbList\",\"@id\":\"https:\\\/\\\/vitablanca.ma\\\/produit\\\/vt-cosmetics-reedle-shot-100-50-ml\\\/#breadcrumb\",\"itemListElement\":[{\"@type\":\"ListItem\",\"position\":1,\"name\":\"Home\",\"item\":\"https:\\\/\\\/vitablanca.ma\\\/\"},{\"@type\":\"ListItem\",\"position\":2,\"name\":\"Tous Les Produits\",\"item\":\"https:\\\/\\\/vitablanca.ma\\\/tous-les-produits\\\/\"},{\"@type\":\"ListItem\",\"position\":3,\"name\":\"VT COSMETICS &#8211; Reedle Shot 100 &#8211; 50 ml\"}]},{\"@type\":\"WebSite\",\"@id\":\"https:\\\/\\\/vitablanca.ma\\\/#website\",\"url\":\"https:\\\/\\\/vitablanca.ma\\\/\",\"name\":\"VitaBlanca.ma | Compl\u00e9ments alimentaires, sant\u00e9 & beaut\u00e9 au Maroc\",\"description\":\"vendre vitamines et compl\u00e9ments premium des USA &amp; Canada, Nouvelle Z\u00e9lande,Maroc (NOW Foods, Solgar, Manuka). Livraison rapide partout au Maroc.\",\"publisher\":{\"@id\":\"https:\\\/\\\/vitablanca.ma\\\/#organization\"},\"alternateName\":\"VitaBlanca.ma\",\"potentialAction\":[{\"@type\":\"SearchAction\",\"target\":{\"@type\":\"EntryPoint\",\"urlTemplate\":\"https:\\\/\\\/vitablanca.ma\\\/?s={search_term_string}\"},\"query-input\":{\"@type\":\"PropertyValueSpecification\",\"valueRequired\":true,\"valueName\":\"search_term_string\"}}],\"inLanguage\":\"ar\"},{\"@type\":\"Organization\",\"@id\":\"https:\\\/\\\/vitablanca.ma\\\/#organization\",\"name\":\"VitaBlanca\",\"url\":\"https:\\\/\\\/vitablanca.ma\\\/\",\"logo\":{\"@type\":\"ImageObject\",\"inLanguage\":\"ar\",\"@id\":\"https:\\\/\\\/vitablanca.ma\\\/#\\\/schema\\\/logo\\\/image\\\/\",\"url\":\"https:\\\/\\\/vitablanca.ma\\\/wp-content\\\/uploads\\\/2025\\\/05\\\/cropped-vitablanca.png\",\"contentUrl\":\"https:\\\/\\\/vitablanca.ma\\\/wp-content\\\/uploads\\\/2025\\\/05\\\/cropped-vitablanca.png\",\"width\":360,\"height\":67,\"caption\":\"VitaBlanca\"},\"image\":{\"@id\":\"https:\\\/\\\/vitablanca.ma\\\/#\\\/schema\\\/logo\\\/image\\\/\"},\"sameAs\":[\"https:\\\/\\\/www.facebook.com\\\/profile.php?id=61576678196717\",\"https:\\\/\\\/www.tiktok.com\\\/@vitablanca.ma\",\"https:\\\/\\\/www.instagram.com\\\/vitablanca.ma\\\/\"]}]}<\/script>\n<!-- \/ Yoast SEO plugin. -->","yoast_head_json":{"title":"VT COSMETICS - Reedle Shot 100 - 50 ml - Maroc Prix","description":"VT Cosmetics Reedle Shot 100 50ml est un s\u00e9rum innovant \u00e0 micro-spicules Cica qui am\u00e9liore la texture de la peau, resserre les pores et booste l\u2019absorption .","robots":{"index":"index","follow":"follow","max-snippet":"max-snippet:-1","max-image-preview":"max-image-preview:large","max-video-preview":"max-video-preview:-1"},"canonical":"https:\/\/vitablanca.ma\/ar\/product-2\/vt-cosmetics-reedle-shot-100-50-ml\/","og_locale":"ar_AR","og_type":"article","og_title":"VT COSMETICS - Reedle Shot 100 - 50 ml - Maroc Prix","og_description":"VT Cosmetics Reedle Shot 100 50ml est un s\u00e9rum innovant \u00e0 micro-spicules Cica qui am\u00e9liore la texture de la peau, resserre les pores et booste l\u2019absorption .","og_url":"https:\/\/vitablanca.ma\/ar\/product-2\/vt-cosmetics-reedle-shot-100-50-ml\/","og_site_name":"Vitablanca.ma &ndash; Sant&eacute;, vitalit&eacute; et bien-&ecirc;tre pour tous les Marocains","article_publisher":"https:\/\/www.facebook.com\/profile.php?id=61576678196717","article_modified_time":"2026-04-13T14:21:56+00:00","og_image":[{"width":1080,"height":1080,"url":"https:\/\/vitablanca.ma\/wp-content\/uploads\/2026\/03\/VTCOSMETICS-ReedleShot100-50ml4.jpg","type":"image\/jpeg"}],"twitter_card":"summary_large_image","twitter_misc":{"\u0648\u0642\u062a \u0627\u0644\u0642\u0631\u0627\u0621\u0629 \u0627\u0644\u0645\u064f\u0642\u062f\u0651\u0631":"\u062f\u0642\u064a\u0642\u062a\u0627\u0646"},"schema":{"@context":"https:\/\/schema.org","@graph":[{"@type":["WebPage","ItemPage"],"@id":"https:\/\/vitablanca.ma\/produit\/vt-cosmetics-reedle-shot-100-50-ml\/","url":"https:\/\/vitablanca.ma\/produit\/vt-cosmetics-reedle-shot-100-50-ml\/","name":"VT COSMETICS - Reedle Shot 100 - 50 ml - Maroc Prix","isPartOf":{"@id":"https:\/\/vitablanca.ma\/#website"},"primaryImageOfPage":{"@id":"https:\/\/vitablanca.ma\/produit\/vt-cosmetics-reedle-shot-100-50-ml\/#primaryimage"},"image":{"@id":"https:\/\/vitablanca.ma\/produit\/vt-cosmetics-reedle-shot-100-50-ml\/#primaryimage"},"thumbnailUrl":"https:\/\/vitablanca.ma\/wp-content\/uploads\/2026\/03\/VTCOSMETICS-ReedleShot100-50ml4.jpg","datePublished":"2026-03-02T02:44:04+00:00","dateModified":"2026-04-13T14:21:56+00:00","description":"VT Cosmetics Reedle Shot 100 50ml est un s\u00e9rum innovant \u00e0 micro-spicules Cica qui am\u00e9liore la texture de la peau, resserre les pores et booste l\u2019absorption .","breadcrumb":{"@id":"https:\/\/vitablanca.ma\/produit\/vt-cosmetics-reedle-shot-100-50-ml\/#breadcrumb"},"inLanguage":"ar","potentialAction":[{"@type":"ReadAction","target":["https:\/\/vitablanca.ma\/produit\/vt-cosmetics-reedle-shot-100-50-ml\/"]}]},{"@type":"ImageObject","inLanguage":"ar","@id":"https:\/\/vitablanca.ma\/produit\/vt-cosmetics-reedle-shot-100-50-ml\/#primaryimage","url":"https:\/\/vitablanca.ma\/wp-content\/uploads\/2026\/03\/VTCOSMETICS-ReedleShot100-50ml4.jpg","contentUrl":"https:\/\/vitablanca.ma\/wp-content\/uploads\/2026\/03\/VTCOSMETICS-ReedleShot100-50ml4.jpg","width":1080,"height":1080},{"@type":"BreadcrumbList","@id":"https:\/\/vitablanca.ma\/produit\/vt-cosmetics-reedle-shot-100-50-ml\/#breadcrumb","itemListElement":[{"@type":"ListItem","position":1,"name":"Home","item":"https:\/\/vitablanca.ma\/"},{"@type":"ListItem","position":2,"name":"Tous Les Produits","item":"https:\/\/vitablanca.ma\/tous-les-produits\/"},{"@type":"ListItem","position":3,"name":"VT COSMETICS &#8211; Reedle Shot 100 &#8211; 50 ml"}]},{"@type":"WebSite","@id":"https:\/\/vitablanca.ma\/#website","url":"https:\/\/vitablanca.ma\/","name":"VitaBlanca.ma | \u0627\u0644\u0645\u0643\u0645\u0644\u0627\u062a \u0627\u0644\u063a\u0630\u0627\u0626\u064a\u0629\u060c \u0627\u0644\u0635\u062d\u0629 \u0648\u0627\u0644\u062c\u0645\u0627\u0644 \u0641\u064a \u0627\u0644\u0645\u063a\u0631\u0628","description":"\u0646\u0628\u064a\u0639 \u0641\u064a\u062a\u0627\u0645\u064a\u0646\u0627\u062a \u0648\u0645\u0643\u0645\u0644\u0627\u062a \u063a\u0630\u0627\u0626\u064a\u0629 \u0641\u0627\u062e\u0631\u0629 \u0645\u0646 \u0627\u0644\u0648\u0644\u0627\u064a\u0627\u062a \u0627\u0644\u0645\u062a\u062d\u062f\u0629 \u0627\u0644\u0623\u0645\u0631\u064a\u0643\u064a\u0629 \u0648\u0643\u0646\u062f\u0627 \u0648\u0646\u064a\u0648\u0632\u064a\u0644\u0646\u062f\u0627 \u0648\u0627\u0644\u0645\u063a\u0631\u0628 (\u0646\u0627\u0648 \u0641\u0648\u062f\u0632\u060c \u0633\u0648\u0644\u062c\u0627\u0631\u060c \u0645\u0627\u0646\u0648\u0643\u0627). \u062a\u0648\u0635\u064a\u0644 \u0633\u0631\u064a\u0639 \u0625\u0644\u0649 \u062c\u0645\u064a\u0639 \u0623\u0646\u062d\u0627\u0621 \u0627\u0644\u0645\u063a\u0631\u0628.","publisher":{"@id":"https:\/\/vitablanca.ma\/#organization"},"alternateName":"VitaBlanca.ma","potentialAction":[{"@type":"SearchAction","target":{"@type":"EntryPoint","urlTemplate":"https:\/\/vitablanca.ma\/?s={search_term_string}"},"query-input":{"@type":"PropertyValueSpecification","valueRequired":true,"valueName":"search_term_string"}}],"inLanguage":"ar"},{"@type":"Organization","@id":"https:\/\/vitablanca.ma\/#organization","name":"\u0641\u064a\u062a\u0627\u0628\u0644\u0627\u0646\u0643\u0627","url":"https:\/\/vitablanca.ma\/","logo":{"@type":"ImageObject","inLanguage":"ar","@id":"https:\/\/vitablanca.ma\/#\/schema\/logo\/image\/","url":"https:\/\/vitablanca.ma\/wp-content\/uploads\/2025\/05\/cropped-vitablanca.png","contentUrl":"https:\/\/vitablanca.ma\/wp-content\/uploads\/2025\/05\/cropped-vitablanca.png","width":360,"height":67,"caption":"VitaBlanca"},"image":{"@id":"https:\/\/vitablanca.ma\/#\/schema\/logo\/image\/"},"sameAs":["https:\/\/www.facebook.com\/profile.php?id=61576678196717","https:\/\/www.tiktok.com\/@vitablanca.ma","https:\/\/www.instagram.com\/vitablanca.ma\/"]}]}},"jetpack_sharing_enabled":true,"_links":{"self":[{"href":"https:\/\/vitablanca.ma\/ar\/wp-json\/wp\/v2\/product\/30646","targetHints":{"allow":["GET"]}}],"collection":[{"href":"https:\/\/vitablanca.ma\/ar\/wp-json\/wp\/v2\/product"}],"about":[{"href":"https:\/\/vitablanca.ma\/ar\/wp-json\/wp\/v2\/types\/product"}],"wp:featuredmedia":[{"embeddable":true,"href":"https:\/\/vitablanca.ma\/ar\/wp-json\/wp\/v2\/media\/30640"}],"wp:attachment":[{"href":"https:\/\/vitablanca.ma\/ar\/wp-json\/wp\/v2\/media?parent=30646"}],"wp:term":[{"taxonomy":"product_brand","embeddable":true,"href":"https:\/\/vitablanca.ma\/ar\/wp-json\/wp\/v2\/product_brand?post=30646"},{"taxonomy":"product_cat","embeddable":true,"href":"https:\/\/vitablanca.ma\/ar\/wp-json\/wp\/v2\/product_cat?post=30646"},{"taxonomy":"product_tag","embeddable":true,"href":"https:\/\/vitablanca.ma\/ar\/wp-json\/wp\/v2\/product_tag?post=30646"}],"curies":[{"name":"wp","href":"https:\/\/api.w.org\/{rel}","templated":true}]}}