{"id":30639,"date":"2026-03-02T02:39:52","date_gmt":"2026-03-02T02:39:52","guid":{"rendered":"https:\/\/vitablanca.ma\/produit\/im-from-rice-toner-150ml\/"},"modified":"2026-03-08T01:16:06","modified_gmt":"2026-03-08T01:16:06","slug":"im-from-rice-toner-150ml","status":"publish","type":"product","link":"https:\/\/vitablanca.ma\/ar\/product-2\/im-from-rice-toner-150ml\/","title":{"rendered":"I&rsquo;M FROM &#8211; RICE TONER &#8211; 150ml"},"content":{"rendered":"<p>Dites adieu aux impuret\u00e9s avec<strong> I\u2019m From Rice Toner! <\/strong>Ce toner \u00e9limine les autres bact\u00e9ries et salet\u00e9s qui ne se sont pas retir\u00e9es avec le nettoyant sans ass\u00e9cher la peau. Le toner est exempt de parfum et d\u2019huiles essentielles et est donc parfait pour les peaux sensibles !<\/p>\n<p>La formule contient de l\u2019extrait de riz, cet ingr\u00e9dient nourrissant est riche en antioxydants et contient des propri\u00e9t\u00e9s nourrissantes. Le toner au riz et \u00e0 la niacinamide prot\u00e9gera votre peau contre les radicaux libres, ce qui stimulera la croissance de nouvelles cellules cutan\u00e9es, ce qui r\u00e9duira visiblement les rides et ridules !<\/p>\n<p><strong>Ce tonique\u00a0:<\/strong><\/p>\n<ul>\n<li>\u00e9limine l\u2019exc\u00e8s de salet\u00e9<\/li>\n<li>\u0645\u0646\u0627\u0633\u0628 \u0644\u062c\u0645\u064a\u0639 \u0623\u0646\u0648\u0627\u0639 \u0627\u0644\u0628\u0634\u0631\u0629<\/li>\n<li>extr\u00eamement adapt\u00e9 aux peaux sensibles<\/li>\n<li>\u00e9limine les cellules mortes de la peau<\/li>\n<li>donne \u00e0 votre peau un aspect brillant<\/li>\n<li>am\u00e9liore la texture de la peau<\/li>\n<li>prot\u00e8ge la barri\u00e8re cutan\u00e9e<\/li>\n<li>apaise votre peau<\/li>\n<li>contient de la niacinamide et de l\u2019extrait de riz<\/li>\n<li>\u062e\u0627\u0644\u064a \u0645\u0646 \u0627\u0644\u0639\u0637\u0648\u0631<\/li>\n<li>\u062e\u0627\u0644\u064a\u0629 \u0645\u0646 \u0627\u0644\u0642\u0633\u0648\u0629<\/li>\n<li>v\u00e9g\u00e9talien<\/li>\n<\/ul>\n<p><strong>Comment utiliser:<\/strong><\/p>\n<ul>\n<li>Nettoyez votre peau avec un nettoyant.<\/li>\n<li>Prenez une petite quantit\u00e9 sur un coton et tamponnez doucement sur la peau jusqu\u2019\u00e0 ce que le produit soit absorb\u00e9<\/li>\n<\/ul>","protected":false},"excerpt":{"rendered":"<p>Dites adieu aux impuret\u00e9s avec I\u2019m From Rice Toner! Ce toner \u00e9limine les autres bact\u00e9ries et salet\u00e9s qui ne se sont pas retir\u00e9es avec le nettoyant sans ass\u00e9cher la peau. Le toner est exempt de parfum et d\u2019huiles essentielles et est donc parfait pour les peaux sensibles ! La formule contient de l\u2019extrait de riz, [&hellip;]<\/p>\n","protected":false},"featured_media":30632,"template":"","meta":{"om_disable_all_campaigns":false},"product_brand":[],"product_cat":[18,15,1117],"product_tag":[11311,11312,11319,11316,11313,11315,11314,11318,6446,11317],"class_list":{"0":"post-30639","1":"product","2":"type-product","3":"status-publish","4":"has-post-thumbnail","6":"product_cat-beaute-sante","7":"product_cat-beaute-sante-complements-alimentaires-soins-et-bien-etre-au-meilleur-prix","8":"product_cat-korean-skin-care","9":"product_tag-im-from","10":"product_tag-im-from-rice-toner","11":"product_tag-im-from-skincare","12":"product_tag-korean-skincare-toner","13":"product_tag-rice-toner-korean-skincare","14":"product_tag-soin-visage-au-riz","15":"product_tag-toner-eclaircissant","16":"product_tag-toner-hydratant-coreen","17":"product_tag-toner-hydratant-visage","18":"product_tag-toner-peau-seche","20":"first","21":"instock","22":"taxable","23":"shipping-taxable","24":"purchasable","25":"product-type-simple"},"yoast_head":"<!-- This site is optimized with the Yoast SEO plugin v27.4 - https:\/\/yoast.com\/product\/yoast-seo-wordpress\/ -->\n<title>I&#039;M FROM - RICE TONER - 150ml - Maroc Prix<\/title>\n<meta name=\"description\" content=\"I\u2019m From Rice Toner 150ml est une lotion tonique cor\u00e9enne enrichie en extrait de riz qui hydrate intens\u00e9ment, illumine le teint .\" \/>\n<meta name=\"robots\" content=\"index, follow, max-snippet:-1, max-image-preview:large, max-video-preview:-1\" \/>\n<link rel=\"canonical\" href=\"https:\/\/vitablanca.ma\/ar\/product-2\/im-from-rice-toner-150ml\/\" \/>\n<meta property=\"og:locale\" content=\"ar_AR\" \/>\n<meta property=\"og:type\" content=\"article\" \/>\n<meta property=\"og:title\" content=\"I&#039;M FROM - RICE TONER - 150ml - Maroc Prix\" \/>\n<meta property=\"og:description\" content=\"I\u2019m From Rice Toner 150ml est une lotion tonique cor\u00e9enne enrichie en extrait de riz qui hydrate intens\u00e9ment, illumine le teint .\" \/>\n<meta property=\"og:url\" content=\"https:\/\/vitablanca.ma\/ar\/product-2\/im-from-rice-toner-150ml\/\" \/>\n<meta property=\"og:site_name\" content=\"Vitablanca.ma &ndash; Sant&eacute;, vitalit&eacute; et bien-&ecirc;tre pour tous les Marocains\" \/>\n<meta property=\"article:publisher\" content=\"https:\/\/www.facebook.com\/profile.php?id=61576678196717\" \/>\n<meta property=\"article:modified_time\" content=\"2026-03-08T01:16:06+00:00\" \/>\n<meta property=\"og:image\" content=\"https:\/\/vitablanca.ma\/wp-content\/uploads\/2026\/03\/I_M_FROM_-_RICE_TONER_-_150ml_photo.jpg\" \/>\n\t<meta property=\"og:image:width\" content=\"1080\" \/>\n\t<meta property=\"og:image:height\" content=\"1080\" \/>\n\t<meta property=\"og:image:type\" content=\"image\/jpeg\" \/>\n<meta name=\"twitter:card\" content=\"summary_large_image\" \/>\n<meta name=\"twitter:label1\" content=\"\u0648\u0642\u062a \u0627\u0644\u0642\u0631\u0627\u0621\u0629 \u0627\u0644\u0645\u064f\u0642\u062f\u0651\u0631\" \/>\n\t<meta name=\"twitter:data1\" content=\"\u062f\u0642\u064a\u0642\u062a\u0627\u0646\" \/>\n<script type=\"application\/ld+json\" class=\"yoast-schema-graph\">{\"@context\":\"https:\\\/\\\/schema.org\",\"@graph\":[{\"@type\":[\"WebPage\",\"ItemPage\"],\"@id\":\"https:\\\/\\\/vitablanca.ma\\\/produit\\\/im-from-rice-toner-150ml\\\/\",\"url\":\"https:\\\/\\\/vitablanca.ma\\\/produit\\\/im-from-rice-toner-150ml\\\/\",\"name\":\"I'M FROM - RICE TONER - 150ml - Maroc Prix\",\"isPartOf\":{\"@id\":\"https:\\\/\\\/vitablanca.ma\\\/#website\"},\"primaryImageOfPage\":{\"@id\":\"https:\\\/\\\/vitablanca.ma\\\/produit\\\/im-from-rice-toner-150ml\\\/#primaryimage\"},\"image\":{\"@id\":\"https:\\\/\\\/vitablanca.ma\\\/produit\\\/im-from-rice-toner-150ml\\\/#primaryimage\"},\"thumbnailUrl\":\"https:\\\/\\\/vitablanca.ma\\\/wp-content\\\/uploads\\\/2026\\\/03\\\/I_M_FROM_-_RICE_TONER_-_150ml_photo.jpg\",\"datePublished\":\"2026-03-02T02:39:52+00:00\",\"dateModified\":\"2026-03-08T01:16:06+00:00\",\"description\":\"I\u2019m From Rice Toner 150ml est une lotion tonique cor\u00e9enne enrichie en extrait de riz qui hydrate intens\u00e9ment, illumine le teint .\",\"breadcrumb\":{\"@id\":\"https:\\\/\\\/vitablanca.ma\\\/produit\\\/im-from-rice-toner-150ml\\\/#breadcrumb\"},\"inLanguage\":\"ar\",\"potentialAction\":[{\"@type\":\"ReadAction\",\"target\":[\"https:\\\/\\\/vitablanca.ma\\\/produit\\\/im-from-rice-toner-150ml\\\/\"]}]},{\"@type\":\"ImageObject\",\"inLanguage\":\"ar\",\"@id\":\"https:\\\/\\\/vitablanca.ma\\\/produit\\\/im-from-rice-toner-150ml\\\/#primaryimage\",\"url\":\"https:\\\/\\\/vitablanca.ma\\\/wp-content\\\/uploads\\\/2026\\\/03\\\/I_M_FROM_-_RICE_TONER_-_150ml_photo.jpg\",\"contentUrl\":\"https:\\\/\\\/vitablanca.ma\\\/wp-content\\\/uploads\\\/2026\\\/03\\\/I_M_FROM_-_RICE_TONER_-_150ml_photo.jpg\",\"width\":1080,\"height\":1080},{\"@type\":\"BreadcrumbList\",\"@id\":\"https:\\\/\\\/vitablanca.ma\\\/produit\\\/im-from-rice-toner-150ml\\\/#breadcrumb\",\"itemListElement\":[{\"@type\":\"ListItem\",\"position\":1,\"name\":\"Home\",\"item\":\"https:\\\/\\\/vitablanca.ma\\\/\"},{\"@type\":\"ListItem\",\"position\":2,\"name\":\"Tous Les Produits\",\"item\":\"https:\\\/\\\/vitablanca.ma\\\/tous-les-produits\\\/\"},{\"@type\":\"ListItem\",\"position\":3,\"name\":\"I&#8217;M FROM &#8211; RICE TONER &#8211; 150ml\"}]},{\"@type\":\"WebSite\",\"@id\":\"https:\\\/\\\/vitablanca.ma\\\/#website\",\"url\":\"https:\\\/\\\/vitablanca.ma\\\/\",\"name\":\"VitaBlanca.ma | Compl\u00e9ments alimentaires, sant\u00e9 & beaut\u00e9 au Maroc\",\"description\":\"vendre vitamines et compl\u00e9ments premium des USA &amp; Canada, Nouvelle Z\u00e9lande,Maroc (NOW Foods, Solgar, Manuka). Livraison rapide partout au Maroc.\",\"publisher\":{\"@id\":\"https:\\\/\\\/vitablanca.ma\\\/#organization\"},\"alternateName\":\"VitaBlanca.ma\",\"potentialAction\":[{\"@type\":\"SearchAction\",\"target\":{\"@type\":\"EntryPoint\",\"urlTemplate\":\"https:\\\/\\\/vitablanca.ma\\\/?s={search_term_string}\"},\"query-input\":{\"@type\":\"PropertyValueSpecification\",\"valueRequired\":true,\"valueName\":\"search_term_string\"}}],\"inLanguage\":\"ar\"},{\"@type\":\"Organization\",\"@id\":\"https:\\\/\\\/vitablanca.ma\\\/#organization\",\"name\":\"VitaBlanca\",\"url\":\"https:\\\/\\\/vitablanca.ma\\\/\",\"logo\":{\"@type\":\"ImageObject\",\"inLanguage\":\"ar\",\"@id\":\"https:\\\/\\\/vitablanca.ma\\\/#\\\/schema\\\/logo\\\/image\\\/\",\"url\":\"https:\\\/\\\/vitablanca.ma\\\/wp-content\\\/uploads\\\/2025\\\/05\\\/cropped-vitablanca.png\",\"contentUrl\":\"https:\\\/\\\/vitablanca.ma\\\/wp-content\\\/uploads\\\/2025\\\/05\\\/cropped-vitablanca.png\",\"width\":360,\"height\":67,\"caption\":\"VitaBlanca\"},\"image\":{\"@id\":\"https:\\\/\\\/vitablanca.ma\\\/#\\\/schema\\\/logo\\\/image\\\/\"},\"sameAs\":[\"https:\\\/\\\/www.facebook.com\\\/profile.php?id=61576678196717\",\"https:\\\/\\\/www.tiktok.com\\\/@vitablanca.ma\",\"https:\\\/\\\/www.instagram.com\\\/vitablanca.ma\\\/\"]}]}<\/script>\n<!-- \/ Yoast SEO plugin. -->","yoast_head_json":{"title":"I'M FROM - RICE TONER - 150ml - Maroc Prix","description":"I\u2019m From Rice Toner 150ml est une lotion tonique cor\u00e9enne enrichie en extrait de riz qui hydrate intens\u00e9ment, illumine le teint .","robots":{"index":"index","follow":"follow","max-snippet":"max-snippet:-1","max-image-preview":"max-image-preview:large","max-video-preview":"max-video-preview:-1"},"canonical":"https:\/\/vitablanca.ma\/ar\/product-2\/im-from-rice-toner-150ml\/","og_locale":"ar_AR","og_type":"article","og_title":"I'M FROM - RICE TONER - 150ml - Maroc Prix","og_description":"I\u2019m From Rice Toner 150ml est une lotion tonique cor\u00e9enne enrichie en extrait de riz qui hydrate intens\u00e9ment, illumine le teint .","og_url":"https:\/\/vitablanca.ma\/ar\/product-2\/im-from-rice-toner-150ml\/","og_site_name":"Vitablanca.ma &ndash; Sant&eacute;, vitalit&eacute; et bien-&ecirc;tre pour tous les Marocains","article_publisher":"https:\/\/www.facebook.com\/profile.php?id=61576678196717","article_modified_time":"2026-03-08T01:16:06+00:00","og_image":[{"width":1080,"height":1080,"url":"https:\/\/vitablanca.ma\/wp-content\/uploads\/2026\/03\/I_M_FROM_-_RICE_TONER_-_150ml_photo.jpg","type":"image\/jpeg"}],"twitter_card":"summary_large_image","twitter_misc":{"\u0648\u0642\u062a \u0627\u0644\u0642\u0631\u0627\u0621\u0629 \u0627\u0644\u0645\u064f\u0642\u062f\u0651\u0631":"\u062f\u0642\u064a\u0642\u062a\u0627\u0646"},"schema":{"@context":"https:\/\/schema.org","@graph":[{"@type":["WebPage","ItemPage"],"@id":"https:\/\/vitablanca.ma\/produit\/im-from-rice-toner-150ml\/","url":"https:\/\/vitablanca.ma\/produit\/im-from-rice-toner-150ml\/","name":"I'M FROM - RICE TONER - 150ml - Maroc Prix","isPartOf":{"@id":"https:\/\/vitablanca.ma\/#website"},"primaryImageOfPage":{"@id":"https:\/\/vitablanca.ma\/produit\/im-from-rice-toner-150ml\/#primaryimage"},"image":{"@id":"https:\/\/vitablanca.ma\/produit\/im-from-rice-toner-150ml\/#primaryimage"},"thumbnailUrl":"https:\/\/vitablanca.ma\/wp-content\/uploads\/2026\/03\/I_M_FROM_-_RICE_TONER_-_150ml_photo.jpg","datePublished":"2026-03-02T02:39:52+00:00","dateModified":"2026-03-08T01:16:06+00:00","description":"I\u2019m From Rice Toner 150ml est une lotion tonique cor\u00e9enne enrichie en extrait de riz qui hydrate intens\u00e9ment, illumine le teint .","breadcrumb":{"@id":"https:\/\/vitablanca.ma\/produit\/im-from-rice-toner-150ml\/#breadcrumb"},"inLanguage":"ar","potentialAction":[{"@type":"ReadAction","target":["https:\/\/vitablanca.ma\/produit\/im-from-rice-toner-150ml\/"]}]},{"@type":"ImageObject","inLanguage":"ar","@id":"https:\/\/vitablanca.ma\/produit\/im-from-rice-toner-150ml\/#primaryimage","url":"https:\/\/vitablanca.ma\/wp-content\/uploads\/2026\/03\/I_M_FROM_-_RICE_TONER_-_150ml_photo.jpg","contentUrl":"https:\/\/vitablanca.ma\/wp-content\/uploads\/2026\/03\/I_M_FROM_-_RICE_TONER_-_150ml_photo.jpg","width":1080,"height":1080},{"@type":"BreadcrumbList","@id":"https:\/\/vitablanca.ma\/produit\/im-from-rice-toner-150ml\/#breadcrumb","itemListElement":[{"@type":"ListItem","position":1,"name":"Home","item":"https:\/\/vitablanca.ma\/"},{"@type":"ListItem","position":2,"name":"Tous Les Produits","item":"https:\/\/vitablanca.ma\/tous-les-produits\/"},{"@type":"ListItem","position":3,"name":"I&#8217;M FROM &#8211; RICE TONER &#8211; 150ml"}]},{"@type":"WebSite","@id":"https:\/\/vitablanca.ma\/#website","url":"https:\/\/vitablanca.ma\/","name":"VitaBlanca.ma | \u0627\u0644\u0645\u0643\u0645\u0644\u0627\u062a \u0627\u0644\u063a\u0630\u0627\u0626\u064a\u0629\u060c \u0627\u0644\u0635\u062d\u0629 \u0648\u0627\u0644\u062c\u0645\u0627\u0644 \u0641\u064a \u0627\u0644\u0645\u063a\u0631\u0628","description":"\u0646\u0628\u064a\u0639 \u0641\u064a\u062a\u0627\u0645\u064a\u0646\u0627\u062a \u0648\u0645\u0643\u0645\u0644\u0627\u062a \u063a\u0630\u0627\u0626\u064a\u0629 \u0641\u0627\u062e\u0631\u0629 \u0645\u0646 \u0627\u0644\u0648\u0644\u0627\u064a\u0627\u062a \u0627\u0644\u0645\u062a\u062d\u062f\u0629 \u0627\u0644\u0623\u0645\u0631\u064a\u0643\u064a\u0629 \u0648\u0643\u0646\u062f\u0627 \u0648\u0646\u064a\u0648\u0632\u064a\u0644\u0646\u062f\u0627 \u0648\u0627\u0644\u0645\u063a\u0631\u0628 (\u0646\u0627\u0648 \u0641\u0648\u062f\u0632\u060c \u0633\u0648\u0644\u062c\u0627\u0631\u060c \u0645\u0627\u0646\u0648\u0643\u0627). \u062a\u0648\u0635\u064a\u0644 \u0633\u0631\u064a\u0639 \u0625\u0644\u0649 \u062c\u0645\u064a\u0639 \u0623\u0646\u062d\u0627\u0621 \u0627\u0644\u0645\u063a\u0631\u0628.","publisher":{"@id":"https:\/\/vitablanca.ma\/#organization"},"alternateName":"VitaBlanca.ma","potentialAction":[{"@type":"SearchAction","target":{"@type":"EntryPoint","urlTemplate":"https:\/\/vitablanca.ma\/?s={search_term_string}"},"query-input":{"@type":"PropertyValueSpecification","valueRequired":true,"valueName":"search_term_string"}}],"inLanguage":"ar"},{"@type":"Organization","@id":"https:\/\/vitablanca.ma\/#organization","name":"\u0641\u064a\u062a\u0627\u0628\u0644\u0627\u0646\u0643\u0627","url":"https:\/\/vitablanca.ma\/","logo":{"@type":"ImageObject","inLanguage":"ar","@id":"https:\/\/vitablanca.ma\/#\/schema\/logo\/image\/","url":"https:\/\/vitablanca.ma\/wp-content\/uploads\/2025\/05\/cropped-vitablanca.png","contentUrl":"https:\/\/vitablanca.ma\/wp-content\/uploads\/2025\/05\/cropped-vitablanca.png","width":360,"height":67,"caption":"VitaBlanca"},"image":{"@id":"https:\/\/vitablanca.ma\/#\/schema\/logo\/image\/"},"sameAs":["https:\/\/www.facebook.com\/profile.php?id=61576678196717","https:\/\/www.tiktok.com\/@vitablanca.ma","https:\/\/www.instagram.com\/vitablanca.ma\/"]}]}},"jetpack_sharing_enabled":true,"_links":{"self":[{"href":"https:\/\/vitablanca.ma\/ar\/wp-json\/wp\/v2\/product\/30639","targetHints":{"allow":["GET"]}}],"collection":[{"href":"https:\/\/vitablanca.ma\/ar\/wp-json\/wp\/v2\/product"}],"about":[{"href":"https:\/\/vitablanca.ma\/ar\/wp-json\/wp\/v2\/types\/product"}],"wp:featuredmedia":[{"embeddable":true,"href":"https:\/\/vitablanca.ma\/ar\/wp-json\/wp\/v2\/media\/30632"}],"wp:attachment":[{"href":"https:\/\/vitablanca.ma\/ar\/wp-json\/wp\/v2\/media?parent=30639"}],"wp:term":[{"taxonomy":"product_brand","embeddable":true,"href":"https:\/\/vitablanca.ma\/ar\/wp-json\/wp\/v2\/product_brand?post=30639"},{"taxonomy":"product_cat","embeddable":true,"href":"https:\/\/vitablanca.ma\/ar\/wp-json\/wp\/v2\/product_cat?post=30639"},{"taxonomy":"product_tag","embeddable":true,"href":"https:\/\/vitablanca.ma\/ar\/wp-json\/wp\/v2\/product_tag?post=30639"}],"curies":[{"name":"wp","href":"https:\/\/api.w.org\/{rel}","templated":true}]}}