{"id":30631,"date":"2026-03-02T02:33:31","date_gmt":"2026-03-02T02:33:31","guid":{"rendered":"https:\/\/vitablanca.ma\/produit\/medicube-red-acne-body-peeling-shot-110g\/"},"modified":"2026-04-13T14:45:08","modified_gmt":"2026-04-13T14:45:08","slug":"medicube-red-acne-body-peeling-shot-110g","status":"publish","type":"product","link":"https:\/\/vitablanca.ma\/ar\/product-2\/medicube-red-acne-body-peeling-shot-110g\/","title":{"rendered":"MEDICUBE RED ACNE BODY PEELING SHOT 110G"},"content":{"rendered":"<p class=\"whitespace-pre-wrap break-words\">\u0627\u0644\u00a0<strong>Medicube Red Acne Body Peeling Shot<\/strong>\u00a0est un traitement exfoliant corporel de\u00a0<strong>110g<\/strong>\u00a0sp\u00e9cialement formul\u00e9 pour les peaux \u00e0 tendance acn\u00e9ique. Enrichi en\u00a0<strong>acides exfoliants<\/strong>\u00a0\u0648\u0641\u064a\u00a0<strong>actifs purifiants<\/strong>, ce peeling corps aide \u00e0 \u00e9liminer les cellules mortes et \u00e0 traiter les imperfections corporelles. Sa texture gel permet une application pr\u00e9cise sur les zones concern\u00e9es.<\/p>\n<p class=\"whitespace-pre-wrap break-words\"><strong>\u0641\u0648\u0627\u0626\u062f :<\/strong><\/p>\n<ul>&amp;]:mt-2 list-disc space-y-2 pl-8&Prime;&gt;<\/p>\n<li class=\"whitespace-normal break-words\">Exfolie efficacement les zones \u00e0 probl\u00e8mes<\/li>\n<li class=\"whitespace-normal break-words\">Combat les imperfections corporelles<\/li>\n<li class=\"whitespace-normal break-words\">Application cibl\u00e9e gr\u00e2ce \u00e0 sa texture gel<\/li>\n<li class=\"whitespace-normal break-words\">Action purifiante en profondeur<\/li>\n<li class=\"whitespace-normal break-words\">Ne dess\u00e8che pas la peau<\/li>\n<\/ul>\n<p class=\"whitespace-pre-wrap break-words\"><strong>\u0637\u0631\u064a\u0642\u0629 \u0627\u0644\u0627\u0633\u062a\u062e\u062f\u0627\u0645:<\/strong><\/p>\n<ol>&amp;]:mt-2 list-decimal space-y-2 pl-8&Prime;&gt;<\/p>\n<li class=\"whitespace-normal break-words\">Appliquez sur peau propre et s\u00e8che<\/li>\n<li class=\"whitespace-normal break-words\">Ciblez les zones sujettes aux imperfections<\/li>\n<li class=\"whitespace-normal break-words\">Massez d\u00e9licatement en mouvements circulaires<\/li>\n<li class=\"whitespace-normal break-words\">Laissez agir 5-10 minutes<\/li>\n<li class=\"whitespace-normal break-words\">Rincez abondamment \u00e0 l\u2019eau ti\u00e8de<\/li>\n<\/ol>\n<p class=\"whitespace-pre-wrap break-words\"><strong>Ingr\u00e9dients cl\u00e9s :<\/strong><\/p>\n<ul>&amp;]:mt-2 list-disc space-y-2 pl-8&Prime;&gt;<\/p>\n<li class=\"whitespace-normal break-words\"><strong>\u062d\u0645\u0636 \u0627\u0644\u0633\u0627\u0644\u064a\u0633\u064a\u0644\u064a\u0643<\/strong>\u00a0: Exfolie et purifie les pores<\/li>\n<li class=\"whitespace-normal break-words\"><strong>\u062d\u0645\u0636 \u0627\u0644\u062c\u0644\u064a\u0643\u0648\u0644\u064a\u0643<\/strong>\u00a0: Aide au renouvellement cellulaire<\/li>\n<li class=\"whitespace-normal break-words\"><strong>Tea Tree<\/strong>\u00a0: Propri\u00e9t\u00e9s antibact\u00e9riennes<\/li>\n<li class=\"whitespace-normal break-words\"><strong>\u0627\u0644\u0646\u064a\u0627\u0633\u064a\u0646\u0627\u0645\u064a\u062f<\/strong>\u00a0: R\u00e9gule la production de s\u00e9bum<\/li>\n<li class=\"whitespace-normal break-words\"><strong>\u0633\u0646\u062a\u064a\u0644\u0627 \u0627\u0633\u064a\u0627\u062a\u064a\u0643\u0627<\/strong>\u00a0: Apaise et calme la peau<\/li>\n<\/ul>\n<p>&nbsp;<\/p>","protected":false},"excerpt":{"rendered":"<p>Le\u00a0Medicube Red Acne Body Peeling Shot\u00a0est un traitement exfoliant corporel de\u00a0110g\u00a0sp\u00e9cialement formul\u00e9 pour les peaux \u00e0 tendance acn\u00e9ique. Enrichi en\u00a0acides exfoliants\u00a0et en\u00a0actifs purifiants, ce peeling corps aide \u00e0 \u00e9liminer les cellules mortes et \u00e0 traiter les imperfections corporelles. Sa texture gel permet une application pr\u00e9cise sur les zones concern\u00e9es. Avantages : &amp;]:mt-2 list-disc space-y-2 pl-8&Prime;&gt; [&hellip;]<\/p>\n","protected":false},"featured_media":30626,"template":"","meta":{"om_disable_all_campaigns":false},"product_brand":[],"product_cat":[18,15,1117],"product_tag":[],"class_list":{"0":"post-30631","1":"product","2":"type-product","3":"status-publish","4":"has-post-thumbnail","6":"product_cat-beaute-sante","7":"product_cat-beaute-sante-complements-alimentaires-soins-et-bien-etre-au-meilleur-prix","8":"product_cat-korean-skin-care","10":"first","11":"instock","12":"sale","13":"taxable","14":"shipping-taxable","15":"purchasable","16":"product-type-simple"},"yoast_head":"<!-- This site is optimized with the Yoast SEO plugin v27.4 - https:\/\/yoast.com\/product\/yoast-seo-wordpress\/ -->\n<title>MEDICUBE RED ACNE BODY PEELING SHOT 110G - Maroc Prix<\/title>\n<meta name=\"description\" content=\"MEDICUBE RED ACNE BODY PEELING SHOT 110G\" \/>\n<meta name=\"robots\" content=\"index, follow, max-snippet:-1, max-image-preview:large, max-video-preview:-1\" \/>\n<link rel=\"canonical\" href=\"https:\/\/vitablanca.ma\/ar\/product-2\/medicube-red-acne-body-peeling-shot-110g\/\" \/>\n<meta property=\"og:locale\" content=\"ar_AR\" \/>\n<meta property=\"og:type\" content=\"article\" \/>\n<meta property=\"og:title\" content=\"MEDICUBE RED ACNE BODY PEELING SHOT 110G - Maroc Prix\" \/>\n<meta property=\"og:description\" content=\"MEDICUBE RED ACNE BODY PEELING SHOT 110G\" \/>\n<meta property=\"og:url\" content=\"https:\/\/vitablanca.ma\/ar\/product-2\/medicube-red-acne-body-peeling-shot-110g\/\" \/>\n<meta property=\"og:site_name\" content=\"Vitablanca.ma &ndash; Sant&eacute;, vitalit&eacute; et bien-&ecirc;tre pour tous les Marocains\" \/>\n<meta property=\"article:publisher\" content=\"https:\/\/www.facebook.com\/profile.php?id=61576678196717\" \/>\n<meta property=\"article:modified_time\" content=\"2026-04-13T14:45:08+00:00\" \/>\n<meta property=\"og:image\" content=\"https:\/\/vitablanca.ma\/wp-content\/uploads\/2026\/03\/e393cebc664b7c565db487335e9e8344_055ec6f6-08a6-4527-b152-00f168288fcc.webp\" \/>\n\t<meta property=\"og:image:width\" content=\"500\" \/>\n\t<meta property=\"og:image:height\" content=\"500\" \/>\n\t<meta property=\"og:image:type\" content=\"image\/webp\" \/>\n<meta name=\"twitter:card\" content=\"summary_large_image\" \/>\n<meta name=\"twitter:label1\" content=\"\u0648\u0642\u062a \u0627\u0644\u0642\u0631\u0627\u0621\u0629 \u0627\u0644\u0645\u064f\u0642\u062f\u0651\u0631\" \/>\n\t<meta name=\"twitter:data1\" content=\"\u062f\u0642\u064a\u0642\u0629 \u0648\u0627\u062d\u062f\u0629\" \/>\n<script type=\"application\/ld+json\" class=\"yoast-schema-graph\">{\"@context\":\"https:\\\/\\\/schema.org\",\"@graph\":[{\"@type\":[\"WebPage\",\"ItemPage\"],\"@id\":\"https:\\\/\\\/vitablanca.ma\\\/produit\\\/medicube-red-acne-body-peeling-shot-110g\\\/\",\"url\":\"https:\\\/\\\/vitablanca.ma\\\/produit\\\/medicube-red-acne-body-peeling-shot-110g\\\/\",\"name\":\"MEDICUBE RED ACNE BODY PEELING SHOT 110G - Maroc Prix\",\"isPartOf\":{\"@id\":\"https:\\\/\\\/vitablanca.ma\\\/#website\"},\"primaryImageOfPage\":{\"@id\":\"https:\\\/\\\/vitablanca.ma\\\/produit\\\/medicube-red-acne-body-peeling-shot-110g\\\/#primaryimage\"},\"image\":{\"@id\":\"https:\\\/\\\/vitablanca.ma\\\/produit\\\/medicube-red-acne-body-peeling-shot-110g\\\/#primaryimage\"},\"thumbnailUrl\":\"https:\\\/\\\/vitablanca.ma\\\/wp-content\\\/uploads\\\/2026\\\/03\\\/e393cebc664b7c565db487335e9e8344_055ec6f6-08a6-4527-b152-00f168288fcc.webp\",\"datePublished\":\"2026-03-02T02:33:31+00:00\",\"dateModified\":\"2026-04-13T14:45:08+00:00\",\"description\":\"MEDICUBE RED ACNE BODY PEELING SHOT 110G\",\"breadcrumb\":{\"@id\":\"https:\\\/\\\/vitablanca.ma\\\/produit\\\/medicube-red-acne-body-peeling-shot-110g\\\/#breadcrumb\"},\"inLanguage\":\"ar\",\"potentialAction\":[{\"@type\":\"ReadAction\",\"target\":[\"https:\\\/\\\/vitablanca.ma\\\/produit\\\/medicube-red-acne-body-peeling-shot-110g\\\/\"]}]},{\"@type\":\"ImageObject\",\"inLanguage\":\"ar\",\"@id\":\"https:\\\/\\\/vitablanca.ma\\\/produit\\\/medicube-red-acne-body-peeling-shot-110g\\\/#primaryimage\",\"url\":\"https:\\\/\\\/vitablanca.ma\\\/wp-content\\\/uploads\\\/2026\\\/03\\\/e393cebc664b7c565db487335e9e8344_055ec6f6-08a6-4527-b152-00f168288fcc.webp\",\"contentUrl\":\"https:\\\/\\\/vitablanca.ma\\\/wp-content\\\/uploads\\\/2026\\\/03\\\/e393cebc664b7c565db487335e9e8344_055ec6f6-08a6-4527-b152-00f168288fcc.webp\",\"width\":500,\"height\":500},{\"@type\":\"BreadcrumbList\",\"@id\":\"https:\\\/\\\/vitablanca.ma\\\/produit\\\/medicube-red-acne-body-peeling-shot-110g\\\/#breadcrumb\",\"itemListElement\":[{\"@type\":\"ListItem\",\"position\":1,\"name\":\"Home\",\"item\":\"https:\\\/\\\/vitablanca.ma\\\/\"},{\"@type\":\"ListItem\",\"position\":2,\"name\":\"Tous Les Produits\",\"item\":\"https:\\\/\\\/vitablanca.ma\\\/tous-les-produits\\\/\"},{\"@type\":\"ListItem\",\"position\":3,\"name\":\"MEDICUBE RED ACNE BODY PEELING SHOT 110G\"}]},{\"@type\":\"WebSite\",\"@id\":\"https:\\\/\\\/vitablanca.ma\\\/#website\",\"url\":\"https:\\\/\\\/vitablanca.ma\\\/\",\"name\":\"VitaBlanca.ma | Compl\u00e9ments alimentaires, sant\u00e9 & beaut\u00e9 au Maroc\",\"description\":\"vendre vitamines et compl\u00e9ments premium des USA &amp; Canada, Nouvelle Z\u00e9lande,Maroc (NOW Foods, Solgar, Manuka). Livraison rapide partout au Maroc.\",\"publisher\":{\"@id\":\"https:\\\/\\\/vitablanca.ma\\\/#organization\"},\"alternateName\":\"VitaBlanca.ma\",\"potentialAction\":[{\"@type\":\"SearchAction\",\"target\":{\"@type\":\"EntryPoint\",\"urlTemplate\":\"https:\\\/\\\/vitablanca.ma\\\/?s={search_term_string}\"},\"query-input\":{\"@type\":\"PropertyValueSpecification\",\"valueRequired\":true,\"valueName\":\"search_term_string\"}}],\"inLanguage\":\"ar\"},{\"@type\":\"Organization\",\"@id\":\"https:\\\/\\\/vitablanca.ma\\\/#organization\",\"name\":\"VitaBlanca\",\"url\":\"https:\\\/\\\/vitablanca.ma\\\/\",\"logo\":{\"@type\":\"ImageObject\",\"inLanguage\":\"ar\",\"@id\":\"https:\\\/\\\/vitablanca.ma\\\/#\\\/schema\\\/logo\\\/image\\\/\",\"url\":\"https:\\\/\\\/vitablanca.ma\\\/wp-content\\\/uploads\\\/2025\\\/05\\\/cropped-vitablanca.png\",\"contentUrl\":\"https:\\\/\\\/vitablanca.ma\\\/wp-content\\\/uploads\\\/2025\\\/05\\\/cropped-vitablanca.png\",\"width\":360,\"height\":67,\"caption\":\"VitaBlanca\"},\"image\":{\"@id\":\"https:\\\/\\\/vitablanca.ma\\\/#\\\/schema\\\/logo\\\/image\\\/\"},\"sameAs\":[\"https:\\\/\\\/www.facebook.com\\\/profile.php?id=61576678196717\",\"https:\\\/\\\/www.tiktok.com\\\/@vitablanca.ma\",\"https:\\\/\\\/www.instagram.com\\\/vitablanca.ma\\\/\"]}]}<\/script>\n<!-- \/ Yoast SEO plugin. -->","yoast_head_json":{"title":"MEDICUBE RED ACNE BODY PEELING SHOT 110G - Maroc Prix","description":"MEDICUBE RED ACNE BODY PEELING SHOT 110G","robots":{"index":"index","follow":"follow","max-snippet":"max-snippet:-1","max-image-preview":"max-image-preview:large","max-video-preview":"max-video-preview:-1"},"canonical":"https:\/\/vitablanca.ma\/ar\/product-2\/medicube-red-acne-body-peeling-shot-110g\/","og_locale":"ar_AR","og_type":"article","og_title":"MEDICUBE RED ACNE BODY PEELING SHOT 110G - Maroc Prix","og_description":"MEDICUBE RED ACNE BODY PEELING SHOT 110G","og_url":"https:\/\/vitablanca.ma\/ar\/product-2\/medicube-red-acne-body-peeling-shot-110g\/","og_site_name":"Vitablanca.ma &ndash; Sant&eacute;, vitalit&eacute; et bien-&ecirc;tre pour tous les Marocains","article_publisher":"https:\/\/www.facebook.com\/profile.php?id=61576678196717","article_modified_time":"2026-04-13T14:45:08+00:00","og_image":[{"width":500,"height":500,"url":"https:\/\/vitablanca.ma\/wp-content\/uploads\/2026\/03\/e393cebc664b7c565db487335e9e8344_055ec6f6-08a6-4527-b152-00f168288fcc.webp","type":"image\/webp"}],"twitter_card":"summary_large_image","twitter_misc":{"\u0648\u0642\u062a \u0627\u0644\u0642\u0631\u0627\u0621\u0629 \u0627\u0644\u0645\u064f\u0642\u062f\u0651\u0631":"\u062f\u0642\u064a\u0642\u0629 \u0648\u0627\u062d\u062f\u0629"},"schema":{"@context":"https:\/\/schema.org","@graph":[{"@type":["WebPage","ItemPage"],"@id":"https:\/\/vitablanca.ma\/produit\/medicube-red-acne-body-peeling-shot-110g\/","url":"https:\/\/vitablanca.ma\/produit\/medicube-red-acne-body-peeling-shot-110g\/","name":"MEDICUBE RED ACNE BODY PEELING SHOT 110G - Maroc Prix","isPartOf":{"@id":"https:\/\/vitablanca.ma\/#website"},"primaryImageOfPage":{"@id":"https:\/\/vitablanca.ma\/produit\/medicube-red-acne-body-peeling-shot-110g\/#primaryimage"},"image":{"@id":"https:\/\/vitablanca.ma\/produit\/medicube-red-acne-body-peeling-shot-110g\/#primaryimage"},"thumbnailUrl":"https:\/\/vitablanca.ma\/wp-content\/uploads\/2026\/03\/e393cebc664b7c565db487335e9e8344_055ec6f6-08a6-4527-b152-00f168288fcc.webp","datePublished":"2026-03-02T02:33:31+00:00","dateModified":"2026-04-13T14:45:08+00:00","description":"MEDICUBE RED ACNE BODY PEELING SHOT 110G","breadcrumb":{"@id":"https:\/\/vitablanca.ma\/produit\/medicube-red-acne-body-peeling-shot-110g\/#breadcrumb"},"inLanguage":"ar","potentialAction":[{"@type":"ReadAction","target":["https:\/\/vitablanca.ma\/produit\/medicube-red-acne-body-peeling-shot-110g\/"]}]},{"@type":"ImageObject","inLanguage":"ar","@id":"https:\/\/vitablanca.ma\/produit\/medicube-red-acne-body-peeling-shot-110g\/#primaryimage","url":"https:\/\/vitablanca.ma\/wp-content\/uploads\/2026\/03\/e393cebc664b7c565db487335e9e8344_055ec6f6-08a6-4527-b152-00f168288fcc.webp","contentUrl":"https:\/\/vitablanca.ma\/wp-content\/uploads\/2026\/03\/e393cebc664b7c565db487335e9e8344_055ec6f6-08a6-4527-b152-00f168288fcc.webp","width":500,"height":500},{"@type":"BreadcrumbList","@id":"https:\/\/vitablanca.ma\/produit\/medicube-red-acne-body-peeling-shot-110g\/#breadcrumb","itemListElement":[{"@type":"ListItem","position":1,"name":"Home","item":"https:\/\/vitablanca.ma\/"},{"@type":"ListItem","position":2,"name":"Tous Les Produits","item":"https:\/\/vitablanca.ma\/tous-les-produits\/"},{"@type":"ListItem","position":3,"name":"MEDICUBE RED ACNE BODY PEELING SHOT 110G"}]},{"@type":"WebSite","@id":"https:\/\/vitablanca.ma\/#website","url":"https:\/\/vitablanca.ma\/","name":"VitaBlanca.ma | \u0627\u0644\u0645\u0643\u0645\u0644\u0627\u062a \u0627\u0644\u063a\u0630\u0627\u0626\u064a\u0629\u060c \u0627\u0644\u0635\u062d\u0629 \u0648\u0627\u0644\u062c\u0645\u0627\u0644 \u0641\u064a \u0627\u0644\u0645\u063a\u0631\u0628","description":"\u0646\u0628\u064a\u0639 \u0641\u064a\u062a\u0627\u0645\u064a\u0646\u0627\u062a \u0648\u0645\u0643\u0645\u0644\u0627\u062a \u063a\u0630\u0627\u0626\u064a\u0629 \u0641\u0627\u062e\u0631\u0629 \u0645\u0646 \u0627\u0644\u0648\u0644\u0627\u064a\u0627\u062a \u0627\u0644\u0645\u062a\u062d\u062f\u0629 \u0627\u0644\u0623\u0645\u0631\u064a\u0643\u064a\u0629 \u0648\u0643\u0646\u062f\u0627 \u0648\u0646\u064a\u0648\u0632\u064a\u0644\u0646\u062f\u0627 \u0648\u0627\u0644\u0645\u063a\u0631\u0628 (\u0646\u0627\u0648 \u0641\u0648\u062f\u0632\u060c \u0633\u0648\u0644\u062c\u0627\u0631\u060c \u0645\u0627\u0646\u0648\u0643\u0627). \u062a\u0648\u0635\u064a\u0644 \u0633\u0631\u064a\u0639 \u0625\u0644\u0649 \u062c\u0645\u064a\u0639 \u0623\u0646\u062d\u0627\u0621 \u0627\u0644\u0645\u063a\u0631\u0628.","publisher":{"@id":"https:\/\/vitablanca.ma\/#organization"},"alternateName":"VitaBlanca.ma","potentialAction":[{"@type":"SearchAction","target":{"@type":"EntryPoint","urlTemplate":"https:\/\/vitablanca.ma\/?s={search_term_string}"},"query-input":{"@type":"PropertyValueSpecification","valueRequired":true,"valueName":"search_term_string"}}],"inLanguage":"ar"},{"@type":"Organization","@id":"https:\/\/vitablanca.ma\/#organization","name":"\u0641\u064a\u062a\u0627\u0628\u0644\u0627\u0646\u0643\u0627","url":"https:\/\/vitablanca.ma\/","logo":{"@type":"ImageObject","inLanguage":"ar","@id":"https:\/\/vitablanca.ma\/#\/schema\/logo\/image\/","url":"https:\/\/vitablanca.ma\/wp-content\/uploads\/2025\/05\/cropped-vitablanca.png","contentUrl":"https:\/\/vitablanca.ma\/wp-content\/uploads\/2025\/05\/cropped-vitablanca.png","width":360,"height":67,"caption":"VitaBlanca"},"image":{"@id":"https:\/\/vitablanca.ma\/#\/schema\/logo\/image\/"},"sameAs":["https:\/\/www.facebook.com\/profile.php?id=61576678196717","https:\/\/www.tiktok.com\/@vitablanca.ma","https:\/\/www.instagram.com\/vitablanca.ma\/"]}]}},"jetpack_sharing_enabled":true,"_links":{"self":[{"href":"https:\/\/vitablanca.ma\/ar\/wp-json\/wp\/v2\/product\/30631","targetHints":{"allow":["GET"]}}],"collection":[{"href":"https:\/\/vitablanca.ma\/ar\/wp-json\/wp\/v2\/product"}],"about":[{"href":"https:\/\/vitablanca.ma\/ar\/wp-json\/wp\/v2\/types\/product"}],"wp:featuredmedia":[{"embeddable":true,"href":"https:\/\/vitablanca.ma\/ar\/wp-json\/wp\/v2\/media\/30626"}],"wp:attachment":[{"href":"https:\/\/vitablanca.ma\/ar\/wp-json\/wp\/v2\/media?parent=30631"}],"wp:term":[{"taxonomy":"product_brand","embeddable":true,"href":"https:\/\/vitablanca.ma\/ar\/wp-json\/wp\/v2\/product_brand?post=30631"},{"taxonomy":"product_cat","embeddable":true,"href":"https:\/\/vitablanca.ma\/ar\/wp-json\/wp\/v2\/product_cat?post=30631"},{"taxonomy":"product_tag","embeddable":true,"href":"https:\/\/vitablanca.ma\/ar\/wp-json\/wp\/v2\/product_tag?post=30631"}],"curies":[{"name":"wp","href":"https:\/\/api.w.org\/{rel}","templated":true}]}}