{"id":30625,"date":"2026-03-02T02:25:37","date_gmt":"2026-03-02T02:25:37","guid":{"rendered":"https:\/\/vitablanca.ma\/produit\/medicube-kojic-acid-turmeric-niacinamide-serum-30ml\/"},"modified":"2026-03-02T04:05:45","modified_gmt":"2026-03-02T04:05:45","slug":"medicube-kojic-acid-turmeric-niacinamide-serum-30ml","status":"publish","type":"product","link":"https:\/\/vitablanca.ma\/ar\/product-2\/medicube-kojic-acid-turmeric-niacinamide-serum-30ml\/","title":{"rendered":"MEDICUBE Kojic Acid Turmeric Niacinamide Serum 30ml"},"content":{"rendered":"<div class=\"pro_infor_content_style\">\u2013 [Acide kojique et curcuma pour les peaux \u00e0 probl\u00e8mes] L\u2019acide kojique aide \u00e0 estomper l\u2019apparence des taches in\u00e9gales et \u00e0 \u00e9claircir le teint g\u00e9n\u00e9ral, tandis que le curcuma riche en antioxydants apaise les peaux stress\u00e9es, favorisant ainsi un teint plus clair et plus \u00e9quilibr\u00e9.<br \/>\n\u2013 [Ingr\u00e9dients h\u00e9ro\u00efques] Un m\u00e9lange cibl\u00e9 d\u2019acide kojique, de curcuma, de niacinamide et de g\u00e9lules lumineuses aide \u00e0 am\u00e9liorer le teint et la texture in\u00e9gaux de la peau, id\u00e9al pour une utilisation apr\u00e8s un soin des taches.<br \/>\n\u2013 [Capsules semblables \u00e0 des flocons de neige pour l\u2019hydratation et les soins de la barri\u00e8re] Les microcapsules semblables \u00e0 des flocons de neige lib\u00e8rent du squalane et de l\u2019acide thioctique au contact, soutenant la barri\u00e8re d\u2019hydratation de la peau et restaurant un \u00e9clat sain et radieux.<br \/>\n\u2013 [Test\u00e9 par des dermatologues et doux] Test\u00e9 cliniquement et prouv\u00e9 adapt\u00e9 \u00e0 tous les types de peau, y compris les peaux d\u00e9licates. *Test\u00e9 cliniquement par le Global Institute of Dermatological Sciences\/ Les r\u00e9sultats peuvent varier en fonction des types de peau individuels.<\/div>\n<p>&nbsp;<\/p>\n<h5 class=\"pro_infor_title_style\">Mode d\u2019emploi<\/h5>\n<div class=\"pro_infor_content_style\">1. Appliquez 2 \u00e0 3 gouttes uniform\u00e9ment sur le visage nettoy\u00e9.<br \/>\n2. Tapotez doucement jusqu\u2019\u00e0 ce qu\u2019il soit compl\u00e8tement absorb\u00e9.<\/div>\n","protected":false},"excerpt":{"rendered":"<p>\u2013 [Acide kojique et curcuma pour les peaux \u00e0 probl\u00e8mes] L\u2019acide kojique aide \u00e0 estomper l\u2019apparence des taches in\u00e9gales et \u00e0 \u00e9claircir le teint g\u00e9n\u00e9ral, tandis que le curcuma riche en antioxydants apaise les peaux stress\u00e9es, favorisant ainsi un teint plus clair et plus \u00e9quilibr\u00e9. \u2013 [Ingr\u00e9dients h\u00e9ro\u00efques] Un m\u00e9lange cibl\u00e9 d\u2019acide kojique, de curcuma, [&hellip;]<\/p>\n","protected":false},"featured_media":30622,"template":"","meta":{"om_disable_all_campaigns":false},"product_brand":[],"product_cat":[18,15,1117],"product_tag":[],"class_list":{"0":"post-30625","1":"product","2":"type-product","3":"status-publish","4":"has-post-thumbnail","6":"product_cat-beaute-sante","7":"product_cat-beaute-sante-complements-alimentaires-soins-et-bien-etre-au-meilleur-prix","8":"product_cat-korean-skin-care","10":"first","11":"instock","12":"taxable","13":"shipping-taxable","14":"purchasable","15":"product-type-simple"},"yoast_head":"<!-- This site is optimized with the Yoast SEO plugin v27.4 - https:\/\/yoast.com\/product\/yoast-seo-wordpress\/ -->\n<title>MEDICUBE Kojic Acid Turmeric Niacinamide Serum 30ml - Maroc Prix<\/title>\n<meta name=\"description\" content=\"MEDICUBE Kojic Acid Turmeric Niacinamide Serum 30ml\" \/>\n<meta name=\"robots\" content=\"index, follow, max-snippet:-1, max-image-preview:large, max-video-preview:-1\" \/>\n<link rel=\"canonical\" href=\"https:\/\/vitablanca.ma\/ar\/product-2\/medicube-kojic-acid-turmeric-niacinamide-serum-30ml\/\" \/>\n<meta property=\"og:locale\" content=\"ar_AR\" \/>\n<meta property=\"og:type\" content=\"article\" \/>\n<meta property=\"og:title\" content=\"MEDICUBE Kojic Acid Turmeric Niacinamide Serum 30ml - Maroc Prix\" \/>\n<meta property=\"og:description\" content=\"MEDICUBE Kojic Acid Turmeric Niacinamide Serum 30ml\" \/>\n<meta property=\"og:url\" content=\"https:\/\/vitablanca.ma\/ar\/product-2\/medicube-kojic-acid-turmeric-niacinamide-serum-30ml\/\" \/>\n<meta property=\"og:site_name\" content=\"Vitablanca.ma &ndash; Sant&eacute;, vitalit&eacute; et bien-&ecirc;tre pour tous les Marocains\" \/>\n<meta property=\"article:publisher\" content=\"https:\/\/www.facebook.com\/profile.php?id=61576678196717\" \/>\n<meta property=\"article:modified_time\" content=\"2026-03-02T04:05:45+00:00\" \/>\n<meta property=\"og:image\" content=\"https:\/\/vitablanca.ma\/wp-content\/uploads\/2026\/03\/MEDICUBEKojicAcidTurmericNiacinamideSerum30ml-4_2048x.webp\" \/>\n\t<meta property=\"og:image:width\" content=\"1500\" \/>\n\t<meta property=\"og:image:height\" content=\"1500\" \/>\n\t<meta property=\"og:image:type\" content=\"image\/webp\" \/>\n<meta name=\"twitter:card\" content=\"summary_large_image\" \/>\n<meta name=\"twitter:label1\" content=\"\u0648\u0642\u062a \u0627\u0644\u0642\u0631\u0627\u0621\u0629 \u0627\u0644\u0645\u064f\u0642\u062f\u0651\u0631\" \/>\n\t<meta name=\"twitter:data1\" content=\"\u062f\u0642\u064a\u0642\u062a\u0627\u0646\" \/>\n<script type=\"application\/ld+json\" class=\"yoast-schema-graph\">{\"@context\":\"https:\\\/\\\/schema.org\",\"@graph\":[{\"@type\":[\"WebPage\",\"ItemPage\"],\"@id\":\"https:\\\/\\\/vitablanca.ma\\\/produit\\\/medicube-kojic-acid-turmeric-niacinamide-serum-30ml\\\/\",\"url\":\"https:\\\/\\\/vitablanca.ma\\\/produit\\\/medicube-kojic-acid-turmeric-niacinamide-serum-30ml\\\/\",\"name\":\"MEDICUBE Kojic Acid Turmeric Niacinamide Serum 30ml - Maroc Prix\",\"isPartOf\":{\"@id\":\"https:\\\/\\\/vitablanca.ma\\\/#website\"},\"primaryImageOfPage\":{\"@id\":\"https:\\\/\\\/vitablanca.ma\\\/produit\\\/medicube-kojic-acid-turmeric-niacinamide-serum-30ml\\\/#primaryimage\"},\"image\":{\"@id\":\"https:\\\/\\\/vitablanca.ma\\\/produit\\\/medicube-kojic-acid-turmeric-niacinamide-serum-30ml\\\/#primaryimage\"},\"thumbnailUrl\":\"https:\\\/\\\/vitablanca.ma\\\/wp-content\\\/uploads\\\/2026\\\/03\\\/MEDICUBEKojicAcidTurmericNiacinamideSerum30ml-4_2048x.webp\",\"datePublished\":\"2026-03-02T02:25:37+00:00\",\"dateModified\":\"2026-03-02T04:05:45+00:00\",\"description\":\"MEDICUBE Kojic Acid Turmeric Niacinamide Serum 30ml\",\"breadcrumb\":{\"@id\":\"https:\\\/\\\/vitablanca.ma\\\/produit\\\/medicube-kojic-acid-turmeric-niacinamide-serum-30ml\\\/#breadcrumb\"},\"inLanguage\":\"ar\",\"potentialAction\":[{\"@type\":\"ReadAction\",\"target\":[\"https:\\\/\\\/vitablanca.ma\\\/produit\\\/medicube-kojic-acid-turmeric-niacinamide-serum-30ml\\\/\"]}]},{\"@type\":\"ImageObject\",\"inLanguage\":\"ar\",\"@id\":\"https:\\\/\\\/vitablanca.ma\\\/produit\\\/medicube-kojic-acid-turmeric-niacinamide-serum-30ml\\\/#primaryimage\",\"url\":\"https:\\\/\\\/vitablanca.ma\\\/wp-content\\\/uploads\\\/2026\\\/03\\\/MEDICUBEKojicAcidTurmericNiacinamideSerum30ml-4_2048x.webp\",\"contentUrl\":\"https:\\\/\\\/vitablanca.ma\\\/wp-content\\\/uploads\\\/2026\\\/03\\\/MEDICUBEKojicAcidTurmericNiacinamideSerum30ml-4_2048x.webp\",\"width\":1500,\"height\":1500},{\"@type\":\"BreadcrumbList\",\"@id\":\"https:\\\/\\\/vitablanca.ma\\\/produit\\\/medicube-kojic-acid-turmeric-niacinamide-serum-30ml\\\/#breadcrumb\",\"itemListElement\":[{\"@type\":\"ListItem\",\"position\":1,\"name\":\"Home\",\"item\":\"https:\\\/\\\/vitablanca.ma\\\/\"},{\"@type\":\"ListItem\",\"position\":2,\"name\":\"Tous Les Produits\",\"item\":\"https:\\\/\\\/vitablanca.ma\\\/tous-les-produits\\\/\"},{\"@type\":\"ListItem\",\"position\":3,\"name\":\"MEDICUBE Kojic Acid Turmeric Niacinamide Serum 30ml\"}]},{\"@type\":\"WebSite\",\"@id\":\"https:\\\/\\\/vitablanca.ma\\\/#website\",\"url\":\"https:\\\/\\\/vitablanca.ma\\\/\",\"name\":\"VitaBlanca.ma | Compl\u00e9ments alimentaires, sant\u00e9 & beaut\u00e9 au Maroc\",\"description\":\"vendre vitamines et compl\u00e9ments premium des USA &amp; Canada, Nouvelle Z\u00e9lande,Maroc (NOW Foods, Solgar, Manuka). Livraison rapide partout au Maroc.\",\"publisher\":{\"@id\":\"https:\\\/\\\/vitablanca.ma\\\/#organization\"},\"alternateName\":\"VitaBlanca.ma\",\"potentialAction\":[{\"@type\":\"SearchAction\",\"target\":{\"@type\":\"EntryPoint\",\"urlTemplate\":\"https:\\\/\\\/vitablanca.ma\\\/?s={search_term_string}\"},\"query-input\":{\"@type\":\"PropertyValueSpecification\",\"valueRequired\":true,\"valueName\":\"search_term_string\"}}],\"inLanguage\":\"ar\"},{\"@type\":\"Organization\",\"@id\":\"https:\\\/\\\/vitablanca.ma\\\/#organization\",\"name\":\"VitaBlanca\",\"url\":\"https:\\\/\\\/vitablanca.ma\\\/\",\"logo\":{\"@type\":\"ImageObject\",\"inLanguage\":\"ar\",\"@id\":\"https:\\\/\\\/vitablanca.ma\\\/#\\\/schema\\\/logo\\\/image\\\/\",\"url\":\"https:\\\/\\\/vitablanca.ma\\\/wp-content\\\/uploads\\\/2025\\\/05\\\/cropped-vitablanca.png\",\"contentUrl\":\"https:\\\/\\\/vitablanca.ma\\\/wp-content\\\/uploads\\\/2025\\\/05\\\/cropped-vitablanca.png\",\"width\":360,\"height\":67,\"caption\":\"VitaBlanca\"},\"image\":{\"@id\":\"https:\\\/\\\/vitablanca.ma\\\/#\\\/schema\\\/logo\\\/image\\\/\"},\"sameAs\":[\"https:\\\/\\\/www.facebook.com\\\/profile.php?id=61576678196717\",\"https:\\\/\\\/www.tiktok.com\\\/@vitablanca.ma\",\"https:\\\/\\\/www.instagram.com\\\/vitablanca.ma\\\/\"]}]}<\/script>\n<!-- \/ Yoast SEO plugin. -->","yoast_head_json":{"title":"MEDICUBE Kojic Acid Turmeric Niacinamide Serum 30ml - Maroc Prix","description":"MEDICUBE Kojic Acid Turmeric Niacinamide Serum 30ml","robots":{"index":"index","follow":"follow","max-snippet":"max-snippet:-1","max-image-preview":"max-image-preview:large","max-video-preview":"max-video-preview:-1"},"canonical":"https:\/\/vitablanca.ma\/ar\/product-2\/medicube-kojic-acid-turmeric-niacinamide-serum-30ml\/","og_locale":"ar_AR","og_type":"article","og_title":"MEDICUBE Kojic Acid Turmeric Niacinamide Serum 30ml - Maroc Prix","og_description":"MEDICUBE Kojic Acid Turmeric Niacinamide Serum 30ml","og_url":"https:\/\/vitablanca.ma\/ar\/product-2\/medicube-kojic-acid-turmeric-niacinamide-serum-30ml\/","og_site_name":"Vitablanca.ma &ndash; Sant&eacute;, vitalit&eacute; et bien-&ecirc;tre pour tous les Marocains","article_publisher":"https:\/\/www.facebook.com\/profile.php?id=61576678196717","article_modified_time":"2026-03-02T04:05:45+00:00","og_image":[{"width":1500,"height":1500,"url":"https:\/\/vitablanca.ma\/wp-content\/uploads\/2026\/03\/MEDICUBEKojicAcidTurmericNiacinamideSerum30ml-4_2048x.webp","type":"image\/webp"}],"twitter_card":"summary_large_image","twitter_misc":{"\u0648\u0642\u062a \u0627\u0644\u0642\u0631\u0627\u0621\u0629 \u0627\u0644\u0645\u064f\u0642\u062f\u0651\u0631":"\u062f\u0642\u064a\u0642\u062a\u0627\u0646"},"schema":{"@context":"https:\/\/schema.org","@graph":[{"@type":["WebPage","ItemPage"],"@id":"https:\/\/vitablanca.ma\/produit\/medicube-kojic-acid-turmeric-niacinamide-serum-30ml\/","url":"https:\/\/vitablanca.ma\/produit\/medicube-kojic-acid-turmeric-niacinamide-serum-30ml\/","name":"MEDICUBE Kojic Acid Turmeric Niacinamide Serum 30ml - Maroc Prix","isPartOf":{"@id":"https:\/\/vitablanca.ma\/#website"},"primaryImageOfPage":{"@id":"https:\/\/vitablanca.ma\/produit\/medicube-kojic-acid-turmeric-niacinamide-serum-30ml\/#primaryimage"},"image":{"@id":"https:\/\/vitablanca.ma\/produit\/medicube-kojic-acid-turmeric-niacinamide-serum-30ml\/#primaryimage"},"thumbnailUrl":"https:\/\/vitablanca.ma\/wp-content\/uploads\/2026\/03\/MEDICUBEKojicAcidTurmericNiacinamideSerum30ml-4_2048x.webp","datePublished":"2026-03-02T02:25:37+00:00","dateModified":"2026-03-02T04:05:45+00:00","description":"MEDICUBE Kojic Acid Turmeric Niacinamide Serum 30ml","breadcrumb":{"@id":"https:\/\/vitablanca.ma\/produit\/medicube-kojic-acid-turmeric-niacinamide-serum-30ml\/#breadcrumb"},"inLanguage":"ar","potentialAction":[{"@type":"ReadAction","target":["https:\/\/vitablanca.ma\/produit\/medicube-kojic-acid-turmeric-niacinamide-serum-30ml\/"]}]},{"@type":"ImageObject","inLanguage":"ar","@id":"https:\/\/vitablanca.ma\/produit\/medicube-kojic-acid-turmeric-niacinamide-serum-30ml\/#primaryimage","url":"https:\/\/vitablanca.ma\/wp-content\/uploads\/2026\/03\/MEDICUBEKojicAcidTurmericNiacinamideSerum30ml-4_2048x.webp","contentUrl":"https:\/\/vitablanca.ma\/wp-content\/uploads\/2026\/03\/MEDICUBEKojicAcidTurmericNiacinamideSerum30ml-4_2048x.webp","width":1500,"height":1500},{"@type":"BreadcrumbList","@id":"https:\/\/vitablanca.ma\/produit\/medicube-kojic-acid-turmeric-niacinamide-serum-30ml\/#breadcrumb","itemListElement":[{"@type":"ListItem","position":1,"name":"Home","item":"https:\/\/vitablanca.ma\/"},{"@type":"ListItem","position":2,"name":"Tous Les Produits","item":"https:\/\/vitablanca.ma\/tous-les-produits\/"},{"@type":"ListItem","position":3,"name":"MEDICUBE Kojic Acid Turmeric Niacinamide Serum 30ml"}]},{"@type":"WebSite","@id":"https:\/\/vitablanca.ma\/#website","url":"https:\/\/vitablanca.ma\/","name":"VitaBlanca.ma | \u0627\u0644\u0645\u0643\u0645\u0644\u0627\u062a \u0627\u0644\u063a\u0630\u0627\u0626\u064a\u0629\u060c \u0627\u0644\u0635\u062d\u0629 \u0648\u0627\u0644\u062c\u0645\u0627\u0644 \u0641\u064a \u0627\u0644\u0645\u063a\u0631\u0628","description":"\u0646\u0628\u064a\u0639 \u0641\u064a\u062a\u0627\u0645\u064a\u0646\u0627\u062a \u0648\u0645\u0643\u0645\u0644\u0627\u062a \u063a\u0630\u0627\u0626\u064a\u0629 \u0641\u0627\u062e\u0631\u0629 \u0645\u0646 \u0627\u0644\u0648\u0644\u0627\u064a\u0627\u062a \u0627\u0644\u0645\u062a\u062d\u062f\u0629 \u0627\u0644\u0623\u0645\u0631\u064a\u0643\u064a\u0629 \u0648\u0643\u0646\u062f\u0627 \u0648\u0646\u064a\u0648\u0632\u064a\u0644\u0646\u062f\u0627 \u0648\u0627\u0644\u0645\u063a\u0631\u0628 (\u0646\u0627\u0648 \u0641\u0648\u062f\u0632\u060c \u0633\u0648\u0644\u062c\u0627\u0631\u060c \u0645\u0627\u0646\u0648\u0643\u0627). \u062a\u0648\u0635\u064a\u0644 \u0633\u0631\u064a\u0639 \u0625\u0644\u0649 \u062c\u0645\u064a\u0639 \u0623\u0646\u062d\u0627\u0621 \u0627\u0644\u0645\u063a\u0631\u0628.","publisher":{"@id":"https:\/\/vitablanca.ma\/#organization"},"alternateName":"VitaBlanca.ma","potentialAction":[{"@type":"SearchAction","target":{"@type":"EntryPoint","urlTemplate":"https:\/\/vitablanca.ma\/?s={search_term_string}"},"query-input":{"@type":"PropertyValueSpecification","valueRequired":true,"valueName":"search_term_string"}}],"inLanguage":"ar"},{"@type":"Organization","@id":"https:\/\/vitablanca.ma\/#organization","name":"\u0641\u064a\u062a\u0627\u0628\u0644\u0627\u0646\u0643\u0627","url":"https:\/\/vitablanca.ma\/","logo":{"@type":"ImageObject","inLanguage":"ar","@id":"https:\/\/vitablanca.ma\/#\/schema\/logo\/image\/","url":"https:\/\/vitablanca.ma\/wp-content\/uploads\/2025\/05\/cropped-vitablanca.png","contentUrl":"https:\/\/vitablanca.ma\/wp-content\/uploads\/2025\/05\/cropped-vitablanca.png","width":360,"height":67,"caption":"VitaBlanca"},"image":{"@id":"https:\/\/vitablanca.ma\/#\/schema\/logo\/image\/"},"sameAs":["https:\/\/www.facebook.com\/profile.php?id=61576678196717","https:\/\/www.tiktok.com\/@vitablanca.ma","https:\/\/www.instagram.com\/vitablanca.ma\/"]}]}},"jetpack_sharing_enabled":true,"_links":{"self":[{"href":"https:\/\/vitablanca.ma\/ar\/wp-json\/wp\/v2\/product\/30625","targetHints":{"allow":["GET"]}}],"collection":[{"href":"https:\/\/vitablanca.ma\/ar\/wp-json\/wp\/v2\/product"}],"about":[{"href":"https:\/\/vitablanca.ma\/ar\/wp-json\/wp\/v2\/types\/product"}],"wp:featuredmedia":[{"embeddable":true,"href":"https:\/\/vitablanca.ma\/ar\/wp-json\/wp\/v2\/media\/30622"}],"wp:attachment":[{"href":"https:\/\/vitablanca.ma\/ar\/wp-json\/wp\/v2\/media?parent=30625"}],"wp:term":[{"taxonomy":"product_brand","embeddable":true,"href":"https:\/\/vitablanca.ma\/ar\/wp-json\/wp\/v2\/product_brand?post=30625"},{"taxonomy":"product_cat","embeddable":true,"href":"https:\/\/vitablanca.ma\/ar\/wp-json\/wp\/v2\/product_cat?post=30625"},{"taxonomy":"product_tag","embeddable":true,"href":"https:\/\/vitablanca.ma\/ar\/wp-json\/wp\/v2\/product_tag?post=30625"}],"curies":[{"name":"wp","href":"https:\/\/api.w.org\/{rel}","templated":true}]}}