{"id":30567,"date":"2026-02-28T00:58:05","date_gmt":"2026-02-28T00:58:05","guid":{"rendered":"https:\/\/vitablanca.ma\/?post_type=product&#038;p=30567"},"modified":"2026-03-02T04:15:27","modified_gmt":"2026-03-02T04:15:27","slug":"muscletect-six-star-six-star-pro-nutrition-booster-de-testosterone-elite-series-60-comprimes","status":"publish","type":"product","link":"https:\/\/vitablanca.ma\/ar\/product-2\/muscletect-six-star-six-star-pro-nutrition-booster-de-testosterone-elite-series-60-comprimes\/","title":{"rendered":"Muscletect SixStar, Six Star Pro Nutrition, Booster de Testosterone, Elite Series, 60 Comprim\u00e9s"},"content":{"rendered":"<p>Testosterone Booster provient du fabricant MuscleTech, la marque de compl\u00e9ment de musculation la plus vendue en Am\u00e9rique, vous savez donc que c\u2019est une formule puissante en laquelle vous pouvez avoir confiance. Que ce soit la premi\u00e8re fois que vous allez \u00e0 la salle de sport ou que vous soyez un athl\u00e8te chevronn\u00e9, un athl\u00e8te professionnel ou simplement que vous essayez de gagner en masse musculaire dans un domaine particulier, tout le monde est un athl\u00e8te, et chacun doit alimenter son corps avec les meilleurs produits de nutrition sportive disponibles. Formul\u00e9 avec un ingr\u00e9dient cl\u00e9 qui a d\u00e9montr\u00e9 son efficacit\u00e9 dans une \u00e9tude clinique humaine pour amplifier la production naturelle de testost\u00e9rone de votre corps dans la plage normale et incluant un m\u00e9lange d\u2019ingr\u00e9dients certifi\u00e9 pour am\u00e9liorer la performance sportive, le booster de testost\u00e9rone six \u00e9toiles est la formule dont vosu avez besoin pour stimuler la production de testost\u00e9rone et il est con\u00e7u pour tous les athl\u00e8tes masculins<\/p>","protected":false},"excerpt":{"rendered":"<p>Testosterone Booster provient du fabricant MuscleTech, la marque de compl\u00e9ment de musculation la plus vendue en Am\u00e9rique, vous savez donc que c\u2019est une formule puissante en laquelle vous pouvez avoir confiance. Que ce soit la premi\u00e8re fois que vous allez \u00e0 la salle de sport ou que vous soyez un athl\u00e8te chevronn\u00e9, un athl\u00e8te professionnel [&hellip;]<\/p>\n","protected":false},"featured_media":30568,"template":"","meta":{"om_disable_all_campaigns":false},"product_brand":[11011,11020],"product_cat":[18,3366,8092],"product_tag":[2310,11016,11013,11015,11014,11018,11012,6999,11019,11017,11021],"class_list":{"0":"post-30567","1":"product","2":"type-product","3":"status-publish","4":"has-post-thumbnail","6":"product_brand-muscletect","7":"product_brand-six-star","8":"product_cat-beaute-sante","9":"product_cat-complements-alimentaires-au-maroc-vitablanca","10":"product_cat-supplements-2","11":"product_tag-60-comprimes","12":"product_tag-augmenter-testosterone-libre","13":"product_tag-booster-testosterone","14":"product_tag-complement-performance-masculine","15":"product_tag-elite-series","16":"product_tag-muscletech","17":"product_tag-muscletect-six-star","18":"product_tag-nutrition-sportive","19":"product_tag-performance-entrainement","20":"product_tag-rhodiole-bore","21":"product_tag-six-star","23":"first","24":"instock","25":"sale","26":"taxable","27":"shipping-taxable","28":"purchasable","29":"product-type-simple"},"yoast_head":"<!-- This site is optimized with the Yoast SEO plugin v27.5 - https:\/\/yoast.com\/product\/yoast-seo-wordpress\/ -->\n<title>Six Star Muscletect Booster de Testosterone - Maroc Prix<\/title>\n<meta name=\"description\" content=\"D\u00e9couvrez le Booster de Testost\u00e9rone Six Star Pro Nutrition Elite Series 60 comprim\u00e9s, formule con\u00e7ue pour aider \u00e0 augmenter la testost\u00e9rone active.\" \/>\n<meta name=\"robots\" content=\"index, follow, max-snippet:-1, max-image-preview:large, max-video-preview:-1\" \/>\n<link rel=\"canonical\" href=\"https:\/\/vitablanca.ma\/ar\/product-2\/muscletect-six-star-six-star-pro-nutrition-booster-de-testosterone-elite-series-60-comprimes\/\" \/>\n<meta property=\"og:locale\" content=\"ar_AR\" \/>\n<meta property=\"og:type\" content=\"article\" \/>\n<meta property=\"og:title\" content=\"Six Star Muscletect Booster de Testosterone - Maroc Prix\" \/>\n<meta property=\"og:description\" content=\"D\u00e9couvrez le Booster de Testost\u00e9rone Six Star Pro Nutrition Elite Series 60 comprim\u00e9s, formule con\u00e7ue pour aider \u00e0 augmenter la testost\u00e9rone active.\" \/>\n<meta property=\"og:url\" content=\"https:\/\/vitablanca.ma\/ar\/product-2\/muscletect-six-star-six-star-pro-nutrition-booster-de-testosterone-elite-series-60-comprimes\/\" \/>\n<meta property=\"og:site_name\" content=\"Vitablanca.ma &ndash; Sant&eacute;, vitalit&eacute; et bien-&ecirc;tre pour tous les Marocains\" \/>\n<meta property=\"article:publisher\" content=\"https:\/\/www.facebook.com\/profile.php?id=61576678196717\" \/>\n<meta property=\"article:modified_time\" content=\"2026-03-02T04:15:27+00:00\" \/>\n<meta property=\"og:image\" content=\"https:\/\/vitablanca.ma\/wp-content\/uploads\/2026\/02\/WhatsApp-Image-2026-02-28-at-01.32.05.jpeg\" \/>\n\t<meta property=\"og:image:width\" content=\"1170\" \/>\n\t<meta property=\"og:image:height\" content=\"1497\" \/>\n\t<meta property=\"og:image:type\" content=\"image\/jpeg\" \/>\n<meta name=\"twitter:card\" content=\"summary_large_image\" \/>\n<meta name=\"twitter:label1\" content=\"\u0648\u0642\u062a \u0627\u0644\u0642\u0631\u0627\u0621\u0629 \u0627\u0644\u0645\u064f\u0642\u062f\u0651\u0631\" \/>\n\t<meta name=\"twitter:data1\" content=\"\u062f\u0642\u064a\u0642\u062a\u0627\u0646\" \/>\n<script type=\"application\/ld+json\" class=\"yoast-schema-graph\">{\"@context\":\"https:\\\/\\\/schema.org\",\"@graph\":[{\"@type\":[\"WebPage\",\"ItemPage\"],\"@id\":\"https:\\\/\\\/vitablanca.ma\\\/produit\\\/muscletect-six-star-six-star-pro-nutrition-booster-de-testosterone-elite-series-60-comprimes\\\/\",\"url\":\"https:\\\/\\\/vitablanca.ma\\\/produit\\\/muscletect-six-star-six-star-pro-nutrition-booster-de-testosterone-elite-series-60-comprimes\\\/\",\"name\":\"Six Star Muscletect Booster de Testosterone - Maroc Prix\",\"isPartOf\":{\"@id\":\"https:\\\/\\\/vitablanca.ma\\\/#website\"},\"primaryImageOfPage\":{\"@id\":\"https:\\\/\\\/vitablanca.ma\\\/produit\\\/muscletect-six-star-six-star-pro-nutrition-booster-de-testosterone-elite-series-60-comprimes\\\/#primaryimage\"},\"image\":{\"@id\":\"https:\\\/\\\/vitablanca.ma\\\/produit\\\/muscletect-six-star-six-star-pro-nutrition-booster-de-testosterone-elite-series-60-comprimes\\\/#primaryimage\"},\"thumbnailUrl\":\"https:\\\/\\\/vitablanca.ma\\\/wp-content\\\/uploads\\\/2026\\\/02\\\/WhatsApp-Image-2026-02-28-at-01.32.05.jpeg\",\"datePublished\":\"2026-02-28T00:58:05+00:00\",\"dateModified\":\"2026-03-02T04:15:27+00:00\",\"description\":\"D\u00e9couvrez le Booster de Testost\u00e9rone Six Star Pro Nutrition Elite Series 60 comprim\u00e9s, formule con\u00e7ue pour aider \u00e0 augmenter la testost\u00e9rone active.\",\"breadcrumb\":{\"@id\":\"https:\\\/\\\/vitablanca.ma\\\/produit\\\/muscletect-six-star-six-star-pro-nutrition-booster-de-testosterone-elite-series-60-comprimes\\\/#breadcrumb\"},\"inLanguage\":\"ar\",\"potentialAction\":[{\"@type\":\"ReadAction\",\"target\":[\"https:\\\/\\\/vitablanca.ma\\\/produit\\\/muscletect-six-star-six-star-pro-nutrition-booster-de-testosterone-elite-series-60-comprimes\\\/\"]}]},{\"@type\":\"ImageObject\",\"inLanguage\":\"ar\",\"@id\":\"https:\\\/\\\/vitablanca.ma\\\/produit\\\/muscletect-six-star-six-star-pro-nutrition-booster-de-testosterone-elite-series-60-comprimes\\\/#primaryimage\",\"url\":\"https:\\\/\\\/vitablanca.ma\\\/wp-content\\\/uploads\\\/2026\\\/02\\\/WhatsApp-Image-2026-02-28-at-01.32.05.jpeg\",\"contentUrl\":\"https:\\\/\\\/vitablanca.ma\\\/wp-content\\\/uploads\\\/2026\\\/02\\\/WhatsApp-Image-2026-02-28-at-01.32.05.jpeg\",\"width\":1170,\"height\":1497},{\"@type\":\"BreadcrumbList\",\"@id\":\"https:\\\/\\\/vitablanca.ma\\\/produit\\\/muscletect-six-star-six-star-pro-nutrition-booster-de-testosterone-elite-series-60-comprimes\\\/#breadcrumb\",\"itemListElement\":[{\"@type\":\"ListItem\",\"position\":1,\"name\":\"Home\",\"item\":\"https:\\\/\\\/vitablanca.ma\\\/\"},{\"@type\":\"ListItem\",\"position\":2,\"name\":\"Tous Les Produits\",\"item\":\"https:\\\/\\\/vitablanca.ma\\\/tous-les-produits\\\/\"},{\"@type\":\"ListItem\",\"position\":3,\"name\":\"Muscletect SixStar, Six Star Pro Nutrition, Booster de Testosterone, Elite Series, 60 Comprim\u00e9s\"}]},{\"@type\":\"WebSite\",\"@id\":\"https:\\\/\\\/vitablanca.ma\\\/#website\",\"url\":\"https:\\\/\\\/vitablanca.ma\\\/\",\"name\":\"VitaBlanca.ma | Compl\u00e9ments alimentaires, sant\u00e9 & beaut\u00e9 au Maroc\",\"description\":\"vendre vitamines et compl\u00e9ments premium des USA &amp; Canada, Nouvelle Z\u00e9lande,Maroc (NOW Foods, Solgar, Manuka). Livraison rapide partout au Maroc.\",\"publisher\":{\"@id\":\"https:\\\/\\\/vitablanca.ma\\\/#organization\"},\"alternateName\":\"VitaBlanca.ma\",\"potentialAction\":[{\"@type\":\"SearchAction\",\"target\":{\"@type\":\"EntryPoint\",\"urlTemplate\":\"https:\\\/\\\/vitablanca.ma\\\/?s={search_term_string}\"},\"query-input\":{\"@type\":\"PropertyValueSpecification\",\"valueRequired\":true,\"valueName\":\"search_term_string\"}}],\"inLanguage\":\"ar\"},{\"@type\":\"Organization\",\"@id\":\"https:\\\/\\\/vitablanca.ma\\\/#organization\",\"name\":\"VitaBlanca\",\"url\":\"https:\\\/\\\/vitablanca.ma\\\/\",\"logo\":{\"@type\":\"ImageObject\",\"inLanguage\":\"ar\",\"@id\":\"https:\\\/\\\/vitablanca.ma\\\/#\\\/schema\\\/logo\\\/image\\\/\",\"url\":\"https:\\\/\\\/vitablanca.ma\\\/wp-content\\\/uploads\\\/2025\\\/05\\\/cropped-vitablanca.png\",\"contentUrl\":\"https:\\\/\\\/vitablanca.ma\\\/wp-content\\\/uploads\\\/2025\\\/05\\\/cropped-vitablanca.png\",\"width\":360,\"height\":67,\"caption\":\"VitaBlanca\"},\"image\":{\"@id\":\"https:\\\/\\\/vitablanca.ma\\\/#\\\/schema\\\/logo\\\/image\\\/\"},\"sameAs\":[\"https:\\\/\\\/www.facebook.com\\\/profile.php?id=61576678196717\",\"https:\\\/\\\/www.tiktok.com\\\/@vitablanca.ma\",\"https:\\\/\\\/www.instagram.com\\\/vitablanca.ma\\\/\"]}]}<\/script>\n<!-- \/ Yoast SEO plugin. -->","yoast_head_json":{"title":"Six Star Muscletect Booster de Testosterone - Maroc Prix","description":"D\u00e9couvrez le Booster de Testost\u00e9rone Six Star Pro Nutrition Elite Series 60 comprim\u00e9s, formule con\u00e7ue pour aider \u00e0 augmenter la testost\u00e9rone active.","robots":{"index":"index","follow":"follow","max-snippet":"max-snippet:-1","max-image-preview":"max-image-preview:large","max-video-preview":"max-video-preview:-1"},"canonical":"https:\/\/vitablanca.ma\/ar\/product-2\/muscletect-six-star-six-star-pro-nutrition-booster-de-testosterone-elite-series-60-comprimes\/","og_locale":"ar_AR","og_type":"article","og_title":"Six Star Muscletect Booster de Testosterone - Maroc Prix","og_description":"D\u00e9couvrez le Booster de Testost\u00e9rone Six Star Pro Nutrition Elite Series 60 comprim\u00e9s, formule con\u00e7ue pour aider \u00e0 augmenter la testost\u00e9rone active.","og_url":"https:\/\/vitablanca.ma\/ar\/product-2\/muscletect-six-star-six-star-pro-nutrition-booster-de-testosterone-elite-series-60-comprimes\/","og_site_name":"Vitablanca.ma &ndash; Sant&eacute;, vitalit&eacute; et bien-&ecirc;tre pour tous les Marocains","article_publisher":"https:\/\/www.facebook.com\/profile.php?id=61576678196717","article_modified_time":"2026-03-02T04:15:27+00:00","og_image":[{"width":1170,"height":1497,"url":"https:\/\/vitablanca.ma\/wp-content\/uploads\/2026\/02\/WhatsApp-Image-2026-02-28-at-01.32.05.jpeg","type":"image\/jpeg"}],"twitter_card":"summary_large_image","twitter_misc":{"\u0648\u0642\u062a \u0627\u0644\u0642\u0631\u0627\u0621\u0629 \u0627\u0644\u0645\u064f\u0642\u062f\u0651\u0631":"\u062f\u0642\u064a\u0642\u062a\u0627\u0646"},"schema":{"@context":"https:\/\/schema.org","@graph":[{"@type":["WebPage","ItemPage"],"@id":"https:\/\/vitablanca.ma\/produit\/muscletect-six-star-six-star-pro-nutrition-booster-de-testosterone-elite-series-60-comprimes\/","url":"https:\/\/vitablanca.ma\/produit\/muscletect-six-star-six-star-pro-nutrition-booster-de-testosterone-elite-series-60-comprimes\/","name":"Six Star Muscletect Booster de Testosterone - Maroc Prix","isPartOf":{"@id":"https:\/\/vitablanca.ma\/#website"},"primaryImageOfPage":{"@id":"https:\/\/vitablanca.ma\/produit\/muscletect-six-star-six-star-pro-nutrition-booster-de-testosterone-elite-series-60-comprimes\/#primaryimage"},"image":{"@id":"https:\/\/vitablanca.ma\/produit\/muscletect-six-star-six-star-pro-nutrition-booster-de-testosterone-elite-series-60-comprimes\/#primaryimage"},"thumbnailUrl":"https:\/\/vitablanca.ma\/wp-content\/uploads\/2026\/02\/WhatsApp-Image-2026-02-28-at-01.32.05.jpeg","datePublished":"2026-02-28T00:58:05+00:00","dateModified":"2026-03-02T04:15:27+00:00","description":"D\u00e9couvrez le Booster de Testost\u00e9rone Six Star Pro Nutrition Elite Series 60 comprim\u00e9s, formule con\u00e7ue pour aider \u00e0 augmenter la testost\u00e9rone active.","breadcrumb":{"@id":"https:\/\/vitablanca.ma\/produit\/muscletect-six-star-six-star-pro-nutrition-booster-de-testosterone-elite-series-60-comprimes\/#breadcrumb"},"inLanguage":"ar","potentialAction":[{"@type":"ReadAction","target":["https:\/\/vitablanca.ma\/produit\/muscletect-six-star-six-star-pro-nutrition-booster-de-testosterone-elite-series-60-comprimes\/"]}]},{"@type":"ImageObject","inLanguage":"ar","@id":"https:\/\/vitablanca.ma\/produit\/muscletect-six-star-six-star-pro-nutrition-booster-de-testosterone-elite-series-60-comprimes\/#primaryimage","url":"https:\/\/vitablanca.ma\/wp-content\/uploads\/2026\/02\/WhatsApp-Image-2026-02-28-at-01.32.05.jpeg","contentUrl":"https:\/\/vitablanca.ma\/wp-content\/uploads\/2026\/02\/WhatsApp-Image-2026-02-28-at-01.32.05.jpeg","width":1170,"height":1497},{"@type":"BreadcrumbList","@id":"https:\/\/vitablanca.ma\/produit\/muscletect-six-star-six-star-pro-nutrition-booster-de-testosterone-elite-series-60-comprimes\/#breadcrumb","itemListElement":[{"@type":"ListItem","position":1,"name":"Home","item":"https:\/\/vitablanca.ma\/"},{"@type":"ListItem","position":2,"name":"Tous Les Produits","item":"https:\/\/vitablanca.ma\/tous-les-produits\/"},{"@type":"ListItem","position":3,"name":"Muscletect SixStar, Six Star Pro Nutrition, Booster de Testosterone, Elite Series, 60 Comprim\u00e9s"}]},{"@type":"WebSite","@id":"https:\/\/vitablanca.ma\/#website","url":"https:\/\/vitablanca.ma\/","name":"VitaBlanca.ma | \u0627\u0644\u0645\u0643\u0645\u0644\u0627\u062a \u0627\u0644\u063a\u0630\u0627\u0626\u064a\u0629\u060c \u0627\u0644\u0635\u062d\u0629 \u0648\u0627\u0644\u062c\u0645\u0627\u0644 \u0641\u064a \u0627\u0644\u0645\u063a\u0631\u0628","description":"\u0646\u0628\u064a\u0639 \u0641\u064a\u062a\u0627\u0645\u064a\u0646\u0627\u062a \u0648\u0645\u0643\u0645\u0644\u0627\u062a \u063a\u0630\u0627\u0626\u064a\u0629 \u0641\u0627\u062e\u0631\u0629 \u0645\u0646 \u0627\u0644\u0648\u0644\u0627\u064a\u0627\u062a \u0627\u0644\u0645\u062a\u062d\u062f\u0629 \u0627\u0644\u0623\u0645\u0631\u064a\u0643\u064a\u0629 \u0648\u0643\u0646\u062f\u0627 \u0648\u0646\u064a\u0648\u0632\u064a\u0644\u0646\u062f\u0627 \u0648\u0627\u0644\u0645\u063a\u0631\u0628 (\u0646\u0627\u0648 \u0641\u0648\u062f\u0632\u060c \u0633\u0648\u0644\u062c\u0627\u0631\u060c \u0645\u0627\u0646\u0648\u0643\u0627). \u062a\u0648\u0635\u064a\u0644 \u0633\u0631\u064a\u0639 \u0625\u0644\u0649 \u062c\u0645\u064a\u0639 \u0623\u0646\u062d\u0627\u0621 \u0627\u0644\u0645\u063a\u0631\u0628.","publisher":{"@id":"https:\/\/vitablanca.ma\/#organization"},"alternateName":"VitaBlanca.ma","potentialAction":[{"@type":"SearchAction","target":{"@type":"EntryPoint","urlTemplate":"https:\/\/vitablanca.ma\/?s={search_term_string}"},"query-input":{"@type":"PropertyValueSpecification","valueRequired":true,"valueName":"search_term_string"}}],"inLanguage":"ar"},{"@type":"Organization","@id":"https:\/\/vitablanca.ma\/#organization","name":"\u0641\u064a\u062a\u0627\u0628\u0644\u0627\u0646\u0643\u0627","url":"https:\/\/vitablanca.ma\/","logo":{"@type":"ImageObject","inLanguage":"ar","@id":"https:\/\/vitablanca.ma\/#\/schema\/logo\/image\/","url":"https:\/\/vitablanca.ma\/wp-content\/uploads\/2025\/05\/cropped-vitablanca.png","contentUrl":"https:\/\/vitablanca.ma\/wp-content\/uploads\/2025\/05\/cropped-vitablanca.png","width":360,"height":67,"caption":"VitaBlanca"},"image":{"@id":"https:\/\/vitablanca.ma\/#\/schema\/logo\/image\/"},"sameAs":["https:\/\/www.facebook.com\/profile.php?id=61576678196717","https:\/\/www.tiktok.com\/@vitablanca.ma","https:\/\/www.instagram.com\/vitablanca.ma\/"]}]}},"jetpack_sharing_enabled":true,"_links":{"self":[{"href":"https:\/\/vitablanca.ma\/ar\/wp-json\/wp\/v2\/product\/30567","targetHints":{"allow":["GET"]}}],"collection":[{"href":"https:\/\/vitablanca.ma\/ar\/wp-json\/wp\/v2\/product"}],"about":[{"href":"https:\/\/vitablanca.ma\/ar\/wp-json\/wp\/v2\/types\/product"}],"wp:featuredmedia":[{"embeddable":true,"href":"https:\/\/vitablanca.ma\/ar\/wp-json\/wp\/v2\/media\/30568"}],"wp:attachment":[{"href":"https:\/\/vitablanca.ma\/ar\/wp-json\/wp\/v2\/media?parent=30567"}],"wp:term":[{"taxonomy":"product_brand","embeddable":true,"href":"https:\/\/vitablanca.ma\/ar\/wp-json\/wp\/v2\/product_brand?post=30567"},{"taxonomy":"product_cat","embeddable":true,"href":"https:\/\/vitablanca.ma\/ar\/wp-json\/wp\/v2\/product_cat?post=30567"},{"taxonomy":"product_tag","embeddable":true,"href":"https:\/\/vitablanca.ma\/ar\/wp-json\/wp\/v2\/product_tag?post=30567"}],"curies":[{"name":"wp","href":"https:\/\/api.w.org\/{rel}","templated":true}]}}