{"id":30564,"date":"2026-02-28T00:23:55","date_gmt":"2026-02-28T00:23:55","guid":{"rendered":"https:\/\/vitablanca.ma\/?post_type=product&#038;p=30564"},"modified":"2026-03-02T04:15:28","modified_gmt":"2026-03-02T04:15:28","slug":"natures-way-natures-way-niacine-100-mg-100-gelules","status":"publish","type":"product","link":"https:\/\/vitablanca.ma\/ar\/product-2\/natures-way-natures-way-niacine-100-mg-100-gelules\/","title":{"rendered":"Nature&rsquo;S Way Nature&rsquo;s Way, niacine, 100 mg, 100 g\u00e9lules"},"content":{"rendered":"<p>La sant\u00e9 par le pouvoir de la nature, voil\u00e0 ce que signifie confiance en la feuille.<\/p>\n<p>La niacine (vitamine B3)\u00a0favorise la sant\u00e9 cardiovasculaire.\u00a0Il est \u00e9galement n\u00e9cessaire au m\u00e9tabolisme normal des graisses et \u00e0 la lib\u00e9ration d&rsquo;\u00e9nergie des glucides.\u00a0Notre niacine est soigneusement test\u00e9e et produite selon des normes de qualit\u00e9 sup\u00e9rieure.<\/p>","protected":false},"excerpt":{"rendered":"<p>La sant\u00e9 par le pouvoir de la nature, voil\u00e0 ce que signifie confiance en la feuille. La niacine (vitamine B3)\u00a0favorise la sant\u00e9 cardiovasculaire.\u00a0Il est \u00e9galement n\u00e9cessaire au m\u00e9tabolisme normal des graisses et \u00e0 la lib\u00e9ration d&rsquo;\u00e9nergie des glucides.\u00a0Notre niacine est soigneusement test\u00e9e et produite selon des normes de qualit\u00e9 sup\u00e9rieure.<\/p>","protected":false},"featured_media":30565,"template":"","meta":{"om_disable_all_campaigns":false},"product_brand":[2144],"product_cat":[18,3366,130],"product_tag":[11008,11006,11010,11007,1717,11004,11005,834,11009,9030,1719],"class_list":{"0":"post-30564","1":"product","2":"type-product","3":"status-publish","4":"has-post-thumbnail","6":"product_brand-natures-way","7":"product_cat-beaute-sante","8":"product_cat-complements-alimentaires-au-maroc-vitablanca","9":"product_cat-vitamines","10":"product_tag-b3-niacin-supplement","11":"product_tag-complement-alimentaire-vitamine-b3","12":"product_tag-gelules-100-capsules","13":"product_tag-gelules-natures-way","14":"product_tag-metabolisme-energetique","15":"product_tag-natures-way-niacine","16":"product_tag-niacine-100-mg","17":"product_tag-sante-cardiovasculaire","18":"product_tag-support-energie","19":"product_tag-vitamine-b","20":"product_tag-vitamine-b3","22":"first","23":"instock","24":"taxable","25":"shipping-taxable","26":"purchasable","27":"product-type-simple"},"yoast_head":"<!-- This site is optimized with the Yoast SEO plugin v27.4 - https:\/\/yoast.com\/product\/yoast-seo-wordpress\/ -->\n<title>Nature&#039;S Way niacine, 100 mg, 100 g\u00e9lules - Maroc Prix<\/title>\n<meta name=\"description\" content=\"Nature&#039;s Way Niacine 100 mg, 100 g\u00e9lules \u2013 vitamine B3 essentielle pour m\u00e9tabolisme \u00e9nerg\u00e9tique, sant\u00e9 cardiovasculaire et bien-\u00eatre quotidien.\" \/>\n<meta name=\"robots\" content=\"index, follow, max-snippet:-1, max-image-preview:large, max-video-preview:-1\" \/>\n<link rel=\"canonical\" href=\"https:\/\/vitablanca.ma\/ar\/product-2\/natures-way-natures-way-niacine-100-mg-100-gelules\/\" \/>\n<meta property=\"og:locale\" content=\"ar_AR\" \/>\n<meta property=\"og:type\" content=\"article\" \/>\n<meta property=\"og:title\" content=\"Nature&#039;S Way niacine, 100 mg, 100 g\u00e9lules - Maroc Prix\" \/>\n<meta property=\"og:description\" content=\"Nature&#039;s Way Niacine 100 mg, 100 g\u00e9lules \u2013 vitamine B3 essentielle pour m\u00e9tabolisme \u00e9nerg\u00e9tique, sant\u00e9 cardiovasculaire et bien-\u00eatre quotidien.\" \/>\n<meta property=\"og:url\" content=\"https:\/\/vitablanca.ma\/ar\/product-2\/natures-way-natures-way-niacine-100-mg-100-gelules\/\" \/>\n<meta property=\"og:site_name\" content=\"Vitablanca.ma &ndash; Sant&eacute;, vitalit&eacute; et bien-&ecirc;tre pour tous les Marocains\" \/>\n<meta property=\"article:publisher\" content=\"https:\/\/www.facebook.com\/profile.php?id=61576678196717\" \/>\n<meta property=\"article:modified_time\" content=\"2026-03-02T04:15:28+00:00\" \/>\n<meta property=\"og:image\" content=\"https:\/\/vitablanca.ma\/wp-content\/uploads\/2026\/02\/natures-way-niacine-100-mg-100-gelules-.jpg\" \/>\n\t<meta property=\"og:image:width\" content=\"680\" \/>\n\t<meta property=\"og:image:height\" content=\"680\" \/>\n\t<meta property=\"og:image:type\" content=\"image\/jpeg\" \/>\n<meta name=\"twitter:card\" content=\"summary_large_image\" \/>\n<meta name=\"twitter:label1\" content=\"\u0648\u0642\u062a \u0627\u0644\u0642\u0631\u0627\u0621\u0629 \u0627\u0644\u0645\u064f\u0642\u062f\u0651\u0631\" \/>\n\t<meta name=\"twitter:data1\" content=\"\u062f\u0642\u064a\u0642\u0629 \u0648\u0627\u062d\u062f\u0629\" \/>\n<script type=\"application\/ld+json\" class=\"yoast-schema-graph\">{\"@context\":\"https:\\\/\\\/schema.org\",\"@graph\":[{\"@type\":[\"WebPage\",\"ItemPage\"],\"@id\":\"https:\\\/\\\/vitablanca.ma\\\/produit\\\/natures-way-natures-way-niacine-100-mg-100-gelules\\\/\",\"url\":\"https:\\\/\\\/vitablanca.ma\\\/produit\\\/natures-way-natures-way-niacine-100-mg-100-gelules\\\/\",\"name\":\"Nature'S Way niacine, 100 mg, 100 g\u00e9lules - Maroc Prix\",\"isPartOf\":{\"@id\":\"https:\\\/\\\/vitablanca.ma\\\/#website\"},\"primaryImageOfPage\":{\"@id\":\"https:\\\/\\\/vitablanca.ma\\\/produit\\\/natures-way-natures-way-niacine-100-mg-100-gelules\\\/#primaryimage\"},\"image\":{\"@id\":\"https:\\\/\\\/vitablanca.ma\\\/produit\\\/natures-way-natures-way-niacine-100-mg-100-gelules\\\/#primaryimage\"},\"thumbnailUrl\":\"https:\\\/\\\/vitablanca.ma\\\/wp-content\\\/uploads\\\/2026\\\/02\\\/natures-way-niacine-100-mg-100-gelules-.jpg\",\"datePublished\":\"2026-02-28T00:23:55+00:00\",\"dateModified\":\"2026-03-02T04:15:28+00:00\",\"description\":\"Nature's Way Niacine 100 mg, 100 g\u00e9lules \u2013 vitamine B3 essentielle pour m\u00e9tabolisme \u00e9nerg\u00e9tique, sant\u00e9 cardiovasculaire et bien-\u00eatre quotidien.\",\"breadcrumb\":{\"@id\":\"https:\\\/\\\/vitablanca.ma\\\/produit\\\/natures-way-natures-way-niacine-100-mg-100-gelules\\\/#breadcrumb\"},\"inLanguage\":\"ar\",\"potentialAction\":[{\"@type\":\"ReadAction\",\"target\":[\"https:\\\/\\\/vitablanca.ma\\\/produit\\\/natures-way-natures-way-niacine-100-mg-100-gelules\\\/\"]}]},{\"@type\":\"ImageObject\",\"inLanguage\":\"ar\",\"@id\":\"https:\\\/\\\/vitablanca.ma\\\/produit\\\/natures-way-natures-way-niacine-100-mg-100-gelules\\\/#primaryimage\",\"url\":\"https:\\\/\\\/vitablanca.ma\\\/wp-content\\\/uploads\\\/2026\\\/02\\\/natures-way-niacine-100-mg-100-gelules-.jpg\",\"contentUrl\":\"https:\\\/\\\/vitablanca.ma\\\/wp-content\\\/uploads\\\/2026\\\/02\\\/natures-way-niacine-100-mg-100-gelules-.jpg\",\"width\":680,\"height\":680},{\"@type\":\"BreadcrumbList\",\"@id\":\"https:\\\/\\\/vitablanca.ma\\\/produit\\\/natures-way-natures-way-niacine-100-mg-100-gelules\\\/#breadcrumb\",\"itemListElement\":[{\"@type\":\"ListItem\",\"position\":1,\"name\":\"Home\",\"item\":\"https:\\\/\\\/vitablanca.ma\\\/\"},{\"@type\":\"ListItem\",\"position\":2,\"name\":\"Tous Les Produits\",\"item\":\"https:\\\/\\\/vitablanca.ma\\\/tous-les-produits\\\/\"},{\"@type\":\"ListItem\",\"position\":3,\"name\":\"Nature&#8217;S Way Nature&#8217;s Way, niacine, 100 mg, 100 g\u00e9lules\"}]},{\"@type\":\"WebSite\",\"@id\":\"https:\\\/\\\/vitablanca.ma\\\/#website\",\"url\":\"https:\\\/\\\/vitablanca.ma\\\/\",\"name\":\"VitaBlanca.ma | Compl\u00e9ments alimentaires, sant\u00e9 & beaut\u00e9 au Maroc\",\"description\":\"vendre vitamines et compl\u00e9ments premium des USA &amp; Canada, Nouvelle Z\u00e9lande,Maroc (NOW Foods, Solgar, Manuka). Livraison rapide partout au Maroc.\",\"publisher\":{\"@id\":\"https:\\\/\\\/vitablanca.ma\\\/#organization\"},\"alternateName\":\"VitaBlanca.ma\",\"potentialAction\":[{\"@type\":\"SearchAction\",\"target\":{\"@type\":\"EntryPoint\",\"urlTemplate\":\"https:\\\/\\\/vitablanca.ma\\\/?s={search_term_string}\"},\"query-input\":{\"@type\":\"PropertyValueSpecification\",\"valueRequired\":true,\"valueName\":\"search_term_string\"}}],\"inLanguage\":\"ar\"},{\"@type\":\"Organization\",\"@id\":\"https:\\\/\\\/vitablanca.ma\\\/#organization\",\"name\":\"VitaBlanca\",\"url\":\"https:\\\/\\\/vitablanca.ma\\\/\",\"logo\":{\"@type\":\"ImageObject\",\"inLanguage\":\"ar\",\"@id\":\"https:\\\/\\\/vitablanca.ma\\\/#\\\/schema\\\/logo\\\/image\\\/\",\"url\":\"https:\\\/\\\/vitablanca.ma\\\/wp-content\\\/uploads\\\/2025\\\/05\\\/cropped-vitablanca.png\",\"contentUrl\":\"https:\\\/\\\/vitablanca.ma\\\/wp-content\\\/uploads\\\/2025\\\/05\\\/cropped-vitablanca.png\",\"width\":360,\"height\":67,\"caption\":\"VitaBlanca\"},\"image\":{\"@id\":\"https:\\\/\\\/vitablanca.ma\\\/#\\\/schema\\\/logo\\\/image\\\/\"},\"sameAs\":[\"https:\\\/\\\/www.facebook.com\\\/profile.php?id=61576678196717\",\"https:\\\/\\\/www.tiktok.com\\\/@vitablanca.ma\",\"https:\\\/\\\/www.instagram.com\\\/vitablanca.ma\\\/\"]}]}<\/script>\n<!-- \/ Yoast SEO plugin. -->","yoast_head_json":{"title":"Nature'S Way niacine, 100 mg, 100 g\u00e9lules - Maroc Prix","description":"Nature's Way Niacine 100 mg, 100 g\u00e9lules \u2013 vitamine B3 essentielle pour m\u00e9tabolisme \u00e9nerg\u00e9tique, sant\u00e9 cardiovasculaire et bien-\u00eatre quotidien.","robots":{"index":"index","follow":"follow","max-snippet":"max-snippet:-1","max-image-preview":"max-image-preview:large","max-video-preview":"max-video-preview:-1"},"canonical":"https:\/\/vitablanca.ma\/ar\/product-2\/natures-way-natures-way-niacine-100-mg-100-gelules\/","og_locale":"ar_AR","og_type":"article","og_title":"Nature'S Way niacine, 100 mg, 100 g\u00e9lules - Maroc Prix","og_description":"Nature's Way Niacine 100 mg, 100 g\u00e9lules \u2013 vitamine B3 essentielle pour m\u00e9tabolisme \u00e9nerg\u00e9tique, sant\u00e9 cardiovasculaire et bien-\u00eatre quotidien.","og_url":"https:\/\/vitablanca.ma\/ar\/product-2\/natures-way-natures-way-niacine-100-mg-100-gelules\/","og_site_name":"Vitablanca.ma &ndash; Sant&eacute;, vitalit&eacute; et bien-&ecirc;tre pour tous les Marocains","article_publisher":"https:\/\/www.facebook.com\/profile.php?id=61576678196717","article_modified_time":"2026-03-02T04:15:28+00:00","og_image":[{"width":680,"height":680,"url":"https:\/\/vitablanca.ma\/wp-content\/uploads\/2026\/02\/natures-way-niacine-100-mg-100-gelules-.jpg","type":"image\/jpeg"}],"twitter_card":"summary_large_image","twitter_misc":{"\u0648\u0642\u062a \u0627\u0644\u0642\u0631\u0627\u0621\u0629 \u0627\u0644\u0645\u064f\u0642\u062f\u0651\u0631":"\u062f\u0642\u064a\u0642\u0629 \u0648\u0627\u062d\u062f\u0629"},"schema":{"@context":"https:\/\/schema.org","@graph":[{"@type":["WebPage","ItemPage"],"@id":"https:\/\/vitablanca.ma\/produit\/natures-way-natures-way-niacine-100-mg-100-gelules\/","url":"https:\/\/vitablanca.ma\/produit\/natures-way-natures-way-niacine-100-mg-100-gelules\/","name":"Nature'S Way niacine, 100 mg, 100 g\u00e9lules - Maroc Prix","isPartOf":{"@id":"https:\/\/vitablanca.ma\/#website"},"primaryImageOfPage":{"@id":"https:\/\/vitablanca.ma\/produit\/natures-way-natures-way-niacine-100-mg-100-gelules\/#primaryimage"},"image":{"@id":"https:\/\/vitablanca.ma\/produit\/natures-way-natures-way-niacine-100-mg-100-gelules\/#primaryimage"},"thumbnailUrl":"https:\/\/vitablanca.ma\/wp-content\/uploads\/2026\/02\/natures-way-niacine-100-mg-100-gelules-.jpg","datePublished":"2026-02-28T00:23:55+00:00","dateModified":"2026-03-02T04:15:28+00:00","description":"Nature's Way Niacine 100 mg, 100 g\u00e9lules \u2013 vitamine B3 essentielle pour m\u00e9tabolisme \u00e9nerg\u00e9tique, sant\u00e9 cardiovasculaire et bien-\u00eatre quotidien.","breadcrumb":{"@id":"https:\/\/vitablanca.ma\/produit\/natures-way-natures-way-niacine-100-mg-100-gelules\/#breadcrumb"},"inLanguage":"ar","potentialAction":[{"@type":"ReadAction","target":["https:\/\/vitablanca.ma\/produit\/natures-way-natures-way-niacine-100-mg-100-gelules\/"]}]},{"@type":"ImageObject","inLanguage":"ar","@id":"https:\/\/vitablanca.ma\/produit\/natures-way-natures-way-niacine-100-mg-100-gelules\/#primaryimage","url":"https:\/\/vitablanca.ma\/wp-content\/uploads\/2026\/02\/natures-way-niacine-100-mg-100-gelules-.jpg","contentUrl":"https:\/\/vitablanca.ma\/wp-content\/uploads\/2026\/02\/natures-way-niacine-100-mg-100-gelules-.jpg","width":680,"height":680},{"@type":"BreadcrumbList","@id":"https:\/\/vitablanca.ma\/produit\/natures-way-natures-way-niacine-100-mg-100-gelules\/#breadcrumb","itemListElement":[{"@type":"ListItem","position":1,"name":"Home","item":"https:\/\/vitablanca.ma\/"},{"@type":"ListItem","position":2,"name":"Tous Les Produits","item":"https:\/\/vitablanca.ma\/tous-les-produits\/"},{"@type":"ListItem","position":3,"name":"Nature&#8217;S Way Nature&#8217;s Way, niacine, 100 mg, 100 g\u00e9lules"}]},{"@type":"WebSite","@id":"https:\/\/vitablanca.ma\/#website","url":"https:\/\/vitablanca.ma\/","name":"VitaBlanca.ma | \u0627\u0644\u0645\u0643\u0645\u0644\u0627\u062a \u0627\u0644\u063a\u0630\u0627\u0626\u064a\u0629\u060c \u0627\u0644\u0635\u062d\u0629 \u0648\u0627\u0644\u062c\u0645\u0627\u0644 \u0641\u064a \u0627\u0644\u0645\u063a\u0631\u0628","description":"\u0646\u0628\u064a\u0639 \u0641\u064a\u062a\u0627\u0645\u064a\u0646\u0627\u062a \u0648\u0645\u0643\u0645\u0644\u0627\u062a \u063a\u0630\u0627\u0626\u064a\u0629 \u0641\u0627\u062e\u0631\u0629 \u0645\u0646 \u0627\u0644\u0648\u0644\u0627\u064a\u0627\u062a \u0627\u0644\u0645\u062a\u062d\u062f\u0629 \u0627\u0644\u0623\u0645\u0631\u064a\u0643\u064a\u0629 \u0648\u0643\u0646\u062f\u0627 \u0648\u0646\u064a\u0648\u0632\u064a\u0644\u0646\u062f\u0627 \u0648\u0627\u0644\u0645\u063a\u0631\u0628 (\u0646\u0627\u0648 \u0641\u0648\u062f\u0632\u060c \u0633\u0648\u0644\u062c\u0627\u0631\u060c \u0645\u0627\u0646\u0648\u0643\u0627). \u062a\u0648\u0635\u064a\u0644 \u0633\u0631\u064a\u0639 \u0625\u0644\u0649 \u062c\u0645\u064a\u0639 \u0623\u0646\u062d\u0627\u0621 \u0627\u0644\u0645\u063a\u0631\u0628.","publisher":{"@id":"https:\/\/vitablanca.ma\/#organization"},"alternateName":"VitaBlanca.ma","potentialAction":[{"@type":"SearchAction","target":{"@type":"EntryPoint","urlTemplate":"https:\/\/vitablanca.ma\/?s={search_term_string}"},"query-input":{"@type":"PropertyValueSpecification","valueRequired":true,"valueName":"search_term_string"}}],"inLanguage":"ar"},{"@type":"Organization","@id":"https:\/\/vitablanca.ma\/#organization","name":"\u0641\u064a\u062a\u0627\u0628\u0644\u0627\u0646\u0643\u0627","url":"https:\/\/vitablanca.ma\/","logo":{"@type":"ImageObject","inLanguage":"ar","@id":"https:\/\/vitablanca.ma\/#\/schema\/logo\/image\/","url":"https:\/\/vitablanca.ma\/wp-content\/uploads\/2025\/05\/cropped-vitablanca.png","contentUrl":"https:\/\/vitablanca.ma\/wp-content\/uploads\/2025\/05\/cropped-vitablanca.png","width":360,"height":67,"caption":"VitaBlanca"},"image":{"@id":"https:\/\/vitablanca.ma\/#\/schema\/logo\/image\/"},"sameAs":["https:\/\/www.facebook.com\/profile.php?id=61576678196717","https:\/\/www.tiktok.com\/@vitablanca.ma","https:\/\/www.instagram.com\/vitablanca.ma\/"]}]}},"jetpack_sharing_enabled":true,"_links":{"self":[{"href":"https:\/\/vitablanca.ma\/ar\/wp-json\/wp\/v2\/product\/30564","targetHints":{"allow":["GET"]}}],"collection":[{"href":"https:\/\/vitablanca.ma\/ar\/wp-json\/wp\/v2\/product"}],"about":[{"href":"https:\/\/vitablanca.ma\/ar\/wp-json\/wp\/v2\/types\/product"}],"wp:featuredmedia":[{"embeddable":true,"href":"https:\/\/vitablanca.ma\/ar\/wp-json\/wp\/v2\/media\/30565"}],"wp:attachment":[{"href":"https:\/\/vitablanca.ma\/ar\/wp-json\/wp\/v2\/media?parent=30564"}],"wp:term":[{"taxonomy":"product_brand","embeddable":true,"href":"https:\/\/vitablanca.ma\/ar\/wp-json\/wp\/v2\/product_brand?post=30564"},{"taxonomy":"product_cat","embeddable":true,"href":"https:\/\/vitablanca.ma\/ar\/wp-json\/wp\/v2\/product_cat?post=30564"},{"taxonomy":"product_tag","embeddable":true,"href":"https:\/\/vitablanca.ma\/ar\/wp-json\/wp\/v2\/product_tag?post=30564"}],"curies":[{"name":"wp","href":"https:\/\/api.w.org\/{rel}","templated":true}]}}