{"id":30558,"date":"2026-02-28T00:00:20","date_gmt":"2026-02-28T00:00:20","guid":{"rendered":"https:\/\/vitablanca.ma\/?post_type=product&#038;p=30558"},"modified":"2026-03-02T04:15:28","modified_gmt":"2026-03-02T04:15:28","slug":"jarrow-formulas-toco-sorb-tocotrienols-et-vitamine-e-melanges-60-gelules-molles","status":"publish","type":"product","link":"https:\/\/vitablanca.ma\/ar\/product-2\/jarrow-formulas-toco-sorb-tocotrienols-et-vitamine-e-melanges-60-gelules-molles\/","title":{"rendered":"Jarrow Formulas Toco-Sorb, tocotri\u00e9nols et vitamine E m\u00e9lang\u00e9s, 60 g\u00e9lules molles"},"content":{"rendered":"<p>Le complexe tocotri\u00e9nol-vitamine E Toco-Sorb\u00ae utilise le syst\u00e8me d&rsquo;absorption am\u00e9lior\u00e9 SupraBio. Les tocotri\u00e9nols prot\u00e8gent la fonction cardiovasculaire en affectant la biosynth\u00e8se du cholest\u00e9rol et en r\u00e9duisant l&rsquo;oxydation des lipoprot\u00e9ines de basse densit\u00e9 (LDL-cholest\u00e9rol). Toco-Sorb soutient \u00e9galement des fonctions c\u00e9r\u00e9brales saines.<\/p>\n<p>En r\u00e8gle g\u00e9n\u00e9rale, la biodisponibilit\u00e9 des tocotri\u00e9nols est faible. Le m\u00e9lange lipidique sp\u00e9cialis\u00e9 SupraBio \u2122 brevet\u00e9 augmente cependant l&rsquo;absorption du tocotri\u00e9nol de 2 \u00e0 3 fois. Toco-Sorb\u00ae est d\u00e9riv\u00e9 d&rsquo;huile de palme naturelle \u00e0 spectre complet.<\/p>\n<p>\u0627\u0644\u0627\u0633\u062a\u062e\u062f\u0627\u0645 \u0627\u0644\u0645\u0642\u062a\u0631\u062d<\/p>\n<p>Utilisation: prendre 1 g\u00e9lule une ou deux fois par jour avec un repas<\/p>","protected":false},"excerpt":{"rendered":"<p>Le complexe tocotri\u00e9nol-vitamine E Toco-Sorb\u00ae utilise le syst\u00e8me d&rsquo;absorption am\u00e9lior\u00e9 SupraBio. Les tocotri\u00e9nols prot\u00e8gent la fonction cardiovasculaire en affectant la biosynth\u00e8se du cholest\u00e9rol et en r\u00e9duisant l&rsquo;oxydation des lipoprot\u00e9ines de basse densit\u00e9 (LDL-cholest\u00e9rol). Toco-Sorb soutient \u00e9galement des fonctions c\u00e9r\u00e9brales saines. En r\u00e8gle g\u00e9n\u00e9rale, la biodisponibilit\u00e9 des tocotri\u00e9nols est faible. Le m\u00e9lange lipidique sp\u00e9cialis\u00e9 SupraBio \u2122 [&hellip;]<\/p>\n","protected":false},"featured_media":30560,"template":"","meta":{"om_disable_all_campaigns":false},"product_brand":[1799],"product_cat":[18,8967,3366],"product_tag":[748,986,11000,10998,11002,834,11001,10999,6936,983],"class_list":{"0":"post-30558","1":"product","2":"type-product","3":"status-publish","4":"has-post-thumbnail","6":"product_brand-jarrow-formulas-prix-maroc","7":"product_cat-beaute-sante","8":"product_cat-complements","9":"product_cat-complements-alimentaires-au-maroc-vitablanca","10":"product_tag-antioxydant-naturel","11":"product_tag-complement-alimentaire-vitamine-e","12":"product_tag-evnol-suprabio","13":"product_tag-jarrow-formulas-toco-sorb","14":"product_tag-protection-cellules","15":"product_tag-sante-cardiovasculaire","16":"product_tag-soutien-cerveau","17":"product_tag-tocotrienols","18":"product_tag-vitamine-e","19":"product_tag-vitamine-e-naturelle","21":"first","22":"instock","23":"taxable","24":"shipping-taxable","25":"purchasable","26":"product-type-simple"},"yoast_head":"<!-- This site is optimized with the Yoast SEO plugin v27.3 - https:\/\/yoast.com\/product\/yoast-seo-wordpress\/ -->\n<title>Jarrow Formulas Toco-Sorb 60 G\u00e9lules - Maroc Prix<\/title>\n<meta name=\"description\" content=\"D\u00e9couvrez Jarrow Formulas Toco-Sorb 60 g\u00e9lules molles, formule avanc\u00e9e de tocotri\u00e9nols et vitamine E pour un puissant soutien antioxydant.\" \/>\n<meta name=\"robots\" content=\"index, follow, max-snippet:-1, max-image-preview:large, max-video-preview:-1\" \/>\n<link rel=\"canonical\" href=\"https:\/\/vitablanca.ma\/ar\/product-2\/jarrow-formulas-toco-sorb-tocotrienols-et-vitamine-e-melanges-60-gelules-molles\/\" \/>\n<meta property=\"og:locale\" content=\"ar_AR\" \/>\n<meta property=\"og:type\" content=\"article\" \/>\n<meta property=\"og:title\" content=\"Jarrow Formulas Toco-Sorb 60 G\u00e9lules - Maroc Prix\" \/>\n<meta property=\"og:description\" content=\"D\u00e9couvrez Jarrow Formulas Toco-Sorb 60 g\u00e9lules molles, formule avanc\u00e9e de tocotri\u00e9nols et vitamine E pour un puissant soutien antioxydant.\" \/>\n<meta property=\"og:url\" content=\"https:\/\/vitablanca.ma\/ar\/product-2\/jarrow-formulas-toco-sorb-tocotrienols-et-vitamine-e-melanges-60-gelules-molles\/\" \/>\n<meta property=\"og:site_name\" content=\"Vitablanca.ma &ndash; Sant&eacute;, vitalit&eacute; et bien-&ecirc;tre pour tous les Marocains\" \/>\n<meta property=\"article:publisher\" content=\"https:\/\/www.facebook.com\/profile.php?id=61576678196717\" \/>\n<meta property=\"article:modified_time\" content=\"2026-03-02T04:15:28+00:00\" \/>\n<meta property=\"og:image\" content=\"https:\/\/vitablanca.ma\/wp-content\/uploads\/2026\/02\/jarrow-formulas-toco-sorb-tocotrienols-et-vitamine-e-melanges-60.jpg\" \/>\n\t<meta property=\"og:image:width\" content=\"680\" \/>\n\t<meta property=\"og:image:height\" content=\"680\" \/>\n\t<meta property=\"og:image:type\" content=\"image\/jpeg\" \/>\n<meta name=\"twitter:card\" content=\"summary_large_image\" \/>\n<meta name=\"twitter:label1\" content=\"\u0648\u0642\u062a \u0627\u0644\u0642\u0631\u0627\u0621\u0629 \u0627\u0644\u0645\u064f\u0642\u062f\u0651\u0631\" \/>\n\t<meta name=\"twitter:data1\" content=\"\u062f\u0642\u064a\u0642\u0629 \u0648\u0627\u062d\u062f\u0629\" \/>\n<script type=\"application\/ld+json\" class=\"yoast-schema-graph\">{\"@context\":\"https:\\\/\\\/schema.org\",\"@graph\":[{\"@type\":[\"WebPage\",\"ItemPage\"],\"@id\":\"https:\\\/\\\/vitablanca.ma\\\/produit\\\/jarrow-formulas-toco-sorb-tocotrienols-et-vitamine-e-melanges-60-gelules-molles\\\/\",\"url\":\"https:\\\/\\\/vitablanca.ma\\\/produit\\\/jarrow-formulas-toco-sorb-tocotrienols-et-vitamine-e-melanges-60-gelules-molles\\\/\",\"name\":\"Jarrow Formulas Toco-Sorb 60 G\u00e9lules - Maroc Prix\",\"isPartOf\":{\"@id\":\"https:\\\/\\\/vitablanca.ma\\\/#website\"},\"primaryImageOfPage\":{\"@id\":\"https:\\\/\\\/vitablanca.ma\\\/produit\\\/jarrow-formulas-toco-sorb-tocotrienols-et-vitamine-e-melanges-60-gelules-molles\\\/#primaryimage\"},\"image\":{\"@id\":\"https:\\\/\\\/vitablanca.ma\\\/produit\\\/jarrow-formulas-toco-sorb-tocotrienols-et-vitamine-e-melanges-60-gelules-molles\\\/#primaryimage\"},\"thumbnailUrl\":\"https:\\\/\\\/vitablanca.ma\\\/wp-content\\\/uploads\\\/2026\\\/02\\\/jarrow-formulas-toco-sorb-tocotrienols-et-vitamine-e-melanges-60.jpg\",\"datePublished\":\"2026-02-28T00:00:20+00:00\",\"dateModified\":\"2026-03-02T04:15:28+00:00\",\"description\":\"D\u00e9couvrez Jarrow Formulas Toco-Sorb 60 g\u00e9lules molles, formule avanc\u00e9e de tocotri\u00e9nols et vitamine E pour un puissant soutien antioxydant.\",\"breadcrumb\":{\"@id\":\"https:\\\/\\\/vitablanca.ma\\\/produit\\\/jarrow-formulas-toco-sorb-tocotrienols-et-vitamine-e-melanges-60-gelules-molles\\\/#breadcrumb\"},\"inLanguage\":\"ar\",\"potentialAction\":[{\"@type\":\"ReadAction\",\"target\":[\"https:\\\/\\\/vitablanca.ma\\\/produit\\\/jarrow-formulas-toco-sorb-tocotrienols-et-vitamine-e-melanges-60-gelules-molles\\\/\"]}]},{\"@type\":\"ImageObject\",\"inLanguage\":\"ar\",\"@id\":\"https:\\\/\\\/vitablanca.ma\\\/produit\\\/jarrow-formulas-toco-sorb-tocotrienols-et-vitamine-e-melanges-60-gelules-molles\\\/#primaryimage\",\"url\":\"https:\\\/\\\/vitablanca.ma\\\/wp-content\\\/uploads\\\/2026\\\/02\\\/jarrow-formulas-toco-sorb-tocotrienols-et-vitamine-e-melanges-60.jpg\",\"contentUrl\":\"https:\\\/\\\/vitablanca.ma\\\/wp-content\\\/uploads\\\/2026\\\/02\\\/jarrow-formulas-toco-sorb-tocotrienols-et-vitamine-e-melanges-60.jpg\",\"width\":680,\"height\":680},{\"@type\":\"BreadcrumbList\",\"@id\":\"https:\\\/\\\/vitablanca.ma\\\/produit\\\/jarrow-formulas-toco-sorb-tocotrienols-et-vitamine-e-melanges-60-gelules-molles\\\/#breadcrumb\",\"itemListElement\":[{\"@type\":\"ListItem\",\"position\":1,\"name\":\"Home\",\"item\":\"https:\\\/\\\/vitablanca.ma\\\/\"},{\"@type\":\"ListItem\",\"position\":2,\"name\":\"Tous Les Produits\",\"item\":\"https:\\\/\\\/vitablanca.ma\\\/tous-les-produits\\\/\"},{\"@type\":\"ListItem\",\"position\":3,\"name\":\"Jarrow Formulas Toco-Sorb, tocotri\u00e9nols et vitamine E m\u00e9lang\u00e9s, 60 g\u00e9lules molles\"}]},{\"@type\":\"WebSite\",\"@id\":\"https:\\\/\\\/vitablanca.ma\\\/#website\",\"url\":\"https:\\\/\\\/vitablanca.ma\\\/\",\"name\":\"VitaBlanca.ma | Compl\u00e9ments alimentaires, sant\u00e9 & beaut\u00e9 au Maroc\",\"description\":\"vendre vitamines et compl\u00e9ments premium des USA &amp; Canada, Nouvelle Z\u00e9lande,Maroc (NOW Foods, Solgar, Manuka). Livraison rapide partout au Maroc.\",\"publisher\":{\"@id\":\"https:\\\/\\\/vitablanca.ma\\\/#organization\"},\"alternateName\":\"VitaBlanca.ma\",\"potentialAction\":[{\"@type\":\"SearchAction\",\"target\":{\"@type\":\"EntryPoint\",\"urlTemplate\":\"https:\\\/\\\/vitablanca.ma\\\/?s={search_term_string}\"},\"query-input\":{\"@type\":\"PropertyValueSpecification\",\"valueRequired\":true,\"valueName\":\"search_term_string\"}}],\"inLanguage\":\"ar\"},{\"@type\":\"Organization\",\"@id\":\"https:\\\/\\\/vitablanca.ma\\\/#organization\",\"name\":\"VitaBlanca\",\"url\":\"https:\\\/\\\/vitablanca.ma\\\/\",\"logo\":{\"@type\":\"ImageObject\",\"inLanguage\":\"ar\",\"@id\":\"https:\\\/\\\/vitablanca.ma\\\/#\\\/schema\\\/logo\\\/image\\\/\",\"url\":\"https:\\\/\\\/vitablanca.ma\\\/wp-content\\\/uploads\\\/2025\\\/05\\\/cropped-vitablanca.png\",\"contentUrl\":\"https:\\\/\\\/vitablanca.ma\\\/wp-content\\\/uploads\\\/2025\\\/05\\\/cropped-vitablanca.png\",\"width\":360,\"height\":67,\"caption\":\"VitaBlanca\"},\"image\":{\"@id\":\"https:\\\/\\\/vitablanca.ma\\\/#\\\/schema\\\/logo\\\/image\\\/\"},\"sameAs\":[\"https:\\\/\\\/www.facebook.com\\\/profile.php?id=61576678196717\",\"https:\\\/\\\/www.tiktok.com\\\/@vitablanca.ma\",\"https:\\\/\\\/www.instagram.com\\\/vitablanca.ma\\\/\"]}]}<\/script>\n<!-- \/ Yoast SEO plugin. -->","yoast_head_json":{"title":"Jarrow Formulas Toco-Sorb 60 G\u00e9lules - Maroc Prix","description":"D\u00e9couvrez Jarrow Formulas Toco-Sorb 60 g\u00e9lules molles, formule avanc\u00e9e de tocotri\u00e9nols et vitamine E pour un puissant soutien antioxydant.","robots":{"index":"index","follow":"follow","max-snippet":"max-snippet:-1","max-image-preview":"max-image-preview:large","max-video-preview":"max-video-preview:-1"},"canonical":"https:\/\/vitablanca.ma\/ar\/product-2\/jarrow-formulas-toco-sorb-tocotrienols-et-vitamine-e-melanges-60-gelules-molles\/","og_locale":"ar_AR","og_type":"article","og_title":"Jarrow Formulas Toco-Sorb 60 G\u00e9lules - Maroc Prix","og_description":"D\u00e9couvrez Jarrow Formulas Toco-Sorb 60 g\u00e9lules molles, formule avanc\u00e9e de tocotri\u00e9nols et vitamine E pour un puissant soutien antioxydant.","og_url":"https:\/\/vitablanca.ma\/ar\/product-2\/jarrow-formulas-toco-sorb-tocotrienols-et-vitamine-e-melanges-60-gelules-molles\/","og_site_name":"Vitablanca.ma &ndash; Sant&eacute;, vitalit&eacute; et bien-&ecirc;tre pour tous les Marocains","article_publisher":"https:\/\/www.facebook.com\/profile.php?id=61576678196717","article_modified_time":"2026-03-02T04:15:28+00:00","og_image":[{"width":680,"height":680,"url":"https:\/\/vitablanca.ma\/wp-content\/uploads\/2026\/02\/jarrow-formulas-toco-sorb-tocotrienols-et-vitamine-e-melanges-60.jpg","type":"image\/jpeg"}],"twitter_card":"summary_large_image","twitter_misc":{"\u0648\u0642\u062a \u0627\u0644\u0642\u0631\u0627\u0621\u0629 \u0627\u0644\u0645\u064f\u0642\u062f\u0651\u0631":"\u062f\u0642\u064a\u0642\u0629 \u0648\u0627\u062d\u062f\u0629"},"schema":{"@context":"https:\/\/schema.org","@graph":[{"@type":["WebPage","ItemPage"],"@id":"https:\/\/vitablanca.ma\/produit\/jarrow-formulas-toco-sorb-tocotrienols-et-vitamine-e-melanges-60-gelules-molles\/","url":"https:\/\/vitablanca.ma\/produit\/jarrow-formulas-toco-sorb-tocotrienols-et-vitamine-e-melanges-60-gelules-molles\/","name":"Jarrow Formulas Toco-Sorb 60 G\u00e9lules - Maroc Prix","isPartOf":{"@id":"https:\/\/vitablanca.ma\/#website"},"primaryImageOfPage":{"@id":"https:\/\/vitablanca.ma\/produit\/jarrow-formulas-toco-sorb-tocotrienols-et-vitamine-e-melanges-60-gelules-molles\/#primaryimage"},"image":{"@id":"https:\/\/vitablanca.ma\/produit\/jarrow-formulas-toco-sorb-tocotrienols-et-vitamine-e-melanges-60-gelules-molles\/#primaryimage"},"thumbnailUrl":"https:\/\/vitablanca.ma\/wp-content\/uploads\/2026\/02\/jarrow-formulas-toco-sorb-tocotrienols-et-vitamine-e-melanges-60.jpg","datePublished":"2026-02-28T00:00:20+00:00","dateModified":"2026-03-02T04:15:28+00:00","description":"D\u00e9couvrez Jarrow Formulas Toco-Sorb 60 g\u00e9lules molles, formule avanc\u00e9e de tocotri\u00e9nols et vitamine E pour un puissant soutien antioxydant.","breadcrumb":{"@id":"https:\/\/vitablanca.ma\/produit\/jarrow-formulas-toco-sorb-tocotrienols-et-vitamine-e-melanges-60-gelules-molles\/#breadcrumb"},"inLanguage":"ar","potentialAction":[{"@type":"ReadAction","target":["https:\/\/vitablanca.ma\/produit\/jarrow-formulas-toco-sorb-tocotrienols-et-vitamine-e-melanges-60-gelules-molles\/"]}]},{"@type":"ImageObject","inLanguage":"ar","@id":"https:\/\/vitablanca.ma\/produit\/jarrow-formulas-toco-sorb-tocotrienols-et-vitamine-e-melanges-60-gelules-molles\/#primaryimage","url":"https:\/\/vitablanca.ma\/wp-content\/uploads\/2026\/02\/jarrow-formulas-toco-sorb-tocotrienols-et-vitamine-e-melanges-60.jpg","contentUrl":"https:\/\/vitablanca.ma\/wp-content\/uploads\/2026\/02\/jarrow-formulas-toco-sorb-tocotrienols-et-vitamine-e-melanges-60.jpg","width":680,"height":680},{"@type":"BreadcrumbList","@id":"https:\/\/vitablanca.ma\/produit\/jarrow-formulas-toco-sorb-tocotrienols-et-vitamine-e-melanges-60-gelules-molles\/#breadcrumb","itemListElement":[{"@type":"ListItem","position":1,"name":"Home","item":"https:\/\/vitablanca.ma\/"},{"@type":"ListItem","position":2,"name":"Tous Les Produits","item":"https:\/\/vitablanca.ma\/tous-les-produits\/"},{"@type":"ListItem","position":3,"name":"Jarrow Formulas Toco-Sorb, tocotri\u00e9nols et vitamine E m\u00e9lang\u00e9s, 60 g\u00e9lules molles"}]},{"@type":"WebSite","@id":"https:\/\/vitablanca.ma\/#website","url":"https:\/\/vitablanca.ma\/","name":"VitaBlanca.ma | \u0627\u0644\u0645\u0643\u0645\u0644\u0627\u062a \u0627\u0644\u063a\u0630\u0627\u0626\u064a\u0629\u060c \u0627\u0644\u0635\u062d\u0629 \u0648\u0627\u0644\u062c\u0645\u0627\u0644 \u0641\u064a \u0627\u0644\u0645\u063a\u0631\u0628","description":"\u0646\u0628\u064a\u0639 \u0641\u064a\u062a\u0627\u0645\u064a\u0646\u0627\u062a \u0648\u0645\u0643\u0645\u0644\u0627\u062a \u063a\u0630\u0627\u0626\u064a\u0629 \u0641\u0627\u062e\u0631\u0629 \u0645\u0646 \u0627\u0644\u0648\u0644\u0627\u064a\u0627\u062a \u0627\u0644\u0645\u062a\u062d\u062f\u0629 \u0627\u0644\u0623\u0645\u0631\u064a\u0643\u064a\u0629 \u0648\u0643\u0646\u062f\u0627 \u0648\u0646\u064a\u0648\u0632\u064a\u0644\u0646\u062f\u0627 \u0648\u0627\u0644\u0645\u063a\u0631\u0628 (\u0646\u0627\u0648 \u0641\u0648\u062f\u0632\u060c \u0633\u0648\u0644\u062c\u0627\u0631\u060c \u0645\u0627\u0646\u0648\u0643\u0627). \u062a\u0648\u0635\u064a\u0644 \u0633\u0631\u064a\u0639 \u0625\u0644\u0649 \u062c\u0645\u064a\u0639 \u0623\u0646\u062d\u0627\u0621 \u0627\u0644\u0645\u063a\u0631\u0628.","publisher":{"@id":"https:\/\/vitablanca.ma\/#organization"},"alternateName":"VitaBlanca.ma","potentialAction":[{"@type":"SearchAction","target":{"@type":"EntryPoint","urlTemplate":"https:\/\/vitablanca.ma\/?s={search_term_string}"},"query-input":{"@type":"PropertyValueSpecification","valueRequired":true,"valueName":"search_term_string"}}],"inLanguage":"ar"},{"@type":"Organization","@id":"https:\/\/vitablanca.ma\/#organization","name":"\u0641\u064a\u062a\u0627\u0628\u0644\u0627\u0646\u0643\u0627","url":"https:\/\/vitablanca.ma\/","logo":{"@type":"ImageObject","inLanguage":"ar","@id":"https:\/\/vitablanca.ma\/#\/schema\/logo\/image\/","url":"https:\/\/vitablanca.ma\/wp-content\/uploads\/2025\/05\/cropped-vitablanca.png","contentUrl":"https:\/\/vitablanca.ma\/wp-content\/uploads\/2025\/05\/cropped-vitablanca.png","width":360,"height":67,"caption":"VitaBlanca"},"image":{"@id":"https:\/\/vitablanca.ma\/#\/schema\/logo\/image\/"},"sameAs":["https:\/\/www.facebook.com\/profile.php?id=61576678196717","https:\/\/www.tiktok.com\/@vitablanca.ma","https:\/\/www.instagram.com\/vitablanca.ma\/"]}]}},"jetpack_sharing_enabled":true,"_links":{"self":[{"href":"https:\/\/vitablanca.ma\/ar\/wp-json\/wp\/v2\/product\/30558","targetHints":{"allow":["GET"]}}],"collection":[{"href":"https:\/\/vitablanca.ma\/ar\/wp-json\/wp\/v2\/product"}],"about":[{"href":"https:\/\/vitablanca.ma\/ar\/wp-json\/wp\/v2\/types\/product"}],"wp:featuredmedia":[{"embeddable":true,"href":"https:\/\/vitablanca.ma\/ar\/wp-json\/wp\/v2\/media\/30560"}],"wp:attachment":[{"href":"https:\/\/vitablanca.ma\/ar\/wp-json\/wp\/v2\/media?parent=30558"}],"wp:term":[{"taxonomy":"product_brand","embeddable":true,"href":"https:\/\/vitablanca.ma\/ar\/wp-json\/wp\/v2\/product_brand?post=30558"},{"taxonomy":"product_cat","embeddable":true,"href":"https:\/\/vitablanca.ma\/ar\/wp-json\/wp\/v2\/product_cat?post=30558"},{"taxonomy":"product_tag","embeddable":true,"href":"https:\/\/vitablanca.ma\/ar\/wp-json\/wp\/v2\/product_tag?post=30558"}],"curies":[{"name":"wp","href":"https:\/\/api.w.org\/{rel}","templated":true}]}}