{"id":30522,"date":"2026-02-26T04:01:09","date_gmt":"2026-02-26T04:01:09","guid":{"rendered":"https:\/\/vitablanca.ma\/?post_type=product&#038;p=30522"},"modified":"2026-03-02T04:15:28","modified_gmt":"2026-03-02T04:15:28","slug":"jarrow-formulas-ubiquinol-qh-absorb-100-mg-60-capsules-a-enveloppe-molle","status":"publish","type":"product","link":"https:\/\/vitablanca.ma\/ar\/product-2\/jarrow-formulas-ubiquinol-qh-absorb-100-mg-60-capsules-a-enveloppe-molle\/","title":{"rendered":"Jarrow Formulas Ubiquinol, QH-Absorb, 100 mg, 60 capsules \u00e0 enveloppe molle"},"content":{"rendered":"<p lang=\"FR-FR\" xml:lang=\"FR-FR\">\u00a0Les cellules produisent de l&rsquo;ubiquinol\u00a0(l&rsquo;\u00e9tat antioxydant actif de la Co-Q10) qui est nettement mieux absorb\u00e9, en particulier lorsque nous vieillissons.<\/p>\n<p lang=\"FR-FR\" xml:lang=\"FR-FR\">QH-absorb\u00ae est une formule brevet\u00e9e \u00e0 stabilit\u00e9 am\u00e9lior\u00e9e qui, comme cela a \u00e9t\u00e9 cliniquement prouv\u00e9, augmente le taux de Co-Q10 chez l&rsquo;Homme\u00a0: une dose quotidienne de 100\u00a0mg contribue \u00e0 une augmentation de 215\u00a0% par rapport \u00e0 l&rsquo;\u00e9tat initial et une dose quotidienne de 300\u00a0mg contribue \u00e0 une augmentation de 777\u00a0% par rapport \u00e0 l&rsquo;\u00e9tat initial.<\/p>\n<p lang=\"FR-FR\" xml:lang=\"FR-FR\">\u0627\u0644\u0627\u0633\u062a\u062e\u062f\u0627\u0645 \u0627\u0644\u0645\u0642\u062a\u0631\u062d<\/p>\n<p lang=\"FR-FR\" xml:lang=\"FR-FR\">Prenez 1\u00a0capsule \u00e0 enveloppe molle 1\u00a0\u00e0 3\u00a0fois par jour au moment du repas<\/p>","protected":false},"excerpt":{"rendered":"<p>\u00a0Les cellules produisent de l&rsquo;ubiquinol\u00a0(l&rsquo;\u00e9tat antioxydant actif de la Co-Q10) qui est nettement mieux absorb\u00e9, en particulier lorsque nous vieillissons. QH-absorb\u00ae est une formule brevet\u00e9e \u00e0 stabilit\u00e9 am\u00e9lior\u00e9e qui, comme cela a \u00e9t\u00e9 cliniquement prouv\u00e9, augmente le taux de Co-Q10 chez l&rsquo;Homme\u00a0: une dose quotidienne de 100\u00a0mg contribue \u00e0 une augmentation de 215\u00a0% par rapport [&hellip;]<\/p>\n","protected":false},"featured_media":30523,"template":"","meta":{"om_disable_all_campaigns":false},"product_brand":[1799],"product_cat":[18,3366,130],"product_tag":[327,4083,987,10732,5214,181,964,965,8964,10987,10986,834,8899,10988,346,4307],"class_list":{"0":"post-30522","1":"product","2":"type-product","3":"status-publish","4":"has-post-thumbnail","6":"product_brand-jarrow-formulas-prix-maroc","7":"product_cat-beaute-sante","8":"product_cat-complements-alimentaires-au-maroc-vitablanca","9":"product_cat-vitamines","10":"product_tag-100-mg","11":"product_tag-60-capsules","12":"product_tag-antioxydant-puissant","13":"product_tag-capsules-molles","14":"product_tag-coenzyme-q10","15":"product_tag-complement-alimentaire","16":"product_tag-coq10-active","17":"product_tag-energie-cellulaire","18":"product_tag-jarrow-formulas","19":"product_tag-mitochondries","20":"product_tag-qh-absorb","21":"product_tag-sante-cardiovasculaire","22":"product_tag-softgels","23":"product_tag-soutien-cardiaque","24":"product_tag-ubiquinol","25":"product_tag-vitalite","27":"first","28":"instock","29":"taxable","30":"shipping-taxable","31":"purchasable","32":"product-type-simple"},"yoast_head":"<!-- This site is optimized with the Yoast SEO plugin v27.4 - https:\/\/yoast.com\/product\/yoast-seo-wordpress\/ -->\n<title>Jarrow Formulas Ubiquinol, 100 mg, 60 capsules - Maroc Prix<\/title>\n<meta name=\"description\" content=\"Jarrow Formulas Ubiquinol QH-Absorb 100 mg 60 Softgels est une forme active de CoQ10 hautement biodisponible, soutenant la sant\u00e9 cardiovasculaire.\" \/>\n<meta name=\"robots\" content=\"index, follow, max-snippet:-1, max-image-preview:large, max-video-preview:-1\" \/>\n<link rel=\"canonical\" href=\"https:\/\/vitablanca.ma\/ar\/product-2\/jarrow-formulas-ubiquinol-qh-absorb-100-mg-60-capsules-a-enveloppe-molle\/\" \/>\n<meta property=\"og:locale\" content=\"ar_AR\" \/>\n<meta property=\"og:type\" content=\"article\" \/>\n<meta property=\"og:title\" content=\"Jarrow Formulas Ubiquinol, 100 mg, 60 capsules - Maroc Prix\" \/>\n<meta property=\"og:description\" content=\"Jarrow Formulas Ubiquinol QH-Absorb 100 mg 60 Softgels est une forme active de CoQ10 hautement biodisponible, soutenant la sant\u00e9 cardiovasculaire.\" \/>\n<meta property=\"og:url\" content=\"https:\/\/vitablanca.ma\/ar\/product-2\/jarrow-formulas-ubiquinol-qh-absorb-100-mg-60-capsules-a-enveloppe-molle\/\" \/>\n<meta property=\"og:site_name\" content=\"Vitablanca.ma &ndash; Sant&eacute;, vitalit&eacute; et bien-&ecirc;tre pour tous les Marocains\" \/>\n<meta property=\"article:publisher\" content=\"https:\/\/www.facebook.com\/profile.php?id=61576678196717\" \/>\n<meta property=\"article:modified_time\" content=\"2026-03-02T04:15:28+00:00\" \/>\n<meta property=\"og:image\" content=\"https:\/\/vitablanca.ma\/wp-content\/uploads\/2026\/02\/ubiquinol-qh-absorb-100-mg-60-capsules-a-enveloppe-.jpg\" \/>\n\t<meta property=\"og:image:width\" content=\"680\" \/>\n\t<meta property=\"og:image:height\" content=\"680\" \/>\n\t<meta property=\"og:image:type\" content=\"image\/jpeg\" \/>\n<meta name=\"twitter:card\" content=\"summary_large_image\" \/>\n<meta name=\"twitter:label1\" content=\"\u0648\u0642\u062a \u0627\u0644\u0642\u0631\u0627\u0621\u0629 \u0627\u0644\u0645\u064f\u0642\u062f\u0651\u0631\" \/>\n\t<meta name=\"twitter:data1\" content=\"\u062f\u0642\u064a\u0642\u0629 \u0648\u0627\u062d\u062f\u0629\" \/>\n<script type=\"application\/ld+json\" class=\"yoast-schema-graph\">{\"@context\":\"https:\\\/\\\/schema.org\",\"@graph\":[{\"@type\":[\"WebPage\",\"ItemPage\"],\"@id\":\"https:\\\/\\\/vitablanca.ma\\\/produit\\\/jarrow-formulas-ubiquinol-qh-absorb-100-mg-60-capsules-a-enveloppe-molle\\\/\",\"url\":\"https:\\\/\\\/vitablanca.ma\\\/produit\\\/jarrow-formulas-ubiquinol-qh-absorb-100-mg-60-capsules-a-enveloppe-molle\\\/\",\"name\":\"Jarrow Formulas Ubiquinol, 100 mg, 60 capsules - Maroc Prix\",\"isPartOf\":{\"@id\":\"https:\\\/\\\/vitablanca.ma\\\/#website\"},\"primaryImageOfPage\":{\"@id\":\"https:\\\/\\\/vitablanca.ma\\\/produit\\\/jarrow-formulas-ubiquinol-qh-absorb-100-mg-60-capsules-a-enveloppe-molle\\\/#primaryimage\"},\"image\":{\"@id\":\"https:\\\/\\\/vitablanca.ma\\\/produit\\\/jarrow-formulas-ubiquinol-qh-absorb-100-mg-60-capsules-a-enveloppe-molle\\\/#primaryimage\"},\"thumbnailUrl\":\"https:\\\/\\\/vitablanca.ma\\\/wp-content\\\/uploads\\\/2026\\\/02\\\/ubiquinol-qh-absorb-100-mg-60-capsules-a-enveloppe-.jpg\",\"datePublished\":\"2026-02-26T04:01:09+00:00\",\"dateModified\":\"2026-03-02T04:15:28+00:00\",\"description\":\"Jarrow Formulas Ubiquinol QH-Absorb 100 mg 60 Softgels est une forme active de CoQ10 hautement biodisponible, soutenant la sant\u00e9 cardiovasculaire.\",\"breadcrumb\":{\"@id\":\"https:\\\/\\\/vitablanca.ma\\\/produit\\\/jarrow-formulas-ubiquinol-qh-absorb-100-mg-60-capsules-a-enveloppe-molle\\\/#breadcrumb\"},\"inLanguage\":\"ar\",\"potentialAction\":[{\"@type\":\"ReadAction\",\"target\":[\"https:\\\/\\\/vitablanca.ma\\\/produit\\\/jarrow-formulas-ubiquinol-qh-absorb-100-mg-60-capsules-a-enveloppe-molle\\\/\"]}]},{\"@type\":\"ImageObject\",\"inLanguage\":\"ar\",\"@id\":\"https:\\\/\\\/vitablanca.ma\\\/produit\\\/jarrow-formulas-ubiquinol-qh-absorb-100-mg-60-capsules-a-enveloppe-molle\\\/#primaryimage\",\"url\":\"https:\\\/\\\/vitablanca.ma\\\/wp-content\\\/uploads\\\/2026\\\/02\\\/ubiquinol-qh-absorb-100-mg-60-capsules-a-enveloppe-.jpg\",\"contentUrl\":\"https:\\\/\\\/vitablanca.ma\\\/wp-content\\\/uploads\\\/2026\\\/02\\\/ubiquinol-qh-absorb-100-mg-60-capsules-a-enveloppe-.jpg\",\"width\":680,\"height\":680},{\"@type\":\"BreadcrumbList\",\"@id\":\"https:\\\/\\\/vitablanca.ma\\\/produit\\\/jarrow-formulas-ubiquinol-qh-absorb-100-mg-60-capsules-a-enveloppe-molle\\\/#breadcrumb\",\"itemListElement\":[{\"@type\":\"ListItem\",\"position\":1,\"name\":\"Home\",\"item\":\"https:\\\/\\\/vitablanca.ma\\\/\"},{\"@type\":\"ListItem\",\"position\":2,\"name\":\"Tous Les Produits\",\"item\":\"https:\\\/\\\/vitablanca.ma\\\/tous-les-produits\\\/\"},{\"@type\":\"ListItem\",\"position\":3,\"name\":\"Jarrow Formulas Ubiquinol, QH-Absorb, 100 mg, 60 capsules \u00e0 enveloppe molle\"}]},{\"@type\":\"WebSite\",\"@id\":\"https:\\\/\\\/vitablanca.ma\\\/#website\",\"url\":\"https:\\\/\\\/vitablanca.ma\\\/\",\"name\":\"VitaBlanca.ma | Compl\u00e9ments alimentaires, sant\u00e9 & beaut\u00e9 au Maroc\",\"description\":\"vendre vitamines et compl\u00e9ments premium des USA &amp; Canada, Nouvelle Z\u00e9lande,Maroc (NOW Foods, Solgar, Manuka). Livraison rapide partout au Maroc.\",\"publisher\":{\"@id\":\"https:\\\/\\\/vitablanca.ma\\\/#organization\"},\"alternateName\":\"VitaBlanca.ma\",\"potentialAction\":[{\"@type\":\"SearchAction\",\"target\":{\"@type\":\"EntryPoint\",\"urlTemplate\":\"https:\\\/\\\/vitablanca.ma\\\/?s={search_term_string}\"},\"query-input\":{\"@type\":\"PropertyValueSpecification\",\"valueRequired\":true,\"valueName\":\"search_term_string\"}}],\"inLanguage\":\"ar\"},{\"@type\":\"Organization\",\"@id\":\"https:\\\/\\\/vitablanca.ma\\\/#organization\",\"name\":\"VitaBlanca\",\"url\":\"https:\\\/\\\/vitablanca.ma\\\/\",\"logo\":{\"@type\":\"ImageObject\",\"inLanguage\":\"ar\",\"@id\":\"https:\\\/\\\/vitablanca.ma\\\/#\\\/schema\\\/logo\\\/image\\\/\",\"url\":\"https:\\\/\\\/vitablanca.ma\\\/wp-content\\\/uploads\\\/2025\\\/05\\\/cropped-vitablanca.png\",\"contentUrl\":\"https:\\\/\\\/vitablanca.ma\\\/wp-content\\\/uploads\\\/2025\\\/05\\\/cropped-vitablanca.png\",\"width\":360,\"height\":67,\"caption\":\"VitaBlanca\"},\"image\":{\"@id\":\"https:\\\/\\\/vitablanca.ma\\\/#\\\/schema\\\/logo\\\/image\\\/\"},\"sameAs\":[\"https:\\\/\\\/www.facebook.com\\\/profile.php?id=61576678196717\",\"https:\\\/\\\/www.tiktok.com\\\/@vitablanca.ma\",\"https:\\\/\\\/www.instagram.com\\\/vitablanca.ma\\\/\"]}]}<\/script>\n<!-- \/ Yoast SEO plugin. -->","yoast_head_json":{"title":"Jarrow Formulas Ubiquinol, 100 mg, 60 capsules - Maroc Prix","description":"Jarrow Formulas Ubiquinol QH-Absorb 100 mg 60 Softgels est une forme active de CoQ10 hautement biodisponible, soutenant la sant\u00e9 cardiovasculaire.","robots":{"index":"index","follow":"follow","max-snippet":"max-snippet:-1","max-image-preview":"max-image-preview:large","max-video-preview":"max-video-preview:-1"},"canonical":"https:\/\/vitablanca.ma\/ar\/product-2\/jarrow-formulas-ubiquinol-qh-absorb-100-mg-60-capsules-a-enveloppe-molle\/","og_locale":"ar_AR","og_type":"article","og_title":"Jarrow Formulas Ubiquinol, 100 mg, 60 capsules - Maroc Prix","og_description":"Jarrow Formulas Ubiquinol QH-Absorb 100 mg 60 Softgels est une forme active de CoQ10 hautement biodisponible, soutenant la sant\u00e9 cardiovasculaire.","og_url":"https:\/\/vitablanca.ma\/ar\/product-2\/jarrow-formulas-ubiquinol-qh-absorb-100-mg-60-capsules-a-enveloppe-molle\/","og_site_name":"Vitablanca.ma &ndash; Sant&eacute;, vitalit&eacute; et bien-&ecirc;tre pour tous les Marocains","article_publisher":"https:\/\/www.facebook.com\/profile.php?id=61576678196717","article_modified_time":"2026-03-02T04:15:28+00:00","og_image":[{"width":680,"height":680,"url":"https:\/\/vitablanca.ma\/wp-content\/uploads\/2026\/02\/ubiquinol-qh-absorb-100-mg-60-capsules-a-enveloppe-.jpg","type":"image\/jpeg"}],"twitter_card":"summary_large_image","twitter_misc":{"\u0648\u0642\u062a \u0627\u0644\u0642\u0631\u0627\u0621\u0629 \u0627\u0644\u0645\u064f\u0642\u062f\u0651\u0631":"\u062f\u0642\u064a\u0642\u0629 \u0648\u0627\u062d\u062f\u0629"},"schema":{"@context":"https:\/\/schema.org","@graph":[{"@type":["WebPage","ItemPage"],"@id":"https:\/\/vitablanca.ma\/produit\/jarrow-formulas-ubiquinol-qh-absorb-100-mg-60-capsules-a-enveloppe-molle\/","url":"https:\/\/vitablanca.ma\/produit\/jarrow-formulas-ubiquinol-qh-absorb-100-mg-60-capsules-a-enveloppe-molle\/","name":"Jarrow Formulas Ubiquinol, 100 mg, 60 capsules - Maroc Prix","isPartOf":{"@id":"https:\/\/vitablanca.ma\/#website"},"primaryImageOfPage":{"@id":"https:\/\/vitablanca.ma\/produit\/jarrow-formulas-ubiquinol-qh-absorb-100-mg-60-capsules-a-enveloppe-molle\/#primaryimage"},"image":{"@id":"https:\/\/vitablanca.ma\/produit\/jarrow-formulas-ubiquinol-qh-absorb-100-mg-60-capsules-a-enveloppe-molle\/#primaryimage"},"thumbnailUrl":"https:\/\/vitablanca.ma\/wp-content\/uploads\/2026\/02\/ubiquinol-qh-absorb-100-mg-60-capsules-a-enveloppe-.jpg","datePublished":"2026-02-26T04:01:09+00:00","dateModified":"2026-03-02T04:15:28+00:00","description":"Jarrow Formulas Ubiquinol QH-Absorb 100 mg 60 Softgels est une forme active de CoQ10 hautement biodisponible, soutenant la sant\u00e9 cardiovasculaire.","breadcrumb":{"@id":"https:\/\/vitablanca.ma\/produit\/jarrow-formulas-ubiquinol-qh-absorb-100-mg-60-capsules-a-enveloppe-molle\/#breadcrumb"},"inLanguage":"ar","potentialAction":[{"@type":"ReadAction","target":["https:\/\/vitablanca.ma\/produit\/jarrow-formulas-ubiquinol-qh-absorb-100-mg-60-capsules-a-enveloppe-molle\/"]}]},{"@type":"ImageObject","inLanguage":"ar","@id":"https:\/\/vitablanca.ma\/produit\/jarrow-formulas-ubiquinol-qh-absorb-100-mg-60-capsules-a-enveloppe-molle\/#primaryimage","url":"https:\/\/vitablanca.ma\/wp-content\/uploads\/2026\/02\/ubiquinol-qh-absorb-100-mg-60-capsules-a-enveloppe-.jpg","contentUrl":"https:\/\/vitablanca.ma\/wp-content\/uploads\/2026\/02\/ubiquinol-qh-absorb-100-mg-60-capsules-a-enveloppe-.jpg","width":680,"height":680},{"@type":"BreadcrumbList","@id":"https:\/\/vitablanca.ma\/produit\/jarrow-formulas-ubiquinol-qh-absorb-100-mg-60-capsules-a-enveloppe-molle\/#breadcrumb","itemListElement":[{"@type":"ListItem","position":1,"name":"Home","item":"https:\/\/vitablanca.ma\/"},{"@type":"ListItem","position":2,"name":"Tous Les Produits","item":"https:\/\/vitablanca.ma\/tous-les-produits\/"},{"@type":"ListItem","position":3,"name":"Jarrow Formulas Ubiquinol, QH-Absorb, 100 mg, 60 capsules \u00e0 enveloppe molle"}]},{"@type":"WebSite","@id":"https:\/\/vitablanca.ma\/#website","url":"https:\/\/vitablanca.ma\/","name":"VitaBlanca.ma | \u0627\u0644\u0645\u0643\u0645\u0644\u0627\u062a \u0627\u0644\u063a\u0630\u0627\u0626\u064a\u0629\u060c \u0627\u0644\u0635\u062d\u0629 \u0648\u0627\u0644\u062c\u0645\u0627\u0644 \u0641\u064a \u0627\u0644\u0645\u063a\u0631\u0628","description":"\u0646\u0628\u064a\u0639 \u0641\u064a\u062a\u0627\u0645\u064a\u0646\u0627\u062a \u0648\u0645\u0643\u0645\u0644\u0627\u062a \u063a\u0630\u0627\u0626\u064a\u0629 \u0641\u0627\u062e\u0631\u0629 \u0645\u0646 \u0627\u0644\u0648\u0644\u0627\u064a\u0627\u062a \u0627\u0644\u0645\u062a\u062d\u062f\u0629 \u0627\u0644\u0623\u0645\u0631\u064a\u0643\u064a\u0629 \u0648\u0643\u0646\u062f\u0627 \u0648\u0646\u064a\u0648\u0632\u064a\u0644\u0646\u062f\u0627 \u0648\u0627\u0644\u0645\u063a\u0631\u0628 (\u0646\u0627\u0648 \u0641\u0648\u062f\u0632\u060c \u0633\u0648\u0644\u062c\u0627\u0631\u060c \u0645\u0627\u0646\u0648\u0643\u0627). \u062a\u0648\u0635\u064a\u0644 \u0633\u0631\u064a\u0639 \u0625\u0644\u0649 \u062c\u0645\u064a\u0639 \u0623\u0646\u062d\u0627\u0621 \u0627\u0644\u0645\u063a\u0631\u0628.","publisher":{"@id":"https:\/\/vitablanca.ma\/#organization"},"alternateName":"VitaBlanca.ma","potentialAction":[{"@type":"SearchAction","target":{"@type":"EntryPoint","urlTemplate":"https:\/\/vitablanca.ma\/?s={search_term_string}"},"query-input":{"@type":"PropertyValueSpecification","valueRequired":true,"valueName":"search_term_string"}}],"inLanguage":"ar"},{"@type":"Organization","@id":"https:\/\/vitablanca.ma\/#organization","name":"\u0641\u064a\u062a\u0627\u0628\u0644\u0627\u0646\u0643\u0627","url":"https:\/\/vitablanca.ma\/","logo":{"@type":"ImageObject","inLanguage":"ar","@id":"https:\/\/vitablanca.ma\/#\/schema\/logo\/image\/","url":"https:\/\/vitablanca.ma\/wp-content\/uploads\/2025\/05\/cropped-vitablanca.png","contentUrl":"https:\/\/vitablanca.ma\/wp-content\/uploads\/2025\/05\/cropped-vitablanca.png","width":360,"height":67,"caption":"VitaBlanca"},"image":{"@id":"https:\/\/vitablanca.ma\/#\/schema\/logo\/image\/"},"sameAs":["https:\/\/www.facebook.com\/profile.php?id=61576678196717","https:\/\/www.tiktok.com\/@vitablanca.ma","https:\/\/www.instagram.com\/vitablanca.ma\/"]}]}},"jetpack_sharing_enabled":true,"_links":{"self":[{"href":"https:\/\/vitablanca.ma\/ar\/wp-json\/wp\/v2\/product\/30522","targetHints":{"allow":["GET"]}}],"collection":[{"href":"https:\/\/vitablanca.ma\/ar\/wp-json\/wp\/v2\/product"}],"about":[{"href":"https:\/\/vitablanca.ma\/ar\/wp-json\/wp\/v2\/types\/product"}],"wp:featuredmedia":[{"embeddable":true,"href":"https:\/\/vitablanca.ma\/ar\/wp-json\/wp\/v2\/media\/30523"}],"wp:attachment":[{"href":"https:\/\/vitablanca.ma\/ar\/wp-json\/wp\/v2\/media?parent=30522"}],"wp:term":[{"taxonomy":"product_brand","embeddable":true,"href":"https:\/\/vitablanca.ma\/ar\/wp-json\/wp\/v2\/product_brand?post=30522"},{"taxonomy":"product_cat","embeddable":true,"href":"https:\/\/vitablanca.ma\/ar\/wp-json\/wp\/v2\/product_cat?post=30522"},{"taxonomy":"product_tag","embeddable":true,"href":"https:\/\/vitablanca.ma\/ar\/wp-json\/wp\/v2\/product_tag?post=30522"}],"curies":[{"name":"wp","href":"https:\/\/api.w.org\/{rel}","templated":true}]}}