{"id":30490,"date":"2026-02-25T23:07:18","date_gmt":"2026-02-25T23:07:18","guid":{"rendered":"https:\/\/vitablanca.ma\/?post_type=product&#038;p=30490"},"modified":"2026-03-02T04:15:29","modified_gmt":"2026-03-02T04:15:29","slug":"doctors-best-trans-resveratrol-a-haute-efficacite-600-600-mg-60-capsules-vegetariennes","status":"publish","type":"product","link":"https:\/\/vitablanca.ma\/ar\/product-2\/doctors-best-trans-resveratrol-a-haute-efficacite-600-600-mg-60-capsules-vegetariennes\/","title":{"rendered":"Doctor&rsquo;s BEST Trans-resv\u00e9ratrol \u00e0 haute efficacit\u00e9 600, 600 mg, 60 capsules v\u00e9g\u00e9tariennes"},"content":{"rendered":"<p>Le trans-resv\u00e9ratrol \u00e0 haute efficacit\u00e9 600 de Doctor&rsquo;s Best fournit des taux hautement concentr\u00e9s de trans-resv\u00e9ratrol (pur \u00e0 98 %) issu de racine de renou\u00e9e du Japon. Le trans-resv\u00e9ratrol est un antioxydant unique capable de franchir efficacement la barri\u00e8re h\u00e9mato-enc\u00e9phalique.<\/p>\n<p>Ce trans-resv\u00e9ratrol est garanti par le syst\u00e8me d\u2019assurance qualit\u00e9 ProfileProven\u00ae d\u00e9velopp\u00e9 par Ethical Naturals, Inc. Ce processus comprend les tests et contr\u00f4les les plus approfondis \u00e0 chaque \u00e9tape de la fabrication afin de garantir puret\u00e9 et puissance.<\/p>\n<p>Le trans-resv\u00e9ratrol agit en tant que puissant antioxydant<\/p>\n<p>Prot\u00e8ge les cellules contre les dommages des radicaux libres<\/p>\n<p>Contribue \u00e0 r\u00e9duire le stress oxydatif<\/p>\n<p>98 % de trans-resv\u00e9ratrol pur<\/p>\n<p>\u0627\u0644\u0627\u0633\u062a\u062e\u062f\u0627\u0645 \u0627\u0644\u0645\u0642\u062a\u0631\u062d<\/p>\n<p>Chez l&rsquo;adulte : prenez 1 capsule par jour en mangeant<\/p>","protected":false},"excerpt":{"rendered":"<p>Le trans-resv\u00e9ratrol \u00e0 haute efficacit\u00e9 600 de Doctor&rsquo;s Best fournit des taux hautement concentr\u00e9s de trans-resv\u00e9ratrol (pur \u00e0 98 %) issu de racine de renou\u00e9e du Japon. Le trans-resv\u00e9ratrol est un antioxydant unique capable de franchir efficacement la barri\u00e8re h\u00e9mato-enc\u00e9phalique. Ce trans-resv\u00e9ratrol est garanti par le syst\u00e8me d\u2019assurance qualit\u00e9 ProfileProven\u00ae d\u00e9velopp\u00e9 par Ethical Naturals, Inc. [&hellip;]<\/p>\n","protected":false},"featured_media":30492,"template":"","meta":{"om_disable_all_campaigns":false},"product_brand":[1982],"product_cat":[18,3366,130],"product_tag":[4083,967,3318,10830,3872,1983,10811,4263,10812,10955,242,220,834,1012,10956,10954],"class_list":{"0":"post-30490","1":"product","2":"type-product","3":"status-publish","4":"has-post-thumbnail","6":"product_brand-doctors-best-maroc-prix","7":"product_cat-beaute-sante","8":"product_cat-complements-alimentaires-au-maroc-vitablanca","9":"product_cat-vitamines","10":"product_tag-60-capsules","11":"product_tag-anti-age-naturel","12":"product_tag-capsules-vegetariennes","13":"product_tag-complement-alimentaire-vegan","14":"product_tag-complement-antioxydant","15":"product_tag-doctors-best","16":"product_tag-extrait-de-renouee-du-japon","17":"product_tag-longevite","18":"product_tag-polyphenols","19":"product_tag-resveratrol-haute-efficacite","20":"product_tag-sans-gluten","21":"product_tag-sans-ogm","22":"product_tag-sante-cardiovasculaire","23":"product_tag-sante-cellulaire","24":"product_tag-stress-oxydatif","25":"product_tag-trans-resveratrol-600-mg","27":"first","28":"instock","29":"taxable","30":"shipping-taxable","31":"purchasable","32":"product-type-simple"},"yoast_head":"<!-- This site is optimized with the Yoast SEO plugin v27.4 - https:\/\/yoast.com\/product\/yoast-seo-wordpress\/ -->\n<title>Doctor&#039;s BEST Trans-resv\u00e9ratrol - Maroc Prix<\/title>\n<meta name=\"description\" content=\"Doctor&#039;s Best Trans-Resveratrol 600 mg 60 Veggie Caps est un compl\u00e9ment antioxydant haute efficacit\u00e9 \u00e0 base de trans-resv\u00e9ratrol pur\" \/>\n<meta name=\"robots\" content=\"index, follow, max-snippet:-1, max-image-preview:large, max-video-preview:-1\" \/>\n<link rel=\"canonical\" href=\"https:\/\/vitablanca.ma\/ar\/product-2\/doctors-best-trans-resveratrol-a-haute-efficacite-600-600-mg-60-capsules-vegetariennes\/\" \/>\n<meta property=\"og:locale\" content=\"ar_AR\" \/>\n<meta property=\"og:type\" content=\"article\" \/>\n<meta property=\"og:title\" content=\"Doctor&#039;s BEST Trans-resv\u00e9ratrol - Maroc Prix\" \/>\n<meta property=\"og:description\" content=\"Doctor&#039;s Best Trans-Resveratrol 600 mg 60 Veggie Caps est un compl\u00e9ment antioxydant haute efficacit\u00e9 \u00e0 base de trans-resv\u00e9ratrol pur\" \/>\n<meta property=\"og:url\" content=\"https:\/\/vitablanca.ma\/ar\/product-2\/doctors-best-trans-resveratrol-a-haute-efficacite-600-600-mg-60-capsules-vegetariennes\/\" \/>\n<meta property=\"og:site_name\" content=\"Vitablanca.ma &ndash; Sant&eacute;, vitalit&eacute; et bien-&ecirc;tre pour tous les Marocains\" \/>\n<meta property=\"article:publisher\" content=\"https:\/\/www.facebook.com\/profile.php?id=61576678196717\" \/>\n<meta property=\"article:modified_time\" content=\"2026-03-02T04:15:29+00:00\" \/>\n<meta property=\"og:image\" content=\"https:\/\/vitablanca.ma\/wp-content\/uploads\/2025\/06\/Magnesium_2024_1400_x787_002.jpg\" \/>\n\t<meta property=\"og:image:width\" content=\"950\" \/>\n\t<meta property=\"og:image:height\" content=\"534\" \/>\n\t<meta property=\"og:image:type\" content=\"image\/jpeg\" \/>\n<meta name=\"twitter:card\" content=\"summary_large_image\" \/>\n<meta name=\"twitter:label1\" content=\"\u0648\u0642\u062a \u0627\u0644\u0642\u0631\u0627\u0621\u0629 \u0627\u0644\u0645\u064f\u0642\u062f\u0651\u0631\" \/>\n\t<meta name=\"twitter:data1\" content=\"\u062f\u0642\u064a\u0642\u0629 \u0648\u0627\u062d\u062f\u0629\" \/>\n<script type=\"application\/ld+json\" class=\"yoast-schema-graph\">{\"@context\":\"https:\\\/\\\/schema.org\",\"@graph\":[{\"@type\":[\"WebPage\",\"ItemPage\"],\"@id\":\"https:\\\/\\\/vitablanca.ma\\\/produit\\\/doctors-best-trans-resveratrol-a-haute-efficacite-600-600-mg-60-capsules-vegetariennes\\\/\",\"url\":\"https:\\\/\\\/vitablanca.ma\\\/produit\\\/doctors-best-trans-resveratrol-a-haute-efficacite-600-600-mg-60-capsules-vegetariennes\\\/\",\"name\":\"Doctor's BEST Trans-resv\u00e9ratrol - Maroc Prix\",\"isPartOf\":{\"@id\":\"https:\\\/\\\/vitablanca.ma\\\/#website\"},\"primaryImageOfPage\":{\"@id\":\"https:\\\/\\\/vitablanca.ma\\\/produit\\\/doctors-best-trans-resveratrol-a-haute-efficacite-600-600-mg-60-capsules-vegetariennes\\\/#primaryimage\"},\"image\":{\"@id\":\"https:\\\/\\\/vitablanca.ma\\\/produit\\\/doctors-best-trans-resveratrol-a-haute-efficacite-600-600-mg-60-capsules-vegetariennes\\\/#primaryimage\"},\"thumbnailUrl\":\"https:\\\/\\\/vitablanca.ma\\\/wp-content\\\/uploads\\\/2026\\\/02\\\/trans-resveratrol-a-haute-efficacite-600-600-mg-60-capsules.avif\",\"datePublished\":\"2026-02-25T23:07:18+00:00\",\"dateModified\":\"2026-03-02T04:15:29+00:00\",\"description\":\"Doctor's Best Trans-Resveratrol 600 mg 60 Veggie Caps est un compl\u00e9ment antioxydant haute efficacit\u00e9 \u00e0 base de trans-resv\u00e9ratrol pur\",\"breadcrumb\":{\"@id\":\"https:\\\/\\\/vitablanca.ma\\\/produit\\\/doctors-best-trans-resveratrol-a-haute-efficacite-600-600-mg-60-capsules-vegetariennes\\\/#breadcrumb\"},\"inLanguage\":\"ar\",\"potentialAction\":[{\"@type\":\"ReadAction\",\"target\":[\"https:\\\/\\\/vitablanca.ma\\\/produit\\\/doctors-best-trans-resveratrol-a-haute-efficacite-600-600-mg-60-capsules-vegetariennes\\\/\"]}]},{\"@type\":\"ImageObject\",\"inLanguage\":\"ar\",\"@id\":\"https:\\\/\\\/vitablanca.ma\\\/produit\\\/doctors-best-trans-resveratrol-a-haute-efficacite-600-600-mg-60-capsules-vegetariennes\\\/#primaryimage\",\"url\":\"https:\\\/\\\/vitablanca.ma\\\/wp-content\\\/uploads\\\/2026\\\/02\\\/trans-resveratrol-a-haute-efficacite-600-600-mg-60-capsules.avif\",\"contentUrl\":\"https:\\\/\\\/vitablanca.ma\\\/wp-content\\\/uploads\\\/2026\\\/02\\\/trans-resveratrol-a-haute-efficacite-600-600-mg-60-capsules.avif\",\"width\":1600,\"height\":1600},{\"@type\":\"BreadcrumbList\",\"@id\":\"https:\\\/\\\/vitablanca.ma\\\/produit\\\/doctors-best-trans-resveratrol-a-haute-efficacite-600-600-mg-60-capsules-vegetariennes\\\/#breadcrumb\",\"itemListElement\":[{\"@type\":\"ListItem\",\"position\":1,\"name\":\"Home\",\"item\":\"https:\\\/\\\/vitablanca.ma\\\/\"},{\"@type\":\"ListItem\",\"position\":2,\"name\":\"Tous Les Produits\",\"item\":\"https:\\\/\\\/vitablanca.ma\\\/tous-les-produits\\\/\"},{\"@type\":\"ListItem\",\"position\":3,\"name\":\"Doctor&#8217;s BEST Trans-resv\u00e9ratrol \u00e0 haute efficacit\u00e9 600, 600 mg, 60 capsules v\u00e9g\u00e9tariennes\"}]},{\"@type\":\"WebSite\",\"@id\":\"https:\\\/\\\/vitablanca.ma\\\/#website\",\"url\":\"https:\\\/\\\/vitablanca.ma\\\/\",\"name\":\"VitaBlanca.ma | Compl\u00e9ments alimentaires, sant\u00e9 & beaut\u00e9 au Maroc\",\"description\":\"vendre vitamines et compl\u00e9ments premium des USA &amp; Canada, Nouvelle Z\u00e9lande,Maroc (NOW Foods, Solgar, Manuka). Livraison rapide partout au Maroc.\",\"publisher\":{\"@id\":\"https:\\\/\\\/vitablanca.ma\\\/#organization\"},\"alternateName\":\"VitaBlanca.ma\",\"potentialAction\":[{\"@type\":\"SearchAction\",\"target\":{\"@type\":\"EntryPoint\",\"urlTemplate\":\"https:\\\/\\\/vitablanca.ma\\\/?s={search_term_string}\"},\"query-input\":{\"@type\":\"PropertyValueSpecification\",\"valueRequired\":true,\"valueName\":\"search_term_string\"}}],\"inLanguage\":\"ar\"},{\"@type\":\"Organization\",\"@id\":\"https:\\\/\\\/vitablanca.ma\\\/#organization\",\"name\":\"VitaBlanca\",\"url\":\"https:\\\/\\\/vitablanca.ma\\\/\",\"logo\":{\"@type\":\"ImageObject\",\"inLanguage\":\"ar\",\"@id\":\"https:\\\/\\\/vitablanca.ma\\\/#\\\/schema\\\/logo\\\/image\\\/\",\"url\":\"https:\\\/\\\/vitablanca.ma\\\/wp-content\\\/uploads\\\/2025\\\/05\\\/cropped-vitablanca.png\",\"contentUrl\":\"https:\\\/\\\/vitablanca.ma\\\/wp-content\\\/uploads\\\/2025\\\/05\\\/cropped-vitablanca.png\",\"width\":360,\"height\":67,\"caption\":\"VitaBlanca\"},\"image\":{\"@id\":\"https:\\\/\\\/vitablanca.ma\\\/#\\\/schema\\\/logo\\\/image\\\/\"},\"sameAs\":[\"https:\\\/\\\/www.facebook.com\\\/profile.php?id=61576678196717\",\"https:\\\/\\\/www.tiktok.com\\\/@vitablanca.ma\",\"https:\\\/\\\/www.instagram.com\\\/vitablanca.ma\\\/\"]}]}<\/script>\n<!-- \/ Yoast SEO plugin. -->","yoast_head_json":{"title":"Doctor's BEST Trans-resv\u00e9ratrol - Maroc Prix","description":"Doctor's Best Trans-Resveratrol 600 mg 60 Veggie Caps est un compl\u00e9ment antioxydant haute efficacit\u00e9 \u00e0 base de trans-resv\u00e9ratrol pur","robots":{"index":"index","follow":"follow","max-snippet":"max-snippet:-1","max-image-preview":"max-image-preview:large","max-video-preview":"max-video-preview:-1"},"canonical":"https:\/\/vitablanca.ma\/ar\/product-2\/doctors-best-trans-resveratrol-a-haute-efficacite-600-600-mg-60-capsules-vegetariennes\/","og_locale":"ar_AR","og_type":"article","og_title":"Doctor's BEST Trans-resv\u00e9ratrol - Maroc Prix","og_description":"Doctor's Best Trans-Resveratrol 600 mg 60 Veggie Caps est un compl\u00e9ment antioxydant haute efficacit\u00e9 \u00e0 base de trans-resv\u00e9ratrol pur","og_url":"https:\/\/vitablanca.ma\/ar\/product-2\/doctors-best-trans-resveratrol-a-haute-efficacite-600-600-mg-60-capsules-vegetariennes\/","og_site_name":"Vitablanca.ma &ndash; Sant&eacute;, vitalit&eacute; et bien-&ecirc;tre pour tous les Marocains","article_publisher":"https:\/\/www.facebook.com\/profile.php?id=61576678196717","article_modified_time":"2026-03-02T04:15:29+00:00","og_image":[{"width":950,"height":534,"url":"https:\/\/vitablanca.ma\/wp-content\/uploads\/2025\/06\/Magnesium_2024_1400_x787_002.jpg","type":"image\/jpeg"}],"twitter_card":"summary_large_image","twitter_misc":{"\u0648\u0642\u062a \u0627\u0644\u0642\u0631\u0627\u0621\u0629 \u0627\u0644\u0645\u064f\u0642\u062f\u0651\u0631":"\u062f\u0642\u064a\u0642\u0629 \u0648\u0627\u062d\u062f\u0629"},"schema":{"@context":"https:\/\/schema.org","@graph":[{"@type":["WebPage","ItemPage"],"@id":"https:\/\/vitablanca.ma\/produit\/doctors-best-trans-resveratrol-a-haute-efficacite-600-600-mg-60-capsules-vegetariennes\/","url":"https:\/\/vitablanca.ma\/produit\/doctors-best-trans-resveratrol-a-haute-efficacite-600-600-mg-60-capsules-vegetariennes\/","name":"Doctor's BEST Trans-resv\u00e9ratrol - Maroc Prix","isPartOf":{"@id":"https:\/\/vitablanca.ma\/#website"},"primaryImageOfPage":{"@id":"https:\/\/vitablanca.ma\/produit\/doctors-best-trans-resveratrol-a-haute-efficacite-600-600-mg-60-capsules-vegetariennes\/#primaryimage"},"image":{"@id":"https:\/\/vitablanca.ma\/produit\/doctors-best-trans-resveratrol-a-haute-efficacite-600-600-mg-60-capsules-vegetariennes\/#primaryimage"},"thumbnailUrl":"https:\/\/vitablanca.ma\/wp-content\/uploads\/2026\/02\/trans-resveratrol-a-haute-efficacite-600-600-mg-60-capsules.avif","datePublished":"2026-02-25T23:07:18+00:00","dateModified":"2026-03-02T04:15:29+00:00","description":"Doctor's Best Trans-Resveratrol 600 mg 60 Veggie Caps est un compl\u00e9ment antioxydant haute efficacit\u00e9 \u00e0 base de trans-resv\u00e9ratrol pur","breadcrumb":{"@id":"https:\/\/vitablanca.ma\/produit\/doctors-best-trans-resveratrol-a-haute-efficacite-600-600-mg-60-capsules-vegetariennes\/#breadcrumb"},"inLanguage":"ar","potentialAction":[{"@type":"ReadAction","target":["https:\/\/vitablanca.ma\/produit\/doctors-best-trans-resveratrol-a-haute-efficacite-600-600-mg-60-capsules-vegetariennes\/"]}]},{"@type":"ImageObject","inLanguage":"ar","@id":"https:\/\/vitablanca.ma\/produit\/doctors-best-trans-resveratrol-a-haute-efficacite-600-600-mg-60-capsules-vegetariennes\/#primaryimage","url":"https:\/\/vitablanca.ma\/wp-content\/uploads\/2026\/02\/trans-resveratrol-a-haute-efficacite-600-600-mg-60-capsules.avif","contentUrl":"https:\/\/vitablanca.ma\/wp-content\/uploads\/2026\/02\/trans-resveratrol-a-haute-efficacite-600-600-mg-60-capsules.avif","width":1600,"height":1600},{"@type":"BreadcrumbList","@id":"https:\/\/vitablanca.ma\/produit\/doctors-best-trans-resveratrol-a-haute-efficacite-600-600-mg-60-capsules-vegetariennes\/#breadcrumb","itemListElement":[{"@type":"ListItem","position":1,"name":"Home","item":"https:\/\/vitablanca.ma\/"},{"@type":"ListItem","position":2,"name":"Tous Les Produits","item":"https:\/\/vitablanca.ma\/tous-les-produits\/"},{"@type":"ListItem","position":3,"name":"Doctor&#8217;s BEST Trans-resv\u00e9ratrol \u00e0 haute efficacit\u00e9 600, 600 mg, 60 capsules v\u00e9g\u00e9tariennes"}]},{"@type":"WebSite","@id":"https:\/\/vitablanca.ma\/#website","url":"https:\/\/vitablanca.ma\/","name":"VitaBlanca.ma | \u0627\u0644\u0645\u0643\u0645\u0644\u0627\u062a \u0627\u0644\u063a\u0630\u0627\u0626\u064a\u0629\u060c \u0627\u0644\u0635\u062d\u0629 \u0648\u0627\u0644\u062c\u0645\u0627\u0644 \u0641\u064a \u0627\u0644\u0645\u063a\u0631\u0628","description":"\u0646\u0628\u064a\u0639 \u0641\u064a\u062a\u0627\u0645\u064a\u0646\u0627\u062a \u0648\u0645\u0643\u0645\u0644\u0627\u062a \u063a\u0630\u0627\u0626\u064a\u0629 \u0641\u0627\u062e\u0631\u0629 \u0645\u0646 \u0627\u0644\u0648\u0644\u0627\u064a\u0627\u062a \u0627\u0644\u0645\u062a\u062d\u062f\u0629 \u0627\u0644\u0623\u0645\u0631\u064a\u0643\u064a\u0629 \u0648\u0643\u0646\u062f\u0627 \u0648\u0646\u064a\u0648\u0632\u064a\u0644\u0646\u062f\u0627 \u0648\u0627\u0644\u0645\u063a\u0631\u0628 (\u0646\u0627\u0648 \u0641\u0648\u062f\u0632\u060c \u0633\u0648\u0644\u062c\u0627\u0631\u060c \u0645\u0627\u0646\u0648\u0643\u0627). \u062a\u0648\u0635\u064a\u0644 \u0633\u0631\u064a\u0639 \u0625\u0644\u0649 \u062c\u0645\u064a\u0639 \u0623\u0646\u062d\u0627\u0621 \u0627\u0644\u0645\u063a\u0631\u0628.","publisher":{"@id":"https:\/\/vitablanca.ma\/#organization"},"alternateName":"VitaBlanca.ma","potentialAction":[{"@type":"SearchAction","target":{"@type":"EntryPoint","urlTemplate":"https:\/\/vitablanca.ma\/?s={search_term_string}"},"query-input":{"@type":"PropertyValueSpecification","valueRequired":true,"valueName":"search_term_string"}}],"inLanguage":"ar"},{"@type":"Organization","@id":"https:\/\/vitablanca.ma\/#organization","name":"\u0641\u064a\u062a\u0627\u0628\u0644\u0627\u0646\u0643\u0627","url":"https:\/\/vitablanca.ma\/","logo":{"@type":"ImageObject","inLanguage":"ar","@id":"https:\/\/vitablanca.ma\/#\/schema\/logo\/image\/","url":"https:\/\/vitablanca.ma\/wp-content\/uploads\/2025\/05\/cropped-vitablanca.png","contentUrl":"https:\/\/vitablanca.ma\/wp-content\/uploads\/2025\/05\/cropped-vitablanca.png","width":360,"height":67,"caption":"VitaBlanca"},"image":{"@id":"https:\/\/vitablanca.ma\/#\/schema\/logo\/image\/"},"sameAs":["https:\/\/www.facebook.com\/profile.php?id=61576678196717","https:\/\/www.tiktok.com\/@vitablanca.ma","https:\/\/www.instagram.com\/vitablanca.ma\/"]}]}},"jetpack_sharing_enabled":true,"_links":{"self":[{"href":"https:\/\/vitablanca.ma\/ar\/wp-json\/wp\/v2\/product\/30490","targetHints":{"allow":["GET"]}}],"collection":[{"href":"https:\/\/vitablanca.ma\/ar\/wp-json\/wp\/v2\/product"}],"about":[{"href":"https:\/\/vitablanca.ma\/ar\/wp-json\/wp\/v2\/types\/product"}],"wp:featuredmedia":[{"embeddable":true,"href":"https:\/\/vitablanca.ma\/ar\/wp-json\/wp\/v2\/media\/30492"}],"wp:attachment":[{"href":"https:\/\/vitablanca.ma\/ar\/wp-json\/wp\/v2\/media?parent=30490"}],"wp:term":[{"taxonomy":"product_brand","embeddable":true,"href":"https:\/\/vitablanca.ma\/ar\/wp-json\/wp\/v2\/product_brand?post=30490"},{"taxonomy":"product_cat","embeddable":true,"href":"https:\/\/vitablanca.ma\/ar\/wp-json\/wp\/v2\/product_cat?post=30490"},{"taxonomy":"product_tag","embeddable":true,"href":"https:\/\/vitablanca.ma\/ar\/wp-json\/wp\/v2\/product_tag?post=30490"}],"curies":[{"name":"wp","href":"https:\/\/api.w.org\/{rel}","templated":true}]}}