{"id":30435,"date":"2026-02-24T16:49:28","date_gmt":"2026-02-24T16:49:28","guid":{"rendered":"https:\/\/vitablanca.ma\/?post_type=product&#038;p=30435"},"modified":"2026-03-02T04:15:30","modified_gmt":"2026-03-02T04:15:30","slug":"mrm-nutrition-whole-food-organic-fiber-256-g","status":"publish","type":"product","link":"https:\/\/vitablanca.ma\/ar\/product-2\/mrm-nutrition-whole-food-organic-fiber-256-g\/","title":{"rendered":"MRM Nutrition Whole Food Organic Fiber \u2013 256 g"},"content":{"rendered":"<h2>MRM Nutrition Whole Food Organic Fiber \u2013 256 g<\/h2>\n<p data-start=\"165\" data-end=\"546\">\u0627\u0644\u00a0<strong data-start=\"168\" data-end=\"200\">MRM Whole Food Organic Fiber<\/strong>\u00a0\u0647\u0648\u00a0<strong data-start=\"209\" data-end=\"252\">source naturelle de fibres alimentaires<\/strong>\u00a0issues d\u2019aliments entiers et biologiques. Il favorise la\u00a0<strong data-start=\"310\" data-end=\"329\">sant\u00e9 digestive<\/strong>, r\u00e9gule le\u00a0<strong data-start=\"341\" data-end=\"363\">transit intestinal<\/strong>\u00a0et contribue \u00e0 la\u00a0<strong data-start=\"382\" data-end=\"402\">gestion du poids<\/strong>. Ce compl\u00e9ment aide \u00e9galement \u00e0 maintenir un\u00a0<strong data-start=\"448\" data-end=\"472\">\u00e9quilibre glyc\u00e9mique<\/strong>\u00a0et soutient la sant\u00e9 globale gr\u00e2ce \u00e0 ses fibres solubles et insolubles.<\/p>\n<h2>\u0641\u0648\u0627\u0626\u062f<\/h2>\n<ul>\n<li data-start=\"585\" data-end=\"646\">\n<p data-start=\"587\" data-end=\"646\">Soutient la\u00a0<strong data-start=\"599\" data-end=\"643\">sant\u00e9 digestive et le transit intestinal<\/strong>.<\/p>\n<\/li>\n<li data-start=\"647\" data-end=\"718\">\n<p data-start=\"649\" data-end=\"718\">Contribue \u00e0 la\u00a0<strong data-start=\"664\" data-end=\"684\">gestion du poids<\/strong>\u00a0\u0648\u0625\u0644\u0649\u00a0<strong data-start=\"691\" data-end=\"715\">sentiment de sati\u00e9t\u00e9<\/strong>.<\/p>\n<\/li>\n<li data-start=\"719\" data-end=\"786\">\n<p data-start=\"721\" data-end=\"786\">Aide \u00e0\u00a0<strong data-start=\"728\" data-end=\"754\">stabiliser la glyc\u00e9mie<\/strong>\u00a0et r\u00e9duire les pics de sucre.<\/p>\n<\/li>\n<li data-start=\"787\" data-end=\"867\">\n<p data-start=\"789\" data-end=\"867\">Riche en\u00a0<strong data-start=\"798\" data-end=\"831\">fibres solubles et insolubles<\/strong>\u00a0pour un confort digestif optimal.<\/p>\n<\/li>\n<\/ul>","protected":false},"excerpt":{"rendered":"<p>MRM Nutrition Whole Food Organic Fiber \u2013 256 g Le\u00a0MRM Whole Food Organic Fiber\u00a0est une\u00a0source naturelle de fibres alimentaires\u00a0issues d\u2019aliments entiers et biologiques. Il favorise la\u00a0sant\u00e9 digestive, r\u00e9gule le\u00a0transit intestinal\u00a0et contribue \u00e0 la\u00a0gestion du poids. Ce compl\u00e9ment aide \u00e9galement \u00e0 maintenir un\u00a0\u00e9quilibre glyc\u00e9mique\u00a0et soutient la sant\u00e9 globale gr\u00e2ce \u00e0 ses fibres solubles et insolubles. BIENFAITS [&hellip;]<\/p>\n","protected":false},"featured_media":30438,"template":"","meta":{"om_disable_all_campaigns":false},"product_brand":[9577],"product_cat":[18,8967,3366],"product_tag":[5026,1757,800,10860,10856,10859,807,10807,10854,10857,10858,955,10855,4274],"class_list":{"0":"post-30435","1":"product","2":"type-product","3":"status-publish","4":"has-post-thumbnail","6":"product_brand-mrm-nutrition","7":"product_cat-beaute-sante","8":"product_cat-complements","9":"product_cat-complements-alimentaires-au-maroc-vitablanca","10":"product_tag-bien-etre-digestif","11":"product_tag-complement-naturel","12":"product_tag-digestion-saine","13":"product_tag-fibre-bio","14":"product_tag-fibre-organique","15":"product_tag-fibre-vegetale","16":"product_tag-fibres-alimentaires","17":"product_tag-mrm-nutrition","18":"product_tag-mrm-whole-food-organic-fiber","19":"product_tag-nutrition-saine","20":"product_tag-poudre-de-fibres","21":"product_tag-sante-intestinale","22":"product_tag-supplement-fibres","23":"product_tag-transit-intestinal","25":"first","26":"instock","27":"taxable","28":"shipping-taxable","29":"purchasable","30":"product-type-simple"},"yoast_head":"<!-- This site is optimized with the Yoast SEO plugin v27.4 - https:\/\/yoast.com\/product\/yoast-seo-wordpress\/ -->\n<title>MRM NutritionWhole Food Organic Fiber \u2013 256 g Maroc Prix -<\/title>\n<meta name=\"description\" content=\"Am\u00e9liorez votre digestion et votre bien-\u00eatre intestinal avec MRM Whole Food Organic Fiber, une source naturelle et biologique de fibres alimentaires.\" \/>\n<meta name=\"robots\" content=\"index, follow, max-snippet:-1, max-image-preview:large, max-video-preview:-1\" \/>\n<link rel=\"canonical\" href=\"https:\/\/vitablanca.ma\/ar\/product-2\/mrm-nutrition-whole-food-organic-fiber-256-g\/\" \/>\n<meta property=\"og:locale\" content=\"ar_AR\" \/>\n<meta property=\"og:type\" content=\"article\" \/>\n<meta property=\"og:title\" content=\"MRM NutritionWhole Food Organic Fiber \u2013 256 g Maroc Prix -\" \/>\n<meta property=\"og:description\" content=\"Am\u00e9liorez votre digestion et votre bien-\u00eatre intestinal avec MRM Whole Food Organic Fiber, une source naturelle et biologique de fibres alimentaires.\" \/>\n<meta property=\"og:url\" content=\"https:\/\/vitablanca.ma\/ar\/product-2\/mrm-nutrition-whole-food-organic-fiber-256-g\/\" \/>\n<meta property=\"og:site_name\" content=\"Vitablanca.ma &ndash; Sant&eacute;, vitalit&eacute; et bien-&ecirc;tre pour tous les Marocains\" \/>\n<meta property=\"article:publisher\" content=\"https:\/\/www.facebook.com\/profile.php?id=61576678196717\" \/>\n<meta property=\"article:modified_time\" content=\"2026-03-02T04:15:30+00:00\" \/>\n<meta property=\"og:image\" content=\"https:\/\/vitablanca.ma\/wp-content\/uploads\/2025\/06\/Magnesium_2024_1400_x787_002.jpg\" \/>\n\t<meta property=\"og:image:width\" content=\"950\" \/>\n\t<meta property=\"og:image:height\" content=\"534\" \/>\n\t<meta property=\"og:image:type\" content=\"image\/jpeg\" \/>\n<meta name=\"twitter:card\" content=\"summary_large_image\" \/>\n<meta name=\"twitter:label1\" content=\"\u0648\u0642\u062a \u0627\u0644\u0642\u0631\u0627\u0621\u0629 \u0627\u0644\u0645\u064f\u0642\u062f\u0651\u0631\" \/>\n\t<meta name=\"twitter:data1\" content=\"\u062f\u0642\u064a\u0642\u0629 \u0648\u0627\u062d\u062f\u0629\" \/>\n<script type=\"application\/ld+json\" class=\"yoast-schema-graph\">{\"@context\":\"https:\\\/\\\/schema.org\",\"@graph\":[{\"@type\":[\"WebPage\",\"ItemPage\"],\"@id\":\"https:\\\/\\\/vitablanca.ma\\\/produit\\\/mrm-nutrition-whole-food-organic-fiber-256-g\\\/\",\"url\":\"https:\\\/\\\/vitablanca.ma\\\/produit\\\/mrm-nutrition-whole-food-organic-fiber-256-g\\\/\",\"name\":\"MRM NutritionWhole Food Organic Fiber \u2013 256 g Maroc Prix -\",\"isPartOf\":{\"@id\":\"https:\\\/\\\/vitablanca.ma\\\/#website\"},\"primaryImageOfPage\":{\"@id\":\"https:\\\/\\\/vitablanca.ma\\\/produit\\\/mrm-nutrition-whole-food-organic-fiber-256-g\\\/#primaryimage\"},\"image\":{\"@id\":\"https:\\\/\\\/vitablanca.ma\\\/produit\\\/mrm-nutrition-whole-food-organic-fiber-256-g\\\/#primaryimage\"},\"thumbnailUrl\":\"https:\\\/\\\/vitablanca.ma\\\/wp-content\\\/uploads\\\/2026\\\/02\\\/MRM-Nutrition.avif\",\"datePublished\":\"2026-02-24T16:49:28+00:00\",\"dateModified\":\"2026-03-02T04:15:30+00:00\",\"description\":\"Am\u00e9liorez votre digestion et votre bien-\u00eatre intestinal avec MRM Whole Food Organic Fiber, une source naturelle et biologique de fibres alimentaires.\",\"breadcrumb\":{\"@id\":\"https:\\\/\\\/vitablanca.ma\\\/produit\\\/mrm-nutrition-whole-food-organic-fiber-256-g\\\/#breadcrumb\"},\"inLanguage\":\"ar\",\"potentialAction\":[{\"@type\":\"ReadAction\",\"target\":[\"https:\\\/\\\/vitablanca.ma\\\/produit\\\/mrm-nutrition-whole-food-organic-fiber-256-g\\\/\"]}]},{\"@type\":\"ImageObject\",\"inLanguage\":\"ar\",\"@id\":\"https:\\\/\\\/vitablanca.ma\\\/produit\\\/mrm-nutrition-whole-food-organic-fiber-256-g\\\/#primaryimage\",\"url\":\"https:\\\/\\\/vitablanca.ma\\\/wp-content\\\/uploads\\\/2026\\\/02\\\/MRM-Nutrition.avif\",\"contentUrl\":\"https:\\\/\\\/vitablanca.ma\\\/wp-content\\\/uploads\\\/2026\\\/02\\\/MRM-Nutrition.avif\",\"width\":1600,\"height\":1600},{\"@type\":\"BreadcrumbList\",\"@id\":\"https:\\\/\\\/vitablanca.ma\\\/produit\\\/mrm-nutrition-whole-food-organic-fiber-256-g\\\/#breadcrumb\",\"itemListElement\":[{\"@type\":\"ListItem\",\"position\":1,\"name\":\"Home\",\"item\":\"https:\\\/\\\/vitablanca.ma\\\/\"},{\"@type\":\"ListItem\",\"position\":2,\"name\":\"Tous Les Produits\",\"item\":\"https:\\\/\\\/vitablanca.ma\\\/tous-les-produits\\\/\"},{\"@type\":\"ListItem\",\"position\":3,\"name\":\"MRM Nutrition Whole Food Organic Fiber \u2013 256 g\"}]},{\"@type\":\"WebSite\",\"@id\":\"https:\\\/\\\/vitablanca.ma\\\/#website\",\"url\":\"https:\\\/\\\/vitablanca.ma\\\/\",\"name\":\"VitaBlanca.ma | Compl\u00e9ments alimentaires, sant\u00e9 & beaut\u00e9 au Maroc\",\"description\":\"vendre vitamines et compl\u00e9ments premium des USA &amp; Canada, Nouvelle Z\u00e9lande,Maroc (NOW Foods, Solgar, Manuka). Livraison rapide partout au Maroc.\",\"publisher\":{\"@id\":\"https:\\\/\\\/vitablanca.ma\\\/#organization\"},\"alternateName\":\"VitaBlanca.ma\",\"potentialAction\":[{\"@type\":\"SearchAction\",\"target\":{\"@type\":\"EntryPoint\",\"urlTemplate\":\"https:\\\/\\\/vitablanca.ma\\\/?s={search_term_string}\"},\"query-input\":{\"@type\":\"PropertyValueSpecification\",\"valueRequired\":true,\"valueName\":\"search_term_string\"}}],\"inLanguage\":\"ar\"},{\"@type\":\"Organization\",\"@id\":\"https:\\\/\\\/vitablanca.ma\\\/#organization\",\"name\":\"VitaBlanca\",\"url\":\"https:\\\/\\\/vitablanca.ma\\\/\",\"logo\":{\"@type\":\"ImageObject\",\"inLanguage\":\"ar\",\"@id\":\"https:\\\/\\\/vitablanca.ma\\\/#\\\/schema\\\/logo\\\/image\\\/\",\"url\":\"https:\\\/\\\/vitablanca.ma\\\/wp-content\\\/uploads\\\/2025\\\/05\\\/cropped-vitablanca.png\",\"contentUrl\":\"https:\\\/\\\/vitablanca.ma\\\/wp-content\\\/uploads\\\/2025\\\/05\\\/cropped-vitablanca.png\",\"width\":360,\"height\":67,\"caption\":\"VitaBlanca\"},\"image\":{\"@id\":\"https:\\\/\\\/vitablanca.ma\\\/#\\\/schema\\\/logo\\\/image\\\/\"},\"sameAs\":[\"https:\\\/\\\/www.facebook.com\\\/profile.php?id=61576678196717\",\"https:\\\/\\\/www.tiktok.com\\\/@vitablanca.ma\",\"https:\\\/\\\/www.instagram.com\\\/vitablanca.ma\\\/\"]}]}<\/script>\n<!-- \/ Yoast SEO plugin. -->","yoast_head_json":{"title":"MRM NutritionWhole Food Organic Fiber \u2013 256 g Maroc Prix -","description":"Am\u00e9liorez votre digestion et votre bien-\u00eatre intestinal avec MRM Whole Food Organic Fiber, une source naturelle et biologique de fibres alimentaires.","robots":{"index":"index","follow":"follow","max-snippet":"max-snippet:-1","max-image-preview":"max-image-preview:large","max-video-preview":"max-video-preview:-1"},"canonical":"https:\/\/vitablanca.ma\/ar\/product-2\/mrm-nutrition-whole-food-organic-fiber-256-g\/","og_locale":"ar_AR","og_type":"article","og_title":"MRM NutritionWhole Food Organic Fiber \u2013 256 g Maroc Prix -","og_description":"Am\u00e9liorez votre digestion et votre bien-\u00eatre intestinal avec MRM Whole Food Organic Fiber, une source naturelle et biologique de fibres alimentaires.","og_url":"https:\/\/vitablanca.ma\/ar\/product-2\/mrm-nutrition-whole-food-organic-fiber-256-g\/","og_site_name":"Vitablanca.ma &ndash; Sant&eacute;, vitalit&eacute; et bien-&ecirc;tre pour tous les Marocains","article_publisher":"https:\/\/www.facebook.com\/profile.php?id=61576678196717","article_modified_time":"2026-03-02T04:15:30+00:00","og_image":[{"width":950,"height":534,"url":"https:\/\/vitablanca.ma\/wp-content\/uploads\/2025\/06\/Magnesium_2024_1400_x787_002.jpg","type":"image\/jpeg"}],"twitter_card":"summary_large_image","twitter_misc":{"\u0648\u0642\u062a \u0627\u0644\u0642\u0631\u0627\u0621\u0629 \u0627\u0644\u0645\u064f\u0642\u062f\u0651\u0631":"\u062f\u0642\u064a\u0642\u0629 \u0648\u0627\u062d\u062f\u0629"},"schema":{"@context":"https:\/\/schema.org","@graph":[{"@type":["WebPage","ItemPage"],"@id":"https:\/\/vitablanca.ma\/produit\/mrm-nutrition-whole-food-organic-fiber-256-g\/","url":"https:\/\/vitablanca.ma\/produit\/mrm-nutrition-whole-food-organic-fiber-256-g\/","name":"MRM NutritionWhole Food Organic Fiber \u2013 256 g Maroc Prix -","isPartOf":{"@id":"https:\/\/vitablanca.ma\/#website"},"primaryImageOfPage":{"@id":"https:\/\/vitablanca.ma\/produit\/mrm-nutrition-whole-food-organic-fiber-256-g\/#primaryimage"},"image":{"@id":"https:\/\/vitablanca.ma\/produit\/mrm-nutrition-whole-food-organic-fiber-256-g\/#primaryimage"},"thumbnailUrl":"https:\/\/vitablanca.ma\/wp-content\/uploads\/2026\/02\/MRM-Nutrition.avif","datePublished":"2026-02-24T16:49:28+00:00","dateModified":"2026-03-02T04:15:30+00:00","description":"Am\u00e9liorez votre digestion et votre bien-\u00eatre intestinal avec MRM Whole Food Organic Fiber, une source naturelle et biologique de fibres alimentaires.","breadcrumb":{"@id":"https:\/\/vitablanca.ma\/produit\/mrm-nutrition-whole-food-organic-fiber-256-g\/#breadcrumb"},"inLanguage":"ar","potentialAction":[{"@type":"ReadAction","target":["https:\/\/vitablanca.ma\/produit\/mrm-nutrition-whole-food-organic-fiber-256-g\/"]}]},{"@type":"ImageObject","inLanguage":"ar","@id":"https:\/\/vitablanca.ma\/produit\/mrm-nutrition-whole-food-organic-fiber-256-g\/#primaryimage","url":"https:\/\/vitablanca.ma\/wp-content\/uploads\/2026\/02\/MRM-Nutrition.avif","contentUrl":"https:\/\/vitablanca.ma\/wp-content\/uploads\/2026\/02\/MRM-Nutrition.avif","width":1600,"height":1600},{"@type":"BreadcrumbList","@id":"https:\/\/vitablanca.ma\/produit\/mrm-nutrition-whole-food-organic-fiber-256-g\/#breadcrumb","itemListElement":[{"@type":"ListItem","position":1,"name":"Home","item":"https:\/\/vitablanca.ma\/"},{"@type":"ListItem","position":2,"name":"Tous Les Produits","item":"https:\/\/vitablanca.ma\/tous-les-produits\/"},{"@type":"ListItem","position":3,"name":"MRM Nutrition Whole Food Organic Fiber \u2013 256 g"}]},{"@type":"WebSite","@id":"https:\/\/vitablanca.ma\/#website","url":"https:\/\/vitablanca.ma\/","name":"VitaBlanca.ma | \u0627\u0644\u0645\u0643\u0645\u0644\u0627\u062a \u0627\u0644\u063a\u0630\u0627\u0626\u064a\u0629\u060c \u0627\u0644\u0635\u062d\u0629 \u0648\u0627\u0644\u062c\u0645\u0627\u0644 \u0641\u064a \u0627\u0644\u0645\u063a\u0631\u0628","description":"\u0646\u0628\u064a\u0639 \u0641\u064a\u062a\u0627\u0645\u064a\u0646\u0627\u062a \u0648\u0645\u0643\u0645\u0644\u0627\u062a \u063a\u0630\u0627\u0626\u064a\u0629 \u0641\u0627\u062e\u0631\u0629 \u0645\u0646 \u0627\u0644\u0648\u0644\u0627\u064a\u0627\u062a \u0627\u0644\u0645\u062a\u062d\u062f\u0629 \u0627\u0644\u0623\u0645\u0631\u064a\u0643\u064a\u0629 \u0648\u0643\u0646\u062f\u0627 \u0648\u0646\u064a\u0648\u0632\u064a\u0644\u0646\u062f\u0627 \u0648\u0627\u0644\u0645\u063a\u0631\u0628 (\u0646\u0627\u0648 \u0641\u0648\u062f\u0632\u060c \u0633\u0648\u0644\u062c\u0627\u0631\u060c \u0645\u0627\u0646\u0648\u0643\u0627). \u062a\u0648\u0635\u064a\u0644 \u0633\u0631\u064a\u0639 \u0625\u0644\u0649 \u062c\u0645\u064a\u0639 \u0623\u0646\u062d\u0627\u0621 \u0627\u0644\u0645\u063a\u0631\u0628.","publisher":{"@id":"https:\/\/vitablanca.ma\/#organization"},"alternateName":"VitaBlanca.ma","potentialAction":[{"@type":"SearchAction","target":{"@type":"EntryPoint","urlTemplate":"https:\/\/vitablanca.ma\/?s={search_term_string}"},"query-input":{"@type":"PropertyValueSpecification","valueRequired":true,"valueName":"search_term_string"}}],"inLanguage":"ar"},{"@type":"Organization","@id":"https:\/\/vitablanca.ma\/#organization","name":"\u0641\u064a\u062a\u0627\u0628\u0644\u0627\u0646\u0643\u0627","url":"https:\/\/vitablanca.ma\/","logo":{"@type":"ImageObject","inLanguage":"ar","@id":"https:\/\/vitablanca.ma\/#\/schema\/logo\/image\/","url":"https:\/\/vitablanca.ma\/wp-content\/uploads\/2025\/05\/cropped-vitablanca.png","contentUrl":"https:\/\/vitablanca.ma\/wp-content\/uploads\/2025\/05\/cropped-vitablanca.png","width":360,"height":67,"caption":"VitaBlanca"},"image":{"@id":"https:\/\/vitablanca.ma\/#\/schema\/logo\/image\/"},"sameAs":["https:\/\/www.facebook.com\/profile.php?id=61576678196717","https:\/\/www.tiktok.com\/@vitablanca.ma","https:\/\/www.instagram.com\/vitablanca.ma\/"]}]}},"jetpack_sharing_enabled":true,"_links":{"self":[{"href":"https:\/\/vitablanca.ma\/ar\/wp-json\/wp\/v2\/product\/30435","targetHints":{"allow":["GET"]}}],"collection":[{"href":"https:\/\/vitablanca.ma\/ar\/wp-json\/wp\/v2\/product"}],"about":[{"href":"https:\/\/vitablanca.ma\/ar\/wp-json\/wp\/v2\/types\/product"}],"wp:featuredmedia":[{"embeddable":true,"href":"https:\/\/vitablanca.ma\/ar\/wp-json\/wp\/v2\/media\/30438"}],"wp:attachment":[{"href":"https:\/\/vitablanca.ma\/ar\/wp-json\/wp\/v2\/media?parent=30435"}],"wp:term":[{"taxonomy":"product_brand","embeddable":true,"href":"https:\/\/vitablanca.ma\/ar\/wp-json\/wp\/v2\/product_brand?post=30435"},{"taxonomy":"product_cat","embeddable":true,"href":"https:\/\/vitablanca.ma\/ar\/wp-json\/wp\/v2\/product_cat?post=30435"},{"taxonomy":"product_tag","embeddable":true,"href":"https:\/\/vitablanca.ma\/ar\/wp-json\/wp\/v2\/product_tag?post=30435"}],"curies":[{"name":"wp","href":"https:\/\/api.w.org\/{rel}","templated":true}]}}