{"id":30387,"date":"2026-02-24T01:09:42","date_gmt":"2026-02-24T01:09:42","guid":{"rendered":"https:\/\/vitablanca.ma\/?post_type=product&#038;p=30387"},"modified":"2026-03-02T04:15:32","modified_gmt":"2026-03-02T04:15:32","slug":"country-life-p-5-p-pyridoxal-5-phosphate-p5p-50-mg-100-tablettes","status":"publish","type":"product","link":"https:\/\/vitablanca.ma\/ar\/product-2\/country-life-p-5-p-pyridoxal-5-phosphate-p5p-50-mg-100-tablettes\/","title":{"rendered":"Country Life P 5 P Pyridoxal 5&prime; Phosphate (P5P) 50 mg. &#8211; 100 Tablettes"},"content":{"rendered":"<p>Vitamine B6 biodisponible pour promouvoir des performances cognitives optimales et un bien-\u00eatre g\u00e9n\u00e9ral<br \/>\nLa vitamine B6 est essentielle pour la sant\u00e9. Cependant, le probl\u00e8me avec la vitamine B6 est qu\u2019elle est soluble dans l\u2019eau, elle se dissout et une partie de celle-ci n\u2019est pas absorb\u00e9e par le corps. C\u2019est l\u00e0 que les comprim\u00e9s de phosphate P5P Pyridoxal 5 &lsquo;entrent en jeu. Ce suppl\u00e9ment contient une forme active de vitamine B6 qui active les processus enzymatiques vitaux dans le corps. Tous les processus enzymatiques garantissent le bon fonctionnement du corps.<\/p>\n<p>Comprendre le pyridoxal 5&prime; phosphate<br \/>\nLe pyridoxal 5&rsquo; phosphate est la forme active de la vitamine B6 utilis\u00e9e par l&rsquo;organisme sans qu&rsquo;il soit n\u00e9cessaire de la convertir. Cette forme de vitamine B6 joue \u00e9galement un r\u00f4le actif dans la coenzyme, car elle contr\u00f4le le m\u00e9tabolisme des acides amin\u00e9s. Il aide \u00e9galement \u00e0 la production de neurotransmetteurs et est utilis\u00e9 comme cofacteur de plus d&rsquo;une centaine d&rsquo;enzymes dans le corps. Il est \u00e9galement connu pour aider \u00e0 transporter diff\u00e9rents min\u00e9raux tels que le magn\u00e9sium pour augmenter son taux d&rsquo;absorption. Il fournit \u00e9galement un apport constant de phosphate au corps.<\/p>\n<p>Forme biodisponible de la vitamine B6<br \/>\nLa vitamine B6 est utilis\u00e9e par le corps pour aider \u00e0 stimuler diff\u00e9rents processus enzymatiques dans le corps, mais avant de pouvoir \u00eatre utilis\u00e9e, elle doit d&rsquo;abord \u00eatre convertie. La conversion de la vitamine B6 se produit g\u00e9n\u00e9ralement dans le foie avant que celle-ci ne lib\u00e8re les m\u00e9tabolites de la pyridoxine dans le sang. Ce suppl\u00e9ment apporte une quantit\u00e9 constante de pyridoxine dans le corps, \u00e9vitant ainsi \u00e0 celui-ci de le transformer davantage. En fait, la prise de ce suplement r\u00e9sulte en une augmentation de la pyridoxine diffuse en aussi peu que 30 minutes.<\/p>","protected":false},"excerpt":{"rendered":"<p>Vitamine B6 biodisponible pour promouvoir des performances cognitives optimales et un bien-\u00eatre g\u00e9n\u00e9ral La vitamine B6 est essentielle pour la sant\u00e9. Cependant, le probl\u00e8me avec la vitamine B6 est qu\u2019elle est soluble dans l\u2019eau, elle se dissout et une partie de celle-ci n\u2019est pas absorb\u00e9e par le corps. C\u2019est l\u00e0 que les comprim\u00e9s de phosphate [&hellip;]<\/p>\n","protected":false},"featured_media":30389,"template":"","meta":{"om_disable_all_campaigns":false},"product_brand":[188],"product_cat":[18,3366,130],"product_tag":[579,4268,191,10790,10793,10791,3908,10794,10795,10792],"class_list":{"0":"post-30387","1":"product","2":"type-product","3":"status-publish","4":"has-post-thumbnail","6":"product_brand-country-life-maroc","7":"product_cat-beaute-sante","8":"product_cat-complements-alimentaires-au-maroc-vitablanca","9":"product_cat-vitamines","10":"product_tag-complement-alimentaire-premium","11":"product_tag-complement-energie","12":"product_tag-country-life-maroc","13":"product_tag-country-life-p5p","14":"product_tag-metabolisme-proteines-glucides-lipides","15":"product_tag-pyridoxal-5-phosphate-50-mg","16":"product_tag-soutien-systeme-nerveux","17":"product_tag-tablettes-p5p","18":"product_tag-vitamine-b6-absorbable","19":"product_tag-vitamine-b6-active","21":"first","22":"instock","23":"taxable","24":"shipping-taxable","25":"purchasable","26":"product-type-simple"},"yoast_head":"<!-- This site is optimized with the Yoast SEO plugin v27.4 - https:\/\/yoast.com\/product\/yoast-seo-wordpress\/ -->\n<title>Country Life P 5 P Pyridoxal 100 Tablettes - Maroc Prix<\/title>\n<meta name=\"description\" content=\"Country Life P5P 50 mg, 100 tablettes. Forme active de vitamine B6 pour soutenir le m\u00e9tabolisme, l\u2019\u00e9nergie et le syst\u00e8me nerveux. Compl\u00e9ment alimentaire .\" \/>\n<meta name=\"robots\" content=\"index, follow, max-snippet:-1, max-image-preview:large, max-video-preview:-1\" \/>\n<link rel=\"canonical\" href=\"https:\/\/vitablanca.ma\/ar\/product-2\/country-life-p-5-p-pyridoxal-5-phosphate-p5p-50-mg-100-tablettes\/\" \/>\n<meta property=\"og:locale\" content=\"ar_AR\" \/>\n<meta property=\"og:type\" content=\"article\" \/>\n<meta property=\"og:title\" content=\"Country Life P 5 P Pyridoxal 100 Tablettes - Maroc Prix\" \/>\n<meta property=\"og:description\" content=\"Country Life P5P 50 mg, 100 tablettes. Forme active de vitamine B6 pour soutenir le m\u00e9tabolisme, l\u2019\u00e9nergie et le syst\u00e8me nerveux. Compl\u00e9ment alimentaire .\" \/>\n<meta property=\"og:url\" content=\"https:\/\/vitablanca.ma\/ar\/product-2\/country-life-p-5-p-pyridoxal-5-phosphate-p5p-50-mg-100-tablettes\/\" \/>\n<meta property=\"og:site_name\" content=\"Vitablanca.ma &ndash; Sant&eacute;, vitalit&eacute; et bien-&ecirc;tre pour tous les Marocains\" \/>\n<meta property=\"article:publisher\" content=\"https:\/\/www.facebook.com\/profile.php?id=61576678196717\" \/>\n<meta property=\"article:modified_time\" content=\"2026-03-02T04:15:32+00:00\" \/>\n<meta property=\"og:image\" content=\"https:\/\/vitablanca.ma\/wp-content\/uploads\/2026\/02\/country-life-p-5-p-pyridoxal-5-phosphate-p5p-50-m.jpg\" \/>\n\t<meta property=\"og:image:width\" content=\"680\" \/>\n\t<meta property=\"og:image:height\" content=\"680\" \/>\n\t<meta property=\"og:image:type\" content=\"image\/jpeg\" \/>\n<meta name=\"twitter:card\" content=\"summary_large_image\" \/>\n<meta name=\"twitter:label1\" content=\"\u0648\u0642\u062a \u0627\u0644\u0642\u0631\u0627\u0621\u0629 \u0627\u0644\u0645\u064f\u0642\u062f\u0651\u0631\" \/>\n\t<meta name=\"twitter:data1\" content=\"\u062f\u0642\u064a\u0642\u062a\u0627\u0646\" \/>\n<script type=\"application\/ld+json\" class=\"yoast-schema-graph\">{\"@context\":\"https:\\\/\\\/schema.org\",\"@graph\":[{\"@type\":[\"WebPage\",\"ItemPage\"],\"@id\":\"https:\\\/\\\/vitablanca.ma\\\/produit\\\/country-life-p-5-p-pyridoxal-5-phosphate-p5p-50-mg-100-tablettes\\\/\",\"url\":\"https:\\\/\\\/vitablanca.ma\\\/produit\\\/country-life-p-5-p-pyridoxal-5-phosphate-p5p-50-mg-100-tablettes\\\/\",\"name\":\"Country Life P 5 P Pyridoxal 100 Tablettes - Maroc Prix\",\"isPartOf\":{\"@id\":\"https:\\\/\\\/vitablanca.ma\\\/#website\"},\"primaryImageOfPage\":{\"@id\":\"https:\\\/\\\/vitablanca.ma\\\/produit\\\/country-life-p-5-p-pyridoxal-5-phosphate-p5p-50-mg-100-tablettes\\\/#primaryimage\"},\"image\":{\"@id\":\"https:\\\/\\\/vitablanca.ma\\\/produit\\\/country-life-p-5-p-pyridoxal-5-phosphate-p5p-50-mg-100-tablettes\\\/#primaryimage\"},\"thumbnailUrl\":\"https:\\\/\\\/vitablanca.ma\\\/wp-content\\\/uploads\\\/2026\\\/02\\\/country-life-p-5-p-pyridoxal-5-phosphate-p5p-50-m.jpg\",\"datePublished\":\"2026-02-24T01:09:42+00:00\",\"dateModified\":\"2026-03-02T04:15:32+00:00\",\"description\":\"Country Life P5P 50 mg, 100 tablettes. Forme active de vitamine B6 pour soutenir le m\u00e9tabolisme, l\u2019\u00e9nergie et le syst\u00e8me nerveux. Compl\u00e9ment alimentaire .\",\"breadcrumb\":{\"@id\":\"https:\\\/\\\/vitablanca.ma\\\/produit\\\/country-life-p-5-p-pyridoxal-5-phosphate-p5p-50-mg-100-tablettes\\\/#breadcrumb\"},\"inLanguage\":\"ar\",\"potentialAction\":[{\"@type\":\"ReadAction\",\"target\":[\"https:\\\/\\\/vitablanca.ma\\\/produit\\\/country-life-p-5-p-pyridoxal-5-phosphate-p5p-50-mg-100-tablettes\\\/\"]}]},{\"@type\":\"ImageObject\",\"inLanguage\":\"ar\",\"@id\":\"https:\\\/\\\/vitablanca.ma\\\/produit\\\/country-life-p-5-p-pyridoxal-5-phosphate-p5p-50-mg-100-tablettes\\\/#primaryimage\",\"url\":\"https:\\\/\\\/vitablanca.ma\\\/wp-content\\\/uploads\\\/2026\\\/02\\\/country-life-p-5-p-pyridoxal-5-phosphate-p5p-50-m.jpg\",\"contentUrl\":\"https:\\\/\\\/vitablanca.ma\\\/wp-content\\\/uploads\\\/2026\\\/02\\\/country-life-p-5-p-pyridoxal-5-phosphate-p5p-50-m.jpg\",\"width\":680,\"height\":680},{\"@type\":\"BreadcrumbList\",\"@id\":\"https:\\\/\\\/vitablanca.ma\\\/produit\\\/country-life-p-5-p-pyridoxal-5-phosphate-p5p-50-mg-100-tablettes\\\/#breadcrumb\",\"itemListElement\":[{\"@type\":\"ListItem\",\"position\":1,\"name\":\"Home\",\"item\":\"https:\\\/\\\/vitablanca.ma\\\/\"},{\"@type\":\"ListItem\",\"position\":2,\"name\":\"Tous Les Produits\",\"item\":\"https:\\\/\\\/vitablanca.ma\\\/tous-les-produits\\\/\"},{\"@type\":\"ListItem\",\"position\":3,\"name\":\"Country Life P 5 P Pyridoxal 5&#8242; Phosphate (P5P) 50 mg. &#8211; 100 Tablettes\"}]},{\"@type\":\"WebSite\",\"@id\":\"https:\\\/\\\/vitablanca.ma\\\/#website\",\"url\":\"https:\\\/\\\/vitablanca.ma\\\/\",\"name\":\"VitaBlanca.ma | Compl\u00e9ments alimentaires, sant\u00e9 & beaut\u00e9 au Maroc\",\"description\":\"vendre vitamines et compl\u00e9ments premium des USA &amp; Canada, Nouvelle Z\u00e9lande,Maroc (NOW Foods, Solgar, Manuka). Livraison rapide partout au Maroc.\",\"publisher\":{\"@id\":\"https:\\\/\\\/vitablanca.ma\\\/#organization\"},\"alternateName\":\"VitaBlanca.ma\",\"potentialAction\":[{\"@type\":\"SearchAction\",\"target\":{\"@type\":\"EntryPoint\",\"urlTemplate\":\"https:\\\/\\\/vitablanca.ma\\\/?s={search_term_string}\"},\"query-input\":{\"@type\":\"PropertyValueSpecification\",\"valueRequired\":true,\"valueName\":\"search_term_string\"}}],\"inLanguage\":\"ar\"},{\"@type\":\"Organization\",\"@id\":\"https:\\\/\\\/vitablanca.ma\\\/#organization\",\"name\":\"VitaBlanca\",\"url\":\"https:\\\/\\\/vitablanca.ma\\\/\",\"logo\":{\"@type\":\"ImageObject\",\"inLanguage\":\"ar\",\"@id\":\"https:\\\/\\\/vitablanca.ma\\\/#\\\/schema\\\/logo\\\/image\\\/\",\"url\":\"https:\\\/\\\/vitablanca.ma\\\/wp-content\\\/uploads\\\/2025\\\/05\\\/cropped-vitablanca.png\",\"contentUrl\":\"https:\\\/\\\/vitablanca.ma\\\/wp-content\\\/uploads\\\/2025\\\/05\\\/cropped-vitablanca.png\",\"width\":360,\"height\":67,\"caption\":\"VitaBlanca\"},\"image\":{\"@id\":\"https:\\\/\\\/vitablanca.ma\\\/#\\\/schema\\\/logo\\\/image\\\/\"},\"sameAs\":[\"https:\\\/\\\/www.facebook.com\\\/profile.php?id=61576678196717\",\"https:\\\/\\\/www.tiktok.com\\\/@vitablanca.ma\",\"https:\\\/\\\/www.instagram.com\\\/vitablanca.ma\\\/\"]}]}<\/script>\n<!-- \/ Yoast SEO plugin. -->","yoast_head_json":{"title":"Country Life P 5 P Pyridoxal 100 Tablettes - Maroc Prix","description":"Country Life P5P 50 mg, 100 tablettes. Forme active de vitamine B6 pour soutenir le m\u00e9tabolisme, l\u2019\u00e9nergie et le syst\u00e8me nerveux. Compl\u00e9ment alimentaire .","robots":{"index":"index","follow":"follow","max-snippet":"max-snippet:-1","max-image-preview":"max-image-preview:large","max-video-preview":"max-video-preview:-1"},"canonical":"https:\/\/vitablanca.ma\/ar\/product-2\/country-life-p-5-p-pyridoxal-5-phosphate-p5p-50-mg-100-tablettes\/","og_locale":"ar_AR","og_type":"article","og_title":"Country Life P 5 P Pyridoxal 100 Tablettes - Maroc Prix","og_description":"Country Life P5P 50 mg, 100 tablettes. Forme active de vitamine B6 pour soutenir le m\u00e9tabolisme, l\u2019\u00e9nergie et le syst\u00e8me nerveux. Compl\u00e9ment alimentaire .","og_url":"https:\/\/vitablanca.ma\/ar\/product-2\/country-life-p-5-p-pyridoxal-5-phosphate-p5p-50-mg-100-tablettes\/","og_site_name":"Vitablanca.ma &ndash; Sant&eacute;, vitalit&eacute; et bien-&ecirc;tre pour tous les Marocains","article_publisher":"https:\/\/www.facebook.com\/profile.php?id=61576678196717","article_modified_time":"2026-03-02T04:15:32+00:00","og_image":[{"width":680,"height":680,"url":"https:\/\/vitablanca.ma\/wp-content\/uploads\/2026\/02\/country-life-p-5-p-pyridoxal-5-phosphate-p5p-50-m.jpg","type":"image\/jpeg"}],"twitter_card":"summary_large_image","twitter_misc":{"\u0648\u0642\u062a \u0627\u0644\u0642\u0631\u0627\u0621\u0629 \u0627\u0644\u0645\u064f\u0642\u062f\u0651\u0631":"\u062f\u0642\u064a\u0642\u062a\u0627\u0646"},"schema":{"@context":"https:\/\/schema.org","@graph":[{"@type":["WebPage","ItemPage"],"@id":"https:\/\/vitablanca.ma\/produit\/country-life-p-5-p-pyridoxal-5-phosphate-p5p-50-mg-100-tablettes\/","url":"https:\/\/vitablanca.ma\/produit\/country-life-p-5-p-pyridoxal-5-phosphate-p5p-50-mg-100-tablettes\/","name":"Country Life P 5 P Pyridoxal 100 Tablettes - Maroc Prix","isPartOf":{"@id":"https:\/\/vitablanca.ma\/#website"},"primaryImageOfPage":{"@id":"https:\/\/vitablanca.ma\/produit\/country-life-p-5-p-pyridoxal-5-phosphate-p5p-50-mg-100-tablettes\/#primaryimage"},"image":{"@id":"https:\/\/vitablanca.ma\/produit\/country-life-p-5-p-pyridoxal-5-phosphate-p5p-50-mg-100-tablettes\/#primaryimage"},"thumbnailUrl":"https:\/\/vitablanca.ma\/wp-content\/uploads\/2026\/02\/country-life-p-5-p-pyridoxal-5-phosphate-p5p-50-m.jpg","datePublished":"2026-02-24T01:09:42+00:00","dateModified":"2026-03-02T04:15:32+00:00","description":"Country Life P5P 50 mg, 100 tablettes. Forme active de vitamine B6 pour soutenir le m\u00e9tabolisme, l\u2019\u00e9nergie et le syst\u00e8me nerveux. Compl\u00e9ment alimentaire .","breadcrumb":{"@id":"https:\/\/vitablanca.ma\/produit\/country-life-p-5-p-pyridoxal-5-phosphate-p5p-50-mg-100-tablettes\/#breadcrumb"},"inLanguage":"ar","potentialAction":[{"@type":"ReadAction","target":["https:\/\/vitablanca.ma\/produit\/country-life-p-5-p-pyridoxal-5-phosphate-p5p-50-mg-100-tablettes\/"]}]},{"@type":"ImageObject","inLanguage":"ar","@id":"https:\/\/vitablanca.ma\/produit\/country-life-p-5-p-pyridoxal-5-phosphate-p5p-50-mg-100-tablettes\/#primaryimage","url":"https:\/\/vitablanca.ma\/wp-content\/uploads\/2026\/02\/country-life-p-5-p-pyridoxal-5-phosphate-p5p-50-m.jpg","contentUrl":"https:\/\/vitablanca.ma\/wp-content\/uploads\/2026\/02\/country-life-p-5-p-pyridoxal-5-phosphate-p5p-50-m.jpg","width":680,"height":680},{"@type":"BreadcrumbList","@id":"https:\/\/vitablanca.ma\/produit\/country-life-p-5-p-pyridoxal-5-phosphate-p5p-50-mg-100-tablettes\/#breadcrumb","itemListElement":[{"@type":"ListItem","position":1,"name":"Home","item":"https:\/\/vitablanca.ma\/"},{"@type":"ListItem","position":2,"name":"Tous Les Produits","item":"https:\/\/vitablanca.ma\/tous-les-produits\/"},{"@type":"ListItem","position":3,"name":"Country Life P 5 P Pyridoxal 5&#8242; Phosphate (P5P) 50 mg. &#8211; 100 Tablettes"}]},{"@type":"WebSite","@id":"https:\/\/vitablanca.ma\/#website","url":"https:\/\/vitablanca.ma\/","name":"VitaBlanca.ma | \u0627\u0644\u0645\u0643\u0645\u0644\u0627\u062a \u0627\u0644\u063a\u0630\u0627\u0626\u064a\u0629\u060c \u0627\u0644\u0635\u062d\u0629 \u0648\u0627\u0644\u062c\u0645\u0627\u0644 \u0641\u064a \u0627\u0644\u0645\u063a\u0631\u0628","description":"\u0646\u0628\u064a\u0639 \u0641\u064a\u062a\u0627\u0645\u064a\u0646\u0627\u062a \u0648\u0645\u0643\u0645\u0644\u0627\u062a \u063a\u0630\u0627\u0626\u064a\u0629 \u0641\u0627\u062e\u0631\u0629 \u0645\u0646 \u0627\u0644\u0648\u0644\u0627\u064a\u0627\u062a \u0627\u0644\u0645\u062a\u062d\u062f\u0629 \u0627\u0644\u0623\u0645\u0631\u064a\u0643\u064a\u0629 \u0648\u0643\u0646\u062f\u0627 \u0648\u0646\u064a\u0648\u0632\u064a\u0644\u0646\u062f\u0627 \u0648\u0627\u0644\u0645\u063a\u0631\u0628 (\u0646\u0627\u0648 \u0641\u0648\u062f\u0632\u060c \u0633\u0648\u0644\u062c\u0627\u0631\u060c \u0645\u0627\u0646\u0648\u0643\u0627). \u062a\u0648\u0635\u064a\u0644 \u0633\u0631\u064a\u0639 \u0625\u0644\u0649 \u062c\u0645\u064a\u0639 \u0623\u0646\u062d\u0627\u0621 \u0627\u0644\u0645\u063a\u0631\u0628.","publisher":{"@id":"https:\/\/vitablanca.ma\/#organization"},"alternateName":"VitaBlanca.ma","potentialAction":[{"@type":"SearchAction","target":{"@type":"EntryPoint","urlTemplate":"https:\/\/vitablanca.ma\/?s={search_term_string}"},"query-input":{"@type":"PropertyValueSpecification","valueRequired":true,"valueName":"search_term_string"}}],"inLanguage":"ar"},{"@type":"Organization","@id":"https:\/\/vitablanca.ma\/#organization","name":"\u0641\u064a\u062a\u0627\u0628\u0644\u0627\u0646\u0643\u0627","url":"https:\/\/vitablanca.ma\/","logo":{"@type":"ImageObject","inLanguage":"ar","@id":"https:\/\/vitablanca.ma\/#\/schema\/logo\/image\/","url":"https:\/\/vitablanca.ma\/wp-content\/uploads\/2025\/05\/cropped-vitablanca.png","contentUrl":"https:\/\/vitablanca.ma\/wp-content\/uploads\/2025\/05\/cropped-vitablanca.png","width":360,"height":67,"caption":"VitaBlanca"},"image":{"@id":"https:\/\/vitablanca.ma\/#\/schema\/logo\/image\/"},"sameAs":["https:\/\/www.facebook.com\/profile.php?id=61576678196717","https:\/\/www.tiktok.com\/@vitablanca.ma","https:\/\/www.instagram.com\/vitablanca.ma\/"]}]}},"jetpack_sharing_enabled":true,"_links":{"self":[{"href":"https:\/\/vitablanca.ma\/ar\/wp-json\/wp\/v2\/product\/30387","targetHints":{"allow":["GET"]}}],"collection":[{"href":"https:\/\/vitablanca.ma\/ar\/wp-json\/wp\/v2\/product"}],"about":[{"href":"https:\/\/vitablanca.ma\/ar\/wp-json\/wp\/v2\/types\/product"}],"wp:featuredmedia":[{"embeddable":true,"href":"https:\/\/vitablanca.ma\/ar\/wp-json\/wp\/v2\/media\/30389"}],"wp:attachment":[{"href":"https:\/\/vitablanca.ma\/ar\/wp-json\/wp\/v2\/media?parent=30387"}],"wp:term":[{"taxonomy":"product_brand","embeddable":true,"href":"https:\/\/vitablanca.ma\/ar\/wp-json\/wp\/v2\/product_brand?post=30387"},{"taxonomy":"product_cat","embeddable":true,"href":"https:\/\/vitablanca.ma\/ar\/wp-json\/wp\/v2\/product_cat?post=30387"},{"taxonomy":"product_tag","embeddable":true,"href":"https:\/\/vitablanca.ma\/ar\/wp-json\/wp\/v2\/product_tag?post=30387"}],"curies":[{"name":"wp","href":"https:\/\/api.w.org\/{rel}","templated":true}]}}