{"id":30382,"date":"2026-02-24T00:58:30","date_gmt":"2026-02-24T00:58:30","guid":{"rendered":"https:\/\/vitablanca.ma\/?post_type=product&#038;p=30382"},"modified":"2026-03-02T04:15:32","modified_gmt":"2026-03-02T04:15:32","slug":"solaray-l-glutamine-500-mg-50-capsules-maroc-prix","status":"publish","type":"product","link":"https:\/\/vitablanca.ma\/ar\/product-2\/solaray-l-glutamine-500-mg-50-capsules-maroc-prix\/","title":{"rendered":"Solaray L-glutamine, 500 mg, 50 capsules"},"content":{"rendered":"<p>\u062f\u0639\u0645 \u0627\u0644\u0645\u0646\u0627\u0639\u0629<\/p>\n<p>\u0645\u0643\u0645\u0644 \u063a\u0630\u0627\u0626\u064a<\/p>\n<p>\u0627\u0644\u0645\u0646\u062a\u062c \u062a\u0645 \u0627\u062e\u062a\u0628\u0627\u0631\u0647 \u0641\u064a \u0627\u0644\u0645\u062e\u062a\u0628\u0631<\/p>\n<p>Une meilleure voie<\/p>\n<p>\u0645\u0646\u0630 \u0639\u0627\u0645 1973\u060c \u0642\u0645\u0646\u0627 \u0628\u0641\u062d\u0635 \u0627\u0644\u0639\u0627\u0644\u0645 \u0628\u062d\u062b\u064b\u0627 \u0639\u0646 \u0627\u0644\u0645\u0643\u0648\u0646\u0627\u062a \u0627\u0644\u0623\u0639\u0644\u0649 \u062c\u0648\u062f\u0629\u060c \u0645\u0645\u0627 \u064a\u062a\u064a\u062d \u0644\u0643 \u0627\u0644\u0648\u0635\u0648\u0644 \u0625\u0644\u0649 \u0627\u0644\u0645\u0643\u0645\u0644\u0627\u062a \u0627\u0644\u063a\u0630\u0627\u0626\u064a\u0629 \u0627\u0644\u0623\u0643\u062b\u0631 \u0641\u0639\u0627\u0644\u064a\u0629 \u0644\u0645\u0633\u0627\u0639\u062f\u062a\u0643 \u0639\u0644\u0649 \u062c\u0639\u0644 \u062d\u064a\u0627\u062a\u0643 \u0623\u0643\u062b\u0631 \u0625\u064a\u062c\u0627\u0628\u064a\u0629 \u0648\u0627\u0644\u0627\u0633\u062a\u0645\u062a\u0627\u0639 \u0628\u0627\u0644\u0644\u062d\u0638\u0627\u062a \u0627\u0644\u0623\u0643\u062b\u0631 \u0623\u0647\u0645\u064a\u0629.<\/p>\n<p>Description : La L-glutamine est l&rsquo;acide amin\u00e9 libre le plus courant dans le corps et l&rsquo;un des \u00e9l\u00e9ments constitutifs cl\u00e9s des prot\u00e9ines. La L-glutamine, ainsi que les acides amin\u00e9s L-cyst\u00e9ine et L-glycine, sont utilis\u00e9s par le corps pour former le glutathion, le \u00ab ma\u00eetre antioxydant \u00bb.<\/p>\n<p><strong>\u0627\u0644\u0627\u0633\u062a\u062e\u062f\u0627\u0645 \u0627\u0644\u0645\u0642\u062a\u0631\u062d<\/strong><\/p>\n<p>Utiliser uniquement comme indiqu\u00e9. Prenez 1 capsule v\u00e9g\u00e9tarienne par jour avec un repas ou un verre d&rsquo;eau.<\/p>","protected":false},"excerpt":{"rendered":"<ul>\n<li data-start=\"807\" data-end=\"844\">\n<p data-start=\"809\" data-end=\"844\">500 mg de L-glutamine par capsule<\/p>\n<\/li>\n<li data-start=\"845\" data-end=\"884\">\n<p data-start=\"847\" data-end=\"884\">Soutient la r\u00e9cup\u00e9ration musculaire<\/p>\n<\/li>\n<li data-start=\"885\" data-end=\"919\">\n<p data-start=\"887\" data-end=\"919\">Contribue \u00e0 la sant\u00e9 digestive<\/p>\n<\/li>\n<li data-start=\"920\" data-end=\"947\">\n<p data-start=\"922\" data-end=\"947\">Id\u00e9al pour les sportifs<\/p>\n<\/li>\n<li data-start=\"948\" data-end=\"978\" data-is-last-node=\"\">\n<p data-start=\"950\" data-end=\"978\" data-is-last-node=\"\">50 capsules, format pratique<\/p>\n<\/li>\n<\/ul>","protected":false},"featured_media":30383,"template":"","meta":{"om_disable_all_campaigns":false},"product_brand":[673],"product_cat":[7980,18,3366,8952,84],"product_tag":[7781,548,201,181,8953,3492,4672,1045,4273,2831],"class_list":{"0":"post-30382","1":"product","2":"type-product","3":"status-publish","4":"has-post-thumbnail","6":"product_brand-solaray-maroc-prix","7":"product_cat-acides-amines-2","8":"product_cat-beaute-sante","9":"product_cat-complements-alimentaires-au-maroc-vitablanca","10":"product_cat-l-glutamine","11":"product_cat-nutrition-sportive","12":"product_tag-50-capsules","13":"product_tag-500-mg","14":"product_tag-acide-amine","15":"product_tag-complement-alimentaire","16":"product_tag-l-glutamine","17":"product_tag-maroc","18":"product_tag-performance-sportive","19":"product_tag-recuperation-musculaire","20":"product_tag-sante-digestive","21":"product_tag-solaray","23":"first","24":"instock","25":"sale","26":"taxable","27":"shipping-taxable","28":"purchasable","29":"product-type-simple"},"yoast_head":"<!-- This site is optimized with the Yoast SEO plugin v27.3 - https:\/\/yoast.com\/product\/yoast-seo-wordpress\/ -->\n<title>Solaray L-Glutamine 500 mg 50 Capsules \u2013 Maroc Prix<\/title>\n<meta name=\"description\" content=\"Solaray L-Glutamine 500 mg, 50 capsules. Soutient la r\u00e9cup\u00e9ration musculaire et l\u2019\u00e9quilibre digestif. Disponible au Maroc.\" \/>\n<meta name=\"robots\" content=\"index, follow, max-snippet:-1, max-image-preview:large, max-video-preview:-1\" \/>\n<link rel=\"canonical\" href=\"https:\/\/vitablanca.ma\/ar\/product-2\/solaray-l-glutamine-500-mg-50-capsules-maroc-prix\/\" \/>\n<meta property=\"og:locale\" content=\"ar_AR\" \/>\n<meta property=\"og:type\" content=\"article\" \/>\n<meta property=\"og:title\" content=\"Solaray L-Glutamine 500 mg 50 Capsules \u2013 Maroc Prix\" \/>\n<meta property=\"og:description\" content=\"Solaray L-Glutamine 500 mg, 50 capsules. Soutient la r\u00e9cup\u00e9ration musculaire et l\u2019\u00e9quilibre digestif. Disponible au Maroc.\" \/>\n<meta property=\"og:url\" content=\"https:\/\/vitablanca.ma\/ar\/product-2\/solaray-l-glutamine-500-mg-50-capsules-maroc-prix\/\" \/>\n<meta property=\"og:site_name\" content=\"Vitablanca.ma &ndash; Sant&eacute;, vitalit&eacute; et bien-&ecirc;tre pour tous les Marocains\" \/>\n<meta property=\"article:publisher\" content=\"https:\/\/www.facebook.com\/profile.php?id=61576678196717\" \/>\n<meta property=\"article:modified_time\" content=\"2026-03-02T04:15:32+00:00\" \/>\n<meta property=\"og:image\" content=\"https:\/\/vitablanca.ma\/wp-content\/uploads\/2026\/02\/NatuSolaray-L-glutamine-500-mg-50-capsulesral-Factors-Glucosamine-Chondroitin-60-Capsules1.jpg\" \/>\n\t<meta property=\"og:image:width\" content=\"1600\" \/>\n\t<meta property=\"og:image:height\" content=\"1600\" \/>\n\t<meta property=\"og:image:type\" content=\"image\/jpeg\" \/>\n<meta name=\"twitter:card\" content=\"summary_large_image\" \/>\n<meta name=\"twitter:label1\" content=\"\u0648\u0642\u062a \u0627\u0644\u0642\u0631\u0627\u0621\u0629 \u0627\u0644\u0645\u064f\u0642\u062f\u0651\u0631\" \/>\n\t<meta name=\"twitter:data1\" content=\"\u062f\u0642\u064a\u0642\u0629 \u0648\u0627\u062d\u062f\u0629\" \/>\n<script type=\"application\/ld+json\" class=\"yoast-schema-graph\">{\"@context\":\"https:\\\/\\\/schema.org\",\"@graph\":[{\"@type\":[\"WebPage\",\"ItemPage\"],\"@id\":\"https:\\\/\\\/vitablanca.ma\\\/produit\\\/solaray-l-glutamine-500-mg-50-capsules-maroc-prix\\\/\",\"url\":\"https:\\\/\\\/vitablanca.ma\\\/produit\\\/solaray-l-glutamine-500-mg-50-capsules-maroc-prix\\\/\",\"name\":\"Solaray L-Glutamine 500 mg 50 Capsules \u2013 Maroc Prix\",\"isPartOf\":{\"@id\":\"https:\\\/\\\/vitablanca.ma\\\/#website\"},\"primaryImageOfPage\":{\"@id\":\"https:\\\/\\\/vitablanca.ma\\\/produit\\\/solaray-l-glutamine-500-mg-50-capsules-maroc-prix\\\/#primaryimage\"},\"image\":{\"@id\":\"https:\\\/\\\/vitablanca.ma\\\/produit\\\/solaray-l-glutamine-500-mg-50-capsules-maroc-prix\\\/#primaryimage\"},\"thumbnailUrl\":\"https:\\\/\\\/vitablanca.ma\\\/wp-content\\\/uploads\\\/2026\\\/02\\\/NatuSolaray-L-glutamine-500-mg-50-capsulesral-Factors-Glucosamine-Chondroitin-60-Capsules1.jpg\",\"datePublished\":\"2026-02-24T00:58:30+00:00\",\"dateModified\":\"2026-03-02T04:15:32+00:00\",\"description\":\"Solaray L-Glutamine 500 mg, 50 capsules. Soutient la r\u00e9cup\u00e9ration musculaire et l\u2019\u00e9quilibre digestif. Disponible au Maroc.\",\"breadcrumb\":{\"@id\":\"https:\\\/\\\/vitablanca.ma\\\/produit\\\/solaray-l-glutamine-500-mg-50-capsules-maroc-prix\\\/#breadcrumb\"},\"inLanguage\":\"ar\",\"potentialAction\":[{\"@type\":\"ReadAction\",\"target\":[\"https:\\\/\\\/vitablanca.ma\\\/produit\\\/solaray-l-glutamine-500-mg-50-capsules-maroc-prix\\\/\"]}]},{\"@type\":\"ImageObject\",\"inLanguage\":\"ar\",\"@id\":\"https:\\\/\\\/vitablanca.ma\\\/produit\\\/solaray-l-glutamine-500-mg-50-capsules-maroc-prix\\\/#primaryimage\",\"url\":\"https:\\\/\\\/vitablanca.ma\\\/wp-content\\\/uploads\\\/2026\\\/02\\\/NatuSolaray-L-glutamine-500-mg-50-capsulesral-Factors-Glucosamine-Chondroitin-60-Capsules1.jpg\",\"contentUrl\":\"https:\\\/\\\/vitablanca.ma\\\/wp-content\\\/uploads\\\/2026\\\/02\\\/NatuSolaray-L-glutamine-500-mg-50-capsulesral-Factors-Glucosamine-Chondroitin-60-Capsules1.jpg\",\"width\":1600,\"height\":1600},{\"@type\":\"BreadcrumbList\",\"@id\":\"https:\\\/\\\/vitablanca.ma\\\/produit\\\/solaray-l-glutamine-500-mg-50-capsules-maroc-prix\\\/#breadcrumb\",\"itemListElement\":[{\"@type\":\"ListItem\",\"position\":1,\"name\":\"Home\",\"item\":\"https:\\\/\\\/vitablanca.ma\\\/\"},{\"@type\":\"ListItem\",\"position\":2,\"name\":\"Tous Les Produits\",\"item\":\"https:\\\/\\\/vitablanca.ma\\\/tous-les-produits\\\/\"},{\"@type\":\"ListItem\",\"position\":3,\"name\":\"Solaray L-glutamine, 500 mg, 50 capsules\"}]},{\"@type\":\"WebSite\",\"@id\":\"https:\\\/\\\/vitablanca.ma\\\/#website\",\"url\":\"https:\\\/\\\/vitablanca.ma\\\/\",\"name\":\"VitaBlanca.ma | Compl\u00e9ments alimentaires, sant\u00e9 & beaut\u00e9 au Maroc\",\"description\":\"vendre vitamines et compl\u00e9ments premium des USA &amp; Canada, Nouvelle Z\u00e9lande,Maroc (NOW Foods, Solgar, Manuka). Livraison rapide partout au Maroc.\",\"publisher\":{\"@id\":\"https:\\\/\\\/vitablanca.ma\\\/#organization\"},\"alternateName\":\"VitaBlanca.ma\",\"potentialAction\":[{\"@type\":\"SearchAction\",\"target\":{\"@type\":\"EntryPoint\",\"urlTemplate\":\"https:\\\/\\\/vitablanca.ma\\\/?s={search_term_string}\"},\"query-input\":{\"@type\":\"PropertyValueSpecification\",\"valueRequired\":true,\"valueName\":\"search_term_string\"}}],\"inLanguage\":\"ar\"},{\"@type\":\"Organization\",\"@id\":\"https:\\\/\\\/vitablanca.ma\\\/#organization\",\"name\":\"VitaBlanca\",\"url\":\"https:\\\/\\\/vitablanca.ma\\\/\",\"logo\":{\"@type\":\"ImageObject\",\"inLanguage\":\"ar\",\"@id\":\"https:\\\/\\\/vitablanca.ma\\\/#\\\/schema\\\/logo\\\/image\\\/\",\"url\":\"https:\\\/\\\/vitablanca.ma\\\/wp-content\\\/uploads\\\/2025\\\/05\\\/cropped-vitablanca.png\",\"contentUrl\":\"https:\\\/\\\/vitablanca.ma\\\/wp-content\\\/uploads\\\/2025\\\/05\\\/cropped-vitablanca.png\",\"width\":360,\"height\":67,\"caption\":\"VitaBlanca\"},\"image\":{\"@id\":\"https:\\\/\\\/vitablanca.ma\\\/#\\\/schema\\\/logo\\\/image\\\/\"},\"sameAs\":[\"https:\\\/\\\/www.facebook.com\\\/profile.php?id=61576678196717\",\"https:\\\/\\\/www.tiktok.com\\\/@vitablanca.ma\",\"https:\\\/\\\/www.instagram.com\\\/vitablanca.ma\\\/\"]}]}<\/script>\n<!-- \/ Yoast SEO plugin. -->","yoast_head_json":{"title":"Solaray L-Glutamine 500 mg 50 Capsules \u2013 Maroc Prix","description":"Solaray L-Glutamine 500 mg, 50 capsules. Soutient la r\u00e9cup\u00e9ration musculaire et l\u2019\u00e9quilibre digestif. Disponible au Maroc.","robots":{"index":"index","follow":"follow","max-snippet":"max-snippet:-1","max-image-preview":"max-image-preview:large","max-video-preview":"max-video-preview:-1"},"canonical":"https:\/\/vitablanca.ma\/ar\/product-2\/solaray-l-glutamine-500-mg-50-capsules-maroc-prix\/","og_locale":"ar_AR","og_type":"article","og_title":"Solaray L-Glutamine 500 mg 50 Capsules \u2013 Maroc Prix","og_description":"Solaray L-Glutamine 500 mg, 50 capsules. Soutient la r\u00e9cup\u00e9ration musculaire et l\u2019\u00e9quilibre digestif. Disponible au Maroc.","og_url":"https:\/\/vitablanca.ma\/ar\/product-2\/solaray-l-glutamine-500-mg-50-capsules-maroc-prix\/","og_site_name":"Vitablanca.ma &ndash; Sant&eacute;, vitalit&eacute; et bien-&ecirc;tre pour tous les Marocains","article_publisher":"https:\/\/www.facebook.com\/profile.php?id=61576678196717","article_modified_time":"2026-03-02T04:15:32+00:00","og_image":[{"width":1600,"height":1600,"url":"https:\/\/vitablanca.ma\/wp-content\/uploads\/2026\/02\/NatuSolaray-L-glutamine-500-mg-50-capsulesral-Factors-Glucosamine-Chondroitin-60-Capsules1.jpg","type":"image\/jpeg"}],"twitter_card":"summary_large_image","twitter_misc":{"\u0648\u0642\u062a \u0627\u0644\u0642\u0631\u0627\u0621\u0629 \u0627\u0644\u0645\u064f\u0642\u062f\u0651\u0631":"\u062f\u0642\u064a\u0642\u0629 \u0648\u0627\u062d\u062f\u0629"},"schema":{"@context":"https:\/\/schema.org","@graph":[{"@type":["WebPage","ItemPage"],"@id":"https:\/\/vitablanca.ma\/produit\/solaray-l-glutamine-500-mg-50-capsules-maroc-prix\/","url":"https:\/\/vitablanca.ma\/produit\/solaray-l-glutamine-500-mg-50-capsules-maroc-prix\/","name":"Solaray L-Glutamine 500 mg 50 Capsules \u2013 Maroc Prix","isPartOf":{"@id":"https:\/\/vitablanca.ma\/#website"},"primaryImageOfPage":{"@id":"https:\/\/vitablanca.ma\/produit\/solaray-l-glutamine-500-mg-50-capsules-maroc-prix\/#primaryimage"},"image":{"@id":"https:\/\/vitablanca.ma\/produit\/solaray-l-glutamine-500-mg-50-capsules-maroc-prix\/#primaryimage"},"thumbnailUrl":"https:\/\/vitablanca.ma\/wp-content\/uploads\/2026\/02\/NatuSolaray-L-glutamine-500-mg-50-capsulesral-Factors-Glucosamine-Chondroitin-60-Capsules1.jpg","datePublished":"2026-02-24T00:58:30+00:00","dateModified":"2026-03-02T04:15:32+00:00","description":"Solaray L-Glutamine 500 mg, 50 capsules. Soutient la r\u00e9cup\u00e9ration musculaire et l\u2019\u00e9quilibre digestif. Disponible au Maroc.","breadcrumb":{"@id":"https:\/\/vitablanca.ma\/produit\/solaray-l-glutamine-500-mg-50-capsules-maroc-prix\/#breadcrumb"},"inLanguage":"ar","potentialAction":[{"@type":"ReadAction","target":["https:\/\/vitablanca.ma\/produit\/solaray-l-glutamine-500-mg-50-capsules-maroc-prix\/"]}]},{"@type":"ImageObject","inLanguage":"ar","@id":"https:\/\/vitablanca.ma\/produit\/solaray-l-glutamine-500-mg-50-capsules-maroc-prix\/#primaryimage","url":"https:\/\/vitablanca.ma\/wp-content\/uploads\/2026\/02\/NatuSolaray-L-glutamine-500-mg-50-capsulesral-Factors-Glucosamine-Chondroitin-60-Capsules1.jpg","contentUrl":"https:\/\/vitablanca.ma\/wp-content\/uploads\/2026\/02\/NatuSolaray-L-glutamine-500-mg-50-capsulesral-Factors-Glucosamine-Chondroitin-60-Capsules1.jpg","width":1600,"height":1600},{"@type":"BreadcrumbList","@id":"https:\/\/vitablanca.ma\/produit\/solaray-l-glutamine-500-mg-50-capsules-maroc-prix\/#breadcrumb","itemListElement":[{"@type":"ListItem","position":1,"name":"Home","item":"https:\/\/vitablanca.ma\/"},{"@type":"ListItem","position":2,"name":"Tous Les Produits","item":"https:\/\/vitablanca.ma\/tous-les-produits\/"},{"@type":"ListItem","position":3,"name":"Solaray L-glutamine, 500 mg, 50 capsules"}]},{"@type":"WebSite","@id":"https:\/\/vitablanca.ma\/#website","url":"https:\/\/vitablanca.ma\/","name":"VitaBlanca.ma | \u0627\u0644\u0645\u0643\u0645\u0644\u0627\u062a \u0627\u0644\u063a\u0630\u0627\u0626\u064a\u0629\u060c \u0627\u0644\u0635\u062d\u0629 \u0648\u0627\u0644\u062c\u0645\u0627\u0644 \u0641\u064a \u0627\u0644\u0645\u063a\u0631\u0628","description":"\u0646\u0628\u064a\u0639 \u0641\u064a\u062a\u0627\u0645\u064a\u0646\u0627\u062a \u0648\u0645\u0643\u0645\u0644\u0627\u062a \u063a\u0630\u0627\u0626\u064a\u0629 \u0641\u0627\u062e\u0631\u0629 \u0645\u0646 \u0627\u0644\u0648\u0644\u0627\u064a\u0627\u062a \u0627\u0644\u0645\u062a\u062d\u062f\u0629 \u0627\u0644\u0623\u0645\u0631\u064a\u0643\u064a\u0629 \u0648\u0643\u0646\u062f\u0627 \u0648\u0646\u064a\u0648\u0632\u064a\u0644\u0646\u062f\u0627 \u0648\u0627\u0644\u0645\u063a\u0631\u0628 (\u0646\u0627\u0648 \u0641\u0648\u062f\u0632\u060c \u0633\u0648\u0644\u062c\u0627\u0631\u060c \u0645\u0627\u0646\u0648\u0643\u0627). \u062a\u0648\u0635\u064a\u0644 \u0633\u0631\u064a\u0639 \u0625\u0644\u0649 \u062c\u0645\u064a\u0639 \u0623\u0646\u062d\u0627\u0621 \u0627\u0644\u0645\u063a\u0631\u0628.","publisher":{"@id":"https:\/\/vitablanca.ma\/#organization"},"alternateName":"VitaBlanca.ma","potentialAction":[{"@type":"SearchAction","target":{"@type":"EntryPoint","urlTemplate":"https:\/\/vitablanca.ma\/?s={search_term_string}"},"query-input":{"@type":"PropertyValueSpecification","valueRequired":true,"valueName":"search_term_string"}}],"inLanguage":"ar"},{"@type":"Organization","@id":"https:\/\/vitablanca.ma\/#organization","name":"\u0641\u064a\u062a\u0627\u0628\u0644\u0627\u0646\u0643\u0627","url":"https:\/\/vitablanca.ma\/","logo":{"@type":"ImageObject","inLanguage":"ar","@id":"https:\/\/vitablanca.ma\/#\/schema\/logo\/image\/","url":"https:\/\/vitablanca.ma\/wp-content\/uploads\/2025\/05\/cropped-vitablanca.png","contentUrl":"https:\/\/vitablanca.ma\/wp-content\/uploads\/2025\/05\/cropped-vitablanca.png","width":360,"height":67,"caption":"VitaBlanca"},"image":{"@id":"https:\/\/vitablanca.ma\/#\/schema\/logo\/image\/"},"sameAs":["https:\/\/www.facebook.com\/profile.php?id=61576678196717","https:\/\/www.tiktok.com\/@vitablanca.ma","https:\/\/www.instagram.com\/vitablanca.ma\/"]}]}},"jetpack_sharing_enabled":true,"_links":{"self":[{"href":"https:\/\/vitablanca.ma\/ar\/wp-json\/wp\/v2\/product\/30382","targetHints":{"allow":["GET"]}}],"collection":[{"href":"https:\/\/vitablanca.ma\/ar\/wp-json\/wp\/v2\/product"}],"about":[{"href":"https:\/\/vitablanca.ma\/ar\/wp-json\/wp\/v2\/types\/product"}],"wp:featuredmedia":[{"embeddable":true,"href":"https:\/\/vitablanca.ma\/ar\/wp-json\/wp\/v2\/media\/30383"}],"wp:attachment":[{"href":"https:\/\/vitablanca.ma\/ar\/wp-json\/wp\/v2\/media?parent=30382"}],"wp:term":[{"taxonomy":"product_brand","embeddable":true,"href":"https:\/\/vitablanca.ma\/ar\/wp-json\/wp\/v2\/product_brand?post=30382"},{"taxonomy":"product_cat","embeddable":true,"href":"https:\/\/vitablanca.ma\/ar\/wp-json\/wp\/v2\/product_cat?post=30382"},{"taxonomy":"product_tag","embeddable":true,"href":"https:\/\/vitablanca.ma\/ar\/wp-json\/wp\/v2\/product_tag?post=30382"}],"curies":[{"name":"wp","href":"https:\/\/api.w.org\/{rel}","templated":true}]}}