{"id":30311,"date":"2026-02-23T22:11:29","date_gmt":"2026-02-23T22:11:29","guid":{"rendered":"https:\/\/vitablanca.ma\/?post_type=product&#038;p=30311"},"modified":"2026-03-02T04:15:35","modified_gmt":"2026-03-02T04:15:35","slug":"sephora-palette-de-12-fards-a-paupieres-wishing-you","status":"publish","type":"product","link":"https:\/\/vitablanca.ma\/ar\/product-2\/sephora-palette-de-12-fards-a-paupieres-wishing-you\/","title":{"rendered":"Sephora Palette De 12 Fards \u00c0 Paupi\u00e8res Wishing You"},"content":{"rendered":"<p>Une palette yeux de 12 fards \u00e0 paupi\u00e8res : 10 teintes pigment\u00e9es et faciles \u00e0 porter + 2 toppers(1) pour transformer votre maquillage !<\/p>\n<p>Pour quel type de maquillage ?<\/p>\n<p>A essayer absolument cette saison, cette palette vous r\u00e9serve des surprises !<\/p>\n<p>Les 10 teintes plac\u00e9es en cercle sont des teintes mates et nacr\u00e9es, pigment\u00e9es et adapt\u00e9es \u00e0 toutes les occasions. Au centre, les 2 toppers(1) vous font vivre une toute nouvelle exp\u00e9rience : utilisez-les pour obtenir un voile nacr\u00e9 lumineux ou pour transformer votre maquillage. Une id\u00e9e cadeau originale pour faire plaisir \u00e0 coup s\u00fbr.<\/p>","protected":false},"excerpt":{"rendered":"<p>Une palette yeux de 12 fards \u00e0 paupi\u00e8res : 10 teintes pigment\u00e9es et faciles \u00e0 porter + 2 toppers(1) pour transformer votre maquillage ! Pour quel type de maquillage ? A essayer absolument cette saison, cette palette vous r\u00e9serve des surprises ! Les 10 teintes plac\u00e9es en cercle sont des teintes mates et nacr\u00e9es, pigment\u00e9es [&hellip;]<\/p>\n","protected":false},"featured_media":0,"template":"","meta":{"om_disable_all_campaigns":false},"product_brand":[],"product_cat":[18,15,3366],"product_tag":[10708,10711,5738,10710,5933,10707,10706,10709,10712],"class_list":{"0":"post-30311","1":"product","2":"type-product","3":"status-publish","5":"product_cat-beaute-sante","6":"product_cat-beaute-sante-complements-alimentaires-soins-et-bien-etre-au-meilleur-prix","7":"product_cat-complements-alimentaires-au-maroc-vitablanca","8":"product_tag-fards-mats-et-irises","9":"product_tag-idee-cadeau-beaute","10":"product_tag-maquillage-longue-tenue","11":"product_tag-maquillage-soiree","12":"product_tag-maquillage-yeux","13":"product_tag-palette-12-couleurs","14":"product_tag-palette-fards-a-paupieres","15":"product_tag-palette-festive","16":"product_tag-smoky-eyes","18":"first","19":"instock","20":"taxable","21":"shipping-taxable","22":"product-type-simple"},"yoast_head":"<!-- This site is optimized with the Yoast SEO plugin v27.5 - https:\/\/yoast.com\/product\/yoast-seo-wordpress\/ -->\n<title>Sephora Palette De 12 Fards \u00c0 Paupi\u00e8res Wishing - Maroc Prix<\/title>\n<meta name=\"description\" content=\"Palette de 12 fards \u00e0 paupi\u00e8res Wishing You : teintes vari\u00e9es mates et iris\u00e9es pour des looks naturels ou festifs. Texture facile \u00e0 estomper et longue .\" \/>\n<meta name=\"robots\" content=\"index, follow, max-snippet:-1, max-image-preview:large, max-video-preview:-1\" \/>\n<link rel=\"canonical\" href=\"https:\/\/vitablanca.ma\/ar\/product-2\/sephora-palette-de-12-fards-a-paupieres-wishing-you\/\" \/>\n<meta property=\"og:locale\" content=\"ar_AR\" \/>\n<meta property=\"og:type\" content=\"article\" \/>\n<meta property=\"og:title\" content=\"Sephora Palette De 12 Fards \u00c0 Paupi\u00e8res Wishing - Maroc Prix\" \/>\n<meta property=\"og:description\" content=\"Palette de 12 fards \u00e0 paupi\u00e8res Wishing You : teintes vari\u00e9es mates et iris\u00e9es pour des looks naturels ou festifs. Texture facile \u00e0 estomper et longue .\" \/>\n<meta property=\"og:url\" content=\"https:\/\/vitablanca.ma\/ar\/product-2\/sephora-palette-de-12-fards-a-paupieres-wishing-you\/\" \/>\n<meta property=\"og:site_name\" content=\"Vitablanca.ma &ndash; Sant&eacute;, vitalit&eacute; et bien-&ecirc;tre pour tous les Marocains\" \/>\n<meta property=\"article:publisher\" content=\"https:\/\/www.facebook.com\/profile.php?id=61576678196717\" \/>\n<meta property=\"article:modified_time\" content=\"2026-03-02T04:15:35+00:00\" \/>\n<meta property=\"og:image\" content=\"https:\/\/vitablanca.ma\/wp-content\/uploads\/2025\/06\/Magnesium_2024_1400_x787_002.jpg\" \/>\n\t<meta property=\"og:image:width\" content=\"950\" \/>\n\t<meta property=\"og:image:height\" content=\"534\" \/>\n\t<meta property=\"og:image:type\" content=\"image\/jpeg\" \/>\n<meta name=\"twitter:card\" content=\"summary_large_image\" \/>\n<meta name=\"twitter:label1\" content=\"\u0648\u0642\u062a \u0627\u0644\u0642\u0631\u0627\u0621\u0629 \u0627\u0644\u0645\u064f\u0642\u062f\u0651\u0631\" \/>\n\t<meta name=\"twitter:data1\" content=\"\u062f\u0642\u064a\u0642\u0629 \u0648\u0627\u062d\u062f\u0629\" \/>\n<script type=\"application\/ld+json\" class=\"yoast-schema-graph\">{\"@context\":\"https:\\\/\\\/schema.org\",\"@graph\":[{\"@type\":[\"WebPage\",\"ItemPage\"],\"@id\":\"https:\\\/\\\/vitablanca.ma\\\/produit\\\/sephora-palette-de-12-fards-a-paupieres-wishing-you\\\/\",\"url\":\"https:\\\/\\\/vitablanca.ma\\\/produit\\\/sephora-palette-de-12-fards-a-paupieres-wishing-you\\\/\",\"name\":\"Sephora Palette De 12 Fards \u00c0 Paupi\u00e8res Wishing - Maroc Prix\",\"isPartOf\":{\"@id\":\"https:\\\/\\\/vitablanca.ma\\\/#website\"},\"datePublished\":\"2026-02-23T22:11:29+00:00\",\"dateModified\":\"2026-03-02T04:15:35+00:00\",\"description\":\"Palette de 12 fards \u00e0 paupi\u00e8res Wishing You : teintes vari\u00e9es mates et iris\u00e9es pour des looks naturels ou festifs. Texture facile \u00e0 estomper et longue .\",\"breadcrumb\":{\"@id\":\"https:\\\/\\\/vitablanca.ma\\\/produit\\\/sephora-palette-de-12-fards-a-paupieres-wishing-you\\\/#breadcrumb\"},\"inLanguage\":\"ar\",\"potentialAction\":[{\"@type\":\"ReadAction\",\"target\":[\"https:\\\/\\\/vitablanca.ma\\\/produit\\\/sephora-palette-de-12-fards-a-paupieres-wishing-you\\\/\"]}]},{\"@type\":\"BreadcrumbList\",\"@id\":\"https:\\\/\\\/vitablanca.ma\\\/produit\\\/sephora-palette-de-12-fards-a-paupieres-wishing-you\\\/#breadcrumb\",\"itemListElement\":[{\"@type\":\"ListItem\",\"position\":1,\"name\":\"Home\",\"item\":\"https:\\\/\\\/vitablanca.ma\\\/\"},{\"@type\":\"ListItem\",\"position\":2,\"name\":\"Tous Les Produits\",\"item\":\"https:\\\/\\\/vitablanca.ma\\\/tous-les-produits\\\/\"},{\"@type\":\"ListItem\",\"position\":3,\"name\":\"Sephora Palette De 12 Fards \u00c0 Paupi\u00e8res Wishing You\"}]},{\"@type\":\"WebSite\",\"@id\":\"https:\\\/\\\/vitablanca.ma\\\/#website\",\"url\":\"https:\\\/\\\/vitablanca.ma\\\/\",\"name\":\"VitaBlanca.ma | Compl\u00e9ments alimentaires, sant\u00e9 & beaut\u00e9 au Maroc\",\"description\":\"vendre vitamines et compl\u00e9ments premium des USA &amp; Canada, Nouvelle Z\u00e9lande,Maroc (NOW Foods, Solgar, Manuka). Livraison rapide partout au Maroc.\",\"publisher\":{\"@id\":\"https:\\\/\\\/vitablanca.ma\\\/#organization\"},\"alternateName\":\"VitaBlanca.ma\",\"potentialAction\":[{\"@type\":\"SearchAction\",\"target\":{\"@type\":\"EntryPoint\",\"urlTemplate\":\"https:\\\/\\\/vitablanca.ma\\\/?s={search_term_string}\"},\"query-input\":{\"@type\":\"PropertyValueSpecification\",\"valueRequired\":true,\"valueName\":\"search_term_string\"}}],\"inLanguage\":\"ar\"},{\"@type\":\"Organization\",\"@id\":\"https:\\\/\\\/vitablanca.ma\\\/#organization\",\"name\":\"VitaBlanca\",\"url\":\"https:\\\/\\\/vitablanca.ma\\\/\",\"logo\":{\"@type\":\"ImageObject\",\"inLanguage\":\"ar\",\"@id\":\"https:\\\/\\\/vitablanca.ma\\\/#\\\/schema\\\/logo\\\/image\\\/\",\"url\":\"https:\\\/\\\/vitablanca.ma\\\/wp-content\\\/uploads\\\/2025\\\/05\\\/cropped-vitablanca.png\",\"contentUrl\":\"https:\\\/\\\/vitablanca.ma\\\/wp-content\\\/uploads\\\/2025\\\/05\\\/cropped-vitablanca.png\",\"width\":360,\"height\":67,\"caption\":\"VitaBlanca\"},\"image\":{\"@id\":\"https:\\\/\\\/vitablanca.ma\\\/#\\\/schema\\\/logo\\\/image\\\/\"},\"sameAs\":[\"https:\\\/\\\/www.facebook.com\\\/profile.php?id=61576678196717\",\"https:\\\/\\\/www.tiktok.com\\\/@vitablanca.ma\",\"https:\\\/\\\/www.instagram.com\\\/vitablanca.ma\\\/\"]}]}<\/script>\n<!-- \/ Yoast SEO plugin. -->","yoast_head_json":{"title":"Sephora Palette De 12 Fards \u00c0 Paupi\u00e8res Wishing - Maroc Prix","description":"Palette de 12 fards \u00e0 paupi\u00e8res Wishing You : teintes vari\u00e9es mates et iris\u00e9es pour des looks naturels ou festifs. Texture facile \u00e0 estomper et longue .","robots":{"index":"index","follow":"follow","max-snippet":"max-snippet:-1","max-image-preview":"max-image-preview:large","max-video-preview":"max-video-preview:-1"},"canonical":"https:\/\/vitablanca.ma\/ar\/product-2\/sephora-palette-de-12-fards-a-paupieres-wishing-you\/","og_locale":"ar_AR","og_type":"article","og_title":"Sephora Palette De 12 Fards \u00c0 Paupi\u00e8res Wishing - Maroc Prix","og_description":"Palette de 12 fards \u00e0 paupi\u00e8res Wishing You : teintes vari\u00e9es mates et iris\u00e9es pour des looks naturels ou festifs. Texture facile \u00e0 estomper et longue .","og_url":"https:\/\/vitablanca.ma\/ar\/product-2\/sephora-palette-de-12-fards-a-paupieres-wishing-you\/","og_site_name":"Vitablanca.ma &ndash; Sant&eacute;, vitalit&eacute; et bien-&ecirc;tre pour tous les Marocains","article_publisher":"https:\/\/www.facebook.com\/profile.php?id=61576678196717","article_modified_time":"2026-03-02T04:15:35+00:00","og_image":[{"width":950,"height":534,"url":"https:\/\/vitablanca.ma\/wp-content\/uploads\/2025\/06\/Magnesium_2024_1400_x787_002.jpg","type":"image\/jpeg"}],"twitter_card":"summary_large_image","twitter_misc":{"\u0648\u0642\u062a \u0627\u0644\u0642\u0631\u0627\u0621\u0629 \u0627\u0644\u0645\u064f\u0642\u062f\u0651\u0631":"\u062f\u0642\u064a\u0642\u0629 \u0648\u0627\u062d\u062f\u0629"},"schema":{"@context":"https:\/\/schema.org","@graph":[{"@type":["WebPage","ItemPage"],"@id":"https:\/\/vitablanca.ma\/produit\/sephora-palette-de-12-fards-a-paupieres-wishing-you\/","url":"https:\/\/vitablanca.ma\/produit\/sephora-palette-de-12-fards-a-paupieres-wishing-you\/","name":"Sephora Palette De 12 Fards \u00c0 Paupi\u00e8res Wishing - Maroc Prix","isPartOf":{"@id":"https:\/\/vitablanca.ma\/#website"},"datePublished":"2026-02-23T22:11:29+00:00","dateModified":"2026-03-02T04:15:35+00:00","description":"Palette de 12 fards \u00e0 paupi\u00e8res Wishing You : teintes vari\u00e9es mates et iris\u00e9es pour des looks naturels ou festifs. Texture facile \u00e0 estomper et longue .","breadcrumb":{"@id":"https:\/\/vitablanca.ma\/produit\/sephora-palette-de-12-fards-a-paupieres-wishing-you\/#breadcrumb"},"inLanguage":"ar","potentialAction":[{"@type":"ReadAction","target":["https:\/\/vitablanca.ma\/produit\/sephora-palette-de-12-fards-a-paupieres-wishing-you\/"]}]},{"@type":"BreadcrumbList","@id":"https:\/\/vitablanca.ma\/produit\/sephora-palette-de-12-fards-a-paupieres-wishing-you\/#breadcrumb","itemListElement":[{"@type":"ListItem","position":1,"name":"Home","item":"https:\/\/vitablanca.ma\/"},{"@type":"ListItem","position":2,"name":"Tous Les Produits","item":"https:\/\/vitablanca.ma\/tous-les-produits\/"},{"@type":"ListItem","position":3,"name":"Sephora Palette De 12 Fards \u00c0 Paupi\u00e8res Wishing You"}]},{"@type":"WebSite","@id":"https:\/\/vitablanca.ma\/#website","url":"https:\/\/vitablanca.ma\/","name":"VitaBlanca.ma | \u0627\u0644\u0645\u0643\u0645\u0644\u0627\u062a \u0627\u0644\u063a\u0630\u0627\u0626\u064a\u0629\u060c \u0627\u0644\u0635\u062d\u0629 \u0648\u0627\u0644\u062c\u0645\u0627\u0644 \u0641\u064a \u0627\u0644\u0645\u063a\u0631\u0628","description":"\u0646\u0628\u064a\u0639 \u0641\u064a\u062a\u0627\u0645\u064a\u0646\u0627\u062a \u0648\u0645\u0643\u0645\u0644\u0627\u062a \u063a\u0630\u0627\u0626\u064a\u0629 \u0641\u0627\u062e\u0631\u0629 \u0645\u0646 \u0627\u0644\u0648\u0644\u0627\u064a\u0627\u062a \u0627\u0644\u0645\u062a\u062d\u062f\u0629 \u0627\u0644\u0623\u0645\u0631\u064a\u0643\u064a\u0629 \u0648\u0643\u0646\u062f\u0627 \u0648\u0646\u064a\u0648\u0632\u064a\u0644\u0646\u062f\u0627 \u0648\u0627\u0644\u0645\u063a\u0631\u0628 (\u0646\u0627\u0648 \u0641\u0648\u062f\u0632\u060c \u0633\u0648\u0644\u062c\u0627\u0631\u060c \u0645\u0627\u0646\u0648\u0643\u0627). \u062a\u0648\u0635\u064a\u0644 \u0633\u0631\u064a\u0639 \u0625\u0644\u0649 \u062c\u0645\u064a\u0639 \u0623\u0646\u062d\u0627\u0621 \u0627\u0644\u0645\u063a\u0631\u0628.","publisher":{"@id":"https:\/\/vitablanca.ma\/#organization"},"alternateName":"VitaBlanca.ma","potentialAction":[{"@type":"SearchAction","target":{"@type":"EntryPoint","urlTemplate":"https:\/\/vitablanca.ma\/?s={search_term_string}"},"query-input":{"@type":"PropertyValueSpecification","valueRequired":true,"valueName":"search_term_string"}}],"inLanguage":"ar"},{"@type":"Organization","@id":"https:\/\/vitablanca.ma\/#organization","name":"\u0641\u064a\u062a\u0627\u0628\u0644\u0627\u0646\u0643\u0627","url":"https:\/\/vitablanca.ma\/","logo":{"@type":"ImageObject","inLanguage":"ar","@id":"https:\/\/vitablanca.ma\/#\/schema\/logo\/image\/","url":"https:\/\/vitablanca.ma\/wp-content\/uploads\/2025\/05\/cropped-vitablanca.png","contentUrl":"https:\/\/vitablanca.ma\/wp-content\/uploads\/2025\/05\/cropped-vitablanca.png","width":360,"height":67,"caption":"VitaBlanca"},"image":{"@id":"https:\/\/vitablanca.ma\/#\/schema\/logo\/image\/"},"sameAs":["https:\/\/www.facebook.com\/profile.php?id=61576678196717","https:\/\/www.tiktok.com\/@vitablanca.ma","https:\/\/www.instagram.com\/vitablanca.ma\/"]}]}},"jetpack_sharing_enabled":true,"_links":{"self":[{"href":"https:\/\/vitablanca.ma\/ar\/wp-json\/wp\/v2\/product\/30311","targetHints":{"allow":["GET"]}}],"collection":[{"href":"https:\/\/vitablanca.ma\/ar\/wp-json\/wp\/v2\/product"}],"about":[{"href":"https:\/\/vitablanca.ma\/ar\/wp-json\/wp\/v2\/types\/product"}],"wp:attachment":[{"href":"https:\/\/vitablanca.ma\/ar\/wp-json\/wp\/v2\/media?parent=30311"}],"wp:term":[{"taxonomy":"product_brand","embeddable":true,"href":"https:\/\/vitablanca.ma\/ar\/wp-json\/wp\/v2\/product_brand?post=30311"},{"taxonomy":"product_cat","embeddable":true,"href":"https:\/\/vitablanca.ma\/ar\/wp-json\/wp\/v2\/product_cat?post=30311"},{"taxonomy":"product_tag","embeddable":true,"href":"https:\/\/vitablanca.ma\/ar\/wp-json\/wp\/v2\/product_tag?post=30311"}],"curies":[{"name":"wp","href":"https:\/\/api.w.org\/{rel}","templated":true}]}}