{"id":30300,"date":"2026-02-23T14:29:14","date_gmt":"2026-02-23T14:29:14","guid":{"rendered":"https:\/\/vitablanca.ma\/?post_type=product&#038;p=30300"},"modified":"2026-03-02T04:15:36","modified_gmt":"2026-03-02T04:15:36","slug":"vital-proteins-collagen-peptides-unflavored-567-g-maroc-prix","status":"publish","type":"product","link":"https:\/\/vitablanca.ma\/ar\/product-2\/vital-proteins-collagen-peptides-unflavored-567-g-maroc-prix\/","title":{"rendered":"Vital Proteins, Collagen Peptides, Unflavored, 567 g"},"content":{"rendered":"<p>20 g de peptides de collag\u00e8ne par portion<\/p>\n<p>Peau, cheveux, ongles + soutien articulaire \u2227<\/p>\n<p>Nourris \u00e0 l&rsquo;herbe + \u00e9lev\u00e9s au p\u00e2turage<\/p>\n<p>Sport certifi\u00e9 NSF<\/p>\n<p>\u0645\u0643\u0645\u0644 \u063a\u0630\u0627\u0626\u064a<\/p>\n<p>\u0643\u0648\u0634\u064a\u0631<\/p>\n<p>Total 30 approuv\u00e9<\/p>\n<p>\u0645\u0635\u0646\u0648\u0639 \u0628\u062f\u0648\u0646 \u0645\u0646\u062a\u062c\u0627\u062a \u0627\u0644\u0623\u0644\u0628\u0627\u0646<\/p>\n<p>\u0645\u0635\u0646\u0648\u0639 \u0628\u062f\u0648\u0646 \u0627\u0644\u063a\u0644\u0648\u062a\u064a\u0646<\/p>\n<p>\u062e\u0627\u0644\u064a\u0629 \u0645\u0646 \u0645\u0627\u062f\u0629 BPA<\/p>\n<p>\u0645\u0635\u0646\u0648\u0639 \u0645\u0646 \u0628\u0628\u062a\u064a\u062f\u0627\u062a \u0627\u0644\u0643\u0648\u0644\u0627\u062c\u064a\u0646 \u0627\u0644\u0628\u0642\u0631\u064a<\/p>\n<p>Apparence jeune<\/p>\n<p>Articulations et os sains \u2227<\/p>\n<p>1 ingr\u00e9dient simple<\/p>\n<p>Hydratation de la peau \u2227<\/p>\n<p>M\u00e9langer avec des liquides chauds ou froids<\/p>\n<p>Compatible pal\u00e9o<\/p>\n<p>\u00c9lasticit\u00e9 de la peau \u2227<\/p>\n<p>Soutien cheveux et ongles \u2227<\/p>\n<p>Le m\u00eame collag\u00e8ne que vous aimez, sans la cuill\u00e8re en plastique.<\/p>\n<p>Soyez et sentez-vous \u00e0 votre meilleur<\/p>\n<p>Nos peptides de collag\u00e8ne ont une saveur neutre, ce qui en fait un excellent ajout \u00e0 l&rsquo;eau, au caf\u00e9, aux smoothies et \u00e0 d&rsquo;autres recettes. Prenez-le quand cela vous convient le mieux, \u00e0 tout moment de la journ\u00e9e.<\/p>\n<p>Les r\u00e9sultats peuvent varier. Diverses \u00e9tudes ont sugg\u00e9r\u00e9 des b\u00e9n\u00e9fices apr\u00e8s une consommation quotidienne de peptides de collag\u00e8ne pendant plusieurs mois. Utilisation sugg\u00e9r\u00e9e<\/p>\n<p>\u0627\u0645\u0632\u062c \u0645\u0644\u0639\u0642\u062a\u064a\u0646 \u0643\u0628\u064a\u0631\u062a\u064a\u0646 \u0645\u0639 \u0662\u0665 \u0645\u0644 \u0645\u0646 \u0627\u0644\u0645\u0627\u0621 \u0648\u062d\u0631\u0651\u0643 \u062c\u064a\u062f\u064b\u0627. \u0644\u0644\u062d\u0635\u0648\u0644 \u0639\u0644\u0649 \u0623\u0641\u0636\u0644 \u0627\u0644\u0646\u062a\u0627\u0626\u062c\u060c \u0627\u0633\u062a\u062e\u062f\u0645 \u0631\u062c\u0651\u0627\u062c\u0629 \u0623\u0648 \u062e\u0644\u0627\u0637\u064b\u0627.<\/p>","protected":false},"excerpt":{"rendered":"<ul>\n<li data-start=\"793\" data-end=\"830\">\n<p data-start=\"795\" data-end=\"830\">Collag\u00e8ne hydrolys\u00e9 haute qualit\u00e9<\/p>\n<\/li>\n<li data-start=\"831\" data-end=\"858\">\n<p data-start=\"833\" data-end=\"858\">Format \u00e9conomique 567 g<\/p>\n<\/li>\n<li data-start=\"859\" data-end=\"893\">\n<p data-start=\"861\" data-end=\"893\">Sans saveur, facile \u00e0 m\u00e9langer<\/p>\n<\/li>\n<li data-start=\"894\" data-end=\"930\">\n<p data-start=\"896\" data-end=\"930\">Soutient peau, cheveux et ongles<\/p>\n<\/li>\n<li data-start=\"931\" data-end=\"968\" data-is-last-node=\"\">\n<p data-start=\"933\" data-end=\"968\" data-is-last-node=\"\">\u064a\u0639\u0632\u0632 \u0635\u062d\u0629 \u0627\u0644\u0645\u0641\u0627\u0635\u0644<\/p>\n<\/li>\n<\/ul>","protected":false},"featured_media":30301,"template":"","meta":{"om_disable_all_campaigns":false},"product_brand":[1839],"product_cat":[18,10698,3366,163,19],"product_tag":[10699,5079,6917,701,8878,4305,3492,1746,8897,8896],"class_list":{"0":"post-30300","1":"product","2":"type-product","3":"status-publish","4":"has-post-thumbnail","6":"product_brand-vital-proteines","7":"product_cat-beaute-sante","8":"product_cat-collagene-2","9":"product_cat-complements-alimentaires-au-maroc-vitablanca","10":"product_cat-mineraux","11":"product_cat-vitamines-supplements-dietetiques","12":"product_tag-567-g","13":"product_tag-articulations","14":"product_tag-beaute","15":"product_tag-cheveux","16":"product_tag-collagen-peptides","17":"product_tag-collagene","18":"product_tag-maroc","19":"product_tag-peau","20":"product_tag-sans-saveur","21":"product_tag-vital-proteins","23":"first","24":"instock","25":"sale","26":"taxable","27":"shipping-taxable","28":"purchasable","29":"product-type-simple"},"yoast_head":"<!-- This site is optimized with the Yoast SEO plugin v27.3 - https:\/\/yoast.com\/product\/yoast-seo-wordpress\/ -->\n<title>Vital Proteins Collagen Peptides Sans Saveur 567 g \u2013 Maroc Prix<\/title>\n<meta name=\"description\" content=\"Vital Proteins Collagen Peptides, 567 g sans saveur. Soutient la peau, les cheveux, les ongles et les articulations. Disponible au Maroc.\" \/>\n<meta name=\"robots\" content=\"index, follow, max-snippet:-1, max-image-preview:large, max-video-preview:-1\" \/>\n<link rel=\"canonical\" href=\"https:\/\/vitablanca.ma\/ar\/product-2\/vital-proteins-collagen-peptides-unflavored-567-g-maroc-prix\/\" \/>\n<meta property=\"og:locale\" content=\"ar_AR\" \/>\n<meta property=\"og:type\" content=\"article\" \/>\n<meta property=\"og:title\" content=\"Vital Proteins Collagen Peptides Sans Saveur 567 g \u2013 Maroc Prix\" \/>\n<meta property=\"og:description\" content=\"Vital Proteins Collagen Peptides, 567 g sans saveur. Soutient la peau, les cheveux, les ongles et les articulations. Disponible au Maroc.\" \/>\n<meta property=\"og:url\" content=\"https:\/\/vitablanca.ma\/ar\/product-2\/vital-proteins-collagen-peptides-unflavored-567-g-maroc-prix\/\" \/>\n<meta property=\"og:site_name\" content=\"Vitablanca.ma &ndash; Sant&eacute;, vitalit&eacute; et bien-&ecirc;tre pour tous les Marocains\" \/>\n<meta property=\"article:publisher\" content=\"https:\/\/www.facebook.com\/profile.php?id=61576678196717\" \/>\n<meta property=\"article:modified_time\" content=\"2026-03-02T04:15:36+00:00\" \/>\n<meta property=\"og:image\" content=\"https:\/\/vitablanca.ma\/wp-content\/uploads\/2026\/02\/Vital-Proteins-Collagen-Peptides-Unflavored-567-g1-1.jpg\" \/>\n\t<meta property=\"og:image:width\" content=\"680\" \/>\n\t<meta property=\"og:image:height\" content=\"680\" \/>\n\t<meta property=\"og:image:type\" content=\"image\/jpeg\" \/>\n<meta name=\"twitter:card\" content=\"summary_large_image\" \/>\n<meta name=\"twitter:label1\" content=\"\u0648\u0642\u062a \u0627\u0644\u0642\u0631\u0627\u0621\u0629 \u0627\u0644\u0645\u064f\u0642\u062f\u0651\u0631\" \/>\n\t<meta name=\"twitter:data1\" content=\"\u062f\u0642\u064a\u0642\u062a\u0627\u0646\" \/>\n<script type=\"application\/ld+json\" class=\"yoast-schema-graph\">{\"@context\":\"https:\\\/\\\/schema.org\",\"@graph\":[{\"@type\":[\"WebPage\",\"ItemPage\"],\"@id\":\"https:\\\/\\\/vitablanca.ma\\\/produit\\\/vital-proteins-collagen-peptides-unflavored-567-g-maroc-prix\\\/\",\"url\":\"https:\\\/\\\/vitablanca.ma\\\/produit\\\/vital-proteins-collagen-peptides-unflavored-567-g-maroc-prix\\\/\",\"name\":\"Vital Proteins Collagen Peptides Sans Saveur 567 g \u2013 Maroc Prix\",\"isPartOf\":{\"@id\":\"https:\\\/\\\/vitablanca.ma\\\/#website\"},\"primaryImageOfPage\":{\"@id\":\"https:\\\/\\\/vitablanca.ma\\\/produit\\\/vital-proteins-collagen-peptides-unflavored-567-g-maroc-prix\\\/#primaryimage\"},\"image\":{\"@id\":\"https:\\\/\\\/vitablanca.ma\\\/produit\\\/vital-proteins-collagen-peptides-unflavored-567-g-maroc-prix\\\/#primaryimage\"},\"thumbnailUrl\":\"https:\\\/\\\/vitablanca.ma\\\/wp-content\\\/uploads\\\/2026\\\/02\\\/Vital-Proteins-Collagen-Peptides-Unflavored-567-g1-1.jpg\",\"datePublished\":\"2026-02-23T14:29:14+00:00\",\"dateModified\":\"2026-03-02T04:15:36+00:00\",\"description\":\"Vital Proteins Collagen Peptides, 567 g sans saveur. Soutient la peau, les cheveux, les ongles et les articulations. Disponible au Maroc.\",\"breadcrumb\":{\"@id\":\"https:\\\/\\\/vitablanca.ma\\\/produit\\\/vital-proteins-collagen-peptides-unflavored-567-g-maroc-prix\\\/#breadcrumb\"},\"inLanguage\":\"ar\",\"potentialAction\":[{\"@type\":\"ReadAction\",\"target\":[\"https:\\\/\\\/vitablanca.ma\\\/produit\\\/vital-proteins-collagen-peptides-unflavored-567-g-maroc-prix\\\/\"]}]},{\"@type\":\"ImageObject\",\"inLanguage\":\"ar\",\"@id\":\"https:\\\/\\\/vitablanca.ma\\\/produit\\\/vital-proteins-collagen-peptides-unflavored-567-g-maroc-prix\\\/#primaryimage\",\"url\":\"https:\\\/\\\/vitablanca.ma\\\/wp-content\\\/uploads\\\/2026\\\/02\\\/Vital-Proteins-Collagen-Peptides-Unflavored-567-g1-1.jpg\",\"contentUrl\":\"https:\\\/\\\/vitablanca.ma\\\/wp-content\\\/uploads\\\/2026\\\/02\\\/Vital-Proteins-Collagen-Peptides-Unflavored-567-g1-1.jpg\",\"width\":680,\"height\":680},{\"@type\":\"BreadcrumbList\",\"@id\":\"https:\\\/\\\/vitablanca.ma\\\/produit\\\/vital-proteins-collagen-peptides-unflavored-567-g-maroc-prix\\\/#breadcrumb\",\"itemListElement\":[{\"@type\":\"ListItem\",\"position\":1,\"name\":\"Home\",\"item\":\"https:\\\/\\\/vitablanca.ma\\\/\"},{\"@type\":\"ListItem\",\"position\":2,\"name\":\"Tous Les Produits\",\"item\":\"https:\\\/\\\/vitablanca.ma\\\/tous-les-produits\\\/\"},{\"@type\":\"ListItem\",\"position\":3,\"name\":\"Vital Proteins, Collagen Peptides, Unflavored, 567 g\"}]},{\"@type\":\"WebSite\",\"@id\":\"https:\\\/\\\/vitablanca.ma\\\/#website\",\"url\":\"https:\\\/\\\/vitablanca.ma\\\/\",\"name\":\"VitaBlanca.ma | Compl\u00e9ments alimentaires, sant\u00e9 & beaut\u00e9 au Maroc\",\"description\":\"vendre vitamines et compl\u00e9ments premium des USA &amp; Canada, Nouvelle Z\u00e9lande,Maroc (NOW Foods, Solgar, Manuka). Livraison rapide partout au Maroc.\",\"publisher\":{\"@id\":\"https:\\\/\\\/vitablanca.ma\\\/#organization\"},\"alternateName\":\"VitaBlanca.ma\",\"potentialAction\":[{\"@type\":\"SearchAction\",\"target\":{\"@type\":\"EntryPoint\",\"urlTemplate\":\"https:\\\/\\\/vitablanca.ma\\\/?s={search_term_string}\"},\"query-input\":{\"@type\":\"PropertyValueSpecification\",\"valueRequired\":true,\"valueName\":\"search_term_string\"}}],\"inLanguage\":\"ar\"},{\"@type\":\"Organization\",\"@id\":\"https:\\\/\\\/vitablanca.ma\\\/#organization\",\"name\":\"VitaBlanca\",\"url\":\"https:\\\/\\\/vitablanca.ma\\\/\",\"logo\":{\"@type\":\"ImageObject\",\"inLanguage\":\"ar\",\"@id\":\"https:\\\/\\\/vitablanca.ma\\\/#\\\/schema\\\/logo\\\/image\\\/\",\"url\":\"https:\\\/\\\/vitablanca.ma\\\/wp-content\\\/uploads\\\/2025\\\/05\\\/cropped-vitablanca.png\",\"contentUrl\":\"https:\\\/\\\/vitablanca.ma\\\/wp-content\\\/uploads\\\/2025\\\/05\\\/cropped-vitablanca.png\",\"width\":360,\"height\":67,\"caption\":\"VitaBlanca\"},\"image\":{\"@id\":\"https:\\\/\\\/vitablanca.ma\\\/#\\\/schema\\\/logo\\\/image\\\/\"},\"sameAs\":[\"https:\\\/\\\/www.facebook.com\\\/profile.php?id=61576678196717\",\"https:\\\/\\\/www.tiktok.com\\\/@vitablanca.ma\",\"https:\\\/\\\/www.instagram.com\\\/vitablanca.ma\\\/\"]}]}<\/script>\n<!-- \/ Yoast SEO plugin. -->","yoast_head_json":{"title":"Vital Proteins Collagen Peptides Sans Saveur 567 g \u2013 Maroc Prix","description":"Vital Proteins Collagen Peptides, 567 g sans saveur. Soutient la peau, les cheveux, les ongles et les articulations. Disponible au Maroc.","robots":{"index":"index","follow":"follow","max-snippet":"max-snippet:-1","max-image-preview":"max-image-preview:large","max-video-preview":"max-video-preview:-1"},"canonical":"https:\/\/vitablanca.ma\/ar\/product-2\/vital-proteins-collagen-peptides-unflavored-567-g-maroc-prix\/","og_locale":"ar_AR","og_type":"article","og_title":"Vital Proteins Collagen Peptides Sans Saveur 567 g \u2013 Maroc Prix","og_description":"Vital Proteins Collagen Peptides, 567 g sans saveur. Soutient la peau, les cheveux, les ongles et les articulations. Disponible au Maroc.","og_url":"https:\/\/vitablanca.ma\/ar\/product-2\/vital-proteins-collagen-peptides-unflavored-567-g-maroc-prix\/","og_site_name":"Vitablanca.ma &ndash; Sant&eacute;, vitalit&eacute; et bien-&ecirc;tre pour tous les Marocains","article_publisher":"https:\/\/www.facebook.com\/profile.php?id=61576678196717","article_modified_time":"2026-03-02T04:15:36+00:00","og_image":[{"width":680,"height":680,"url":"https:\/\/vitablanca.ma\/wp-content\/uploads\/2026\/02\/Vital-Proteins-Collagen-Peptides-Unflavored-567-g1-1.jpg","type":"image\/jpeg"}],"twitter_card":"summary_large_image","twitter_misc":{"\u0648\u0642\u062a \u0627\u0644\u0642\u0631\u0627\u0621\u0629 \u0627\u0644\u0645\u064f\u0642\u062f\u0651\u0631":"\u062f\u0642\u064a\u0642\u062a\u0627\u0646"},"schema":{"@context":"https:\/\/schema.org","@graph":[{"@type":["WebPage","ItemPage"],"@id":"https:\/\/vitablanca.ma\/produit\/vital-proteins-collagen-peptides-unflavored-567-g-maroc-prix\/","url":"https:\/\/vitablanca.ma\/produit\/vital-proteins-collagen-peptides-unflavored-567-g-maroc-prix\/","name":"Vital Proteins Collagen Peptides Sans Saveur 567 g \u2013 Maroc Prix","isPartOf":{"@id":"https:\/\/vitablanca.ma\/#website"},"primaryImageOfPage":{"@id":"https:\/\/vitablanca.ma\/produit\/vital-proteins-collagen-peptides-unflavored-567-g-maroc-prix\/#primaryimage"},"image":{"@id":"https:\/\/vitablanca.ma\/produit\/vital-proteins-collagen-peptides-unflavored-567-g-maroc-prix\/#primaryimage"},"thumbnailUrl":"https:\/\/vitablanca.ma\/wp-content\/uploads\/2026\/02\/Vital-Proteins-Collagen-Peptides-Unflavored-567-g1-1.jpg","datePublished":"2026-02-23T14:29:14+00:00","dateModified":"2026-03-02T04:15:36+00:00","description":"Vital Proteins Collagen Peptides, 567 g sans saveur. Soutient la peau, les cheveux, les ongles et les articulations. Disponible au Maroc.","breadcrumb":{"@id":"https:\/\/vitablanca.ma\/produit\/vital-proteins-collagen-peptides-unflavored-567-g-maroc-prix\/#breadcrumb"},"inLanguage":"ar","potentialAction":[{"@type":"ReadAction","target":["https:\/\/vitablanca.ma\/produit\/vital-proteins-collagen-peptides-unflavored-567-g-maroc-prix\/"]}]},{"@type":"ImageObject","inLanguage":"ar","@id":"https:\/\/vitablanca.ma\/produit\/vital-proteins-collagen-peptides-unflavored-567-g-maroc-prix\/#primaryimage","url":"https:\/\/vitablanca.ma\/wp-content\/uploads\/2026\/02\/Vital-Proteins-Collagen-Peptides-Unflavored-567-g1-1.jpg","contentUrl":"https:\/\/vitablanca.ma\/wp-content\/uploads\/2026\/02\/Vital-Proteins-Collagen-Peptides-Unflavored-567-g1-1.jpg","width":680,"height":680},{"@type":"BreadcrumbList","@id":"https:\/\/vitablanca.ma\/produit\/vital-proteins-collagen-peptides-unflavored-567-g-maroc-prix\/#breadcrumb","itemListElement":[{"@type":"ListItem","position":1,"name":"Home","item":"https:\/\/vitablanca.ma\/"},{"@type":"ListItem","position":2,"name":"Tous Les Produits","item":"https:\/\/vitablanca.ma\/tous-les-produits\/"},{"@type":"ListItem","position":3,"name":"Vital Proteins, Collagen Peptides, Unflavored, 567 g"}]},{"@type":"WebSite","@id":"https:\/\/vitablanca.ma\/#website","url":"https:\/\/vitablanca.ma\/","name":"VitaBlanca.ma | \u0627\u0644\u0645\u0643\u0645\u0644\u0627\u062a \u0627\u0644\u063a\u0630\u0627\u0626\u064a\u0629\u060c \u0627\u0644\u0635\u062d\u0629 \u0648\u0627\u0644\u062c\u0645\u0627\u0644 \u0641\u064a \u0627\u0644\u0645\u063a\u0631\u0628","description":"\u0646\u0628\u064a\u0639 \u0641\u064a\u062a\u0627\u0645\u064a\u0646\u0627\u062a \u0648\u0645\u0643\u0645\u0644\u0627\u062a \u063a\u0630\u0627\u0626\u064a\u0629 \u0641\u0627\u062e\u0631\u0629 \u0645\u0646 \u0627\u0644\u0648\u0644\u0627\u064a\u0627\u062a \u0627\u0644\u0645\u062a\u062d\u062f\u0629 \u0627\u0644\u0623\u0645\u0631\u064a\u0643\u064a\u0629 \u0648\u0643\u0646\u062f\u0627 \u0648\u0646\u064a\u0648\u0632\u064a\u0644\u0646\u062f\u0627 \u0648\u0627\u0644\u0645\u063a\u0631\u0628 (\u0646\u0627\u0648 \u0641\u0648\u062f\u0632\u060c \u0633\u0648\u0644\u062c\u0627\u0631\u060c \u0645\u0627\u0646\u0648\u0643\u0627). \u062a\u0648\u0635\u064a\u0644 \u0633\u0631\u064a\u0639 \u0625\u0644\u0649 \u062c\u0645\u064a\u0639 \u0623\u0646\u062d\u0627\u0621 \u0627\u0644\u0645\u063a\u0631\u0628.","publisher":{"@id":"https:\/\/vitablanca.ma\/#organization"},"alternateName":"VitaBlanca.ma","potentialAction":[{"@type":"SearchAction","target":{"@type":"EntryPoint","urlTemplate":"https:\/\/vitablanca.ma\/?s={search_term_string}"},"query-input":{"@type":"PropertyValueSpecification","valueRequired":true,"valueName":"search_term_string"}}],"inLanguage":"ar"},{"@type":"Organization","@id":"https:\/\/vitablanca.ma\/#organization","name":"\u0641\u064a\u062a\u0627\u0628\u0644\u0627\u0646\u0643\u0627","url":"https:\/\/vitablanca.ma\/","logo":{"@type":"ImageObject","inLanguage":"ar","@id":"https:\/\/vitablanca.ma\/#\/schema\/logo\/image\/","url":"https:\/\/vitablanca.ma\/wp-content\/uploads\/2025\/05\/cropped-vitablanca.png","contentUrl":"https:\/\/vitablanca.ma\/wp-content\/uploads\/2025\/05\/cropped-vitablanca.png","width":360,"height":67,"caption":"VitaBlanca"},"image":{"@id":"https:\/\/vitablanca.ma\/#\/schema\/logo\/image\/"},"sameAs":["https:\/\/www.facebook.com\/profile.php?id=61576678196717","https:\/\/www.tiktok.com\/@vitablanca.ma","https:\/\/www.instagram.com\/vitablanca.ma\/"]}]}},"jetpack_sharing_enabled":true,"_links":{"self":[{"href":"https:\/\/vitablanca.ma\/ar\/wp-json\/wp\/v2\/product\/30300","targetHints":{"allow":["GET"]}}],"collection":[{"href":"https:\/\/vitablanca.ma\/ar\/wp-json\/wp\/v2\/product"}],"about":[{"href":"https:\/\/vitablanca.ma\/ar\/wp-json\/wp\/v2\/types\/product"}],"wp:featuredmedia":[{"embeddable":true,"href":"https:\/\/vitablanca.ma\/ar\/wp-json\/wp\/v2\/media\/30301"}],"wp:attachment":[{"href":"https:\/\/vitablanca.ma\/ar\/wp-json\/wp\/v2\/media?parent=30300"}],"wp:term":[{"taxonomy":"product_brand","embeddable":true,"href":"https:\/\/vitablanca.ma\/ar\/wp-json\/wp\/v2\/product_brand?post=30300"},{"taxonomy":"product_cat","embeddable":true,"href":"https:\/\/vitablanca.ma\/ar\/wp-json\/wp\/v2\/product_cat?post=30300"},{"taxonomy":"product_tag","embeddable":true,"href":"https:\/\/vitablanca.ma\/ar\/wp-json\/wp\/v2\/product_tag?post=30300"}],"curies":[{"name":"wp","href":"https:\/\/api.w.org\/{rel}","templated":true}]}}