{"id":30270,"date":"2026-02-22T23:26:19","date_gmt":"2026-02-22T23:26:19","guid":{"rendered":"https:\/\/vitablanca.ma\/?post_type=product&#038;p=30270"},"modified":"2026-03-02T04:15:37","modified_gmt":"2026-03-02T04:15:37","slug":"vital-proteins-collagen-peptides-lemon-313-g-maroc-prix","status":"publish","type":"product","link":"https:\/\/vitablanca.ma\/ar\/product-2\/vital-proteins-collagen-peptides-lemon-313-g-maroc-prix\/","title":{"rendered":"Vital Proteins Collagen Peptides, Lemon 313 g"},"content":{"rendered":"<p>Le collag\u00e8ne que vous aimez, mais sans la mesure en plastique<\/p>\n<p>20 g de peptides de collag\u00e8ne par portion<\/p>\n<p>Animaux nourris \u00e0 l\u2019herbe et \u00e9lev\u00e9s en p\u00e2turage<\/p>\n<p>0 g de sucre<\/p>\n<p>Il suffit d\u2019ajouter 225 ml d\u2019eau<\/p>\n<p>NSF Certified Sport<\/p>\n<p>Parfum\u00e9 avec d\u2019autres ar\u00f4mes naturels<\/p>\n<p>\u0645\u0643\u0645\u0644 \u063a\u0630\u0627\u0626\u064a<\/p>\n<p>Issu de peptides de collag\u00e8ne d\u2019origine bovine<\/p>\n<p>Produit \u00e9labor\u00e9 sans produits laitiers<\/p>\n<p>\u00c9labor\u00e9 sans gluten<\/p>\n<p>\u062e\u0627\u0644\u064a\u0629 \u0645\u0646 \u0645\u0627\u062f\u0629 BPA<\/p>\n<p>Contribue \u00e0 la sant\u00e9 des cheveux et des ongles^<\/p>\n<p>Saveur rafra\u00eechissante<\/p>\n<p>\u00c0 m\u00e9langer dans des boissons chaudes ou froides<\/p>\n<p>Sans colorants artificiels<\/p>\n<p>Pr\u00e9serve la sant\u00e9 des os et des articulations^<\/p>\n<p>Favorise l\u2019\u00e9lasticit\u00e9 de la peau^<\/p>\n<p>Consulter les instructions pour conna\u00eetre les portions<\/p>\n<p>Le compagnon acidul\u00e9 du collag\u00e8ne<\/p>\n<p>Ajoutez un peu de zeste \u00e0 votre routine bien-\u00eatre quotidienne. Les peptides de collag\u00e8ne au citron de Vital Proteins\u00ae ajoutent une saveur l\u00e9g\u00e8re et rafra\u00eechissante \u00e0 nos peptides de collag\u00e8ne les plus vendus. Ajoutez-les simplement \u00e0 de l\u2019eau chaude ou froide et d\u00e9gustez !<\/p>\n<p>^Les r\u00e9sultats peuvent varier. Plusieurs \u00e9tudes sugg\u00e8rent qu\u2019il est b\u00e9n\u00e9fique de consommer des peptides de collag\u00e8ne tous les jours pendant plusieurs mois.<\/p>\n<p><strong>\u0627\u0644\u0627\u0633\u062a\u062e\u062f\u0627\u0645 \u0627\u0644\u0645\u0642\u062a\u0631\u062d<\/strong><\/p>\n<p>Incorporez 4 c. \u00e0 s. de produit dans 225 ml d\u2019eau chaude ou froide et m\u00e9langez soigneusement. Utilisez plus ou moins d\u2019eau pour ajuster le go\u00fbt.<\/p>","protected":false},"excerpt":{"rendered":"<ul>\n<li data-start=\"799\" data-end=\"836\">\n<p data-start=\"801\" data-end=\"836\">Collag\u00e8ne hydrolys\u00e9 haute qualit\u00e9<\/p>\n<\/li>\n<li data-start=\"837\" data-end=\"870\">\n<p data-start=\"839\" data-end=\"870\">Saveur citron rafra\u00eechissante<\/p>\n<\/li>\n<li data-start=\"871\" data-end=\"907\">\n<p data-start=\"873\" data-end=\"907\">Soutient peau, cheveux et ongles<\/p>\n<\/li>\n<li data-start=\"908\" data-end=\"947\">\n<p data-start=\"910\" data-end=\"947\">\u064a\u0639\u0632\u0632 \u0635\u062d\u0629 \u0627\u0644\u0645\u0641\u0627\u0635\u0644<\/p>\n<\/li>\n<li data-start=\"948\" data-end=\"981\" data-is-last-node=\"\">\n<p data-start=\"950\" data-end=\"981\" data-is-last-node=\"\">Format 313 g, facile \u00e0 m\u00e9langer<\/p>\n<\/li>\n<\/ul>","protected":false},"featured_media":30271,"template":"","meta":{"om_disable_all_campaigns":false},"product_brand":[1839],"product_cat":[18,3366,130,19],"product_tag":[10427,5079,6917,701,10426,8878,4305,3492,1746,8896],"class_list":{"0":"post-30270","1":"product","2":"type-product","3":"status-publish","4":"has-post-thumbnail","6":"product_brand-vital-proteines","7":"product_cat-beaute-sante","8":"product_cat-complements-alimentaires-au-maroc-vitablanca","9":"product_cat-vitamines","10":"product_cat-vitamines-supplements-dietetiques","11":"product_tag-313-g","12":"product_tag-articulations","13":"product_tag-beaute","14":"product_tag-cheveux","15":"product_tag-citron","16":"product_tag-collagen-peptides","17":"product_tag-collagene","18":"product_tag-maroc","19":"product_tag-peau","20":"product_tag-vital-proteins","22":"first","23":"instock","24":"sale","25":"taxable","26":"shipping-taxable","27":"purchasable","28":"product-type-simple"},"yoast_head":"<!-- This site is optimized with the Yoast SEO plugin v27.5 - https:\/\/yoast.com\/product\/yoast-seo-wordpress\/ -->\n<title>Vital Proteins Collagen Peptides Lemon 313 g \u2013 Maroc Prix<\/title>\n<meta name=\"description\" content=\"Vital Proteins Collagen Peptides saveur citron, 313 g. Soutient la peau, les cheveux, les ongles et les articulations. Disponible au Maroc.\" \/>\n<meta name=\"robots\" content=\"index, follow, max-snippet:-1, max-image-preview:large, max-video-preview:-1\" \/>\n<link rel=\"canonical\" href=\"https:\/\/vitablanca.ma\/ar\/product-2\/vital-proteins-collagen-peptides-lemon-313-g-maroc-prix\/\" \/>\n<meta property=\"og:locale\" content=\"ar_AR\" \/>\n<meta property=\"og:type\" content=\"article\" \/>\n<meta property=\"og:title\" content=\"Vital Proteins Collagen Peptides Lemon 313 g \u2013 Maroc Prix\" \/>\n<meta property=\"og:description\" content=\"Vital Proteins Collagen Peptides saveur citron, 313 g. Soutient la peau, les cheveux, les ongles et les articulations. Disponible au Maroc.\" \/>\n<meta property=\"og:url\" content=\"https:\/\/vitablanca.ma\/ar\/product-2\/vital-proteins-collagen-peptides-lemon-313-g-maroc-prix\/\" \/>\n<meta property=\"og:site_name\" content=\"Vitablanca.ma &ndash; Sant&eacute;, vitalit&eacute; et bien-&ecirc;tre pour tous les Marocains\" \/>\n<meta property=\"article:publisher\" content=\"https:\/\/www.facebook.com\/profile.php?id=61576678196717\" \/>\n<meta property=\"article:modified_time\" content=\"2026-03-02T04:15:37+00:00\" \/>\n<meta property=\"og:image\" content=\"https:\/\/vitablanca.ma\/wp-content\/uploads\/2026\/02\/Vital-Proteins-Collagen-Peptides-Lemon-313-g1.jpg\" \/>\n\t<meta property=\"og:image:width\" content=\"1600\" \/>\n\t<meta property=\"og:image:height\" content=\"1600\" \/>\n\t<meta property=\"og:image:type\" content=\"image\/jpeg\" \/>\n<meta name=\"twitter:card\" content=\"summary_large_image\" \/>\n<meta name=\"twitter:label1\" content=\"\u0648\u0642\u062a \u0627\u0644\u0642\u0631\u0627\u0621\u0629 \u0627\u0644\u0645\u064f\u0642\u062f\u0651\u0631\" \/>\n\t<meta name=\"twitter:data1\" content=\"\u062f\u0642\u064a\u0642\u062a\u0627\u0646\" \/>\n<script type=\"application\/ld+json\" class=\"yoast-schema-graph\">{\"@context\":\"https:\\\/\\\/schema.org\",\"@graph\":[{\"@type\":[\"WebPage\",\"ItemPage\"],\"@id\":\"https:\\\/\\\/vitablanca.ma\\\/produit\\\/vital-proteins-collagen-peptides-lemon-313-g-maroc-prix\\\/\",\"url\":\"https:\\\/\\\/vitablanca.ma\\\/produit\\\/vital-proteins-collagen-peptides-lemon-313-g-maroc-prix\\\/\",\"name\":\"Vital Proteins Collagen Peptides Lemon 313 g \u2013 Maroc Prix\",\"isPartOf\":{\"@id\":\"https:\\\/\\\/vitablanca.ma\\\/#website\"},\"primaryImageOfPage\":{\"@id\":\"https:\\\/\\\/vitablanca.ma\\\/produit\\\/vital-proteins-collagen-peptides-lemon-313-g-maroc-prix\\\/#primaryimage\"},\"image\":{\"@id\":\"https:\\\/\\\/vitablanca.ma\\\/produit\\\/vital-proteins-collagen-peptides-lemon-313-g-maroc-prix\\\/#primaryimage\"},\"thumbnailUrl\":\"https:\\\/\\\/vitablanca.ma\\\/wp-content\\\/uploads\\\/2026\\\/02\\\/Vital-Proteins-Collagen-Peptides-Lemon-313-g1.jpg\",\"datePublished\":\"2026-02-22T23:26:19+00:00\",\"dateModified\":\"2026-03-02T04:15:37+00:00\",\"description\":\"Vital Proteins Collagen Peptides saveur citron, 313 g. Soutient la peau, les cheveux, les ongles et les articulations. Disponible au Maroc.\",\"breadcrumb\":{\"@id\":\"https:\\\/\\\/vitablanca.ma\\\/produit\\\/vital-proteins-collagen-peptides-lemon-313-g-maroc-prix\\\/#breadcrumb\"},\"inLanguage\":\"ar\",\"potentialAction\":[{\"@type\":\"ReadAction\",\"target\":[\"https:\\\/\\\/vitablanca.ma\\\/produit\\\/vital-proteins-collagen-peptides-lemon-313-g-maroc-prix\\\/\"]}]},{\"@type\":\"ImageObject\",\"inLanguage\":\"ar\",\"@id\":\"https:\\\/\\\/vitablanca.ma\\\/produit\\\/vital-proteins-collagen-peptides-lemon-313-g-maroc-prix\\\/#primaryimage\",\"url\":\"https:\\\/\\\/vitablanca.ma\\\/wp-content\\\/uploads\\\/2026\\\/02\\\/Vital-Proteins-Collagen-Peptides-Lemon-313-g1.jpg\",\"contentUrl\":\"https:\\\/\\\/vitablanca.ma\\\/wp-content\\\/uploads\\\/2026\\\/02\\\/Vital-Proteins-Collagen-Peptides-Lemon-313-g1.jpg\",\"width\":1600,\"height\":1600},{\"@type\":\"BreadcrumbList\",\"@id\":\"https:\\\/\\\/vitablanca.ma\\\/produit\\\/vital-proteins-collagen-peptides-lemon-313-g-maroc-prix\\\/#breadcrumb\",\"itemListElement\":[{\"@type\":\"ListItem\",\"position\":1,\"name\":\"Home\",\"item\":\"https:\\\/\\\/vitablanca.ma\\\/\"},{\"@type\":\"ListItem\",\"position\":2,\"name\":\"Tous Les Produits\",\"item\":\"https:\\\/\\\/vitablanca.ma\\\/tous-les-produits\\\/\"},{\"@type\":\"ListItem\",\"position\":3,\"name\":\"Vital Proteins Collagen Peptides, Lemon 313 g\"}]},{\"@type\":\"WebSite\",\"@id\":\"https:\\\/\\\/vitablanca.ma\\\/#website\",\"url\":\"https:\\\/\\\/vitablanca.ma\\\/\",\"name\":\"VitaBlanca.ma | Compl\u00e9ments alimentaires, sant\u00e9 & beaut\u00e9 au Maroc\",\"description\":\"vendre vitamines et compl\u00e9ments premium des USA &amp; Canada, Nouvelle Z\u00e9lande,Maroc (NOW Foods, Solgar, Manuka). Livraison rapide partout au Maroc.\",\"publisher\":{\"@id\":\"https:\\\/\\\/vitablanca.ma\\\/#organization\"},\"alternateName\":\"VitaBlanca.ma\",\"potentialAction\":[{\"@type\":\"SearchAction\",\"target\":{\"@type\":\"EntryPoint\",\"urlTemplate\":\"https:\\\/\\\/vitablanca.ma\\\/?s={search_term_string}\"},\"query-input\":{\"@type\":\"PropertyValueSpecification\",\"valueRequired\":true,\"valueName\":\"search_term_string\"}}],\"inLanguage\":\"ar\"},{\"@type\":\"Organization\",\"@id\":\"https:\\\/\\\/vitablanca.ma\\\/#organization\",\"name\":\"VitaBlanca\",\"url\":\"https:\\\/\\\/vitablanca.ma\\\/\",\"logo\":{\"@type\":\"ImageObject\",\"inLanguage\":\"ar\",\"@id\":\"https:\\\/\\\/vitablanca.ma\\\/#\\\/schema\\\/logo\\\/image\\\/\",\"url\":\"https:\\\/\\\/vitablanca.ma\\\/wp-content\\\/uploads\\\/2025\\\/05\\\/cropped-vitablanca.png\",\"contentUrl\":\"https:\\\/\\\/vitablanca.ma\\\/wp-content\\\/uploads\\\/2025\\\/05\\\/cropped-vitablanca.png\",\"width\":360,\"height\":67,\"caption\":\"VitaBlanca\"},\"image\":{\"@id\":\"https:\\\/\\\/vitablanca.ma\\\/#\\\/schema\\\/logo\\\/image\\\/\"},\"sameAs\":[\"https:\\\/\\\/www.facebook.com\\\/profile.php?id=61576678196717\",\"https:\\\/\\\/www.tiktok.com\\\/@vitablanca.ma\",\"https:\\\/\\\/www.instagram.com\\\/vitablanca.ma\\\/\"]}]}<\/script>\n<!-- \/ Yoast SEO plugin. -->","yoast_head_json":{"title":"Vital Proteins Collagen Peptides Lemon 313 g \u2013 Maroc Prix","description":"Vital Proteins Collagen Peptides saveur citron, 313 g. Soutient la peau, les cheveux, les ongles et les articulations. Disponible au Maroc.","robots":{"index":"index","follow":"follow","max-snippet":"max-snippet:-1","max-image-preview":"max-image-preview:large","max-video-preview":"max-video-preview:-1"},"canonical":"https:\/\/vitablanca.ma\/ar\/product-2\/vital-proteins-collagen-peptides-lemon-313-g-maroc-prix\/","og_locale":"ar_AR","og_type":"article","og_title":"Vital Proteins Collagen Peptides Lemon 313 g \u2013 Maroc Prix","og_description":"Vital Proteins Collagen Peptides saveur citron, 313 g. Soutient la peau, les cheveux, les ongles et les articulations. Disponible au Maroc.","og_url":"https:\/\/vitablanca.ma\/ar\/product-2\/vital-proteins-collagen-peptides-lemon-313-g-maroc-prix\/","og_site_name":"Vitablanca.ma &ndash; Sant&eacute;, vitalit&eacute; et bien-&ecirc;tre pour tous les Marocains","article_publisher":"https:\/\/www.facebook.com\/profile.php?id=61576678196717","article_modified_time":"2026-03-02T04:15:37+00:00","og_image":[{"width":1600,"height":1600,"url":"https:\/\/vitablanca.ma\/wp-content\/uploads\/2026\/02\/Vital-Proteins-Collagen-Peptides-Lemon-313-g1.jpg","type":"image\/jpeg"}],"twitter_card":"summary_large_image","twitter_misc":{"\u0648\u0642\u062a \u0627\u0644\u0642\u0631\u0627\u0621\u0629 \u0627\u0644\u0645\u064f\u0642\u062f\u0651\u0631":"\u062f\u0642\u064a\u0642\u062a\u0627\u0646"},"schema":{"@context":"https:\/\/schema.org","@graph":[{"@type":["WebPage","ItemPage"],"@id":"https:\/\/vitablanca.ma\/produit\/vital-proteins-collagen-peptides-lemon-313-g-maroc-prix\/","url":"https:\/\/vitablanca.ma\/produit\/vital-proteins-collagen-peptides-lemon-313-g-maroc-prix\/","name":"Vital Proteins Collagen Peptides Lemon 313 g \u2013 Maroc Prix","isPartOf":{"@id":"https:\/\/vitablanca.ma\/#website"},"primaryImageOfPage":{"@id":"https:\/\/vitablanca.ma\/produit\/vital-proteins-collagen-peptides-lemon-313-g-maroc-prix\/#primaryimage"},"image":{"@id":"https:\/\/vitablanca.ma\/produit\/vital-proteins-collagen-peptides-lemon-313-g-maroc-prix\/#primaryimage"},"thumbnailUrl":"https:\/\/vitablanca.ma\/wp-content\/uploads\/2026\/02\/Vital-Proteins-Collagen-Peptides-Lemon-313-g1.jpg","datePublished":"2026-02-22T23:26:19+00:00","dateModified":"2026-03-02T04:15:37+00:00","description":"Vital Proteins Collagen Peptides saveur citron, 313 g. Soutient la peau, les cheveux, les ongles et les articulations. Disponible au Maroc.","breadcrumb":{"@id":"https:\/\/vitablanca.ma\/produit\/vital-proteins-collagen-peptides-lemon-313-g-maroc-prix\/#breadcrumb"},"inLanguage":"ar","potentialAction":[{"@type":"ReadAction","target":["https:\/\/vitablanca.ma\/produit\/vital-proteins-collagen-peptides-lemon-313-g-maroc-prix\/"]}]},{"@type":"ImageObject","inLanguage":"ar","@id":"https:\/\/vitablanca.ma\/produit\/vital-proteins-collagen-peptides-lemon-313-g-maroc-prix\/#primaryimage","url":"https:\/\/vitablanca.ma\/wp-content\/uploads\/2026\/02\/Vital-Proteins-Collagen-Peptides-Lemon-313-g1.jpg","contentUrl":"https:\/\/vitablanca.ma\/wp-content\/uploads\/2026\/02\/Vital-Proteins-Collagen-Peptides-Lemon-313-g1.jpg","width":1600,"height":1600},{"@type":"BreadcrumbList","@id":"https:\/\/vitablanca.ma\/produit\/vital-proteins-collagen-peptides-lemon-313-g-maroc-prix\/#breadcrumb","itemListElement":[{"@type":"ListItem","position":1,"name":"Home","item":"https:\/\/vitablanca.ma\/"},{"@type":"ListItem","position":2,"name":"Tous Les Produits","item":"https:\/\/vitablanca.ma\/tous-les-produits\/"},{"@type":"ListItem","position":3,"name":"Vital Proteins Collagen Peptides, Lemon 313 g"}]},{"@type":"WebSite","@id":"https:\/\/vitablanca.ma\/#website","url":"https:\/\/vitablanca.ma\/","name":"VitaBlanca.ma | \u0627\u0644\u0645\u0643\u0645\u0644\u0627\u062a \u0627\u0644\u063a\u0630\u0627\u0626\u064a\u0629\u060c \u0627\u0644\u0635\u062d\u0629 \u0648\u0627\u0644\u062c\u0645\u0627\u0644 \u0641\u064a \u0627\u0644\u0645\u063a\u0631\u0628","description":"\u0646\u0628\u064a\u0639 \u0641\u064a\u062a\u0627\u0645\u064a\u0646\u0627\u062a \u0648\u0645\u0643\u0645\u0644\u0627\u062a \u063a\u0630\u0627\u0626\u064a\u0629 \u0641\u0627\u062e\u0631\u0629 \u0645\u0646 \u0627\u0644\u0648\u0644\u0627\u064a\u0627\u062a \u0627\u0644\u0645\u062a\u062d\u062f\u0629 \u0627\u0644\u0623\u0645\u0631\u064a\u0643\u064a\u0629 \u0648\u0643\u0646\u062f\u0627 \u0648\u0646\u064a\u0648\u0632\u064a\u0644\u0646\u062f\u0627 \u0648\u0627\u0644\u0645\u063a\u0631\u0628 (\u0646\u0627\u0648 \u0641\u0648\u062f\u0632\u060c \u0633\u0648\u0644\u062c\u0627\u0631\u060c \u0645\u0627\u0646\u0648\u0643\u0627). \u062a\u0648\u0635\u064a\u0644 \u0633\u0631\u064a\u0639 \u0625\u0644\u0649 \u062c\u0645\u064a\u0639 \u0623\u0646\u062d\u0627\u0621 \u0627\u0644\u0645\u063a\u0631\u0628.","publisher":{"@id":"https:\/\/vitablanca.ma\/#organization"},"alternateName":"VitaBlanca.ma","potentialAction":[{"@type":"SearchAction","target":{"@type":"EntryPoint","urlTemplate":"https:\/\/vitablanca.ma\/?s={search_term_string}"},"query-input":{"@type":"PropertyValueSpecification","valueRequired":true,"valueName":"search_term_string"}}],"inLanguage":"ar"},{"@type":"Organization","@id":"https:\/\/vitablanca.ma\/#organization","name":"\u0641\u064a\u062a\u0627\u0628\u0644\u0627\u0646\u0643\u0627","url":"https:\/\/vitablanca.ma\/","logo":{"@type":"ImageObject","inLanguage":"ar","@id":"https:\/\/vitablanca.ma\/#\/schema\/logo\/image\/","url":"https:\/\/vitablanca.ma\/wp-content\/uploads\/2025\/05\/cropped-vitablanca.png","contentUrl":"https:\/\/vitablanca.ma\/wp-content\/uploads\/2025\/05\/cropped-vitablanca.png","width":360,"height":67,"caption":"VitaBlanca"},"image":{"@id":"https:\/\/vitablanca.ma\/#\/schema\/logo\/image\/"},"sameAs":["https:\/\/www.facebook.com\/profile.php?id=61576678196717","https:\/\/www.tiktok.com\/@vitablanca.ma","https:\/\/www.instagram.com\/vitablanca.ma\/"]}]}},"jetpack_sharing_enabled":true,"_links":{"self":[{"href":"https:\/\/vitablanca.ma\/ar\/wp-json\/wp\/v2\/product\/30270","targetHints":{"allow":["GET"]}}],"collection":[{"href":"https:\/\/vitablanca.ma\/ar\/wp-json\/wp\/v2\/product"}],"about":[{"href":"https:\/\/vitablanca.ma\/ar\/wp-json\/wp\/v2\/types\/product"}],"wp:featuredmedia":[{"embeddable":true,"href":"https:\/\/vitablanca.ma\/ar\/wp-json\/wp\/v2\/media\/30271"}],"wp:attachment":[{"href":"https:\/\/vitablanca.ma\/ar\/wp-json\/wp\/v2\/media?parent=30270"}],"wp:term":[{"taxonomy":"product_brand","embeddable":true,"href":"https:\/\/vitablanca.ma\/ar\/wp-json\/wp\/v2\/product_brand?post=30270"},{"taxonomy":"product_cat","embeddable":true,"href":"https:\/\/vitablanca.ma\/ar\/wp-json\/wp\/v2\/product_cat?post=30270"},{"taxonomy":"product_tag","embeddable":true,"href":"https:\/\/vitablanca.ma\/ar\/wp-json\/wp\/v2\/product_tag?post=30270"}],"curies":[{"name":"wp","href":"https:\/\/api.w.org\/{rel}","templated":true}]}}