{"id":30267,"date":"2026-02-22T22:49:53","date_gmt":"2026-02-22T22:49:53","guid":{"rendered":"https:\/\/vitablanca.ma\/?post_type=product&#038;p=30267"},"modified":"2026-03-02T04:15:37","modified_gmt":"2026-03-02T04:15:37","slug":"jarrow-formulas-vegan-magmind-productivity-60-vegetarian-capsules-maroc-prix","status":"publish","type":"product","link":"https:\/\/vitablanca.ma\/ar\/product-2\/jarrow-formulas-vegan-magmind-productivity-60-vegetarian-capsules-maroc-prix\/","title":{"rendered":"Jarrow Formulas Vegan MagMind, Productivity, 60 vegetarian capsules"},"content":{"rendered":"<p>ZenXtra<\/p>\n<p>1 g de Magtein\u00ae<\/p>\n<p>Ingr\u00e9dients cliniquement \u00e9tudi\u00e9s<\/p>\n<p>Bien-\u00eatre mental<\/p>\n<p>\u0645\u0643\u0645\u0644 \u063a\u0630\u0627\u0626\u064a<\/p>\n<p>Projet sans OGM v\u00e9rifi\u00e9<\/p>\n<p>Favorise la cognition gr\u00e2ce \u00e0 une concentration et une vivacit\u00e9 d&rsquo;esprit accrues.^<\/p>\n<p>MagMind\u00ae Productivity favorise une concentration et une attention accrues afin que vous puissiez vous sentir productif m\u00eame lors de vos journ\u00e9es les plus difficiles. L&rsquo;association d&rsquo;enXtra\u00ae, \u00e9tudi\u00e9 cliniquement, qui commence \u00e0 agir en 1 heure et maintient l&rsquo;endurance mentale jusqu&rsquo;\u00e0 5 heures, et de Magtein\u00ae, \u00e9tudi\u00e9 cliniquement, pour am\u00e9liorer la productivit\u00e9 le lendemain.<\/p>\n<p>^Chez les individus en bonne sant\u00e9. Jusqu&rsquo;\u00e0 5 heures.<\/p>\n<p><strong>\u0627\u0644\u0627\u0633\u062a\u062e\u062f\u0627\u0645 \u0627\u0644\u0645\u0642\u062a\u0631\u062d<\/strong><\/p>\n<p>Chez l&rsquo;adulte, prenez 2 capsules une fois par jour<\/p>","protected":false},"excerpt":{"rendered":"<ul>\n<li data-start=\"836\" data-end=\"871\">\n<p data-start=\"838\" data-end=\"871\">Magn\u00e9sium cibl\u00e9 pour le cerveau<\/p>\n<\/li>\n<li data-start=\"872\" data-end=\"915\">\n<p data-start=\"874\" data-end=\"915\">Soutient la m\u00e9moire et la concentration<\/p>\n<\/li>\n<li data-start=\"916\" data-end=\"944\">\n<p data-start=\"918\" data-end=\"944\">Favorise la productivit\u00e9<\/p>\n<\/li>\n<li data-start=\"945\" data-end=\"974\">\n<p data-start=\"947\" data-end=\"974\">Formule 100% v\u00e9g\u00e9tarienne<\/p>\n<\/li>\n<li data-start=\"975\" data-end=\"1004\" data-is-last-node=\"\">\n<p data-start=\"977\" data-end=\"1004\" data-is-last-node=\"\">60 capsules, usage pratique<\/p>\n<\/li>\n<\/ul>","protected":false},"featured_media":30268,"template":"","meta":{"om_disable_all_campaigns":false},"product_brand":[1799],"product_cat":[18,297,3366,176,163,19],"product_tag":[181,4047,8964,10366,178,3492,8904,10367,5038,4038],"class_list":{"0":"post-30267","1":"product","2":"type-product","3":"status-publish","4":"has-post-thumbnail","6":"product_brand-jarrow-formulas-prix-maroc","7":"product_cat-beaute-sante","8":"product_cat-citrate-de-magnesium","9":"product_cat-complements-alimentaires-au-maroc-vitablanca","10":"product_cat-magnesium","11":"product_cat-mineraux","12":"product_cat-vitamines-supplements-dietetiques","13":"product_tag-complement-alimentaire","14":"product_tag-concentration","15":"product_tag-jarrow-formulas","16":"product_tag-magmind","17":"product_tag-magnesium","18":"product_tag-maroc","19":"product_tag-memoire","20":"product_tag-productivite","21":"product_tag-sante-cerebrale","22":"product_tag-vegan","24":"first","25":"instock","26":"sale","27":"taxable","28":"shipping-taxable","29":"purchasable","30":"product-type-simple"},"yoast_head":"<!-- This site is optimized with the Yoast SEO plugin v27.3 - https:\/\/yoast.com\/product\/yoast-seo-wordpress\/ -->\n<title>Jarrow Formulas Vegan MagMind 60 Capsules V\u00e9g \u2013 Maroc Prix<\/title>\n<meta name=\"description\" content=\"Jarrow Formulas Vegan MagMind, 60 capsules v\u00e9g\u00e9tariennes. Magn\u00e9sium pour soutenir la m\u00e9moire, la concentration et la productivit\u00e9. Disponible au Maroc.\" \/>\n<meta name=\"robots\" content=\"index, follow, max-snippet:-1, max-image-preview:large, max-video-preview:-1\" \/>\n<link rel=\"canonical\" href=\"https:\/\/vitablanca.ma\/ar\/product-2\/jarrow-formulas-vegan-magmind-productivity-60-vegetarian-capsules-maroc-prix\/\" \/>\n<meta property=\"og:locale\" content=\"ar_AR\" \/>\n<meta property=\"og:type\" content=\"article\" \/>\n<meta property=\"og:title\" content=\"Jarrow Formulas Vegan MagMind 60 Capsules V\u00e9g \u2013 Maroc Prix\" \/>\n<meta property=\"og:description\" content=\"Jarrow Formulas Vegan MagMind, 60 capsules v\u00e9g\u00e9tariennes. Magn\u00e9sium pour soutenir la m\u00e9moire, la concentration et la productivit\u00e9. Disponible au Maroc.\" \/>\n<meta property=\"og:url\" content=\"https:\/\/vitablanca.ma\/ar\/product-2\/jarrow-formulas-vegan-magmind-productivity-60-vegetarian-capsules-maroc-prix\/\" \/>\n<meta property=\"og:site_name\" content=\"Vitablanca.ma &ndash; Sant&eacute;, vitalit&eacute; et bien-&ecirc;tre pour tous les Marocains\" \/>\n<meta property=\"article:publisher\" content=\"https:\/\/www.facebook.com\/profile.php?id=61576678196717\" \/>\n<meta property=\"article:modified_time\" content=\"2026-03-02T04:15:37+00:00\" \/>\n<meta property=\"og:image\" content=\"https:\/\/vitablanca.ma\/wp-content\/uploads\/2026\/02\/Jarrow-Formulas-Vegan-MagMind-Productivity-60-vegetarian-capsules1-1.jpg\" \/>\n\t<meta property=\"og:image:width\" content=\"1600\" \/>\n\t<meta property=\"og:image:height\" content=\"1600\" \/>\n\t<meta property=\"og:image:type\" content=\"image\/jpeg\" \/>\n<meta name=\"twitter:card\" content=\"summary_large_image\" \/>\n<meta name=\"twitter:label1\" content=\"\u0648\u0642\u062a \u0627\u0644\u0642\u0631\u0627\u0621\u0629 \u0627\u0644\u0645\u064f\u0642\u062f\u0651\u0631\" \/>\n\t<meta name=\"twitter:data1\" content=\"\u062f\u0642\u064a\u0642\u0629 \u0648\u0627\u062d\u062f\u0629\" \/>\n<script type=\"application\/ld+json\" class=\"yoast-schema-graph\">{\"@context\":\"https:\\\/\\\/schema.org\",\"@graph\":[{\"@type\":[\"WebPage\",\"ItemPage\"],\"@id\":\"https:\\\/\\\/vitablanca.ma\\\/produit\\\/jarrow-formulas-vegan-magmind-productivity-60-vegetarian-capsules-maroc-prix\\\/\",\"url\":\"https:\\\/\\\/vitablanca.ma\\\/produit\\\/jarrow-formulas-vegan-magmind-productivity-60-vegetarian-capsules-maroc-prix\\\/\",\"name\":\"Jarrow Formulas Vegan MagMind 60 Capsules V\u00e9g \u2013 Maroc Prix\",\"isPartOf\":{\"@id\":\"https:\\\/\\\/vitablanca.ma\\\/#website\"},\"primaryImageOfPage\":{\"@id\":\"https:\\\/\\\/vitablanca.ma\\\/produit\\\/jarrow-formulas-vegan-magmind-productivity-60-vegetarian-capsules-maroc-prix\\\/#primaryimage\"},\"image\":{\"@id\":\"https:\\\/\\\/vitablanca.ma\\\/produit\\\/jarrow-formulas-vegan-magmind-productivity-60-vegetarian-capsules-maroc-prix\\\/#primaryimage\"},\"thumbnailUrl\":\"https:\\\/\\\/vitablanca.ma\\\/wp-content\\\/uploads\\\/2026\\\/02\\\/Jarrow-Formulas-Vegan-MagMind-Productivity-60-vegetarian-capsules1-1.jpg\",\"datePublished\":\"2026-02-22T22:49:53+00:00\",\"dateModified\":\"2026-03-02T04:15:37+00:00\",\"description\":\"Jarrow Formulas Vegan MagMind, 60 capsules v\u00e9g\u00e9tariennes. Magn\u00e9sium pour soutenir la m\u00e9moire, la concentration et la productivit\u00e9. Disponible au Maroc.\",\"breadcrumb\":{\"@id\":\"https:\\\/\\\/vitablanca.ma\\\/produit\\\/jarrow-formulas-vegan-magmind-productivity-60-vegetarian-capsules-maroc-prix\\\/#breadcrumb\"},\"inLanguage\":\"ar\",\"potentialAction\":[{\"@type\":\"ReadAction\",\"target\":[\"https:\\\/\\\/vitablanca.ma\\\/produit\\\/jarrow-formulas-vegan-magmind-productivity-60-vegetarian-capsules-maroc-prix\\\/\"]}]},{\"@type\":\"ImageObject\",\"inLanguage\":\"ar\",\"@id\":\"https:\\\/\\\/vitablanca.ma\\\/produit\\\/jarrow-formulas-vegan-magmind-productivity-60-vegetarian-capsules-maroc-prix\\\/#primaryimage\",\"url\":\"https:\\\/\\\/vitablanca.ma\\\/wp-content\\\/uploads\\\/2026\\\/02\\\/Jarrow-Formulas-Vegan-MagMind-Productivity-60-vegetarian-capsules1-1.jpg\",\"contentUrl\":\"https:\\\/\\\/vitablanca.ma\\\/wp-content\\\/uploads\\\/2026\\\/02\\\/Jarrow-Formulas-Vegan-MagMind-Productivity-60-vegetarian-capsules1-1.jpg\",\"width\":1600,\"height\":1600},{\"@type\":\"BreadcrumbList\",\"@id\":\"https:\\\/\\\/vitablanca.ma\\\/produit\\\/jarrow-formulas-vegan-magmind-productivity-60-vegetarian-capsules-maroc-prix\\\/#breadcrumb\",\"itemListElement\":[{\"@type\":\"ListItem\",\"position\":1,\"name\":\"Home\",\"item\":\"https:\\\/\\\/vitablanca.ma\\\/\"},{\"@type\":\"ListItem\",\"position\":2,\"name\":\"Tous Les Produits\",\"item\":\"https:\\\/\\\/vitablanca.ma\\\/tous-les-produits\\\/\"},{\"@type\":\"ListItem\",\"position\":3,\"name\":\"Jarrow Formulas Vegan MagMind, Productivity, 60 vegetarian capsules\"}]},{\"@type\":\"WebSite\",\"@id\":\"https:\\\/\\\/vitablanca.ma\\\/#website\",\"url\":\"https:\\\/\\\/vitablanca.ma\\\/\",\"name\":\"VitaBlanca.ma | Compl\u00e9ments alimentaires, sant\u00e9 & beaut\u00e9 au Maroc\",\"description\":\"vendre vitamines et compl\u00e9ments premium des USA &amp; Canada, Nouvelle Z\u00e9lande,Maroc (NOW Foods, Solgar, Manuka). Livraison rapide partout au Maroc.\",\"publisher\":{\"@id\":\"https:\\\/\\\/vitablanca.ma\\\/#organization\"},\"alternateName\":\"VitaBlanca.ma\",\"potentialAction\":[{\"@type\":\"SearchAction\",\"target\":{\"@type\":\"EntryPoint\",\"urlTemplate\":\"https:\\\/\\\/vitablanca.ma\\\/?s={search_term_string}\"},\"query-input\":{\"@type\":\"PropertyValueSpecification\",\"valueRequired\":true,\"valueName\":\"search_term_string\"}}],\"inLanguage\":\"ar\"},{\"@type\":\"Organization\",\"@id\":\"https:\\\/\\\/vitablanca.ma\\\/#organization\",\"name\":\"VitaBlanca\",\"url\":\"https:\\\/\\\/vitablanca.ma\\\/\",\"logo\":{\"@type\":\"ImageObject\",\"inLanguage\":\"ar\",\"@id\":\"https:\\\/\\\/vitablanca.ma\\\/#\\\/schema\\\/logo\\\/image\\\/\",\"url\":\"https:\\\/\\\/vitablanca.ma\\\/wp-content\\\/uploads\\\/2025\\\/05\\\/cropped-vitablanca.png\",\"contentUrl\":\"https:\\\/\\\/vitablanca.ma\\\/wp-content\\\/uploads\\\/2025\\\/05\\\/cropped-vitablanca.png\",\"width\":360,\"height\":67,\"caption\":\"VitaBlanca\"},\"image\":{\"@id\":\"https:\\\/\\\/vitablanca.ma\\\/#\\\/schema\\\/logo\\\/image\\\/\"},\"sameAs\":[\"https:\\\/\\\/www.facebook.com\\\/profile.php?id=61576678196717\",\"https:\\\/\\\/www.tiktok.com\\\/@vitablanca.ma\",\"https:\\\/\\\/www.instagram.com\\\/vitablanca.ma\\\/\"]}]}<\/script>\n<!-- \/ Yoast SEO plugin. -->","yoast_head_json":{"title":"Jarrow Formulas Vegan MagMind 60 Capsules V\u00e9g \u2013 Maroc Prix","description":"Jarrow Formulas Vegan MagMind, 60 capsules v\u00e9g\u00e9tariennes. Magn\u00e9sium pour soutenir la m\u00e9moire, la concentration et la productivit\u00e9. Disponible au Maroc.","robots":{"index":"index","follow":"follow","max-snippet":"max-snippet:-1","max-image-preview":"max-image-preview:large","max-video-preview":"max-video-preview:-1"},"canonical":"https:\/\/vitablanca.ma\/ar\/product-2\/jarrow-formulas-vegan-magmind-productivity-60-vegetarian-capsules-maroc-prix\/","og_locale":"ar_AR","og_type":"article","og_title":"Jarrow Formulas Vegan MagMind 60 Capsules V\u00e9g \u2013 Maroc Prix","og_description":"Jarrow Formulas Vegan MagMind, 60 capsules v\u00e9g\u00e9tariennes. Magn\u00e9sium pour soutenir la m\u00e9moire, la concentration et la productivit\u00e9. Disponible au Maroc.","og_url":"https:\/\/vitablanca.ma\/ar\/product-2\/jarrow-formulas-vegan-magmind-productivity-60-vegetarian-capsules-maroc-prix\/","og_site_name":"Vitablanca.ma &ndash; Sant&eacute;, vitalit&eacute; et bien-&ecirc;tre pour tous les Marocains","article_publisher":"https:\/\/www.facebook.com\/profile.php?id=61576678196717","article_modified_time":"2026-03-02T04:15:37+00:00","og_image":[{"width":1600,"height":1600,"url":"https:\/\/vitablanca.ma\/wp-content\/uploads\/2026\/02\/Jarrow-Formulas-Vegan-MagMind-Productivity-60-vegetarian-capsules1-1.jpg","type":"image\/jpeg"}],"twitter_card":"summary_large_image","twitter_misc":{"\u0648\u0642\u062a \u0627\u0644\u0642\u0631\u0627\u0621\u0629 \u0627\u0644\u0645\u064f\u0642\u062f\u0651\u0631":"\u062f\u0642\u064a\u0642\u0629 \u0648\u0627\u062d\u062f\u0629"},"schema":{"@context":"https:\/\/schema.org","@graph":[{"@type":["WebPage","ItemPage"],"@id":"https:\/\/vitablanca.ma\/produit\/jarrow-formulas-vegan-magmind-productivity-60-vegetarian-capsules-maroc-prix\/","url":"https:\/\/vitablanca.ma\/produit\/jarrow-formulas-vegan-magmind-productivity-60-vegetarian-capsules-maroc-prix\/","name":"Jarrow Formulas Vegan MagMind 60 Capsules V\u00e9g \u2013 Maroc Prix","isPartOf":{"@id":"https:\/\/vitablanca.ma\/#website"},"primaryImageOfPage":{"@id":"https:\/\/vitablanca.ma\/produit\/jarrow-formulas-vegan-magmind-productivity-60-vegetarian-capsules-maroc-prix\/#primaryimage"},"image":{"@id":"https:\/\/vitablanca.ma\/produit\/jarrow-formulas-vegan-magmind-productivity-60-vegetarian-capsules-maroc-prix\/#primaryimage"},"thumbnailUrl":"https:\/\/vitablanca.ma\/wp-content\/uploads\/2026\/02\/Jarrow-Formulas-Vegan-MagMind-Productivity-60-vegetarian-capsules1-1.jpg","datePublished":"2026-02-22T22:49:53+00:00","dateModified":"2026-03-02T04:15:37+00:00","description":"Jarrow Formulas Vegan MagMind, 60 capsules v\u00e9g\u00e9tariennes. Magn\u00e9sium pour soutenir la m\u00e9moire, la concentration et la productivit\u00e9. Disponible au Maroc.","breadcrumb":{"@id":"https:\/\/vitablanca.ma\/produit\/jarrow-formulas-vegan-magmind-productivity-60-vegetarian-capsules-maroc-prix\/#breadcrumb"},"inLanguage":"ar","potentialAction":[{"@type":"ReadAction","target":["https:\/\/vitablanca.ma\/produit\/jarrow-formulas-vegan-magmind-productivity-60-vegetarian-capsules-maroc-prix\/"]}]},{"@type":"ImageObject","inLanguage":"ar","@id":"https:\/\/vitablanca.ma\/produit\/jarrow-formulas-vegan-magmind-productivity-60-vegetarian-capsules-maroc-prix\/#primaryimage","url":"https:\/\/vitablanca.ma\/wp-content\/uploads\/2026\/02\/Jarrow-Formulas-Vegan-MagMind-Productivity-60-vegetarian-capsules1-1.jpg","contentUrl":"https:\/\/vitablanca.ma\/wp-content\/uploads\/2026\/02\/Jarrow-Formulas-Vegan-MagMind-Productivity-60-vegetarian-capsules1-1.jpg","width":1600,"height":1600},{"@type":"BreadcrumbList","@id":"https:\/\/vitablanca.ma\/produit\/jarrow-formulas-vegan-magmind-productivity-60-vegetarian-capsules-maroc-prix\/#breadcrumb","itemListElement":[{"@type":"ListItem","position":1,"name":"Home","item":"https:\/\/vitablanca.ma\/"},{"@type":"ListItem","position":2,"name":"Tous Les Produits","item":"https:\/\/vitablanca.ma\/tous-les-produits\/"},{"@type":"ListItem","position":3,"name":"Jarrow Formulas Vegan MagMind, Productivity, 60 vegetarian capsules"}]},{"@type":"WebSite","@id":"https:\/\/vitablanca.ma\/#website","url":"https:\/\/vitablanca.ma\/","name":"VitaBlanca.ma | \u0627\u0644\u0645\u0643\u0645\u0644\u0627\u062a \u0627\u0644\u063a\u0630\u0627\u0626\u064a\u0629\u060c \u0627\u0644\u0635\u062d\u0629 \u0648\u0627\u0644\u062c\u0645\u0627\u0644 \u0641\u064a \u0627\u0644\u0645\u063a\u0631\u0628","description":"\u0646\u0628\u064a\u0639 \u0641\u064a\u062a\u0627\u0645\u064a\u0646\u0627\u062a \u0648\u0645\u0643\u0645\u0644\u0627\u062a \u063a\u0630\u0627\u0626\u064a\u0629 \u0641\u0627\u062e\u0631\u0629 \u0645\u0646 \u0627\u0644\u0648\u0644\u0627\u064a\u0627\u062a \u0627\u0644\u0645\u062a\u062d\u062f\u0629 \u0627\u0644\u0623\u0645\u0631\u064a\u0643\u064a\u0629 \u0648\u0643\u0646\u062f\u0627 \u0648\u0646\u064a\u0648\u0632\u064a\u0644\u0646\u062f\u0627 \u0648\u0627\u0644\u0645\u063a\u0631\u0628 (\u0646\u0627\u0648 \u0641\u0648\u062f\u0632\u060c \u0633\u0648\u0644\u062c\u0627\u0631\u060c \u0645\u0627\u0646\u0648\u0643\u0627). \u062a\u0648\u0635\u064a\u0644 \u0633\u0631\u064a\u0639 \u0625\u0644\u0649 \u062c\u0645\u064a\u0639 \u0623\u0646\u062d\u0627\u0621 \u0627\u0644\u0645\u063a\u0631\u0628.","publisher":{"@id":"https:\/\/vitablanca.ma\/#organization"},"alternateName":"VitaBlanca.ma","potentialAction":[{"@type":"SearchAction","target":{"@type":"EntryPoint","urlTemplate":"https:\/\/vitablanca.ma\/?s={search_term_string}"},"query-input":{"@type":"PropertyValueSpecification","valueRequired":true,"valueName":"search_term_string"}}],"inLanguage":"ar"},{"@type":"Organization","@id":"https:\/\/vitablanca.ma\/#organization","name":"\u0641\u064a\u062a\u0627\u0628\u0644\u0627\u0646\u0643\u0627","url":"https:\/\/vitablanca.ma\/","logo":{"@type":"ImageObject","inLanguage":"ar","@id":"https:\/\/vitablanca.ma\/#\/schema\/logo\/image\/","url":"https:\/\/vitablanca.ma\/wp-content\/uploads\/2025\/05\/cropped-vitablanca.png","contentUrl":"https:\/\/vitablanca.ma\/wp-content\/uploads\/2025\/05\/cropped-vitablanca.png","width":360,"height":67,"caption":"VitaBlanca"},"image":{"@id":"https:\/\/vitablanca.ma\/#\/schema\/logo\/image\/"},"sameAs":["https:\/\/www.facebook.com\/profile.php?id=61576678196717","https:\/\/www.tiktok.com\/@vitablanca.ma","https:\/\/www.instagram.com\/vitablanca.ma\/"]}]}},"jetpack_sharing_enabled":true,"_links":{"self":[{"href":"https:\/\/vitablanca.ma\/ar\/wp-json\/wp\/v2\/product\/30267","targetHints":{"allow":["GET"]}}],"collection":[{"href":"https:\/\/vitablanca.ma\/ar\/wp-json\/wp\/v2\/product"}],"about":[{"href":"https:\/\/vitablanca.ma\/ar\/wp-json\/wp\/v2\/types\/product"}],"wp:featuredmedia":[{"embeddable":true,"href":"https:\/\/vitablanca.ma\/ar\/wp-json\/wp\/v2\/media\/30268"}],"wp:attachment":[{"href":"https:\/\/vitablanca.ma\/ar\/wp-json\/wp\/v2\/media?parent=30267"}],"wp:term":[{"taxonomy":"product_brand","embeddable":true,"href":"https:\/\/vitablanca.ma\/ar\/wp-json\/wp\/v2\/product_brand?post=30267"},{"taxonomy":"product_cat","embeddable":true,"href":"https:\/\/vitablanca.ma\/ar\/wp-json\/wp\/v2\/product_cat?post=30267"},{"taxonomy":"product_tag","embeddable":true,"href":"https:\/\/vitablanca.ma\/ar\/wp-json\/wp\/v2\/product_tag?post=30267"}],"curies":[{"name":"wp","href":"https:\/\/api.w.org\/{rel}","templated":true}]}}