{"id":30260,"date":"2026-02-22T16:06:16","date_gmt":"2026-02-22T16:06:16","guid":{"rendered":"https:\/\/vitablanca.ma\/?post_type=product&#038;p=30260"},"modified":"2026-03-02T04:15:37","modified_gmt":"2026-03-02T04:15:37","slug":"jarrow-formulas-ps100-phosphatidylserine-100-mg-120-capsules-maroc-prix","status":"publish","type":"product","link":"https:\/\/vitablanca.ma\/ar\/product-2\/jarrow-formulas-ps100-phosphatidylserine-100-mg-120-capsules-maroc-prix\/","title":{"rendered":"Jarrow Formulas PS100, Phosphatidylserine, 100 mg, 120 capsules"},"content":{"rendered":"<p>Sharp-PS\u00ae<\/p>\n<p>Soutien cognitif<\/p>\n<p>Favorise la sant\u00e9 c\u00e9r\u00e9brale<\/p>\n<p>\u062e\u0627\u0644\u064a\u0629 \u0645\u0646 \u0627\u0644\u0643\u0627\u0626\u0646\u0627\u062a \u0627\u0644\u0645\u0639\u062f\u0644\u0629 \u0648\u0631\u0627\u062b\u064a\u064b\u0627<\/p>\n<p>\u062e\u0627\u0644\u064a \u0645\u0646 \u0627\u0644\u063a\u0644\u0648\u062a\u064a\u0646<\/p>\n<p>\u0645\u0643\u0645\u0644 \u063a\u0630\u0627\u0626\u064a<\/p>\n<p>Sant\u00e9 mentale<\/p>\n<p>Phosphatidyls\u00e9rine COGNI-PS\u00ae<\/p>\n<p>La phosphatidyls\u00e9rine (PS) est un phospholipide qui est un composant structurel des membranes cellulaires. Il s\u2019agit d\u2019un phospholipide important pr\u00e9sent dans le cerveau. Il favorise la sant\u00e9 de ce dernier. PS100 avec Sharp-PS\u00ae de Jarrow Formulas\u00ae utilise une forme concentr\u00e9e de phosphatidyls\u00e9rine issue de la l\u00e9cithine de soja qui pr\u00e9sente une excellente stabilit\u00e9.<\/p>\n<p><strong>\u0627\u0644\u0627\u0633\u062a\u062e\u062f\u0627\u0645 \u0627\u0644\u0645\u0642\u062a\u0631\u062d<\/strong><\/p>\n<p>Chez l\u2019adulte, prenez 1 capsule 1 \u00e0 3 fois par jour au cours d\u2019un repas ou suivez les recommandations d\u2019un professionnel de la sant\u00e9 qualifi\u00e9.<\/p>","protected":false},"excerpt":{"rendered":"<ul>\n<li data-start=\"868\" data-end=\"912\">\n<p data-start=\"870\" data-end=\"912\">100 mg de phosphatidyls\u00e9rine par capsule<\/p>\n<\/li>\n<li data-start=\"913\" data-end=\"956\">\n<p data-start=\"915\" data-end=\"956\">Soutient la m\u00e9moire et la concentration<\/p>\n<\/li>\n<li data-start=\"957\" data-end=\"988\">\n<p data-start=\"959\" data-end=\"988\">Favorise la sant\u00e9 cognitive<\/p>\n<\/li>\n<li data-start=\"989\" data-end=\"1026\">\n<p data-start=\"991\" data-end=\"1026\">Utile en p\u00e9riode de stress mental<\/p>\n<\/li>\n<li data-start=\"1027\" data-end=\"1061\" data-is-last-node=\"\">\n<p data-start=\"1029\" data-end=\"1061\" data-is-last-node=\"\">120 capsules pour usage prolong\u00e9<\/p>\n<\/li>\n<\/ul>","protected":false},"featured_media":30263,"template":"","meta":{"om_disable_all_campaigns":false},"product_brand":[1799],"product_cat":[18,3366,163,10197,19],"product_tag":[327,181,4047,7002,8964,3492,8904,10199,10198,3905],"class_list":{"0":"post-30260","1":"product","2":"type-product","3":"status-publish","4":"has-post-thumbnail","6":"product_brand-jarrow-formulas-prix-maroc","7":"product_cat-beaute-sante","8":"product_cat-complements-alimentaires-au-maroc-vitablanca","9":"product_cat-mineraux","10":"product_cat-phosphore","11":"product_cat-vitamines-supplements-dietetiques","12":"product_tag-100-mg","13":"product_tag-complement-alimentaire","14":"product_tag-concentration","15":"product_tag-fonction-cerebrale","16":"product_tag-jarrow-formulas","17":"product_tag-maroc","18":"product_tag-memoire","19":"product_tag-phosphatidylserine","20":"product_tag-ps-100","21":"product_tag-sante-cognitive","23":"first","24":"instock","25":"sale","26":"taxable","27":"shipping-taxable","28":"purchasable","29":"product-type-simple"},"yoast_head":"<!-- This site is optimized with the Yoast SEO plugin v27.5 - https:\/\/yoast.com\/product\/yoast-seo-wordpress\/ -->\n<title>Jarrow Formulas PS 100 Phosphatidyls\u00e9rine 100 mg \u2013 Maroc Prix<\/title>\n<meta name=\"description\" content=\"Jarrow Formulas PS 100, Phosphatidyls\u00e9rine 100 mg, 120 capsules. Soutient la m\u00e9moire, la concentration et la sant\u00e9 cognitive. Disponible au Maroc.\" \/>\n<meta name=\"robots\" content=\"index, follow, max-snippet:-1, max-image-preview:large, max-video-preview:-1\" \/>\n<link rel=\"canonical\" href=\"https:\/\/vitablanca.ma\/ar\/product-2\/jarrow-formulas-ps100-phosphatidylserine-100-mg-120-capsules-maroc-prix\/\" \/>\n<meta property=\"og:locale\" content=\"ar_AR\" \/>\n<meta property=\"og:type\" content=\"article\" \/>\n<meta property=\"og:title\" content=\"Jarrow Formulas PS 100 Phosphatidyls\u00e9rine 100 mg \u2013 Maroc Prix\" \/>\n<meta property=\"og:description\" content=\"Jarrow Formulas PS 100, Phosphatidyls\u00e9rine 100 mg, 120 capsules. Soutient la m\u00e9moire, la concentration et la sant\u00e9 cognitive. Disponible au Maroc.\" \/>\n<meta property=\"og:url\" content=\"https:\/\/vitablanca.ma\/ar\/product-2\/jarrow-formulas-ps100-phosphatidylserine-100-mg-120-capsules-maroc-prix\/\" \/>\n<meta property=\"og:site_name\" content=\"Vitablanca.ma &ndash; Sant&eacute;, vitalit&eacute; et bien-&ecirc;tre pour tous les Marocains\" \/>\n<meta property=\"article:publisher\" content=\"https:\/\/www.facebook.com\/profile.php?id=61576678196717\" \/>\n<meta property=\"article:modified_time\" content=\"2026-03-02T04:15:37+00:00\" \/>\n<meta property=\"og:image\" content=\"https:\/\/vitablanca.ma\/wp-content\/uploads\/2026\/02\/Jarrow-Formulas-PS100-Phosphatidylserine-100-mg-120-capsules1-1.jpg\" \/>\n\t<meta property=\"og:image:width\" content=\"680\" \/>\n\t<meta property=\"og:image:height\" content=\"680\" \/>\n\t<meta property=\"og:image:type\" content=\"image\/jpeg\" \/>\n<meta name=\"twitter:card\" content=\"summary_large_image\" \/>\n<meta name=\"twitter:label1\" content=\"\u0648\u0642\u062a \u0627\u0644\u0642\u0631\u0627\u0621\u0629 \u0627\u0644\u0645\u064f\u0642\u062f\u0651\u0631\" \/>\n\t<meta name=\"twitter:data1\" content=\"\u062f\u0642\u064a\u0642\u0629 \u0648\u0627\u062d\u062f\u0629\" \/>\n<script type=\"application\/ld+json\" class=\"yoast-schema-graph\">{\"@context\":\"https:\\\/\\\/schema.org\",\"@graph\":[{\"@type\":[\"WebPage\",\"ItemPage\"],\"@id\":\"https:\\\/\\\/vitablanca.ma\\\/produit\\\/jarrow-formulas-ps100-phosphatidylserine-100-mg-120-capsules-maroc-prix\\\/\",\"url\":\"https:\\\/\\\/vitablanca.ma\\\/produit\\\/jarrow-formulas-ps100-phosphatidylserine-100-mg-120-capsules-maroc-prix\\\/\",\"name\":\"Jarrow Formulas PS 100 Phosphatidyls\u00e9rine 100 mg \u2013 Maroc Prix\",\"isPartOf\":{\"@id\":\"https:\\\/\\\/vitablanca.ma\\\/#website\"},\"primaryImageOfPage\":{\"@id\":\"https:\\\/\\\/vitablanca.ma\\\/produit\\\/jarrow-formulas-ps100-phosphatidylserine-100-mg-120-capsules-maroc-prix\\\/#primaryimage\"},\"image\":{\"@id\":\"https:\\\/\\\/vitablanca.ma\\\/produit\\\/jarrow-formulas-ps100-phosphatidylserine-100-mg-120-capsules-maroc-prix\\\/#primaryimage\"},\"thumbnailUrl\":\"https:\\\/\\\/vitablanca.ma\\\/wp-content\\\/uploads\\\/2026\\\/02\\\/Jarrow-Formulas-PS100-Phosphatidylserine-100-mg-120-capsules1-1.jpg\",\"datePublished\":\"2026-02-22T16:06:16+00:00\",\"dateModified\":\"2026-03-02T04:15:37+00:00\",\"description\":\"Jarrow Formulas PS 100, Phosphatidyls\u00e9rine 100 mg, 120 capsules. Soutient la m\u00e9moire, la concentration et la sant\u00e9 cognitive. Disponible au Maroc.\",\"breadcrumb\":{\"@id\":\"https:\\\/\\\/vitablanca.ma\\\/produit\\\/jarrow-formulas-ps100-phosphatidylserine-100-mg-120-capsules-maroc-prix\\\/#breadcrumb\"},\"inLanguage\":\"ar\",\"potentialAction\":[{\"@type\":\"ReadAction\",\"target\":[\"https:\\\/\\\/vitablanca.ma\\\/produit\\\/jarrow-formulas-ps100-phosphatidylserine-100-mg-120-capsules-maroc-prix\\\/\"]}]},{\"@type\":\"ImageObject\",\"inLanguage\":\"ar\",\"@id\":\"https:\\\/\\\/vitablanca.ma\\\/produit\\\/jarrow-formulas-ps100-phosphatidylserine-100-mg-120-capsules-maroc-prix\\\/#primaryimage\",\"url\":\"https:\\\/\\\/vitablanca.ma\\\/wp-content\\\/uploads\\\/2026\\\/02\\\/Jarrow-Formulas-PS100-Phosphatidylserine-100-mg-120-capsules1-1.jpg\",\"contentUrl\":\"https:\\\/\\\/vitablanca.ma\\\/wp-content\\\/uploads\\\/2026\\\/02\\\/Jarrow-Formulas-PS100-Phosphatidylserine-100-mg-120-capsules1-1.jpg\",\"width\":680,\"height\":680},{\"@type\":\"BreadcrumbList\",\"@id\":\"https:\\\/\\\/vitablanca.ma\\\/produit\\\/jarrow-formulas-ps100-phosphatidylserine-100-mg-120-capsules-maroc-prix\\\/#breadcrumb\",\"itemListElement\":[{\"@type\":\"ListItem\",\"position\":1,\"name\":\"Home\",\"item\":\"https:\\\/\\\/vitablanca.ma\\\/\"},{\"@type\":\"ListItem\",\"position\":2,\"name\":\"Tous Les Produits\",\"item\":\"https:\\\/\\\/vitablanca.ma\\\/tous-les-produits\\\/\"},{\"@type\":\"ListItem\",\"position\":3,\"name\":\"Jarrow Formulas PS100, Phosphatidylserine, 100 mg, 120 capsules\"}]},{\"@type\":\"WebSite\",\"@id\":\"https:\\\/\\\/vitablanca.ma\\\/#website\",\"url\":\"https:\\\/\\\/vitablanca.ma\\\/\",\"name\":\"VitaBlanca.ma | Compl\u00e9ments alimentaires, sant\u00e9 & beaut\u00e9 au Maroc\",\"description\":\"vendre vitamines et compl\u00e9ments premium des USA &amp; Canada, Nouvelle Z\u00e9lande,Maroc (NOW Foods, Solgar, Manuka). Livraison rapide partout au Maroc.\",\"publisher\":{\"@id\":\"https:\\\/\\\/vitablanca.ma\\\/#organization\"},\"alternateName\":\"VitaBlanca.ma\",\"potentialAction\":[{\"@type\":\"SearchAction\",\"target\":{\"@type\":\"EntryPoint\",\"urlTemplate\":\"https:\\\/\\\/vitablanca.ma\\\/?s={search_term_string}\"},\"query-input\":{\"@type\":\"PropertyValueSpecification\",\"valueRequired\":true,\"valueName\":\"search_term_string\"}}],\"inLanguage\":\"ar\"},{\"@type\":\"Organization\",\"@id\":\"https:\\\/\\\/vitablanca.ma\\\/#organization\",\"name\":\"VitaBlanca\",\"url\":\"https:\\\/\\\/vitablanca.ma\\\/\",\"logo\":{\"@type\":\"ImageObject\",\"inLanguage\":\"ar\",\"@id\":\"https:\\\/\\\/vitablanca.ma\\\/#\\\/schema\\\/logo\\\/image\\\/\",\"url\":\"https:\\\/\\\/vitablanca.ma\\\/wp-content\\\/uploads\\\/2025\\\/05\\\/cropped-vitablanca.png\",\"contentUrl\":\"https:\\\/\\\/vitablanca.ma\\\/wp-content\\\/uploads\\\/2025\\\/05\\\/cropped-vitablanca.png\",\"width\":360,\"height\":67,\"caption\":\"VitaBlanca\"},\"image\":{\"@id\":\"https:\\\/\\\/vitablanca.ma\\\/#\\\/schema\\\/logo\\\/image\\\/\"},\"sameAs\":[\"https:\\\/\\\/www.facebook.com\\\/profile.php?id=61576678196717\",\"https:\\\/\\\/www.tiktok.com\\\/@vitablanca.ma\",\"https:\\\/\\\/www.instagram.com\\\/vitablanca.ma\\\/\"]}]}<\/script>\n<!-- \/ Yoast SEO plugin. -->","yoast_head_json":{"title":"Jarrow Formulas PS 100 Phosphatidyls\u00e9rine 100 mg \u2013 Maroc Prix","description":"Jarrow Formulas PS 100, Phosphatidyls\u00e9rine 100 mg, 120 capsules. Soutient la m\u00e9moire, la concentration et la sant\u00e9 cognitive. Disponible au Maroc.","robots":{"index":"index","follow":"follow","max-snippet":"max-snippet:-1","max-image-preview":"max-image-preview:large","max-video-preview":"max-video-preview:-1"},"canonical":"https:\/\/vitablanca.ma\/ar\/product-2\/jarrow-formulas-ps100-phosphatidylserine-100-mg-120-capsules-maroc-prix\/","og_locale":"ar_AR","og_type":"article","og_title":"Jarrow Formulas PS 100 Phosphatidyls\u00e9rine 100 mg \u2013 Maroc Prix","og_description":"Jarrow Formulas PS 100, Phosphatidyls\u00e9rine 100 mg, 120 capsules. Soutient la m\u00e9moire, la concentration et la sant\u00e9 cognitive. Disponible au Maroc.","og_url":"https:\/\/vitablanca.ma\/ar\/product-2\/jarrow-formulas-ps100-phosphatidylserine-100-mg-120-capsules-maroc-prix\/","og_site_name":"Vitablanca.ma &ndash; Sant&eacute;, vitalit&eacute; et bien-&ecirc;tre pour tous les Marocains","article_publisher":"https:\/\/www.facebook.com\/profile.php?id=61576678196717","article_modified_time":"2026-03-02T04:15:37+00:00","og_image":[{"width":680,"height":680,"url":"https:\/\/vitablanca.ma\/wp-content\/uploads\/2026\/02\/Jarrow-Formulas-PS100-Phosphatidylserine-100-mg-120-capsules1-1.jpg","type":"image\/jpeg"}],"twitter_card":"summary_large_image","twitter_misc":{"\u0648\u0642\u062a \u0627\u0644\u0642\u0631\u0627\u0621\u0629 \u0627\u0644\u0645\u064f\u0642\u062f\u0651\u0631":"\u062f\u0642\u064a\u0642\u0629 \u0648\u0627\u062d\u062f\u0629"},"schema":{"@context":"https:\/\/schema.org","@graph":[{"@type":["WebPage","ItemPage"],"@id":"https:\/\/vitablanca.ma\/produit\/jarrow-formulas-ps100-phosphatidylserine-100-mg-120-capsules-maroc-prix\/","url":"https:\/\/vitablanca.ma\/produit\/jarrow-formulas-ps100-phosphatidylserine-100-mg-120-capsules-maroc-prix\/","name":"Jarrow Formulas PS 100 Phosphatidyls\u00e9rine 100 mg \u2013 Maroc Prix","isPartOf":{"@id":"https:\/\/vitablanca.ma\/#website"},"primaryImageOfPage":{"@id":"https:\/\/vitablanca.ma\/produit\/jarrow-formulas-ps100-phosphatidylserine-100-mg-120-capsules-maroc-prix\/#primaryimage"},"image":{"@id":"https:\/\/vitablanca.ma\/produit\/jarrow-formulas-ps100-phosphatidylserine-100-mg-120-capsules-maroc-prix\/#primaryimage"},"thumbnailUrl":"https:\/\/vitablanca.ma\/wp-content\/uploads\/2026\/02\/Jarrow-Formulas-PS100-Phosphatidylserine-100-mg-120-capsules1-1.jpg","datePublished":"2026-02-22T16:06:16+00:00","dateModified":"2026-03-02T04:15:37+00:00","description":"Jarrow Formulas PS 100, Phosphatidyls\u00e9rine 100 mg, 120 capsules. Soutient la m\u00e9moire, la concentration et la sant\u00e9 cognitive. Disponible au Maroc.","breadcrumb":{"@id":"https:\/\/vitablanca.ma\/produit\/jarrow-formulas-ps100-phosphatidylserine-100-mg-120-capsules-maroc-prix\/#breadcrumb"},"inLanguage":"ar","potentialAction":[{"@type":"ReadAction","target":["https:\/\/vitablanca.ma\/produit\/jarrow-formulas-ps100-phosphatidylserine-100-mg-120-capsules-maroc-prix\/"]}]},{"@type":"ImageObject","inLanguage":"ar","@id":"https:\/\/vitablanca.ma\/produit\/jarrow-formulas-ps100-phosphatidylserine-100-mg-120-capsules-maroc-prix\/#primaryimage","url":"https:\/\/vitablanca.ma\/wp-content\/uploads\/2026\/02\/Jarrow-Formulas-PS100-Phosphatidylserine-100-mg-120-capsules1-1.jpg","contentUrl":"https:\/\/vitablanca.ma\/wp-content\/uploads\/2026\/02\/Jarrow-Formulas-PS100-Phosphatidylserine-100-mg-120-capsules1-1.jpg","width":680,"height":680},{"@type":"BreadcrumbList","@id":"https:\/\/vitablanca.ma\/produit\/jarrow-formulas-ps100-phosphatidylserine-100-mg-120-capsules-maroc-prix\/#breadcrumb","itemListElement":[{"@type":"ListItem","position":1,"name":"Home","item":"https:\/\/vitablanca.ma\/"},{"@type":"ListItem","position":2,"name":"Tous Les Produits","item":"https:\/\/vitablanca.ma\/tous-les-produits\/"},{"@type":"ListItem","position":3,"name":"Jarrow Formulas PS100, Phosphatidylserine, 100 mg, 120 capsules"}]},{"@type":"WebSite","@id":"https:\/\/vitablanca.ma\/#website","url":"https:\/\/vitablanca.ma\/","name":"VitaBlanca.ma | \u0627\u0644\u0645\u0643\u0645\u0644\u0627\u062a \u0627\u0644\u063a\u0630\u0627\u0626\u064a\u0629\u060c \u0627\u0644\u0635\u062d\u0629 \u0648\u0627\u0644\u062c\u0645\u0627\u0644 \u0641\u064a \u0627\u0644\u0645\u063a\u0631\u0628","description":"\u0646\u0628\u064a\u0639 \u0641\u064a\u062a\u0627\u0645\u064a\u0646\u0627\u062a \u0648\u0645\u0643\u0645\u0644\u0627\u062a \u063a\u0630\u0627\u0626\u064a\u0629 \u0641\u0627\u062e\u0631\u0629 \u0645\u0646 \u0627\u0644\u0648\u0644\u0627\u064a\u0627\u062a \u0627\u0644\u0645\u062a\u062d\u062f\u0629 \u0627\u0644\u0623\u0645\u0631\u064a\u0643\u064a\u0629 \u0648\u0643\u0646\u062f\u0627 \u0648\u0646\u064a\u0648\u0632\u064a\u0644\u0646\u062f\u0627 \u0648\u0627\u0644\u0645\u063a\u0631\u0628 (\u0646\u0627\u0648 \u0641\u0648\u062f\u0632\u060c \u0633\u0648\u0644\u062c\u0627\u0631\u060c \u0645\u0627\u0646\u0648\u0643\u0627). \u062a\u0648\u0635\u064a\u0644 \u0633\u0631\u064a\u0639 \u0625\u0644\u0649 \u062c\u0645\u064a\u0639 \u0623\u0646\u062d\u0627\u0621 \u0627\u0644\u0645\u063a\u0631\u0628.","publisher":{"@id":"https:\/\/vitablanca.ma\/#organization"},"alternateName":"VitaBlanca.ma","potentialAction":[{"@type":"SearchAction","target":{"@type":"EntryPoint","urlTemplate":"https:\/\/vitablanca.ma\/?s={search_term_string}"},"query-input":{"@type":"PropertyValueSpecification","valueRequired":true,"valueName":"search_term_string"}}],"inLanguage":"ar"},{"@type":"Organization","@id":"https:\/\/vitablanca.ma\/#organization","name":"\u0641\u064a\u062a\u0627\u0628\u0644\u0627\u0646\u0643\u0627","url":"https:\/\/vitablanca.ma\/","logo":{"@type":"ImageObject","inLanguage":"ar","@id":"https:\/\/vitablanca.ma\/#\/schema\/logo\/image\/","url":"https:\/\/vitablanca.ma\/wp-content\/uploads\/2025\/05\/cropped-vitablanca.png","contentUrl":"https:\/\/vitablanca.ma\/wp-content\/uploads\/2025\/05\/cropped-vitablanca.png","width":360,"height":67,"caption":"VitaBlanca"},"image":{"@id":"https:\/\/vitablanca.ma\/#\/schema\/logo\/image\/"},"sameAs":["https:\/\/www.facebook.com\/profile.php?id=61576678196717","https:\/\/www.tiktok.com\/@vitablanca.ma","https:\/\/www.instagram.com\/vitablanca.ma\/"]}]}},"jetpack_sharing_enabled":true,"_links":{"self":[{"href":"https:\/\/vitablanca.ma\/ar\/wp-json\/wp\/v2\/product\/30260","targetHints":{"allow":["GET"]}}],"collection":[{"href":"https:\/\/vitablanca.ma\/ar\/wp-json\/wp\/v2\/product"}],"about":[{"href":"https:\/\/vitablanca.ma\/ar\/wp-json\/wp\/v2\/types\/product"}],"wp:featuredmedia":[{"embeddable":true,"href":"https:\/\/vitablanca.ma\/ar\/wp-json\/wp\/v2\/media\/30263"}],"wp:attachment":[{"href":"https:\/\/vitablanca.ma\/ar\/wp-json\/wp\/v2\/media?parent=30260"}],"wp:term":[{"taxonomy":"product_brand","embeddable":true,"href":"https:\/\/vitablanca.ma\/ar\/wp-json\/wp\/v2\/product_brand?post=30260"},{"taxonomy":"product_cat","embeddable":true,"href":"https:\/\/vitablanca.ma\/ar\/wp-json\/wp\/v2\/product_cat?post=30260"},{"taxonomy":"product_tag","embeddable":true,"href":"https:\/\/vitablanca.ma\/ar\/wp-json\/wp\/v2\/product_tag?post=30260"}],"curies":[{"name":"wp","href":"https:\/\/api.w.org\/{rel}","templated":true}]}}