{"id":30231,"date":"2026-02-21T15:29:06","date_gmt":"2026-02-21T15:29:06","guid":{"rendered":"https:\/\/vitablanca.ma\/?post_type=product&#038;p=30231"},"modified":"2026-03-02T04:15:37","modified_gmt":"2026-03-02T04:15:37","slug":"life-extension-pregnenolone-100-mg-100-capsules-maroc-prix","status":"publish","type":"product","link":"https:\/\/vitablanca.ma\/ar\/product-2\/life-extension-pregnenolone-100-mg-100-capsules-maroc-prix\/","title":{"rendered":"Life Extension Pregnenolone, 100 mg, 100 capsules"},"content":{"rendered":"<p>\u062e\u0627\u0644\u064a \u0645\u0646 \u0627\u0644\u063a\u0644\u0648\u062a\u064a\u0646<\/p>\n<p>Sans OGM, certifi\u00e9e LE<\/p>\n<p>Am\u00e9liore la m\u00e9moire et l&rsquo;\u00e9quilibre hormonal<\/p>\n<p>\u0645\u0643\u0645\u0644 \u063a\u0630\u0627\u0626\u064a<\/p>\n<p>La pr\u00e9gn\u00e9nolone est une neurohormone. Cela signifie qu&rsquo;elle remplit des fonctions hormonales dans l&rsquo;organisme, notamment en tant que pr\u00e9curseur de la DHEA, de la testost\u00e9rone, des \u0153strog\u00e8nes, de la progest\u00e9rone et des corticost\u00e9ro\u00efdes. Comme c&rsquo;est le cas avec d&rsquo;autres hormones, notre taux de pr\u00e9gn\u00e9nolone diminue avec l&rsquo;\u00e2ge. Mais la pr\u00e9gn\u00e9nolone affecte \u00e9galement le syst\u00e8me nerveux central ; il n&rsquo;est donc pas surprenant qu&rsquo;elle soit li\u00e9e \u00e0 la cognition, \u00e0 la m\u00e9moire et \u00e0 l&rsquo;humeur.<\/p>\n<p>Pr\u00e9gn\u00e9nolone et chimie du corps<\/p>\n<p>La pr\u00e9gn\u00e9nolone est le pr\u00e9curseur de toute une famille d&rsquo;hormones, dont la DHEA, la testost\u00e9rone, les glucocortico\u00efdes, la progest\u00e9rone et les \u0153strog\u00e8nes. C&rsquo;est pourquoi elle peut aider le corps \u00e0 maintenir des taux d&rsquo;hormones juv\u00e9niles, favorisant ainsi la vitalit\u00e9 et une fonction saine.<\/p>\n<p>Pr\u00e9serve la concentration mentale et l&rsquo;humeur<\/p>\n<p>La pr\u00e9gn\u00e9nolone module la plasticit\u00e9 c\u00e9r\u00e9brale et contribue \u00e0 la sant\u00e9 des cellules c\u00e9r\u00e9brales pour aider \u00e0 conserver des fonctions cognitives, une attention et une m\u00e9moire optimales. La pr\u00e9gn\u00e9nolone peut \u00e9galement favoriser la bonne humeur.<\/p>\n<p><strong>Usage sugg\u00e9r\u00e9:<\/strong><\/p>\n<p>Prenez une (1) capsule par jour, de pr\u00e9f\u00e9rence au d\u00e9but de la journ\u00e9e<\/p>","protected":false},"excerpt":{"rendered":"<ul>\n<li data-start=\"847\" data-end=\"885\">\n<p data-start=\"849\" data-end=\"885\">100 mg de pr\u00e9gnenolone par capsule<\/p>\n<\/li>\n<li data-start=\"886\" data-end=\"919\">\n<p data-start=\"888\" data-end=\"919\">Soutient l\u2019\u00e9quilibre hormonal<\/p>\n<\/li>\n<li data-start=\"920\" data-end=\"968\">\n<p data-start=\"922\" data-end=\"968\">Contribue \u00e0 la m\u00e9moire et \u00e0 la concentration<\/p>\n<\/li>\n<li data-start=\"969\" data-end=\"1002\">\n<p data-start=\"971\" data-end=\"1002\">Favorise le bien-\u00eatre g\u00e9n\u00e9ral<\/p>\n<\/li>\n<li data-start=\"1003\" data-end=\"1037\" data-is-last-node=\"\">\n<p data-start=\"1005\" data-end=\"1037\" data-is-last-node=\"\">100 capsules pour usage prolong\u00e9<\/p>\n<\/li>\n<\/ul>","protected":false},"featured_media":30232,"template":"","meta":{"om_disable_all_campaigns":false},"product_brand":[283],"product_cat":[18,3366,130,19],"product_tag":[345,4034,327,1699,181,285,3492,8904,9867,3905],"class_list":{"0":"post-30231","1":"product","2":"type-product","3":"status-publish","4":"has-post-thumbnail","6":"product_brand-life-extension-maroc-prix","7":"product_cat-beaute-sante","8":"product_cat-complements-alimentaires-au-maroc-vitablanca","9":"product_cat-vitamines","10":"product_cat-vitamines-supplements-dietetiques","11":"product_tag-equilibre-hormonal","12":"product_tag-100-capsules","13":"product_tag-100-mg","14":"product_tag-bien-etre","15":"product_tag-complement-alimentaire","16":"product_tag-life-extension","17":"product_tag-maroc","18":"product_tag-memoire","19":"product_tag-pregnenolone","20":"product_tag-sante-cognitive","22":"first","23":"instock","24":"sale","25":"taxable","26":"shipping-taxable","27":"purchasable","28":"product-type-simple"},"yoast_head":"<!-- This site is optimized with the Yoast SEO plugin v27.4 - https:\/\/yoast.com\/product\/yoast-seo-wordpress\/ -->\n<title>Life Extension Pregnenolone 100 mg 100 Capsules \u2013 Maroc Prix<\/title>\n<meta name=\"description\" content=\"Life Extension Pregnenolone 100 mg, 100 capsules. Soutient l\u2019\u00e9quilibre hormonal, la m\u00e9moire et le bien-\u00eatre g\u00e9n\u00e9ral. Disponible au Maroc.\" \/>\n<meta name=\"robots\" content=\"index, follow, max-snippet:-1, max-image-preview:large, max-video-preview:-1\" \/>\n<link rel=\"canonical\" href=\"https:\/\/vitablanca.ma\/ar\/product-2\/life-extension-pregnenolone-100-mg-100-capsules-maroc-prix\/\" \/>\n<meta property=\"og:locale\" content=\"ar_AR\" \/>\n<meta property=\"og:type\" content=\"article\" \/>\n<meta property=\"og:title\" content=\"Life Extension Pregnenolone 100 mg 100 Capsules \u2013 Maroc Prix\" \/>\n<meta property=\"og:description\" content=\"Life Extension Pregnenolone 100 mg, 100 capsules. Soutient l\u2019\u00e9quilibre hormonal, la m\u00e9moire et le bien-\u00eatre g\u00e9n\u00e9ral. Disponible au Maroc.\" \/>\n<meta property=\"og:url\" content=\"https:\/\/vitablanca.ma\/ar\/product-2\/life-extension-pregnenolone-100-mg-100-capsules-maroc-prix\/\" \/>\n<meta property=\"og:site_name\" content=\"Vitablanca.ma &ndash; Sant&eacute;, vitalit&eacute; et bien-&ecirc;tre pour tous les Marocains\" \/>\n<meta property=\"article:publisher\" content=\"https:\/\/www.facebook.com\/profile.php?id=61576678196717\" \/>\n<meta property=\"article:modified_time\" content=\"2026-03-02T04:15:37+00:00\" \/>\n<meta property=\"og:image\" content=\"https:\/\/vitablanca.ma\/wp-content\/uploads\/2026\/02\/Life-Extension-Pregnenolone-100-mg-100-capsules1-1.jpg\" \/>\n\t<meta property=\"og:image:width\" content=\"680\" \/>\n\t<meta property=\"og:image:height\" content=\"680\" \/>\n\t<meta property=\"og:image:type\" content=\"image\/jpeg\" \/>\n<meta name=\"twitter:card\" content=\"summary_large_image\" \/>\n<meta name=\"twitter:label1\" content=\"\u0648\u0642\u062a \u0627\u0644\u0642\u0631\u0627\u0621\u0629 \u0627\u0644\u0645\u064f\u0642\u062f\u0651\u0631\" \/>\n\t<meta name=\"twitter:data1\" content=\"\u062f\u0642\u064a\u0642\u062a\u0627\u0646\" \/>\n<script type=\"application\/ld+json\" class=\"yoast-schema-graph\">{\"@context\":\"https:\\\/\\\/schema.org\",\"@graph\":[{\"@type\":[\"WebPage\",\"ItemPage\"],\"@id\":\"https:\\\/\\\/vitablanca.ma\\\/produit\\\/life-extension-pregnenolone-100-mg-100-capsules-maroc-prix\\\/\",\"url\":\"https:\\\/\\\/vitablanca.ma\\\/produit\\\/life-extension-pregnenolone-100-mg-100-capsules-maroc-prix\\\/\",\"name\":\"Life Extension Pregnenolone 100 mg 100 Capsules \u2013 Maroc Prix\",\"isPartOf\":{\"@id\":\"https:\\\/\\\/vitablanca.ma\\\/#website\"},\"primaryImageOfPage\":{\"@id\":\"https:\\\/\\\/vitablanca.ma\\\/produit\\\/life-extension-pregnenolone-100-mg-100-capsules-maroc-prix\\\/#primaryimage\"},\"image\":{\"@id\":\"https:\\\/\\\/vitablanca.ma\\\/produit\\\/life-extension-pregnenolone-100-mg-100-capsules-maroc-prix\\\/#primaryimage\"},\"thumbnailUrl\":\"https:\\\/\\\/vitablanca.ma\\\/wp-content\\\/uploads\\\/2026\\\/02\\\/Life-Extension-Pregnenolone-100-mg-100-capsules1-1.jpg\",\"datePublished\":\"2026-02-21T15:29:06+00:00\",\"dateModified\":\"2026-03-02T04:15:37+00:00\",\"description\":\"Life Extension Pregnenolone 100 mg, 100 capsules. Soutient l\u2019\u00e9quilibre hormonal, la m\u00e9moire et le bien-\u00eatre g\u00e9n\u00e9ral. Disponible au Maroc.\",\"breadcrumb\":{\"@id\":\"https:\\\/\\\/vitablanca.ma\\\/produit\\\/life-extension-pregnenolone-100-mg-100-capsules-maroc-prix\\\/#breadcrumb\"},\"inLanguage\":\"ar\",\"potentialAction\":[{\"@type\":\"ReadAction\",\"target\":[\"https:\\\/\\\/vitablanca.ma\\\/produit\\\/life-extension-pregnenolone-100-mg-100-capsules-maroc-prix\\\/\"]}]},{\"@type\":\"ImageObject\",\"inLanguage\":\"ar\",\"@id\":\"https:\\\/\\\/vitablanca.ma\\\/produit\\\/life-extension-pregnenolone-100-mg-100-capsules-maroc-prix\\\/#primaryimage\",\"url\":\"https:\\\/\\\/vitablanca.ma\\\/wp-content\\\/uploads\\\/2026\\\/02\\\/Life-Extension-Pregnenolone-100-mg-100-capsules1-1.jpg\",\"contentUrl\":\"https:\\\/\\\/vitablanca.ma\\\/wp-content\\\/uploads\\\/2026\\\/02\\\/Life-Extension-Pregnenolone-100-mg-100-capsules1-1.jpg\",\"width\":680,\"height\":680},{\"@type\":\"BreadcrumbList\",\"@id\":\"https:\\\/\\\/vitablanca.ma\\\/produit\\\/life-extension-pregnenolone-100-mg-100-capsules-maroc-prix\\\/#breadcrumb\",\"itemListElement\":[{\"@type\":\"ListItem\",\"position\":1,\"name\":\"Home\",\"item\":\"https:\\\/\\\/vitablanca.ma\\\/\"},{\"@type\":\"ListItem\",\"position\":2,\"name\":\"Tous Les Produits\",\"item\":\"https:\\\/\\\/vitablanca.ma\\\/tous-les-produits\\\/\"},{\"@type\":\"ListItem\",\"position\":3,\"name\":\"Life Extension Pregnenolone, 100 mg, 100 capsules\"}]},{\"@type\":\"WebSite\",\"@id\":\"https:\\\/\\\/vitablanca.ma\\\/#website\",\"url\":\"https:\\\/\\\/vitablanca.ma\\\/\",\"name\":\"VitaBlanca.ma | Compl\u00e9ments alimentaires, sant\u00e9 & beaut\u00e9 au Maroc\",\"description\":\"vendre vitamines et compl\u00e9ments premium des USA &amp; Canada, Nouvelle Z\u00e9lande,Maroc (NOW Foods, Solgar, Manuka). Livraison rapide partout au Maroc.\",\"publisher\":{\"@id\":\"https:\\\/\\\/vitablanca.ma\\\/#organization\"},\"alternateName\":\"VitaBlanca.ma\",\"potentialAction\":[{\"@type\":\"SearchAction\",\"target\":{\"@type\":\"EntryPoint\",\"urlTemplate\":\"https:\\\/\\\/vitablanca.ma\\\/?s={search_term_string}\"},\"query-input\":{\"@type\":\"PropertyValueSpecification\",\"valueRequired\":true,\"valueName\":\"search_term_string\"}}],\"inLanguage\":\"ar\"},{\"@type\":\"Organization\",\"@id\":\"https:\\\/\\\/vitablanca.ma\\\/#organization\",\"name\":\"VitaBlanca\",\"url\":\"https:\\\/\\\/vitablanca.ma\\\/\",\"logo\":{\"@type\":\"ImageObject\",\"inLanguage\":\"ar\",\"@id\":\"https:\\\/\\\/vitablanca.ma\\\/#\\\/schema\\\/logo\\\/image\\\/\",\"url\":\"https:\\\/\\\/vitablanca.ma\\\/wp-content\\\/uploads\\\/2025\\\/05\\\/cropped-vitablanca.png\",\"contentUrl\":\"https:\\\/\\\/vitablanca.ma\\\/wp-content\\\/uploads\\\/2025\\\/05\\\/cropped-vitablanca.png\",\"width\":360,\"height\":67,\"caption\":\"VitaBlanca\"},\"image\":{\"@id\":\"https:\\\/\\\/vitablanca.ma\\\/#\\\/schema\\\/logo\\\/image\\\/\"},\"sameAs\":[\"https:\\\/\\\/www.facebook.com\\\/profile.php?id=61576678196717\",\"https:\\\/\\\/www.tiktok.com\\\/@vitablanca.ma\",\"https:\\\/\\\/www.instagram.com\\\/vitablanca.ma\\\/\"]}]}<\/script>\n<!-- \/ Yoast SEO plugin. -->","yoast_head_json":{"title":"Life Extension Pregnenolone 100 mg 100 Capsules \u2013 Maroc Prix","description":"Life Extension Pregnenolone 100 mg, 100 capsules. Soutient l\u2019\u00e9quilibre hormonal, la m\u00e9moire et le bien-\u00eatre g\u00e9n\u00e9ral. Disponible au Maroc.","robots":{"index":"index","follow":"follow","max-snippet":"max-snippet:-1","max-image-preview":"max-image-preview:large","max-video-preview":"max-video-preview:-1"},"canonical":"https:\/\/vitablanca.ma\/ar\/product-2\/life-extension-pregnenolone-100-mg-100-capsules-maroc-prix\/","og_locale":"ar_AR","og_type":"article","og_title":"Life Extension Pregnenolone 100 mg 100 Capsules \u2013 Maroc Prix","og_description":"Life Extension Pregnenolone 100 mg, 100 capsules. Soutient l\u2019\u00e9quilibre hormonal, la m\u00e9moire et le bien-\u00eatre g\u00e9n\u00e9ral. Disponible au Maroc.","og_url":"https:\/\/vitablanca.ma\/ar\/product-2\/life-extension-pregnenolone-100-mg-100-capsules-maroc-prix\/","og_site_name":"Vitablanca.ma &ndash; Sant&eacute;, vitalit&eacute; et bien-&ecirc;tre pour tous les Marocains","article_publisher":"https:\/\/www.facebook.com\/profile.php?id=61576678196717","article_modified_time":"2026-03-02T04:15:37+00:00","og_image":[{"width":680,"height":680,"url":"https:\/\/vitablanca.ma\/wp-content\/uploads\/2026\/02\/Life-Extension-Pregnenolone-100-mg-100-capsules1-1.jpg","type":"image\/jpeg"}],"twitter_card":"summary_large_image","twitter_misc":{"\u0648\u0642\u062a \u0627\u0644\u0642\u0631\u0627\u0621\u0629 \u0627\u0644\u0645\u064f\u0642\u062f\u0651\u0631":"\u062f\u0642\u064a\u0642\u062a\u0627\u0646"},"schema":{"@context":"https:\/\/schema.org","@graph":[{"@type":["WebPage","ItemPage"],"@id":"https:\/\/vitablanca.ma\/produit\/life-extension-pregnenolone-100-mg-100-capsules-maroc-prix\/","url":"https:\/\/vitablanca.ma\/produit\/life-extension-pregnenolone-100-mg-100-capsules-maroc-prix\/","name":"Life Extension Pregnenolone 100 mg 100 Capsules \u2013 Maroc Prix","isPartOf":{"@id":"https:\/\/vitablanca.ma\/#website"},"primaryImageOfPage":{"@id":"https:\/\/vitablanca.ma\/produit\/life-extension-pregnenolone-100-mg-100-capsules-maroc-prix\/#primaryimage"},"image":{"@id":"https:\/\/vitablanca.ma\/produit\/life-extension-pregnenolone-100-mg-100-capsules-maroc-prix\/#primaryimage"},"thumbnailUrl":"https:\/\/vitablanca.ma\/wp-content\/uploads\/2026\/02\/Life-Extension-Pregnenolone-100-mg-100-capsules1-1.jpg","datePublished":"2026-02-21T15:29:06+00:00","dateModified":"2026-03-02T04:15:37+00:00","description":"Life Extension Pregnenolone 100 mg, 100 capsules. Soutient l\u2019\u00e9quilibre hormonal, la m\u00e9moire et le bien-\u00eatre g\u00e9n\u00e9ral. Disponible au Maroc.","breadcrumb":{"@id":"https:\/\/vitablanca.ma\/produit\/life-extension-pregnenolone-100-mg-100-capsules-maroc-prix\/#breadcrumb"},"inLanguage":"ar","potentialAction":[{"@type":"ReadAction","target":["https:\/\/vitablanca.ma\/produit\/life-extension-pregnenolone-100-mg-100-capsules-maroc-prix\/"]}]},{"@type":"ImageObject","inLanguage":"ar","@id":"https:\/\/vitablanca.ma\/produit\/life-extension-pregnenolone-100-mg-100-capsules-maroc-prix\/#primaryimage","url":"https:\/\/vitablanca.ma\/wp-content\/uploads\/2026\/02\/Life-Extension-Pregnenolone-100-mg-100-capsules1-1.jpg","contentUrl":"https:\/\/vitablanca.ma\/wp-content\/uploads\/2026\/02\/Life-Extension-Pregnenolone-100-mg-100-capsules1-1.jpg","width":680,"height":680},{"@type":"BreadcrumbList","@id":"https:\/\/vitablanca.ma\/produit\/life-extension-pregnenolone-100-mg-100-capsules-maroc-prix\/#breadcrumb","itemListElement":[{"@type":"ListItem","position":1,"name":"Home","item":"https:\/\/vitablanca.ma\/"},{"@type":"ListItem","position":2,"name":"Tous Les Produits","item":"https:\/\/vitablanca.ma\/tous-les-produits\/"},{"@type":"ListItem","position":3,"name":"Life Extension Pregnenolone, 100 mg, 100 capsules"}]},{"@type":"WebSite","@id":"https:\/\/vitablanca.ma\/#website","url":"https:\/\/vitablanca.ma\/","name":"VitaBlanca.ma | \u0627\u0644\u0645\u0643\u0645\u0644\u0627\u062a \u0627\u0644\u063a\u0630\u0627\u0626\u064a\u0629\u060c \u0627\u0644\u0635\u062d\u0629 \u0648\u0627\u0644\u062c\u0645\u0627\u0644 \u0641\u064a \u0627\u0644\u0645\u063a\u0631\u0628","description":"\u0646\u0628\u064a\u0639 \u0641\u064a\u062a\u0627\u0645\u064a\u0646\u0627\u062a \u0648\u0645\u0643\u0645\u0644\u0627\u062a \u063a\u0630\u0627\u0626\u064a\u0629 \u0641\u0627\u062e\u0631\u0629 \u0645\u0646 \u0627\u0644\u0648\u0644\u0627\u064a\u0627\u062a \u0627\u0644\u0645\u062a\u062d\u062f\u0629 \u0627\u0644\u0623\u0645\u0631\u064a\u0643\u064a\u0629 \u0648\u0643\u0646\u062f\u0627 \u0648\u0646\u064a\u0648\u0632\u064a\u0644\u0646\u062f\u0627 \u0648\u0627\u0644\u0645\u063a\u0631\u0628 (\u0646\u0627\u0648 \u0641\u0648\u062f\u0632\u060c \u0633\u0648\u0644\u062c\u0627\u0631\u060c \u0645\u0627\u0646\u0648\u0643\u0627). \u062a\u0648\u0635\u064a\u0644 \u0633\u0631\u064a\u0639 \u0625\u0644\u0649 \u062c\u0645\u064a\u0639 \u0623\u0646\u062d\u0627\u0621 \u0627\u0644\u0645\u063a\u0631\u0628.","publisher":{"@id":"https:\/\/vitablanca.ma\/#organization"},"alternateName":"VitaBlanca.ma","potentialAction":[{"@type":"SearchAction","target":{"@type":"EntryPoint","urlTemplate":"https:\/\/vitablanca.ma\/?s={search_term_string}"},"query-input":{"@type":"PropertyValueSpecification","valueRequired":true,"valueName":"search_term_string"}}],"inLanguage":"ar"},{"@type":"Organization","@id":"https:\/\/vitablanca.ma\/#organization","name":"\u0641\u064a\u062a\u0627\u0628\u0644\u0627\u0646\u0643\u0627","url":"https:\/\/vitablanca.ma\/","logo":{"@type":"ImageObject","inLanguage":"ar","@id":"https:\/\/vitablanca.ma\/#\/schema\/logo\/image\/","url":"https:\/\/vitablanca.ma\/wp-content\/uploads\/2025\/05\/cropped-vitablanca.png","contentUrl":"https:\/\/vitablanca.ma\/wp-content\/uploads\/2025\/05\/cropped-vitablanca.png","width":360,"height":67,"caption":"VitaBlanca"},"image":{"@id":"https:\/\/vitablanca.ma\/#\/schema\/logo\/image\/"},"sameAs":["https:\/\/www.facebook.com\/profile.php?id=61576678196717","https:\/\/www.tiktok.com\/@vitablanca.ma","https:\/\/www.instagram.com\/vitablanca.ma\/"]}]}},"jetpack_sharing_enabled":true,"_links":{"self":[{"href":"https:\/\/vitablanca.ma\/ar\/wp-json\/wp\/v2\/product\/30231","targetHints":{"allow":["GET"]}}],"collection":[{"href":"https:\/\/vitablanca.ma\/ar\/wp-json\/wp\/v2\/product"}],"about":[{"href":"https:\/\/vitablanca.ma\/ar\/wp-json\/wp\/v2\/types\/product"}],"wp:featuredmedia":[{"embeddable":true,"href":"https:\/\/vitablanca.ma\/ar\/wp-json\/wp\/v2\/media\/30232"}],"wp:attachment":[{"href":"https:\/\/vitablanca.ma\/ar\/wp-json\/wp\/v2\/media?parent=30231"}],"wp:term":[{"taxonomy":"product_brand","embeddable":true,"href":"https:\/\/vitablanca.ma\/ar\/wp-json\/wp\/v2\/product_brand?post=30231"},{"taxonomy":"product_cat","embeddable":true,"href":"https:\/\/vitablanca.ma\/ar\/wp-json\/wp\/v2\/product_cat?post=30231"},{"taxonomy":"product_tag","embeddable":true,"href":"https:\/\/vitablanca.ma\/ar\/wp-json\/wp\/v2\/product_tag?post=30231"}],"curies":[{"name":"wp","href":"https:\/\/api.w.org\/{rel}","templated":true}]}}