{"id":30227,"date":"2026-02-21T15:22:33","date_gmt":"2026-02-21T15:22:33","guid":{"rendered":"https:\/\/vitablanca.ma\/?post_type=product&#038;p=30227"},"modified":"2026-03-02T04:15:37","modified_gmt":"2026-03-02T04:15:37","slug":"sports-research-magtein-magnesium-l-threonate-2000-mg-90-vegetable-capsules-maroc-prix","status":"publish","type":"product","link":"https:\/\/vitablanca.ma\/ar\/product-2\/sports-research-magtein-magnesium-l-threonate-2000-mg-90-vegetable-capsules-maroc-prix\/","title":{"rendered":"Sports Research, Magtein\u00ae, Magnesium L-threonate, 2000 mg, 90 vegetable capsules"},"content":{"rendered":"<p>Formule avanc\u00e9e^<\/p>\n<p>2000 mg de L-thr\u00e9onate de magn\u00e9sium<\/p>\n<p>Favorise la sant\u00e9 cognitive<\/p>\n<p>\u0645\u0643\u0645\u0644 \u063a\u0630\u0627\u0626\u064a<\/p>\n<p>La qualit\u00e9, \u00e7a compte :<\/p>\n<p>Projet sans OGM v\u00e9rifi\u00e9<\/p>\n<p>Certifi\u00e9 sans gluten par NSF<\/p>\n<p>Test\u00e9 par un organisme ind\u00e9pendant<\/p>\n<p>Conforme aux BPF actuelles<\/p>\n<p>Produit certifi\u00e9 vegan par l&rsquo;American Vegetarian Association<\/p>\n<p>Il a \u00e9t\u00e9 d\u00e9montr\u00e9 que le L-thr\u00e9onate de magn\u00e9sium traverse la barri\u00e8re h\u00e9mato-enc\u00e9phalique, contrairement \u00e0 d&rsquo;autres formes de magn\u00e9sium comme le glycinat, le citrate ou l&rsquo;oxyde.<\/p>\n<p><strong>\u0627\u0644\u0627\u0633\u062a\u062e\u062f\u0627\u0645 \u0627\u0644\u0645\u0642\u062a\u0631\u062d<\/strong><\/p>\n<p>Pour les adultes : prenez 3 capsules v\u00e9g\u00e9tariennes par jour au cours d&rsquo;un repas<\/p>","protected":false},"excerpt":{"rendered":"<ul>\n<li data-start=\"883\" data-end=\"919\">\n<p data-start=\"885\" data-end=\"919\">2000 mg de Magnesium L-Threonate<\/p>\n<\/li>\n<li data-start=\"920\" data-end=\"949\">\n<p data-start=\"922\" data-end=\"949\">Formule brevet\u00e9e Magtein\u00ae<\/p>\n<\/li>\n<li data-start=\"950\" data-end=\"993\">\n<p data-start=\"952\" data-end=\"993\">Soutient la m\u00e9moire et la concentration<\/p>\n<\/li>\n<li data-start=\"994\" data-end=\"1025\">\n<p data-start=\"996\" data-end=\"1025\">Favorise la sant\u00e9 c\u00e9r\u00e9brale<\/p>\n<\/li>\n<li data-start=\"1026\" data-end=\"1066\" data-is-last-node=\"\">\n<p data-start=\"1028\" data-end=\"1066\" data-is-last-node=\"\">90 capsules v\u00e9g\u00e9tales, usage quotidien<\/p>\n<\/li>\n<\/ul>","protected":false},"featured_media":30229,"template":"","meta":{"om_disable_all_campaigns":false},"product_brand":[3628],"product_cat":[18,297,3366,176,163,130,19],"product_tag":[9060,7003,4047,178,4309,9866,3492,8904,5038,8903],"class_list":{"0":"post-30227","1":"product","2":"type-product","3":"status-publish","4":"has-post-thumbnail","6":"product_brand-sports-research","7":"product_cat-beaute-sante","8":"product_cat-citrate-de-magnesium","9":"product_cat-complements-alimentaires-au-maroc-vitablanca","10":"product_cat-magnesium","11":"product_cat-mineraux","12":"product_cat-vitamines","13":"product_cat-vitamines-supplements-dietetiques","14":"product_tag-2000-mg","15":"product_tag-capsules-vegetales","16":"product_tag-concentration","17":"product_tag-magnesium","18":"product_tag-magnesium-l-threonate","19":"product_tag-magtein","20":"product_tag-maroc","21":"product_tag-memoire","22":"product_tag-sante-cerebrale","23":"product_tag-sports-research","25":"first","26":"instock","27":"sale","28":"taxable","29":"shipping-taxable","30":"purchasable","31":"product-type-simple"},"yoast_head":"<!-- This site is optimized with the Yoast SEO plugin v27.3 - https:\/\/yoast.com\/product\/yoast-seo-wordpress\/ -->\n<title>Sports Research Magnesium L-Threonate 2000mg 90 \u2013 Maroc Prix<\/title>\n<meta name=\"description\" content=\"Sports Research Magtein\u00ae Magnesium L-Threonate 2000 mg, 90 capsules v\u00e9g\u00e9tales. Soutient la m\u00e9moire, la concentration et la sant\u00e9 c\u00e9r\u00e9brale. Disponible\" \/>\n<meta name=\"robots\" content=\"index, follow, max-snippet:-1, max-image-preview:large, max-video-preview:-1\" \/>\n<link rel=\"canonical\" href=\"https:\/\/vitablanca.ma\/ar\/product-2\/sports-research-magtein-magnesium-l-threonate-2000-mg-90-vegetable-capsules-maroc-prix\/\" \/>\n<meta property=\"og:locale\" content=\"ar_AR\" \/>\n<meta property=\"og:type\" content=\"article\" \/>\n<meta property=\"og:title\" content=\"Sports Research Magnesium L-Threonate 2000mg 90 \u2013 Maroc Prix\" \/>\n<meta property=\"og:description\" content=\"Sports Research Magtein\u00ae Magnesium L-Threonate 2000 mg, 90 capsules v\u00e9g\u00e9tales. Soutient la m\u00e9moire, la concentration et la sant\u00e9 c\u00e9r\u00e9brale. Disponible\" \/>\n<meta property=\"og:url\" content=\"https:\/\/vitablanca.ma\/ar\/product-2\/sports-research-magtein-magnesium-l-threonate-2000-mg-90-vegetable-capsules-maroc-prix\/\" \/>\n<meta property=\"og:site_name\" content=\"Vitablanca.ma &ndash; Sant&eacute;, vitalit&eacute; et bien-&ecirc;tre pour tous les Marocains\" \/>\n<meta property=\"article:publisher\" content=\"https:\/\/www.facebook.com\/profile.php?id=61576678196717\" \/>\n<meta property=\"article:modified_time\" content=\"2026-03-02T04:15:37+00:00\" \/>\n<meta property=\"og:image\" content=\"https:\/\/vitablanca.ma\/wp-content\/uploads\/2026\/02\/Sports-Research-Magtein\u00ae-Magnesium-L-threonate-2000-mg-90-vegetable-capsules1-1.jpg\" \/>\n\t<meta property=\"og:image:width\" content=\"1600\" \/>\n\t<meta property=\"og:image:height\" content=\"1600\" \/>\n\t<meta property=\"og:image:type\" content=\"image\/jpeg\" \/>\n<meta name=\"twitter:card\" content=\"summary_large_image\" \/>\n<meta name=\"twitter:label1\" content=\"\u0648\u0642\u062a \u0627\u0644\u0642\u0631\u0627\u0621\u0629 \u0627\u0644\u0645\u064f\u0642\u062f\u0651\u0631\" \/>\n\t<meta name=\"twitter:data1\" content=\"\u062f\u0642\u064a\u0642\u0629 \u0648\u0627\u062d\u062f\u0629\" \/>\n<script type=\"application\/ld+json\" class=\"yoast-schema-graph\">{\"@context\":\"https:\\\/\\\/schema.org\",\"@graph\":[{\"@type\":[\"WebPage\",\"ItemPage\"],\"@id\":\"https:\\\/\\\/vitablanca.ma\\\/produit\\\/sports-research-magtein-magnesium-l-threonate-2000-mg-90-vegetable-capsules-maroc-prix\\\/\",\"url\":\"https:\\\/\\\/vitablanca.ma\\\/produit\\\/sports-research-magtein-magnesium-l-threonate-2000-mg-90-vegetable-capsules-maroc-prix\\\/\",\"name\":\"Sports Research Magnesium L-Threonate 2000mg 90 \u2013 Maroc Prix\",\"isPartOf\":{\"@id\":\"https:\\\/\\\/vitablanca.ma\\\/#website\"},\"primaryImageOfPage\":{\"@id\":\"https:\\\/\\\/vitablanca.ma\\\/produit\\\/sports-research-magtein-magnesium-l-threonate-2000-mg-90-vegetable-capsules-maroc-prix\\\/#primaryimage\"},\"image\":{\"@id\":\"https:\\\/\\\/vitablanca.ma\\\/produit\\\/sports-research-magtein-magnesium-l-threonate-2000-mg-90-vegetable-capsules-maroc-prix\\\/#primaryimage\"},\"thumbnailUrl\":\"https:\\\/\\\/vitablanca.ma\\\/wp-content\\\/uploads\\\/2026\\\/02\\\/Sports-Research-Magtein\u00ae-Magnesium-L-threonate-2000-mg-90-vegetable-capsules1-1.jpg\",\"datePublished\":\"2026-02-21T15:22:33+00:00\",\"dateModified\":\"2026-03-02T04:15:37+00:00\",\"description\":\"Sports Research Magtein\u00ae Magnesium L-Threonate 2000 mg, 90 capsules v\u00e9g\u00e9tales. Soutient la m\u00e9moire, la concentration et la sant\u00e9 c\u00e9r\u00e9brale. Disponible\",\"breadcrumb\":{\"@id\":\"https:\\\/\\\/vitablanca.ma\\\/produit\\\/sports-research-magtein-magnesium-l-threonate-2000-mg-90-vegetable-capsules-maroc-prix\\\/#breadcrumb\"},\"inLanguage\":\"ar\",\"potentialAction\":[{\"@type\":\"ReadAction\",\"target\":[\"https:\\\/\\\/vitablanca.ma\\\/produit\\\/sports-research-magtein-magnesium-l-threonate-2000-mg-90-vegetable-capsules-maroc-prix\\\/\"]}]},{\"@type\":\"ImageObject\",\"inLanguage\":\"ar\",\"@id\":\"https:\\\/\\\/vitablanca.ma\\\/produit\\\/sports-research-magtein-magnesium-l-threonate-2000-mg-90-vegetable-capsules-maroc-prix\\\/#primaryimage\",\"url\":\"https:\\\/\\\/vitablanca.ma\\\/wp-content\\\/uploads\\\/2026\\\/02\\\/Sports-Research-Magtein\u00ae-Magnesium-L-threonate-2000-mg-90-vegetable-capsules1-1.jpg\",\"contentUrl\":\"https:\\\/\\\/vitablanca.ma\\\/wp-content\\\/uploads\\\/2026\\\/02\\\/Sports-Research-Magtein\u00ae-Magnesium-L-threonate-2000-mg-90-vegetable-capsules1-1.jpg\",\"width\":1600,\"height\":1600},{\"@type\":\"BreadcrumbList\",\"@id\":\"https:\\\/\\\/vitablanca.ma\\\/produit\\\/sports-research-magtein-magnesium-l-threonate-2000-mg-90-vegetable-capsules-maroc-prix\\\/#breadcrumb\",\"itemListElement\":[{\"@type\":\"ListItem\",\"position\":1,\"name\":\"Home\",\"item\":\"https:\\\/\\\/vitablanca.ma\\\/\"},{\"@type\":\"ListItem\",\"position\":2,\"name\":\"Tous Les Produits\",\"item\":\"https:\\\/\\\/vitablanca.ma\\\/tous-les-produits\\\/\"},{\"@type\":\"ListItem\",\"position\":3,\"name\":\"Sports Research, Magtein\u00ae, Magnesium L-threonate, 2000 mg, 90 vegetable capsules\"}]},{\"@type\":\"WebSite\",\"@id\":\"https:\\\/\\\/vitablanca.ma\\\/#website\",\"url\":\"https:\\\/\\\/vitablanca.ma\\\/\",\"name\":\"VitaBlanca.ma | Compl\u00e9ments alimentaires, sant\u00e9 & beaut\u00e9 au Maroc\",\"description\":\"vendre vitamines et compl\u00e9ments premium des USA &amp; Canada, Nouvelle Z\u00e9lande,Maroc (NOW Foods, Solgar, Manuka). Livraison rapide partout au Maroc.\",\"publisher\":{\"@id\":\"https:\\\/\\\/vitablanca.ma\\\/#organization\"},\"alternateName\":\"VitaBlanca.ma\",\"potentialAction\":[{\"@type\":\"SearchAction\",\"target\":{\"@type\":\"EntryPoint\",\"urlTemplate\":\"https:\\\/\\\/vitablanca.ma\\\/?s={search_term_string}\"},\"query-input\":{\"@type\":\"PropertyValueSpecification\",\"valueRequired\":true,\"valueName\":\"search_term_string\"}}],\"inLanguage\":\"ar\"},{\"@type\":\"Organization\",\"@id\":\"https:\\\/\\\/vitablanca.ma\\\/#organization\",\"name\":\"VitaBlanca\",\"url\":\"https:\\\/\\\/vitablanca.ma\\\/\",\"logo\":{\"@type\":\"ImageObject\",\"inLanguage\":\"ar\",\"@id\":\"https:\\\/\\\/vitablanca.ma\\\/#\\\/schema\\\/logo\\\/image\\\/\",\"url\":\"https:\\\/\\\/vitablanca.ma\\\/wp-content\\\/uploads\\\/2025\\\/05\\\/cropped-vitablanca.png\",\"contentUrl\":\"https:\\\/\\\/vitablanca.ma\\\/wp-content\\\/uploads\\\/2025\\\/05\\\/cropped-vitablanca.png\",\"width\":360,\"height\":67,\"caption\":\"VitaBlanca\"},\"image\":{\"@id\":\"https:\\\/\\\/vitablanca.ma\\\/#\\\/schema\\\/logo\\\/image\\\/\"},\"sameAs\":[\"https:\\\/\\\/www.facebook.com\\\/profile.php?id=61576678196717\",\"https:\\\/\\\/www.tiktok.com\\\/@vitablanca.ma\",\"https:\\\/\\\/www.instagram.com\\\/vitablanca.ma\\\/\"]}]}<\/script>\n<!-- \/ Yoast SEO plugin. -->","yoast_head_json":{"title":"Sports Research Magnesium L-Threonate 2000mg 90 \u2013 Maroc Prix","description":"Sports Research Magtein\u00ae Magnesium L-Threonate 2000 mg, 90 capsules v\u00e9g\u00e9tales. Soutient la m\u00e9moire, la concentration et la sant\u00e9 c\u00e9r\u00e9brale. Disponible","robots":{"index":"index","follow":"follow","max-snippet":"max-snippet:-1","max-image-preview":"max-image-preview:large","max-video-preview":"max-video-preview:-1"},"canonical":"https:\/\/vitablanca.ma\/ar\/product-2\/sports-research-magtein-magnesium-l-threonate-2000-mg-90-vegetable-capsules-maroc-prix\/","og_locale":"ar_AR","og_type":"article","og_title":"Sports Research Magnesium L-Threonate 2000mg 90 \u2013 Maroc Prix","og_description":"Sports Research Magtein\u00ae Magnesium L-Threonate 2000 mg, 90 capsules v\u00e9g\u00e9tales. Soutient la m\u00e9moire, la concentration et la sant\u00e9 c\u00e9r\u00e9brale. Disponible","og_url":"https:\/\/vitablanca.ma\/ar\/product-2\/sports-research-magtein-magnesium-l-threonate-2000-mg-90-vegetable-capsules-maroc-prix\/","og_site_name":"Vitablanca.ma &ndash; Sant&eacute;, vitalit&eacute; et bien-&ecirc;tre pour tous les Marocains","article_publisher":"https:\/\/www.facebook.com\/profile.php?id=61576678196717","article_modified_time":"2026-03-02T04:15:37+00:00","og_image":[{"width":1600,"height":1600,"url":"https:\/\/vitablanca.ma\/wp-content\/uploads\/2026\/02\/Sports-Research-Magtein\u00ae-Magnesium-L-threonate-2000-mg-90-vegetable-capsules1-1.jpg","type":"image\/jpeg"}],"twitter_card":"summary_large_image","twitter_misc":{"\u0648\u0642\u062a \u0627\u0644\u0642\u0631\u0627\u0621\u0629 \u0627\u0644\u0645\u064f\u0642\u062f\u0651\u0631":"\u062f\u0642\u064a\u0642\u0629 \u0648\u0627\u062d\u062f\u0629"},"schema":{"@context":"https:\/\/schema.org","@graph":[{"@type":["WebPage","ItemPage"],"@id":"https:\/\/vitablanca.ma\/produit\/sports-research-magtein-magnesium-l-threonate-2000-mg-90-vegetable-capsules-maroc-prix\/","url":"https:\/\/vitablanca.ma\/produit\/sports-research-magtein-magnesium-l-threonate-2000-mg-90-vegetable-capsules-maroc-prix\/","name":"Sports Research Magnesium L-Threonate 2000mg 90 \u2013 Maroc Prix","isPartOf":{"@id":"https:\/\/vitablanca.ma\/#website"},"primaryImageOfPage":{"@id":"https:\/\/vitablanca.ma\/produit\/sports-research-magtein-magnesium-l-threonate-2000-mg-90-vegetable-capsules-maroc-prix\/#primaryimage"},"image":{"@id":"https:\/\/vitablanca.ma\/produit\/sports-research-magtein-magnesium-l-threonate-2000-mg-90-vegetable-capsules-maroc-prix\/#primaryimage"},"thumbnailUrl":"https:\/\/vitablanca.ma\/wp-content\/uploads\/2026\/02\/Sports-Research-Magtein\u00ae-Magnesium-L-threonate-2000-mg-90-vegetable-capsules1-1.jpg","datePublished":"2026-02-21T15:22:33+00:00","dateModified":"2026-03-02T04:15:37+00:00","description":"Sports Research Magtein\u00ae Magnesium L-Threonate 2000 mg, 90 capsules v\u00e9g\u00e9tales. Soutient la m\u00e9moire, la concentration et la sant\u00e9 c\u00e9r\u00e9brale. Disponible","breadcrumb":{"@id":"https:\/\/vitablanca.ma\/produit\/sports-research-magtein-magnesium-l-threonate-2000-mg-90-vegetable-capsules-maroc-prix\/#breadcrumb"},"inLanguage":"ar","potentialAction":[{"@type":"ReadAction","target":["https:\/\/vitablanca.ma\/produit\/sports-research-magtein-magnesium-l-threonate-2000-mg-90-vegetable-capsules-maroc-prix\/"]}]},{"@type":"ImageObject","inLanguage":"ar","@id":"https:\/\/vitablanca.ma\/produit\/sports-research-magtein-magnesium-l-threonate-2000-mg-90-vegetable-capsules-maroc-prix\/#primaryimage","url":"https:\/\/vitablanca.ma\/wp-content\/uploads\/2026\/02\/Sports-Research-Magtein\u00ae-Magnesium-L-threonate-2000-mg-90-vegetable-capsules1-1.jpg","contentUrl":"https:\/\/vitablanca.ma\/wp-content\/uploads\/2026\/02\/Sports-Research-Magtein\u00ae-Magnesium-L-threonate-2000-mg-90-vegetable-capsules1-1.jpg","width":1600,"height":1600},{"@type":"BreadcrumbList","@id":"https:\/\/vitablanca.ma\/produit\/sports-research-magtein-magnesium-l-threonate-2000-mg-90-vegetable-capsules-maroc-prix\/#breadcrumb","itemListElement":[{"@type":"ListItem","position":1,"name":"Home","item":"https:\/\/vitablanca.ma\/"},{"@type":"ListItem","position":2,"name":"Tous Les Produits","item":"https:\/\/vitablanca.ma\/tous-les-produits\/"},{"@type":"ListItem","position":3,"name":"Sports Research, Magtein\u00ae, Magnesium L-threonate, 2000 mg, 90 vegetable capsules"}]},{"@type":"WebSite","@id":"https:\/\/vitablanca.ma\/#website","url":"https:\/\/vitablanca.ma\/","name":"VitaBlanca.ma | \u0627\u0644\u0645\u0643\u0645\u0644\u0627\u062a \u0627\u0644\u063a\u0630\u0627\u0626\u064a\u0629\u060c \u0627\u0644\u0635\u062d\u0629 \u0648\u0627\u0644\u062c\u0645\u0627\u0644 \u0641\u064a \u0627\u0644\u0645\u063a\u0631\u0628","description":"\u0646\u0628\u064a\u0639 \u0641\u064a\u062a\u0627\u0645\u064a\u0646\u0627\u062a \u0648\u0645\u0643\u0645\u0644\u0627\u062a \u063a\u0630\u0627\u0626\u064a\u0629 \u0641\u0627\u062e\u0631\u0629 \u0645\u0646 \u0627\u0644\u0648\u0644\u0627\u064a\u0627\u062a \u0627\u0644\u0645\u062a\u062d\u062f\u0629 \u0627\u0644\u0623\u0645\u0631\u064a\u0643\u064a\u0629 \u0648\u0643\u0646\u062f\u0627 \u0648\u0646\u064a\u0648\u0632\u064a\u0644\u0646\u062f\u0627 \u0648\u0627\u0644\u0645\u063a\u0631\u0628 (\u0646\u0627\u0648 \u0641\u0648\u062f\u0632\u060c \u0633\u0648\u0644\u062c\u0627\u0631\u060c \u0645\u0627\u0646\u0648\u0643\u0627). \u062a\u0648\u0635\u064a\u0644 \u0633\u0631\u064a\u0639 \u0625\u0644\u0649 \u062c\u0645\u064a\u0639 \u0623\u0646\u062d\u0627\u0621 \u0627\u0644\u0645\u063a\u0631\u0628.","publisher":{"@id":"https:\/\/vitablanca.ma\/#organization"},"alternateName":"VitaBlanca.ma","potentialAction":[{"@type":"SearchAction","target":{"@type":"EntryPoint","urlTemplate":"https:\/\/vitablanca.ma\/?s={search_term_string}"},"query-input":{"@type":"PropertyValueSpecification","valueRequired":true,"valueName":"search_term_string"}}],"inLanguage":"ar"},{"@type":"Organization","@id":"https:\/\/vitablanca.ma\/#organization","name":"\u0641\u064a\u062a\u0627\u0628\u0644\u0627\u0646\u0643\u0627","url":"https:\/\/vitablanca.ma\/","logo":{"@type":"ImageObject","inLanguage":"ar","@id":"https:\/\/vitablanca.ma\/#\/schema\/logo\/image\/","url":"https:\/\/vitablanca.ma\/wp-content\/uploads\/2025\/05\/cropped-vitablanca.png","contentUrl":"https:\/\/vitablanca.ma\/wp-content\/uploads\/2025\/05\/cropped-vitablanca.png","width":360,"height":67,"caption":"VitaBlanca"},"image":{"@id":"https:\/\/vitablanca.ma\/#\/schema\/logo\/image\/"},"sameAs":["https:\/\/www.facebook.com\/profile.php?id=61576678196717","https:\/\/www.tiktok.com\/@vitablanca.ma","https:\/\/www.instagram.com\/vitablanca.ma\/"]}]}},"jetpack_sharing_enabled":true,"_links":{"self":[{"href":"https:\/\/vitablanca.ma\/ar\/wp-json\/wp\/v2\/product\/30227","targetHints":{"allow":["GET"]}}],"collection":[{"href":"https:\/\/vitablanca.ma\/ar\/wp-json\/wp\/v2\/product"}],"about":[{"href":"https:\/\/vitablanca.ma\/ar\/wp-json\/wp\/v2\/types\/product"}],"wp:featuredmedia":[{"embeddable":true,"href":"https:\/\/vitablanca.ma\/ar\/wp-json\/wp\/v2\/media\/30229"}],"wp:attachment":[{"href":"https:\/\/vitablanca.ma\/ar\/wp-json\/wp\/v2\/media?parent=30227"}],"wp:term":[{"taxonomy":"product_brand","embeddable":true,"href":"https:\/\/vitablanca.ma\/ar\/wp-json\/wp\/v2\/product_brand?post=30227"},{"taxonomy":"product_cat","embeddable":true,"href":"https:\/\/vitablanca.ma\/ar\/wp-json\/wp\/v2\/product_cat?post=30227"},{"taxonomy":"product_tag","embeddable":true,"href":"https:\/\/vitablanca.ma\/ar\/wp-json\/wp\/v2\/product_tag?post=30227"}],"curies":[{"name":"wp","href":"https:\/\/api.w.org\/{rel}","templated":true}]}}