{"id":30194,"date":"2026-02-20T15:26:55","date_gmt":"2026-02-20T15:26:55","guid":{"rendered":"https:\/\/vitablanca.ma\/?post_type=product&#038;p=30194"},"modified":"2026-03-02T04:15:38","modified_gmt":"2026-03-02T04:15:38","slug":"life-extension-skin-restoration-ceramides-30-liquid-vegetarian-capsules-maroc-prix","status":"publish","type":"product","link":"https:\/\/vitablanca.ma\/ar\/product-2\/life-extension-skin-restoration-ceramides-30-liquid-vegetarian-capsules-maroc-prix\/","title":{"rendered":"Life Extension Skin Restoration Ceramides, 30 Liquid Vegetarian Capsules"},"content":{"rendered":"<div class=\"row item-row\">\n<div class=\"col-xs-24\">\n<div>\n<p id=\"isPasted\">Les c\u00e9ramides de restauration cutan\u00e9e favorisent l&rsquo;hydratation de la peau pour la revitaliser de l&rsquo;int\u00e9rieur, encourageant ainsi des niveaux de c\u00e9ramides sains dans la peau gr\u00e2ce \u00e0 notre compl\u00e9ment oral le plus vendu \u00e0 prendre une fois par jour.<\/p>\n<p id=\"isPasted\"><strong>Que sont les c\u00e9ramides de restauration cutan\u00e9e\u00a0?<\/strong><\/p>\n<p>Les c\u00e9ramides naturellement pr\u00e9sents dans notre peau aident \u00e0 retenir l&rsquo;humidit\u00e9 pour lui donner une apparence jeune et souple. Le bl\u00e9 contient ces m\u00eames c\u00e9ramides, mais la consommation de bl\u00e9 ne suffit pas \u00e0 faire la diff\u00e9rence. Les c\u00e9ramides de restauration cutan\u00e9e sont un compl\u00e9ment \u00e0 avaler pratique qui lisse visiblement les rides tout en hydratant et en revitalisant votre peau de l&rsquo;int\u00e9rieur.<\/p>\n<p>Le taux de c\u00e9ramides diminue naturellement avec l&rsquo;\u00e2ge, ce qui rend difficile le maintien d&rsquo;une peau lisse, souple et saine \u00e0 mesure que nous vieillissons.<\/p>\n<p><strong>Bienfaits des c\u00e9ramides de restauration cutan\u00e9e<\/strong><\/p>\n<ul>\n<li>Att\u00e9nuent l&rsquo;apparence des rides et des ridules<\/li>\n<li>Favorisent l&rsquo;hydratation et le confort de la peau<\/li>\n<li>Soutiennent un taux de c\u00e9ramides sain pour les peaux matures<\/li>\n<li>Contiennent des c\u00e9ramides de bl\u00e9 concentr\u00e9s et \u00e9tudi\u00e9s cliniquement<\/li>\n<\/ul>\n<p><strong>Une peau plus saine qui s&rsquo;exprime de l&rsquo;int\u00e9rieur<\/strong><\/p>\n<p id=\"isPasted\">Des \u00e9tudes cliniques montrent une am\u00e9lioration significative de l&rsquo;hydratation de la peau et de l&rsquo;apparence des rides et des ridules chez les personnes qui prennent des c\u00e9ramides par voie orale. Ces graisses \u00e9pidermiques aident \u00e0 retenir l&rsquo;humidit\u00e9 dans votre peau pour lui donner une apparence jeune et saine. Toutefois, l&rsquo;approvisionnement naturel de votre corps en c\u00e9ramides s&rsquo;\u00e9puise avec le temps.<\/p>\n<p><strong>C\u00e9ramides de restauration cutan\u00e9e<\/strong><\/p>\n<p><strong>Pourquoi devrais-je prendre des c\u00e9ramides r\u00e9parateurs pour la peau\u00a0?<\/strong><\/p>\n<p id=\"isPasted\">Pour avoir une peau saine, souple et visiblement plus jeune, une bonne hydratation est cruciale. Votre routine de soin de la peau est importante, mais vous pouvez faire encore mieux. En se basant sur les recherches scientifiques les plus r\u00e9centes, Life\u00a0Extension a cr\u00e9\u00e9 des c\u00e9ramides de restauration cutan\u00e9e pour aider \u00e0 nourrir votre peau de l&rsquo;int\u00e9rieur.<\/p>\n<p>Cette capsule \u00e0 prendre une fois par jour aide \u00e0 am\u00e9liorer l&rsquo;\u00e9lasticit\u00e9 saine de votre peau, \u00e0 retenir l&rsquo;hydratation et \u00e0 lisser l&rsquo;apparence des rides et des ridules. Notre formule sans gluten ni OGM hydrate votre peau de l&rsquo;int\u00e9rieur, ce qui se voit \u00e0 l&rsquo;ext\u00e9rieur.<\/p>\n<\/div>\n<\/div>\n<\/div>\n<div class=\"row item-row\">\n<div class=\"col-xs-24\">\n<h3><strong>\u0627\u0644\u0627\u0633\u062a\u062e\u062f\u0627\u0645 \u0627\u0644\u0645\u0642\u062a\u0631\u062d<\/strong><\/h3>\n<div class=\"prodOverviewDetail\">\n<p>Lisez l&rsquo;\u00e9tiquette dans son int\u00e9gralit\u00e9 et suivez les instructions attentivement avant d&rsquo;utiliser ce produit.<\/p>\n<p>Prenez une (1)\u00a0capsule par jour pendant un repas ou suivez les recommandations d&rsquo;un professionnel de la sant\u00e9.<\/p>\n<p>\u0644\u0627 \u062a\u062a\u062c\u0627\u0648\u0632 \u0627\u0644\u062c\u0631\u0639\u0629 \u0627\u0644\u0645\u0648\u0635\u0649 \u0628\u0647\u0627.<\/p>\n<\/div>\n<\/div>\n<\/div>\n<div class=\"row item-row\">\n<div class=\"col-xs-24\">\n<h3><strong>\u0627\u0644\u0645\u0643\u0648\u0646\u0627\u062a \u0627\u0644\u0623\u062e\u0631\u0649<\/strong><\/h3>\n<div class=\"prodOverviewIngred\">\n<p>Huile de son de riz, cellulose v\u00e9g\u00e9tale (capsule), silice, extrait de romarin.<\/p>\n<p>Contient du bl\u00e9.<\/p>\n<\/div>\n<\/div>\n<\/div>\n<div class=\"row item-row\">\n<div class=\"col-xs-24\">\n<h3><strong>\u062a\u062d\u0630\u064a\u0631\u0627\u062a<\/strong><\/h3>\n<div class=\"prodOverviewDetail\">\n<ul>\n<li>\u064a\u062d\u0641\u0638 \u0628\u0639\u064a\u062f\u0627 \u0639\u0646 \u0645\u062a\u0646\u0627\u0648\u0644 \u0627\u0644\u0623\u0637\u0641\u0627\u0644.<\/li>\n<li>Ne pas acheter si l&rsquo;opercule ext\u00e9rieur est rompu ou endommag\u00e9.<\/li>\n<li>Lorsque vous consommez des compl\u00e9ments alimentaires, consultez votre m\u00e9decin si vous suivez un traitement pour des raisons m\u00e9dicales, si vous \u00eates enceinte ou si vous allaitez.<\/li>\n<\/ul>\n<p>Conserver herm\u00e9tiquement ferm\u00e9 dans un endroit frais et sec.<\/p>\n<table border=\"1\" width=\"100%\" cellspacing=\"0\" cellpadding=\"3\">\n<tbody>\n<tr valign=\"top\">\n<td colspan=\"3\"><strong>\u0645\u0644\u0643\u064a\u0627\u062a<\/strong><\/td>\n<\/tr>\n<tr valign=\"top\">\n<td colspan=\"3\"><strong>Portion\u00a0:\u00a0<\/strong>1\u00a0capsule v\u00e9g\u00e9tarienne liquide<\/td>\n<\/tr>\n<tr valign=\"top\">\n<td width=\"70%\"><\/td>\n<td width=\"15%\"><strong>Quantit\u00e9 par portion<\/strong><\/td>\n<td width=\"15%\"><strong>%\u00a0d&rsquo;apport journalier<\/strong><\/td>\n<\/tr>\n<tr valign=\"top\">\n<td>Extrait d&rsquo;huile de bl\u00e9 Ceratiq<sup>\u00ae<\/sup>\u00a0(apporte des glycolipides, des phytoc\u00e9ramides et des glycosylc\u00e9ramides)<\/td>\n<td>350\u00a0mg<\/td>\n<td>**<\/td>\n<\/tr>\n<tr valign=\"top\">\n<td colspan=\"3\">**\u00a0Apport journalier non \u00e9tabli.<\/td>\n<\/tr>\n<\/tbody>\n<\/table>\n<\/div>\n<\/div>\n<\/div>","protected":false},"excerpt":{"rendered":"<ul>\n<li>\u062e\u0627\u0644\u064a \u0645\u0646 \u0627\u0644\u063a\u0644\u0648\u062a\u064a\u0646<\/li>\n<li>1\u00a0par jour<\/li>\n<li>Sans OGM, certifi\u00e9e\u00a0LE<\/li>\n<li>Hydratent et lissent visiblement les rides et ridules<\/li>\n<li>\u0645\u0643\u0645\u0644 \u063a\u0630\u0627\u0626\u064a<\/li>\n<\/ul>","protected":false},"featured_media":30196,"template":"","meta":{"om_disable_all_campaigns":false},"product_brand":[283],"product_cat":[18,1092,8967,3366,9852,7970],"product_tag":[6367,8544,7003,9854,7891,7326,3474,285,3492,9853],"class_list":{"0":"post-30194","1":"product","2":"type-product","3":"status-publish","4":"has-post-thumbnail","6":"product_brand-life-extension-maroc-prix","7":"product_cat-beaute-sante","8":"product_cat-cheveux-beaute-parfums","9":"product_cat-complements","10":"product_cat-complements-alimentaires-au-maroc-vitablanca","11":"product_cat-formules-pour-les-cheveux-la-peau-et-les-ongles","12":"product_cat-peau-et-ongles","13":"product_tag-anti-age","14":"product_tag-beaute-de-la-peau","15":"product_tag-capsules-vegetales","16":"product_tag-ceramides","17":"product_tag-complement-beaute","18":"product_tag-elasticite","19":"product_tag-hydratation-peau","20":"product_tag-life-extension","21":"product_tag-maroc","22":"product_tag-skin-restoration","24":"first","25":"instock","26":"sale","27":"taxable","28":"shipping-taxable","29":"purchasable","30":"product-type-simple"},"yoast_head":"<!-- This site is optimized with the Yoast SEO plugin v27.4 - https:\/\/yoast.com\/product\/yoast-seo-wordpress\/ -->\n<title>Life Extension Skin Restoration Ceramides 30 Caps \u2013 Maroc Prix<\/title>\n<meta name=\"description\" content=\"Life Extension Skin Restoration Ceramides 30 capsules liquides v\u00e9g\u00e9tales. Soutient l\u2019hydratation l\u2019\u00e9lasticit\u00e9 et la jeunesse de la peau. Disponible au Maroc\" \/>\n<meta name=\"robots\" content=\"index, follow, max-snippet:-1, max-image-preview:large, max-video-preview:-1\" \/>\n<link rel=\"canonical\" href=\"https:\/\/vitablanca.ma\/ar\/product-2\/life-extension-skin-restoration-ceramides-30-liquid-vegetarian-capsules-maroc-prix\/\" \/>\n<meta property=\"og:locale\" content=\"ar_AR\" \/>\n<meta property=\"og:type\" content=\"article\" \/>\n<meta property=\"og:title\" content=\"Life Extension Skin Restoration Ceramides 30 Caps \u2013 Maroc Prix\" \/>\n<meta property=\"og:description\" content=\"Life Extension Skin Restoration Ceramides 30 capsules liquides v\u00e9g\u00e9tales. Soutient l\u2019hydratation l\u2019\u00e9lasticit\u00e9 et la jeunesse de la peau. Disponible au Maroc\" \/>\n<meta property=\"og:url\" content=\"https:\/\/vitablanca.ma\/ar\/product-2\/life-extension-skin-restoration-ceramides-30-liquid-vegetarian-capsules-maroc-prix\/\" \/>\n<meta property=\"og:site_name\" content=\"Vitablanca.ma &ndash; Sant&eacute;, vitalit&eacute; et bien-&ecirc;tre pour tous les Marocains\" \/>\n<meta property=\"article:publisher\" content=\"https:\/\/www.facebook.com\/profile.php?id=61576678196717\" \/>\n<meta property=\"article:modified_time\" content=\"2026-03-02T04:15:38+00:00\" \/>\n<meta property=\"og:image\" content=\"https:\/\/vitablanca.ma\/wp-content\/uploads\/2026\/02\/Life-Extension-Skin-Restoration-Ceramides-30-Liquid-Vegetarian-Capsules1.jpg\" \/>\n\t<meta property=\"og:image:width\" content=\"1600\" \/>\n\t<meta property=\"og:image:height\" content=\"1600\" \/>\n\t<meta property=\"og:image:type\" content=\"image\/jpeg\" \/>\n<meta name=\"twitter:card\" content=\"summary_large_image\" \/>\n<meta name=\"twitter:label1\" content=\"\u0648\u0642\u062a \u0627\u0644\u0642\u0631\u0627\u0621\u0629 \u0627\u0644\u0645\u064f\u0642\u062f\u0651\u0631\" \/>\n\t<meta name=\"twitter:data1\" content=\"3 \u062f\u0642\u0627\u0626\u0642\" \/>\n<script type=\"application\/ld+json\" class=\"yoast-schema-graph\">{\"@context\":\"https:\\\/\\\/schema.org\",\"@graph\":[{\"@type\":[\"WebPage\",\"ItemPage\"],\"@id\":\"https:\\\/\\\/vitablanca.ma\\\/produit\\\/life-extension-skin-restoration-ceramides-30-liquid-vegetarian-capsules-maroc-prix\\\/\",\"url\":\"https:\\\/\\\/vitablanca.ma\\\/produit\\\/life-extension-skin-restoration-ceramides-30-liquid-vegetarian-capsules-maroc-prix\\\/\",\"name\":\"Life Extension Skin Restoration Ceramides 30 Caps \u2013 Maroc Prix\",\"isPartOf\":{\"@id\":\"https:\\\/\\\/vitablanca.ma\\\/#website\"},\"primaryImageOfPage\":{\"@id\":\"https:\\\/\\\/vitablanca.ma\\\/produit\\\/life-extension-skin-restoration-ceramides-30-liquid-vegetarian-capsules-maroc-prix\\\/#primaryimage\"},\"image\":{\"@id\":\"https:\\\/\\\/vitablanca.ma\\\/produit\\\/life-extension-skin-restoration-ceramides-30-liquid-vegetarian-capsules-maroc-prix\\\/#primaryimage\"},\"thumbnailUrl\":\"https:\\\/\\\/vitablanca.ma\\\/wp-content\\\/uploads\\\/2026\\\/02\\\/Life-Extension-Skin-Restoration-Ceramides-30-Liquid-Vegetarian-Capsules1.jpg\",\"datePublished\":\"2026-02-20T15:26:55+00:00\",\"dateModified\":\"2026-03-02T04:15:38+00:00\",\"description\":\"Life Extension Skin Restoration Ceramides 30 capsules liquides v\u00e9g\u00e9tales. Soutient l\u2019hydratation l\u2019\u00e9lasticit\u00e9 et la jeunesse de la peau. Disponible au Maroc\",\"breadcrumb\":{\"@id\":\"https:\\\/\\\/vitablanca.ma\\\/produit\\\/life-extension-skin-restoration-ceramides-30-liquid-vegetarian-capsules-maroc-prix\\\/#breadcrumb\"},\"inLanguage\":\"ar\",\"potentialAction\":[{\"@type\":\"ReadAction\",\"target\":[\"https:\\\/\\\/vitablanca.ma\\\/produit\\\/life-extension-skin-restoration-ceramides-30-liquid-vegetarian-capsules-maroc-prix\\\/\"]}]},{\"@type\":\"ImageObject\",\"inLanguage\":\"ar\",\"@id\":\"https:\\\/\\\/vitablanca.ma\\\/produit\\\/life-extension-skin-restoration-ceramides-30-liquid-vegetarian-capsules-maroc-prix\\\/#primaryimage\",\"url\":\"https:\\\/\\\/vitablanca.ma\\\/wp-content\\\/uploads\\\/2026\\\/02\\\/Life-Extension-Skin-Restoration-Ceramides-30-Liquid-Vegetarian-Capsules1.jpg\",\"contentUrl\":\"https:\\\/\\\/vitablanca.ma\\\/wp-content\\\/uploads\\\/2026\\\/02\\\/Life-Extension-Skin-Restoration-Ceramides-30-Liquid-Vegetarian-Capsules1.jpg\",\"width\":1600,\"height\":1600},{\"@type\":\"BreadcrumbList\",\"@id\":\"https:\\\/\\\/vitablanca.ma\\\/produit\\\/life-extension-skin-restoration-ceramides-30-liquid-vegetarian-capsules-maroc-prix\\\/#breadcrumb\",\"itemListElement\":[{\"@type\":\"ListItem\",\"position\":1,\"name\":\"Home\",\"item\":\"https:\\\/\\\/vitablanca.ma\\\/\"},{\"@type\":\"ListItem\",\"position\":2,\"name\":\"Tous Les Produits\",\"item\":\"https:\\\/\\\/vitablanca.ma\\\/tous-les-produits\\\/\"},{\"@type\":\"ListItem\",\"position\":3,\"name\":\"Life Extension Skin Restoration Ceramides, 30 Liquid Vegetarian Capsules\"}]},{\"@type\":\"WebSite\",\"@id\":\"https:\\\/\\\/vitablanca.ma\\\/#website\",\"url\":\"https:\\\/\\\/vitablanca.ma\\\/\",\"name\":\"VitaBlanca.ma | Compl\u00e9ments alimentaires, sant\u00e9 & beaut\u00e9 au Maroc\",\"description\":\"vendre vitamines et compl\u00e9ments premium des USA &amp; Canada, Nouvelle Z\u00e9lande,Maroc (NOW Foods, Solgar, Manuka). Livraison rapide partout au Maroc.\",\"publisher\":{\"@id\":\"https:\\\/\\\/vitablanca.ma\\\/#organization\"},\"alternateName\":\"VitaBlanca.ma\",\"potentialAction\":[{\"@type\":\"SearchAction\",\"target\":{\"@type\":\"EntryPoint\",\"urlTemplate\":\"https:\\\/\\\/vitablanca.ma\\\/?s={search_term_string}\"},\"query-input\":{\"@type\":\"PropertyValueSpecification\",\"valueRequired\":true,\"valueName\":\"search_term_string\"}}],\"inLanguage\":\"ar\"},{\"@type\":\"Organization\",\"@id\":\"https:\\\/\\\/vitablanca.ma\\\/#organization\",\"name\":\"VitaBlanca\",\"url\":\"https:\\\/\\\/vitablanca.ma\\\/\",\"logo\":{\"@type\":\"ImageObject\",\"inLanguage\":\"ar\",\"@id\":\"https:\\\/\\\/vitablanca.ma\\\/#\\\/schema\\\/logo\\\/image\\\/\",\"url\":\"https:\\\/\\\/vitablanca.ma\\\/wp-content\\\/uploads\\\/2025\\\/05\\\/cropped-vitablanca.png\",\"contentUrl\":\"https:\\\/\\\/vitablanca.ma\\\/wp-content\\\/uploads\\\/2025\\\/05\\\/cropped-vitablanca.png\",\"width\":360,\"height\":67,\"caption\":\"VitaBlanca\"},\"image\":{\"@id\":\"https:\\\/\\\/vitablanca.ma\\\/#\\\/schema\\\/logo\\\/image\\\/\"},\"sameAs\":[\"https:\\\/\\\/www.facebook.com\\\/profile.php?id=61576678196717\",\"https:\\\/\\\/www.tiktok.com\\\/@vitablanca.ma\",\"https:\\\/\\\/www.instagram.com\\\/vitablanca.ma\\\/\"]}]}<\/script>\n<!-- \/ Yoast SEO plugin. -->","yoast_head_json":{"title":"Life Extension Skin Restoration Ceramides 30 Caps \u2013 Maroc Prix","description":"Life Extension Skin Restoration Ceramides 30 capsules liquides v\u00e9g\u00e9tales. Soutient l\u2019hydratation l\u2019\u00e9lasticit\u00e9 et la jeunesse de la peau. Disponible au Maroc","robots":{"index":"index","follow":"follow","max-snippet":"max-snippet:-1","max-image-preview":"max-image-preview:large","max-video-preview":"max-video-preview:-1"},"canonical":"https:\/\/vitablanca.ma\/ar\/product-2\/life-extension-skin-restoration-ceramides-30-liquid-vegetarian-capsules-maroc-prix\/","og_locale":"ar_AR","og_type":"article","og_title":"Life Extension Skin Restoration Ceramides 30 Caps \u2013 Maroc Prix","og_description":"Life Extension Skin Restoration Ceramides 30 capsules liquides v\u00e9g\u00e9tales. Soutient l\u2019hydratation l\u2019\u00e9lasticit\u00e9 et la jeunesse de la peau. Disponible au Maroc","og_url":"https:\/\/vitablanca.ma\/ar\/product-2\/life-extension-skin-restoration-ceramides-30-liquid-vegetarian-capsules-maroc-prix\/","og_site_name":"Vitablanca.ma &ndash; Sant&eacute;, vitalit&eacute; et bien-&ecirc;tre pour tous les Marocains","article_publisher":"https:\/\/www.facebook.com\/profile.php?id=61576678196717","article_modified_time":"2026-03-02T04:15:38+00:00","og_image":[{"width":1600,"height":1600,"url":"https:\/\/vitablanca.ma\/wp-content\/uploads\/2026\/02\/Life-Extension-Skin-Restoration-Ceramides-30-Liquid-Vegetarian-Capsules1.jpg","type":"image\/jpeg"}],"twitter_card":"summary_large_image","twitter_misc":{"\u0648\u0642\u062a \u0627\u0644\u0642\u0631\u0627\u0621\u0629 \u0627\u0644\u0645\u064f\u0642\u062f\u0651\u0631":"3 \u062f\u0642\u0627\u0626\u0642"},"schema":{"@context":"https:\/\/schema.org","@graph":[{"@type":["WebPage","ItemPage"],"@id":"https:\/\/vitablanca.ma\/produit\/life-extension-skin-restoration-ceramides-30-liquid-vegetarian-capsules-maroc-prix\/","url":"https:\/\/vitablanca.ma\/produit\/life-extension-skin-restoration-ceramides-30-liquid-vegetarian-capsules-maroc-prix\/","name":"Life Extension Skin Restoration Ceramides 30 Caps \u2013 Maroc Prix","isPartOf":{"@id":"https:\/\/vitablanca.ma\/#website"},"primaryImageOfPage":{"@id":"https:\/\/vitablanca.ma\/produit\/life-extension-skin-restoration-ceramides-30-liquid-vegetarian-capsules-maroc-prix\/#primaryimage"},"image":{"@id":"https:\/\/vitablanca.ma\/produit\/life-extension-skin-restoration-ceramides-30-liquid-vegetarian-capsules-maroc-prix\/#primaryimage"},"thumbnailUrl":"https:\/\/vitablanca.ma\/wp-content\/uploads\/2026\/02\/Life-Extension-Skin-Restoration-Ceramides-30-Liquid-Vegetarian-Capsules1.jpg","datePublished":"2026-02-20T15:26:55+00:00","dateModified":"2026-03-02T04:15:38+00:00","description":"Life Extension Skin Restoration Ceramides 30 capsules liquides v\u00e9g\u00e9tales. Soutient l\u2019hydratation l\u2019\u00e9lasticit\u00e9 et la jeunesse de la peau. Disponible au Maroc","breadcrumb":{"@id":"https:\/\/vitablanca.ma\/produit\/life-extension-skin-restoration-ceramides-30-liquid-vegetarian-capsules-maroc-prix\/#breadcrumb"},"inLanguage":"ar","potentialAction":[{"@type":"ReadAction","target":["https:\/\/vitablanca.ma\/produit\/life-extension-skin-restoration-ceramides-30-liquid-vegetarian-capsules-maroc-prix\/"]}]},{"@type":"ImageObject","inLanguage":"ar","@id":"https:\/\/vitablanca.ma\/produit\/life-extension-skin-restoration-ceramides-30-liquid-vegetarian-capsules-maroc-prix\/#primaryimage","url":"https:\/\/vitablanca.ma\/wp-content\/uploads\/2026\/02\/Life-Extension-Skin-Restoration-Ceramides-30-Liquid-Vegetarian-Capsules1.jpg","contentUrl":"https:\/\/vitablanca.ma\/wp-content\/uploads\/2026\/02\/Life-Extension-Skin-Restoration-Ceramides-30-Liquid-Vegetarian-Capsules1.jpg","width":1600,"height":1600},{"@type":"BreadcrumbList","@id":"https:\/\/vitablanca.ma\/produit\/life-extension-skin-restoration-ceramides-30-liquid-vegetarian-capsules-maroc-prix\/#breadcrumb","itemListElement":[{"@type":"ListItem","position":1,"name":"Home","item":"https:\/\/vitablanca.ma\/"},{"@type":"ListItem","position":2,"name":"Tous Les Produits","item":"https:\/\/vitablanca.ma\/tous-les-produits\/"},{"@type":"ListItem","position":3,"name":"Life Extension Skin Restoration Ceramides, 30 Liquid Vegetarian Capsules"}]},{"@type":"WebSite","@id":"https:\/\/vitablanca.ma\/#website","url":"https:\/\/vitablanca.ma\/","name":"VitaBlanca.ma | \u0627\u0644\u0645\u0643\u0645\u0644\u0627\u062a \u0627\u0644\u063a\u0630\u0627\u0626\u064a\u0629\u060c \u0627\u0644\u0635\u062d\u0629 \u0648\u0627\u0644\u062c\u0645\u0627\u0644 \u0641\u064a \u0627\u0644\u0645\u063a\u0631\u0628","description":"\u0646\u0628\u064a\u0639 \u0641\u064a\u062a\u0627\u0645\u064a\u0646\u0627\u062a \u0648\u0645\u0643\u0645\u0644\u0627\u062a \u063a\u0630\u0627\u0626\u064a\u0629 \u0641\u0627\u062e\u0631\u0629 \u0645\u0646 \u0627\u0644\u0648\u0644\u0627\u064a\u0627\u062a \u0627\u0644\u0645\u062a\u062d\u062f\u0629 \u0627\u0644\u0623\u0645\u0631\u064a\u0643\u064a\u0629 \u0648\u0643\u0646\u062f\u0627 \u0648\u0646\u064a\u0648\u0632\u064a\u0644\u0646\u062f\u0627 \u0648\u0627\u0644\u0645\u063a\u0631\u0628 (\u0646\u0627\u0648 \u0641\u0648\u062f\u0632\u060c \u0633\u0648\u0644\u062c\u0627\u0631\u060c \u0645\u0627\u0646\u0648\u0643\u0627). \u062a\u0648\u0635\u064a\u0644 \u0633\u0631\u064a\u0639 \u0625\u0644\u0649 \u062c\u0645\u064a\u0639 \u0623\u0646\u062d\u0627\u0621 \u0627\u0644\u0645\u063a\u0631\u0628.","publisher":{"@id":"https:\/\/vitablanca.ma\/#organization"},"alternateName":"VitaBlanca.ma","potentialAction":[{"@type":"SearchAction","target":{"@type":"EntryPoint","urlTemplate":"https:\/\/vitablanca.ma\/?s={search_term_string}"},"query-input":{"@type":"PropertyValueSpecification","valueRequired":true,"valueName":"search_term_string"}}],"inLanguage":"ar"},{"@type":"Organization","@id":"https:\/\/vitablanca.ma\/#organization","name":"\u0641\u064a\u062a\u0627\u0628\u0644\u0627\u0646\u0643\u0627","url":"https:\/\/vitablanca.ma\/","logo":{"@type":"ImageObject","inLanguage":"ar","@id":"https:\/\/vitablanca.ma\/#\/schema\/logo\/image\/","url":"https:\/\/vitablanca.ma\/wp-content\/uploads\/2025\/05\/cropped-vitablanca.png","contentUrl":"https:\/\/vitablanca.ma\/wp-content\/uploads\/2025\/05\/cropped-vitablanca.png","width":360,"height":67,"caption":"VitaBlanca"},"image":{"@id":"https:\/\/vitablanca.ma\/#\/schema\/logo\/image\/"},"sameAs":["https:\/\/www.facebook.com\/profile.php?id=61576678196717","https:\/\/www.tiktok.com\/@vitablanca.ma","https:\/\/www.instagram.com\/vitablanca.ma\/"]}]}},"jetpack_sharing_enabled":true,"_links":{"self":[{"href":"https:\/\/vitablanca.ma\/ar\/wp-json\/wp\/v2\/product\/30194","targetHints":{"allow":["GET"]}}],"collection":[{"href":"https:\/\/vitablanca.ma\/ar\/wp-json\/wp\/v2\/product"}],"about":[{"href":"https:\/\/vitablanca.ma\/ar\/wp-json\/wp\/v2\/types\/product"}],"wp:featuredmedia":[{"embeddable":true,"href":"https:\/\/vitablanca.ma\/ar\/wp-json\/wp\/v2\/media\/30196"}],"wp:attachment":[{"href":"https:\/\/vitablanca.ma\/ar\/wp-json\/wp\/v2\/media?parent=30194"}],"wp:term":[{"taxonomy":"product_brand","embeddable":true,"href":"https:\/\/vitablanca.ma\/ar\/wp-json\/wp\/v2\/product_brand?post=30194"},{"taxonomy":"product_cat","embeddable":true,"href":"https:\/\/vitablanca.ma\/ar\/wp-json\/wp\/v2\/product_cat?post=30194"},{"taxonomy":"product_tag","embeddable":true,"href":"https:\/\/vitablanca.ma\/ar\/wp-json\/wp\/v2\/product_tag?post=30194"}],"curies":[{"name":"wp","href":"https:\/\/api.w.org\/{rel}","templated":true}]}}