{"id":30164,"date":"2026-02-18T23:54:48","date_gmt":"2026-02-18T23:54:48","guid":{"rendered":"https:\/\/vitablanca.ma\/?post_type=product&#038;p=30164"},"modified":"2026-03-02T04:15:38","modified_gmt":"2026-03-02T04:15:38","slug":"life-extension-glutathione-cysteine-c-100-capsules-maroc-prix","status":"publish","type":"product","link":"https:\/\/vitablanca.ma\/ar\/product-2\/life-extension-glutathione-cysteine-c-100-capsules-maroc-prix\/","title":{"rendered":"Life Extension, Glutathione, Cysteine \u200b\u200b&#038; C, 100 Capsules"},"content":{"rendered":"<div class=\"row item-row\">\n<div class=\"col-xs-24\">\n<div>\n<p>Le complexe glutathion, cyst\u00e9ine et vitamine\u00a0C est un puissant compl\u00e9ment antioxydant avec une nutrition cibl\u00e9e qui fournit un soutien antioxydant intracellulaire et favorise une fonction h\u00e9patique saine.<\/p>\n<\/div>\n<\/div>\n<\/div>\n<div class=\"row item-row\">\n<div class=\"col-xs-24\">\n<h3><strong>\u0627\u0644\u0627\u0633\u062a\u062e\u062f\u0627\u0645 \u0627\u0644\u0645\u0642\u062a\u0631\u062d<\/strong><\/h3>\n<div class=\"prodOverviewDetail\">\n<p>Lisez l&rsquo;\u00e9tiquette dans son int\u00e9gralit\u00e9 et suivez les instructions attentivement avant d&rsquo;utiliser ce produit.<\/p>\n<p>Prenez une (1)\u00a0capsule une \u00e0 trois\u00a0fois par jour \u00e0 jeun ou suivez les recommandations d&rsquo;un professionnel de la sant\u00e9.<\/p>\n<\/div>\n<\/div>\n<\/div>\n<div class=\"row item-row\">\n<div class=\"col-xs-24\">\n<h3><strong>\u0627\u0644\u0645\u0643\u0648\u0646\u0627\u062a \u0627\u0644\u0623\u062e\u0631\u0649<\/strong><\/h3>\n<div class=\"prodOverviewIngred\">\n<p>Cellulose v\u00e9g\u00e9tale (capsule), cellulose microcristalline, acide st\u00e9arique, silice.<\/p>\n<\/div>\n<\/div>\n<\/div>\n<div class=\"row item-row\">\n<div class=\"col-xs-24\">\n<h3><strong>\u062a\u062d\u0630\u064a\u0631\u0627\u062a<\/strong><\/h3>\n<div class=\"prodOverviewDetail\">\n<ul>\n<li>\u064a\u062d\u0641\u0638 \u0628\u0639\u064a\u062f\u0627 \u0639\u0646 \u0645\u062a\u0646\u0627\u0648\u0644 \u0627\u0644\u0623\u0637\u0641\u0627\u0644.<\/li>\n<li>\u0644\u0627 \u062a\u062a\u062c\u0627\u0648\u0632 \u0627\u0644\u062c\u0631\u0639\u0629 \u0627\u0644\u0645\u0648\u0635\u0649 \u0628\u0647\u0627.<\/li>\n<li>Ne pas acheter si l&rsquo;opercule est rompu ou endommag\u00e9.<\/li>\n<li>Lorsque vous consommez des compl\u00e9ments alimentaires, consultez votre m\u00e9decin si vous suivez un traitement pour des raisons m\u00e9dicales, si vous \u00eates enceinte ou si vous allaitez.<\/li>\n<\/ul>\n<p>Conserver herm\u00e9tiquement ferm\u00e9 dans un endroit frais et sec.<\/p>\n<table border=\"1\" width=\"100%\" cellspacing=\"0\" cellpadding=\"3\">\n<tbody>\n<tr>\n<td class=\"fr-cell-fixed fr-selected-cell\" colspan=\"3\"><strong>\u0645\u0644\u0643\u064a\u0627\u062a<\/strong><\/td>\n<\/tr>\n<tr>\n<td class=\"fr-selected-cell\" colspan=\"3\"><strong>Portion\u00a0:<\/strong>\u00a01\u00a0capsule<\/td>\n<\/tr>\n<tr valign=\"top\">\n<td class=\"fr-selected-cell\" width=\"70%\"><\/td>\n<td class=\"fr-selected-cell\" width=\"15%\"><strong>Quantit\u00e9 par portion<\/strong><\/td>\n<td class=\"fr-selected-cell\" width=\"15%\"><strong>%\u00a0d&rsquo;apport journalier<\/strong><\/td>\n<\/tr>\n<tr valign=\"top\">\n<td class=\"fr-selected-cell\">Vitamine\u00a0C (sous forme d&rsquo;acide ascorbique)<\/td>\n<td class=\"fr-selected-cell\">500\u00a0mg<\/td>\n<td class=\"fr-selected-cell\">556\u00a0%<\/td>\n<\/tr>\n<tr valign=\"top\">\n<td class=\"fr-selected-cell\">L-glutathione Setria\u00ae (r\u00e9duit)<\/td>\n<td class=\"fr-selected-cell\">50\u00a0mg<\/td>\n<td class=\"fr-selected-cell\">**<\/td>\n<\/tr>\n<tr valign=\"top\">\n<td class=\"fr-selected-cell\">Chlorhydrate de L-cyst\u00e9ine<\/td>\n<td class=\"fr-selected-cell\">200\u00a0mg<\/td>\n<td class=\"fr-cell-handler fr-selected-cell\">**<\/td>\n<\/tr>\n<tr valign=\"top\">\n<td colspan=\"3\">**\u00a0Apport journalier non \u00e9tabli.<\/td>\n<\/tr>\n<\/tbody>\n<\/table>\n<\/div>\n<\/div>\n<\/div>","protected":false},"excerpt":{"rendered":"<ul>\n<li>\u062e\u0627\u0644\u064a \u0645\u0646 \u0627\u0644\u063a\u0644\u0648\u062a\u064a\u0646<\/li>\n<li>Sans OGM, certifi\u00e9\u00a0LE<\/li>\n<li>Acides amin\u00e9s pour le soutien immunitaire<\/li>\n<li>\u0645\u0643\u0645\u0644 \u063a\u0630\u0627\u0626\u064a<\/li>\n<\/ul>","protected":false},"featured_media":30165,"template":"","meta":{"om_disable_all_campaigns":false},"product_brand":[283],"product_cat":[9587,7980,18,8967,3366,9586,7977,7963],"product_tag":[441,181,9588,686,8965,1780,285,3492,1012,470],"class_list":{"0":"post-30164","1":"product","2":"type-product","3":"status-publish","4":"has-post-thumbnail","6":"product_brand-life-extension-maroc-prix","7":"product_cat-acide-ascorbique","8":"product_cat-acides-amines-2","9":"product_cat-beaute-sante","10":"product_cat-complements","11":"product_cat-complements-alimentaires-au-maroc-vitablanca","12":"product_cat-melanges-dacides-amines","13":"product_cat-vitamine-c-2","14":"product_cat-vitamines-2","15":"product_tag-antioxydant","16":"product_tag-complement-alimentaire","17":"product_tag-cysteine","18":"product_tag-detox","19":"product_tag-glutathione","20":"product_tag-immunite","21":"product_tag-life-extension","22":"product_tag-maroc","23":"product_tag-sante-cellulaire","24":"product_tag-vitamine-c","26":"first","27":"instock","28":"sale","29":"taxable","30":"shipping-taxable","31":"purchasable","32":"product-type-simple"},"yoast_head":"<!-- This site is optimized with the Yoast SEO plugin v27.3 - https:\/\/yoast.com\/product\/yoast-seo-wordpress\/ -->\n<title>Life Extension Glutathione Cysteine &amp; C 100 Capsule \u2013 Maroc Prix<\/title>\n<meta name=\"description\" content=\"Life Extension Glutathione, Cysteine &amp; C, 100 capsules. Formule antioxydante pour soutenir la d\u00e9toxification et l\u2019immunit\u00e9. Disponible au Maroc.\" \/>\n<meta name=\"robots\" content=\"index, follow, max-snippet:-1, max-image-preview:large, max-video-preview:-1\" \/>\n<link rel=\"canonical\" href=\"https:\/\/vitablanca.ma\/ar\/product-2\/life-extension-glutathione-cysteine-c-100-capsules-maroc-prix\/\" \/>\n<meta property=\"og:locale\" content=\"ar_AR\" \/>\n<meta property=\"og:type\" content=\"article\" \/>\n<meta property=\"og:title\" content=\"Life Extension Glutathione Cysteine &amp; C 100 Capsule \u2013 Maroc Prix\" \/>\n<meta property=\"og:description\" content=\"Life Extension Glutathione, Cysteine &amp; C, 100 capsules. Formule antioxydante pour soutenir la d\u00e9toxification et l\u2019immunit\u00e9. Disponible au Maroc.\" \/>\n<meta property=\"og:url\" content=\"https:\/\/vitablanca.ma\/ar\/product-2\/life-extension-glutathione-cysteine-c-100-capsules-maroc-prix\/\" \/>\n<meta property=\"og:site_name\" content=\"Vitablanca.ma &ndash; Sant&eacute;, vitalit&eacute; et bien-&ecirc;tre pour tous les Marocains\" \/>\n<meta property=\"article:publisher\" content=\"https:\/\/www.facebook.com\/profile.php?id=61576678196717\" \/>\n<meta property=\"article:modified_time\" content=\"2026-03-02T04:15:38+00:00\" \/>\n<meta property=\"og:image\" content=\"https:\/\/vitablanca.ma\/wp-content\/uploads\/2026\/02\/145.jpg\" \/>\n\t<meta property=\"og:image:width\" content=\"1600\" \/>\n\t<meta property=\"og:image:height\" content=\"1600\" \/>\n\t<meta property=\"og:image:type\" content=\"image\/jpeg\" \/>\n<meta name=\"twitter:card\" content=\"summary_large_image\" \/>\n<meta name=\"twitter:label1\" content=\"\u0648\u0642\u062a \u0627\u0644\u0642\u0631\u0627\u0621\u0629 \u0627\u0644\u0645\u064f\u0642\u062f\u0651\u0631\" \/>\n\t<meta name=\"twitter:data1\" content=\"\u062f\u0642\u064a\u0642\u062a\u0627\u0646\" \/>\n<script type=\"application\/ld+json\" class=\"yoast-schema-graph\">{\"@context\":\"https:\\\/\\\/schema.org\",\"@graph\":[{\"@type\":[\"WebPage\",\"ItemPage\"],\"@id\":\"https:\\\/\\\/vitablanca.ma\\\/produit\\\/life-extension-glutathione-cysteine-c-100-capsules-maroc-prix\\\/\",\"url\":\"https:\\\/\\\/vitablanca.ma\\\/produit\\\/life-extension-glutathione-cysteine-c-100-capsules-maroc-prix\\\/\",\"name\":\"Life Extension Glutathione Cysteine & C 100 Capsule \u2013 Maroc Prix\",\"isPartOf\":{\"@id\":\"https:\\\/\\\/vitablanca.ma\\\/#website\"},\"primaryImageOfPage\":{\"@id\":\"https:\\\/\\\/vitablanca.ma\\\/produit\\\/life-extension-glutathione-cysteine-c-100-capsules-maroc-prix\\\/#primaryimage\"},\"image\":{\"@id\":\"https:\\\/\\\/vitablanca.ma\\\/produit\\\/life-extension-glutathione-cysteine-c-100-capsules-maroc-prix\\\/#primaryimage\"},\"thumbnailUrl\":\"https:\\\/\\\/vitablanca.ma\\\/wp-content\\\/uploads\\\/2026\\\/02\\\/145.jpg\",\"datePublished\":\"2026-02-18T23:54:48+00:00\",\"dateModified\":\"2026-03-02T04:15:38+00:00\",\"description\":\"Life Extension Glutathione, Cysteine & C, 100 capsules. Formule antioxydante pour soutenir la d\u00e9toxification et l\u2019immunit\u00e9. Disponible au Maroc.\",\"breadcrumb\":{\"@id\":\"https:\\\/\\\/vitablanca.ma\\\/produit\\\/life-extension-glutathione-cysteine-c-100-capsules-maroc-prix\\\/#breadcrumb\"},\"inLanguage\":\"ar\",\"potentialAction\":[{\"@type\":\"ReadAction\",\"target\":[\"https:\\\/\\\/vitablanca.ma\\\/produit\\\/life-extension-glutathione-cysteine-c-100-capsules-maroc-prix\\\/\"]}]},{\"@type\":\"ImageObject\",\"inLanguage\":\"ar\",\"@id\":\"https:\\\/\\\/vitablanca.ma\\\/produit\\\/life-extension-glutathione-cysteine-c-100-capsules-maroc-prix\\\/#primaryimage\",\"url\":\"https:\\\/\\\/vitablanca.ma\\\/wp-content\\\/uploads\\\/2026\\\/02\\\/145.jpg\",\"contentUrl\":\"https:\\\/\\\/vitablanca.ma\\\/wp-content\\\/uploads\\\/2026\\\/02\\\/145.jpg\",\"width\":1600,\"height\":1600},{\"@type\":\"BreadcrumbList\",\"@id\":\"https:\\\/\\\/vitablanca.ma\\\/produit\\\/life-extension-glutathione-cysteine-c-100-capsules-maroc-prix\\\/#breadcrumb\",\"itemListElement\":[{\"@type\":\"ListItem\",\"position\":1,\"name\":\"Home\",\"item\":\"https:\\\/\\\/vitablanca.ma\\\/\"},{\"@type\":\"ListItem\",\"position\":2,\"name\":\"Tous Les Produits\",\"item\":\"https:\\\/\\\/vitablanca.ma\\\/tous-les-produits\\\/\"},{\"@type\":\"ListItem\",\"position\":3,\"name\":\"Life Extension, Glutathione, Cysteine \u200b\u200b&#038; C, 100 Capsules\"}]},{\"@type\":\"WebSite\",\"@id\":\"https:\\\/\\\/vitablanca.ma\\\/#website\",\"url\":\"https:\\\/\\\/vitablanca.ma\\\/\",\"name\":\"VitaBlanca.ma | Compl\u00e9ments alimentaires, sant\u00e9 & beaut\u00e9 au Maroc\",\"description\":\"vendre vitamines et compl\u00e9ments premium des USA &amp; Canada, Nouvelle Z\u00e9lande,Maroc (NOW Foods, Solgar, Manuka). Livraison rapide partout au Maroc.\",\"publisher\":{\"@id\":\"https:\\\/\\\/vitablanca.ma\\\/#organization\"},\"alternateName\":\"VitaBlanca.ma\",\"potentialAction\":[{\"@type\":\"SearchAction\",\"target\":{\"@type\":\"EntryPoint\",\"urlTemplate\":\"https:\\\/\\\/vitablanca.ma\\\/?s={search_term_string}\"},\"query-input\":{\"@type\":\"PropertyValueSpecification\",\"valueRequired\":true,\"valueName\":\"search_term_string\"}}],\"inLanguage\":\"ar\"},{\"@type\":\"Organization\",\"@id\":\"https:\\\/\\\/vitablanca.ma\\\/#organization\",\"name\":\"VitaBlanca\",\"url\":\"https:\\\/\\\/vitablanca.ma\\\/\",\"logo\":{\"@type\":\"ImageObject\",\"inLanguage\":\"ar\",\"@id\":\"https:\\\/\\\/vitablanca.ma\\\/#\\\/schema\\\/logo\\\/image\\\/\",\"url\":\"https:\\\/\\\/vitablanca.ma\\\/wp-content\\\/uploads\\\/2025\\\/05\\\/cropped-vitablanca.png\",\"contentUrl\":\"https:\\\/\\\/vitablanca.ma\\\/wp-content\\\/uploads\\\/2025\\\/05\\\/cropped-vitablanca.png\",\"width\":360,\"height\":67,\"caption\":\"VitaBlanca\"},\"image\":{\"@id\":\"https:\\\/\\\/vitablanca.ma\\\/#\\\/schema\\\/logo\\\/image\\\/\"},\"sameAs\":[\"https:\\\/\\\/www.facebook.com\\\/profile.php?id=61576678196717\",\"https:\\\/\\\/www.tiktok.com\\\/@vitablanca.ma\",\"https:\\\/\\\/www.instagram.com\\\/vitablanca.ma\\\/\"]}]}<\/script>\n<!-- \/ Yoast SEO plugin. -->","yoast_head_json":{"title":"Life Extension Glutathione Cysteine & C 100 Capsule \u2013 Maroc Prix","description":"Life Extension Glutathione, Cysteine & C, 100 capsules. Formule antioxydante pour soutenir la d\u00e9toxification et l\u2019immunit\u00e9. Disponible au Maroc.","robots":{"index":"index","follow":"follow","max-snippet":"max-snippet:-1","max-image-preview":"max-image-preview:large","max-video-preview":"max-video-preview:-1"},"canonical":"https:\/\/vitablanca.ma\/ar\/product-2\/life-extension-glutathione-cysteine-c-100-capsules-maroc-prix\/","og_locale":"ar_AR","og_type":"article","og_title":"Life Extension Glutathione Cysteine & C 100 Capsule \u2013 Maroc Prix","og_description":"Life Extension Glutathione, Cysteine & C, 100 capsules. Formule antioxydante pour soutenir la d\u00e9toxification et l\u2019immunit\u00e9. Disponible au Maroc.","og_url":"https:\/\/vitablanca.ma\/ar\/product-2\/life-extension-glutathione-cysteine-c-100-capsules-maroc-prix\/","og_site_name":"Vitablanca.ma &ndash; Sant&eacute;, vitalit&eacute; et bien-&ecirc;tre pour tous les Marocains","article_publisher":"https:\/\/www.facebook.com\/profile.php?id=61576678196717","article_modified_time":"2026-03-02T04:15:38+00:00","og_image":[{"width":1600,"height":1600,"url":"https:\/\/vitablanca.ma\/wp-content\/uploads\/2026\/02\/145.jpg","type":"image\/jpeg"}],"twitter_card":"summary_large_image","twitter_misc":{"\u0648\u0642\u062a \u0627\u0644\u0642\u0631\u0627\u0621\u0629 \u0627\u0644\u0645\u064f\u0642\u062f\u0651\u0631":"\u062f\u0642\u064a\u0642\u062a\u0627\u0646"},"schema":{"@context":"https:\/\/schema.org","@graph":[{"@type":["WebPage","ItemPage"],"@id":"https:\/\/vitablanca.ma\/produit\/life-extension-glutathione-cysteine-c-100-capsules-maroc-prix\/","url":"https:\/\/vitablanca.ma\/produit\/life-extension-glutathione-cysteine-c-100-capsules-maroc-prix\/","name":"Life Extension Glutathione Cysteine & C 100 Capsule \u2013 Maroc Prix","isPartOf":{"@id":"https:\/\/vitablanca.ma\/#website"},"primaryImageOfPage":{"@id":"https:\/\/vitablanca.ma\/produit\/life-extension-glutathione-cysteine-c-100-capsules-maroc-prix\/#primaryimage"},"image":{"@id":"https:\/\/vitablanca.ma\/produit\/life-extension-glutathione-cysteine-c-100-capsules-maroc-prix\/#primaryimage"},"thumbnailUrl":"https:\/\/vitablanca.ma\/wp-content\/uploads\/2026\/02\/145.jpg","datePublished":"2026-02-18T23:54:48+00:00","dateModified":"2026-03-02T04:15:38+00:00","description":"Life Extension Glutathione, Cysteine & C, 100 capsules. Formule antioxydante pour soutenir la d\u00e9toxification et l\u2019immunit\u00e9. Disponible au Maroc.","breadcrumb":{"@id":"https:\/\/vitablanca.ma\/produit\/life-extension-glutathione-cysteine-c-100-capsules-maroc-prix\/#breadcrumb"},"inLanguage":"ar","potentialAction":[{"@type":"ReadAction","target":["https:\/\/vitablanca.ma\/produit\/life-extension-glutathione-cysteine-c-100-capsules-maroc-prix\/"]}]},{"@type":"ImageObject","inLanguage":"ar","@id":"https:\/\/vitablanca.ma\/produit\/life-extension-glutathione-cysteine-c-100-capsules-maroc-prix\/#primaryimage","url":"https:\/\/vitablanca.ma\/wp-content\/uploads\/2026\/02\/145.jpg","contentUrl":"https:\/\/vitablanca.ma\/wp-content\/uploads\/2026\/02\/145.jpg","width":1600,"height":1600},{"@type":"BreadcrumbList","@id":"https:\/\/vitablanca.ma\/produit\/life-extension-glutathione-cysteine-c-100-capsules-maroc-prix\/#breadcrumb","itemListElement":[{"@type":"ListItem","position":1,"name":"Home","item":"https:\/\/vitablanca.ma\/"},{"@type":"ListItem","position":2,"name":"Tous Les Produits","item":"https:\/\/vitablanca.ma\/tous-les-produits\/"},{"@type":"ListItem","position":3,"name":"Life Extension, Glutathione, Cysteine \u200b\u200b&#038; C, 100 Capsules"}]},{"@type":"WebSite","@id":"https:\/\/vitablanca.ma\/#website","url":"https:\/\/vitablanca.ma\/","name":"VitaBlanca.ma | \u0627\u0644\u0645\u0643\u0645\u0644\u0627\u062a \u0627\u0644\u063a\u0630\u0627\u0626\u064a\u0629\u060c \u0627\u0644\u0635\u062d\u0629 \u0648\u0627\u0644\u062c\u0645\u0627\u0644 \u0641\u064a \u0627\u0644\u0645\u063a\u0631\u0628","description":"\u0646\u0628\u064a\u0639 \u0641\u064a\u062a\u0627\u0645\u064a\u0646\u0627\u062a \u0648\u0645\u0643\u0645\u0644\u0627\u062a \u063a\u0630\u0627\u0626\u064a\u0629 \u0641\u0627\u062e\u0631\u0629 \u0645\u0646 \u0627\u0644\u0648\u0644\u0627\u064a\u0627\u062a \u0627\u0644\u0645\u062a\u062d\u062f\u0629 \u0627\u0644\u0623\u0645\u0631\u064a\u0643\u064a\u0629 \u0648\u0643\u0646\u062f\u0627 \u0648\u0646\u064a\u0648\u0632\u064a\u0644\u0646\u062f\u0627 \u0648\u0627\u0644\u0645\u063a\u0631\u0628 (\u0646\u0627\u0648 \u0641\u0648\u062f\u0632\u060c \u0633\u0648\u0644\u062c\u0627\u0631\u060c \u0645\u0627\u0646\u0648\u0643\u0627). \u062a\u0648\u0635\u064a\u0644 \u0633\u0631\u064a\u0639 \u0625\u0644\u0649 \u062c\u0645\u064a\u0639 \u0623\u0646\u062d\u0627\u0621 \u0627\u0644\u0645\u063a\u0631\u0628.","publisher":{"@id":"https:\/\/vitablanca.ma\/#organization"},"alternateName":"VitaBlanca.ma","potentialAction":[{"@type":"SearchAction","target":{"@type":"EntryPoint","urlTemplate":"https:\/\/vitablanca.ma\/?s={search_term_string}"},"query-input":{"@type":"PropertyValueSpecification","valueRequired":true,"valueName":"search_term_string"}}],"inLanguage":"ar"},{"@type":"Organization","@id":"https:\/\/vitablanca.ma\/#organization","name":"\u0641\u064a\u062a\u0627\u0628\u0644\u0627\u0646\u0643\u0627","url":"https:\/\/vitablanca.ma\/","logo":{"@type":"ImageObject","inLanguage":"ar","@id":"https:\/\/vitablanca.ma\/#\/schema\/logo\/image\/","url":"https:\/\/vitablanca.ma\/wp-content\/uploads\/2025\/05\/cropped-vitablanca.png","contentUrl":"https:\/\/vitablanca.ma\/wp-content\/uploads\/2025\/05\/cropped-vitablanca.png","width":360,"height":67,"caption":"VitaBlanca"},"image":{"@id":"https:\/\/vitablanca.ma\/#\/schema\/logo\/image\/"},"sameAs":["https:\/\/www.facebook.com\/profile.php?id=61576678196717","https:\/\/www.tiktok.com\/@vitablanca.ma","https:\/\/www.instagram.com\/vitablanca.ma\/"]}]}},"jetpack_sharing_enabled":true,"_links":{"self":[{"href":"https:\/\/vitablanca.ma\/ar\/wp-json\/wp\/v2\/product\/30164","targetHints":{"allow":["GET"]}}],"collection":[{"href":"https:\/\/vitablanca.ma\/ar\/wp-json\/wp\/v2\/product"}],"about":[{"href":"https:\/\/vitablanca.ma\/ar\/wp-json\/wp\/v2\/types\/product"}],"wp:featuredmedia":[{"embeddable":true,"href":"https:\/\/vitablanca.ma\/ar\/wp-json\/wp\/v2\/media\/30165"}],"wp:attachment":[{"href":"https:\/\/vitablanca.ma\/ar\/wp-json\/wp\/v2\/media?parent=30164"}],"wp:term":[{"taxonomy":"product_brand","embeddable":true,"href":"https:\/\/vitablanca.ma\/ar\/wp-json\/wp\/v2\/product_brand?post=30164"},{"taxonomy":"product_cat","embeddable":true,"href":"https:\/\/vitablanca.ma\/ar\/wp-json\/wp\/v2\/product_cat?post=30164"},{"taxonomy":"product_tag","embeddable":true,"href":"https:\/\/vitablanca.ma\/ar\/wp-json\/wp\/v2\/product_tag?post=30164"}],"curies":[{"name":"wp","href":"https:\/\/api.w.org\/{rel}","templated":true}]}}