{"id":30127,"date":"2026-02-17T22:53:29","date_gmt":"2026-02-17T22:53:29","guid":{"rendered":"https:\/\/vitablanca.ma\/?post_type=product&#038;p=30127"},"modified":"2026-03-02T04:15:39","modified_gmt":"2026-03-02T04:15:39","slug":"now-foods-coq-10-30-mg-120-vegetable-capsules-maroc-prix","status":"publish","type":"product","link":"https:\/\/vitablanca.ma\/ar\/product-2\/now-foods-coq-10-30-mg-120-vegetable-capsules-maroc-prix\/","title":{"rendered":"Now Foods CoQ.10, 30 mg, 120 vegetable capsules"},"content":{"rendered":"<div class=\"row item-row\">\n<div class=\"col-xs-24\">\n<div>\n<p>La coenzyme\u00a0Q10 (CoQ10) est un compos\u00e9 de type vitamine qui joue un r\u00f4le central dans la production de l&rsquo;\u00e9nergie cellulaire.La CoQ10 est pr\u00e9sente dans tout le corps, mais elle est particuli\u00e8rement concentr\u00e9e dans le c\u0153ur, le foie et les reins et sa production diminue avec l&rsquo;\u00e2ge.La CoQ10 agit comme un puissant pi\u00e9geur de radicaux libres dans les membranes cellulaires, ainsi que dans les vaisseaux sanguins.Des ann\u00e9es de recherche scientifique ont montr\u00e9 que la CoQ10 aide \u00e0 maintenir la sant\u00e9 du c\u0153ur et du syst\u00e8me vasculaire.<\/p>\n<\/div>\n<\/div>\n<\/div>\n<div class=\"row item-row\">\n<div class=\"col-xs-24\">\n<h3><strong>\u0627\u0644\u0627\u0633\u062a\u062e\u062f\u0627\u0645 \u0627\u0644\u0645\u0642\u062a\u0631\u062d<\/strong><\/h3>\n<div class=\"prodOverviewDetail\">\n<p>Prendre 1 \u00a0capsule 1 \u00e0 3 fois par\u00a0jour avec de la nourriture.<\/p>\n<\/div>\n<\/div>\n<\/div>\n<div class=\"row item-row\">\n<div class=\"col-xs-24\">\n<h3><strong>\u0627\u0644\u0645\u0643\u0648\u0646\u0627\u062a \u0627\u0644\u0623\u062e\u0631\u0649<\/strong><\/h3>\n<div class=\"prodOverviewIngred\">\n<p>Farine de riz et hypromellose (capsule de cellulose).<\/p>\n<p>Non fabriqu\u00e9 avec du bl\u00e9, gluten, soja, ma\u00efs, lait, oeuf, poisson, fruits de mer ou fruits \u00e0 coque.<\/p>\n<p>Produit dans une installation BPF qui traite d\u2019autres ingr\u00e9dients contenant ces allerg\u00e8nes.<\/p>\n<p>La CoQ10 de NOW\u00ae est de qualit\u00e9 pharmaceutique.Les produits CoQ10 de NOW contiennent uniquement la forme naturelle et enti\u00e8rement trans de CoQ10 produite par fermentation.<\/p>\n<\/div>\n<\/div>\n<\/div>\n<div class=\"row item-row\">\n<div class=\"col-xs-24\">\n<h3><strong>\u062a\u062d\u0630\u064a\u0631\u0627\u062a<\/strong><\/h3>\n<div class=\"prodOverviewDetail\">\n<p>Des variations de couleur naturelles peuvent se produire dans ce produit.<\/p>\n<p>Conserver dans un endroit frais et sec apr\u00e8s ouverture.<\/p>\n<p>R\u00e9serv\u00e9 aux adultes. Consultez un m\u00e9decin si vous \u00eates enceinte\/allaitez, si vous prenez des m\u00e9dicaments ou si vous avez un probl\u00e8me de sant\u00e9. Tenir hors de port\u00e9e des enfants.<\/p>\n<table border=\"1\" width=\"100%\" cellspacing=\"0\" cellpadding=\"3\">\n<tbody>\n<tr valign=\"top\">\n<td colspan=\"3\"><strong>Faits sur les suppl\u00e9ments<\/strong><\/td>\n<\/tr>\n<tr valign=\"top\">\n<td colspan=\"3\"><strong>Portion\u00a0:<\/strong>\u00a01\u00a0capsule v\u00e9g\u00e9tale<\/td>\n<\/tr>\n<tr valign=\"top\">\n<td><\/td>\n<td><strong>Quantit\u00e9 par portion<\/strong><\/td>\n<td><strong>% VQ<\/strong><\/td>\n<\/tr>\n<tr valign=\"top\">\n<td>Coenzyme\u00a0Q10 (CoQ10)<\/td>\n<td>30 mg<\/td>\n<td>**<\/td>\n<\/tr>\n<tr valign=\"top\">\n<td colspan=\"3\">**Valeur quotidienne non \u00e9tablie.<\/td>\n<\/tr>\n<\/tbody>\n<\/table>\n<\/div>\n<\/div>\n<\/div>","protected":false},"excerpt":{"rendered":"<ul>\n<li>Sant\u00e9 cardiovasculaire<\/li>\n<li>Favorise la fonction cardiaque<\/li>\n<li>La production d&rsquo;\u00e9nergie cellulaire<\/li>\n<li>Projet sans OGM v\u00e9rifi\u00e9<\/li>\n<li>\u0645\u0643\u0645\u0644 \u063a\u0630\u0627\u0626\u064a<\/li>\n<li>\u0646\u0628\u0627\u062a\u064a\/\u0646\u0628\u0627\u062a\u064a \u0635\u0631\u0641<\/li>\n<li>\u0643\u0648\u0634\u064a\u0631<\/li>\n<li>\u0627\u0644\u0635\u062d\u0629 \u0627\u0644\u0639\u0627\u0645\u0629<\/li>\n<li>\u0634\u0631\u0643\u0629 \u0639\u0627\u0626\u0644\u064a\u0629 \u0645\u0646\u0630 \u0639\u0627\u0645 1968<\/li>\n<li>\u0636\u0645\u0627\u0646 \u0627\u0644\u062c\u0648\u062f\u0629 \u0648\u0641\u0642\u064b\u0627 \u0644\u0645\u0639\u0627\u064a\u064a\u0631 GMP<\/li>\n<\/ul>","protected":false},"featured_media":30128,"template":"","meta":{"om_disable_all_campaigns":false},"product_brand":[83],"product_cat":[7979,18,8893,8967,3366],"product_tag":[9428,441,7003,5214,181,455,965,3492,88,963],"class_list":{"0":"post-30127","1":"product","2":"type-product","3":"status-publish","4":"has-post-thumbnail","6":"product_brand-now-foods-maroc-prix","7":"product_cat-antioxydants-2","8":"product_cat-beaute-sante","9":"product_cat-coenzyme-q10-ubiquinone","10":"product_cat-complements","11":"product_cat-complements-alimentaires-au-maroc-vitablanca","12":"product_tag-30-mg","13":"product_tag-antioxydant","14":"product_tag-capsules-vegetales","15":"product_tag-coenzyme-q10","16":"product_tag-complement-alimentaire","17":"product_tag-coq10","18":"product_tag-energie-cellulaire","19":"product_tag-maroc","20":"product_tag-now-foods","21":"product_tag-sante-du-coeur","23":"first","24":"instock","25":"sale","26":"taxable","27":"shipping-taxable","28":"purchasable","29":"product-type-simple"},"yoast_head":"<!-- This site is optimized with the Yoast SEO plugin v27.3 - https:\/\/yoast.com\/product\/yoast-seo-wordpress\/ -->\n<title>NOW Foods CoQ10 30 mg 120 Capsules V\u00e9g\u00e9tales \u2013 Maroc Prix<\/title>\n<meta name=\"description\" content=\"NOW Foods CoQ10 30 mg, 120 capsules v\u00e9g\u00e9tales. Soutient l\u2019\u00e9nergie cellulaire et la sant\u00e9 cardiovasculaire. Disponible au Maroc.\" \/>\n<meta name=\"robots\" content=\"index, follow, max-snippet:-1, max-image-preview:large, max-video-preview:-1\" \/>\n<link rel=\"canonical\" href=\"https:\/\/vitablanca.ma\/ar\/product-2\/now-foods-coq-10-30-mg-120-vegetable-capsules-maroc-prix\/\" \/>\n<meta property=\"og:locale\" content=\"ar_AR\" \/>\n<meta property=\"og:type\" content=\"article\" \/>\n<meta property=\"og:title\" content=\"NOW Foods CoQ10 30 mg 120 Capsules V\u00e9g\u00e9tales \u2013 Maroc Prix\" \/>\n<meta property=\"og:description\" content=\"NOW Foods CoQ10 30 mg, 120 capsules v\u00e9g\u00e9tales. Soutient l\u2019\u00e9nergie cellulaire et la sant\u00e9 cardiovasculaire. Disponible au Maroc.\" \/>\n<meta property=\"og:url\" content=\"https:\/\/vitablanca.ma\/ar\/product-2\/now-foods-coq-10-30-mg-120-vegetable-capsules-maroc-prix\/\" \/>\n<meta property=\"og:site_name\" content=\"Vitablanca.ma &ndash; Sant&eacute;, vitalit&eacute; et bien-&ecirc;tre pour tous les Marocains\" \/>\n<meta property=\"article:publisher\" content=\"https:\/\/www.facebook.com\/profile.php?id=61576678196717\" \/>\n<meta property=\"article:modified_time\" content=\"2026-03-02T04:15:39+00:00\" \/>\n<meta property=\"og:image\" content=\"https:\/\/vitablanca.ma\/wp-content\/uploads\/2026\/02\/49.jpg\" \/>\n\t<meta property=\"og:image:width\" content=\"1600\" \/>\n\t<meta property=\"og:image:height\" content=\"1600\" \/>\n\t<meta property=\"og:image:type\" content=\"image\/jpeg\" \/>\n<meta name=\"twitter:card\" content=\"summary_large_image\" \/>\n<meta name=\"twitter:label1\" content=\"\u0648\u0642\u062a \u0627\u0644\u0642\u0631\u0627\u0621\u0629 \u0627\u0644\u0645\u064f\u0642\u062f\u0651\u0631\" \/>\n\t<meta name=\"twitter:data1\" content=\"\u062f\u0642\u064a\u0642\u062a\u0627\u0646\" \/>\n<script type=\"application\/ld+json\" class=\"yoast-schema-graph\">{\"@context\":\"https:\\\/\\\/schema.org\",\"@graph\":[{\"@type\":[\"WebPage\",\"ItemPage\"],\"@id\":\"https:\\\/\\\/vitablanca.ma\\\/produit\\\/now-foods-coq-10-30-mg-120-vegetable-capsules-maroc-prix\\\/\",\"url\":\"https:\\\/\\\/vitablanca.ma\\\/produit\\\/now-foods-coq-10-30-mg-120-vegetable-capsules-maroc-prix\\\/\",\"name\":\"NOW Foods CoQ10 30 mg 120 Capsules V\u00e9g\u00e9tales \u2013 Maroc Prix\",\"isPartOf\":{\"@id\":\"https:\\\/\\\/vitablanca.ma\\\/#website\"},\"primaryImageOfPage\":{\"@id\":\"https:\\\/\\\/vitablanca.ma\\\/produit\\\/now-foods-coq-10-30-mg-120-vegetable-capsules-maroc-prix\\\/#primaryimage\"},\"image\":{\"@id\":\"https:\\\/\\\/vitablanca.ma\\\/produit\\\/now-foods-coq-10-30-mg-120-vegetable-capsules-maroc-prix\\\/#primaryimage\"},\"thumbnailUrl\":\"https:\\\/\\\/vitablanca.ma\\\/wp-content\\\/uploads\\\/2026\\\/02\\\/49.jpg\",\"datePublished\":\"2026-02-17T22:53:29+00:00\",\"dateModified\":\"2026-03-02T04:15:39+00:00\",\"description\":\"NOW Foods CoQ10 30 mg, 120 capsules v\u00e9g\u00e9tales. Soutient l\u2019\u00e9nergie cellulaire et la sant\u00e9 cardiovasculaire. Disponible au Maroc.\",\"breadcrumb\":{\"@id\":\"https:\\\/\\\/vitablanca.ma\\\/produit\\\/now-foods-coq-10-30-mg-120-vegetable-capsules-maroc-prix\\\/#breadcrumb\"},\"inLanguage\":\"ar\",\"potentialAction\":[{\"@type\":\"ReadAction\",\"target\":[\"https:\\\/\\\/vitablanca.ma\\\/produit\\\/now-foods-coq-10-30-mg-120-vegetable-capsules-maroc-prix\\\/\"]}]},{\"@type\":\"ImageObject\",\"inLanguage\":\"ar\",\"@id\":\"https:\\\/\\\/vitablanca.ma\\\/produit\\\/now-foods-coq-10-30-mg-120-vegetable-capsules-maroc-prix\\\/#primaryimage\",\"url\":\"https:\\\/\\\/vitablanca.ma\\\/wp-content\\\/uploads\\\/2026\\\/02\\\/49.jpg\",\"contentUrl\":\"https:\\\/\\\/vitablanca.ma\\\/wp-content\\\/uploads\\\/2026\\\/02\\\/49.jpg\",\"width\":1600,\"height\":1600},{\"@type\":\"BreadcrumbList\",\"@id\":\"https:\\\/\\\/vitablanca.ma\\\/produit\\\/now-foods-coq-10-30-mg-120-vegetable-capsules-maroc-prix\\\/#breadcrumb\",\"itemListElement\":[{\"@type\":\"ListItem\",\"position\":1,\"name\":\"Home\",\"item\":\"https:\\\/\\\/vitablanca.ma\\\/\"},{\"@type\":\"ListItem\",\"position\":2,\"name\":\"Tous Les Produits\",\"item\":\"https:\\\/\\\/vitablanca.ma\\\/tous-les-produits\\\/\"},{\"@type\":\"ListItem\",\"position\":3,\"name\":\"Now Foods CoQ.10, 30 mg, 120 vegetable capsules\"}]},{\"@type\":\"WebSite\",\"@id\":\"https:\\\/\\\/vitablanca.ma\\\/#website\",\"url\":\"https:\\\/\\\/vitablanca.ma\\\/\",\"name\":\"VitaBlanca.ma | Compl\u00e9ments alimentaires, sant\u00e9 & beaut\u00e9 au Maroc\",\"description\":\"vendre vitamines et compl\u00e9ments premium des USA &amp; Canada, Nouvelle Z\u00e9lande,Maroc (NOW Foods, Solgar, Manuka). Livraison rapide partout au Maroc.\",\"publisher\":{\"@id\":\"https:\\\/\\\/vitablanca.ma\\\/#organization\"},\"alternateName\":\"VitaBlanca.ma\",\"potentialAction\":[{\"@type\":\"SearchAction\",\"target\":{\"@type\":\"EntryPoint\",\"urlTemplate\":\"https:\\\/\\\/vitablanca.ma\\\/?s={search_term_string}\"},\"query-input\":{\"@type\":\"PropertyValueSpecification\",\"valueRequired\":true,\"valueName\":\"search_term_string\"}}],\"inLanguage\":\"ar\"},{\"@type\":\"Organization\",\"@id\":\"https:\\\/\\\/vitablanca.ma\\\/#organization\",\"name\":\"VitaBlanca\",\"url\":\"https:\\\/\\\/vitablanca.ma\\\/\",\"logo\":{\"@type\":\"ImageObject\",\"inLanguage\":\"ar\",\"@id\":\"https:\\\/\\\/vitablanca.ma\\\/#\\\/schema\\\/logo\\\/image\\\/\",\"url\":\"https:\\\/\\\/vitablanca.ma\\\/wp-content\\\/uploads\\\/2025\\\/05\\\/cropped-vitablanca.png\",\"contentUrl\":\"https:\\\/\\\/vitablanca.ma\\\/wp-content\\\/uploads\\\/2025\\\/05\\\/cropped-vitablanca.png\",\"width\":360,\"height\":67,\"caption\":\"VitaBlanca\"},\"image\":{\"@id\":\"https:\\\/\\\/vitablanca.ma\\\/#\\\/schema\\\/logo\\\/image\\\/\"},\"sameAs\":[\"https:\\\/\\\/www.facebook.com\\\/profile.php?id=61576678196717\",\"https:\\\/\\\/www.tiktok.com\\\/@vitablanca.ma\",\"https:\\\/\\\/www.instagram.com\\\/vitablanca.ma\\\/\"]}]}<\/script>\n<!-- \/ Yoast SEO plugin. -->","yoast_head_json":{"title":"NOW Foods CoQ10 30 mg 120 Capsules V\u00e9g\u00e9tales \u2013 Maroc Prix","description":"NOW Foods CoQ10 30 mg, 120 capsules v\u00e9g\u00e9tales. Soutient l\u2019\u00e9nergie cellulaire et la sant\u00e9 cardiovasculaire. Disponible au Maroc.","robots":{"index":"index","follow":"follow","max-snippet":"max-snippet:-1","max-image-preview":"max-image-preview:large","max-video-preview":"max-video-preview:-1"},"canonical":"https:\/\/vitablanca.ma\/ar\/product-2\/now-foods-coq-10-30-mg-120-vegetable-capsules-maroc-prix\/","og_locale":"ar_AR","og_type":"article","og_title":"NOW Foods CoQ10 30 mg 120 Capsules V\u00e9g\u00e9tales \u2013 Maroc Prix","og_description":"NOW Foods CoQ10 30 mg, 120 capsules v\u00e9g\u00e9tales. Soutient l\u2019\u00e9nergie cellulaire et la sant\u00e9 cardiovasculaire. Disponible au Maroc.","og_url":"https:\/\/vitablanca.ma\/ar\/product-2\/now-foods-coq-10-30-mg-120-vegetable-capsules-maroc-prix\/","og_site_name":"Vitablanca.ma &ndash; Sant&eacute;, vitalit&eacute; et bien-&ecirc;tre pour tous les Marocains","article_publisher":"https:\/\/www.facebook.com\/profile.php?id=61576678196717","article_modified_time":"2026-03-02T04:15:39+00:00","og_image":[{"width":1600,"height":1600,"url":"https:\/\/vitablanca.ma\/wp-content\/uploads\/2026\/02\/49.jpg","type":"image\/jpeg"}],"twitter_card":"summary_large_image","twitter_misc":{"\u0648\u0642\u062a \u0627\u0644\u0642\u0631\u0627\u0621\u0629 \u0627\u0644\u0645\u064f\u0642\u062f\u0651\u0631":"\u062f\u0642\u064a\u0642\u062a\u0627\u0646"},"schema":{"@context":"https:\/\/schema.org","@graph":[{"@type":["WebPage","ItemPage"],"@id":"https:\/\/vitablanca.ma\/produit\/now-foods-coq-10-30-mg-120-vegetable-capsules-maroc-prix\/","url":"https:\/\/vitablanca.ma\/produit\/now-foods-coq-10-30-mg-120-vegetable-capsules-maroc-prix\/","name":"NOW Foods CoQ10 30 mg 120 Capsules V\u00e9g\u00e9tales \u2013 Maroc Prix","isPartOf":{"@id":"https:\/\/vitablanca.ma\/#website"},"primaryImageOfPage":{"@id":"https:\/\/vitablanca.ma\/produit\/now-foods-coq-10-30-mg-120-vegetable-capsules-maroc-prix\/#primaryimage"},"image":{"@id":"https:\/\/vitablanca.ma\/produit\/now-foods-coq-10-30-mg-120-vegetable-capsules-maroc-prix\/#primaryimage"},"thumbnailUrl":"https:\/\/vitablanca.ma\/wp-content\/uploads\/2026\/02\/49.jpg","datePublished":"2026-02-17T22:53:29+00:00","dateModified":"2026-03-02T04:15:39+00:00","description":"NOW Foods CoQ10 30 mg, 120 capsules v\u00e9g\u00e9tales. Soutient l\u2019\u00e9nergie cellulaire et la sant\u00e9 cardiovasculaire. Disponible au Maroc.","breadcrumb":{"@id":"https:\/\/vitablanca.ma\/produit\/now-foods-coq-10-30-mg-120-vegetable-capsules-maroc-prix\/#breadcrumb"},"inLanguage":"ar","potentialAction":[{"@type":"ReadAction","target":["https:\/\/vitablanca.ma\/produit\/now-foods-coq-10-30-mg-120-vegetable-capsules-maroc-prix\/"]}]},{"@type":"ImageObject","inLanguage":"ar","@id":"https:\/\/vitablanca.ma\/produit\/now-foods-coq-10-30-mg-120-vegetable-capsules-maroc-prix\/#primaryimage","url":"https:\/\/vitablanca.ma\/wp-content\/uploads\/2026\/02\/49.jpg","contentUrl":"https:\/\/vitablanca.ma\/wp-content\/uploads\/2026\/02\/49.jpg","width":1600,"height":1600},{"@type":"BreadcrumbList","@id":"https:\/\/vitablanca.ma\/produit\/now-foods-coq-10-30-mg-120-vegetable-capsules-maroc-prix\/#breadcrumb","itemListElement":[{"@type":"ListItem","position":1,"name":"Home","item":"https:\/\/vitablanca.ma\/"},{"@type":"ListItem","position":2,"name":"Tous Les Produits","item":"https:\/\/vitablanca.ma\/tous-les-produits\/"},{"@type":"ListItem","position":3,"name":"Now Foods CoQ.10, 30 mg, 120 vegetable capsules"}]},{"@type":"WebSite","@id":"https:\/\/vitablanca.ma\/#website","url":"https:\/\/vitablanca.ma\/","name":"VitaBlanca.ma | \u0627\u0644\u0645\u0643\u0645\u0644\u0627\u062a \u0627\u0644\u063a\u0630\u0627\u0626\u064a\u0629\u060c \u0627\u0644\u0635\u062d\u0629 \u0648\u0627\u0644\u062c\u0645\u0627\u0644 \u0641\u064a \u0627\u0644\u0645\u063a\u0631\u0628","description":"\u0646\u0628\u064a\u0639 \u0641\u064a\u062a\u0627\u0645\u064a\u0646\u0627\u062a \u0648\u0645\u0643\u0645\u0644\u0627\u062a \u063a\u0630\u0627\u0626\u064a\u0629 \u0641\u0627\u062e\u0631\u0629 \u0645\u0646 \u0627\u0644\u0648\u0644\u0627\u064a\u0627\u062a \u0627\u0644\u0645\u062a\u062d\u062f\u0629 \u0627\u0644\u0623\u0645\u0631\u064a\u0643\u064a\u0629 \u0648\u0643\u0646\u062f\u0627 \u0648\u0646\u064a\u0648\u0632\u064a\u0644\u0646\u062f\u0627 \u0648\u0627\u0644\u0645\u063a\u0631\u0628 (\u0646\u0627\u0648 \u0641\u0648\u062f\u0632\u060c \u0633\u0648\u0644\u062c\u0627\u0631\u060c \u0645\u0627\u0646\u0648\u0643\u0627). \u062a\u0648\u0635\u064a\u0644 \u0633\u0631\u064a\u0639 \u0625\u0644\u0649 \u062c\u0645\u064a\u0639 \u0623\u0646\u062d\u0627\u0621 \u0627\u0644\u0645\u063a\u0631\u0628.","publisher":{"@id":"https:\/\/vitablanca.ma\/#organization"},"alternateName":"VitaBlanca.ma","potentialAction":[{"@type":"SearchAction","target":{"@type":"EntryPoint","urlTemplate":"https:\/\/vitablanca.ma\/?s={search_term_string}"},"query-input":{"@type":"PropertyValueSpecification","valueRequired":true,"valueName":"search_term_string"}}],"inLanguage":"ar"},{"@type":"Organization","@id":"https:\/\/vitablanca.ma\/#organization","name":"\u0641\u064a\u062a\u0627\u0628\u0644\u0627\u0646\u0643\u0627","url":"https:\/\/vitablanca.ma\/","logo":{"@type":"ImageObject","inLanguage":"ar","@id":"https:\/\/vitablanca.ma\/#\/schema\/logo\/image\/","url":"https:\/\/vitablanca.ma\/wp-content\/uploads\/2025\/05\/cropped-vitablanca.png","contentUrl":"https:\/\/vitablanca.ma\/wp-content\/uploads\/2025\/05\/cropped-vitablanca.png","width":360,"height":67,"caption":"VitaBlanca"},"image":{"@id":"https:\/\/vitablanca.ma\/#\/schema\/logo\/image\/"},"sameAs":["https:\/\/www.facebook.com\/profile.php?id=61576678196717","https:\/\/www.tiktok.com\/@vitablanca.ma","https:\/\/www.instagram.com\/vitablanca.ma\/"]}]}},"jetpack_sharing_enabled":true,"_links":{"self":[{"href":"https:\/\/vitablanca.ma\/ar\/wp-json\/wp\/v2\/product\/30127","targetHints":{"allow":["GET"]}}],"collection":[{"href":"https:\/\/vitablanca.ma\/ar\/wp-json\/wp\/v2\/product"}],"about":[{"href":"https:\/\/vitablanca.ma\/ar\/wp-json\/wp\/v2\/types\/product"}],"wp:featuredmedia":[{"embeddable":true,"href":"https:\/\/vitablanca.ma\/ar\/wp-json\/wp\/v2\/media\/30128"}],"wp:attachment":[{"href":"https:\/\/vitablanca.ma\/ar\/wp-json\/wp\/v2\/media?parent=30127"}],"wp:term":[{"taxonomy":"product_brand","embeddable":true,"href":"https:\/\/vitablanca.ma\/ar\/wp-json\/wp\/v2\/product_brand?post=30127"},{"taxonomy":"product_cat","embeddable":true,"href":"https:\/\/vitablanca.ma\/ar\/wp-json\/wp\/v2\/product_cat?post=30127"},{"taxonomy":"product_tag","embeddable":true,"href":"https:\/\/vitablanca.ma\/ar\/wp-json\/wp\/v2\/product_tag?post=30127"}],"curies":[{"name":"wp","href":"https:\/\/api.w.org\/{rel}","templated":true}]}}