{"id":30108,"date":"2026-02-17T22:01:56","date_gmt":"2026-02-17T22:01:56","guid":{"rendered":"https:\/\/vitablanca.ma\/?post_type=product&#038;p=30108"},"modified":"2026-03-02T04:15:39","modified_gmt":"2026-03-02T04:15:39","slug":"futurebiotics-vitamin-d3-250-%c2%b5g-10000-iu-360-tablets-maroc-prix","status":"publish","type":"product","link":"https:\/\/vitablanca.ma\/ar\/product-2\/futurebiotics-vitamin-d3-250-%c2%b5g-10000-iu-360-tablets-maroc-prix\/","title":{"rendered":"FutureBiotics Vitamin D3, 250 \u00b5g (10,000 IU), 360 tablets"},"content":{"rendered":"<div class=\"row item-row\">\n<div class=\"col-xs-24\">\n<div>\n<p>La vitamine D3 de Futurebiotics fournit 10 000 UI de vitamine D3 puissante par comprim\u00e9. Comme la vitamine D se forme naturellement dans le corps directement \u00e0 partir de l&rsquo;exposition au soleil, ses niveaux peuvent \u00eatre facilement perturb\u00e9s si notre temps en plein air est limit\u00e9. La vitamine D3 de Futurebiotics fournit la m\u00eame forme de vitamine D que celle que nous obtenons du soleil et permet un r\u00e9approvisionnement quotidien pr\u00e9cieux pour maintenir une bonne sant\u00e9 globale.<\/p>\n<\/div>\n<\/div>\n<\/div>\n<div class=\"row item-row\">\n<div class=\"col-xs-24\">\n<h3><strong>\u0627\u0644\u0627\u0633\u062a\u062e\u062f\u0627\u0645 \u0627\u0644\u0645\u0642\u062a\u0631\u062d<\/strong><\/h3>\n<div class=\"prodOverviewDetail\">\n<p>En compl\u00e9ment alimentaire chez l&rsquo;adulte, prenez 1 comprim\u00e9 par jour, de pr\u00e9f\u00e9rence durant un repas ou tel que prescrit par un professionnel de la sant\u00e9.<\/p>\n<\/div>\n<\/div>\n<\/div>\n<div class=\"row item-row\">\n<div class=\"col-xs-24\">\n<h3><strong>\u0627\u0644\u0645\u0643\u0648\u0646\u0627\u062a \u0627\u0644\u0623\u062e\u0631\u0649<\/strong><\/h3>\n<div class=\"prodOverviewIngred\">\n<p>Cellulose microcristalline, acide st\u00e9arique, croscarmellose sodique, st\u00e9arate de magn\u00e9sium, dioxyde de silicium, hydroxypropylm\u00e9thylcellulose, poly\u00e9thyl\u00e8ne glycol.<\/p>\n<\/div>\n<\/div>\n<\/div>\n<div class=\"row item-row\">\n<div class=\"col-xs-24\">\n<h3><strong>\u062a\u062d\u0630\u064a\u0631\u0627\u062a<\/strong><\/h3>\n<div class=\"prodOverviewDetail\">\n<p id=\"isPasted\">Ne pas consommer ce produit si vous \u00eates enceinte ou si vous allaitez.<\/p>\n<p>Si vous prenez des m\u00e9dicaments ou souffrez d&rsquo;une affection m\u00e9dicale, consultez un professionnel de la sant\u00e9 avant de prendre ce produit.<\/p>\n<p>Ne pas d\u00e9passer le dosage recommand\u00e9.<\/p>\n<p>Cesser l&rsquo;utilisation et consulter un professionnel de la sant\u00e9 en cas d&rsquo;effets ind\u00e9sirables.<\/p>\n<p>Ne pas utiliser si l&rsquo;opercule sous le couvercle est perc\u00e9 ou manquant.<\/p>\n<p>\u00c0 conserver \u00e0 temp\u00e9rature ambiante. Tenir hors de port\u00e9e des enfants. \u00c0 conserver \u00e0 l&rsquo;abri de la lumi\u00e8re.<\/p>\n<table border=\"1\" width=\"100%\" cellspacing=\"0\" cellpadding=\"3\">\n<tbody>\n<tr align=\"left\" valign=\"top\">\n<td colspan=\"3\"><strong>\u0645\u0644\u0643\u064a\u0627\u062a<\/strong><\/td>\n<\/tr>\n<tr align=\"left\" valign=\"top\">\n<td colspan=\"3\"><strong>Portion\u00a0:\u00a0<\/strong>1\u00a0comprim\u00e9<\/td>\n<\/tr>\n<tr align=\"left\" valign=\"top\">\n<td colspan=\"3\"><strong>Portions par contenant\u00a0:\u00a0<\/strong>360<\/td>\n<\/tr>\n<tr align=\"left\" valign=\"top\">\n<td><\/td>\n<td><strong>Quantit\u00e9 par portion<\/strong><\/td>\n<td><strong>%\u00a0d&rsquo;apport journalier<\/strong><\/td>\n<\/tr>\n<tr align=\"left\" valign=\"top\">\n<td>\u0641\u064a\u062a\u0627\u0645\u064a\u0646 \u062f3<br \/>\n(sous forme de chol\u00e9calcif\u00e9rol)<\/td>\n<td>250\u00a0\u00b5g (10\u00a0000\u00a0UI)<\/td>\n<td>1250\u00a0%<\/td>\n<\/tr>\n<\/tbody>\n<\/table>\n<\/div>\n<\/div>\n<\/div>","protected":false},"excerpt":{"rendered":"<ul id=\"isPasted\">\n<li>Haute efficacit\u00e9<\/li>\n<li>\u062e\u0627\u0644\u064a \u0645\u0646 \u0627\u0644\u063a\u0644\u0648\u062a\u064a\u0646 \u0648\u0627\u0644\u0635\u0648\u064a\u0627<\/li>\n<li>\u0627\u0644\u0645\u0646\u062a\u062c \u062a\u0645 \u0627\u062e\u062a\u0628\u0627\u0631\u0647 \u0641\u064a \u0627\u0644\u0645\u062e\u062a\u0628\u0631<\/li>\n<li>\u062e\u0627\u0644\u064a\u0629 \u0645\u0646 \u0627\u0644\u0643\u0627\u0626\u0646\u0627\u062a \u0627\u0644\u0645\u0639\u062f\u0644\u0629 \u0648\u0631\u0627\u062b\u064a\u064b\u0627<\/li>\n<li>\u0645\u0643\u0645\u0644 \u063a\u0630\u0627\u0626\u064a<\/li>\n<li>BPF &#8211; Bonnes Pratiques de Fabrication<\/li>\n<\/ul>","protected":false},"featured_media":30109,"template":"","meta":{"om_disable_all_campaigns":false},"product_brand":[3895],"product_cat":[18,8967,3366,7962,7963],"product_tag":[9416,9417,9418,299,181,8942,1780,3492,929,153],"class_list":{"0":"post-30108","1":"product","2":"type-product","3":"status-publish","4":"has-post-thumbnail","6":"product_brand-futurebiotics","7":"product_cat-beaute-sante","8":"product_cat-complements","9":"product_cat-complements-alimentaires-au-maroc-vitablanca","10":"product_cat-vitamine-d-2","11":"product_cat-vitamines-2","12":"product_tag-10000-iu","13":"product_tag-250-g","14":"product_tag-360-comprimes","15":"product_tag-calcium","16":"product_tag-complement-alimentaire","17":"product_tag-futurebiotics","18":"product_tag-immunite","19":"product_tag-maroc","20":"product_tag-sante-des-os","21":"product_tag-vitamine-d3","23":"first","24":"instock","25":"sale","26":"taxable","27":"shipping-taxable","28":"purchasable","29":"product-type-simple"},"yoast_head":"<!-- This site is optimized with the Yoast SEO plugin v27.3 - https:\/\/yoast.com\/product\/yoast-seo-wordpress\/ -->\n<title>FutureBiotics Vitamin D3 10,000 IU 360 Comprim\u00e9s \u2013 Maroc Prix<\/title>\n<meta name=\"description\" content=\"FutureBiotics Vitamine D3 250 \u00b5g (10,000 IU), 360 comprim\u00e9s. Soutient l\u2019immunit\u00e9, les os et l\u2019absorption du calcium. Disponible au Maroc.\" \/>\n<meta name=\"robots\" content=\"index, follow, max-snippet:-1, max-image-preview:large, max-video-preview:-1\" \/>\n<link rel=\"canonical\" href=\"https:\/\/vitablanca.ma\/ar\/product-2\/futurebiotics-vitamin-d3-250-\u00b5g-10000-iu-360-tablets-maroc-prix\/\" \/>\n<meta property=\"og:locale\" content=\"ar_AR\" \/>\n<meta property=\"og:type\" content=\"article\" \/>\n<meta property=\"og:title\" content=\"FutureBiotics Vitamin D3 10,000 IU 360 Comprim\u00e9s \u2013 Maroc Prix\" \/>\n<meta property=\"og:description\" content=\"FutureBiotics Vitamine D3 250 \u00b5g (10,000 IU), 360 comprim\u00e9s. Soutient l\u2019immunit\u00e9, les os et l\u2019absorption du calcium. Disponible au Maroc.\" \/>\n<meta property=\"og:url\" content=\"https:\/\/vitablanca.ma\/ar\/product-2\/futurebiotics-vitamin-d3-250-\u00b5g-10000-iu-360-tablets-maroc-prix\/\" \/>\n<meta property=\"og:site_name\" content=\"Vitablanca.ma &ndash; Sant&eacute;, vitalit&eacute; et bien-&ecirc;tre pour tous les Marocains\" \/>\n<meta property=\"article:publisher\" content=\"https:\/\/www.facebook.com\/profile.php?id=61576678196717\" \/>\n<meta property=\"article:modified_time\" content=\"2026-03-02T04:15:39+00:00\" \/>\n<meta property=\"og:image\" content=\"https:\/\/vitablanca.ma\/wp-content\/uploads\/2026\/02\/FutureBiotics-Vitamin-D3-250-\u00b5g-10000-IU-360-tablets1-2.jpg\" \/>\n\t<meta property=\"og:image:width\" content=\"1600\" \/>\n\t<meta property=\"og:image:height\" content=\"1600\" \/>\n\t<meta property=\"og:image:type\" content=\"image\/jpeg\" \/>\n<meta name=\"twitter:card\" content=\"summary_large_image\" \/>\n<meta name=\"twitter:label1\" content=\"\u0648\u0642\u062a \u0627\u0644\u0642\u0631\u0627\u0621\u0629 \u0627\u0644\u0645\u064f\u0642\u062f\u0651\u0631\" \/>\n\t<meta name=\"twitter:data1\" content=\"\u062f\u0642\u064a\u0642\u062a\u0627\u0646\" \/>\n<script type=\"application\/ld+json\" class=\"yoast-schema-graph\">{\"@context\":\"https:\\\/\\\/schema.org\",\"@graph\":[{\"@type\":[\"WebPage\",\"ItemPage\"],\"@id\":\"https:\\\/\\\/vitablanca.ma\\\/produit\\\/futurebiotics-vitamin-d3-250-%c2%b5g-10000-iu-360-tablets-maroc-prix\\\/\",\"url\":\"https:\\\/\\\/vitablanca.ma\\\/produit\\\/futurebiotics-vitamin-d3-250-%c2%b5g-10000-iu-360-tablets-maroc-prix\\\/\",\"name\":\"FutureBiotics Vitamin D3 10,000 IU 360 Comprim\u00e9s \u2013 Maroc Prix\",\"isPartOf\":{\"@id\":\"https:\\\/\\\/vitablanca.ma\\\/#website\"},\"primaryImageOfPage\":{\"@id\":\"https:\\\/\\\/vitablanca.ma\\\/produit\\\/futurebiotics-vitamin-d3-250-%c2%b5g-10000-iu-360-tablets-maroc-prix\\\/#primaryimage\"},\"image\":{\"@id\":\"https:\\\/\\\/vitablanca.ma\\\/produit\\\/futurebiotics-vitamin-d3-250-%c2%b5g-10000-iu-360-tablets-maroc-prix\\\/#primaryimage\"},\"thumbnailUrl\":\"https:\\\/\\\/vitablanca.ma\\\/wp-content\\\/uploads\\\/2026\\\/02\\\/FutureBiotics-Vitamin-D3-250-\u00b5g-10000-IU-360-tablets1-2.jpg\",\"datePublished\":\"2026-02-17T22:01:56+00:00\",\"dateModified\":\"2026-03-02T04:15:39+00:00\",\"description\":\"FutureBiotics Vitamine D3 250 \u00b5g (10,000 IU), 360 comprim\u00e9s. Soutient l\u2019immunit\u00e9, les os et l\u2019absorption du calcium. Disponible au Maroc.\",\"breadcrumb\":{\"@id\":\"https:\\\/\\\/vitablanca.ma\\\/produit\\\/futurebiotics-vitamin-d3-250-%c2%b5g-10000-iu-360-tablets-maroc-prix\\\/#breadcrumb\"},\"inLanguage\":\"ar\",\"potentialAction\":[{\"@type\":\"ReadAction\",\"target\":[\"https:\\\/\\\/vitablanca.ma\\\/produit\\\/futurebiotics-vitamin-d3-250-%c2%b5g-10000-iu-360-tablets-maroc-prix\\\/\"]}]},{\"@type\":\"ImageObject\",\"inLanguage\":\"ar\",\"@id\":\"https:\\\/\\\/vitablanca.ma\\\/produit\\\/futurebiotics-vitamin-d3-250-%c2%b5g-10000-iu-360-tablets-maroc-prix\\\/#primaryimage\",\"url\":\"https:\\\/\\\/vitablanca.ma\\\/wp-content\\\/uploads\\\/2026\\\/02\\\/FutureBiotics-Vitamin-D3-250-\u00b5g-10000-IU-360-tablets1-2.jpg\",\"contentUrl\":\"https:\\\/\\\/vitablanca.ma\\\/wp-content\\\/uploads\\\/2026\\\/02\\\/FutureBiotics-Vitamin-D3-250-\u00b5g-10000-IU-360-tablets1-2.jpg\",\"width\":1600,\"height\":1600},{\"@type\":\"BreadcrumbList\",\"@id\":\"https:\\\/\\\/vitablanca.ma\\\/produit\\\/futurebiotics-vitamin-d3-250-%c2%b5g-10000-iu-360-tablets-maroc-prix\\\/#breadcrumb\",\"itemListElement\":[{\"@type\":\"ListItem\",\"position\":1,\"name\":\"Home\",\"item\":\"https:\\\/\\\/vitablanca.ma\\\/\"},{\"@type\":\"ListItem\",\"position\":2,\"name\":\"Tous Les Produits\",\"item\":\"https:\\\/\\\/vitablanca.ma\\\/tous-les-produits\\\/\"},{\"@type\":\"ListItem\",\"position\":3,\"name\":\"FutureBiotics Vitamin D3, 250 \u00b5g (10,000 IU), 360 tablets\"}]},{\"@type\":\"WebSite\",\"@id\":\"https:\\\/\\\/vitablanca.ma\\\/#website\",\"url\":\"https:\\\/\\\/vitablanca.ma\\\/\",\"name\":\"VitaBlanca.ma | Compl\u00e9ments alimentaires, sant\u00e9 & beaut\u00e9 au Maroc\",\"description\":\"vendre vitamines et compl\u00e9ments premium des USA &amp; Canada, Nouvelle Z\u00e9lande,Maroc (NOW Foods, Solgar, Manuka). Livraison rapide partout au Maroc.\",\"publisher\":{\"@id\":\"https:\\\/\\\/vitablanca.ma\\\/#organization\"},\"alternateName\":\"VitaBlanca.ma\",\"potentialAction\":[{\"@type\":\"SearchAction\",\"target\":{\"@type\":\"EntryPoint\",\"urlTemplate\":\"https:\\\/\\\/vitablanca.ma\\\/?s={search_term_string}\"},\"query-input\":{\"@type\":\"PropertyValueSpecification\",\"valueRequired\":true,\"valueName\":\"search_term_string\"}}],\"inLanguage\":\"ar\"},{\"@type\":\"Organization\",\"@id\":\"https:\\\/\\\/vitablanca.ma\\\/#organization\",\"name\":\"VitaBlanca\",\"url\":\"https:\\\/\\\/vitablanca.ma\\\/\",\"logo\":{\"@type\":\"ImageObject\",\"inLanguage\":\"ar\",\"@id\":\"https:\\\/\\\/vitablanca.ma\\\/#\\\/schema\\\/logo\\\/image\\\/\",\"url\":\"https:\\\/\\\/vitablanca.ma\\\/wp-content\\\/uploads\\\/2025\\\/05\\\/cropped-vitablanca.png\",\"contentUrl\":\"https:\\\/\\\/vitablanca.ma\\\/wp-content\\\/uploads\\\/2025\\\/05\\\/cropped-vitablanca.png\",\"width\":360,\"height\":67,\"caption\":\"VitaBlanca\"},\"image\":{\"@id\":\"https:\\\/\\\/vitablanca.ma\\\/#\\\/schema\\\/logo\\\/image\\\/\"},\"sameAs\":[\"https:\\\/\\\/www.facebook.com\\\/profile.php?id=61576678196717\",\"https:\\\/\\\/www.tiktok.com\\\/@vitablanca.ma\",\"https:\\\/\\\/www.instagram.com\\\/vitablanca.ma\\\/\"]}]}<\/script>\n<!-- \/ Yoast SEO plugin. -->","yoast_head_json":{"title":"FutureBiotics Vitamin D3 10,000 IU 360 Comprim\u00e9s \u2013 Maroc Prix","description":"FutureBiotics Vitamine D3 250 \u00b5g (10,000 IU), 360 comprim\u00e9s. Soutient l\u2019immunit\u00e9, les os et l\u2019absorption du calcium. Disponible au Maroc.","robots":{"index":"index","follow":"follow","max-snippet":"max-snippet:-1","max-image-preview":"max-image-preview:large","max-video-preview":"max-video-preview:-1"},"canonical":"https:\/\/vitablanca.ma\/ar\/product-2\/futurebiotics-vitamin-d3-250-\u00b5g-10000-iu-360-tablets-maroc-prix\/","og_locale":"ar_AR","og_type":"article","og_title":"FutureBiotics Vitamin D3 10,000 IU 360 Comprim\u00e9s \u2013 Maroc Prix","og_description":"FutureBiotics Vitamine D3 250 \u00b5g (10,000 IU), 360 comprim\u00e9s. Soutient l\u2019immunit\u00e9, les os et l\u2019absorption du calcium. Disponible au Maroc.","og_url":"https:\/\/vitablanca.ma\/ar\/product-2\/futurebiotics-vitamin-d3-250-\u00b5g-10000-iu-360-tablets-maroc-prix\/","og_site_name":"Vitablanca.ma &ndash; Sant&eacute;, vitalit&eacute; et bien-&ecirc;tre pour tous les Marocains","article_publisher":"https:\/\/www.facebook.com\/profile.php?id=61576678196717","article_modified_time":"2026-03-02T04:15:39+00:00","og_image":[{"width":1600,"height":1600,"url":"https:\/\/vitablanca.ma\/wp-content\/uploads\/2026\/02\/FutureBiotics-Vitamin-D3-250-\u00b5g-10000-IU-360-tablets1-2.jpg","type":"image\/jpeg"}],"twitter_card":"summary_large_image","twitter_misc":{"\u0648\u0642\u062a \u0627\u0644\u0642\u0631\u0627\u0621\u0629 \u0627\u0644\u0645\u064f\u0642\u062f\u0651\u0631":"\u062f\u0642\u064a\u0642\u062a\u0627\u0646"},"schema":{"@context":"https:\/\/schema.org","@graph":[{"@type":["WebPage","ItemPage"],"@id":"https:\/\/vitablanca.ma\/produit\/futurebiotics-vitamin-d3-250-%c2%b5g-10000-iu-360-tablets-maroc-prix\/","url":"https:\/\/vitablanca.ma\/produit\/futurebiotics-vitamin-d3-250-%c2%b5g-10000-iu-360-tablets-maroc-prix\/","name":"FutureBiotics Vitamin D3 10,000 IU 360 Comprim\u00e9s \u2013 Maroc Prix","isPartOf":{"@id":"https:\/\/vitablanca.ma\/#website"},"primaryImageOfPage":{"@id":"https:\/\/vitablanca.ma\/produit\/futurebiotics-vitamin-d3-250-%c2%b5g-10000-iu-360-tablets-maroc-prix\/#primaryimage"},"image":{"@id":"https:\/\/vitablanca.ma\/produit\/futurebiotics-vitamin-d3-250-%c2%b5g-10000-iu-360-tablets-maroc-prix\/#primaryimage"},"thumbnailUrl":"https:\/\/vitablanca.ma\/wp-content\/uploads\/2026\/02\/FutureBiotics-Vitamin-D3-250-\u00b5g-10000-IU-360-tablets1-2.jpg","datePublished":"2026-02-17T22:01:56+00:00","dateModified":"2026-03-02T04:15:39+00:00","description":"FutureBiotics Vitamine D3 250 \u00b5g (10,000 IU), 360 comprim\u00e9s. Soutient l\u2019immunit\u00e9, les os et l\u2019absorption du calcium. Disponible au Maroc.","breadcrumb":{"@id":"https:\/\/vitablanca.ma\/produit\/futurebiotics-vitamin-d3-250-%c2%b5g-10000-iu-360-tablets-maroc-prix\/#breadcrumb"},"inLanguage":"ar","potentialAction":[{"@type":"ReadAction","target":["https:\/\/vitablanca.ma\/produit\/futurebiotics-vitamin-d3-250-%c2%b5g-10000-iu-360-tablets-maroc-prix\/"]}]},{"@type":"ImageObject","inLanguage":"ar","@id":"https:\/\/vitablanca.ma\/produit\/futurebiotics-vitamin-d3-250-%c2%b5g-10000-iu-360-tablets-maroc-prix\/#primaryimage","url":"https:\/\/vitablanca.ma\/wp-content\/uploads\/2026\/02\/FutureBiotics-Vitamin-D3-250-\u00b5g-10000-IU-360-tablets1-2.jpg","contentUrl":"https:\/\/vitablanca.ma\/wp-content\/uploads\/2026\/02\/FutureBiotics-Vitamin-D3-250-\u00b5g-10000-IU-360-tablets1-2.jpg","width":1600,"height":1600},{"@type":"BreadcrumbList","@id":"https:\/\/vitablanca.ma\/produit\/futurebiotics-vitamin-d3-250-%c2%b5g-10000-iu-360-tablets-maroc-prix\/#breadcrumb","itemListElement":[{"@type":"ListItem","position":1,"name":"Home","item":"https:\/\/vitablanca.ma\/"},{"@type":"ListItem","position":2,"name":"Tous Les Produits","item":"https:\/\/vitablanca.ma\/tous-les-produits\/"},{"@type":"ListItem","position":3,"name":"FutureBiotics Vitamin D3, 250 \u00b5g (10,000 IU), 360 tablets"}]},{"@type":"WebSite","@id":"https:\/\/vitablanca.ma\/#website","url":"https:\/\/vitablanca.ma\/","name":"VitaBlanca.ma | \u0627\u0644\u0645\u0643\u0645\u0644\u0627\u062a \u0627\u0644\u063a\u0630\u0627\u0626\u064a\u0629\u060c \u0627\u0644\u0635\u062d\u0629 \u0648\u0627\u0644\u062c\u0645\u0627\u0644 \u0641\u064a \u0627\u0644\u0645\u063a\u0631\u0628","description":"\u0646\u0628\u064a\u0639 \u0641\u064a\u062a\u0627\u0645\u064a\u0646\u0627\u062a \u0648\u0645\u0643\u0645\u0644\u0627\u062a \u063a\u0630\u0627\u0626\u064a\u0629 \u0641\u0627\u062e\u0631\u0629 \u0645\u0646 \u0627\u0644\u0648\u0644\u0627\u064a\u0627\u062a \u0627\u0644\u0645\u062a\u062d\u062f\u0629 \u0627\u0644\u0623\u0645\u0631\u064a\u0643\u064a\u0629 \u0648\u0643\u0646\u062f\u0627 \u0648\u0646\u064a\u0648\u0632\u064a\u0644\u0646\u062f\u0627 \u0648\u0627\u0644\u0645\u063a\u0631\u0628 (\u0646\u0627\u0648 \u0641\u0648\u062f\u0632\u060c \u0633\u0648\u0644\u062c\u0627\u0631\u060c \u0645\u0627\u0646\u0648\u0643\u0627). \u062a\u0648\u0635\u064a\u0644 \u0633\u0631\u064a\u0639 \u0625\u0644\u0649 \u062c\u0645\u064a\u0639 \u0623\u0646\u062d\u0627\u0621 \u0627\u0644\u0645\u063a\u0631\u0628.","publisher":{"@id":"https:\/\/vitablanca.ma\/#organization"},"alternateName":"VitaBlanca.ma","potentialAction":[{"@type":"SearchAction","target":{"@type":"EntryPoint","urlTemplate":"https:\/\/vitablanca.ma\/?s={search_term_string}"},"query-input":{"@type":"PropertyValueSpecification","valueRequired":true,"valueName":"search_term_string"}}],"inLanguage":"ar"},{"@type":"Organization","@id":"https:\/\/vitablanca.ma\/#organization","name":"\u0641\u064a\u062a\u0627\u0628\u0644\u0627\u0646\u0643\u0627","url":"https:\/\/vitablanca.ma\/","logo":{"@type":"ImageObject","inLanguage":"ar","@id":"https:\/\/vitablanca.ma\/#\/schema\/logo\/image\/","url":"https:\/\/vitablanca.ma\/wp-content\/uploads\/2025\/05\/cropped-vitablanca.png","contentUrl":"https:\/\/vitablanca.ma\/wp-content\/uploads\/2025\/05\/cropped-vitablanca.png","width":360,"height":67,"caption":"VitaBlanca"},"image":{"@id":"https:\/\/vitablanca.ma\/#\/schema\/logo\/image\/"},"sameAs":["https:\/\/www.facebook.com\/profile.php?id=61576678196717","https:\/\/www.tiktok.com\/@vitablanca.ma","https:\/\/www.instagram.com\/vitablanca.ma\/"]}]}},"jetpack_sharing_enabled":true,"_links":{"self":[{"href":"https:\/\/vitablanca.ma\/ar\/wp-json\/wp\/v2\/product\/30108","targetHints":{"allow":["GET"]}}],"collection":[{"href":"https:\/\/vitablanca.ma\/ar\/wp-json\/wp\/v2\/product"}],"about":[{"href":"https:\/\/vitablanca.ma\/ar\/wp-json\/wp\/v2\/types\/product"}],"wp:featuredmedia":[{"embeddable":true,"href":"https:\/\/vitablanca.ma\/ar\/wp-json\/wp\/v2\/media\/30109"}],"wp:attachment":[{"href":"https:\/\/vitablanca.ma\/ar\/wp-json\/wp\/v2\/media?parent=30108"}],"wp:term":[{"taxonomy":"product_brand","embeddable":true,"href":"https:\/\/vitablanca.ma\/ar\/wp-json\/wp\/v2\/product_brand?post=30108"},{"taxonomy":"product_cat","embeddable":true,"href":"https:\/\/vitablanca.ma\/ar\/wp-json\/wp\/v2\/product_cat?post=30108"},{"taxonomy":"product_tag","embeddable":true,"href":"https:\/\/vitablanca.ma\/ar\/wp-json\/wp\/v2\/product_tag?post=30108"}],"curies":[{"name":"wp","href":"https:\/\/api.w.org\/{rel}","templated":true}]}}