{"id":30100,"date":"2026-02-17T14:37:19","date_gmt":"2026-02-17T14:37:19","guid":{"rendered":"https:\/\/vitablanca.ma\/?post_type=product&#038;p=30100"},"modified":"2026-03-02T04:15:39","modified_gmt":"2026-03-02T04:15:39","slug":"solgar-omega-3-epa-and-dha-triple-strength-950-mg-50-softgels-maroc-prix","status":"publish","type":"product","link":"https:\/\/vitablanca.ma\/ar\/product-2\/solgar-omega-3-epa-and-dha-triple-strength-950-mg-50-softgels-maroc-prix\/","title":{"rendered":"Solgar Omega-3 EPA and DHA Triple Strength 950 mg 50 Softgels"},"content":{"rendered":"<div class=\"row item-row\">\n<div class=\"col-xs-24\">\n<div>\n<p>L&rsquo;acide om\u00e9ga-3 950 mg constitue la concentration la plus \u00e9lev\u00e9e propos\u00e9e par Solgar en om\u00e9ga-3 polyinsatur\u00e9s naturels (EPA et DHA) provenant de poissons d&rsquo;eau froide. Cette formule favorise la sant\u00e9 cardiovasculaire, articulaire et cutan\u00e9e. Il est distill\u00e9 mol\u00e9culairement pour \u00e9liminer le mercure.<\/p>\n<\/div>\n<\/div>\n<\/div>\n<div class=\"row item-row\">\n<div class=\"col-xs-24\">\n<h3><strong>\u0627\u0644\u0627\u0633\u062a\u062e\u062f\u0627\u0645 \u0627\u0644\u0645\u0642\u062a\u0631\u062d<\/strong><\/h3>\n<div class=\"prodOverviewDetail\">\n<p>En compl\u00e9ment alimentaire chez l&rsquo;adulte, prenez une (1) capsule \u00e0 enveloppe molle deux fois par jour, de pr\u00e9f\u00e9rence durant un repas ou tel que prescrit par un professionnel de la sant\u00e9.<\/p>\n<\/div>\n<\/div>\n<\/div>\n<div class=\"row item-row\">\n<div class=\"col-xs-24\">\n<h3><strong>\u0627\u0644\u0645\u0643\u0648\u0646\u0627\u062a \u0627\u0644\u0623\u062e\u0631\u0649<\/strong><\/h3>\n<div class=\"prodOverviewIngred\">\n<p>Huile de poisson, g\u00e9latine, glyc\u00e9rol v\u00e9g\u00e9tal, tocoph\u00e9rols mixtes naturels.<\/p>\n<p>Contient\u00a0: poisson (anchois, hareng, maquereau, sardine).<\/p>\n<p>Sans\u00a0: gluten, bl\u00e9, produits laitiers, levure, sucre, sodium, ar\u00f4mes, \u00e9dulcorants, conservateurs et colorants artificiels.<\/p>\n<\/div>\n<\/div>\n<\/div>\n<div class=\"row item-row\">\n<div class=\"col-xs-24\">\n<h3><strong>\u062a\u062d\u0630\u064a\u0631\u0627\u062a<\/strong><\/h3>\n<div class=\"prodOverviewDetail\">\n<p>Si vous \u00eates enceinte, allaitez, suivez un traitement m\u00e9dical (y compris des anticoagulants), pr\u00e9voyez une intervention m\u00e9dicale\/chirurgicale ou souffrez d&rsquo;une affection m\u00e9dicale, consultez votre professionnel de la sant\u00e9 avant la prise de compl\u00e9ments alimentaires. Cessez l&rsquo;utilisation et consultez votre professionnel de la sant\u00e9 en cas d\u2019effets ind\u00e9sirables. Tenir hors de port\u00e9e des enfants. Conserver \u00e0 temp\u00e9rature ambiante. Ne pas utiliser si l&rsquo;opercule sous le couvercle est manquant ou endommag\u00e9.<\/p>\n<table border=\"1\" width=\"100%\" cellspacing=\"0\" cellpadding=\"3\">\n<tbody>\n<tr align=\"left\" valign=\"top\">\n<td class=\"\" colspan=\"3\"><strong>\u0645\u0644\u0643\u064a\u0627\u062a<\/strong><\/td>\n<\/tr>\n<tr align=\"left\" valign=\"top\">\n<td colspan=\"3\"><strong>Portion\u00a0:\u00a0<\/strong>1\u00a0capsule \u00e0 enveloppe molle<\/td>\n<\/tr>\n<tr align=\"left\" valign=\"top\">\n<td><\/td>\n<td><strong>Quantit\u00e9 par portion<\/strong><\/td>\n<td><strong>%\u00a0d&rsquo;apport journalier<\/strong><\/td>\n<\/tr>\n<tr align=\"left\" valign=\"top\">\n<td>Calories<\/td>\n<td>15<\/td>\n<td><\/td>\n<\/tr>\n<tr align=\"left\" valign=\"top\">\n<td>Total des lipides<\/td>\n<td>1,5\u00a0g<\/td>\n<td>2\u00a0%**<\/td>\n<\/tr>\n<tr align=\"left\" valign=\"top\">\n<td>Cholest\u00e9rol<\/td>\n<td>5\u00a0mg<\/td>\n<td>2\u00a0%<\/td>\n<\/tr>\n<tr align=\"left\" valign=\"top\">\n<td>Total om\u00e9ga-3<br \/>\nAcides gras polyinsatur\u00e9s\u2020<br \/>\nfournissant<br \/>\n\u0648\u0643\u0627\u0644\u0629 \u062d\u0645\u0627\u064a\u0629 \u0627\u0644\u0628\u064a\u0626\u0629<br \/>\n(acide eicosapenta\u00e9no\u00efque)<br \/>\n\u062d\u0645\u0636 \u0627\u0644\u062f\u0648\u0643\u0648\u0633\u0627\u0647\u064a\u0643\u0633\u0627\u0646\u0648\u064a\u0643<br \/>\n(acide docosahexa\u00e9no\u00efque)<\/td>\n<td>950 mg<\/p>\n<p>504 mg<\/p>\n<p>378 mg<\/td>\n<td>***<\/p>\n<p>***<\/p>\n<p>***<\/td>\n<\/tr>\n<tr align=\"left\" valign=\"top\">\n<td colspan=\"3\">** Pourcentage d&rsquo;apport journalier (AJ) bas\u00e9 sur un r\u00e9gime \u00e0 2000 calories.<br \/>\n*** Apport journalier (AJ) non \u00e9tabli.<br \/>\nSous forme d&rsquo;esters \u00e9thyliques.<\/td>\n<\/tr>\n<\/tbody>\n<\/table>\n<\/div>\n<\/div>\n<\/div>","protected":false},"excerpt":{"rendered":"<ul>\n<li>Depuis\u00a01947<\/li>\n<li>Un c\u0153ur en pleine forme<\/li>\n<li>Produit purifi\u00e9 pour \u00e9liminer toute trace de mercure<\/li>\n<li>\u062e\u0627\u0644\u064a\u0629 \u0645\u0646 \u0627\u0644\u0643\u0627\u0626\u0646\u0627\u062a \u0627\u0644\u0645\u0639\u062f\u0644\u0629 \u0648\u0631\u0627\u062b\u064a\u064b\u0627<\/li>\n<li>Sans gluten, ni bl\u00e9, ni produits laitiers<\/li>\n<li>\u0645\u0643\u0645\u0644 \u063a\u0630\u0627\u0626\u064a<\/li>\n<\/ul>","protected":false},"featured_media":30103,"template":"","meta":{"om_disable_all_campaigns":false},"product_brand":[42],"product_cat":[18,8967,3366,8974,8975],"product_tag":[9415,9018,4976,1745,3492,25,891,963,208,8950],"class_list":{"0":"post-30100","1":"product","2":"type-product","3":"status-publish","4":"has-post-thumbnail","6":"product_brand-solgar-prix-maroc","7":"product_cat-beaute-sante","8":"product_cat-complements","9":"product_cat-complements-alimentaires-au-maroc-vitablanca","10":"product_cat-huile-de-poisson-omega-3","11":"product_cat-omegas-et-huiles-de-poisson-epa-dha","12":"product_tag-50-softgels","13":"product_tag-950-mg","14":"product_tag-epa-dha","15":"product_tag-huile-de-poisson","16":"product_tag-maroc","17":"product_tag-omega-3","18":"product_tag-sante-du-cerveau","19":"product_tag-sante-du-coeur","20":"product_tag-solgar","21":"product_tag-triple-strength","23":"first","24":"instock","25":"sale","26":"taxable","27":"shipping-taxable","28":"purchasable","29":"product-type-simple"},"yoast_head":"<!-- This site is optimized with the Yoast SEO plugin v27.3 - https:\/\/yoast.com\/product\/yoast-seo-wordpress\/ -->\n<title>Solgar Omega-3 EPA DHA Triple Strength 950 mg 50 \u2013 Maroc Prix<\/title>\n<meta name=\"description\" content=\"Solgar Omega-3 Triple Strength 950 mg avec EPA et DHA, 50 softgels. Soutient le c\u0153ur, le cerveau et la vision. Disponible au Maroc.\" \/>\n<meta name=\"robots\" content=\"index, follow, max-snippet:-1, max-image-preview:large, max-video-preview:-1\" \/>\n<link rel=\"canonical\" href=\"https:\/\/vitablanca.ma\/ar\/product-2\/solgar-omega-3-epa-and-dha-triple-strength-950-mg-50-softgels-maroc-prix\/\" \/>\n<meta property=\"og:locale\" content=\"ar_AR\" \/>\n<meta property=\"og:type\" content=\"article\" \/>\n<meta property=\"og:title\" content=\"Solgar Omega-3 EPA DHA Triple Strength 950 mg 50 \u2013 Maroc Prix\" \/>\n<meta property=\"og:description\" content=\"Solgar Omega-3 Triple Strength 950 mg avec EPA et DHA, 50 softgels. Soutient le c\u0153ur, le cerveau et la vision. Disponible au Maroc.\" \/>\n<meta property=\"og:url\" content=\"https:\/\/vitablanca.ma\/ar\/product-2\/solgar-omega-3-epa-and-dha-triple-strength-950-mg-50-softgels-maroc-prix\/\" \/>\n<meta property=\"og:site_name\" content=\"Vitablanca.ma &ndash; Sant&eacute;, vitalit&eacute; et bien-&ecirc;tre pour tous les Marocains\" \/>\n<meta property=\"article:publisher\" content=\"https:\/\/www.facebook.com\/profile.php?id=61576678196717\" \/>\n<meta property=\"article:modified_time\" content=\"2026-03-02T04:15:39+00:00\" \/>\n<meta property=\"og:image\" content=\"https:\/\/vitablanca.ma\/wp-content\/uploads\/2026\/02\/Solgar-Omega-3-EPA-and-DHA-Triple-Strength-950-mg-50-Softgels-1.jpg\" \/>\n\t<meta property=\"og:image:width\" content=\"1600\" \/>\n\t<meta property=\"og:image:height\" content=\"1600\" \/>\n\t<meta property=\"og:image:type\" content=\"image\/jpeg\" \/>\n<meta name=\"twitter:card\" content=\"summary_large_image\" \/>\n<meta name=\"twitter:label1\" content=\"\u0648\u0642\u062a \u0627\u0644\u0642\u0631\u0627\u0621\u0629 \u0627\u0644\u0645\u064f\u0642\u062f\u0651\u0631\" \/>\n\t<meta name=\"twitter:data1\" content=\"\u062f\u0642\u064a\u0642\u062a\u0627\u0646\" \/>\n<script type=\"application\/ld+json\" class=\"yoast-schema-graph\">{\"@context\":\"https:\\\/\\\/schema.org\",\"@graph\":[{\"@type\":[\"WebPage\",\"ItemPage\"],\"@id\":\"https:\\\/\\\/vitablanca.ma\\\/produit\\\/solgar-omega-3-epa-and-dha-triple-strength-950-mg-50-softgels-maroc-prix\\\/\",\"url\":\"https:\\\/\\\/vitablanca.ma\\\/produit\\\/solgar-omega-3-epa-and-dha-triple-strength-950-mg-50-softgels-maroc-prix\\\/\",\"name\":\"Solgar Omega-3 EPA DHA Triple Strength 950 mg 50 \u2013 Maroc Prix\",\"isPartOf\":{\"@id\":\"https:\\\/\\\/vitablanca.ma\\\/#website\"},\"primaryImageOfPage\":{\"@id\":\"https:\\\/\\\/vitablanca.ma\\\/produit\\\/solgar-omega-3-epa-and-dha-triple-strength-950-mg-50-softgels-maroc-prix\\\/#primaryimage\"},\"image\":{\"@id\":\"https:\\\/\\\/vitablanca.ma\\\/produit\\\/solgar-omega-3-epa-and-dha-triple-strength-950-mg-50-softgels-maroc-prix\\\/#primaryimage\"},\"thumbnailUrl\":\"https:\\\/\\\/vitablanca.ma\\\/wp-content\\\/uploads\\\/2026\\\/02\\\/Solgar-Omega-3-EPA-and-DHA-Triple-Strength-950-mg-50-Softgels-1.jpg\",\"datePublished\":\"2026-02-17T14:37:19+00:00\",\"dateModified\":\"2026-03-02T04:15:39+00:00\",\"description\":\"Solgar Omega-3 Triple Strength 950 mg avec EPA et DHA, 50 softgels. Soutient le c\u0153ur, le cerveau et la vision. Disponible au Maroc.\",\"breadcrumb\":{\"@id\":\"https:\\\/\\\/vitablanca.ma\\\/produit\\\/solgar-omega-3-epa-and-dha-triple-strength-950-mg-50-softgels-maroc-prix\\\/#breadcrumb\"},\"inLanguage\":\"ar\",\"potentialAction\":[{\"@type\":\"ReadAction\",\"target\":[\"https:\\\/\\\/vitablanca.ma\\\/produit\\\/solgar-omega-3-epa-and-dha-triple-strength-950-mg-50-softgels-maroc-prix\\\/\"]}]},{\"@type\":\"ImageObject\",\"inLanguage\":\"ar\",\"@id\":\"https:\\\/\\\/vitablanca.ma\\\/produit\\\/solgar-omega-3-epa-and-dha-triple-strength-950-mg-50-softgels-maroc-prix\\\/#primaryimage\",\"url\":\"https:\\\/\\\/vitablanca.ma\\\/wp-content\\\/uploads\\\/2026\\\/02\\\/Solgar-Omega-3-EPA-and-DHA-Triple-Strength-950-mg-50-Softgels-1.jpg\",\"contentUrl\":\"https:\\\/\\\/vitablanca.ma\\\/wp-content\\\/uploads\\\/2026\\\/02\\\/Solgar-Omega-3-EPA-and-DHA-Triple-Strength-950-mg-50-Softgels-1.jpg\",\"width\":1600,\"height\":1600},{\"@type\":\"BreadcrumbList\",\"@id\":\"https:\\\/\\\/vitablanca.ma\\\/produit\\\/solgar-omega-3-epa-and-dha-triple-strength-950-mg-50-softgels-maroc-prix\\\/#breadcrumb\",\"itemListElement\":[{\"@type\":\"ListItem\",\"position\":1,\"name\":\"Home\",\"item\":\"https:\\\/\\\/vitablanca.ma\\\/\"},{\"@type\":\"ListItem\",\"position\":2,\"name\":\"Tous Les Produits\",\"item\":\"https:\\\/\\\/vitablanca.ma\\\/tous-les-produits\\\/\"},{\"@type\":\"ListItem\",\"position\":3,\"name\":\"Solgar Omega-3 EPA and DHA Triple Strength 950 mg 50 Softgels\"}]},{\"@type\":\"WebSite\",\"@id\":\"https:\\\/\\\/vitablanca.ma\\\/#website\",\"url\":\"https:\\\/\\\/vitablanca.ma\\\/\",\"name\":\"VitaBlanca.ma | Compl\u00e9ments alimentaires, sant\u00e9 & beaut\u00e9 au Maroc\",\"description\":\"vendre vitamines et compl\u00e9ments premium des USA &amp; Canada, Nouvelle Z\u00e9lande,Maroc (NOW Foods, Solgar, Manuka). Livraison rapide partout au Maroc.\",\"publisher\":{\"@id\":\"https:\\\/\\\/vitablanca.ma\\\/#organization\"},\"alternateName\":\"VitaBlanca.ma\",\"potentialAction\":[{\"@type\":\"SearchAction\",\"target\":{\"@type\":\"EntryPoint\",\"urlTemplate\":\"https:\\\/\\\/vitablanca.ma\\\/?s={search_term_string}\"},\"query-input\":{\"@type\":\"PropertyValueSpecification\",\"valueRequired\":true,\"valueName\":\"search_term_string\"}}],\"inLanguage\":\"ar\"},{\"@type\":\"Organization\",\"@id\":\"https:\\\/\\\/vitablanca.ma\\\/#organization\",\"name\":\"VitaBlanca\",\"url\":\"https:\\\/\\\/vitablanca.ma\\\/\",\"logo\":{\"@type\":\"ImageObject\",\"inLanguage\":\"ar\",\"@id\":\"https:\\\/\\\/vitablanca.ma\\\/#\\\/schema\\\/logo\\\/image\\\/\",\"url\":\"https:\\\/\\\/vitablanca.ma\\\/wp-content\\\/uploads\\\/2025\\\/05\\\/cropped-vitablanca.png\",\"contentUrl\":\"https:\\\/\\\/vitablanca.ma\\\/wp-content\\\/uploads\\\/2025\\\/05\\\/cropped-vitablanca.png\",\"width\":360,\"height\":67,\"caption\":\"VitaBlanca\"},\"image\":{\"@id\":\"https:\\\/\\\/vitablanca.ma\\\/#\\\/schema\\\/logo\\\/image\\\/\"},\"sameAs\":[\"https:\\\/\\\/www.facebook.com\\\/profile.php?id=61576678196717\",\"https:\\\/\\\/www.tiktok.com\\\/@vitablanca.ma\",\"https:\\\/\\\/www.instagram.com\\\/vitablanca.ma\\\/\"]}]}<\/script>\n<!-- \/ Yoast SEO plugin. -->","yoast_head_json":{"title":"Solgar Omega-3 EPA DHA Triple Strength 950 mg 50 \u2013 Maroc Prix","description":"Solgar Omega-3 Triple Strength 950 mg avec EPA et DHA, 50 softgels. Soutient le c\u0153ur, le cerveau et la vision. Disponible au Maroc.","robots":{"index":"index","follow":"follow","max-snippet":"max-snippet:-1","max-image-preview":"max-image-preview:large","max-video-preview":"max-video-preview:-1"},"canonical":"https:\/\/vitablanca.ma\/ar\/product-2\/solgar-omega-3-epa-and-dha-triple-strength-950-mg-50-softgels-maroc-prix\/","og_locale":"ar_AR","og_type":"article","og_title":"Solgar Omega-3 EPA DHA Triple Strength 950 mg 50 \u2013 Maroc Prix","og_description":"Solgar Omega-3 Triple Strength 950 mg avec EPA et DHA, 50 softgels. Soutient le c\u0153ur, le cerveau et la vision. Disponible au Maroc.","og_url":"https:\/\/vitablanca.ma\/ar\/product-2\/solgar-omega-3-epa-and-dha-triple-strength-950-mg-50-softgels-maroc-prix\/","og_site_name":"Vitablanca.ma &ndash; Sant&eacute;, vitalit&eacute; et bien-&ecirc;tre pour tous les Marocains","article_publisher":"https:\/\/www.facebook.com\/profile.php?id=61576678196717","article_modified_time":"2026-03-02T04:15:39+00:00","og_image":[{"width":1600,"height":1600,"url":"https:\/\/vitablanca.ma\/wp-content\/uploads\/2026\/02\/Solgar-Omega-3-EPA-and-DHA-Triple-Strength-950-mg-50-Softgels-1.jpg","type":"image\/jpeg"}],"twitter_card":"summary_large_image","twitter_misc":{"\u0648\u0642\u062a \u0627\u0644\u0642\u0631\u0627\u0621\u0629 \u0627\u0644\u0645\u064f\u0642\u062f\u0651\u0631":"\u062f\u0642\u064a\u0642\u062a\u0627\u0646"},"schema":{"@context":"https:\/\/schema.org","@graph":[{"@type":["WebPage","ItemPage"],"@id":"https:\/\/vitablanca.ma\/produit\/solgar-omega-3-epa-and-dha-triple-strength-950-mg-50-softgels-maroc-prix\/","url":"https:\/\/vitablanca.ma\/produit\/solgar-omega-3-epa-and-dha-triple-strength-950-mg-50-softgels-maroc-prix\/","name":"Solgar Omega-3 EPA DHA Triple Strength 950 mg 50 \u2013 Maroc Prix","isPartOf":{"@id":"https:\/\/vitablanca.ma\/#website"},"primaryImageOfPage":{"@id":"https:\/\/vitablanca.ma\/produit\/solgar-omega-3-epa-and-dha-triple-strength-950-mg-50-softgels-maroc-prix\/#primaryimage"},"image":{"@id":"https:\/\/vitablanca.ma\/produit\/solgar-omega-3-epa-and-dha-triple-strength-950-mg-50-softgels-maroc-prix\/#primaryimage"},"thumbnailUrl":"https:\/\/vitablanca.ma\/wp-content\/uploads\/2026\/02\/Solgar-Omega-3-EPA-and-DHA-Triple-Strength-950-mg-50-Softgels-1.jpg","datePublished":"2026-02-17T14:37:19+00:00","dateModified":"2026-03-02T04:15:39+00:00","description":"Solgar Omega-3 Triple Strength 950 mg avec EPA et DHA, 50 softgels. Soutient le c\u0153ur, le cerveau et la vision. Disponible au Maroc.","breadcrumb":{"@id":"https:\/\/vitablanca.ma\/produit\/solgar-omega-3-epa-and-dha-triple-strength-950-mg-50-softgels-maroc-prix\/#breadcrumb"},"inLanguage":"ar","potentialAction":[{"@type":"ReadAction","target":["https:\/\/vitablanca.ma\/produit\/solgar-omega-3-epa-and-dha-triple-strength-950-mg-50-softgels-maroc-prix\/"]}]},{"@type":"ImageObject","inLanguage":"ar","@id":"https:\/\/vitablanca.ma\/produit\/solgar-omega-3-epa-and-dha-triple-strength-950-mg-50-softgels-maroc-prix\/#primaryimage","url":"https:\/\/vitablanca.ma\/wp-content\/uploads\/2026\/02\/Solgar-Omega-3-EPA-and-DHA-Triple-Strength-950-mg-50-Softgels-1.jpg","contentUrl":"https:\/\/vitablanca.ma\/wp-content\/uploads\/2026\/02\/Solgar-Omega-3-EPA-and-DHA-Triple-Strength-950-mg-50-Softgels-1.jpg","width":1600,"height":1600},{"@type":"BreadcrumbList","@id":"https:\/\/vitablanca.ma\/produit\/solgar-omega-3-epa-and-dha-triple-strength-950-mg-50-softgels-maroc-prix\/#breadcrumb","itemListElement":[{"@type":"ListItem","position":1,"name":"Home","item":"https:\/\/vitablanca.ma\/"},{"@type":"ListItem","position":2,"name":"Tous Les Produits","item":"https:\/\/vitablanca.ma\/tous-les-produits\/"},{"@type":"ListItem","position":3,"name":"Solgar Omega-3 EPA and DHA Triple Strength 950 mg 50 Softgels"}]},{"@type":"WebSite","@id":"https:\/\/vitablanca.ma\/#website","url":"https:\/\/vitablanca.ma\/","name":"VitaBlanca.ma | \u0627\u0644\u0645\u0643\u0645\u0644\u0627\u062a \u0627\u0644\u063a\u0630\u0627\u0626\u064a\u0629\u060c \u0627\u0644\u0635\u062d\u0629 \u0648\u0627\u0644\u062c\u0645\u0627\u0644 \u0641\u064a \u0627\u0644\u0645\u063a\u0631\u0628","description":"\u0646\u0628\u064a\u0639 \u0641\u064a\u062a\u0627\u0645\u064a\u0646\u0627\u062a \u0648\u0645\u0643\u0645\u0644\u0627\u062a \u063a\u0630\u0627\u0626\u064a\u0629 \u0641\u0627\u062e\u0631\u0629 \u0645\u0646 \u0627\u0644\u0648\u0644\u0627\u064a\u0627\u062a \u0627\u0644\u0645\u062a\u062d\u062f\u0629 \u0627\u0644\u0623\u0645\u0631\u064a\u0643\u064a\u0629 \u0648\u0643\u0646\u062f\u0627 \u0648\u0646\u064a\u0648\u0632\u064a\u0644\u0646\u062f\u0627 \u0648\u0627\u0644\u0645\u063a\u0631\u0628 (\u0646\u0627\u0648 \u0641\u0648\u062f\u0632\u060c \u0633\u0648\u0644\u062c\u0627\u0631\u060c \u0645\u0627\u0646\u0648\u0643\u0627). \u062a\u0648\u0635\u064a\u0644 \u0633\u0631\u064a\u0639 \u0625\u0644\u0649 \u062c\u0645\u064a\u0639 \u0623\u0646\u062d\u0627\u0621 \u0627\u0644\u0645\u063a\u0631\u0628.","publisher":{"@id":"https:\/\/vitablanca.ma\/#organization"},"alternateName":"VitaBlanca.ma","potentialAction":[{"@type":"SearchAction","target":{"@type":"EntryPoint","urlTemplate":"https:\/\/vitablanca.ma\/?s={search_term_string}"},"query-input":{"@type":"PropertyValueSpecification","valueRequired":true,"valueName":"search_term_string"}}],"inLanguage":"ar"},{"@type":"Organization","@id":"https:\/\/vitablanca.ma\/#organization","name":"\u0641\u064a\u062a\u0627\u0628\u0644\u0627\u0646\u0643\u0627","url":"https:\/\/vitablanca.ma\/","logo":{"@type":"ImageObject","inLanguage":"ar","@id":"https:\/\/vitablanca.ma\/#\/schema\/logo\/image\/","url":"https:\/\/vitablanca.ma\/wp-content\/uploads\/2025\/05\/cropped-vitablanca.png","contentUrl":"https:\/\/vitablanca.ma\/wp-content\/uploads\/2025\/05\/cropped-vitablanca.png","width":360,"height":67,"caption":"VitaBlanca"},"image":{"@id":"https:\/\/vitablanca.ma\/#\/schema\/logo\/image\/"},"sameAs":["https:\/\/www.facebook.com\/profile.php?id=61576678196717","https:\/\/www.tiktok.com\/@vitablanca.ma","https:\/\/www.instagram.com\/vitablanca.ma\/"]}]}},"jetpack_sharing_enabled":true,"_links":{"self":[{"href":"https:\/\/vitablanca.ma\/ar\/wp-json\/wp\/v2\/product\/30100","targetHints":{"allow":["GET"]}}],"collection":[{"href":"https:\/\/vitablanca.ma\/ar\/wp-json\/wp\/v2\/product"}],"about":[{"href":"https:\/\/vitablanca.ma\/ar\/wp-json\/wp\/v2\/types\/product"}],"wp:featuredmedia":[{"embeddable":true,"href":"https:\/\/vitablanca.ma\/ar\/wp-json\/wp\/v2\/media\/30103"}],"wp:attachment":[{"href":"https:\/\/vitablanca.ma\/ar\/wp-json\/wp\/v2\/media?parent=30100"}],"wp:term":[{"taxonomy":"product_brand","embeddable":true,"href":"https:\/\/vitablanca.ma\/ar\/wp-json\/wp\/v2\/product_brand?post=30100"},{"taxonomy":"product_cat","embeddable":true,"href":"https:\/\/vitablanca.ma\/ar\/wp-json\/wp\/v2\/product_cat?post=30100"},{"taxonomy":"product_tag","embeddable":true,"href":"https:\/\/vitablanca.ma\/ar\/wp-json\/wp\/v2\/product_tag?post=30100"}],"curies":[{"name":"wp","href":"https:\/\/api.w.org\/{rel}","templated":true}]}}