{"id":30096,"date":"2026-02-17T14:28:09","date_gmt":"2026-02-17T14:28:09","guid":{"rendered":"https:\/\/vitablanca.ma\/?post_type=product&#038;p=30096"},"modified":"2026-03-02T04:15:39","modified_gmt":"2026-03-02T04:15:39","slug":"sports-research-d3-k2-herbal-120-vegetarian-softgels-maroc-prix","status":"publish","type":"product","link":"https:\/\/vitablanca.ma\/ar\/product-2\/sports-research-d3-k2-herbal-120-vegetarian-softgels-maroc-prix\/","title":{"rendered":"Sports Research, D3 + K2, Herbal, 120 Vegetarian Softgels"},"content":{"rendered":"<div class=\"row item-row\">\n<div class=\"col-xs-24\">\n<h3><strong>Usage sugg\u00e9r\u00e9<\/strong><\/h3>\n<div class=\"prodOverviewDetail\">\n<p id=\"isPasted\">Pour les adultes\u00a0: 1\u00a0capsule \u00e0 enveloppe molle v\u00e9g\u00e9tale par jour avec un repas, ou selon les recommandations d&rsquo;un professionnel de la sant\u00e9 qualifi\u00e9.<\/p>\n<\/div>\n<\/div>\n<\/div>\n<div class=\"row item-row\">\n<div class=\"col-xs-24\">\n<h3><strong>Autres ingr\u00e9dients<\/strong><\/h3>\n<div class=\"prodOverviewIngred\">\n<p>Huile TCM de noix de coco, Capsule PlantGel\u2122 (amidon de tapioca modifi\u00e9 sans OGM, glyc\u00e9rol v\u00e9g\u00e9tal, eau purifi\u00e9e, curcuma [colorant]), huile d&rsquo;olive.<\/p>\n<p>Contient des fruits \u00e0 coque (noix de coco).<\/p>\n<p>Fi\u00e8rement fabriqu\u00e9 aux \u00c9tats-Unis avec des ingr\u00e9dients soigneusement s\u00e9lectionn\u00e9s d&rsquo;origine nationale et internationale.<\/p>\n<\/div>\n<\/div>\n<\/div>\n<div class=\"row item-row\">\n<div class=\"col-xs-24\">\n<h3><strong>Avertissements<\/strong><\/h3>\n<div class=\"prodOverviewDetail\">\n<p>Tenir hors de port\u00e9e des enfants et des animaux de compagnie. Ne pas consommer avec d&rsquo;autres compl\u00e9ments de vitamine D \u00e0 dose \u00e9lev\u00e9e. Ce produit est destin\u00e9 aux personnes qui n&rsquo;obtiennent pas l&rsquo;AJR par leur r\u00e9gime alimentaire quotidien. Consulter un professionnel de la sant\u00e9 qualifi\u00e9 avant d&rsquo;utiliser ce produit, en particulier pendant la grossesse, l&rsquo;allaitement, en cas d&rsquo;affection m\u00e9dicale existante ou de traitement m\u00e9dical sur ordonnance (par exemple\u00a0: anticoagulants [Coumadin\/warfarine]). Ne pas d\u00e9passer le dosage quotidien recommand\u00e9. Ne pas utiliser si l&rsquo;opercule de protection est perc\u00e9 ou manquant. \u00c0 conserver dans un endroit sec, \u00e0 temp\u00e9rature ambiante. Prot\u00e9ger le produit de la chaleur excessive, du gel, de l&rsquo;humidit\u00e9 et de la lumi\u00e8re.<\/p>\n<table border=\"1\" width=\"100%\" cellspacing=\"0\" cellpadding=\"3\">\n<tbody>\n<tr align=\"left\" valign=\"top\">\n<td colspan=\"3\"><strong>Propri\u00e9t\u00e9s<\/strong><\/td>\n<\/tr>\n<tr align=\"left\" valign=\"top\">\n<td colspan=\"3\"><strong>Portion\u00a0:\u00a0<\/strong>1\u00a0capsule \u00e0 enveloppe molle v\u00e9g\u00e9tale<\/td>\n<\/tr>\n<tr align=\"left\" valign=\"top\">\n<td colspan=\"3\"><strong>Portions par contenant\u00a0:\u00a0<\/strong>120<\/td>\n<\/tr>\n<tr align=\"left\" valign=\"top\">\n<td width=\"70%\"><\/td>\n<td width=\"15%\"><strong>Quantit\u00e9 par portion<\/strong><\/td>\n<td width=\"15%\"><strong>%\u00a0d&rsquo;AJ<\/strong><\/td>\n<\/tr>\n<tr align=\"left\" valign=\"top\">\n<td>Vitamine D (sous forme de D3, chol\u00e9calcif\u00e9rol) (issue de lichen) (VEGADELIGHT<sup>\u00ae<\/sup>)<\/td>\n<td>125\u00a0\u00b5g (5000\u00a0UI)<\/td>\n<td>625\u00a0%<\/td>\n<\/tr>\n<tr align=\"left\" valign=\"top\">\n<td>Vitamine K2 (sous forme de m\u00e9naquinone-7) (MK-7 de pois chiche)<\/td>\n<td>100\u00a0\u00b5g<\/td>\n<td>*<\/td>\n<\/tr>\n<tr align=\"left\" valign=\"top\">\n<td colspan=\"3\">Apport journalier (AJ) non \u00e9tabli.<\/td>\n<\/tr>\n<\/tbody>\n<\/table>\n<\/div>\n<\/div>\n<\/div>\n","protected":false},"excerpt":{"rendered":"<ul>\n<li>125\u00a0\u00b5g (5000\u00a0UI) de vitamine\u00a0D3<\/li>\n<li>100\u00a0\u00b5g de vitamine\u00a0K2<\/li>\n<li>Soutiennent la sant\u00e9 osseuse et immunitaire<\/li>\n<li>Avec de l&rsquo;huile TCM de coco<\/li>\n<li>\u0645\u0643\u0645\u0644 \u063a\u0630\u0627\u0626\u064a<\/li>\n<li>\u062e\u0627\u0644\u064a\u0629 \u0645\u0646 \u0645\u0627\u062f\u0629 BPA<\/li>\n<\/ul>\n<p><strong>La qualit\u00e9, \u00e7a compte\u00a0:<\/strong><\/p>\n<ul>\n<li>Projet sans OGM v\u00e9rifi\u00e9<\/li>\n<li>Produit certifi\u00e9 vegan<\/li>\n<li>\u062e\u0627\u0644\u064a \u0645\u0646 \u0627\u0644\u063a\u0644\u0648\u062a\u064a\u0646<\/li>\n<li>Test\u00e9 par un organisme ind\u00e9pendant<\/li>\n<li>Conforme aux BPF actuelles<\/li>\n<\/ul>","protected":false},"featured_media":30097,"template":"","meta":{"om_disable_all_campaigns":false},"product_brand":[3628],"product_cat":[18,8967,3366,7962,7963,9031],"product_tag":[299,181,4701,1780,3492,929,9414,8903,153,4703],"class_list":{"0":"post-30096","1":"product","2":"type-product","3":"status-publish","4":"has-post-thumbnail","6":"product_brand-sports-research","7":"product_cat-beaute-sante","8":"product_cat-complements","9":"product_cat-complements-alimentaires-au-maroc-vitablanca","10":"product_cat-vitamine-d-2","11":"product_cat-vitamines-2","12":"product_cat-vitamines-d3-et-k2","13":"product_tag-calcium","14":"product_tag-complement-alimentaire","15":"product_tag-d3-k2","16":"product_tag-immunite","17":"product_tag-maroc","18":"product_tag-sante-des-os","19":"product_tag-softgels-vegetales","20":"product_tag-sports-research","21":"product_tag-vitamine-d3","22":"product_tag-vitamine-k2","24":"first","25":"instock","26":"sale","27":"taxable","28":"shipping-taxable","29":"purchasable","30":"product-type-simple"},"yoast_head":"<!-- This site is optimized with the Yoast SEO plugin v27.3 - https:\/\/yoast.com\/product\/yoast-seo-wordpress\/ -->\n<title>Sports Research D3 + K2 Herbal 120 Softgels V\u00e9g \u2013 Maroc Prix<\/title>\n<meta name=\"description\" content=\"Sports Research D3 + K2 Herbal, 120 softgels v\u00e9g\u00e9tales. Soutient la sant\u00e9 des os, du c\u0153ur et l\u2019absorption du calcium. Disponible au Maroc.\" \/>\n<meta name=\"robots\" content=\"index, follow, max-snippet:-1, max-image-preview:large, max-video-preview:-1\" \/>\n<link rel=\"canonical\" href=\"https:\/\/vitablanca.ma\/ar\/product-2\/sports-research-d3-k2-herbal-120-vegetarian-softgels-maroc-prix\/\" \/>\n<meta property=\"og:locale\" content=\"ar_AR\" \/>\n<meta property=\"og:type\" content=\"article\" \/>\n<meta property=\"og:title\" content=\"Sports Research D3 + K2 Herbal 120 Softgels V\u00e9g \u2013 Maroc Prix\" \/>\n<meta property=\"og:description\" content=\"Sports Research D3 + K2 Herbal, 120 softgels v\u00e9g\u00e9tales. Soutient la sant\u00e9 des os, du c\u0153ur et l\u2019absorption du calcium. Disponible au Maroc.\" \/>\n<meta property=\"og:url\" content=\"https:\/\/vitablanca.ma\/ar\/product-2\/sports-research-d3-k2-herbal-120-vegetarian-softgels-maroc-prix\/\" \/>\n<meta property=\"og:site_name\" content=\"Vitablanca.ma &ndash; Sant&eacute;, vitalit&eacute; et bien-&ecirc;tre pour tous les Marocains\" \/>\n<meta property=\"article:publisher\" content=\"https:\/\/www.facebook.com\/profile.php?id=61576678196717\" \/>\n<meta property=\"article:modified_time\" content=\"2026-03-02T04:15:39+00:00\" \/>\n<meta property=\"og:image\" content=\"https:\/\/vitablanca.ma\/wp-content\/uploads\/2026\/02\/Sports-Research-D3-K2-Herbal-120-Vegetarian-Softgels1.jpg\" \/>\n\t<meta property=\"og:image:width\" content=\"1600\" \/>\n\t<meta property=\"og:image:height\" content=\"1600\" \/>\n\t<meta property=\"og:image:type\" content=\"image\/jpeg\" \/>\n<meta name=\"twitter:card\" content=\"summary_large_image\" \/>\n<meta name=\"twitter:label1\" content=\"\u0648\u0642\u062a \u0627\u0644\u0642\u0631\u0627\u0621\u0629 \u0627\u0644\u0645\u064f\u0642\u062f\u0651\u0631\" \/>\n\t<meta name=\"twitter:data1\" content=\"\u062f\u0642\u064a\u0642\u062a\u0627\u0646\" \/>\n<script type=\"application\/ld+json\" class=\"yoast-schema-graph\">{\"@context\":\"https:\\\/\\\/schema.org\",\"@graph\":[{\"@type\":[\"WebPage\",\"ItemPage\"],\"@id\":\"https:\\\/\\\/vitablanca.ma\\\/produit\\\/sports-research-d3-k2-herbal-120-vegetarian-softgels-maroc-prix\\\/\",\"url\":\"https:\\\/\\\/vitablanca.ma\\\/produit\\\/sports-research-d3-k2-herbal-120-vegetarian-softgels-maroc-prix\\\/\",\"name\":\"Sports Research D3 + K2 Herbal 120 Softgels V\u00e9g \u2013 Maroc Prix\",\"isPartOf\":{\"@id\":\"https:\\\/\\\/vitablanca.ma\\\/#website\"},\"primaryImageOfPage\":{\"@id\":\"https:\\\/\\\/vitablanca.ma\\\/produit\\\/sports-research-d3-k2-herbal-120-vegetarian-softgels-maroc-prix\\\/#primaryimage\"},\"image\":{\"@id\":\"https:\\\/\\\/vitablanca.ma\\\/produit\\\/sports-research-d3-k2-herbal-120-vegetarian-softgels-maroc-prix\\\/#primaryimage\"},\"thumbnailUrl\":\"https:\\\/\\\/vitablanca.ma\\\/wp-content\\\/uploads\\\/2026\\\/02\\\/Sports-Research-D3-K2-Herbal-120-Vegetarian-Softgels1.jpg\",\"datePublished\":\"2026-02-17T14:28:09+00:00\",\"dateModified\":\"2026-03-02T04:15:39+00:00\",\"description\":\"Sports Research D3 + K2 Herbal, 120 softgels v\u00e9g\u00e9tales. Soutient la sant\u00e9 des os, du c\u0153ur et l\u2019absorption du calcium. Disponible au Maroc.\",\"breadcrumb\":{\"@id\":\"https:\\\/\\\/vitablanca.ma\\\/produit\\\/sports-research-d3-k2-herbal-120-vegetarian-softgels-maroc-prix\\\/#breadcrumb\"},\"inLanguage\":\"ar\",\"potentialAction\":[{\"@type\":\"ReadAction\",\"target\":[\"https:\\\/\\\/vitablanca.ma\\\/produit\\\/sports-research-d3-k2-herbal-120-vegetarian-softgels-maroc-prix\\\/\"]}]},{\"@type\":\"ImageObject\",\"inLanguage\":\"ar\",\"@id\":\"https:\\\/\\\/vitablanca.ma\\\/produit\\\/sports-research-d3-k2-herbal-120-vegetarian-softgels-maroc-prix\\\/#primaryimage\",\"url\":\"https:\\\/\\\/vitablanca.ma\\\/wp-content\\\/uploads\\\/2026\\\/02\\\/Sports-Research-D3-K2-Herbal-120-Vegetarian-Softgels1.jpg\",\"contentUrl\":\"https:\\\/\\\/vitablanca.ma\\\/wp-content\\\/uploads\\\/2026\\\/02\\\/Sports-Research-D3-K2-Herbal-120-Vegetarian-Softgels1.jpg\",\"width\":1600,\"height\":1600},{\"@type\":\"BreadcrumbList\",\"@id\":\"https:\\\/\\\/vitablanca.ma\\\/produit\\\/sports-research-d3-k2-herbal-120-vegetarian-softgels-maroc-prix\\\/#breadcrumb\",\"itemListElement\":[{\"@type\":\"ListItem\",\"position\":1,\"name\":\"Home\",\"item\":\"https:\\\/\\\/vitablanca.ma\\\/\"},{\"@type\":\"ListItem\",\"position\":2,\"name\":\"Tous Les Produits\",\"item\":\"https:\\\/\\\/vitablanca.ma\\\/tous-les-produits\\\/\"},{\"@type\":\"ListItem\",\"position\":3,\"name\":\"Sports Research, D3 + K2, Herbal, 120 Vegetarian Softgels\"}]},{\"@type\":\"WebSite\",\"@id\":\"https:\\\/\\\/vitablanca.ma\\\/#website\",\"url\":\"https:\\\/\\\/vitablanca.ma\\\/\",\"name\":\"VitaBlanca.ma | Compl\u00e9ments alimentaires, sant\u00e9 & beaut\u00e9 au Maroc\",\"description\":\"vendre vitamines et compl\u00e9ments premium des USA &amp; Canada, Nouvelle Z\u00e9lande,Maroc (NOW Foods, Solgar, Manuka). Livraison rapide partout au Maroc.\",\"publisher\":{\"@id\":\"https:\\\/\\\/vitablanca.ma\\\/#organization\"},\"alternateName\":\"VitaBlanca.ma\",\"potentialAction\":[{\"@type\":\"SearchAction\",\"target\":{\"@type\":\"EntryPoint\",\"urlTemplate\":\"https:\\\/\\\/vitablanca.ma\\\/?s={search_term_string}\"},\"query-input\":{\"@type\":\"PropertyValueSpecification\",\"valueRequired\":true,\"valueName\":\"search_term_string\"}}],\"inLanguage\":\"ar\"},{\"@type\":\"Organization\",\"@id\":\"https:\\\/\\\/vitablanca.ma\\\/#organization\",\"name\":\"VitaBlanca\",\"url\":\"https:\\\/\\\/vitablanca.ma\\\/\",\"logo\":{\"@type\":\"ImageObject\",\"inLanguage\":\"ar\",\"@id\":\"https:\\\/\\\/vitablanca.ma\\\/#\\\/schema\\\/logo\\\/image\\\/\",\"url\":\"https:\\\/\\\/vitablanca.ma\\\/wp-content\\\/uploads\\\/2025\\\/05\\\/cropped-vitablanca.png\",\"contentUrl\":\"https:\\\/\\\/vitablanca.ma\\\/wp-content\\\/uploads\\\/2025\\\/05\\\/cropped-vitablanca.png\",\"width\":360,\"height\":67,\"caption\":\"VitaBlanca\"},\"image\":{\"@id\":\"https:\\\/\\\/vitablanca.ma\\\/#\\\/schema\\\/logo\\\/image\\\/\"},\"sameAs\":[\"https:\\\/\\\/www.facebook.com\\\/profile.php?id=61576678196717\",\"https:\\\/\\\/www.tiktok.com\\\/@vitablanca.ma\",\"https:\\\/\\\/www.instagram.com\\\/vitablanca.ma\\\/\"]}]}<\/script>\n<!-- \/ Yoast SEO plugin. -->","yoast_head_json":{"title":"Sports Research D3 + K2 Herbal 120 Softgels V\u00e9g \u2013 Maroc Prix","description":"Sports Research D3 + K2 Herbal, 120 softgels v\u00e9g\u00e9tales. Soutient la sant\u00e9 des os, du c\u0153ur et l\u2019absorption du calcium. Disponible au Maroc.","robots":{"index":"index","follow":"follow","max-snippet":"max-snippet:-1","max-image-preview":"max-image-preview:large","max-video-preview":"max-video-preview:-1"},"canonical":"https:\/\/vitablanca.ma\/ar\/product-2\/sports-research-d3-k2-herbal-120-vegetarian-softgels-maroc-prix\/","og_locale":"ar_AR","og_type":"article","og_title":"Sports Research D3 + K2 Herbal 120 Softgels V\u00e9g \u2013 Maroc Prix","og_description":"Sports Research D3 + K2 Herbal, 120 softgels v\u00e9g\u00e9tales. Soutient la sant\u00e9 des os, du c\u0153ur et l\u2019absorption du calcium. Disponible au Maroc.","og_url":"https:\/\/vitablanca.ma\/ar\/product-2\/sports-research-d3-k2-herbal-120-vegetarian-softgels-maroc-prix\/","og_site_name":"Vitablanca.ma &ndash; Sant&eacute;, vitalit&eacute; et bien-&ecirc;tre pour tous les Marocains","article_publisher":"https:\/\/www.facebook.com\/profile.php?id=61576678196717","article_modified_time":"2026-03-02T04:15:39+00:00","og_image":[{"width":1600,"height":1600,"url":"https:\/\/vitablanca.ma\/wp-content\/uploads\/2026\/02\/Sports-Research-D3-K2-Herbal-120-Vegetarian-Softgels1.jpg","type":"image\/jpeg"}],"twitter_card":"summary_large_image","twitter_misc":{"\u0648\u0642\u062a \u0627\u0644\u0642\u0631\u0627\u0621\u0629 \u0627\u0644\u0645\u064f\u0642\u062f\u0651\u0631":"\u062f\u0642\u064a\u0642\u062a\u0627\u0646"},"schema":{"@context":"https:\/\/schema.org","@graph":[{"@type":["WebPage","ItemPage"],"@id":"https:\/\/vitablanca.ma\/produit\/sports-research-d3-k2-herbal-120-vegetarian-softgels-maroc-prix\/","url":"https:\/\/vitablanca.ma\/produit\/sports-research-d3-k2-herbal-120-vegetarian-softgels-maroc-prix\/","name":"Sports Research D3 + K2 Herbal 120 Softgels V\u00e9g \u2013 Maroc Prix","isPartOf":{"@id":"https:\/\/vitablanca.ma\/#website"},"primaryImageOfPage":{"@id":"https:\/\/vitablanca.ma\/produit\/sports-research-d3-k2-herbal-120-vegetarian-softgels-maroc-prix\/#primaryimage"},"image":{"@id":"https:\/\/vitablanca.ma\/produit\/sports-research-d3-k2-herbal-120-vegetarian-softgels-maroc-prix\/#primaryimage"},"thumbnailUrl":"https:\/\/vitablanca.ma\/wp-content\/uploads\/2026\/02\/Sports-Research-D3-K2-Herbal-120-Vegetarian-Softgels1.jpg","datePublished":"2026-02-17T14:28:09+00:00","dateModified":"2026-03-02T04:15:39+00:00","description":"Sports Research D3 + K2 Herbal, 120 softgels v\u00e9g\u00e9tales. Soutient la sant\u00e9 des os, du c\u0153ur et l\u2019absorption du calcium. Disponible au Maroc.","breadcrumb":{"@id":"https:\/\/vitablanca.ma\/produit\/sports-research-d3-k2-herbal-120-vegetarian-softgels-maroc-prix\/#breadcrumb"},"inLanguage":"ar","potentialAction":[{"@type":"ReadAction","target":["https:\/\/vitablanca.ma\/produit\/sports-research-d3-k2-herbal-120-vegetarian-softgels-maroc-prix\/"]}]},{"@type":"ImageObject","inLanguage":"ar","@id":"https:\/\/vitablanca.ma\/produit\/sports-research-d3-k2-herbal-120-vegetarian-softgels-maroc-prix\/#primaryimage","url":"https:\/\/vitablanca.ma\/wp-content\/uploads\/2026\/02\/Sports-Research-D3-K2-Herbal-120-Vegetarian-Softgels1.jpg","contentUrl":"https:\/\/vitablanca.ma\/wp-content\/uploads\/2026\/02\/Sports-Research-D3-K2-Herbal-120-Vegetarian-Softgels1.jpg","width":1600,"height":1600},{"@type":"BreadcrumbList","@id":"https:\/\/vitablanca.ma\/produit\/sports-research-d3-k2-herbal-120-vegetarian-softgels-maroc-prix\/#breadcrumb","itemListElement":[{"@type":"ListItem","position":1,"name":"Home","item":"https:\/\/vitablanca.ma\/"},{"@type":"ListItem","position":2,"name":"Tous Les Produits","item":"https:\/\/vitablanca.ma\/tous-les-produits\/"},{"@type":"ListItem","position":3,"name":"Sports Research, D3 + K2, Herbal, 120 Vegetarian Softgels"}]},{"@type":"WebSite","@id":"https:\/\/vitablanca.ma\/#website","url":"https:\/\/vitablanca.ma\/","name":"VitaBlanca.ma | \u0627\u0644\u0645\u0643\u0645\u0644\u0627\u062a \u0627\u0644\u063a\u0630\u0627\u0626\u064a\u0629\u060c \u0627\u0644\u0635\u062d\u0629 \u0648\u0627\u0644\u062c\u0645\u0627\u0644 \u0641\u064a \u0627\u0644\u0645\u063a\u0631\u0628","description":"\u0646\u0628\u064a\u0639 \u0641\u064a\u062a\u0627\u0645\u064a\u0646\u0627\u062a \u0648\u0645\u0643\u0645\u0644\u0627\u062a \u063a\u0630\u0627\u0626\u064a\u0629 \u0641\u0627\u062e\u0631\u0629 \u0645\u0646 \u0627\u0644\u0648\u0644\u0627\u064a\u0627\u062a \u0627\u0644\u0645\u062a\u062d\u062f\u0629 \u0627\u0644\u0623\u0645\u0631\u064a\u0643\u064a\u0629 \u0648\u0643\u0646\u062f\u0627 \u0648\u0646\u064a\u0648\u0632\u064a\u0644\u0646\u062f\u0627 \u0648\u0627\u0644\u0645\u063a\u0631\u0628 (\u0646\u0627\u0648 \u0641\u0648\u062f\u0632\u060c \u0633\u0648\u0644\u062c\u0627\u0631\u060c \u0645\u0627\u0646\u0648\u0643\u0627). \u062a\u0648\u0635\u064a\u0644 \u0633\u0631\u064a\u0639 \u0625\u0644\u0649 \u062c\u0645\u064a\u0639 \u0623\u0646\u062d\u0627\u0621 \u0627\u0644\u0645\u063a\u0631\u0628.","publisher":{"@id":"https:\/\/vitablanca.ma\/#organization"},"alternateName":"VitaBlanca.ma","potentialAction":[{"@type":"SearchAction","target":{"@type":"EntryPoint","urlTemplate":"https:\/\/vitablanca.ma\/?s={search_term_string}"},"query-input":{"@type":"PropertyValueSpecification","valueRequired":true,"valueName":"search_term_string"}}],"inLanguage":"ar"},{"@type":"Organization","@id":"https:\/\/vitablanca.ma\/#organization","name":"\u0641\u064a\u062a\u0627\u0628\u0644\u0627\u0646\u0643\u0627","url":"https:\/\/vitablanca.ma\/","logo":{"@type":"ImageObject","inLanguage":"ar","@id":"https:\/\/vitablanca.ma\/#\/schema\/logo\/image\/","url":"https:\/\/vitablanca.ma\/wp-content\/uploads\/2025\/05\/cropped-vitablanca.png","contentUrl":"https:\/\/vitablanca.ma\/wp-content\/uploads\/2025\/05\/cropped-vitablanca.png","width":360,"height":67,"caption":"VitaBlanca"},"image":{"@id":"https:\/\/vitablanca.ma\/#\/schema\/logo\/image\/"},"sameAs":["https:\/\/www.facebook.com\/profile.php?id=61576678196717","https:\/\/www.tiktok.com\/@vitablanca.ma","https:\/\/www.instagram.com\/vitablanca.ma\/"]}]}},"jetpack_sharing_enabled":true,"_links":{"self":[{"href":"https:\/\/vitablanca.ma\/ar\/wp-json\/wp\/v2\/product\/30096","targetHints":{"allow":["GET"]}}],"collection":[{"href":"https:\/\/vitablanca.ma\/ar\/wp-json\/wp\/v2\/product"}],"about":[{"href":"https:\/\/vitablanca.ma\/ar\/wp-json\/wp\/v2\/types\/product"}],"wp:featuredmedia":[{"embeddable":true,"href":"https:\/\/vitablanca.ma\/ar\/wp-json\/wp\/v2\/media\/30097"}],"wp:attachment":[{"href":"https:\/\/vitablanca.ma\/ar\/wp-json\/wp\/v2\/media?parent=30096"}],"wp:term":[{"taxonomy":"product_brand","embeddable":true,"href":"https:\/\/vitablanca.ma\/ar\/wp-json\/wp\/v2\/product_brand?post=30096"},{"taxonomy":"product_cat","embeddable":true,"href":"https:\/\/vitablanca.ma\/ar\/wp-json\/wp\/v2\/product_cat?post=30096"},{"taxonomy":"product_tag","embeddable":true,"href":"https:\/\/vitablanca.ma\/ar\/wp-json\/wp\/v2\/product_tag?post=30096"}],"curies":[{"name":"wp","href":"https:\/\/api.w.org\/{rel}","templated":true}]}}