{"id":29986,"date":"2026-02-14T22:47:33","date_gmt":"2026-02-14T22:47:33","guid":{"rendered":"https:\/\/vitablanca.ma\/?post_type=product&#038;p=29986"},"modified":"2026-02-21T16:11:21","modified_gmt":"2026-02-21T16:11:21","slug":"nutricost-vitamin-k2-mk7-100-mcg-vitamin-d3-5000-iu-120-capsules-maroc-prix","status":"publish","type":"product","link":"https:\/\/vitablanca.ma\/ar\/product-2\/nutricost-vitamin-k2-mk7-100-mcg-vitamin-d3-5000-iu-120-capsules-maroc-prix\/","title":{"rendered":"Nutricost Vitamin K2 MK7, 100 mcg Vitamin D3 5000 IU, 120 capsules"},"content":{"rendered":"<div class=\"row item-row\">\n<div class=\"col-xs-24\">\n<div>\n<p>Aide \u00e0 l&rsquo;activation de Matrix GLA, une prot\u00e9ine qui aide \u00e0 pr\u00e9venir l&rsquo;accumulation de calcium. 100\u00a0\u00b5g de vitamine\u00a0K2 (mk7) et 5000\u00a0UI de vitamine\u00a0D3 dans chaque portion.<\/p>\n<\/div>\n<\/div>\n<\/div>\n<div class=\"row item-row\">\n<div class=\"col-xs-24\">\n<h3><strong>\u0627\u0644\u0627\u0633\u062a\u062e\u062f\u0627\u0645 \u0627\u0644\u0645\u0642\u062a\u0631\u062d<\/strong><\/h3>\n<div class=\"prodOverviewDetail\">\n<p>En tant que compl\u00e9ment alimentaire, prenez 1\u00a0capsule \u00e0 enveloppe molle par jour avec 240 \u00e0 300\u00a0ml d&rsquo;eau ou suivez les instructions de votre professionnel de la sant\u00e9.<\/p>\n<\/div>\n<\/div>\n<\/div>\n<div class=\"row item-row\">\n<div class=\"col-xs-24\">\n<h3><strong>\u0627\u0644\u0645\u0643\u0648\u0646\u0627\u062a \u0627\u0644\u0623\u062e\u0631\u0649<\/strong><\/h3>\n<div class=\"prodOverviewIngred\">\n<p>Capsule molle (g\u00e9lification, glyc\u00e9rol, eau purifi\u00e9e, couleur ajout\u00e9e), huile de tournesol.<\/p>\n<\/div>\n<\/div>\n<\/div>\n<div class=\"row item-row\">\n<div class=\"col-xs-24\">\n<h3><strong>\u062a\u062d\u0630\u064a\u0631\u0627\u062a<\/strong><\/h3>\n<div class=\"prodOverviewDetail\">\n<p>Pour les personnes en bonne sant\u00e9 de 18\u00a0ans et plus. Si vous \u00eates enceinte, allaitez, prenez des m\u00e9dicaments ou souffrez d&rsquo;une affection m\u00e9dicale, consultez un professionnel de la sant\u00e9 avant d&rsquo;utiliser ce produit. Tenir hors de port\u00e9e des enfants. Ne pas utiliser si l&rsquo;opercule de protection est perc\u00e9 ou manquant.<\/p>\n<p><strong>Avertissement\u00a0:<\/strong>\u00a0\u00c0 conserver dans un endroit frais et sec.<\/p>\n<table border=\"1\" width=\"100%\" cellspacing=\"0\" cellpadding=\"3\">\n<tbody>\n<tr align=\"left\" valign=\"top\">\n<td colspan=\"3\"><strong>\u0645\u0644\u0643\u064a\u0627\u062a<\/strong><\/td>\n<\/tr>\n<tr align=\"left\" valign=\"top\">\n<td colspan=\"3\"><strong>Portion\u00a0:\u00a0<\/strong>1\u00a0capsule \u00e0 enveloppe molle<\/td>\n<\/tr>\n<tr align=\"left\" valign=\"top\">\n<td colspan=\"3\"><strong>Portions par contenant\u00a0:\u00a0<\/strong>120<\/td>\n<\/tr>\n<tr align=\"left\" valign=\"top\">\n<td width=\"70%\"><\/td>\n<td width=\"15%\"><strong>Quantit\u00e9 par portion<\/strong><\/td>\n<td width=\"15%\"><strong>%\u00a0D&rsquo;AJ<\/strong><\/td>\n<\/tr>\n<tr align=\"left\" valign=\"top\">\n<td>Calories<\/td>\n<td>5<\/td>\n<td><\/td>\n<\/tr>\n<tr align=\"left\" valign=\"top\">\n<td>Vitamine\u00a0D3 (sous forme de chol\u00e9calcif\u00e9rol)<\/td>\n<td>125\u00a0\u00b5g (5000\u00a0UI)<\/td>\n<td>625\u00a0%<\/td>\n<\/tr>\n<tr align=\"left\" valign=\"top\">\n<td>Vitamine\u00a0K2 (sous forme de m\u00e9naquinone-7)<\/td>\n<td>100\u00a0\u00b5g<\/td>\n<td>83\u00a0%<\/td>\n<\/tr>\n<tr align=\"left\" valign=\"top\">\n<td colspan=\"3\">*Pourcentage d&rsquo;apport journalier (AJ) bas\u00e9 sur un r\u00e9gime \u00e0 2000\u00a0calories.<\/td>\n<\/tr>\n<\/tbody>\n<\/table>\n<\/div>\n<\/div>\n<\/div>","protected":false},"excerpt":{"rendered":"<ul>\n<li>100\u00a0\u00b5g de vitamine\u00a0K2 par portion<\/li>\n<li>125\u00a0\u00b5g de vitamine\u00a0D3 par portion<\/li>\n<li>\u0645\u0643\u0645\u0644 \u063a\u0630\u0627\u0626\u064a<\/li>\n<li>Qualit\u00e9 garantie Nutricost\u00ae<\/li>\n<li>Test\u00e9e par un organisme ind\u00e9pendant<\/li>\n<li>\u00c9tablissement respectant les BPF<\/li>\n<li>Produit sans OGM<\/li>\n<li>\u062e\u0627\u0644\u064a \u0645\u0646 \u0627\u0644\u063a\u0644\u0648\u062a\u064a\u0646<\/li>\n<\/ul>","protected":false},"featured_media":29987,"template":"","meta":{"om_disable_all_campaigns":false},"product_brand":[3310],"product_cat":[18,8967,3366,7976,7963,9031],"product_tag":[8945,181,1780,3492,8944,8913,5201,813,456,8943],"class_list":{"0":"post-29986","1":"product","2":"type-product","3":"status-publish","4":"has-post-thumbnail","6":"product_brand-nutricost-maroc-prix","7":"product_cat-beaute-sante","8":"product_cat-complements","9":"product_cat-complements-alimentaires-au-maroc-vitablanca","10":"product_cat-vitamine-k-2","11":"product_cat-vitamines-2","12":"product_cat-vitamines-d3-et-k2","13":"product_tag-5000-iu","14":"product_tag-complement-alimentaire","15":"product_tag-immunite","16":"product_tag-maroc","17":"product_tag-mk-7","18":"product_tag-nutricost","19":"product_tag-sante-cardiaque","20":"product_tag-sante-osseuse","21":"product_tag-vitamin-d3","22":"product_tag-vitamin-k2","24":"first","25":"instock","26":"sale","27":"taxable","28":"shipping-taxable","29":"purchasable","30":"product-type-simple"},"yoast_head":"<!-- This site is optimized with the Yoast SEO plugin v27.3 - https:\/\/yoast.com\/product\/yoast-seo-wordpress\/ -->\n<title>Nutricost Vitamin K2 MK-7 100 mcg + D3 5000 IU 120 \u2013 Maroc Prix<\/title>\n<meta name=\"description\" content=\"Nutricost Vitamine K2 MK-7 100 mcg + Vitamine D3 5000 IU, 120 capsules. Soutient la sant\u00e9 des os, du c\u0153ur et l\u2019immunit\u00e9. Disponible au Maroc.\" \/>\n<meta name=\"robots\" content=\"index, follow, max-snippet:-1, max-image-preview:large, max-video-preview:-1\" \/>\n<link rel=\"canonical\" href=\"https:\/\/vitablanca.ma\/ar\/product-2\/nutricost-vitamin-k2-mk7-100-mcg-vitamin-d3-5000-iu-120-capsules-maroc-prix\/\" \/>\n<meta property=\"og:locale\" content=\"ar_AR\" \/>\n<meta property=\"og:type\" content=\"article\" \/>\n<meta property=\"og:title\" content=\"Nutricost Vitamin K2 MK-7 100 mcg + D3 5000 IU 120 \u2013 Maroc Prix\" \/>\n<meta property=\"og:description\" content=\"Nutricost Vitamine K2 MK-7 100 mcg + Vitamine D3 5000 IU, 120 capsules. Soutient la sant\u00e9 des os, du c\u0153ur et l\u2019immunit\u00e9. Disponible au Maroc.\" \/>\n<meta property=\"og:url\" content=\"https:\/\/vitablanca.ma\/ar\/product-2\/nutricost-vitamin-k2-mk7-100-mcg-vitamin-d3-5000-iu-120-capsules-maroc-prix\/\" \/>\n<meta property=\"og:site_name\" content=\"Vitablanca.ma &ndash; Sant&eacute;, vitalit&eacute; et bien-&ecirc;tre pour tous les Marocains\" \/>\n<meta property=\"article:publisher\" content=\"https:\/\/www.facebook.com\/profile.php?id=61576678196717\" \/>\n<meta property=\"article:modified_time\" content=\"2026-02-21T16:11:21+00:00\" \/>\n<meta property=\"og:image\" content=\"https:\/\/vitablanca.ma\/wp-content\/uploads\/2026\/02\/Nutricost-Vitamin-K2-MK7-100-mcg-Vitamin-D3-5000-IU-120-capsules1.jpg\" \/>\n\t<meta property=\"og:image:width\" content=\"1600\" \/>\n\t<meta property=\"og:image:height\" content=\"1600\" \/>\n\t<meta property=\"og:image:type\" content=\"image\/jpeg\" \/>\n<meta name=\"twitter:card\" content=\"summary_large_image\" \/>\n<meta name=\"twitter:label1\" content=\"\u0648\u0642\u062a \u0627\u0644\u0642\u0631\u0627\u0621\u0629 \u0627\u0644\u0645\u064f\u0642\u062f\u0651\u0631\" \/>\n\t<meta name=\"twitter:data1\" content=\"\u062f\u0642\u064a\u0642\u062a\u0627\u0646\" \/>\n<script type=\"application\/ld+json\" class=\"yoast-schema-graph\">{\"@context\":\"https:\\\/\\\/schema.org\",\"@graph\":[{\"@type\":[\"WebPage\",\"ItemPage\"],\"@id\":\"https:\\\/\\\/vitablanca.ma\\\/produit\\\/nutricost-vitamin-k2-mk7-100-mcg-vitamin-d3-5000-iu-120-capsules-maroc-prix\\\/\",\"url\":\"https:\\\/\\\/vitablanca.ma\\\/produit\\\/nutricost-vitamin-k2-mk7-100-mcg-vitamin-d3-5000-iu-120-capsules-maroc-prix\\\/\",\"name\":\"Nutricost Vitamin K2 MK-7 100 mcg + D3 5000 IU 120 \u2013 Maroc Prix\",\"isPartOf\":{\"@id\":\"https:\\\/\\\/vitablanca.ma\\\/#website\"},\"primaryImageOfPage\":{\"@id\":\"https:\\\/\\\/vitablanca.ma\\\/produit\\\/nutricost-vitamin-k2-mk7-100-mcg-vitamin-d3-5000-iu-120-capsules-maroc-prix\\\/#primaryimage\"},\"image\":{\"@id\":\"https:\\\/\\\/vitablanca.ma\\\/produit\\\/nutricost-vitamin-k2-mk7-100-mcg-vitamin-d3-5000-iu-120-capsules-maroc-prix\\\/#primaryimage\"},\"thumbnailUrl\":\"https:\\\/\\\/vitablanca.ma\\\/wp-content\\\/uploads\\\/2026\\\/02\\\/Nutricost-Vitamin-K2-MK7-100-mcg-Vitamin-D3-5000-IU-120-capsules1.jpg\",\"datePublished\":\"2026-02-14T22:47:33+00:00\",\"dateModified\":\"2026-02-21T16:11:21+00:00\",\"description\":\"Nutricost Vitamine K2 MK-7 100 mcg + Vitamine D3 5000 IU, 120 capsules. Soutient la sant\u00e9 des os, du c\u0153ur et l\u2019immunit\u00e9. Disponible au Maroc.\",\"breadcrumb\":{\"@id\":\"https:\\\/\\\/vitablanca.ma\\\/produit\\\/nutricost-vitamin-k2-mk7-100-mcg-vitamin-d3-5000-iu-120-capsules-maroc-prix\\\/#breadcrumb\"},\"inLanguage\":\"ar\",\"potentialAction\":[{\"@type\":\"ReadAction\",\"target\":[\"https:\\\/\\\/vitablanca.ma\\\/produit\\\/nutricost-vitamin-k2-mk7-100-mcg-vitamin-d3-5000-iu-120-capsules-maroc-prix\\\/\"]}]},{\"@type\":\"ImageObject\",\"inLanguage\":\"ar\",\"@id\":\"https:\\\/\\\/vitablanca.ma\\\/produit\\\/nutricost-vitamin-k2-mk7-100-mcg-vitamin-d3-5000-iu-120-capsules-maroc-prix\\\/#primaryimage\",\"url\":\"https:\\\/\\\/vitablanca.ma\\\/wp-content\\\/uploads\\\/2026\\\/02\\\/Nutricost-Vitamin-K2-MK7-100-mcg-Vitamin-D3-5000-IU-120-capsules1.jpg\",\"contentUrl\":\"https:\\\/\\\/vitablanca.ma\\\/wp-content\\\/uploads\\\/2026\\\/02\\\/Nutricost-Vitamin-K2-MK7-100-mcg-Vitamin-D3-5000-IU-120-capsules1.jpg\",\"width\":1600,\"height\":1600},{\"@type\":\"BreadcrumbList\",\"@id\":\"https:\\\/\\\/vitablanca.ma\\\/produit\\\/nutricost-vitamin-k2-mk7-100-mcg-vitamin-d3-5000-iu-120-capsules-maroc-prix\\\/#breadcrumb\",\"itemListElement\":[{\"@type\":\"ListItem\",\"position\":1,\"name\":\"Home\",\"item\":\"https:\\\/\\\/vitablanca.ma\\\/\"},{\"@type\":\"ListItem\",\"position\":2,\"name\":\"Tous Les Produits\",\"item\":\"https:\\\/\\\/vitablanca.ma\\\/tous-les-produits\\\/\"},{\"@type\":\"ListItem\",\"position\":3,\"name\":\"Nutricost Vitamin K2 MK7, 100 mcg Vitamin D3 5000 IU, 120 capsules\"}]},{\"@type\":\"WebSite\",\"@id\":\"https:\\\/\\\/vitablanca.ma\\\/#website\",\"url\":\"https:\\\/\\\/vitablanca.ma\\\/\",\"name\":\"VitaBlanca.ma | Compl\u00e9ments alimentaires, sant\u00e9 & beaut\u00e9 au Maroc\",\"description\":\"vendre vitamines et compl\u00e9ments premium des USA &amp; Canada, Nouvelle Z\u00e9lande,Maroc (NOW Foods, Solgar, Manuka). Livraison rapide partout au Maroc.\",\"publisher\":{\"@id\":\"https:\\\/\\\/vitablanca.ma\\\/#organization\"},\"alternateName\":\"VitaBlanca.ma\",\"potentialAction\":[{\"@type\":\"SearchAction\",\"target\":{\"@type\":\"EntryPoint\",\"urlTemplate\":\"https:\\\/\\\/vitablanca.ma\\\/?s={search_term_string}\"},\"query-input\":{\"@type\":\"PropertyValueSpecification\",\"valueRequired\":true,\"valueName\":\"search_term_string\"}}],\"inLanguage\":\"ar\"},{\"@type\":\"Organization\",\"@id\":\"https:\\\/\\\/vitablanca.ma\\\/#organization\",\"name\":\"VitaBlanca\",\"url\":\"https:\\\/\\\/vitablanca.ma\\\/\",\"logo\":{\"@type\":\"ImageObject\",\"inLanguage\":\"ar\",\"@id\":\"https:\\\/\\\/vitablanca.ma\\\/#\\\/schema\\\/logo\\\/image\\\/\",\"url\":\"https:\\\/\\\/vitablanca.ma\\\/wp-content\\\/uploads\\\/2025\\\/05\\\/cropped-vitablanca.png\",\"contentUrl\":\"https:\\\/\\\/vitablanca.ma\\\/wp-content\\\/uploads\\\/2025\\\/05\\\/cropped-vitablanca.png\",\"width\":360,\"height\":67,\"caption\":\"VitaBlanca\"},\"image\":{\"@id\":\"https:\\\/\\\/vitablanca.ma\\\/#\\\/schema\\\/logo\\\/image\\\/\"},\"sameAs\":[\"https:\\\/\\\/www.facebook.com\\\/profile.php?id=61576678196717\",\"https:\\\/\\\/www.tiktok.com\\\/@vitablanca.ma\",\"https:\\\/\\\/www.instagram.com\\\/vitablanca.ma\\\/\"]}]}<\/script>\n<!-- \/ Yoast SEO plugin. -->","yoast_head_json":{"title":"Nutricost Vitamin K2 MK-7 100 mcg + D3 5000 IU 120 \u2013 Maroc Prix","description":"Nutricost Vitamine K2 MK-7 100 mcg + Vitamine D3 5000 IU, 120 capsules. Soutient la sant\u00e9 des os, du c\u0153ur et l\u2019immunit\u00e9. Disponible au Maroc.","robots":{"index":"index","follow":"follow","max-snippet":"max-snippet:-1","max-image-preview":"max-image-preview:large","max-video-preview":"max-video-preview:-1"},"canonical":"https:\/\/vitablanca.ma\/ar\/product-2\/nutricost-vitamin-k2-mk7-100-mcg-vitamin-d3-5000-iu-120-capsules-maroc-prix\/","og_locale":"ar_AR","og_type":"article","og_title":"Nutricost Vitamin K2 MK-7 100 mcg + D3 5000 IU 120 \u2013 Maroc Prix","og_description":"Nutricost Vitamine K2 MK-7 100 mcg + Vitamine D3 5000 IU, 120 capsules. Soutient la sant\u00e9 des os, du c\u0153ur et l\u2019immunit\u00e9. Disponible au Maroc.","og_url":"https:\/\/vitablanca.ma\/ar\/product-2\/nutricost-vitamin-k2-mk7-100-mcg-vitamin-d3-5000-iu-120-capsules-maroc-prix\/","og_site_name":"Vitablanca.ma &ndash; Sant&eacute;, vitalit&eacute; et bien-&ecirc;tre pour tous les Marocains","article_publisher":"https:\/\/www.facebook.com\/profile.php?id=61576678196717","article_modified_time":"2026-02-21T16:11:21+00:00","og_image":[{"width":1600,"height":1600,"url":"https:\/\/vitablanca.ma\/wp-content\/uploads\/2026\/02\/Nutricost-Vitamin-K2-MK7-100-mcg-Vitamin-D3-5000-IU-120-capsules1.jpg","type":"image\/jpeg"}],"twitter_card":"summary_large_image","twitter_misc":{"\u0648\u0642\u062a \u0627\u0644\u0642\u0631\u0627\u0621\u0629 \u0627\u0644\u0645\u064f\u0642\u062f\u0651\u0631":"\u062f\u0642\u064a\u0642\u062a\u0627\u0646"},"schema":{"@context":"https:\/\/schema.org","@graph":[{"@type":["WebPage","ItemPage"],"@id":"https:\/\/vitablanca.ma\/produit\/nutricost-vitamin-k2-mk7-100-mcg-vitamin-d3-5000-iu-120-capsules-maroc-prix\/","url":"https:\/\/vitablanca.ma\/produit\/nutricost-vitamin-k2-mk7-100-mcg-vitamin-d3-5000-iu-120-capsules-maroc-prix\/","name":"Nutricost Vitamin K2 MK-7 100 mcg + D3 5000 IU 120 \u2013 Maroc Prix","isPartOf":{"@id":"https:\/\/vitablanca.ma\/#website"},"primaryImageOfPage":{"@id":"https:\/\/vitablanca.ma\/produit\/nutricost-vitamin-k2-mk7-100-mcg-vitamin-d3-5000-iu-120-capsules-maroc-prix\/#primaryimage"},"image":{"@id":"https:\/\/vitablanca.ma\/produit\/nutricost-vitamin-k2-mk7-100-mcg-vitamin-d3-5000-iu-120-capsules-maroc-prix\/#primaryimage"},"thumbnailUrl":"https:\/\/vitablanca.ma\/wp-content\/uploads\/2026\/02\/Nutricost-Vitamin-K2-MK7-100-mcg-Vitamin-D3-5000-IU-120-capsules1.jpg","datePublished":"2026-02-14T22:47:33+00:00","dateModified":"2026-02-21T16:11:21+00:00","description":"Nutricost Vitamine K2 MK-7 100 mcg + Vitamine D3 5000 IU, 120 capsules. Soutient la sant\u00e9 des os, du c\u0153ur et l\u2019immunit\u00e9. Disponible au Maroc.","breadcrumb":{"@id":"https:\/\/vitablanca.ma\/produit\/nutricost-vitamin-k2-mk7-100-mcg-vitamin-d3-5000-iu-120-capsules-maroc-prix\/#breadcrumb"},"inLanguage":"ar","potentialAction":[{"@type":"ReadAction","target":["https:\/\/vitablanca.ma\/produit\/nutricost-vitamin-k2-mk7-100-mcg-vitamin-d3-5000-iu-120-capsules-maroc-prix\/"]}]},{"@type":"ImageObject","inLanguage":"ar","@id":"https:\/\/vitablanca.ma\/produit\/nutricost-vitamin-k2-mk7-100-mcg-vitamin-d3-5000-iu-120-capsules-maroc-prix\/#primaryimage","url":"https:\/\/vitablanca.ma\/wp-content\/uploads\/2026\/02\/Nutricost-Vitamin-K2-MK7-100-mcg-Vitamin-D3-5000-IU-120-capsules1.jpg","contentUrl":"https:\/\/vitablanca.ma\/wp-content\/uploads\/2026\/02\/Nutricost-Vitamin-K2-MK7-100-mcg-Vitamin-D3-5000-IU-120-capsules1.jpg","width":1600,"height":1600},{"@type":"BreadcrumbList","@id":"https:\/\/vitablanca.ma\/produit\/nutricost-vitamin-k2-mk7-100-mcg-vitamin-d3-5000-iu-120-capsules-maroc-prix\/#breadcrumb","itemListElement":[{"@type":"ListItem","position":1,"name":"Home","item":"https:\/\/vitablanca.ma\/"},{"@type":"ListItem","position":2,"name":"Tous Les Produits","item":"https:\/\/vitablanca.ma\/tous-les-produits\/"},{"@type":"ListItem","position":3,"name":"Nutricost Vitamin K2 MK7, 100 mcg Vitamin D3 5000 IU, 120 capsules"}]},{"@type":"WebSite","@id":"https:\/\/vitablanca.ma\/#website","url":"https:\/\/vitablanca.ma\/","name":"VitaBlanca.ma | \u0627\u0644\u0645\u0643\u0645\u0644\u0627\u062a \u0627\u0644\u063a\u0630\u0627\u0626\u064a\u0629\u060c \u0627\u0644\u0635\u062d\u0629 \u0648\u0627\u0644\u062c\u0645\u0627\u0644 \u0641\u064a \u0627\u0644\u0645\u063a\u0631\u0628","description":"\u0646\u0628\u064a\u0639 \u0641\u064a\u062a\u0627\u0645\u064a\u0646\u0627\u062a \u0648\u0645\u0643\u0645\u0644\u0627\u062a \u063a\u0630\u0627\u0626\u064a\u0629 \u0641\u0627\u062e\u0631\u0629 \u0645\u0646 \u0627\u0644\u0648\u0644\u0627\u064a\u0627\u062a \u0627\u0644\u0645\u062a\u062d\u062f\u0629 \u0627\u0644\u0623\u0645\u0631\u064a\u0643\u064a\u0629 \u0648\u0643\u0646\u062f\u0627 \u0648\u0646\u064a\u0648\u0632\u064a\u0644\u0646\u062f\u0627 \u0648\u0627\u0644\u0645\u063a\u0631\u0628 (\u0646\u0627\u0648 \u0641\u0648\u062f\u0632\u060c \u0633\u0648\u0644\u062c\u0627\u0631\u060c \u0645\u0627\u0646\u0648\u0643\u0627). \u062a\u0648\u0635\u064a\u0644 \u0633\u0631\u064a\u0639 \u0625\u0644\u0649 \u062c\u0645\u064a\u0639 \u0623\u0646\u062d\u0627\u0621 \u0627\u0644\u0645\u063a\u0631\u0628.","publisher":{"@id":"https:\/\/vitablanca.ma\/#organization"},"alternateName":"VitaBlanca.ma","potentialAction":[{"@type":"SearchAction","target":{"@type":"EntryPoint","urlTemplate":"https:\/\/vitablanca.ma\/?s={search_term_string}"},"query-input":{"@type":"PropertyValueSpecification","valueRequired":true,"valueName":"search_term_string"}}],"inLanguage":"ar"},{"@type":"Organization","@id":"https:\/\/vitablanca.ma\/#organization","name":"\u0641\u064a\u062a\u0627\u0628\u0644\u0627\u0646\u0643\u0627","url":"https:\/\/vitablanca.ma\/","logo":{"@type":"ImageObject","inLanguage":"ar","@id":"https:\/\/vitablanca.ma\/#\/schema\/logo\/image\/","url":"https:\/\/vitablanca.ma\/wp-content\/uploads\/2025\/05\/cropped-vitablanca.png","contentUrl":"https:\/\/vitablanca.ma\/wp-content\/uploads\/2025\/05\/cropped-vitablanca.png","width":360,"height":67,"caption":"VitaBlanca"},"image":{"@id":"https:\/\/vitablanca.ma\/#\/schema\/logo\/image\/"},"sameAs":["https:\/\/www.facebook.com\/profile.php?id=61576678196717","https:\/\/www.tiktok.com\/@vitablanca.ma","https:\/\/www.instagram.com\/vitablanca.ma\/"]}]}},"jetpack_sharing_enabled":true,"_links":{"self":[{"href":"https:\/\/vitablanca.ma\/ar\/wp-json\/wp\/v2\/product\/29986","targetHints":{"allow":["GET"]}}],"collection":[{"href":"https:\/\/vitablanca.ma\/ar\/wp-json\/wp\/v2\/product"}],"about":[{"href":"https:\/\/vitablanca.ma\/ar\/wp-json\/wp\/v2\/types\/product"}],"wp:featuredmedia":[{"embeddable":true,"href":"https:\/\/vitablanca.ma\/ar\/wp-json\/wp\/v2\/media\/29987"}],"wp:attachment":[{"href":"https:\/\/vitablanca.ma\/ar\/wp-json\/wp\/v2\/media?parent=29986"}],"wp:term":[{"taxonomy":"product_brand","embeddable":true,"href":"https:\/\/vitablanca.ma\/ar\/wp-json\/wp\/v2\/product_brand?post=29986"},{"taxonomy":"product_cat","embeddable":true,"href":"https:\/\/vitablanca.ma\/ar\/wp-json\/wp\/v2\/product_cat?post=29986"},{"taxonomy":"product_tag","embeddable":true,"href":"https:\/\/vitablanca.ma\/ar\/wp-json\/wp\/v2\/product_tag?post=29986"}],"curies":[{"name":"wp","href":"https:\/\/api.w.org\/{rel}","templated":true}]}}