{"id":29902,"date":"2026-02-13T14:37:30","date_gmt":"2026-02-13T14:37:30","guid":{"rendered":"https:\/\/vitablanca.ma\/?post_type=product&#038;p=29902"},"modified":"2026-02-21T16:11:24","modified_gmt":"2026-02-21T16:11:24","slug":"sports-research-mct-oil-coconut-oil-3000-mg-120-capsules-maroc-prix","status":"publish","type":"product","link":"https:\/\/vitablanca.ma\/ar\/product-2\/sports-research-mct-oil-coconut-oil-3000-mg-120-capsules-maroc-prix\/","title":{"rendered":"Sports Research MCT Oil, Coconut Oil 3000 mg, 120 capsules"},"content":{"rendered":"<div class=\"row item-row\">\n<div class=\"col-xs-24\">\n<h3><strong>Usage sugg\u00e9r\u00e9<\/strong><\/h3>\n<div class=\"prodOverviewDetail\">\n<p>Pour les adultes\u00a0: 3\u00a0capsules \u00e0 enveloppe molle liquides par jour en mangeant, ou selon les recommandations d\u2019un professionnel de la sant\u00e9 qualifi\u00e9.<\/p>\n<\/div>\n<\/div>\n<\/div>\n<div class=\"row item-row\">\n<div class=\"col-xs-24\">\n<h3><strong>Autres ingr\u00e9dients<\/strong><\/h3>\n<div class=\"prodOverviewIngred\">\n<p>Capsule \u00e0 enveloppe molle (g\u00e9latine, glyc\u00e9rol v\u00e9g\u00e9tal, eau purifi\u00e9e).<\/p>\n<p>Contient\u00a0: fruits \u00e0 coque (noix de coco).<\/p>\n<\/div>\n<\/div>\n<\/div>\n<div class=\"row item-row\">\n<div class=\"col-xs-24\">\n<h3><strong>Avertissements<\/strong><\/h3>\n<div class=\"prodOverviewDetail\">\n<p>Tenir hors de port\u00e9e des enfants et des animaux de compagnie. Une consommation excessive peut provoquer un inconfort digestif. Consulter un professionnel de la sant\u00e9 qualifi\u00e9 avant d\u2019utiliser ce produit, en particulier pendant la grossesse, l\u2019allaitement, en cas d\u2019affection m\u00e9dicale existante ou de traitement m\u00e9dical sur ordonnance. Ne pas d\u00e9passer le dosage quotidien recommand\u00e9. Ne pas utiliser si l\u2019opercule de protection est perc\u00e9 ou manquant. Conserver dans un endroit sec, \u00e0 temp\u00e9rature ambiante. Prot\u00e9ger le produit de la chaleur excessive, du gel, de l\u2019humidit\u00e9 et de la lumi\u00e8re.<\/p>\n<table border=\"1\" width=\"100%\" cellspacing=\"0\" cellpadding=\"3\">\n<tbody>\n<tr valign=\"top\">\n<td colspan=\"3\"><strong>Propri\u00e9t\u00e9s<\/strong><\/td>\n<\/tr>\n<tr valign=\"top\">\n<td colspan=\"3\"><strong>Portion<\/strong>\u00a0: 3\u00a0capsules \u00e0 enveloppe molle<\/td>\n<\/tr>\n<tr valign=\"top\">\n<td colspan=\"3\"><strong>Portions par contenant\u00a0<\/strong>: 40<\/td>\n<\/tr>\n<tr valign=\"top\" data-id=\"froala_18\">\n<td width=\"70%\"><\/td>\n<td width=\"15%\"><strong>Quantit\u00e9 par portion<\/strong><\/td>\n<td width=\"15%\"><strong>%\u00a0d\u2019apport journalier<\/strong><\/td>\n<\/tr>\n<tr valign=\"top\" data-id=\"froala_19\">\n<td>Calories<\/td>\n<td>25<\/td>\n<td><\/td>\n<\/tr>\n<tr valign=\"top\" data-id=\"froala_20\">\n<td>Total des lipides<\/td>\n<td>3\u00a0g<\/td>\n<td>4\u00a0%**<\/td>\n<\/tr>\n<tr valign=\"top\" data-id=\"froala_21\">\n<td>Acides gras satur\u00e9s<\/td>\n<td>3\u00a0g<\/td>\n<td>15\u00a0%<\/td>\n<\/tr>\n<tr valign=\"top\" data-id=\"froala_22\">\n<td>Triglyc\u00e9rides \u00e0 cha\u00eene moyenne (huile TCM) (issus d\u2019huile de coco) (contient 60\u00a0% d\u2019acide caprylique [C8] et 40\u00a0% d\u2019acide caprique (C10)]<\/td>\n<td>3000\u00a0mg<\/td>\n<td><\/td>\n<\/tr>\n<tr valign=\"top\">\n<td colspan=\"3\">**\u00a0Pourcentage d\u2019apport journalier bas\u00e9 sur un r\u00e9gime \u00e0 2000\u00a0calories.<br \/>\nApport journalier (AJ) non \u00e9tabli.<\/td>\n<\/tr>\n<\/tbody>\n<\/table>\n<\/div>\n<\/div>\n<\/div>\n","protected":false},"excerpt":{"rendered":"<ul>\n<li>Issue d&rsquo;huile de coco<\/li>\n<li>3000\u00a0mg par portion<\/li>\n<li>Contient des acides gras C8 et C10<\/li>\n<li>\u062e\u0627\u0644\u064a \u0645\u0646 \u0627\u0644\u063a\u0644\u0648\u062a\u064a\u0646<\/li>\n<li>C\u00e9tog\u00e8ne<\/li>\n<li>Compl\u00e9ment alimentaireMCT Oil<\/li>\n<li>Produit certifi\u00e9 sans OGM par Igen<\/li>\n<li>Ingr\u00e9dients sans OGM<\/li>\n<li>Conforme aux BPF actuelles<\/li>\n<li>Test\u00e9 par un organisme tiers<\/li>\n<li>\u062e\u0627\u0644\u064a\u0629 \u0645\u0646 \u0645\u0627\u062f\u0629 BPA<\/li>\n<\/ul>","protected":false},"featured_media":29905,"template":"","meta":[],"product_brand":[3628],"product_cat":[18,8967,3366,8946,8968,8969,8011],"product_tag":[8971,6197,181,8972,8970,8973,3492,401,1704,8903],"class_list":{"0":"post-29902","1":"product","2":"type-product","3":"status-publish","4":"has-post-thumbnail","6":"product_brand-sports-research","7":"product_cat-beaute-sante","8":"product_cat-complements","9":"product_cat-complements-alimentaires-au-maroc-vitablanca","10":"product_cat-complements-pour-le-sport","11":"product_cat-gestion-du-poids","12":"product_cat-huile-tcm-et-acide-caprylique","13":"product_cat-sports","14":"product_tag-3000-mg","15":"product_tag-capsules","16":"product_tag-complement-alimentaire","17":"product_tag-energie-rapide","18":"product_tag-huile-de-coco","19":"product_tag-keto","20":"product_tag-maroc","21":"product_tag-mct-oil","22":"product_tag-metabolisme","23":"product_tag-sports-research","25":"first","26":"instock","27":"sale","28":"taxable","29":"shipping-taxable","30":"purchasable","31":"product-type-simple"},"yoast_head":"<!-- This site is optimized with the Yoast SEO plugin v27.6 - https:\/\/yoast.com\/product\/yoast-seo-wordpress\/ -->\n<title>Sports Research MCT Oil 3000 mg 120 Capsules \u2013 Maroc Prix<\/title>\n<meta name=\"description\" content=\"Sports Research MCT Oil huile de coco 3000 mg, 120 capsules. Soutient l\u2019\u00e9nergie rapide, le m\u00e9tabolisme et le mode de vie keto. Disponible au Maroc.\" \/>\n<meta name=\"robots\" content=\"index, follow, max-snippet:-1, max-image-preview:large, max-video-preview:-1\" \/>\n<link rel=\"canonical\" href=\"https:\/\/vitablanca.ma\/ar\/product-2\/sports-research-mct-oil-coconut-oil-3000-mg-120-capsules-maroc-prix\/\" \/>\n<meta property=\"og:locale\" content=\"ar_AR\" \/>\n<meta property=\"og:type\" content=\"article\" \/>\n<meta property=\"og:title\" content=\"Sports Research MCT Oil 3000 mg 120 Capsules \u2013 Maroc Prix\" \/>\n<meta property=\"og:description\" content=\"Sports Research MCT Oil huile de coco 3000 mg, 120 capsules. Soutient l\u2019\u00e9nergie rapide, le m\u00e9tabolisme et le mode de vie keto. Disponible au Maroc.\" \/>\n<meta property=\"og:url\" content=\"https:\/\/vitablanca.ma\/ar\/product-2\/sports-research-mct-oil-coconut-oil-3000-mg-120-capsules-maroc-prix\/\" \/>\n<meta property=\"og:site_name\" content=\"Vitablanca.ma &ndash; Sant&eacute;, vitalit&eacute; et bien-&ecirc;tre pour tous les Marocains\" \/>\n<meta property=\"article:publisher\" content=\"https:\/\/www.facebook.com\/profile.php?id=61576678196717\" \/>\n<meta property=\"article:modified_time\" content=\"2026-02-21T16:11:24+00:00\" \/>\n<meta property=\"og:image\" content=\"https:\/\/vitablanca.ma\/wp-content\/uploads\/2026\/02\/Sports-Research-MCT-Oil-Coconut-Oil-3000-mg-120-capsules1-1.jpg\" \/>\n\t<meta property=\"og:image:width\" content=\"1600\" \/>\n\t<meta property=\"og:image:height\" content=\"1600\" \/>\n\t<meta property=\"og:image:type\" content=\"image\/jpeg\" \/>\n<meta name=\"twitter:card\" content=\"summary_large_image\" \/>\n<meta name=\"twitter:label1\" content=\"\u0648\u0642\u062a \u0627\u0644\u0642\u0631\u0627\u0621\u0629 \u0627\u0644\u0645\u064f\u0642\u062f\u0651\u0631\" \/>\n\t<meta name=\"twitter:data1\" content=\"\u062f\u0642\u064a\u0642\u062a\u0627\u0646\" \/>\n<script type=\"application\/ld+json\" class=\"yoast-schema-graph\">{\"@context\":\"https:\\\/\\\/schema.org\",\"@graph\":[{\"@type\":[\"WebPage\",\"ItemPage\"],\"@id\":\"https:\\\/\\\/vitablanca.ma\\\/produit\\\/sports-research-mct-oil-coconut-oil-3000-mg-120-capsules-maroc-prix\\\/\",\"url\":\"https:\\\/\\\/vitablanca.ma\\\/produit\\\/sports-research-mct-oil-coconut-oil-3000-mg-120-capsules-maroc-prix\\\/\",\"name\":\"Sports Research MCT Oil 3000 mg 120 Capsules \u2013 Maroc Prix\",\"isPartOf\":{\"@id\":\"https:\\\/\\\/vitablanca.ma\\\/#website\"},\"primaryImageOfPage\":{\"@id\":\"https:\\\/\\\/vitablanca.ma\\\/produit\\\/sports-research-mct-oil-coconut-oil-3000-mg-120-capsules-maroc-prix\\\/#primaryimage\"},\"image\":{\"@id\":\"https:\\\/\\\/vitablanca.ma\\\/produit\\\/sports-research-mct-oil-coconut-oil-3000-mg-120-capsules-maroc-prix\\\/#primaryimage\"},\"thumbnailUrl\":\"https:\\\/\\\/vitablanca.ma\\\/wp-content\\\/uploads\\\/2026\\\/02\\\/Sports-Research-MCT-Oil-Coconut-Oil-3000-mg-120-capsules1-1.jpg\",\"datePublished\":\"2026-02-13T14:37:30+00:00\",\"dateModified\":\"2026-02-21T16:11:24+00:00\",\"description\":\"Sports Research MCT Oil huile de coco 3000 mg, 120 capsules. Soutient l\u2019\u00e9nergie rapide, le m\u00e9tabolisme et le mode de vie keto. Disponible au Maroc.\",\"breadcrumb\":{\"@id\":\"https:\\\/\\\/vitablanca.ma\\\/produit\\\/sports-research-mct-oil-coconut-oil-3000-mg-120-capsules-maroc-prix\\\/#breadcrumb\"},\"inLanguage\":\"ar\",\"potentialAction\":[{\"@type\":\"ReadAction\",\"target\":[\"https:\\\/\\\/vitablanca.ma\\\/produit\\\/sports-research-mct-oil-coconut-oil-3000-mg-120-capsules-maroc-prix\\\/\"]}]},{\"@type\":\"ImageObject\",\"inLanguage\":\"ar\",\"@id\":\"https:\\\/\\\/vitablanca.ma\\\/produit\\\/sports-research-mct-oil-coconut-oil-3000-mg-120-capsules-maroc-prix\\\/#primaryimage\",\"url\":\"https:\\\/\\\/vitablanca.ma\\\/wp-content\\\/uploads\\\/2026\\\/02\\\/Sports-Research-MCT-Oil-Coconut-Oil-3000-mg-120-capsules1-1.jpg\",\"contentUrl\":\"https:\\\/\\\/vitablanca.ma\\\/wp-content\\\/uploads\\\/2026\\\/02\\\/Sports-Research-MCT-Oil-Coconut-Oil-3000-mg-120-capsules1-1.jpg\",\"width\":1600,\"height\":1600},{\"@type\":\"BreadcrumbList\",\"@id\":\"https:\\\/\\\/vitablanca.ma\\\/produit\\\/sports-research-mct-oil-coconut-oil-3000-mg-120-capsules-maroc-prix\\\/#breadcrumb\",\"itemListElement\":[{\"@type\":\"ListItem\",\"position\":1,\"name\":\"Home\",\"item\":\"https:\\\/\\\/vitablanca.ma\\\/\"},{\"@type\":\"ListItem\",\"position\":2,\"name\":\"Tous Les Produits\",\"item\":\"https:\\\/\\\/vitablanca.ma\\\/tous-les-produits\\\/\"},{\"@type\":\"ListItem\",\"position\":3,\"name\":\"Sports Research MCT Oil, Coconut Oil 3000 mg, 120 capsules\"}]},{\"@type\":\"WebSite\",\"@id\":\"https:\\\/\\\/vitablanca.ma\\\/#website\",\"url\":\"https:\\\/\\\/vitablanca.ma\\\/\",\"name\":\"VitaBlanca.ma | Compl\u00e9ments alimentaires, sant\u00e9 & beaut\u00e9 au Maroc\",\"description\":\"vendre vitamines et compl\u00e9ments premium des USA &amp; Canada, Nouvelle Z\u00e9lande,Maroc (NOW Foods, Solgar, Manuka). Livraison rapide partout au Maroc.\",\"publisher\":{\"@id\":\"https:\\\/\\\/vitablanca.ma\\\/#organization\"},\"alternateName\":\"VitaBlanca.ma\",\"potentialAction\":[{\"@type\":\"SearchAction\",\"target\":{\"@type\":\"EntryPoint\",\"urlTemplate\":\"https:\\\/\\\/vitablanca.ma\\\/?s={search_term_string}\"},\"query-input\":{\"@type\":\"PropertyValueSpecification\",\"valueRequired\":true,\"valueName\":\"search_term_string\"}}],\"inLanguage\":\"ar\"},{\"@type\":\"Organization\",\"@id\":\"https:\\\/\\\/vitablanca.ma\\\/#organization\",\"name\":\"VitaBlanca\",\"url\":\"https:\\\/\\\/vitablanca.ma\\\/\",\"logo\":{\"@type\":\"ImageObject\",\"inLanguage\":\"ar\",\"@id\":\"https:\\\/\\\/vitablanca.ma\\\/#\\\/schema\\\/logo\\\/image\\\/\",\"url\":\"https:\\\/\\\/vitablanca.ma\\\/wp-content\\\/uploads\\\/2025\\\/05\\\/cropped-vitablanca.png\",\"contentUrl\":\"https:\\\/\\\/vitablanca.ma\\\/wp-content\\\/uploads\\\/2025\\\/05\\\/cropped-vitablanca.png\",\"width\":360,\"height\":67,\"caption\":\"VitaBlanca\"},\"image\":{\"@id\":\"https:\\\/\\\/vitablanca.ma\\\/#\\\/schema\\\/logo\\\/image\\\/\"},\"sameAs\":[\"https:\\\/\\\/www.facebook.com\\\/profile.php?id=61576678196717\",\"https:\\\/\\\/www.tiktok.com\\\/@vitablanca.ma\",\"https:\\\/\\\/www.instagram.com\\\/vitablanca.ma\\\/\"]}]}<\/script>\n<!-- \/ Yoast SEO plugin. -->","yoast_head_json":{"title":"Sports Research MCT Oil 3000 mg 120 Capsules \u2013 Maroc Prix","description":"Sports Research MCT Oil huile de coco 3000 mg, 120 capsules. Soutient l\u2019\u00e9nergie rapide, le m\u00e9tabolisme et le mode de vie keto. Disponible au Maroc.","robots":{"index":"index","follow":"follow","max-snippet":"max-snippet:-1","max-image-preview":"max-image-preview:large","max-video-preview":"max-video-preview:-1"},"canonical":"https:\/\/vitablanca.ma\/ar\/product-2\/sports-research-mct-oil-coconut-oil-3000-mg-120-capsules-maroc-prix\/","og_locale":"ar_AR","og_type":"article","og_title":"Sports Research MCT Oil 3000 mg 120 Capsules \u2013 Maroc Prix","og_description":"Sports Research MCT Oil huile de coco 3000 mg, 120 capsules. Soutient l\u2019\u00e9nergie rapide, le m\u00e9tabolisme et le mode de vie keto. Disponible au Maroc.","og_url":"https:\/\/vitablanca.ma\/ar\/product-2\/sports-research-mct-oil-coconut-oil-3000-mg-120-capsules-maroc-prix\/","og_site_name":"Vitablanca.ma &ndash; Sant&eacute;, vitalit&eacute; et bien-&ecirc;tre pour tous les Marocains","article_publisher":"https:\/\/www.facebook.com\/profile.php?id=61576678196717","article_modified_time":"2026-02-21T16:11:24+00:00","og_image":[{"width":1600,"height":1600,"url":"https:\/\/vitablanca.ma\/wp-content\/uploads\/2026\/02\/Sports-Research-MCT-Oil-Coconut-Oil-3000-mg-120-capsules1-1.jpg","type":"image\/jpeg"}],"twitter_card":"summary_large_image","twitter_misc":{"\u0648\u0642\u062a \u0627\u0644\u0642\u0631\u0627\u0621\u0629 \u0627\u0644\u0645\u064f\u0642\u062f\u0651\u0631":"\u062f\u0642\u064a\u0642\u062a\u0627\u0646"},"schema":{"@context":"https:\/\/schema.org","@graph":[{"@type":["WebPage","ItemPage"],"@id":"https:\/\/vitablanca.ma\/produit\/sports-research-mct-oil-coconut-oil-3000-mg-120-capsules-maroc-prix\/","url":"https:\/\/vitablanca.ma\/produit\/sports-research-mct-oil-coconut-oil-3000-mg-120-capsules-maroc-prix\/","name":"Sports Research MCT Oil 3000 mg 120 Capsules \u2013 Maroc Prix","isPartOf":{"@id":"https:\/\/vitablanca.ma\/#website"},"primaryImageOfPage":{"@id":"https:\/\/vitablanca.ma\/produit\/sports-research-mct-oil-coconut-oil-3000-mg-120-capsules-maroc-prix\/#primaryimage"},"image":{"@id":"https:\/\/vitablanca.ma\/produit\/sports-research-mct-oil-coconut-oil-3000-mg-120-capsules-maroc-prix\/#primaryimage"},"thumbnailUrl":"https:\/\/vitablanca.ma\/wp-content\/uploads\/2026\/02\/Sports-Research-MCT-Oil-Coconut-Oil-3000-mg-120-capsules1-1.jpg","datePublished":"2026-02-13T14:37:30+00:00","dateModified":"2026-02-21T16:11:24+00:00","description":"Sports Research MCT Oil huile de coco 3000 mg, 120 capsules. Soutient l\u2019\u00e9nergie rapide, le m\u00e9tabolisme et le mode de vie keto. Disponible au Maroc.","breadcrumb":{"@id":"https:\/\/vitablanca.ma\/produit\/sports-research-mct-oil-coconut-oil-3000-mg-120-capsules-maroc-prix\/#breadcrumb"},"inLanguage":"ar","potentialAction":[{"@type":"ReadAction","target":["https:\/\/vitablanca.ma\/produit\/sports-research-mct-oil-coconut-oil-3000-mg-120-capsules-maroc-prix\/"]}]},{"@type":"ImageObject","inLanguage":"ar","@id":"https:\/\/vitablanca.ma\/produit\/sports-research-mct-oil-coconut-oil-3000-mg-120-capsules-maroc-prix\/#primaryimage","url":"https:\/\/vitablanca.ma\/wp-content\/uploads\/2026\/02\/Sports-Research-MCT-Oil-Coconut-Oil-3000-mg-120-capsules1-1.jpg","contentUrl":"https:\/\/vitablanca.ma\/wp-content\/uploads\/2026\/02\/Sports-Research-MCT-Oil-Coconut-Oil-3000-mg-120-capsules1-1.jpg","width":1600,"height":1600},{"@type":"BreadcrumbList","@id":"https:\/\/vitablanca.ma\/produit\/sports-research-mct-oil-coconut-oil-3000-mg-120-capsules-maroc-prix\/#breadcrumb","itemListElement":[{"@type":"ListItem","position":1,"name":"Home","item":"https:\/\/vitablanca.ma\/"},{"@type":"ListItem","position":2,"name":"Tous Les Produits","item":"https:\/\/vitablanca.ma\/tous-les-produits\/"},{"@type":"ListItem","position":3,"name":"Sports Research MCT Oil, Coconut Oil 3000 mg, 120 capsules"}]},{"@type":"WebSite","@id":"https:\/\/vitablanca.ma\/#website","url":"https:\/\/vitablanca.ma\/","name":"VitaBlanca.ma | \u0627\u0644\u0645\u0643\u0645\u0644\u0627\u062a \u0627\u0644\u063a\u0630\u0627\u0626\u064a\u0629\u060c \u0627\u0644\u0635\u062d\u0629 \u0648\u0627\u0644\u062c\u0645\u0627\u0644 \u0641\u064a \u0627\u0644\u0645\u063a\u0631\u0628","description":"\u0646\u0628\u064a\u0639 \u0641\u064a\u062a\u0627\u0645\u064a\u0646\u0627\u062a \u0648\u0645\u0643\u0645\u0644\u0627\u062a \u063a\u0630\u0627\u0626\u064a\u0629 \u0641\u0627\u062e\u0631\u0629 \u0645\u0646 \u0627\u0644\u0648\u0644\u0627\u064a\u0627\u062a \u0627\u0644\u0645\u062a\u062d\u062f\u0629 \u0627\u0644\u0623\u0645\u0631\u064a\u0643\u064a\u0629 \u0648\u0643\u0646\u062f\u0627 \u0648\u0646\u064a\u0648\u0632\u064a\u0644\u0646\u062f\u0627 \u0648\u0627\u0644\u0645\u063a\u0631\u0628 (\u0646\u0627\u0648 \u0641\u0648\u062f\u0632\u060c \u0633\u0648\u0644\u062c\u0627\u0631\u060c \u0645\u0627\u0646\u0648\u0643\u0627). \u062a\u0648\u0635\u064a\u0644 \u0633\u0631\u064a\u0639 \u0625\u0644\u0649 \u062c\u0645\u064a\u0639 \u0623\u0646\u062d\u0627\u0621 \u0627\u0644\u0645\u063a\u0631\u0628.","publisher":{"@id":"https:\/\/vitablanca.ma\/#organization"},"alternateName":"VitaBlanca.ma","potentialAction":[{"@type":"SearchAction","target":{"@type":"EntryPoint","urlTemplate":"https:\/\/vitablanca.ma\/?s={search_term_string}"},"query-input":{"@type":"PropertyValueSpecification","valueRequired":true,"valueName":"search_term_string"}}],"inLanguage":"ar"},{"@type":"Organization","@id":"https:\/\/vitablanca.ma\/#organization","name":"\u0641\u064a\u062a\u0627\u0628\u0644\u0627\u0646\u0643\u0627","url":"https:\/\/vitablanca.ma\/","logo":{"@type":"ImageObject","inLanguage":"ar","@id":"https:\/\/vitablanca.ma\/#\/schema\/logo\/image\/","url":"https:\/\/vitablanca.ma\/wp-content\/uploads\/2025\/05\/cropped-vitablanca.png","contentUrl":"https:\/\/vitablanca.ma\/wp-content\/uploads\/2025\/05\/cropped-vitablanca.png","width":360,"height":67,"caption":"VitaBlanca"},"image":{"@id":"https:\/\/vitablanca.ma\/#\/schema\/logo\/image\/"},"sameAs":["https:\/\/www.facebook.com\/profile.php?id=61576678196717","https:\/\/www.tiktok.com\/@vitablanca.ma","https:\/\/www.instagram.com\/vitablanca.ma\/"]}]}},"jetpack_sharing_enabled":true,"_links":{"self":[{"href":"https:\/\/vitablanca.ma\/ar\/wp-json\/wp\/v2\/product\/29902","targetHints":{"allow":["GET"]}}],"collection":[{"href":"https:\/\/vitablanca.ma\/ar\/wp-json\/wp\/v2\/product"}],"about":[{"href":"https:\/\/vitablanca.ma\/ar\/wp-json\/wp\/v2\/types\/product"}],"wp:featuredmedia":[{"embeddable":true,"href":"https:\/\/vitablanca.ma\/ar\/wp-json\/wp\/v2\/media\/29905"}],"wp:attachment":[{"href":"https:\/\/vitablanca.ma\/ar\/wp-json\/wp\/v2\/media?parent=29902"}],"wp:term":[{"taxonomy":"product_brand","embeddable":true,"href":"https:\/\/vitablanca.ma\/ar\/wp-json\/wp\/v2\/product_brand?post=29902"},{"taxonomy":"product_cat","embeddable":true,"href":"https:\/\/vitablanca.ma\/ar\/wp-json\/wp\/v2\/product_cat?post=29902"},{"taxonomy":"product_tag","embeddable":true,"href":"https:\/\/vitablanca.ma\/ar\/wp-json\/wp\/v2\/product_tag?post=29902"}],"curies":[{"name":"wp","href":"https:\/\/api.w.org\/{rel}","templated":true}]}}