{"id":29871,"date":"2026-02-12T15:03:31","date_gmt":"2026-02-12T15:03:31","guid":{"rendered":"https:\/\/vitablanca.ma\/?post_type=product&#038;p=29871"},"modified":"2026-02-21T16:11:24","modified_gmt":"2026-02-21T16:11:24","slug":"now-foods-cranberry-mannose-2000mg-probiotic-for-women-24-packets-maroc-prix","status":"publish","type":"product","link":"https:\/\/vitablanca.ma\/ar\/product-2\/now-foods-cranberry-mannose-2000mg-probiotic-for-women-24-packets-maroc-prix\/","title":{"rendered":"Now Foods Cranberry Mannose 2000mg + Probiotic For Women 24 Packets"},"content":{"rendered":"<div>\n<h3><strong>\u0627\u0644\u0627\u0633\u062a\u062e\u062f\u0627\u0645 \u0627\u0644\u0645\u0642\u062a\u0631\u062d<\/strong><\/h3>\n<div>\n<p>Videz un sachet dans 150 \u00e0 200\u00a0ml d\u2019eau, puis savourez\u00a0! Prenez 1\u00a0sachet 1 \u00e0 3\u00a0fois par jour.<\/p>\n<\/div>\n<\/div>\n<div>\n<h3><strong>\u062a\u062d\u0630\u064a\u0631\u0627\u062a<\/strong><\/h3>\n<div>\n<p>R\u00e9serv\u00e9 aux adultes. Consultez un m\u00e9decin si vous \u00eates enceinte, allaitez, prenez des m\u00e9dicaments (en particulier des immunosuppresseurs) ou souffrez d\u2019une affection m\u00e9dicale (surtout si votre syst\u00e8me immunitaire est affaibli). Tenir hors de port\u00e9e des enfants.<\/p>\n<p>Contient du xylitol, qui est nocif pour les animaux de compagnie.<\/p>\n<p>\u00c0 conserver dans un endroit frais et sec apr\u00e8s ouverture.<\/p>\n<div class=\"supplement-facts-container\">\n<table border=\"1\" width=\"100%\" cellspacing=\"0\" cellpadding=\"3\">\n<tbody>\n<tr valign=\"top\">\n<td colspan=\"3\"><strong>Faits sur les suppl\u00e9ments<\/strong><\/td>\n<\/tr>\n<tr valign=\"top\">\n<td colspan=\"3\"><strong>Portion\u00a0:<\/strong>\u00a01\u00a0sachet (6\u00a0g)<\/td>\n<\/tr>\n<tr valign=\"top\">\n<td colspan=\"3\"><strong>Portions par contenant\u00a0:<\/strong>\u00a024<\/td>\n<\/tr>\n<tr valign=\"top\">\n<td><\/td>\n<td><strong>Quantit\u00e9 par portion<\/strong><\/td>\n<td><strong>% Valeur quotidienne<\/strong><\/td>\n<\/tr>\n<tr valign=\"top\">\n<td>Calories<\/td>\n<td>15<\/td>\n<td><\/td>\n<\/tr>\n<tr valign=\"top\">\n<td>Glucides totaux<\/td>\n<td>4,5 grammes<\/td>\n<td>2%**<\/td>\n<\/tr>\n<tr valign=\"top\">\n<td>Sucres totaux<\/td>\n<td>2 grammes<\/td>\n<td>*<\/td>\n<\/tr>\n<tr valign=\"top\">\n<td>\u0625\u0643\u0633\u064a\u0644\u064a\u062a\u0648\u0644<\/td>\n<td>2,5 grammes<\/td>\n<td>*<\/td>\n<\/tr>\n<tr valign=\"top\">\n<td>D-mannose<\/td>\n<td>2 g (2 000 mg)<\/td>\n<td>*<\/td>\n<\/tr>\n<tr valign=\"top\">\n<td>Jus de canneberge en poudre<\/td>\n<td>500 mg<\/td>\n<td>*<\/td>\n<\/tr>\n<tr valign=\"top\">\n<td>Extrait de feuille de busserole<\/td>\n<td>5 mg<\/td>\n<td>*<\/td>\n<\/tr>\n<tr valign=\"top\">\n<td>M\u00e9lange de 10 souches de bact\u00e9ries probiotiques (2 milliards d\u2019UFC)***<br \/>\nLactobacillus acidophilus (La-14), Bifidobacterium lactis (BI-04),<br \/>\nLactobacillus plantarum (Lp-115), Lactobacillus casei (Lc-11),<br \/>\nLactobacillus rhamnosus (Lr-32), Lactobacillus paracasei (Lpc-37),<br \/>\nBifidobacterium breve (Bb-03), Streptocoque thermophile (St-21),<br \/>\nLactobacillus salivarius (Ls-33), Bifidobacterium longum (BI-05)<\/td>\n<td>16 mg<\/td>\n<td>*<\/td>\n<\/tr>\n<tr valign=\"top\">\n<td colspan=\"3\">**Pourcentage d\u2019apport journalier bas\u00e9 sur un r\u00e9gime \u00e0 2000 calories.<br \/>\nApport journalier non \u00e9tabli.<br \/>\n*** Au moment de la fabrication.<\/td>\n<\/tr>\n<\/tbody>\n<\/table>\n<\/div>\n<div>\n<h3><strong>\u0627\u0644\u0645\u0643\u0648\u0646\u0627\u062a \u0627\u0644\u0623\u062e\u0631\u0649<\/strong><\/h3>\n<div>\n<p>Xylitol, ar\u00f4mes naturels de canneberge et autres ar\u00f4mes naturels, extrait de feuille de st\u00e9via biologique (glycosides de st\u00e9viol modifi\u00e9s par des enzymes), dioxyde de silicium, acide citrique, acide tartrique, acide malique et FOS (fructo-oligosaccharides).<\/p>\n<p>\u00c9labor\u00e9s sans ingr\u00e9dients \u00e0 base de bl\u00e9, gluten, soja, lait, \u0153ufs, poisson, fruits de mer ou fruits \u00e0 coque. Produits dans un \u00e9tablissement respectant les Bonnes Pratiques de Fabrication qui transforme d\u2019autres ingr\u00e9dients contenant ces allerg\u00e8nes.<\/p>\n<\/div>\n<\/div>\n<\/div>\n<\/div>","protected":false},"excerpt":{"rendered":"<ul>\n<li>Favorise la sant\u00e9 des voies urinaires<\/li>\n<li>Avec 10 souches probiotiques pour soutenir un \u00e9quilibre microbien sain<\/li>\n<li>\u064a\u0646\u0638\u0641 \u0627\u0644\u0645\u062b\u0627\u0646\u0629<\/li>\n<li>Souche v\u00e9rifi\u00e9e<\/li>\n<li>\u0645\u0643\u0645\u0644 \u063a\u0630\u0627\u0626\u064a<\/li>\n<li>\u0646\u0628\u0627\u062a\u064a\/\u0646\u0628\u0627\u062a\u064a \u0635\u0631\u0641<\/li>\n<li>\u0643\u0648\u0634\u064a\u0631<\/li>\n<li>\u0627\u0644\u0635\u062d\u0629 \u0627\u0644\u0639\u0627\u0645\u0629<\/li>\n<li>Contribue \u00e0 favoriser un \u00e9quilibre microbien sain<\/li>\n<li>Sans colorants ni ar\u00f4mes artificiels<\/li>\n<li>B\u00e9n\u00e9fique pour les femmes et les hommes<\/li>\n<\/ul>","protected":false},"featured_media":29873,"template":"","meta":[],"product_brand":[83],"product_cat":[18,8937,3366,8921,8101,8014],"product_tag":[5063,181,8938,600,8940,3492,88,8939,8941,8924],"class_list":{"0":"post-29871","1":"product","2":"type-product","3":"status-publish","4":"has-post-thumbnail","6":"product_brand-now-foods-maroc-prix","7":"product_cat-beaute-sante","8":"product_cat-complements-a-base-de-canneberge","9":"product_cat-complements-alimentaires-au-maroc-vitablanca","10":"product_cat-d-mannose","11":"product_cat-plantes","12":"product_cat-sante-feminine","13":"product_tag-bien-etre-feminin","14":"product_tag-complement-alimentaire","15":"product_tag-cranberry-mannose","16":"product_tag-d-mannose","17":"product_tag-flore-intime","18":"product_tag-maroc","19":"product_tag-now-foods","20":"product_tag-probiotique-femmes","21":"product_tag-sachets","22":"product_tag-sante-urinaire","24":"first","25":"instock","26":"sale","27":"taxable","28":"shipping-taxable","29":"purchasable","30":"product-type-simple"},"yoast_head":"<!-- This site is optimized with the Yoast SEO plugin v27.6 - https:\/\/yoast.com\/product\/yoast-seo-wordpress\/ -->\n<title>NOW Foods Cranberry Mannose + Probiotic Women \u2013 Maroc Prix<\/title>\n<meta name=\"description\" content=\"NOW Foods Cranberry Mannose 2000 mg avec probiotiques pour femmes, 24 sachets. Soutient la sant\u00e9 urinaire et l\u2019\u00e9quilibre de la flore intime. Disponible\" \/>\n<meta name=\"robots\" content=\"index, follow, max-snippet:-1, max-image-preview:large, max-video-preview:-1\" \/>\n<link rel=\"canonical\" href=\"https:\/\/vitablanca.ma\/ar\/product-2\/now-foods-cranberry-mannose-2000mg-probiotic-for-women-24-packets-maroc-prix\/\" \/>\n<meta property=\"og:locale\" content=\"ar_AR\" \/>\n<meta property=\"og:type\" content=\"article\" \/>\n<meta property=\"og:title\" content=\"NOW Foods Cranberry Mannose + Probiotic Women \u2013 Maroc Prix\" \/>\n<meta property=\"og:description\" content=\"NOW Foods Cranberry Mannose 2000 mg avec probiotiques pour femmes, 24 sachets. Soutient la sant\u00e9 urinaire et l\u2019\u00e9quilibre de la flore intime. Disponible\" \/>\n<meta property=\"og:url\" content=\"https:\/\/vitablanca.ma\/ar\/product-2\/now-foods-cranberry-mannose-2000mg-probiotic-for-women-24-packets-maroc-prix\/\" \/>\n<meta property=\"og:site_name\" content=\"Vitablanca.ma &ndash; Sant&eacute;, vitalit&eacute; et bien-&ecirc;tre pour tous les Marocains\" \/>\n<meta property=\"article:publisher\" content=\"https:\/\/www.facebook.com\/profile.php?id=61576678196717\" \/>\n<meta property=\"article:modified_time\" content=\"2026-02-21T16:11:24+00:00\" \/>\n<meta property=\"og:image\" content=\"https:\/\/vitablanca.ma\/wp-content\/uploads\/2026\/02\/Now-Foods-Cranberry-Mannose-2000mg-Probiotic-For-Women-24-Packets1.jpg\" \/>\n\t<meta property=\"og:image:width\" content=\"1600\" \/>\n\t<meta property=\"og:image:height\" content=\"1600\" \/>\n\t<meta property=\"og:image:type\" content=\"image\/jpeg\" \/>\n<meta name=\"twitter:card\" content=\"summary_large_image\" \/>\n<meta name=\"twitter:label1\" content=\"\u0648\u0642\u062a \u0627\u0644\u0642\u0631\u0627\u0621\u0629 \u0627\u0644\u0645\u064f\u0642\u062f\u0651\u0631\" \/>\n\t<meta name=\"twitter:data1\" content=\"\u062f\u0642\u064a\u0642\u062a\u0627\u0646\" \/>\n<script type=\"application\/ld+json\" class=\"yoast-schema-graph\">{\"@context\":\"https:\\\/\\\/schema.org\",\"@graph\":[{\"@type\":[\"WebPage\",\"ItemPage\"],\"@id\":\"https:\\\/\\\/vitablanca.ma\\\/produit\\\/now-foods-cranberry-mannose-2000mg-probiotic-for-women-24-packets-maroc-prix\\\/\",\"url\":\"https:\\\/\\\/vitablanca.ma\\\/produit\\\/now-foods-cranberry-mannose-2000mg-probiotic-for-women-24-packets-maroc-prix\\\/\",\"name\":\"NOW Foods Cranberry Mannose + Probiotic Women \u2013 Maroc Prix\",\"isPartOf\":{\"@id\":\"https:\\\/\\\/vitablanca.ma\\\/#website\"},\"primaryImageOfPage\":{\"@id\":\"https:\\\/\\\/vitablanca.ma\\\/produit\\\/now-foods-cranberry-mannose-2000mg-probiotic-for-women-24-packets-maroc-prix\\\/#primaryimage\"},\"image\":{\"@id\":\"https:\\\/\\\/vitablanca.ma\\\/produit\\\/now-foods-cranberry-mannose-2000mg-probiotic-for-women-24-packets-maroc-prix\\\/#primaryimage\"},\"thumbnailUrl\":\"https:\\\/\\\/vitablanca.ma\\\/wp-content\\\/uploads\\\/2026\\\/02\\\/Now-Foods-Cranberry-Mannose-2000mg-Probiotic-For-Women-24-Packets1.jpg\",\"datePublished\":\"2026-02-12T15:03:31+00:00\",\"dateModified\":\"2026-02-21T16:11:24+00:00\",\"description\":\"NOW Foods Cranberry Mannose 2000 mg avec probiotiques pour femmes, 24 sachets. Soutient la sant\u00e9 urinaire et l\u2019\u00e9quilibre de la flore intime. Disponible\",\"breadcrumb\":{\"@id\":\"https:\\\/\\\/vitablanca.ma\\\/produit\\\/now-foods-cranberry-mannose-2000mg-probiotic-for-women-24-packets-maroc-prix\\\/#breadcrumb\"},\"inLanguage\":\"ar\",\"potentialAction\":[{\"@type\":\"ReadAction\",\"target\":[\"https:\\\/\\\/vitablanca.ma\\\/produit\\\/now-foods-cranberry-mannose-2000mg-probiotic-for-women-24-packets-maroc-prix\\\/\"]}]},{\"@type\":\"ImageObject\",\"inLanguage\":\"ar\",\"@id\":\"https:\\\/\\\/vitablanca.ma\\\/produit\\\/now-foods-cranberry-mannose-2000mg-probiotic-for-women-24-packets-maroc-prix\\\/#primaryimage\",\"url\":\"https:\\\/\\\/vitablanca.ma\\\/wp-content\\\/uploads\\\/2026\\\/02\\\/Now-Foods-Cranberry-Mannose-2000mg-Probiotic-For-Women-24-Packets1.jpg\",\"contentUrl\":\"https:\\\/\\\/vitablanca.ma\\\/wp-content\\\/uploads\\\/2026\\\/02\\\/Now-Foods-Cranberry-Mannose-2000mg-Probiotic-For-Women-24-Packets1.jpg\",\"width\":1600,\"height\":1600},{\"@type\":\"BreadcrumbList\",\"@id\":\"https:\\\/\\\/vitablanca.ma\\\/produit\\\/now-foods-cranberry-mannose-2000mg-probiotic-for-women-24-packets-maroc-prix\\\/#breadcrumb\",\"itemListElement\":[{\"@type\":\"ListItem\",\"position\":1,\"name\":\"Home\",\"item\":\"https:\\\/\\\/vitablanca.ma\\\/\"},{\"@type\":\"ListItem\",\"position\":2,\"name\":\"Tous Les Produits\",\"item\":\"https:\\\/\\\/vitablanca.ma\\\/tous-les-produits\\\/\"},{\"@type\":\"ListItem\",\"position\":3,\"name\":\"Now Foods Cranberry Mannose 2000mg + Probiotic For Women 24 Packets\"}]},{\"@type\":\"WebSite\",\"@id\":\"https:\\\/\\\/vitablanca.ma\\\/#website\",\"url\":\"https:\\\/\\\/vitablanca.ma\\\/\",\"name\":\"VitaBlanca.ma | Compl\u00e9ments alimentaires, sant\u00e9 & beaut\u00e9 au Maroc\",\"description\":\"vendre vitamines et compl\u00e9ments premium des USA &amp; Canada, Nouvelle Z\u00e9lande,Maroc (NOW Foods, Solgar, Manuka). Livraison rapide partout au Maroc.\",\"publisher\":{\"@id\":\"https:\\\/\\\/vitablanca.ma\\\/#organization\"},\"alternateName\":\"VitaBlanca.ma\",\"potentialAction\":[{\"@type\":\"SearchAction\",\"target\":{\"@type\":\"EntryPoint\",\"urlTemplate\":\"https:\\\/\\\/vitablanca.ma\\\/?s={search_term_string}\"},\"query-input\":{\"@type\":\"PropertyValueSpecification\",\"valueRequired\":true,\"valueName\":\"search_term_string\"}}],\"inLanguage\":\"ar\"},{\"@type\":\"Organization\",\"@id\":\"https:\\\/\\\/vitablanca.ma\\\/#organization\",\"name\":\"VitaBlanca\",\"url\":\"https:\\\/\\\/vitablanca.ma\\\/\",\"logo\":{\"@type\":\"ImageObject\",\"inLanguage\":\"ar\",\"@id\":\"https:\\\/\\\/vitablanca.ma\\\/#\\\/schema\\\/logo\\\/image\\\/\",\"url\":\"https:\\\/\\\/vitablanca.ma\\\/wp-content\\\/uploads\\\/2025\\\/05\\\/cropped-vitablanca.png\",\"contentUrl\":\"https:\\\/\\\/vitablanca.ma\\\/wp-content\\\/uploads\\\/2025\\\/05\\\/cropped-vitablanca.png\",\"width\":360,\"height\":67,\"caption\":\"VitaBlanca\"},\"image\":{\"@id\":\"https:\\\/\\\/vitablanca.ma\\\/#\\\/schema\\\/logo\\\/image\\\/\"},\"sameAs\":[\"https:\\\/\\\/www.facebook.com\\\/profile.php?id=61576678196717\",\"https:\\\/\\\/www.tiktok.com\\\/@vitablanca.ma\",\"https:\\\/\\\/www.instagram.com\\\/vitablanca.ma\\\/\"]}]}<\/script>\n<!-- \/ Yoast SEO plugin. -->","yoast_head_json":{"title":"NOW Foods Cranberry Mannose + Probiotic Women \u2013 Maroc Prix","description":"NOW Foods Cranberry Mannose 2000 mg avec probiotiques pour femmes, 24 sachets. Soutient la sant\u00e9 urinaire et l\u2019\u00e9quilibre de la flore intime. Disponible","robots":{"index":"index","follow":"follow","max-snippet":"max-snippet:-1","max-image-preview":"max-image-preview:large","max-video-preview":"max-video-preview:-1"},"canonical":"https:\/\/vitablanca.ma\/ar\/product-2\/now-foods-cranberry-mannose-2000mg-probiotic-for-women-24-packets-maroc-prix\/","og_locale":"ar_AR","og_type":"article","og_title":"NOW Foods Cranberry Mannose + Probiotic Women \u2013 Maroc Prix","og_description":"NOW Foods Cranberry Mannose 2000 mg avec probiotiques pour femmes, 24 sachets. Soutient la sant\u00e9 urinaire et l\u2019\u00e9quilibre de la flore intime. Disponible","og_url":"https:\/\/vitablanca.ma\/ar\/product-2\/now-foods-cranberry-mannose-2000mg-probiotic-for-women-24-packets-maroc-prix\/","og_site_name":"Vitablanca.ma &ndash; Sant&eacute;, vitalit&eacute; et bien-&ecirc;tre pour tous les Marocains","article_publisher":"https:\/\/www.facebook.com\/profile.php?id=61576678196717","article_modified_time":"2026-02-21T16:11:24+00:00","og_image":[{"width":1600,"height":1600,"url":"https:\/\/vitablanca.ma\/wp-content\/uploads\/2026\/02\/Now-Foods-Cranberry-Mannose-2000mg-Probiotic-For-Women-24-Packets1.jpg","type":"image\/jpeg"}],"twitter_card":"summary_large_image","twitter_misc":{"\u0648\u0642\u062a \u0627\u0644\u0642\u0631\u0627\u0621\u0629 \u0627\u0644\u0645\u064f\u0642\u062f\u0651\u0631":"\u062f\u0642\u064a\u0642\u062a\u0627\u0646"},"schema":{"@context":"https:\/\/schema.org","@graph":[{"@type":["WebPage","ItemPage"],"@id":"https:\/\/vitablanca.ma\/produit\/now-foods-cranberry-mannose-2000mg-probiotic-for-women-24-packets-maroc-prix\/","url":"https:\/\/vitablanca.ma\/produit\/now-foods-cranberry-mannose-2000mg-probiotic-for-women-24-packets-maroc-prix\/","name":"NOW Foods Cranberry Mannose + Probiotic Women \u2013 Maroc Prix","isPartOf":{"@id":"https:\/\/vitablanca.ma\/#website"},"primaryImageOfPage":{"@id":"https:\/\/vitablanca.ma\/produit\/now-foods-cranberry-mannose-2000mg-probiotic-for-women-24-packets-maroc-prix\/#primaryimage"},"image":{"@id":"https:\/\/vitablanca.ma\/produit\/now-foods-cranberry-mannose-2000mg-probiotic-for-women-24-packets-maroc-prix\/#primaryimage"},"thumbnailUrl":"https:\/\/vitablanca.ma\/wp-content\/uploads\/2026\/02\/Now-Foods-Cranberry-Mannose-2000mg-Probiotic-For-Women-24-Packets1.jpg","datePublished":"2026-02-12T15:03:31+00:00","dateModified":"2026-02-21T16:11:24+00:00","description":"NOW Foods Cranberry Mannose 2000 mg avec probiotiques pour femmes, 24 sachets. Soutient la sant\u00e9 urinaire et l\u2019\u00e9quilibre de la flore intime. Disponible","breadcrumb":{"@id":"https:\/\/vitablanca.ma\/produit\/now-foods-cranberry-mannose-2000mg-probiotic-for-women-24-packets-maroc-prix\/#breadcrumb"},"inLanguage":"ar","potentialAction":[{"@type":"ReadAction","target":["https:\/\/vitablanca.ma\/produit\/now-foods-cranberry-mannose-2000mg-probiotic-for-women-24-packets-maroc-prix\/"]}]},{"@type":"ImageObject","inLanguage":"ar","@id":"https:\/\/vitablanca.ma\/produit\/now-foods-cranberry-mannose-2000mg-probiotic-for-women-24-packets-maroc-prix\/#primaryimage","url":"https:\/\/vitablanca.ma\/wp-content\/uploads\/2026\/02\/Now-Foods-Cranberry-Mannose-2000mg-Probiotic-For-Women-24-Packets1.jpg","contentUrl":"https:\/\/vitablanca.ma\/wp-content\/uploads\/2026\/02\/Now-Foods-Cranberry-Mannose-2000mg-Probiotic-For-Women-24-Packets1.jpg","width":1600,"height":1600},{"@type":"BreadcrumbList","@id":"https:\/\/vitablanca.ma\/produit\/now-foods-cranberry-mannose-2000mg-probiotic-for-women-24-packets-maroc-prix\/#breadcrumb","itemListElement":[{"@type":"ListItem","position":1,"name":"Home","item":"https:\/\/vitablanca.ma\/"},{"@type":"ListItem","position":2,"name":"Tous Les Produits","item":"https:\/\/vitablanca.ma\/tous-les-produits\/"},{"@type":"ListItem","position":3,"name":"Now Foods Cranberry Mannose 2000mg + Probiotic For Women 24 Packets"}]},{"@type":"WebSite","@id":"https:\/\/vitablanca.ma\/#website","url":"https:\/\/vitablanca.ma\/","name":"VitaBlanca.ma | \u0627\u0644\u0645\u0643\u0645\u0644\u0627\u062a \u0627\u0644\u063a\u0630\u0627\u0626\u064a\u0629\u060c \u0627\u0644\u0635\u062d\u0629 \u0648\u0627\u0644\u062c\u0645\u0627\u0644 \u0641\u064a \u0627\u0644\u0645\u063a\u0631\u0628","description":"\u0646\u0628\u064a\u0639 \u0641\u064a\u062a\u0627\u0645\u064a\u0646\u0627\u062a \u0648\u0645\u0643\u0645\u0644\u0627\u062a \u063a\u0630\u0627\u0626\u064a\u0629 \u0641\u0627\u062e\u0631\u0629 \u0645\u0646 \u0627\u0644\u0648\u0644\u0627\u064a\u0627\u062a \u0627\u0644\u0645\u062a\u062d\u062f\u0629 \u0627\u0644\u0623\u0645\u0631\u064a\u0643\u064a\u0629 \u0648\u0643\u0646\u062f\u0627 \u0648\u0646\u064a\u0648\u0632\u064a\u0644\u0646\u062f\u0627 \u0648\u0627\u0644\u0645\u063a\u0631\u0628 (\u0646\u0627\u0648 \u0641\u0648\u062f\u0632\u060c \u0633\u0648\u0644\u062c\u0627\u0631\u060c \u0645\u0627\u0646\u0648\u0643\u0627). \u062a\u0648\u0635\u064a\u0644 \u0633\u0631\u064a\u0639 \u0625\u0644\u0649 \u062c\u0645\u064a\u0639 \u0623\u0646\u062d\u0627\u0621 \u0627\u0644\u0645\u063a\u0631\u0628.","publisher":{"@id":"https:\/\/vitablanca.ma\/#organization"},"alternateName":"VitaBlanca.ma","potentialAction":[{"@type":"SearchAction","target":{"@type":"EntryPoint","urlTemplate":"https:\/\/vitablanca.ma\/?s={search_term_string}"},"query-input":{"@type":"PropertyValueSpecification","valueRequired":true,"valueName":"search_term_string"}}],"inLanguage":"ar"},{"@type":"Organization","@id":"https:\/\/vitablanca.ma\/#organization","name":"\u0641\u064a\u062a\u0627\u0628\u0644\u0627\u0646\u0643\u0627","url":"https:\/\/vitablanca.ma\/","logo":{"@type":"ImageObject","inLanguage":"ar","@id":"https:\/\/vitablanca.ma\/#\/schema\/logo\/image\/","url":"https:\/\/vitablanca.ma\/wp-content\/uploads\/2025\/05\/cropped-vitablanca.png","contentUrl":"https:\/\/vitablanca.ma\/wp-content\/uploads\/2025\/05\/cropped-vitablanca.png","width":360,"height":67,"caption":"VitaBlanca"},"image":{"@id":"https:\/\/vitablanca.ma\/#\/schema\/logo\/image\/"},"sameAs":["https:\/\/www.facebook.com\/profile.php?id=61576678196717","https:\/\/www.tiktok.com\/@vitablanca.ma","https:\/\/www.instagram.com\/vitablanca.ma\/"]}]}},"jetpack_sharing_enabled":true,"_links":{"self":[{"href":"https:\/\/vitablanca.ma\/ar\/wp-json\/wp\/v2\/product\/29871","targetHints":{"allow":["GET"]}}],"collection":[{"href":"https:\/\/vitablanca.ma\/ar\/wp-json\/wp\/v2\/product"}],"about":[{"href":"https:\/\/vitablanca.ma\/ar\/wp-json\/wp\/v2\/types\/product"}],"wp:featuredmedia":[{"embeddable":true,"href":"https:\/\/vitablanca.ma\/ar\/wp-json\/wp\/v2\/media\/29873"}],"wp:attachment":[{"href":"https:\/\/vitablanca.ma\/ar\/wp-json\/wp\/v2\/media?parent=29871"}],"wp:term":[{"taxonomy":"product_brand","embeddable":true,"href":"https:\/\/vitablanca.ma\/ar\/wp-json\/wp\/v2\/product_brand?post=29871"},{"taxonomy":"product_cat","embeddable":true,"href":"https:\/\/vitablanca.ma\/ar\/wp-json\/wp\/v2\/product_cat?post=29871"},{"taxonomy":"product_tag","embeddable":true,"href":"https:\/\/vitablanca.ma\/ar\/wp-json\/wp\/v2\/product_tag?post=29871"}],"curies":[{"name":"wp","href":"https:\/\/api.w.org\/{rel}","templated":true}]}}