{"id":29796,"date":"2026-02-10T22:41:41","date_gmt":"2026-02-10T22:41:41","guid":{"rendered":"https:\/\/vitablanca.ma\/?post_type=product&#038;p=29796"},"modified":"2026-02-21T16:14:40","modified_gmt":"2026-02-21T16:14:40","slug":"neocell-superior-collagen-peptides-vitamin-c-and-biotin-270-tablets-maroc-prix","status":"publish","type":"product","link":"https:\/\/vitablanca.ma\/ar\/product-2\/neocell-superior-collagen-peptides-vitamin-c-and-biotin-270-tablets-maroc-prix\/","title":{"rendered":"Neocell Superior Collagen Peptides + Vitamin C and Biotin, 270 tablets"},"content":{"rendered":"<div class=\"row item-row\">\n<div class=\"col-xs-24\">\n<div>\n<p id=\"isPasted\">\u00c0 mesure que nous vieillissons, les r\u00e9serves de collag\u00e8ne de notre organisme s\u2019\u00e9puisent, mais gr\u00e2ce \u00e0 nos peptides de collag\u00e8ne d\u2019animaux nourris \u00e0 l\u2019herbe, vous \u00eates en mesure de r\u00e9v\u00e9ler votre beaut\u00e9 int\u00e9rieure. Cette formule avanc\u00e9e associe des peptides de collag\u00e8ne \u00e0 de la vitamine\u00a0C et de la biotine, des nutriments essentiels pour la beaut\u00e9, afin de contribuer \u00e0 la formation du collag\u00e8ne et aider \u00e0 soutenir une peau radieuse, jeune et en bonne sant\u00e9.<\/p>\n<\/div>\n<\/div>\n<\/div>\n<div class=\"row item-row\">\n<div class=\"col-xs-24\">\n<h3><strong>\u0627\u0644\u0627\u0633\u062a\u062e\u062f\u0627\u0645 \u0627\u0644\u0645\u0642\u062a\u0631\u062d<\/strong><\/h3>\n<div class=\"prodOverviewDetail\">\n<p>Afin de stimuler votre beaut\u00e9 int\u00e9rieure, nous vous conseillons de prendre six (6) comprim\u00e9s par jour.<\/p>\n<\/div>\n<\/div>\n<\/div>\n<div class=\"row item-row\">\n<div class=\"col-xs-24\">\n<h3><strong>\u0627\u0644\u0645\u0643\u0648\u0646\u0627\u062a \u0627\u0644\u0623\u062e\u0631\u0649<\/strong><\/h3>\n<div class=\"prodOverviewIngred\">\n<p id=\"isPasted\">St\u00e9arate de magn\u00e9sium d\u2019origine v\u00e9g\u00e9tale.<\/p>\n<p>Peut contenir\u00a0: traces de r\u00e9sidus naturels de sulfite.<\/p>\n<\/div>\n<\/div>\n<\/div>\n<div class=\"row item-row\">\n<div class=\"col-xs-24\">\n<h3><strong>\u062a\u062d\u0630\u064a\u0631\u0627\u062a<\/strong><\/h3>\n<div class=\"prodOverviewDetail\">\n<p>utiliser ce produit uniquement comme compl\u00e9ment alimentaire. Ne pas utiliser dans le cadre d\u2019une perte de poids.<\/p>\n<p id=\"isPasted\">\u00c0 conserver dans un endroit frais et sec.<\/p>\n<p>\u064a\u062d\u0641\u0638 \u0628\u0639\u064a\u062f\u0627 \u0639\u0646 \u0645\u062a\u0646\u0627\u0648\u0644 \u0627\u0644\u0623\u0637\u0641\u0627\u0644.<\/p>\n<p>R\u00e9serv\u00e9 aux adultes. Comme pour n\u2019importe quel compl\u00e9ment, consultez un m\u00e9decin avant d\u2019utiliser ce produit si vous \u00eates enceinte, allaitez, suivez un traitement m\u00e9dical ou souffrez d\u2019une affection m\u00e9dicale. Cesser l\u2019utilisation et consulter un m\u00e9decin en cas d\u2019effets ind\u00e9sirables.<\/p>\n<p>Ne pas utiliser si l\u2019opercule de protection est perc\u00e9 ou manquant.<\/p>\n<table border=\"1\" width=\"100%\" cellspacing=\"0\" cellpadding=\"3\">\n<tbody>\n<tr align=\"left\" valign=\"top\">\n<td class=\"\" colspan=\"3\"><strong>\u0645\u0644\u0643\u064a\u0627\u062a<\/strong><\/td>\n<\/tr>\n<tr align=\"left\" valign=\"top\">\n<td colspan=\"3\"><strong>Portion\u00a0:\u00a0<\/strong>6\u00a0comprim\u00e9s<\/td>\n<\/tr>\n<tr align=\"left\" valign=\"top\">\n<td colspan=\"3\"><strong>Portions par contenant\u00a0:\u00a0<\/strong>45<\/td>\n<\/tr>\n<tr align=\"left\" valign=\"top\">\n<td><\/td>\n<td><strong>Quantit\u00e9 par portion<\/strong><\/td>\n<td><strong>%\u00a0d\u2019apport journalier<\/strong><\/td>\n<\/tr>\n<tr align=\"left\" valign=\"top\">\n<td>Calories<\/td>\n<td>20<\/td>\n<td><\/td>\n<\/tr>\n<tr align=\"left\" valign=\"top\">\n<td>Prot\u00e9ines<\/td>\n<td>5\u00a0g<\/td>\n<td><\/td>\n<\/tr>\n<tr align=\"left\" valign=\"top\">\n<td>Vitamine\u00a0C (sous forme d\u2019ascorbate de calcium)<\/td>\n<td>60\u00a0mg<\/td>\n<td>67\u00a0%<\/td>\n<\/tr>\n<tr align=\"left\" valign=\"top\">\n<td>Biotine<\/td>\n<td>5000\u00a0\u00b5g<\/td>\n<td>16\u00a0667\u00a0%<\/td>\n<\/tr>\n<tr align=\"left\" valign=\"top\">\n<td>Sodium<\/td>\n<td>30\u00a0mg<\/td>\n<td>1\u00a0%<\/td>\n<\/tr>\n<tr align=\"left\" valign=\"top\">\n<td>BioActive NeoCell Collagen Peptides\u2122<br \/>\n(issus de bovins nourris \u00e0 l\u2019herbe)<\/td>\n<td>6\u00a0g<\/td>\n<td>**<\/td>\n<\/tr>\n<tr align=\"left\" valign=\"top\">\n<td colspan=\"3\">**\u00a0Apport journalier non \u00e9tabli.<\/td>\n<\/tr>\n<\/tbody>\n<\/table>\n<\/div>\n<\/div>\n<\/div>","protected":false},"excerpt":{"rendered":"<ul>\n<li>6000\u00a0mg par portion<\/li>\n<li>Contribue \u00e0 la bonne sant\u00e9 des cheveux, de la peau et des ongles<\/li>\n<li id=\"isPasted\">\u0645\u0643\u0645\u0644 \u063a\u0630\u0627\u0626\u064a<\/li>\n<li id=\"isPasted\">Sans soja, ni bl\u00e9, ni lactose<\/li>\n<li id=\"isPasted\">\u062e\u0627\u0644\u064a \u0645\u0646 \u0627\u0644\u063a\u0644\u0648\u062a\u064a\u0646<\/li>\n<li id=\"isPasted\">Contient des ingr\u00e9dients d&rsquo;origine bovine<\/li>\n<\/ul>","protected":false},"featured_media":29797,"template":"","meta":[],"product_brand":[166],"product_cat":[18,3366,8875,8062,7977,7963],"product_tag":[5079,8879,8878,181,3492,8876,4881,8880,8877,470],"class_list":{"0":"post-29796","1":"product","2":"type-product","3":"status-publish","4":"has-post-thumbnail","6":"product_brand-neocell-super","7":"product_cat-beaute-sante","8":"product_cat-complements-alimentaires-au-maroc-vitablanca","9":"product_cat-complements-de-collagene","10":"product_cat-os-articulations-et-cartilage","11":"product_cat-vitamine-c-2","12":"product_cat-vitamines-2","13":"product_tag-articulations","14":"product_tag-biotine","15":"product_tag-collagen-peptides","16":"product_tag-complement-alimentaire","17":"product_tag-maroc","18":"product_tag-neocell","19":"product_tag-ongles-forts","20":"product_tag-peau-et-cheveux","21":"product_tag-superior-collagen","22":"product_tag-vitamine-c","24":"first","25":"instock","26":"sale","27":"taxable","28":"shipping-taxable","29":"purchasable","30":"product-type-simple"},"yoast_head":"<!-- This site is optimized with the Yoast SEO plugin v27.6 - https:\/\/yoast.com\/product\/yoast-seo-wordpress\/ -->\n<title>Neocell Collagen Peptides + Vitamin C &amp; Biotin 270 \u2013 Maroc Prix<\/title>\n<meta name=\"description\" content=\"Compl\u00e9ment Neocell Superior Collagen Peptides avec vitamine C et biotine 270 comprim\u00e9s. Soutient peau, cheveux, ongles et articulations. Disponible au Maroc\" \/>\n<meta name=\"robots\" content=\"index, follow, max-snippet:-1, max-image-preview:large, max-video-preview:-1\" \/>\n<link rel=\"canonical\" href=\"https:\/\/vitablanca.ma\/ar\/product-2\/neocell-superior-collagen-peptides-vitamin-c-and-biotin-270-tablets-maroc-prix\/\" \/>\n<meta property=\"og:locale\" content=\"ar_AR\" \/>\n<meta property=\"og:type\" content=\"article\" \/>\n<meta property=\"og:title\" content=\"Neocell Collagen Peptides + Vitamin C &amp; Biotin 270 \u2013 Maroc Prix\" \/>\n<meta property=\"og:description\" content=\"Compl\u00e9ment Neocell Superior Collagen Peptides avec vitamine C et biotine 270 comprim\u00e9s. Soutient peau, cheveux, ongles et articulations. Disponible au Maroc\" \/>\n<meta property=\"og:url\" content=\"https:\/\/vitablanca.ma\/ar\/product-2\/neocell-superior-collagen-peptides-vitamin-c-and-biotin-270-tablets-maroc-prix\/\" \/>\n<meta property=\"og:site_name\" content=\"Vitablanca.ma &ndash; Sant&eacute;, vitalit&eacute; et bien-&ecirc;tre pour tous les Marocains\" \/>\n<meta property=\"article:publisher\" content=\"https:\/\/www.facebook.com\/profile.php?id=61576678196717\" \/>\n<meta property=\"article:modified_time\" content=\"2026-02-21T16:14:40+00:00\" \/>\n<meta property=\"og:image\" content=\"https:\/\/vitablanca.ma\/wp-content\/uploads\/2026\/02\/Neocell-Superior-Collagen-Peptides-Vitamin-C-and-Biotin-270-tablets1.jpg\" \/>\n\t<meta property=\"og:image:width\" content=\"1600\" \/>\n\t<meta property=\"og:image:height\" content=\"1600\" \/>\n\t<meta property=\"og:image:type\" content=\"image\/jpeg\" \/>\n<meta name=\"twitter:card\" content=\"summary_large_image\" \/>\n<meta name=\"twitter:label1\" content=\"\u0648\u0642\u062a \u0627\u0644\u0642\u0631\u0627\u0621\u0629 \u0627\u0644\u0645\u064f\u0642\u062f\u0651\u0631\" \/>\n\t<meta name=\"twitter:data1\" content=\"\u062f\u0642\u064a\u0642\u062a\u0627\u0646\" \/>\n<script type=\"application\/ld+json\" class=\"yoast-schema-graph\">{\"@context\":\"https:\\\/\\\/schema.org\",\"@graph\":[{\"@type\":[\"WebPage\",\"ItemPage\"],\"@id\":\"https:\\\/\\\/vitablanca.ma\\\/produit\\\/neocell-superior-collagen-peptides-vitamin-c-and-biotin-270-tablets-maroc-prix\\\/\",\"url\":\"https:\\\/\\\/vitablanca.ma\\\/produit\\\/neocell-superior-collagen-peptides-vitamin-c-and-biotin-270-tablets-maroc-prix\\\/\",\"name\":\"Neocell Collagen Peptides + Vitamin C & Biotin 270 \u2013 Maroc Prix\",\"isPartOf\":{\"@id\":\"https:\\\/\\\/vitablanca.ma\\\/#website\"},\"primaryImageOfPage\":{\"@id\":\"https:\\\/\\\/vitablanca.ma\\\/produit\\\/neocell-superior-collagen-peptides-vitamin-c-and-biotin-270-tablets-maroc-prix\\\/#primaryimage\"},\"image\":{\"@id\":\"https:\\\/\\\/vitablanca.ma\\\/produit\\\/neocell-superior-collagen-peptides-vitamin-c-and-biotin-270-tablets-maroc-prix\\\/#primaryimage\"},\"thumbnailUrl\":\"https:\\\/\\\/vitablanca.ma\\\/wp-content\\\/uploads\\\/2026\\\/02\\\/Neocell-Superior-Collagen-Peptides-Vitamin-C-and-Biotin-270-tablets1.jpg\",\"datePublished\":\"2026-02-10T22:41:41+00:00\",\"dateModified\":\"2026-02-21T16:14:40+00:00\",\"description\":\"Compl\u00e9ment Neocell Superior Collagen Peptides avec vitamine C et biotine 270 comprim\u00e9s. Soutient peau, cheveux, ongles et articulations. Disponible au Maroc\",\"breadcrumb\":{\"@id\":\"https:\\\/\\\/vitablanca.ma\\\/produit\\\/neocell-superior-collagen-peptides-vitamin-c-and-biotin-270-tablets-maroc-prix\\\/#breadcrumb\"},\"inLanguage\":\"ar\",\"potentialAction\":[{\"@type\":\"ReadAction\",\"target\":[\"https:\\\/\\\/vitablanca.ma\\\/produit\\\/neocell-superior-collagen-peptides-vitamin-c-and-biotin-270-tablets-maroc-prix\\\/\"]}]},{\"@type\":\"ImageObject\",\"inLanguage\":\"ar\",\"@id\":\"https:\\\/\\\/vitablanca.ma\\\/produit\\\/neocell-superior-collagen-peptides-vitamin-c-and-biotin-270-tablets-maroc-prix\\\/#primaryimage\",\"url\":\"https:\\\/\\\/vitablanca.ma\\\/wp-content\\\/uploads\\\/2026\\\/02\\\/Neocell-Superior-Collagen-Peptides-Vitamin-C-and-Biotin-270-tablets1.jpg\",\"contentUrl\":\"https:\\\/\\\/vitablanca.ma\\\/wp-content\\\/uploads\\\/2026\\\/02\\\/Neocell-Superior-Collagen-Peptides-Vitamin-C-and-Biotin-270-tablets1.jpg\",\"width\":1600,\"height\":1600},{\"@type\":\"BreadcrumbList\",\"@id\":\"https:\\\/\\\/vitablanca.ma\\\/produit\\\/neocell-superior-collagen-peptides-vitamin-c-and-biotin-270-tablets-maroc-prix\\\/#breadcrumb\",\"itemListElement\":[{\"@type\":\"ListItem\",\"position\":1,\"name\":\"Home\",\"item\":\"https:\\\/\\\/vitablanca.ma\\\/\"},{\"@type\":\"ListItem\",\"position\":2,\"name\":\"Tous Les Produits\",\"item\":\"https:\\\/\\\/vitablanca.ma\\\/tous-les-produits\\\/\"},{\"@type\":\"ListItem\",\"position\":3,\"name\":\"Neocell Superior Collagen Peptides + Vitamin C and Biotin, 270 tablets\"}]},{\"@type\":\"WebSite\",\"@id\":\"https:\\\/\\\/vitablanca.ma\\\/#website\",\"url\":\"https:\\\/\\\/vitablanca.ma\\\/\",\"name\":\"VitaBlanca.ma | Compl\u00e9ments alimentaires, sant\u00e9 & beaut\u00e9 au Maroc\",\"description\":\"vendre vitamines et compl\u00e9ments premium des USA &amp; Canada, Nouvelle Z\u00e9lande,Maroc (NOW Foods, Solgar, Manuka). Livraison rapide partout au Maroc.\",\"publisher\":{\"@id\":\"https:\\\/\\\/vitablanca.ma\\\/#organization\"},\"alternateName\":\"VitaBlanca.ma\",\"potentialAction\":[{\"@type\":\"SearchAction\",\"target\":{\"@type\":\"EntryPoint\",\"urlTemplate\":\"https:\\\/\\\/vitablanca.ma\\\/?s={search_term_string}\"},\"query-input\":{\"@type\":\"PropertyValueSpecification\",\"valueRequired\":true,\"valueName\":\"search_term_string\"}}],\"inLanguage\":\"ar\"},{\"@type\":\"Organization\",\"@id\":\"https:\\\/\\\/vitablanca.ma\\\/#organization\",\"name\":\"VitaBlanca\",\"url\":\"https:\\\/\\\/vitablanca.ma\\\/\",\"logo\":{\"@type\":\"ImageObject\",\"inLanguage\":\"ar\",\"@id\":\"https:\\\/\\\/vitablanca.ma\\\/#\\\/schema\\\/logo\\\/image\\\/\",\"url\":\"https:\\\/\\\/vitablanca.ma\\\/wp-content\\\/uploads\\\/2025\\\/05\\\/cropped-vitablanca.png\",\"contentUrl\":\"https:\\\/\\\/vitablanca.ma\\\/wp-content\\\/uploads\\\/2025\\\/05\\\/cropped-vitablanca.png\",\"width\":360,\"height\":67,\"caption\":\"VitaBlanca\"},\"image\":{\"@id\":\"https:\\\/\\\/vitablanca.ma\\\/#\\\/schema\\\/logo\\\/image\\\/\"},\"sameAs\":[\"https:\\\/\\\/www.facebook.com\\\/profile.php?id=61576678196717\",\"https:\\\/\\\/www.tiktok.com\\\/@vitablanca.ma\",\"https:\\\/\\\/www.instagram.com\\\/vitablanca.ma\\\/\"]}]}<\/script>\n<!-- \/ Yoast SEO plugin. -->","yoast_head_json":{"title":"Neocell Collagen Peptides + Vitamin C & Biotin 270 \u2013 Maroc Prix","description":"Compl\u00e9ment Neocell Superior Collagen Peptides avec vitamine C et biotine 270 comprim\u00e9s. Soutient peau, cheveux, ongles et articulations. Disponible au Maroc","robots":{"index":"index","follow":"follow","max-snippet":"max-snippet:-1","max-image-preview":"max-image-preview:large","max-video-preview":"max-video-preview:-1"},"canonical":"https:\/\/vitablanca.ma\/ar\/product-2\/neocell-superior-collagen-peptides-vitamin-c-and-biotin-270-tablets-maroc-prix\/","og_locale":"ar_AR","og_type":"article","og_title":"Neocell Collagen Peptides + Vitamin C & Biotin 270 \u2013 Maroc Prix","og_description":"Compl\u00e9ment Neocell Superior Collagen Peptides avec vitamine C et biotine 270 comprim\u00e9s. Soutient peau, cheveux, ongles et articulations. Disponible au Maroc","og_url":"https:\/\/vitablanca.ma\/ar\/product-2\/neocell-superior-collagen-peptides-vitamin-c-and-biotin-270-tablets-maroc-prix\/","og_site_name":"Vitablanca.ma &ndash; Sant&eacute;, vitalit&eacute; et bien-&ecirc;tre pour tous les Marocains","article_publisher":"https:\/\/www.facebook.com\/profile.php?id=61576678196717","article_modified_time":"2026-02-21T16:14:40+00:00","og_image":[{"width":1600,"height":1600,"url":"https:\/\/vitablanca.ma\/wp-content\/uploads\/2026\/02\/Neocell-Superior-Collagen-Peptides-Vitamin-C-and-Biotin-270-tablets1.jpg","type":"image\/jpeg"}],"twitter_card":"summary_large_image","twitter_misc":{"\u0648\u0642\u062a \u0627\u0644\u0642\u0631\u0627\u0621\u0629 \u0627\u0644\u0645\u064f\u0642\u062f\u0651\u0631":"\u062f\u0642\u064a\u0642\u062a\u0627\u0646"},"schema":{"@context":"https:\/\/schema.org","@graph":[{"@type":["WebPage","ItemPage"],"@id":"https:\/\/vitablanca.ma\/produit\/neocell-superior-collagen-peptides-vitamin-c-and-biotin-270-tablets-maroc-prix\/","url":"https:\/\/vitablanca.ma\/produit\/neocell-superior-collagen-peptides-vitamin-c-and-biotin-270-tablets-maroc-prix\/","name":"Neocell Collagen Peptides + Vitamin C & Biotin 270 \u2013 Maroc Prix","isPartOf":{"@id":"https:\/\/vitablanca.ma\/#website"},"primaryImageOfPage":{"@id":"https:\/\/vitablanca.ma\/produit\/neocell-superior-collagen-peptides-vitamin-c-and-biotin-270-tablets-maroc-prix\/#primaryimage"},"image":{"@id":"https:\/\/vitablanca.ma\/produit\/neocell-superior-collagen-peptides-vitamin-c-and-biotin-270-tablets-maroc-prix\/#primaryimage"},"thumbnailUrl":"https:\/\/vitablanca.ma\/wp-content\/uploads\/2026\/02\/Neocell-Superior-Collagen-Peptides-Vitamin-C-and-Biotin-270-tablets1.jpg","datePublished":"2026-02-10T22:41:41+00:00","dateModified":"2026-02-21T16:14:40+00:00","description":"Compl\u00e9ment Neocell Superior Collagen Peptides avec vitamine C et biotine 270 comprim\u00e9s. Soutient peau, cheveux, ongles et articulations. Disponible au Maroc","breadcrumb":{"@id":"https:\/\/vitablanca.ma\/produit\/neocell-superior-collagen-peptides-vitamin-c-and-biotin-270-tablets-maroc-prix\/#breadcrumb"},"inLanguage":"ar","potentialAction":[{"@type":"ReadAction","target":["https:\/\/vitablanca.ma\/produit\/neocell-superior-collagen-peptides-vitamin-c-and-biotin-270-tablets-maroc-prix\/"]}]},{"@type":"ImageObject","inLanguage":"ar","@id":"https:\/\/vitablanca.ma\/produit\/neocell-superior-collagen-peptides-vitamin-c-and-biotin-270-tablets-maroc-prix\/#primaryimage","url":"https:\/\/vitablanca.ma\/wp-content\/uploads\/2026\/02\/Neocell-Superior-Collagen-Peptides-Vitamin-C-and-Biotin-270-tablets1.jpg","contentUrl":"https:\/\/vitablanca.ma\/wp-content\/uploads\/2026\/02\/Neocell-Superior-Collagen-Peptides-Vitamin-C-and-Biotin-270-tablets1.jpg","width":1600,"height":1600},{"@type":"BreadcrumbList","@id":"https:\/\/vitablanca.ma\/produit\/neocell-superior-collagen-peptides-vitamin-c-and-biotin-270-tablets-maroc-prix\/#breadcrumb","itemListElement":[{"@type":"ListItem","position":1,"name":"Home","item":"https:\/\/vitablanca.ma\/"},{"@type":"ListItem","position":2,"name":"Tous Les Produits","item":"https:\/\/vitablanca.ma\/tous-les-produits\/"},{"@type":"ListItem","position":3,"name":"Neocell Superior Collagen Peptides + Vitamin C and Biotin, 270 tablets"}]},{"@type":"WebSite","@id":"https:\/\/vitablanca.ma\/#website","url":"https:\/\/vitablanca.ma\/","name":"VitaBlanca.ma | \u0627\u0644\u0645\u0643\u0645\u0644\u0627\u062a \u0627\u0644\u063a\u0630\u0627\u0626\u064a\u0629\u060c \u0627\u0644\u0635\u062d\u0629 \u0648\u0627\u0644\u062c\u0645\u0627\u0644 \u0641\u064a \u0627\u0644\u0645\u063a\u0631\u0628","description":"\u0646\u0628\u064a\u0639 \u0641\u064a\u062a\u0627\u0645\u064a\u0646\u0627\u062a \u0648\u0645\u0643\u0645\u0644\u0627\u062a \u063a\u0630\u0627\u0626\u064a\u0629 \u0641\u0627\u062e\u0631\u0629 \u0645\u0646 \u0627\u0644\u0648\u0644\u0627\u064a\u0627\u062a \u0627\u0644\u0645\u062a\u062d\u062f\u0629 \u0627\u0644\u0623\u0645\u0631\u064a\u0643\u064a\u0629 \u0648\u0643\u0646\u062f\u0627 \u0648\u0646\u064a\u0648\u0632\u064a\u0644\u0646\u062f\u0627 \u0648\u0627\u0644\u0645\u063a\u0631\u0628 (\u0646\u0627\u0648 \u0641\u0648\u062f\u0632\u060c \u0633\u0648\u0644\u062c\u0627\u0631\u060c \u0645\u0627\u0646\u0648\u0643\u0627). \u062a\u0648\u0635\u064a\u0644 \u0633\u0631\u064a\u0639 \u0625\u0644\u0649 \u062c\u0645\u064a\u0639 \u0623\u0646\u062d\u0627\u0621 \u0627\u0644\u0645\u063a\u0631\u0628.","publisher":{"@id":"https:\/\/vitablanca.ma\/#organization"},"alternateName":"VitaBlanca.ma","potentialAction":[{"@type":"SearchAction","target":{"@type":"EntryPoint","urlTemplate":"https:\/\/vitablanca.ma\/?s={search_term_string}"},"query-input":{"@type":"PropertyValueSpecification","valueRequired":true,"valueName":"search_term_string"}}],"inLanguage":"ar"},{"@type":"Organization","@id":"https:\/\/vitablanca.ma\/#organization","name":"\u0641\u064a\u062a\u0627\u0628\u0644\u0627\u0646\u0643\u0627","url":"https:\/\/vitablanca.ma\/","logo":{"@type":"ImageObject","inLanguage":"ar","@id":"https:\/\/vitablanca.ma\/#\/schema\/logo\/image\/","url":"https:\/\/vitablanca.ma\/wp-content\/uploads\/2025\/05\/cropped-vitablanca.png","contentUrl":"https:\/\/vitablanca.ma\/wp-content\/uploads\/2025\/05\/cropped-vitablanca.png","width":360,"height":67,"caption":"VitaBlanca"},"image":{"@id":"https:\/\/vitablanca.ma\/#\/schema\/logo\/image\/"},"sameAs":["https:\/\/www.facebook.com\/profile.php?id=61576678196717","https:\/\/www.tiktok.com\/@vitablanca.ma","https:\/\/www.instagram.com\/vitablanca.ma\/"]}]}},"jetpack_sharing_enabled":true,"_links":{"self":[{"href":"https:\/\/vitablanca.ma\/ar\/wp-json\/wp\/v2\/product\/29796","targetHints":{"allow":["GET"]}}],"collection":[{"href":"https:\/\/vitablanca.ma\/ar\/wp-json\/wp\/v2\/product"}],"about":[{"href":"https:\/\/vitablanca.ma\/ar\/wp-json\/wp\/v2\/types\/product"}],"wp:featuredmedia":[{"embeddable":true,"href":"https:\/\/vitablanca.ma\/ar\/wp-json\/wp\/v2\/media\/29797"}],"wp:attachment":[{"href":"https:\/\/vitablanca.ma\/ar\/wp-json\/wp\/v2\/media?parent=29796"}],"wp:term":[{"taxonomy":"product_brand","embeddable":true,"href":"https:\/\/vitablanca.ma\/ar\/wp-json\/wp\/v2\/product_brand?post=29796"},{"taxonomy":"product_cat","embeddable":true,"href":"https:\/\/vitablanca.ma\/ar\/wp-json\/wp\/v2\/product_cat?post=29796"},{"taxonomy":"product_tag","embeddable":true,"href":"https:\/\/vitablanca.ma\/ar\/wp-json\/wp\/v2\/product_tag?post=29796"}],"curies":[{"name":"wp","href":"https:\/\/api.w.org\/{rel}","templated":true}]}}