{"id":29707,"date":"2026-02-07T23:44:36","date_gmt":"2026-02-07T23:44:36","guid":{"rendered":"https:\/\/vitablanca.ma\/?post_type=product&#038;p=29707"},"modified":"2026-02-07T23:44:37","modified_gmt":"2026-02-07T23:44:37","slug":"bio-oil-huile-de-soin-peau-25-ml-maroc-prix","status":"publish","type":"product","link":"https:\/\/vitablanca.ma\/ar\/product-2\/bio-oil-huile-de-soin-peau-25-ml-maroc-prix\/","title":{"rendered":"Bio-Oil Huile de Soin Peau 25 ml"},"content":{"rendered":"<p>Consid\u00e9r\u00e9e comme une huile miraculeuse, l\u2019huile r\u00e9g\u00e9n\u00e9rante Bi-Oil poss\u00e8de une action b\u00e9n\u00e9fique sur l\u2019ensemble du corps et propose une solution efficace pour tous les probl\u00e8mes de peau : acn\u00e9, cicatrices, vergetures, teint irr\u00e9gulier, vieillissement cutan\u00e9.<\/p>\n<ul>\n<li>Gr\u00e2ce \u00e0 son action\u00a0<strong>2 en 1,<\/strong>\u00a0elle offre \u00e0 la fois la douceur et la richesse d\u2019une huile coupl\u00e9e aux propri\u00e9t\u00e9s nourrissantes d\u2019une cr\u00e8me hydratante.<br \/>\nConnue principalement pour son action cicatrisante, l\u2019huile Bi-Oil aide la peau \u00e0 se renouveler et \u00e0 se r\u00e9g\u00e9n\u00e9rer. Cette huile s\u00e8che constitue un soin efficace pour estomper les cicatrices, l\u2019acn\u00e9 ainsi que les stries disgracieuses.<\/li>\n<li>Souvent recommand\u00e9e pendant une grossesse, la pubert\u00e9 ou une p\u00e9riode de croissance, Bi-oil comble les carences en collag\u00e8ne et \u00e9lastine, principales responsables de l\u2019apparition des vergetures. Tr\u00e8s nourrissante, l\u2019huile Bi-Oil pr\u00e9vient la formation de nouvelles vergetures et aide \u00e0 att\u00e9nuer celles d\u00e9j\u00e0 pr\u00e9sentes sur la peau.<\/li>\n<\/ul>\n<p>Hydratante, l\u2019huile Bi-Oil constitue un excellent soin de jour pour le visage. Avec sa texture riche, elle s\u2019adresse particuli\u00e8rement aux peaux s\u00e8ches, d\u00e9shydrat\u00e9es et matures mais convient parfaitement aux peaux normales et mixtes. Cette huile permet aussi d\u2019am\u00e9liorer la souplesse de la peau et de lui redonner toute son \u00e9lasticit\u00e9. Un excellent soin capable de lutter contre le dess\u00e8chement et le vieillissement cutan\u00e9<\/p>","protected":false},"excerpt":{"rendered":"<ul>\n<li data-start=\"0\" data-end=\"34\">\n<p data-start=\"2\" data-end=\"34\">Aide \u00e0 att\u00e9nuer les vergetures<\/p>\n<\/li>\n<li data-start=\"35\" data-end=\"74\">\n<p data-start=\"37\" data-end=\"74\">Am\u00e9liore l\u2019apparence des cicatrices<\/p>\n<\/li>\n<li data-start=\"75\" data-end=\"111\">\n<p data-start=\"77\" data-end=\"111\">Nourrit et hydrate la peau s\u00e8che<\/p>\n<\/li>\n<li data-start=\"112\" data-end=\"142\">\n<p data-start=\"114\" data-end=\"142\">Unifie le teint irr\u00e9gulier<\/p>\n<\/li>\n<li data-start=\"143\" data-end=\"178\" data-is-last-node=\"\">\n<p data-start=\"145\" data-end=\"178\" data-is-last-node=\"\">\u0645\u0646\u0627\u0633\u0628 \u0644\u062c\u0645\u064a\u0639 \u0623\u0646\u0648\u0627\u0639 \u0627\u0644\u0628\u0634\u0631\u0629<\/p>\n<\/li>\n<\/ul>","protected":false},"featured_media":29708,"template":"","meta":[],"product_brand":[8709],"product_cat":[18],"product_tag":[8710,8713,6941,8711,6276,3492,4932,6722,8714,8712],"class_list":{"0":"post-29707","1":"product","2":"type-product","3":"status-publish","4":"has-post-thumbnail","6":"product_brand-biooil","7":"product_cat-beaute-sante","8":"product_tag-bio-oil","9":"product_tag-cicatrices","10":"product_tag-dermocosmetique","11":"product_tag-huile-de-soin","12":"product_tag-hydratation","13":"product_tag-maroc","14":"product_tag-peau-seche","15":"product_tag-soin-peau","16":"product_tag-teint-irregulier","17":"product_tag-vergetures","19":"first","20":"instock","21":"sale","22":"taxable","23":"shipping-taxable","24":"purchasable","25":"product-type-simple"},"yoast_head":"<!-- This site is optimized with the Yoast SEO plugin v27.6 - https:\/\/yoast.com\/product\/yoast-seo-wordpress\/ -->\n<title>Bio-Oil Huile de Soin Peau 25 ml \u2013 Maroc Prix<\/title>\n<meta name=\"description\" content=\"Bio-Oil 25 ml aide \u00e0 am\u00e9liorer l\u2019apparence des vergetures cicatrices, peau s\u00e8che et teint irr\u00e9gulier. Convient \u00e0 tous les types de peau. Disponible au Maroc\" \/>\n<meta name=\"robots\" content=\"index, follow, max-snippet:-1, max-image-preview:large, max-video-preview:-1\" \/>\n<link rel=\"canonical\" href=\"https:\/\/vitablanca.ma\/ar\/product-2\/bio-oil-huile-de-soin-peau-25-ml-maroc-prix\/\" \/>\n<meta property=\"og:locale\" content=\"ar_AR\" \/>\n<meta property=\"og:type\" content=\"article\" \/>\n<meta property=\"og:title\" content=\"Bio-Oil Huile de Soin Peau 25 ml \u2013 Maroc Prix\" \/>\n<meta property=\"og:description\" content=\"Bio-Oil 25 ml aide \u00e0 am\u00e9liorer l\u2019apparence des vergetures cicatrices, peau s\u00e8che et teint irr\u00e9gulier. Convient \u00e0 tous les types de peau. Disponible au Maroc\" \/>\n<meta property=\"og:url\" content=\"https:\/\/vitablanca.ma\/ar\/product-2\/bio-oil-huile-de-soin-peau-25-ml-maroc-prix\/\" \/>\n<meta property=\"og:site_name\" content=\"Vitablanca.ma &ndash; Sant&eacute;, vitalit&eacute; et bien-&ecirc;tre pour tous les Marocains\" \/>\n<meta property=\"article:publisher\" content=\"https:\/\/www.facebook.com\/profile.php?id=61576678196717\" \/>\n<meta property=\"article:modified_time\" content=\"2026-02-07T23:44:37+00:00\" \/>\n<meta property=\"og:image\" content=\"https:\/\/vitablanca.ma\/wp-content\/uploads\/2026\/02\/Bio-Oil-Huile-de-Soin-Peau-25-ml1.jpg\" \/>\n\t<meta property=\"og:image:width\" content=\"680\" \/>\n\t<meta property=\"og:image:height\" content=\"680\" \/>\n\t<meta property=\"og:image:type\" content=\"image\/jpeg\" \/>\n<meta name=\"twitter:card\" content=\"summary_large_image\" \/>\n<meta name=\"twitter:label1\" content=\"\u0648\u0642\u062a \u0627\u0644\u0642\u0631\u0627\u0621\u0629 \u0627\u0644\u0645\u064f\u0642\u062f\u0651\u0631\" \/>\n\t<meta name=\"twitter:data1\" content=\"\u062f\u0642\u064a\u0642\u062a\u0627\u0646\" \/>\n<script type=\"application\/ld+json\" class=\"yoast-schema-graph\">{\"@context\":\"https:\\\/\\\/schema.org\",\"@graph\":[{\"@type\":[\"WebPage\",\"ItemPage\"],\"@id\":\"https:\\\/\\\/vitablanca.ma\\\/produit\\\/bio-oil-huile-de-soin-peau-25-ml-maroc-prix\\\/\",\"url\":\"https:\\\/\\\/vitablanca.ma\\\/produit\\\/bio-oil-huile-de-soin-peau-25-ml-maroc-prix\\\/\",\"name\":\"Bio-Oil Huile de Soin Peau 25 ml \u2013 Maroc Prix\",\"isPartOf\":{\"@id\":\"https:\\\/\\\/vitablanca.ma\\\/#website\"},\"primaryImageOfPage\":{\"@id\":\"https:\\\/\\\/vitablanca.ma\\\/produit\\\/bio-oil-huile-de-soin-peau-25-ml-maroc-prix\\\/#primaryimage\"},\"image\":{\"@id\":\"https:\\\/\\\/vitablanca.ma\\\/produit\\\/bio-oil-huile-de-soin-peau-25-ml-maroc-prix\\\/#primaryimage\"},\"thumbnailUrl\":\"https:\\\/\\\/vitablanca.ma\\\/wp-content\\\/uploads\\\/2026\\\/02\\\/Bio-Oil-Huile-de-Soin-Peau-25-ml1.jpg\",\"datePublished\":\"2026-02-07T23:44:36+00:00\",\"dateModified\":\"2026-02-07T23:44:37+00:00\",\"description\":\"Bio-Oil 25 ml aide \u00e0 am\u00e9liorer l\u2019apparence des vergetures cicatrices, peau s\u00e8che et teint irr\u00e9gulier. Convient \u00e0 tous les types de peau. Disponible au Maroc\",\"breadcrumb\":{\"@id\":\"https:\\\/\\\/vitablanca.ma\\\/produit\\\/bio-oil-huile-de-soin-peau-25-ml-maroc-prix\\\/#breadcrumb\"},\"inLanguage\":\"ar\",\"potentialAction\":[{\"@type\":\"ReadAction\",\"target\":[\"https:\\\/\\\/vitablanca.ma\\\/produit\\\/bio-oil-huile-de-soin-peau-25-ml-maroc-prix\\\/\"]}]},{\"@type\":\"ImageObject\",\"inLanguage\":\"ar\",\"@id\":\"https:\\\/\\\/vitablanca.ma\\\/produit\\\/bio-oil-huile-de-soin-peau-25-ml-maroc-prix\\\/#primaryimage\",\"url\":\"https:\\\/\\\/vitablanca.ma\\\/wp-content\\\/uploads\\\/2026\\\/02\\\/Bio-Oil-Huile-de-Soin-Peau-25-ml1.jpg\",\"contentUrl\":\"https:\\\/\\\/vitablanca.ma\\\/wp-content\\\/uploads\\\/2026\\\/02\\\/Bio-Oil-Huile-de-Soin-Peau-25-ml1.jpg\",\"width\":680,\"height\":680},{\"@type\":\"BreadcrumbList\",\"@id\":\"https:\\\/\\\/vitablanca.ma\\\/produit\\\/bio-oil-huile-de-soin-peau-25-ml-maroc-prix\\\/#breadcrumb\",\"itemListElement\":[{\"@type\":\"ListItem\",\"position\":1,\"name\":\"Home\",\"item\":\"https:\\\/\\\/vitablanca.ma\\\/\"},{\"@type\":\"ListItem\",\"position\":2,\"name\":\"Tous Les Produits\",\"item\":\"https:\\\/\\\/vitablanca.ma\\\/tous-les-produits\\\/\"},{\"@type\":\"ListItem\",\"position\":3,\"name\":\"Bio-Oil Huile de Soin Peau 25 ml\"}]},{\"@type\":\"WebSite\",\"@id\":\"https:\\\/\\\/vitablanca.ma\\\/#website\",\"url\":\"https:\\\/\\\/vitablanca.ma\\\/\",\"name\":\"VitaBlanca.ma | Compl\u00e9ments alimentaires, sant\u00e9 & beaut\u00e9 au Maroc\",\"description\":\"vendre vitamines et compl\u00e9ments premium des USA &amp; Canada, Nouvelle Z\u00e9lande,Maroc (NOW Foods, Solgar, Manuka). Livraison rapide partout au Maroc.\",\"publisher\":{\"@id\":\"https:\\\/\\\/vitablanca.ma\\\/#organization\"},\"alternateName\":\"VitaBlanca.ma\",\"potentialAction\":[{\"@type\":\"SearchAction\",\"target\":{\"@type\":\"EntryPoint\",\"urlTemplate\":\"https:\\\/\\\/vitablanca.ma\\\/?s={search_term_string}\"},\"query-input\":{\"@type\":\"PropertyValueSpecification\",\"valueRequired\":true,\"valueName\":\"search_term_string\"}}],\"inLanguage\":\"ar\"},{\"@type\":\"Organization\",\"@id\":\"https:\\\/\\\/vitablanca.ma\\\/#organization\",\"name\":\"VitaBlanca\",\"url\":\"https:\\\/\\\/vitablanca.ma\\\/\",\"logo\":{\"@type\":\"ImageObject\",\"inLanguage\":\"ar\",\"@id\":\"https:\\\/\\\/vitablanca.ma\\\/#\\\/schema\\\/logo\\\/image\\\/\",\"url\":\"https:\\\/\\\/vitablanca.ma\\\/wp-content\\\/uploads\\\/2025\\\/05\\\/cropped-vitablanca.png\",\"contentUrl\":\"https:\\\/\\\/vitablanca.ma\\\/wp-content\\\/uploads\\\/2025\\\/05\\\/cropped-vitablanca.png\",\"width\":360,\"height\":67,\"caption\":\"VitaBlanca\"},\"image\":{\"@id\":\"https:\\\/\\\/vitablanca.ma\\\/#\\\/schema\\\/logo\\\/image\\\/\"},\"sameAs\":[\"https:\\\/\\\/www.facebook.com\\\/profile.php?id=61576678196717\",\"https:\\\/\\\/www.tiktok.com\\\/@vitablanca.ma\",\"https:\\\/\\\/www.instagram.com\\\/vitablanca.ma\\\/\"]}]}<\/script>\n<!-- \/ Yoast SEO plugin. -->","yoast_head_json":{"title":"Bio-Oil Huile de Soin Peau 25 ml \u2013 Maroc Prix","description":"Bio-Oil 25 ml aide \u00e0 am\u00e9liorer l\u2019apparence des vergetures cicatrices, peau s\u00e8che et teint irr\u00e9gulier. Convient \u00e0 tous les types de peau. Disponible au Maroc","robots":{"index":"index","follow":"follow","max-snippet":"max-snippet:-1","max-image-preview":"max-image-preview:large","max-video-preview":"max-video-preview:-1"},"canonical":"https:\/\/vitablanca.ma\/ar\/product-2\/bio-oil-huile-de-soin-peau-25-ml-maroc-prix\/","og_locale":"ar_AR","og_type":"article","og_title":"Bio-Oil Huile de Soin Peau 25 ml \u2013 Maroc Prix","og_description":"Bio-Oil 25 ml aide \u00e0 am\u00e9liorer l\u2019apparence des vergetures cicatrices, peau s\u00e8che et teint irr\u00e9gulier. Convient \u00e0 tous les types de peau. Disponible au Maroc","og_url":"https:\/\/vitablanca.ma\/ar\/product-2\/bio-oil-huile-de-soin-peau-25-ml-maroc-prix\/","og_site_name":"Vitablanca.ma &ndash; Sant&eacute;, vitalit&eacute; et bien-&ecirc;tre pour tous les Marocains","article_publisher":"https:\/\/www.facebook.com\/profile.php?id=61576678196717","article_modified_time":"2026-02-07T23:44:37+00:00","og_image":[{"width":680,"height":680,"url":"https:\/\/vitablanca.ma\/wp-content\/uploads\/2026\/02\/Bio-Oil-Huile-de-Soin-Peau-25-ml1.jpg","type":"image\/jpeg"}],"twitter_card":"summary_large_image","twitter_misc":{"\u0648\u0642\u062a \u0627\u0644\u0642\u0631\u0627\u0621\u0629 \u0627\u0644\u0645\u064f\u0642\u062f\u0651\u0631":"\u062f\u0642\u064a\u0642\u062a\u0627\u0646"},"schema":{"@context":"https:\/\/schema.org","@graph":[{"@type":["WebPage","ItemPage"],"@id":"https:\/\/vitablanca.ma\/produit\/bio-oil-huile-de-soin-peau-25-ml-maroc-prix\/","url":"https:\/\/vitablanca.ma\/produit\/bio-oil-huile-de-soin-peau-25-ml-maroc-prix\/","name":"Bio-Oil Huile de Soin Peau 25 ml \u2013 Maroc Prix","isPartOf":{"@id":"https:\/\/vitablanca.ma\/#website"},"primaryImageOfPage":{"@id":"https:\/\/vitablanca.ma\/produit\/bio-oil-huile-de-soin-peau-25-ml-maroc-prix\/#primaryimage"},"image":{"@id":"https:\/\/vitablanca.ma\/produit\/bio-oil-huile-de-soin-peau-25-ml-maroc-prix\/#primaryimage"},"thumbnailUrl":"https:\/\/vitablanca.ma\/wp-content\/uploads\/2026\/02\/Bio-Oil-Huile-de-Soin-Peau-25-ml1.jpg","datePublished":"2026-02-07T23:44:36+00:00","dateModified":"2026-02-07T23:44:37+00:00","description":"Bio-Oil 25 ml aide \u00e0 am\u00e9liorer l\u2019apparence des vergetures cicatrices, peau s\u00e8che et teint irr\u00e9gulier. Convient \u00e0 tous les types de peau. Disponible au Maroc","breadcrumb":{"@id":"https:\/\/vitablanca.ma\/produit\/bio-oil-huile-de-soin-peau-25-ml-maroc-prix\/#breadcrumb"},"inLanguage":"ar","potentialAction":[{"@type":"ReadAction","target":["https:\/\/vitablanca.ma\/produit\/bio-oil-huile-de-soin-peau-25-ml-maroc-prix\/"]}]},{"@type":"ImageObject","inLanguage":"ar","@id":"https:\/\/vitablanca.ma\/produit\/bio-oil-huile-de-soin-peau-25-ml-maroc-prix\/#primaryimage","url":"https:\/\/vitablanca.ma\/wp-content\/uploads\/2026\/02\/Bio-Oil-Huile-de-Soin-Peau-25-ml1.jpg","contentUrl":"https:\/\/vitablanca.ma\/wp-content\/uploads\/2026\/02\/Bio-Oil-Huile-de-Soin-Peau-25-ml1.jpg","width":680,"height":680},{"@type":"BreadcrumbList","@id":"https:\/\/vitablanca.ma\/produit\/bio-oil-huile-de-soin-peau-25-ml-maroc-prix\/#breadcrumb","itemListElement":[{"@type":"ListItem","position":1,"name":"Home","item":"https:\/\/vitablanca.ma\/"},{"@type":"ListItem","position":2,"name":"Tous Les Produits","item":"https:\/\/vitablanca.ma\/tous-les-produits\/"},{"@type":"ListItem","position":3,"name":"Bio-Oil Huile de Soin Peau 25 ml"}]},{"@type":"WebSite","@id":"https:\/\/vitablanca.ma\/#website","url":"https:\/\/vitablanca.ma\/","name":"VitaBlanca.ma | \u0627\u0644\u0645\u0643\u0645\u0644\u0627\u062a \u0627\u0644\u063a\u0630\u0627\u0626\u064a\u0629\u060c \u0627\u0644\u0635\u062d\u0629 \u0648\u0627\u0644\u062c\u0645\u0627\u0644 \u0641\u064a \u0627\u0644\u0645\u063a\u0631\u0628","description":"\u0646\u0628\u064a\u0639 \u0641\u064a\u062a\u0627\u0645\u064a\u0646\u0627\u062a \u0648\u0645\u0643\u0645\u0644\u0627\u062a \u063a\u0630\u0627\u0626\u064a\u0629 \u0641\u0627\u062e\u0631\u0629 \u0645\u0646 \u0627\u0644\u0648\u0644\u0627\u064a\u0627\u062a \u0627\u0644\u0645\u062a\u062d\u062f\u0629 \u0627\u0644\u0623\u0645\u0631\u064a\u0643\u064a\u0629 \u0648\u0643\u0646\u062f\u0627 \u0648\u0646\u064a\u0648\u0632\u064a\u0644\u0646\u062f\u0627 \u0648\u0627\u0644\u0645\u063a\u0631\u0628 (\u0646\u0627\u0648 \u0641\u0648\u062f\u0632\u060c \u0633\u0648\u0644\u062c\u0627\u0631\u060c \u0645\u0627\u0646\u0648\u0643\u0627). \u062a\u0648\u0635\u064a\u0644 \u0633\u0631\u064a\u0639 \u0625\u0644\u0649 \u062c\u0645\u064a\u0639 \u0623\u0646\u062d\u0627\u0621 \u0627\u0644\u0645\u063a\u0631\u0628.","publisher":{"@id":"https:\/\/vitablanca.ma\/#organization"},"alternateName":"VitaBlanca.ma","potentialAction":[{"@type":"SearchAction","target":{"@type":"EntryPoint","urlTemplate":"https:\/\/vitablanca.ma\/?s={search_term_string}"},"query-input":{"@type":"PropertyValueSpecification","valueRequired":true,"valueName":"search_term_string"}}],"inLanguage":"ar"},{"@type":"Organization","@id":"https:\/\/vitablanca.ma\/#organization","name":"\u0641\u064a\u062a\u0627\u0628\u0644\u0627\u0646\u0643\u0627","url":"https:\/\/vitablanca.ma\/","logo":{"@type":"ImageObject","inLanguage":"ar","@id":"https:\/\/vitablanca.ma\/#\/schema\/logo\/image\/","url":"https:\/\/vitablanca.ma\/wp-content\/uploads\/2025\/05\/cropped-vitablanca.png","contentUrl":"https:\/\/vitablanca.ma\/wp-content\/uploads\/2025\/05\/cropped-vitablanca.png","width":360,"height":67,"caption":"VitaBlanca"},"image":{"@id":"https:\/\/vitablanca.ma\/#\/schema\/logo\/image\/"},"sameAs":["https:\/\/www.facebook.com\/profile.php?id=61576678196717","https:\/\/www.tiktok.com\/@vitablanca.ma","https:\/\/www.instagram.com\/vitablanca.ma\/"]}]}},"jetpack_sharing_enabled":true,"_links":{"self":[{"href":"https:\/\/vitablanca.ma\/ar\/wp-json\/wp\/v2\/product\/29707","targetHints":{"allow":["GET"]}}],"collection":[{"href":"https:\/\/vitablanca.ma\/ar\/wp-json\/wp\/v2\/product"}],"about":[{"href":"https:\/\/vitablanca.ma\/ar\/wp-json\/wp\/v2\/types\/product"}],"wp:featuredmedia":[{"embeddable":true,"href":"https:\/\/vitablanca.ma\/ar\/wp-json\/wp\/v2\/media\/29708"}],"wp:attachment":[{"href":"https:\/\/vitablanca.ma\/ar\/wp-json\/wp\/v2\/media?parent=29707"}],"wp:term":[{"taxonomy":"product_brand","embeddable":true,"href":"https:\/\/vitablanca.ma\/ar\/wp-json\/wp\/v2\/product_brand?post=29707"},{"taxonomy":"product_cat","embeddable":true,"href":"https:\/\/vitablanca.ma\/ar\/wp-json\/wp\/v2\/product_cat?post=29707"},{"taxonomy":"product_tag","embeddable":true,"href":"https:\/\/vitablanca.ma\/ar\/wp-json\/wp\/v2\/product_tag?post=29707"}],"curies":[{"name":"wp","href":"https:\/\/api.w.org\/{rel}","templated":true}]}}