{"id":29673,"date":"2026-02-06T23:07:36","date_gmt":"2026-02-06T23:07:36","guid":{"rendered":"https:\/\/vitablanca.ma\/?post_type=product&#038;p=29673"},"modified":"2026-02-06T23:07:36","modified_gmt":"2026-02-06T23:07:36","slug":"perfectil-triple-skin-hair-nails-30-tablets-maroc-prix","status":"publish","type":"product","link":"https:\/\/vitablanca.ma\/ar\/product-2\/perfectil-triple-skin-hair-nails-30-tablets-maroc-prix\/","title":{"rendered":"Perfectil Triple SKIN HAIR NAILS 30 Tablets"},"content":{"rendered":"<p>Perfectil Triple Action<\/p>\n<p>Vitabiotics Perfectil est con\u00e7u pour compl\u00e9ter votre routine quotidienne de soins de la peau, des cheveux et des ongles.<\/p>\n<ul>\n<li>Perfectil agit en fournissant des nutriments via la circulation sanguine \u2013 le niveau le plus profond \u2013 pour le rev\u00eatement cutan\u00e9 de la peau, les follicules pileux et les lits d\u2019ongles.<\/li>\n<\/ul>\n<p>Chaque comprim\u00e9 contient des micronutriments, notamment:<\/p>\n<ul>\n<li>Vitamines B2, B3 et biotine qui contribuent au maintien d\u2019une peau normale.<\/li>\n<li>Min\u00e9raux s\u00e9l\u00e9nium et zinc qui contribuent au maintien des cheveux et des ongles normaux.<\/li>\n<li>\u0645\u0646\u0627\u0633\u0628 \u0644\u0644\u0646\u0628\u0627\u062a\u064a\u064a\u0646<\/li>\n<\/ul>\n<p><strong>Apport recommand\u00e9<\/strong> : UN comprim\u00e9 par jour avec votre repas principal.\u00a0Avalez avec de l\u2019eau ou une boisson fra\u00eeche.\u00a0Ne pas \u00eatre m\u00e2ch\u00e9.\u00a0Ne d\u00e9passez pas l\u2019apport recommand\u00e9. \u00c0 prendre \u00e0 jeun.\u00a0Cette formule compl\u00e8te remplace les autres suppl\u00e9ments et\u00a0Multi-vitamines Perfectil.\u00a0Il n\u2019est pas n\u00e9cessaire de prendre une\u00a0Multi-vitamine suppl\u00e9mentaire.\u00a0Perfectil peut \u00eatre utilis\u00e9 aussi longtemps que n\u00e9cessaire et une consommation r\u00e9guli\u00e8re est recommand\u00e9e.<\/p>","protected":false},"excerpt":{"rendered":"<ul>\n<li>Avalez avec de l&rsquo;eau ou une boisson fra\u00eeche.<\/li>\n<li>Ne pas \u00eatre m\u00e2ch\u00e9.<\/li>\n<li>Ne pas d\u00e9passer l&rsquo;apport recommand\u00e9.<\/li>\n<li>Seulement pour \u00eatre pris sur un estomac plein.<\/li>\n<li>Les compl\u00e9ments alimentaires ne doivent pas remplacer une alimentation vari\u00e9e et \u00e9quilibr\u00e9e, ni un mode de vie sain.<\/li>\n<li>Ce produit contient du fer qui, s&rsquo;il est pris en exc\u00e8s, peut \u00eatre nocif pour les tr\u00e8s jeunes enfants.<\/li>\n<li>Conserver au-dessous de 25 \u00b0 C dans un endroit sec, \u00e0 l&rsquo;abri des regards et de la port\u00e9e des enfants<\/li>\n<\/ul>","protected":false},"featured_media":29674,"template":"","meta":{"om_disable_all_campaigns":false},"product_brand":[8541],"product_cat":[18],"product_tag":[8544,1699,6235,181,3492,239,8545,8542,8543,183],"class_list":{"0":"post-29673","1":"product","2":"type-product","3":"status-publish","4":"has-post-thumbnail","6":"product_brand-perfectil","7":"product_cat-beaute-sante","8":"product_tag-beaute-de-la-peau","9":"product_tag-bien-etre","10":"product_tag-cheveux-forts","11":"product_tag-complement-alimentaire","12":"product_tag-maroc","13":"product_tag-mineraux","14":"product_tag-ongles-solides","15":"product_tag-perfectil","16":"product_tag-skin-hair-nails","17":"product_tag-vitamines","19":"first","20":"instock","21":"sale","22":"taxable","23":"shipping-taxable","24":"purchasable","25":"product-type-simple"},"yoast_head":"<!-- This site is optimized with the Yoast SEO plugin v27.5 - https:\/\/yoast.com\/product\/yoast-seo-wordpress\/ -->\n<title>Perfectil Triple Skin Hair Nails 30 Comprim\u00e9s \u2013 Maroc Prix<\/title>\n<meta name=\"description\" content=\"Perfectil Triple Skin Hair Nails 30 comprim\u00e9s. Compl\u00e9ment alimentaire pour soutenir la sant\u00e9 de la peau, des cheveux et des ongles. Formule compl\u00e8te.\" \/>\n<meta name=\"robots\" content=\"index, follow, max-snippet:-1, max-image-preview:large, max-video-preview:-1\" \/>\n<link rel=\"canonical\" href=\"https:\/\/vitablanca.ma\/ar\/product-2\/perfectil-triple-skin-hair-nails-30-tablets-maroc-prix\/\" \/>\n<meta property=\"og:locale\" content=\"ar_AR\" \/>\n<meta property=\"og:type\" content=\"article\" \/>\n<meta property=\"og:title\" content=\"Perfectil Triple Skin Hair Nails 30 Comprim\u00e9s \u2013 Maroc Prix\" \/>\n<meta property=\"og:description\" content=\"Perfectil Triple Skin Hair Nails 30 comprim\u00e9s. Compl\u00e9ment alimentaire pour soutenir la sant\u00e9 de la peau, des cheveux et des ongles. Formule compl\u00e8te.\" \/>\n<meta property=\"og:url\" content=\"https:\/\/vitablanca.ma\/ar\/product-2\/perfectil-triple-skin-hair-nails-30-tablets-maroc-prix\/\" \/>\n<meta property=\"og:site_name\" content=\"Vitablanca.ma &ndash; Sant&eacute;, vitalit&eacute; et bien-&ecirc;tre pour tous les Marocains\" \/>\n<meta property=\"article:publisher\" content=\"https:\/\/www.facebook.com\/profile.php?id=61576678196717\" \/>\n<meta property=\"og:image\" content=\"https:\/\/vitablanca.ma\/wp-content\/uploads\/2026\/02\/Perfectil-Triple-PEAU-CHEVEUX-ONGLES-30-Comprimes1.jpg\" \/>\n\t<meta property=\"og:image:width\" content=\"680\" \/>\n\t<meta property=\"og:image:height\" content=\"680\" \/>\n\t<meta property=\"og:image:type\" content=\"image\/jpeg\" \/>\n<meta name=\"twitter:card\" content=\"summary_large_image\" \/>\n<meta name=\"twitter:label1\" content=\"\u0648\u0642\u062a \u0627\u0644\u0642\u0631\u0627\u0621\u0629 \u0627\u0644\u0645\u064f\u0642\u062f\u0651\u0631\" \/>\n\t<meta name=\"twitter:data1\" content=\"\u062f\u0642\u064a\u0642\u0629 \u0648\u0627\u062d\u062f\u0629\" \/>\n<script type=\"application\/ld+json\" class=\"yoast-schema-graph\">{\"@context\":\"https:\\\/\\\/schema.org\",\"@graph\":[{\"@type\":[\"WebPage\",\"ItemPage\"],\"@id\":\"https:\\\/\\\/vitablanca.ma\\\/produit\\\/perfectil-triple-skin-hair-nails-30-tablets-maroc-prix\\\/\",\"url\":\"https:\\\/\\\/vitablanca.ma\\\/produit\\\/perfectil-triple-skin-hair-nails-30-tablets-maroc-prix\\\/\",\"name\":\"Perfectil Triple Skin Hair Nails 30 Comprim\u00e9s \u2013 Maroc Prix\",\"isPartOf\":{\"@id\":\"https:\\\/\\\/vitablanca.ma\\\/#website\"},\"primaryImageOfPage\":{\"@id\":\"https:\\\/\\\/vitablanca.ma\\\/produit\\\/perfectil-triple-skin-hair-nails-30-tablets-maroc-prix\\\/#primaryimage\"},\"image\":{\"@id\":\"https:\\\/\\\/vitablanca.ma\\\/produit\\\/perfectil-triple-skin-hair-nails-30-tablets-maroc-prix\\\/#primaryimage\"},\"thumbnailUrl\":\"https:\\\/\\\/vitablanca.ma\\\/wp-content\\\/uploads\\\/2026\\\/02\\\/Perfectil-Triple-PEAU-CHEVEUX-ONGLES-30-Comprimes1.jpg\",\"datePublished\":\"2026-02-06T23:07:36+00:00\",\"description\":\"Perfectil Triple Skin Hair Nails 30 comprim\u00e9s. Compl\u00e9ment alimentaire pour soutenir la sant\u00e9 de la peau, des cheveux et des ongles. Formule compl\u00e8te.\",\"breadcrumb\":{\"@id\":\"https:\\\/\\\/vitablanca.ma\\\/produit\\\/perfectil-triple-skin-hair-nails-30-tablets-maroc-prix\\\/#breadcrumb\"},\"inLanguage\":\"ar\",\"potentialAction\":[{\"@type\":\"ReadAction\",\"target\":[\"https:\\\/\\\/vitablanca.ma\\\/produit\\\/perfectil-triple-skin-hair-nails-30-tablets-maroc-prix\\\/\"]}]},{\"@type\":\"ImageObject\",\"inLanguage\":\"ar\",\"@id\":\"https:\\\/\\\/vitablanca.ma\\\/produit\\\/perfectil-triple-skin-hair-nails-30-tablets-maroc-prix\\\/#primaryimage\",\"url\":\"https:\\\/\\\/vitablanca.ma\\\/wp-content\\\/uploads\\\/2026\\\/02\\\/Perfectil-Triple-PEAU-CHEVEUX-ONGLES-30-Comprimes1.jpg\",\"contentUrl\":\"https:\\\/\\\/vitablanca.ma\\\/wp-content\\\/uploads\\\/2026\\\/02\\\/Perfectil-Triple-PEAU-CHEVEUX-ONGLES-30-Comprimes1.jpg\",\"width\":680,\"height\":680},{\"@type\":\"BreadcrumbList\",\"@id\":\"https:\\\/\\\/vitablanca.ma\\\/produit\\\/perfectil-triple-skin-hair-nails-30-tablets-maroc-prix\\\/#breadcrumb\",\"itemListElement\":[{\"@type\":\"ListItem\",\"position\":1,\"name\":\"Home\",\"item\":\"https:\\\/\\\/vitablanca.ma\\\/\"},{\"@type\":\"ListItem\",\"position\":2,\"name\":\"Tous Les Produits\",\"item\":\"https:\\\/\\\/vitablanca.ma\\\/tous-les-produits\\\/\"},{\"@type\":\"ListItem\",\"position\":3,\"name\":\"Perfectil Triple SKIN HAIR NAILS 30 Tablets\"}]},{\"@type\":\"WebSite\",\"@id\":\"https:\\\/\\\/vitablanca.ma\\\/#website\",\"url\":\"https:\\\/\\\/vitablanca.ma\\\/\",\"name\":\"VitaBlanca.ma | Compl\u00e9ments alimentaires, sant\u00e9 & beaut\u00e9 au Maroc\",\"description\":\"vendre vitamines et compl\u00e9ments premium des USA &amp; Canada, Nouvelle Z\u00e9lande,Maroc (NOW Foods, Solgar, Manuka). Livraison rapide partout au Maroc.\",\"publisher\":{\"@id\":\"https:\\\/\\\/vitablanca.ma\\\/#organization\"},\"alternateName\":\"VitaBlanca.ma\",\"potentialAction\":[{\"@type\":\"SearchAction\",\"target\":{\"@type\":\"EntryPoint\",\"urlTemplate\":\"https:\\\/\\\/vitablanca.ma\\\/?s={search_term_string}\"},\"query-input\":{\"@type\":\"PropertyValueSpecification\",\"valueRequired\":true,\"valueName\":\"search_term_string\"}}],\"inLanguage\":\"ar\"},{\"@type\":\"Organization\",\"@id\":\"https:\\\/\\\/vitablanca.ma\\\/#organization\",\"name\":\"VitaBlanca\",\"url\":\"https:\\\/\\\/vitablanca.ma\\\/\",\"logo\":{\"@type\":\"ImageObject\",\"inLanguage\":\"ar\",\"@id\":\"https:\\\/\\\/vitablanca.ma\\\/#\\\/schema\\\/logo\\\/image\\\/\",\"url\":\"https:\\\/\\\/vitablanca.ma\\\/wp-content\\\/uploads\\\/2025\\\/05\\\/cropped-vitablanca.png\",\"contentUrl\":\"https:\\\/\\\/vitablanca.ma\\\/wp-content\\\/uploads\\\/2025\\\/05\\\/cropped-vitablanca.png\",\"width\":360,\"height\":67,\"caption\":\"VitaBlanca\"},\"image\":{\"@id\":\"https:\\\/\\\/vitablanca.ma\\\/#\\\/schema\\\/logo\\\/image\\\/\"},\"sameAs\":[\"https:\\\/\\\/www.facebook.com\\\/profile.php?id=61576678196717\",\"https:\\\/\\\/www.tiktok.com\\\/@vitablanca.ma\",\"https:\\\/\\\/www.instagram.com\\\/vitablanca.ma\\\/\"]}]}<\/script>\n<!-- \/ Yoast SEO plugin. -->","yoast_head_json":{"title":"Perfectil Triple Skin Hair Nails 30 Comprim\u00e9s \u2013 Maroc Prix","description":"Perfectil Triple Skin Hair Nails 30 comprim\u00e9s. Compl\u00e9ment alimentaire pour soutenir la sant\u00e9 de la peau, des cheveux et des ongles. Formule compl\u00e8te.","robots":{"index":"index","follow":"follow","max-snippet":"max-snippet:-1","max-image-preview":"max-image-preview:large","max-video-preview":"max-video-preview:-1"},"canonical":"https:\/\/vitablanca.ma\/ar\/product-2\/perfectil-triple-skin-hair-nails-30-tablets-maroc-prix\/","og_locale":"ar_AR","og_type":"article","og_title":"Perfectil Triple Skin Hair Nails 30 Comprim\u00e9s \u2013 Maroc Prix","og_description":"Perfectil Triple Skin Hair Nails 30 comprim\u00e9s. Compl\u00e9ment alimentaire pour soutenir la sant\u00e9 de la peau, des cheveux et des ongles. Formule compl\u00e8te.","og_url":"https:\/\/vitablanca.ma\/ar\/product-2\/perfectil-triple-skin-hair-nails-30-tablets-maroc-prix\/","og_site_name":"Vitablanca.ma &ndash; Sant&eacute;, vitalit&eacute; et bien-&ecirc;tre pour tous les Marocains","article_publisher":"https:\/\/www.facebook.com\/profile.php?id=61576678196717","og_image":[{"width":680,"height":680,"url":"https:\/\/vitablanca.ma\/wp-content\/uploads\/2026\/02\/Perfectil-Triple-PEAU-CHEVEUX-ONGLES-30-Comprimes1.jpg","type":"image\/jpeg"}],"twitter_card":"summary_large_image","twitter_misc":{"\u0648\u0642\u062a \u0627\u0644\u0642\u0631\u0627\u0621\u0629 \u0627\u0644\u0645\u064f\u0642\u062f\u0651\u0631":"\u062f\u0642\u064a\u0642\u0629 \u0648\u0627\u062d\u062f\u0629"},"schema":{"@context":"https:\/\/schema.org","@graph":[{"@type":["WebPage","ItemPage"],"@id":"https:\/\/vitablanca.ma\/produit\/perfectil-triple-skin-hair-nails-30-tablets-maroc-prix\/","url":"https:\/\/vitablanca.ma\/produit\/perfectil-triple-skin-hair-nails-30-tablets-maroc-prix\/","name":"Perfectil Triple Skin Hair Nails 30 Comprim\u00e9s \u2013 Maroc Prix","isPartOf":{"@id":"https:\/\/vitablanca.ma\/#website"},"primaryImageOfPage":{"@id":"https:\/\/vitablanca.ma\/produit\/perfectil-triple-skin-hair-nails-30-tablets-maroc-prix\/#primaryimage"},"image":{"@id":"https:\/\/vitablanca.ma\/produit\/perfectil-triple-skin-hair-nails-30-tablets-maroc-prix\/#primaryimage"},"thumbnailUrl":"https:\/\/vitablanca.ma\/wp-content\/uploads\/2026\/02\/Perfectil-Triple-PEAU-CHEVEUX-ONGLES-30-Comprimes1.jpg","datePublished":"2026-02-06T23:07:36+00:00","description":"Perfectil Triple Skin Hair Nails 30 comprim\u00e9s. Compl\u00e9ment alimentaire pour soutenir la sant\u00e9 de la peau, des cheveux et des ongles. Formule compl\u00e8te.","breadcrumb":{"@id":"https:\/\/vitablanca.ma\/produit\/perfectil-triple-skin-hair-nails-30-tablets-maroc-prix\/#breadcrumb"},"inLanguage":"ar","potentialAction":[{"@type":"ReadAction","target":["https:\/\/vitablanca.ma\/produit\/perfectil-triple-skin-hair-nails-30-tablets-maroc-prix\/"]}]},{"@type":"ImageObject","inLanguage":"ar","@id":"https:\/\/vitablanca.ma\/produit\/perfectil-triple-skin-hair-nails-30-tablets-maroc-prix\/#primaryimage","url":"https:\/\/vitablanca.ma\/wp-content\/uploads\/2026\/02\/Perfectil-Triple-PEAU-CHEVEUX-ONGLES-30-Comprimes1.jpg","contentUrl":"https:\/\/vitablanca.ma\/wp-content\/uploads\/2026\/02\/Perfectil-Triple-PEAU-CHEVEUX-ONGLES-30-Comprimes1.jpg","width":680,"height":680},{"@type":"BreadcrumbList","@id":"https:\/\/vitablanca.ma\/produit\/perfectil-triple-skin-hair-nails-30-tablets-maroc-prix\/#breadcrumb","itemListElement":[{"@type":"ListItem","position":1,"name":"Home","item":"https:\/\/vitablanca.ma\/"},{"@type":"ListItem","position":2,"name":"Tous Les Produits","item":"https:\/\/vitablanca.ma\/tous-les-produits\/"},{"@type":"ListItem","position":3,"name":"Perfectil Triple SKIN HAIR NAILS 30 Tablets"}]},{"@type":"WebSite","@id":"https:\/\/vitablanca.ma\/#website","url":"https:\/\/vitablanca.ma\/","name":"VitaBlanca.ma | \u0627\u0644\u0645\u0643\u0645\u0644\u0627\u062a \u0627\u0644\u063a\u0630\u0627\u0626\u064a\u0629\u060c \u0627\u0644\u0635\u062d\u0629 \u0648\u0627\u0644\u062c\u0645\u0627\u0644 \u0641\u064a \u0627\u0644\u0645\u063a\u0631\u0628","description":"\u0646\u0628\u064a\u0639 \u0641\u064a\u062a\u0627\u0645\u064a\u0646\u0627\u062a \u0648\u0645\u0643\u0645\u0644\u0627\u062a \u063a\u0630\u0627\u0626\u064a\u0629 \u0641\u0627\u062e\u0631\u0629 \u0645\u0646 \u0627\u0644\u0648\u0644\u0627\u064a\u0627\u062a \u0627\u0644\u0645\u062a\u062d\u062f\u0629 \u0627\u0644\u0623\u0645\u0631\u064a\u0643\u064a\u0629 \u0648\u0643\u0646\u062f\u0627 \u0648\u0646\u064a\u0648\u0632\u064a\u0644\u0646\u062f\u0627 \u0648\u0627\u0644\u0645\u063a\u0631\u0628 (\u0646\u0627\u0648 \u0641\u0648\u062f\u0632\u060c \u0633\u0648\u0644\u062c\u0627\u0631\u060c \u0645\u0627\u0646\u0648\u0643\u0627). \u062a\u0648\u0635\u064a\u0644 \u0633\u0631\u064a\u0639 \u0625\u0644\u0649 \u062c\u0645\u064a\u0639 \u0623\u0646\u062d\u0627\u0621 \u0627\u0644\u0645\u063a\u0631\u0628.","publisher":{"@id":"https:\/\/vitablanca.ma\/#organization"},"alternateName":"VitaBlanca.ma","potentialAction":[{"@type":"SearchAction","target":{"@type":"EntryPoint","urlTemplate":"https:\/\/vitablanca.ma\/?s={search_term_string}"},"query-input":{"@type":"PropertyValueSpecification","valueRequired":true,"valueName":"search_term_string"}}],"inLanguage":"ar"},{"@type":"Organization","@id":"https:\/\/vitablanca.ma\/#organization","name":"\u0641\u064a\u062a\u0627\u0628\u0644\u0627\u0646\u0643\u0627","url":"https:\/\/vitablanca.ma\/","logo":{"@type":"ImageObject","inLanguage":"ar","@id":"https:\/\/vitablanca.ma\/#\/schema\/logo\/image\/","url":"https:\/\/vitablanca.ma\/wp-content\/uploads\/2025\/05\/cropped-vitablanca.png","contentUrl":"https:\/\/vitablanca.ma\/wp-content\/uploads\/2025\/05\/cropped-vitablanca.png","width":360,"height":67,"caption":"VitaBlanca"},"image":{"@id":"https:\/\/vitablanca.ma\/#\/schema\/logo\/image\/"},"sameAs":["https:\/\/www.facebook.com\/profile.php?id=61576678196717","https:\/\/www.tiktok.com\/@vitablanca.ma","https:\/\/www.instagram.com\/vitablanca.ma\/"]}]}},"jetpack_sharing_enabled":true,"_links":{"self":[{"href":"https:\/\/vitablanca.ma\/ar\/wp-json\/wp\/v2\/product\/29673","targetHints":{"allow":["GET"]}}],"collection":[{"href":"https:\/\/vitablanca.ma\/ar\/wp-json\/wp\/v2\/product"}],"about":[{"href":"https:\/\/vitablanca.ma\/ar\/wp-json\/wp\/v2\/types\/product"}],"wp:featuredmedia":[{"embeddable":true,"href":"https:\/\/vitablanca.ma\/ar\/wp-json\/wp\/v2\/media\/29674"}],"wp:attachment":[{"href":"https:\/\/vitablanca.ma\/ar\/wp-json\/wp\/v2\/media?parent=29673"}],"wp:term":[{"taxonomy":"product_brand","embeddable":true,"href":"https:\/\/vitablanca.ma\/ar\/wp-json\/wp\/v2\/product_brand?post=29673"},{"taxonomy":"product_cat","embeddable":true,"href":"https:\/\/vitablanca.ma\/ar\/wp-json\/wp\/v2\/product_cat?post=29673"},{"taxonomy":"product_tag","embeddable":true,"href":"https:\/\/vitablanca.ma\/ar\/wp-json\/wp\/v2\/product_tag?post=29673"}],"curies":[{"name":"wp","href":"https:\/\/api.w.org\/{rel}","templated":true}]}}