{"id":29269,"date":"2026-02-05T00:23:11","date_gmt":"2026-02-05T00:23:11","guid":{"rendered":"https:\/\/vitablanca.ma\/?post_type=product&#038;p=29269"},"modified":"2026-03-04T01:15:15","modified_gmt":"2026-03-04T01:15:15","slug":"melatonine-amelioration-du-sommeil-liberation-prolongee-10-mg-60-comprimes","status":"publish","type":"product","link":"https:\/\/vitablanca.ma\/ar\/product-2\/melatonine-amelioration-du-sommeil-liberation-prolongee-10-mg-60-comprimes\/","title":{"rendered":"Natrol Melatonine Am\u00e9lioration du sommeil Lib\u00e9ration prolong\u00e9e 10\u00a0mg 60\u00a0comprim\u00e9s"},"content":{"rendered":"<p>Formule avanc\u00e9e pour favoriser un meilleur sommeil<br \/>\nVous aide \u00e0 vous endormir plus rapidement et \u00e0 dormir plus longtemps<br \/>\nNe contient aucun m\u00e9dicament<br \/>\nEfficacit\u00e9 maximale<br \/>\n\u0646\u0628\u0627\u062a\u064a<br \/>\n\u0645\u0643\u0645\u0644 \u063a\u0630\u0627\u0626\u064a<\/p>\n<p>Fonctionnement de la m\u00e9latonine<br \/>\n\u200b\u200bLa m\u00e9latonine est produite naturellement dans la glande pin\u00e9ale du cerveau. La production est d\u00e9clench\u00e9e lorsque le soleil se couche, signalant au corps de se pr\u00e9parer au sommeil.<br \/>\nLa m\u00e9latonine sert d\u2019horloge biologique du corps et g\u00e8re les cycles de sommeil et d\u2019\u00e9veil. L\u2019\u00e2ge, le stress quotidien et les habitudes alimentaires induits par des modes de vie actifs peuvent nuire \u00e0 la production de m\u00e9latonine par l\u2019organisme.<br \/>\nNatrol\u00a0Melatonin, la marque de m\u00e9latonine n\u00b0 1 en Am\u00e9rique, est un somnif\u00e8re nocturne qui aide \u00e0 lutter contre l\u2019insomnie occasionnelle. Il aide \u00e0 \u00e9tablir des habitudes de sommeil normales pour vous donner un sommeil plus reposant et relaxant et, par cons\u00e9quent, une meilleure sant\u00e9 g\u00e9n\u00e9rale.<br \/>\nFormule avanc\u00e9e avec une efficacit\u00e9 maximale de 10\u00a0mg de m\u00e9latonine dans un comprim\u00e9 \u00e0 lib\u00e9ration contr\u00f4l\u00e9e \u00e0 2\u00a0couches<br \/>\n5\u00a0mg en lib\u00e9ration initiale pour vous aider \u00e0 vous endormir plus rapidement<br \/>\n5\u00a0mg en lib\u00e9ration contr\u00f4l\u00e9e pour vous aider \u00e0 rester endormi toute la nuit<br \/>\nCombin\u00e9s \u00e0 10\u00a0mg de B6 pour soutenir la production de m\u00e9latonine par l\u2019organisme<br \/>\nLa recherche montre que dormir plus de 7\u00a0heures par nuit induit une meilleure sant\u00e9 et de meilleures performances, et joue un r\u00f4le cl\u00e9 dans la capacit\u00e9 \u00e0 apprendre, \u00e0 r\u00e9soudre les probl\u00e8mes et \u00e0 maintenir un \u00e9tat d\u2019esprit positif. Allez-y, ma\u00eetrisez votre sommeil avec la formule Am\u00e9lioration du sommeil de Natrol \u00e0 la m\u00e9latonine.<br \/>\nAm\u00e9lioration du sommeil de Natrol\u00ae avec 10\u00a0mg de m\u00e9latonine<\/p>\n<p>Comprim\u00e9s double enveloppe\u00a0: une enveloppe ext\u00e9rieure qui lib\u00e8re rapidement la m\u00e9latonine pour vous aider \u00e0 vous endormir plus vite, suivie par la lib\u00e9ration contr\u00f4l\u00e9e de l\u2019enveloppe int\u00e9rieure pour une bonne nuit de sommeil.<br \/>\nContient de la vitamine B6 pour favoriser la production naturelle de m\u00e9latonine.<br \/>\nContribue \u00e0 \u00e9tablir des habitudes de sommeil normales.<br \/>\nNe contient aucun m\u00e9dicament. N\u2019entra\u00eene aucune forme d\u2019addiction.<\/p>\n<p>\u0627\u0644\u0627\u0633\u062a\u062e\u062f\u0627\u0645 \u0627\u0644\u0645\u0642\u062a\u0631\u062d<br \/>\nPrenez 1\u00a0comprim\u00e9 20\u00a0minutes avant le coucher.<br \/>\n\u0627\u0644\u0645\u0643\u0648\u0646\u0627\u062a \u0627\u0644\u0623\u062e\u0631\u0649<br \/>\nCellulose microcristalline, methylcellulose, st\u00e9arate de magn\u00e9sium, acide st\u00e9arique, dioxyde de silicium, hypromellose, glyc\u00e9rol.<br \/>\nSans\u00a0: Lait, \u0153ufs, poisson, crustac\u00e9s, fruits \u00e0 coque, arachides, bl\u00e9, graines de soja, levure, colorants ou ar\u00f4mes artificiels, sucre ajout\u00e9 ou conservateurs.<br \/>\n\u062a\u062d\u0630\u064a\u0631\u0627\u062a<br \/>\nVous pouvez ressentir une certaine somnolence r\u00e9siduelle. Si vous \u00eates sous surveillance m\u00e9dicale ou que vous utilisez des tranquillisants ou des s\u00e9datifs, demandez l\u2019avis de votre professionnel de la sant\u00e9 avant toute utilisation. Consultez votre professionnel de sant\u00e9 avant d\u2019utiliser ce produit si vous souffrez d\u2019une maladie auto-immune, d\u2019un trouble d\u00e9pressif ou si vous \u00eates enceinte ou allaitez. Ce produit n\u2019est pas destin\u00e9 aux enfants de moins de 12\u00a0ans. Ne pas prendre lors de l\u2019utilisation de machines ou de la conduite d\u2019un v\u00e9hicule.<br \/>\n\u00c0 conserver dans un endroit frais et sec.<br \/>\n\u064a\u062d\u0641\u0638 \u0628\u0639\u064a\u062f\u0627 \u0639\u0646 \u0645\u062a\u0646\u0627\u0648\u0644 \u0627\u0644\u0623\u0637\u0641\u0627\u0644.<\/p>","protected":false},"excerpt":{"rendered":"<p>Formule avanc\u00e9e pour favoriser un meilleur sommeil Vous aide \u00e0 vous endormir plus rapidement et \u00e0 dormir plus longtemps Ne contient aucun m\u00e9dicament Efficacit\u00e9 maximale V\u00e9g\u00e9tarien Compl\u00e9ment alimentaire Fonctionnement de la m\u00e9latonine \u200b\u200bLa m\u00e9latonine est produite naturellement dans la glande pin\u00e9ale du cerveau. La production est d\u00e9clench\u00e9e lorsque le soleil se couche, signalant au corps [&hellip;]<\/p>\n","protected":false},"featured_media":29347,"template":"","meta":{"om_disable_all_campaigns":false},"product_brand":[2357],"product_cat":[18,3366,8037],"product_tag":[],"class_list":{"0":"post-29269","1":"product","2":"type-product","3":"status-publish","4":"has-post-thumbnail","6":"product_brand-natrol-prix-maroc","7":"product_cat-beaute-sante","8":"product_cat-complements-alimentaires-au-maroc-vitablanca","9":"product_cat-sommeil","11":"first","12":"outofstock","13":"sale","14":"taxable","15":"shipping-taxable","16":"purchasable","17":"product-type-simple"},"yoast_head":"<!-- This site is optimized with the Yoast SEO plugin v27.4 - https:\/\/yoast.com\/product\/yoast-seo-wordpress\/ -->\n<title>Natrol Melatonine Am\u00e9lioration du sommeil Lib\u00e9ration prolong\u00e9e 10\u00a0mg 60\u00a0comprim\u00e9s - Maroc Prix<\/title>\n<meta name=\"description\" content=\"Natrol Melatonine Am\u00e9lioration du sommeil Lib\u00e9ration prolong\u00e9e 10\u00a0mg 60\u00a0comprim\u00e9s\" \/>\n<meta name=\"robots\" content=\"index, follow, max-snippet:-1, max-image-preview:large, max-video-preview:-1\" \/>\n<link rel=\"canonical\" href=\"https:\/\/vitablanca.ma\/ar\/product-2\/melatonine-amelioration-du-sommeil-liberation-prolongee-10-mg-60-comprimes\/\" \/>\n<meta property=\"og:locale\" content=\"ar_AR\" \/>\n<meta property=\"og:type\" content=\"article\" \/>\n<meta property=\"og:title\" content=\"Natrol Melatonine Am\u00e9lioration du sommeil Lib\u00e9ration prolong\u00e9e 10\u00a0mg 60\u00a0comprim\u00e9s - Maroc Prix\" \/>\n<meta property=\"og:description\" content=\"Natrol Melatonine Am\u00e9lioration du sommeil Lib\u00e9ration prolong\u00e9e 10\u00a0mg 60\u00a0comprim\u00e9s\" \/>\n<meta property=\"og:url\" content=\"https:\/\/vitablanca.ma\/ar\/product-2\/melatonine-amelioration-du-sommeil-liberation-prolongee-10-mg-60-comprimes\/\" \/>\n<meta property=\"og:site_name\" content=\"Vitablanca.ma &ndash; Sant&eacute;, vitalit&eacute; et bien-&ecirc;tre pour tous les Marocains\" \/>\n<meta property=\"article:publisher\" content=\"https:\/\/www.facebook.com\/profile.php?id=61576678196717\" \/>\n<meta property=\"article:modified_time\" content=\"2026-03-04T01:15:15+00:00\" \/>\n<meta property=\"og:image\" content=\"https:\/\/vitablanca.ma\/wp-content\/uploads\/2026\/02\/66-4.jpg\" \/>\n\t<meta property=\"og:image:width\" content=\"1600\" \/>\n\t<meta property=\"og:image:height\" content=\"1600\" \/>\n\t<meta property=\"og:image:type\" content=\"image\/jpeg\" \/>\n<meta name=\"twitter:card\" content=\"summary_large_image\" \/>\n<meta name=\"twitter:label1\" content=\"\u0648\u0642\u062a \u0627\u0644\u0642\u0631\u0627\u0621\u0629 \u0627\u0644\u0645\u064f\u0642\u062f\u0651\u0631\" \/>\n\t<meta name=\"twitter:data1\" content=\"3 \u062f\u0642\u0627\u0626\u0642\" \/>\n<script type=\"application\/ld+json\" class=\"yoast-schema-graph\">{\"@context\":\"https:\\\/\\\/schema.org\",\"@graph\":[{\"@type\":[\"WebPage\",\"ItemPage\"],\"@id\":\"https:\\\/\\\/vitablanca.ma\\\/produit\\\/melatonine-amelioration-du-sommeil-liberation-prolongee-10-mg-60-comprimes\\\/\",\"url\":\"https:\\\/\\\/vitablanca.ma\\\/produit\\\/melatonine-amelioration-du-sommeil-liberation-prolongee-10-mg-60-comprimes\\\/\",\"name\":\"Natrol Melatonine Am\u00e9lioration du sommeil Lib\u00e9ration prolong\u00e9e 10\u00a0mg 60\u00a0comprim\u00e9s - Maroc Prix\",\"isPartOf\":{\"@id\":\"https:\\\/\\\/vitablanca.ma\\\/#website\"},\"primaryImageOfPage\":{\"@id\":\"https:\\\/\\\/vitablanca.ma\\\/produit\\\/melatonine-amelioration-du-sommeil-liberation-prolongee-10-mg-60-comprimes\\\/#primaryimage\"},\"image\":{\"@id\":\"https:\\\/\\\/vitablanca.ma\\\/produit\\\/melatonine-amelioration-du-sommeil-liberation-prolongee-10-mg-60-comprimes\\\/#primaryimage\"},\"thumbnailUrl\":\"https:\\\/\\\/vitablanca.ma\\\/wp-content\\\/uploads\\\/2026\\\/02\\\/66-4.jpg\",\"datePublished\":\"2026-02-05T00:23:11+00:00\",\"dateModified\":\"2026-03-04T01:15:15+00:00\",\"description\":\"Natrol Melatonine Am\u00e9lioration du sommeil Lib\u00e9ration prolong\u00e9e 10\u00a0mg 60\u00a0comprim\u00e9s\",\"breadcrumb\":{\"@id\":\"https:\\\/\\\/vitablanca.ma\\\/produit\\\/melatonine-amelioration-du-sommeil-liberation-prolongee-10-mg-60-comprimes\\\/#breadcrumb\"},\"inLanguage\":\"ar\",\"potentialAction\":[{\"@type\":\"ReadAction\",\"target\":[\"https:\\\/\\\/vitablanca.ma\\\/produit\\\/melatonine-amelioration-du-sommeil-liberation-prolongee-10-mg-60-comprimes\\\/\"]}]},{\"@type\":\"ImageObject\",\"inLanguage\":\"ar\",\"@id\":\"https:\\\/\\\/vitablanca.ma\\\/produit\\\/melatonine-amelioration-du-sommeil-liberation-prolongee-10-mg-60-comprimes\\\/#primaryimage\",\"url\":\"https:\\\/\\\/vitablanca.ma\\\/wp-content\\\/uploads\\\/2026\\\/02\\\/66-4.jpg\",\"contentUrl\":\"https:\\\/\\\/vitablanca.ma\\\/wp-content\\\/uploads\\\/2026\\\/02\\\/66-4.jpg\",\"width\":1600,\"height\":1600},{\"@type\":\"BreadcrumbList\",\"@id\":\"https:\\\/\\\/vitablanca.ma\\\/produit\\\/melatonine-amelioration-du-sommeil-liberation-prolongee-10-mg-60-comprimes\\\/#breadcrumb\",\"itemListElement\":[{\"@type\":\"ListItem\",\"position\":1,\"name\":\"Home\",\"item\":\"https:\\\/\\\/vitablanca.ma\\\/\"},{\"@type\":\"ListItem\",\"position\":2,\"name\":\"Tous Les Produits\",\"item\":\"https:\\\/\\\/vitablanca.ma\\\/tous-les-produits\\\/\"},{\"@type\":\"ListItem\",\"position\":3,\"name\":\"Natrol Melatonine Am\u00e9lioration du sommeil Lib\u00e9ration prolong\u00e9e 10\u00a0mg 60\u00a0comprim\u00e9s\"}]},{\"@type\":\"WebSite\",\"@id\":\"https:\\\/\\\/vitablanca.ma\\\/#website\",\"url\":\"https:\\\/\\\/vitablanca.ma\\\/\",\"name\":\"VitaBlanca.ma | Compl\u00e9ments alimentaires, sant\u00e9 & beaut\u00e9 au Maroc\",\"description\":\"vendre vitamines et compl\u00e9ments premium des USA &amp; Canada, Nouvelle Z\u00e9lande,Maroc (NOW Foods, Solgar, Manuka). Livraison rapide partout au Maroc.\",\"publisher\":{\"@id\":\"https:\\\/\\\/vitablanca.ma\\\/#organization\"},\"alternateName\":\"VitaBlanca.ma\",\"potentialAction\":[{\"@type\":\"SearchAction\",\"target\":{\"@type\":\"EntryPoint\",\"urlTemplate\":\"https:\\\/\\\/vitablanca.ma\\\/?s={search_term_string}\"},\"query-input\":{\"@type\":\"PropertyValueSpecification\",\"valueRequired\":true,\"valueName\":\"search_term_string\"}}],\"inLanguage\":\"ar\"},{\"@type\":\"Organization\",\"@id\":\"https:\\\/\\\/vitablanca.ma\\\/#organization\",\"name\":\"VitaBlanca\",\"url\":\"https:\\\/\\\/vitablanca.ma\\\/\",\"logo\":{\"@type\":\"ImageObject\",\"inLanguage\":\"ar\",\"@id\":\"https:\\\/\\\/vitablanca.ma\\\/#\\\/schema\\\/logo\\\/image\\\/\",\"url\":\"https:\\\/\\\/vitablanca.ma\\\/wp-content\\\/uploads\\\/2025\\\/05\\\/cropped-vitablanca.png\",\"contentUrl\":\"https:\\\/\\\/vitablanca.ma\\\/wp-content\\\/uploads\\\/2025\\\/05\\\/cropped-vitablanca.png\",\"width\":360,\"height\":67,\"caption\":\"VitaBlanca\"},\"image\":{\"@id\":\"https:\\\/\\\/vitablanca.ma\\\/#\\\/schema\\\/logo\\\/image\\\/\"},\"sameAs\":[\"https:\\\/\\\/www.facebook.com\\\/profile.php?id=61576678196717\",\"https:\\\/\\\/www.tiktok.com\\\/@vitablanca.ma\",\"https:\\\/\\\/www.instagram.com\\\/vitablanca.ma\\\/\"]}]}<\/script>\n<!-- \/ Yoast SEO plugin. -->","yoast_head_json":{"title":"Natrol Melatonine Am\u00e9lioration du sommeil Lib\u00e9ration prolong\u00e9e 10\u00a0mg 60\u00a0comprim\u00e9s - Maroc Prix","description":"Natrol Melatonine Am\u00e9lioration du sommeil Lib\u00e9ration prolong\u00e9e 10\u00a0mg 60\u00a0comprim\u00e9s","robots":{"index":"index","follow":"follow","max-snippet":"max-snippet:-1","max-image-preview":"max-image-preview:large","max-video-preview":"max-video-preview:-1"},"canonical":"https:\/\/vitablanca.ma\/ar\/product-2\/melatonine-amelioration-du-sommeil-liberation-prolongee-10-mg-60-comprimes\/","og_locale":"ar_AR","og_type":"article","og_title":"Natrol Melatonine Am\u00e9lioration du sommeil Lib\u00e9ration prolong\u00e9e 10\u00a0mg 60\u00a0comprim\u00e9s - Maroc Prix","og_description":"Natrol Melatonine Am\u00e9lioration du sommeil Lib\u00e9ration prolong\u00e9e 10\u00a0mg 60\u00a0comprim\u00e9s","og_url":"https:\/\/vitablanca.ma\/ar\/product-2\/melatonine-amelioration-du-sommeil-liberation-prolongee-10-mg-60-comprimes\/","og_site_name":"Vitablanca.ma &ndash; Sant&eacute;, vitalit&eacute; et bien-&ecirc;tre pour tous les Marocains","article_publisher":"https:\/\/www.facebook.com\/profile.php?id=61576678196717","article_modified_time":"2026-03-04T01:15:15+00:00","og_image":[{"width":1600,"height":1600,"url":"https:\/\/vitablanca.ma\/wp-content\/uploads\/2026\/02\/66-4.jpg","type":"image\/jpeg"}],"twitter_card":"summary_large_image","twitter_misc":{"\u0648\u0642\u062a \u0627\u0644\u0642\u0631\u0627\u0621\u0629 \u0627\u0644\u0645\u064f\u0642\u062f\u0651\u0631":"3 \u062f\u0642\u0627\u0626\u0642"},"schema":{"@context":"https:\/\/schema.org","@graph":[{"@type":["WebPage","ItemPage"],"@id":"https:\/\/vitablanca.ma\/produit\/melatonine-amelioration-du-sommeil-liberation-prolongee-10-mg-60-comprimes\/","url":"https:\/\/vitablanca.ma\/produit\/melatonine-amelioration-du-sommeil-liberation-prolongee-10-mg-60-comprimes\/","name":"Natrol Melatonine Am\u00e9lioration du sommeil Lib\u00e9ration prolong\u00e9e 10\u00a0mg 60\u00a0comprim\u00e9s - Maroc Prix","isPartOf":{"@id":"https:\/\/vitablanca.ma\/#website"},"primaryImageOfPage":{"@id":"https:\/\/vitablanca.ma\/produit\/melatonine-amelioration-du-sommeil-liberation-prolongee-10-mg-60-comprimes\/#primaryimage"},"image":{"@id":"https:\/\/vitablanca.ma\/produit\/melatonine-amelioration-du-sommeil-liberation-prolongee-10-mg-60-comprimes\/#primaryimage"},"thumbnailUrl":"https:\/\/vitablanca.ma\/wp-content\/uploads\/2026\/02\/66-4.jpg","datePublished":"2026-02-05T00:23:11+00:00","dateModified":"2026-03-04T01:15:15+00:00","description":"Natrol Melatonine Am\u00e9lioration du sommeil Lib\u00e9ration prolong\u00e9e 10\u00a0mg 60\u00a0comprim\u00e9s","breadcrumb":{"@id":"https:\/\/vitablanca.ma\/produit\/melatonine-amelioration-du-sommeil-liberation-prolongee-10-mg-60-comprimes\/#breadcrumb"},"inLanguage":"ar","potentialAction":[{"@type":"ReadAction","target":["https:\/\/vitablanca.ma\/produit\/melatonine-amelioration-du-sommeil-liberation-prolongee-10-mg-60-comprimes\/"]}]},{"@type":"ImageObject","inLanguage":"ar","@id":"https:\/\/vitablanca.ma\/produit\/melatonine-amelioration-du-sommeil-liberation-prolongee-10-mg-60-comprimes\/#primaryimage","url":"https:\/\/vitablanca.ma\/wp-content\/uploads\/2026\/02\/66-4.jpg","contentUrl":"https:\/\/vitablanca.ma\/wp-content\/uploads\/2026\/02\/66-4.jpg","width":1600,"height":1600},{"@type":"BreadcrumbList","@id":"https:\/\/vitablanca.ma\/produit\/melatonine-amelioration-du-sommeil-liberation-prolongee-10-mg-60-comprimes\/#breadcrumb","itemListElement":[{"@type":"ListItem","position":1,"name":"Home","item":"https:\/\/vitablanca.ma\/"},{"@type":"ListItem","position":2,"name":"Tous Les Produits","item":"https:\/\/vitablanca.ma\/tous-les-produits\/"},{"@type":"ListItem","position":3,"name":"Natrol Melatonine Am\u00e9lioration du sommeil Lib\u00e9ration prolong\u00e9e 10\u00a0mg 60\u00a0comprim\u00e9s"}]},{"@type":"WebSite","@id":"https:\/\/vitablanca.ma\/#website","url":"https:\/\/vitablanca.ma\/","name":"VitaBlanca.ma | \u0627\u0644\u0645\u0643\u0645\u0644\u0627\u062a \u0627\u0644\u063a\u0630\u0627\u0626\u064a\u0629\u060c \u0627\u0644\u0635\u062d\u0629 \u0648\u0627\u0644\u062c\u0645\u0627\u0644 \u0641\u064a \u0627\u0644\u0645\u063a\u0631\u0628","description":"\u0646\u0628\u064a\u0639 \u0641\u064a\u062a\u0627\u0645\u064a\u0646\u0627\u062a \u0648\u0645\u0643\u0645\u0644\u0627\u062a \u063a\u0630\u0627\u0626\u064a\u0629 \u0641\u0627\u062e\u0631\u0629 \u0645\u0646 \u0627\u0644\u0648\u0644\u0627\u064a\u0627\u062a \u0627\u0644\u0645\u062a\u062d\u062f\u0629 \u0627\u0644\u0623\u0645\u0631\u064a\u0643\u064a\u0629 \u0648\u0643\u0646\u062f\u0627 \u0648\u0646\u064a\u0648\u0632\u064a\u0644\u0646\u062f\u0627 \u0648\u0627\u0644\u0645\u063a\u0631\u0628 (\u0646\u0627\u0648 \u0641\u0648\u062f\u0632\u060c \u0633\u0648\u0644\u062c\u0627\u0631\u060c \u0645\u0627\u0646\u0648\u0643\u0627). \u062a\u0648\u0635\u064a\u0644 \u0633\u0631\u064a\u0639 \u0625\u0644\u0649 \u062c\u0645\u064a\u0639 \u0623\u0646\u062d\u0627\u0621 \u0627\u0644\u0645\u063a\u0631\u0628.","publisher":{"@id":"https:\/\/vitablanca.ma\/#organization"},"alternateName":"VitaBlanca.ma","potentialAction":[{"@type":"SearchAction","target":{"@type":"EntryPoint","urlTemplate":"https:\/\/vitablanca.ma\/?s={search_term_string}"},"query-input":{"@type":"PropertyValueSpecification","valueRequired":true,"valueName":"search_term_string"}}],"inLanguage":"ar"},{"@type":"Organization","@id":"https:\/\/vitablanca.ma\/#organization","name":"\u0641\u064a\u062a\u0627\u0628\u0644\u0627\u0646\u0643\u0627","url":"https:\/\/vitablanca.ma\/","logo":{"@type":"ImageObject","inLanguage":"ar","@id":"https:\/\/vitablanca.ma\/#\/schema\/logo\/image\/","url":"https:\/\/vitablanca.ma\/wp-content\/uploads\/2025\/05\/cropped-vitablanca.png","contentUrl":"https:\/\/vitablanca.ma\/wp-content\/uploads\/2025\/05\/cropped-vitablanca.png","width":360,"height":67,"caption":"VitaBlanca"},"image":{"@id":"https:\/\/vitablanca.ma\/#\/schema\/logo\/image\/"},"sameAs":["https:\/\/www.facebook.com\/profile.php?id=61576678196717","https:\/\/www.tiktok.com\/@vitablanca.ma","https:\/\/www.instagram.com\/vitablanca.ma\/"]}]}},"jetpack_sharing_enabled":true,"_links":{"self":[{"href":"https:\/\/vitablanca.ma\/ar\/wp-json\/wp\/v2\/product\/29269","targetHints":{"allow":["GET"]}}],"collection":[{"href":"https:\/\/vitablanca.ma\/ar\/wp-json\/wp\/v2\/product"}],"about":[{"href":"https:\/\/vitablanca.ma\/ar\/wp-json\/wp\/v2\/types\/product"}],"wp:featuredmedia":[{"embeddable":true,"href":"https:\/\/vitablanca.ma\/ar\/wp-json\/wp\/v2\/media\/29347"}],"wp:attachment":[{"href":"https:\/\/vitablanca.ma\/ar\/wp-json\/wp\/v2\/media?parent=29269"}],"wp:term":[{"taxonomy":"product_brand","embeddable":true,"href":"https:\/\/vitablanca.ma\/ar\/wp-json\/wp\/v2\/product_brand?post=29269"},{"taxonomy":"product_cat","embeddable":true,"href":"https:\/\/vitablanca.ma\/ar\/wp-json\/wp\/v2\/product_cat?post=29269"},{"taxonomy":"product_tag","embeddable":true,"href":"https:\/\/vitablanca.ma\/ar\/wp-json\/wp\/v2\/product_tag?post=29269"}],"curies":[{"name":"wp","href":"https:\/\/api.w.org\/{rel}","templated":true}]}}