{"id":29220,"date":"2026-02-05T00:21:56","date_gmt":"2026-02-05T00:21:56","guid":{"rendered":"https:\/\/vitablanca.ma\/?post_type=product&#038;p=29220"},"modified":"2026-02-05T17:49:55","modified_gmt":"2026-02-05T17:49:55","slug":"muscletech-vaporx5-next-gen-pre-workout-blue-razz-freeze-266-g-maroc-prix","status":"publish","type":"product","link":"https:\/\/vitablanca.ma\/ar\/product-2\/muscletech-vaporx5-next-gen-pre-workout-blue-razz-freeze-266-g-maroc-prix\/","title":{"rendered":"Muscletech VaporX5  Next Gen Pre Workout Blue Razz Freeze 266\u00a0g"},"content":{"rendered":"<p>Recherche et d\u00e9veloppement<br \/>\nPremi\u00e8re marque de compl\u00e9ment musculaire vendue en Am\u00e9rique\u2021<br \/>\n\u00c9nergie explosive<br \/>\nFormule de pr\u00e9-entra\u00eenement 5-en-1<br \/>\n30 portions<br \/>\nNeurosensorielle ultime et concentration accrue<br \/>\nForce musculaire et endurance<br \/>\nPerformance sup\u00e9rieure et abdos d\u2019acier<br \/>\nAr\u00f4mes naturels et artificiels<br \/>\n\u0645\u0643\u0645\u0644 \u063a\u0630\u0627\u0626\u064a<br \/>\nGo\u00fbt incroyable !<br \/>\nCarnoSyn<br \/>\nNitrosigine<\/p>\n<p>Exp\u00e9rience neurosensorielle pr\u00e9-entra\u00eenement explosive<br \/>\nLes chercheurs de MuscleTech ont de nouveau r\u00e9invent\u00e9 la cat\u00e9gorie de produits pr\u00e9-entra\u00eenement. VaporX5 G\u00e9n\u00e9ration Suivante est le produit 5 en 1 le plus puissant disponible. Chaque portion de 2 mesurettes fournit une \u00e9nergie in\u00e9gal\u00e9e, des exercices d\u2019abdominaux efficaces, une exp\u00e9rience sensorielle surr\u00e9aliste, une force et une performance accrues ainsi qu\u2019une puissance de musculation scientifiquement valid\u00e9e ! C\u2019est tout ce que vous pourriez souhaiter pour un produit pr\u00e9-entra\u00eenement et rien d\u2019autre, sans ingr\u00e9dients cl\u00e9s sous-dos\u00e9s, sans sucre ou agents de remplissage. VaporX5 G\u00e9n\u00e9ration Suivante offre une force et une \u00e9nergie sans compromis pour les meilleurs entra\u00eenements de votre vie !<br \/>\nExp\u00e9rience neurosensorielle ultime<br \/>\nVaporX5 G\u00e9n\u00e9ration Suivante combine un m\u00e9lange unique et puissant d\u2019ingr\u00e9dients sensoriels avec une dose puissante d\u2019une mol\u00e9cule de caf\u00e9ine pr\u00e9cise pour une exp\u00e9rience de pr\u00e9-entra\u00eenement ultime et une surcharge sensorielle que vous ne trouverez nulle part ailleurs.<br \/>\n\u00c9nergie explosive et concentration<br \/>\nVaporX5 G\u00e9n\u00e9ration Suivante a tout ce que vous souhaitez pour une s\u00e9ance d\u2019entra\u00eenement intense. Un pr\u00e9curseur de neurotransmetteurs pr\u00e9cis\u00e9ment dos\u00e9 combin\u00e9 avec une quantit\u00e9 puissante de caf\u00e9ine d\u00e9clenchera votre \u00e9nergie, vous aidera \u00e0 r\u00e9aliser vos s\u00e9ances d\u2019entra\u00eenement les plus intenses et \u00e0 am\u00e9liorer votre concentration.<br \/>\nPotentiel de musculation valid\u00e9 scientifiquement<br \/>\nVaporX5 G\u00e9n\u00e9ration Suivante contient des composants musculaires puissants (b\u00e9ta\u00efne et cr\u00e9atine) dans des doses scientifiquement valid\u00e9es d\u00e9montrant r\u00e9ellement une augmentation de la masse musculaire.<br \/>\nMeilleures performance et endurance<br \/>\nPour augmenter la force afin de r\u00e9aliser de meilleures performances dans la salle de gym, les chercheurs de MuscleTech ont inclus sur la base de recherches scientifiques une dose de b\u00eata-alanine. De plus, la dose pr\u00e9cise de taurine fournie par 2 mesurettes a \u00e9t\u00e9 d\u00e9montr\u00e9e lors de recherches scientifiques stimuler la performance chez les athl\u00e8tes d\u2019endurance.<br \/>\nAmplifie l\u2019oxyde nitrique pour des exercices d\u2019abdominaux intenses<br \/>\nPour des abdos d\u2019acier \u00e0 faire craquer votre chemise,VaporX5 G\u00e9n\u00e9ration Suivante fournit un m\u00e9lange de nitrosigine et de baies d\u2019aub\u00e9pine con\u00e7u pour augmenter les niveaux d\u2019oxyde nitrique plasmatique, favorisant ainsi une meilleure vasodilatation. Ce qui vous permet de r\u00e9aliser des exercices d\u2019abdominaux particuli\u00e8rement intenses !<br \/>\n\u2021 MuscleTech est la marque de compl\u00e9ments alimentaires pour culturistes la plus vendue en Am\u00e9rique en comptabilisant les recettes de ventes cumulatives en dollars depuis 2001.<br \/>\n\u0627\u0644\u0627\u0633\u062a\u062e\u062f\u0627\u0645 \u0627\u0644\u0645\u0642\u062a\u0631\u062d<br \/>\nVeuillez lire l\u2019int\u00e9gralit\u00e9 des instructions avant la consommation et le suivi du protocole d\u2019\u00e9valuation de la tol\u00e9rance. \u00c9valuez d\u2019abord votre tol\u00e9rance en m\u00e9langeant 1 portion (1 mesurette) avec 8 oz d\u2019eau froide et consommez environ 30 minutes avant votre entra\u00eenement quotidien. Une fois que la tol\u00e9rance a \u00e9t\u00e9 \u00e9valu\u00e9e, augmentez le dosage \u00e0 plus d\u2019une mesurette avec 16 oz d\u2019eau avant de vous entra\u00eener. Ne pas d\u00e9passer la dose de 2 mesurettes pendant une p\u00e9riode de 24 heures. Maintenir une hydratation ad\u00e9quate pendant l\u2019utilisation.<br \/>\nVendu avec un godet entonnoir \u2013 Id\u00e9al pour vos d\u00e9placements<br \/>\n\u0627\u0644\u0645\u0643\u0648\u0646\u0627\u062a \u0627\u0644\u0623\u062e\u0631\u0649<br \/>\nL\u2019acide citrique, le dioxyde de silicium, la saveur naturelle et artificielle, l\u2019acide malique, la maltodextrine, le sucralose, l\u2019ac\u00e9sulfame-potassium, le m\u00e9lange de gomme (gomme de cellulose, gomme de xanthane, carragh\u00e9nane, dextrose), fd &amp; c bleu no. 1.<br \/>\nTrait\u00e9 dans une installation qui traite \u00e9galement les ingr\u00e9dients du lait, des \u0153ufs, du bl\u00e9, du soja, des arachides, des noix, des poissons et des crustac\u00e9s.<br \/>\n\u062a\u062d\u0630\u064a\u0631\u0627\u062a<br \/>\nNe convient pas aux personnes de moins de 18 ans. Ne pas utiliser si vous \u00eates enceinte ou si vous allaitez. Ne pas utiliser si vous avez souffert d\u2019un infarctus du myocarde (crise cardiaque). L\u2019inhalation pourrait amplifier la r\u00e9ponse inflammatoire des voies a\u00e9riennes chez les personnes souffrant d\u2019asthme. Une portion de ce produit contient autant de caf\u00e9ine que 2 tasses de caf\u00e9. Les personnes sensibles \u00e0 la caf\u00e9ine pourraient \u00e9prouver des sympt\u00f4mes tels que notamment, de l\u2019agitation, de la nervosit\u00e9, des tremblements, de l\u2019anxi\u00e9t\u00e9, une augmentation de la fr\u00e9quence cardiaque ou des difficult\u00e9s \u00e0 s\u2019endormir. Ne pas associer \u00e0 d\u2019autres sources de caf\u00e9ines ou \u00e0 des stimulants. Certaines personnes pourraient ressentir une sensation de picotement inoffensive en raison de la dose de performance concentr\u00e9e de la b\u00eata-alanine Consultez un m\u00e9decin si vous souffrez d\u2019une maladie chronique ou avant de commencer n\u2019importe quel r\u00e9gime ou programme d\u2019entra\u00eenement. Ce produit est destin\u00e9 \u00e0 \u00eatre utilis\u00e9 uniquement par des personnes en bonne sant\u00e9. Tenir hors de la port\u00e9e des enfants.<br \/>\nNe pas utiliser si l\u2019emballage a \u00e9t\u00e9 d\u00e9t\u00e9rior\u00e9. Conserver dans un endroit frais et sec (entre 15 \u00b0C et 25 \u00b0C).<\/p>","protected":false},"excerpt":{"rendered":"<p>Recherche et d\u00e9veloppement Premi\u00e8re marque de compl\u00e9ment musculaire vendue en Am\u00e9rique\u2021 \u00c9nergie explosive Formule de pr\u00e9-entra\u00eenement 5-en-1 30 portions Neurosensorielle ultime et concentration accrue Force musculaire et endurance Performance sup\u00e9rieure et abdos d\u2019acier Ar\u00f4mes naturels et artificiels Compl\u00e9ment alimentaire Go\u00fbt incroyable ! CarnoSyn Nitrosigine Exp\u00e9rience neurosensorielle pr\u00e9-entra\u00eenement explosive Les chercheurs de MuscleTech ont de nouveau [&hellip;]<\/p>\n","protected":false},"featured_media":29300,"template":"","meta":{"om_disable_all_campaigns":false},"product_brand":[],"product_cat":[7980,8011],"product_tag":[],"class_list":{"0":"post-29220","1":"product","2":"type-product","3":"status-publish","4":"has-post-thumbnail","6":"product_cat-acides-amines-2","7":"product_cat-sports","9":"first","10":"instock","11":"sale","12":"taxable","13":"shipping-taxable","14":"purchasable","15":"product-type-simple"},"yoast_head":"<!-- This site is optimized with the Yoast SEO plugin v27.3 - https:\/\/yoast.com\/product\/yoast-seo-wordpress\/ -->\n<title>Muscletech VaporX5 Next Gen Pre Workout Blue Razz Freeze 266\u00a0g - Maroc Prix<\/title>\n<meta name=\"description\" content=\"Muscletech VaporX5 Next Gen Pre Workout Blue Razz Freeze 266\u00a0g\" \/>\n<meta name=\"robots\" content=\"index, follow, max-snippet:-1, max-image-preview:large, max-video-preview:-1\" \/>\n<link rel=\"canonical\" href=\"https:\/\/vitablanca.ma\/ar\/product-2\/muscletech-vaporx5-next-gen-pre-workout-blue-razz-freeze-266-g-maroc-prix\/\" \/>\n<meta property=\"og:locale\" content=\"ar_AR\" \/>\n<meta property=\"og:type\" content=\"article\" \/>\n<meta property=\"og:title\" content=\"Muscletech VaporX5 Next Gen Pre Workout Blue Razz Freeze 266\u00a0g - Maroc Prix\" \/>\n<meta property=\"og:description\" content=\"Muscletech VaporX5 Next Gen Pre Workout Blue Razz Freeze 266\u00a0g\" \/>\n<meta property=\"og:url\" content=\"https:\/\/vitablanca.ma\/ar\/product-2\/muscletech-vaporx5-next-gen-pre-workout-blue-razz-freeze-266-g-maroc-prix\/\" \/>\n<meta property=\"og:site_name\" content=\"Vitablanca.ma &ndash; Sant&eacute;, vitalit&eacute; et bien-&ecirc;tre pour tous les Marocains\" \/>\n<meta property=\"article:publisher\" content=\"https:\/\/www.facebook.com\/profile.php?id=61576678196717\" \/>\n<meta property=\"article:modified_time\" content=\"2026-02-05T17:49:55+00:00\" \/>\n<meta property=\"og:image\" content=\"https:\/\/vitablanca.ma\/wp-content\/uploads\/2026\/02\/27-6.jpg\" \/>\n\t<meta property=\"og:image:width\" content=\"1600\" \/>\n\t<meta property=\"og:image:height\" content=\"1600\" \/>\n\t<meta property=\"og:image:type\" content=\"image\/jpeg\" \/>\n<meta name=\"twitter:card\" content=\"summary_large_image\" \/>\n<meta name=\"twitter:label1\" content=\"\u0648\u0642\u062a \u0627\u0644\u0642\u0631\u0627\u0621\u0629 \u0627\u0644\u0645\u064f\u0642\u062f\u0651\u0631\" \/>\n\t<meta name=\"twitter:data1\" content=\"5 \u062f\u0642\u0627\u0626\u0642\" \/>\n<script type=\"application\/ld+json\" class=\"yoast-schema-graph\">{\"@context\":\"https:\\\/\\\/schema.org\",\"@graph\":[{\"@type\":[\"WebPage\",\"ItemPage\"],\"@id\":\"https:\\\/\\\/vitablanca.ma\\\/produit\\\/muscletech-vaporx5-next-gen-pre-workout-blue-razz-freeze-266-g-maroc-prix\\\/\",\"url\":\"https:\\\/\\\/vitablanca.ma\\\/produit\\\/muscletech-vaporx5-next-gen-pre-workout-blue-razz-freeze-266-g-maroc-prix\\\/\",\"name\":\"Muscletech VaporX5 Next Gen Pre Workout Blue Razz Freeze 266\u00a0g - Maroc Prix\",\"isPartOf\":{\"@id\":\"https:\\\/\\\/vitablanca.ma\\\/#website\"},\"primaryImageOfPage\":{\"@id\":\"https:\\\/\\\/vitablanca.ma\\\/produit\\\/muscletech-vaporx5-next-gen-pre-workout-blue-razz-freeze-266-g-maroc-prix\\\/#primaryimage\"},\"image\":{\"@id\":\"https:\\\/\\\/vitablanca.ma\\\/produit\\\/muscletech-vaporx5-next-gen-pre-workout-blue-razz-freeze-266-g-maroc-prix\\\/#primaryimage\"},\"thumbnailUrl\":\"https:\\\/\\\/vitablanca.ma\\\/wp-content\\\/uploads\\\/2026\\\/02\\\/27-6.jpg\",\"datePublished\":\"2026-02-05T00:21:56+00:00\",\"dateModified\":\"2026-02-05T17:49:55+00:00\",\"description\":\"Muscletech VaporX5 Next Gen Pre Workout Blue Razz Freeze 266\u00a0g\",\"breadcrumb\":{\"@id\":\"https:\\\/\\\/vitablanca.ma\\\/produit\\\/muscletech-vaporx5-next-gen-pre-workout-blue-razz-freeze-266-g-maroc-prix\\\/#breadcrumb\"},\"inLanguage\":\"ar\",\"potentialAction\":[{\"@type\":\"ReadAction\",\"target\":[\"https:\\\/\\\/vitablanca.ma\\\/produit\\\/muscletech-vaporx5-next-gen-pre-workout-blue-razz-freeze-266-g-maroc-prix\\\/\"]}]},{\"@type\":\"ImageObject\",\"inLanguage\":\"ar\",\"@id\":\"https:\\\/\\\/vitablanca.ma\\\/produit\\\/muscletech-vaporx5-next-gen-pre-workout-blue-razz-freeze-266-g-maroc-prix\\\/#primaryimage\",\"url\":\"https:\\\/\\\/vitablanca.ma\\\/wp-content\\\/uploads\\\/2026\\\/02\\\/27-6.jpg\",\"contentUrl\":\"https:\\\/\\\/vitablanca.ma\\\/wp-content\\\/uploads\\\/2026\\\/02\\\/27-6.jpg\",\"width\":1600,\"height\":1600},{\"@type\":\"BreadcrumbList\",\"@id\":\"https:\\\/\\\/vitablanca.ma\\\/produit\\\/muscletech-vaporx5-next-gen-pre-workout-blue-razz-freeze-266-g-maroc-prix\\\/#breadcrumb\",\"itemListElement\":[{\"@type\":\"ListItem\",\"position\":1,\"name\":\"Home\",\"item\":\"https:\\\/\\\/vitablanca.ma\\\/\"},{\"@type\":\"ListItem\",\"position\":2,\"name\":\"Tous Les Produits\",\"item\":\"https:\\\/\\\/vitablanca.ma\\\/tous-les-produits\\\/\"},{\"@type\":\"ListItem\",\"position\":3,\"name\":\"Muscletech VaporX5 Next Gen Pre Workout Blue Razz Freeze 266\u00a0g\"}]},{\"@type\":\"WebSite\",\"@id\":\"https:\\\/\\\/vitablanca.ma\\\/#website\",\"url\":\"https:\\\/\\\/vitablanca.ma\\\/\",\"name\":\"VitaBlanca.ma | Compl\u00e9ments alimentaires, sant\u00e9 & beaut\u00e9 au Maroc\",\"description\":\"vendre vitamines et compl\u00e9ments premium des USA &amp; Canada, Nouvelle Z\u00e9lande,Maroc (NOW Foods, Solgar, Manuka). Livraison rapide partout au Maroc.\",\"publisher\":{\"@id\":\"https:\\\/\\\/vitablanca.ma\\\/#organization\"},\"alternateName\":\"VitaBlanca.ma\",\"potentialAction\":[{\"@type\":\"SearchAction\",\"target\":{\"@type\":\"EntryPoint\",\"urlTemplate\":\"https:\\\/\\\/vitablanca.ma\\\/?s={search_term_string}\"},\"query-input\":{\"@type\":\"PropertyValueSpecification\",\"valueRequired\":true,\"valueName\":\"search_term_string\"}}],\"inLanguage\":\"ar\"},{\"@type\":\"Organization\",\"@id\":\"https:\\\/\\\/vitablanca.ma\\\/#organization\",\"name\":\"VitaBlanca\",\"url\":\"https:\\\/\\\/vitablanca.ma\\\/\",\"logo\":{\"@type\":\"ImageObject\",\"inLanguage\":\"ar\",\"@id\":\"https:\\\/\\\/vitablanca.ma\\\/#\\\/schema\\\/logo\\\/image\\\/\",\"url\":\"https:\\\/\\\/vitablanca.ma\\\/wp-content\\\/uploads\\\/2025\\\/05\\\/cropped-vitablanca.png\",\"contentUrl\":\"https:\\\/\\\/vitablanca.ma\\\/wp-content\\\/uploads\\\/2025\\\/05\\\/cropped-vitablanca.png\",\"width\":360,\"height\":67,\"caption\":\"VitaBlanca\"},\"image\":{\"@id\":\"https:\\\/\\\/vitablanca.ma\\\/#\\\/schema\\\/logo\\\/image\\\/\"},\"sameAs\":[\"https:\\\/\\\/www.facebook.com\\\/profile.php?id=61576678196717\",\"https:\\\/\\\/www.tiktok.com\\\/@vitablanca.ma\",\"https:\\\/\\\/www.instagram.com\\\/vitablanca.ma\\\/\"]}]}<\/script>\n<!-- \/ Yoast SEO plugin. -->","yoast_head_json":{"title":"Muscletech VaporX5 Next Gen Pre Workout Blue Razz Freeze 266\u00a0g - Maroc Prix","description":"Muscletech VaporX5 Next Gen Pre Workout Blue Razz Freeze 266\u00a0g","robots":{"index":"index","follow":"follow","max-snippet":"max-snippet:-1","max-image-preview":"max-image-preview:large","max-video-preview":"max-video-preview:-1"},"canonical":"https:\/\/vitablanca.ma\/ar\/product-2\/muscletech-vaporx5-next-gen-pre-workout-blue-razz-freeze-266-g-maroc-prix\/","og_locale":"ar_AR","og_type":"article","og_title":"Muscletech VaporX5 Next Gen Pre Workout Blue Razz Freeze 266\u00a0g - Maroc Prix","og_description":"Muscletech VaporX5 Next Gen Pre Workout Blue Razz Freeze 266\u00a0g","og_url":"https:\/\/vitablanca.ma\/ar\/product-2\/muscletech-vaporx5-next-gen-pre-workout-blue-razz-freeze-266-g-maroc-prix\/","og_site_name":"Vitablanca.ma &ndash; Sant&eacute;, vitalit&eacute; et bien-&ecirc;tre pour tous les Marocains","article_publisher":"https:\/\/www.facebook.com\/profile.php?id=61576678196717","article_modified_time":"2026-02-05T17:49:55+00:00","og_image":[{"width":1600,"height":1600,"url":"https:\/\/vitablanca.ma\/wp-content\/uploads\/2026\/02\/27-6.jpg","type":"image\/jpeg"}],"twitter_card":"summary_large_image","twitter_misc":{"\u0648\u0642\u062a \u0627\u0644\u0642\u0631\u0627\u0621\u0629 \u0627\u0644\u0645\u064f\u0642\u062f\u0651\u0631":"5 \u062f\u0642\u0627\u0626\u0642"},"schema":{"@context":"https:\/\/schema.org","@graph":[{"@type":["WebPage","ItemPage"],"@id":"https:\/\/vitablanca.ma\/produit\/muscletech-vaporx5-next-gen-pre-workout-blue-razz-freeze-266-g-maroc-prix\/","url":"https:\/\/vitablanca.ma\/produit\/muscletech-vaporx5-next-gen-pre-workout-blue-razz-freeze-266-g-maroc-prix\/","name":"Muscletech VaporX5 Next Gen Pre Workout Blue Razz Freeze 266\u00a0g - Maroc Prix","isPartOf":{"@id":"https:\/\/vitablanca.ma\/#website"},"primaryImageOfPage":{"@id":"https:\/\/vitablanca.ma\/produit\/muscletech-vaporx5-next-gen-pre-workout-blue-razz-freeze-266-g-maroc-prix\/#primaryimage"},"image":{"@id":"https:\/\/vitablanca.ma\/produit\/muscletech-vaporx5-next-gen-pre-workout-blue-razz-freeze-266-g-maroc-prix\/#primaryimage"},"thumbnailUrl":"https:\/\/vitablanca.ma\/wp-content\/uploads\/2026\/02\/27-6.jpg","datePublished":"2026-02-05T00:21:56+00:00","dateModified":"2026-02-05T17:49:55+00:00","description":"Muscletech VaporX5 Next Gen Pre Workout Blue Razz Freeze 266\u00a0g","breadcrumb":{"@id":"https:\/\/vitablanca.ma\/produit\/muscletech-vaporx5-next-gen-pre-workout-blue-razz-freeze-266-g-maroc-prix\/#breadcrumb"},"inLanguage":"ar","potentialAction":[{"@type":"ReadAction","target":["https:\/\/vitablanca.ma\/produit\/muscletech-vaporx5-next-gen-pre-workout-blue-razz-freeze-266-g-maroc-prix\/"]}]},{"@type":"ImageObject","inLanguage":"ar","@id":"https:\/\/vitablanca.ma\/produit\/muscletech-vaporx5-next-gen-pre-workout-blue-razz-freeze-266-g-maroc-prix\/#primaryimage","url":"https:\/\/vitablanca.ma\/wp-content\/uploads\/2026\/02\/27-6.jpg","contentUrl":"https:\/\/vitablanca.ma\/wp-content\/uploads\/2026\/02\/27-6.jpg","width":1600,"height":1600},{"@type":"BreadcrumbList","@id":"https:\/\/vitablanca.ma\/produit\/muscletech-vaporx5-next-gen-pre-workout-blue-razz-freeze-266-g-maroc-prix\/#breadcrumb","itemListElement":[{"@type":"ListItem","position":1,"name":"Home","item":"https:\/\/vitablanca.ma\/"},{"@type":"ListItem","position":2,"name":"Tous Les Produits","item":"https:\/\/vitablanca.ma\/tous-les-produits\/"},{"@type":"ListItem","position":3,"name":"Muscletech VaporX5 Next Gen Pre Workout Blue Razz Freeze 266\u00a0g"}]},{"@type":"WebSite","@id":"https:\/\/vitablanca.ma\/#website","url":"https:\/\/vitablanca.ma\/","name":"VitaBlanca.ma | \u0627\u0644\u0645\u0643\u0645\u0644\u0627\u062a \u0627\u0644\u063a\u0630\u0627\u0626\u064a\u0629\u060c \u0627\u0644\u0635\u062d\u0629 \u0648\u0627\u0644\u062c\u0645\u0627\u0644 \u0641\u064a \u0627\u0644\u0645\u063a\u0631\u0628","description":"\u0646\u0628\u064a\u0639 \u0641\u064a\u062a\u0627\u0645\u064a\u0646\u0627\u062a \u0648\u0645\u0643\u0645\u0644\u0627\u062a \u063a\u0630\u0627\u0626\u064a\u0629 \u0641\u0627\u062e\u0631\u0629 \u0645\u0646 \u0627\u0644\u0648\u0644\u0627\u064a\u0627\u062a \u0627\u0644\u0645\u062a\u062d\u062f\u0629 \u0627\u0644\u0623\u0645\u0631\u064a\u0643\u064a\u0629 \u0648\u0643\u0646\u062f\u0627 \u0648\u0646\u064a\u0648\u0632\u064a\u0644\u0646\u062f\u0627 \u0648\u0627\u0644\u0645\u063a\u0631\u0628 (\u0646\u0627\u0648 \u0641\u0648\u062f\u0632\u060c \u0633\u0648\u0644\u062c\u0627\u0631\u060c \u0645\u0627\u0646\u0648\u0643\u0627). \u062a\u0648\u0635\u064a\u0644 \u0633\u0631\u064a\u0639 \u0625\u0644\u0649 \u062c\u0645\u064a\u0639 \u0623\u0646\u062d\u0627\u0621 \u0627\u0644\u0645\u063a\u0631\u0628.","publisher":{"@id":"https:\/\/vitablanca.ma\/#organization"},"alternateName":"VitaBlanca.ma","potentialAction":[{"@type":"SearchAction","target":{"@type":"EntryPoint","urlTemplate":"https:\/\/vitablanca.ma\/?s={search_term_string}"},"query-input":{"@type":"PropertyValueSpecification","valueRequired":true,"valueName":"search_term_string"}}],"inLanguage":"ar"},{"@type":"Organization","@id":"https:\/\/vitablanca.ma\/#organization","name":"\u0641\u064a\u062a\u0627\u0628\u0644\u0627\u0646\u0643\u0627","url":"https:\/\/vitablanca.ma\/","logo":{"@type":"ImageObject","inLanguage":"ar","@id":"https:\/\/vitablanca.ma\/#\/schema\/logo\/image\/","url":"https:\/\/vitablanca.ma\/wp-content\/uploads\/2025\/05\/cropped-vitablanca.png","contentUrl":"https:\/\/vitablanca.ma\/wp-content\/uploads\/2025\/05\/cropped-vitablanca.png","width":360,"height":67,"caption":"VitaBlanca"},"image":{"@id":"https:\/\/vitablanca.ma\/#\/schema\/logo\/image\/"},"sameAs":["https:\/\/www.facebook.com\/profile.php?id=61576678196717","https:\/\/www.tiktok.com\/@vitablanca.ma","https:\/\/www.instagram.com\/vitablanca.ma\/"]}]}},"jetpack_sharing_enabled":true,"_links":{"self":[{"href":"https:\/\/vitablanca.ma\/ar\/wp-json\/wp\/v2\/product\/29220","targetHints":{"allow":["GET"]}}],"collection":[{"href":"https:\/\/vitablanca.ma\/ar\/wp-json\/wp\/v2\/product"}],"about":[{"href":"https:\/\/vitablanca.ma\/ar\/wp-json\/wp\/v2\/types\/product"}],"wp:featuredmedia":[{"embeddable":true,"href":"https:\/\/vitablanca.ma\/ar\/wp-json\/wp\/v2\/media\/29300"}],"wp:attachment":[{"href":"https:\/\/vitablanca.ma\/ar\/wp-json\/wp\/v2\/media?parent=29220"}],"wp:term":[{"taxonomy":"product_brand","embeddable":true,"href":"https:\/\/vitablanca.ma\/ar\/wp-json\/wp\/v2\/product_brand?post=29220"},{"taxonomy":"product_cat","embeddable":true,"href":"https:\/\/vitablanca.ma\/ar\/wp-json\/wp\/v2\/product_cat?post=29220"},{"taxonomy":"product_tag","embeddable":true,"href":"https:\/\/vitablanca.ma\/ar\/wp-json\/wp\/v2\/product_tag?post=29220"}],"curies":[{"name":"wp","href":"https:\/\/api.w.org\/{rel}","templated":true}]}}