{"id":29202,"date":"2026-02-05T00:21:30","date_gmt":"2026-02-05T00:21:30","guid":{"rendered":"https:\/\/vitablanca.ma\/?post_type=product&#038;p=29202"},"modified":"2026-02-05T17:49:56","modified_gmt":"2026-02-05T17:49:56","slug":"nutricost-performance-creatine-monohydrate-sans-arome-500-g-maroc-prix","status":"publish","type":"product","link":"https:\/\/vitablanca.ma\/ar\/product-2\/nutricost-performance-creatine-monohydrate-sans-arome-500-g-maroc-prix\/","title":{"rendered":"Nutricost Performance Creatine monohydrate Sans ar\u00f4me 500\u00a0g"},"content":{"rendered":"<p>Cr\u00e9atine monohydrate micronis\u00e9e<br \/>\n\u0645\u0643\u0645\u0644 \u063a\u0630\u0627\u0626\u064a<br \/>\nQualit\u00e9 garantie Nutricost\u00ae<br \/>\n\u0645\u0646\u062a\u062c \u0646\u0628\u0627\u062a\u064a<br \/>\n\u00c9tablissement respectant les BPF<br \/>\nProduit sans OGM<br \/>\nTest\u00e9 par un organisme ind\u00e9pendant<br \/>\n\u062e\u0627\u0644\u064a \u0645\u0646 \u0627\u0644\u063a\u0644\u0648\u062a\u064a\u0646<\/p>\n<p>De nombreuses personnes prennent de la cr\u00e9atine pour aider \u00e0 augmenter leur force, leur endurance, leur niveau d\u2019\u00e9nergie et leur masse musculaire.<br \/>\nIl fait partie des compl\u00e9ments \u00e9tudi\u00e9s pour la nutrition sportive et fait partie du processus impliqu\u00e9 dans l\u2019ATP, la fa\u00e7on dont l\u2019organisme se fournit de l\u2019\u00e9nergie. La forme la plus courante de consommation de compl\u00e9ments est la cr\u00e9atine monohydrate.<br \/>\nLa cr\u00e9atine est tr\u00e8s populaire dans le domaine du fitness, on pense qu\u2019elle contribue \u00e0 la force et \u00e0 la croissance musculaire, \u00e0 la pr\u00e9vention des blessures, \u00e0 la sant\u00e9 cognitive et \u00e0 la sant\u00e9 osseuse. Pour les athl\u00e8tes de plus de 50 ans, la cr\u00e9atine peut \u00eatre particuli\u00e8rement b\u00e9n\u00e9fique, car elle peut aider \u00e0 lutter contre la sarcop\u00e9nie, la diminution de la masse musculaire et de la force li\u00e9e \u00e0 l\u2019\u00e2ge.<br \/>\nVous n\u2019avez pas de temps sp\u00e9cifique pour prendre de la cr\u00e9atine afin d\u2019en profiter. Vous pouvez donc le prendre apr\u00e8s l\u2019entra\u00eenement ou juste avant le coucher. C\u2019est une excellente option \u00e0 associer \u00e0 d\u2019autres compl\u00e9ments, comme les BCAA, les prot\u00e9ines et les compl\u00e9ments de pr\u00e9-entra\u00eenement. En outre, car ils sont livr\u00e9s avec des options aromatis\u00e9es et non aromatis\u00e9es, vous pouvez m\u00e9langer et assortir les saveurs.<br \/>\n\u0627\u0644\u0627\u0633\u062a\u062e\u062f\u0627\u0645 \u0627\u0644\u0645\u0642\u062a\u0631\u062d<br \/>\nEn compl\u00e9ment alimentaire, prenez ce produit comme indiqu\u00e9 par votre professionnel de la sant\u00e9 ou comme suit :<br \/>\nPhase de chargement : Jours 1 \u00e0 5 : M\u00e9langez 1 mesure avec 175 \u00e0 300 ml d\u2019eau et prenez 4 fois par jour.<br \/>\nPhase d\u2019entretien : Apr\u00e8s le 6e jour : M\u00e9langez 1 mesure avec 175 \u00e0 300 ml d\u2019eau et prenez une fois par jour.<br \/>\nPour obtenir de meilleurs r\u00e9sultats, buvez 8 \u00e0 10 verres d\u2019eau par jour.<br \/>\n\u0627\u0644\u0645\u0643\u0648\u0646\u0627\u062a \u0627\u0644\u0623\u062e\u0631\u0649<br \/>\nAucun.<br \/>\n\u062a\u062d\u0630\u064a\u0631\u0627\u062a<br \/>\nPour les personnes en bonne sant\u00e9 de 18 ans ou plus. Si vous \u00eates enceinte, allaitez, prenez des m\u00e9dicaments ou souffrez d\u2019une affection m\u00e9dicale, consultez un professionnel de la sant\u00e9 avant d\u2019utiliser ce produit. Tenir hors de port\u00e9e des enfants. Ne pas utiliser si l\u2019opercule de protection est perc\u00e9 ou manquant.<br \/>\n\u00c0 conserver dans un endroit frais et sec. Ce produit est vendu au poids, non au volume. Une agglom\u00e9ration peut se produire.<\/p>","protected":false},"excerpt":{"rendered":"<p>Cr\u00e9atine monohydrate micronis\u00e9e Compl\u00e9ment alimentaire Qualit\u00e9 garantie Nutricost\u00ae Produit v\u00e9g\u00e9tarien \u00c9tablissement respectant les BPF Produit sans OGM Test\u00e9 par un organisme ind\u00e9pendant Sans gluten De nombreuses personnes prennent de la cr\u00e9atine pour aider \u00e0 augmenter leur force, leur endurance, leur niveau d\u2019\u00e9nergie et leur masse musculaire. Il fait partie des compl\u00e9ments \u00e9tudi\u00e9s pour la nutrition [&hellip;]<\/p>\n","protected":false},"featured_media":29280,"template":"","meta":{"om_disable_all_campaigns":false},"product_brand":[3310],"product_cat":[8011],"product_tag":[],"class_list":{"0":"post-29202","1":"product","2":"type-product","3":"status-publish","4":"has-post-thumbnail","6":"product_brand-nutricost-maroc-prix","7":"product_cat-sports","9":"first","10":"instock","11":"sale","12":"taxable","13":"shipping-taxable","14":"purchasable","15":"product-type-simple"},"yoast_head":"<!-- This site is optimized with the Yoast SEO plugin v27.4 - https:\/\/yoast.com\/product\/yoast-seo-wordpress\/ -->\n<title>Nutricost Performance Creatine monohydrate Sans ar\u00f4me 500\u00a0g - Maroc Prix<\/title>\n<meta name=\"description\" content=\"Nutricost Performance Creatine monohydrate Sans ar\u00f4me 500\u00a0g\" \/>\n<meta name=\"robots\" content=\"index, follow, max-snippet:-1, max-image-preview:large, max-video-preview:-1\" \/>\n<link rel=\"canonical\" href=\"https:\/\/vitablanca.ma\/ar\/product-2\/nutricost-performance-creatine-monohydrate-sans-arome-500-g-maroc-prix\/\" \/>\n<meta property=\"og:locale\" content=\"ar_AR\" \/>\n<meta property=\"og:type\" content=\"article\" \/>\n<meta property=\"og:title\" content=\"Nutricost Performance Creatine monohydrate Sans ar\u00f4me 500\u00a0g - Maroc Prix\" \/>\n<meta property=\"og:description\" content=\"Nutricost Performance Creatine monohydrate Sans ar\u00f4me 500\u00a0g\" \/>\n<meta property=\"og:url\" content=\"https:\/\/vitablanca.ma\/ar\/product-2\/nutricost-performance-creatine-monohydrate-sans-arome-500-g-maroc-prix\/\" \/>\n<meta property=\"og:site_name\" content=\"Vitablanca.ma &ndash; Sant&eacute;, vitalit&eacute; et bien-&ecirc;tre pour tous les Marocains\" \/>\n<meta property=\"article:publisher\" content=\"https:\/\/www.facebook.com\/profile.php?id=61576678196717\" \/>\n<meta property=\"article:modified_time\" content=\"2026-02-05T17:49:56+00:00\" \/>\n<meta property=\"og:image\" content=\"https:\/\/vitablanca.ma\/wp-content\/uploads\/2026\/02\/8-9.jpg\" \/>\n\t<meta property=\"og:image:width\" content=\"1600\" \/>\n\t<meta property=\"og:image:height\" content=\"1600\" \/>\n\t<meta property=\"og:image:type\" content=\"image\/jpeg\" \/>\n<meta name=\"twitter:card\" content=\"summary_large_image\" \/>\n<meta name=\"twitter:label1\" content=\"\u0648\u0642\u062a \u0627\u0644\u0642\u0631\u0627\u0621\u0629 \u0627\u0644\u0645\u064f\u0642\u062f\u0651\u0631\" \/>\n\t<meta name=\"twitter:data1\" content=\"3 \u062f\u0642\u0627\u0626\u0642\" \/>\n<script type=\"application\/ld+json\" class=\"yoast-schema-graph\">{\"@context\":\"https:\\\/\\\/schema.org\",\"@graph\":[{\"@type\":[\"WebPage\",\"ItemPage\"],\"@id\":\"https:\\\/\\\/vitablanca.ma\\\/produit\\\/nutricost-performance-creatine-monohydrate-sans-arome-500-g-maroc-prix\\\/\",\"url\":\"https:\\\/\\\/vitablanca.ma\\\/produit\\\/nutricost-performance-creatine-monohydrate-sans-arome-500-g-maroc-prix\\\/\",\"name\":\"Nutricost Performance Creatine monohydrate Sans ar\u00f4me 500\u00a0g - Maroc Prix\",\"isPartOf\":{\"@id\":\"https:\\\/\\\/vitablanca.ma\\\/#website\"},\"primaryImageOfPage\":{\"@id\":\"https:\\\/\\\/vitablanca.ma\\\/produit\\\/nutricost-performance-creatine-monohydrate-sans-arome-500-g-maroc-prix\\\/#primaryimage\"},\"image\":{\"@id\":\"https:\\\/\\\/vitablanca.ma\\\/produit\\\/nutricost-performance-creatine-monohydrate-sans-arome-500-g-maroc-prix\\\/#primaryimage\"},\"thumbnailUrl\":\"https:\\\/\\\/vitablanca.ma\\\/wp-content\\\/uploads\\\/2026\\\/02\\\/8-9.jpg\",\"datePublished\":\"2026-02-05T00:21:30+00:00\",\"dateModified\":\"2026-02-05T17:49:56+00:00\",\"description\":\"Nutricost Performance Creatine monohydrate Sans ar\u00f4me 500\u00a0g\",\"breadcrumb\":{\"@id\":\"https:\\\/\\\/vitablanca.ma\\\/produit\\\/nutricost-performance-creatine-monohydrate-sans-arome-500-g-maroc-prix\\\/#breadcrumb\"},\"inLanguage\":\"ar\",\"potentialAction\":[{\"@type\":\"ReadAction\",\"target\":[\"https:\\\/\\\/vitablanca.ma\\\/produit\\\/nutricost-performance-creatine-monohydrate-sans-arome-500-g-maroc-prix\\\/\"]}]},{\"@type\":\"ImageObject\",\"inLanguage\":\"ar\",\"@id\":\"https:\\\/\\\/vitablanca.ma\\\/produit\\\/nutricost-performance-creatine-monohydrate-sans-arome-500-g-maroc-prix\\\/#primaryimage\",\"url\":\"https:\\\/\\\/vitablanca.ma\\\/wp-content\\\/uploads\\\/2026\\\/02\\\/8-9.jpg\",\"contentUrl\":\"https:\\\/\\\/vitablanca.ma\\\/wp-content\\\/uploads\\\/2026\\\/02\\\/8-9.jpg\",\"width\":1600,\"height\":1600},{\"@type\":\"BreadcrumbList\",\"@id\":\"https:\\\/\\\/vitablanca.ma\\\/produit\\\/nutricost-performance-creatine-monohydrate-sans-arome-500-g-maroc-prix\\\/#breadcrumb\",\"itemListElement\":[{\"@type\":\"ListItem\",\"position\":1,\"name\":\"Home\",\"item\":\"https:\\\/\\\/vitablanca.ma\\\/\"},{\"@type\":\"ListItem\",\"position\":2,\"name\":\"Tous Les Produits\",\"item\":\"https:\\\/\\\/vitablanca.ma\\\/tous-les-produits\\\/\"},{\"@type\":\"ListItem\",\"position\":3,\"name\":\"Nutricost Performance Creatine monohydrate Sans ar\u00f4me 500\u00a0g\"}]},{\"@type\":\"WebSite\",\"@id\":\"https:\\\/\\\/vitablanca.ma\\\/#website\",\"url\":\"https:\\\/\\\/vitablanca.ma\\\/\",\"name\":\"VitaBlanca.ma | Compl\u00e9ments alimentaires, sant\u00e9 & beaut\u00e9 au Maroc\",\"description\":\"vendre vitamines et compl\u00e9ments premium des USA &amp; Canada, Nouvelle Z\u00e9lande,Maroc (NOW Foods, Solgar, Manuka). Livraison rapide partout au Maroc.\",\"publisher\":{\"@id\":\"https:\\\/\\\/vitablanca.ma\\\/#organization\"},\"alternateName\":\"VitaBlanca.ma\",\"potentialAction\":[{\"@type\":\"SearchAction\",\"target\":{\"@type\":\"EntryPoint\",\"urlTemplate\":\"https:\\\/\\\/vitablanca.ma\\\/?s={search_term_string}\"},\"query-input\":{\"@type\":\"PropertyValueSpecification\",\"valueRequired\":true,\"valueName\":\"search_term_string\"}}],\"inLanguage\":\"ar\"},{\"@type\":\"Organization\",\"@id\":\"https:\\\/\\\/vitablanca.ma\\\/#organization\",\"name\":\"VitaBlanca\",\"url\":\"https:\\\/\\\/vitablanca.ma\\\/\",\"logo\":{\"@type\":\"ImageObject\",\"inLanguage\":\"ar\",\"@id\":\"https:\\\/\\\/vitablanca.ma\\\/#\\\/schema\\\/logo\\\/image\\\/\",\"url\":\"https:\\\/\\\/vitablanca.ma\\\/wp-content\\\/uploads\\\/2025\\\/05\\\/cropped-vitablanca.png\",\"contentUrl\":\"https:\\\/\\\/vitablanca.ma\\\/wp-content\\\/uploads\\\/2025\\\/05\\\/cropped-vitablanca.png\",\"width\":360,\"height\":67,\"caption\":\"VitaBlanca\"},\"image\":{\"@id\":\"https:\\\/\\\/vitablanca.ma\\\/#\\\/schema\\\/logo\\\/image\\\/\"},\"sameAs\":[\"https:\\\/\\\/www.facebook.com\\\/profile.php?id=61576678196717\",\"https:\\\/\\\/www.tiktok.com\\\/@vitablanca.ma\",\"https:\\\/\\\/www.instagram.com\\\/vitablanca.ma\\\/\"]}]}<\/script>\n<!-- \/ Yoast SEO plugin. -->","yoast_head_json":{"title":"Nutricost Performance Creatine monohydrate Sans ar\u00f4me 500\u00a0g - Maroc Prix","description":"Nutricost Performance Creatine monohydrate Sans ar\u00f4me 500\u00a0g","robots":{"index":"index","follow":"follow","max-snippet":"max-snippet:-1","max-image-preview":"max-image-preview:large","max-video-preview":"max-video-preview:-1"},"canonical":"https:\/\/vitablanca.ma\/ar\/product-2\/nutricost-performance-creatine-monohydrate-sans-arome-500-g-maroc-prix\/","og_locale":"ar_AR","og_type":"article","og_title":"Nutricost Performance Creatine monohydrate Sans ar\u00f4me 500\u00a0g - Maroc Prix","og_description":"Nutricost Performance Creatine monohydrate Sans ar\u00f4me 500\u00a0g","og_url":"https:\/\/vitablanca.ma\/ar\/product-2\/nutricost-performance-creatine-monohydrate-sans-arome-500-g-maroc-prix\/","og_site_name":"Vitablanca.ma &ndash; Sant&eacute;, vitalit&eacute; et bien-&ecirc;tre pour tous les Marocains","article_publisher":"https:\/\/www.facebook.com\/profile.php?id=61576678196717","article_modified_time":"2026-02-05T17:49:56+00:00","og_image":[{"width":1600,"height":1600,"url":"https:\/\/vitablanca.ma\/wp-content\/uploads\/2026\/02\/8-9.jpg","type":"image\/jpeg"}],"twitter_card":"summary_large_image","twitter_misc":{"\u0648\u0642\u062a \u0627\u0644\u0642\u0631\u0627\u0621\u0629 \u0627\u0644\u0645\u064f\u0642\u062f\u0651\u0631":"3 \u062f\u0642\u0627\u0626\u0642"},"schema":{"@context":"https:\/\/schema.org","@graph":[{"@type":["WebPage","ItemPage"],"@id":"https:\/\/vitablanca.ma\/produit\/nutricost-performance-creatine-monohydrate-sans-arome-500-g-maroc-prix\/","url":"https:\/\/vitablanca.ma\/produit\/nutricost-performance-creatine-monohydrate-sans-arome-500-g-maroc-prix\/","name":"Nutricost Performance Creatine monohydrate Sans ar\u00f4me 500\u00a0g - Maroc Prix","isPartOf":{"@id":"https:\/\/vitablanca.ma\/#website"},"primaryImageOfPage":{"@id":"https:\/\/vitablanca.ma\/produit\/nutricost-performance-creatine-monohydrate-sans-arome-500-g-maroc-prix\/#primaryimage"},"image":{"@id":"https:\/\/vitablanca.ma\/produit\/nutricost-performance-creatine-monohydrate-sans-arome-500-g-maroc-prix\/#primaryimage"},"thumbnailUrl":"https:\/\/vitablanca.ma\/wp-content\/uploads\/2026\/02\/8-9.jpg","datePublished":"2026-02-05T00:21:30+00:00","dateModified":"2026-02-05T17:49:56+00:00","description":"Nutricost Performance Creatine monohydrate Sans ar\u00f4me 500\u00a0g","breadcrumb":{"@id":"https:\/\/vitablanca.ma\/produit\/nutricost-performance-creatine-monohydrate-sans-arome-500-g-maroc-prix\/#breadcrumb"},"inLanguage":"ar","potentialAction":[{"@type":"ReadAction","target":["https:\/\/vitablanca.ma\/produit\/nutricost-performance-creatine-monohydrate-sans-arome-500-g-maroc-prix\/"]}]},{"@type":"ImageObject","inLanguage":"ar","@id":"https:\/\/vitablanca.ma\/produit\/nutricost-performance-creatine-monohydrate-sans-arome-500-g-maroc-prix\/#primaryimage","url":"https:\/\/vitablanca.ma\/wp-content\/uploads\/2026\/02\/8-9.jpg","contentUrl":"https:\/\/vitablanca.ma\/wp-content\/uploads\/2026\/02\/8-9.jpg","width":1600,"height":1600},{"@type":"BreadcrumbList","@id":"https:\/\/vitablanca.ma\/produit\/nutricost-performance-creatine-monohydrate-sans-arome-500-g-maroc-prix\/#breadcrumb","itemListElement":[{"@type":"ListItem","position":1,"name":"Home","item":"https:\/\/vitablanca.ma\/"},{"@type":"ListItem","position":2,"name":"Tous Les Produits","item":"https:\/\/vitablanca.ma\/tous-les-produits\/"},{"@type":"ListItem","position":3,"name":"Nutricost Performance Creatine monohydrate Sans ar\u00f4me 500\u00a0g"}]},{"@type":"WebSite","@id":"https:\/\/vitablanca.ma\/#website","url":"https:\/\/vitablanca.ma\/","name":"VitaBlanca.ma | \u0627\u0644\u0645\u0643\u0645\u0644\u0627\u062a \u0627\u0644\u063a\u0630\u0627\u0626\u064a\u0629\u060c \u0627\u0644\u0635\u062d\u0629 \u0648\u0627\u0644\u062c\u0645\u0627\u0644 \u0641\u064a \u0627\u0644\u0645\u063a\u0631\u0628","description":"\u0646\u0628\u064a\u0639 \u0641\u064a\u062a\u0627\u0645\u064a\u0646\u0627\u062a \u0648\u0645\u0643\u0645\u0644\u0627\u062a \u063a\u0630\u0627\u0626\u064a\u0629 \u0641\u0627\u062e\u0631\u0629 \u0645\u0646 \u0627\u0644\u0648\u0644\u0627\u064a\u0627\u062a \u0627\u0644\u0645\u062a\u062d\u062f\u0629 \u0627\u0644\u0623\u0645\u0631\u064a\u0643\u064a\u0629 \u0648\u0643\u0646\u062f\u0627 \u0648\u0646\u064a\u0648\u0632\u064a\u0644\u0646\u062f\u0627 \u0648\u0627\u0644\u0645\u063a\u0631\u0628 (\u0646\u0627\u0648 \u0641\u0648\u062f\u0632\u060c \u0633\u0648\u0644\u062c\u0627\u0631\u060c \u0645\u0627\u0646\u0648\u0643\u0627). \u062a\u0648\u0635\u064a\u0644 \u0633\u0631\u064a\u0639 \u0625\u0644\u0649 \u062c\u0645\u064a\u0639 \u0623\u0646\u062d\u0627\u0621 \u0627\u0644\u0645\u063a\u0631\u0628.","publisher":{"@id":"https:\/\/vitablanca.ma\/#organization"},"alternateName":"VitaBlanca.ma","potentialAction":[{"@type":"SearchAction","target":{"@type":"EntryPoint","urlTemplate":"https:\/\/vitablanca.ma\/?s={search_term_string}"},"query-input":{"@type":"PropertyValueSpecification","valueRequired":true,"valueName":"search_term_string"}}],"inLanguage":"ar"},{"@type":"Organization","@id":"https:\/\/vitablanca.ma\/#organization","name":"\u0641\u064a\u062a\u0627\u0628\u0644\u0627\u0646\u0643\u0627","url":"https:\/\/vitablanca.ma\/","logo":{"@type":"ImageObject","inLanguage":"ar","@id":"https:\/\/vitablanca.ma\/#\/schema\/logo\/image\/","url":"https:\/\/vitablanca.ma\/wp-content\/uploads\/2025\/05\/cropped-vitablanca.png","contentUrl":"https:\/\/vitablanca.ma\/wp-content\/uploads\/2025\/05\/cropped-vitablanca.png","width":360,"height":67,"caption":"VitaBlanca"},"image":{"@id":"https:\/\/vitablanca.ma\/#\/schema\/logo\/image\/"},"sameAs":["https:\/\/www.facebook.com\/profile.php?id=61576678196717","https:\/\/www.tiktok.com\/@vitablanca.ma","https:\/\/www.instagram.com\/vitablanca.ma\/"]}]}},"jetpack_sharing_enabled":true,"_links":{"self":[{"href":"https:\/\/vitablanca.ma\/ar\/wp-json\/wp\/v2\/product\/29202","targetHints":{"allow":["GET"]}}],"collection":[{"href":"https:\/\/vitablanca.ma\/ar\/wp-json\/wp\/v2\/product"}],"about":[{"href":"https:\/\/vitablanca.ma\/ar\/wp-json\/wp\/v2\/types\/product"}],"wp:featuredmedia":[{"embeddable":true,"href":"https:\/\/vitablanca.ma\/ar\/wp-json\/wp\/v2\/media\/29280"}],"wp:attachment":[{"href":"https:\/\/vitablanca.ma\/ar\/wp-json\/wp\/v2\/media?parent=29202"}],"wp:term":[{"taxonomy":"product_brand","embeddable":true,"href":"https:\/\/vitablanca.ma\/ar\/wp-json\/wp\/v2\/product_brand?post=29202"},{"taxonomy":"product_cat","embeddable":true,"href":"https:\/\/vitablanca.ma\/ar\/wp-json\/wp\/v2\/product_cat?post=29202"},{"taxonomy":"product_tag","embeddable":true,"href":"https:\/\/vitablanca.ma\/ar\/wp-json\/wp\/v2\/product_tag?post=29202"}],"curies":[{"name":"wp","href":"https:\/\/api.w.org\/{rel}","templated":true}]}}