{"id":29169,"date":"2026-02-05T00:20:24","date_gmt":"2026-02-05T00:20:24","guid":{"rendered":"https:\/\/vitablanca.ma\/?post_type=product&#038;p=29169"},"modified":"2026-02-21T16:16:55","modified_gmt":"2026-02-21T16:16:55","slug":"orotate-de-magnesium-200-200-mg-120-capsules-vegetales-50-mg-piece","status":"publish","type":"product","link":"https:\/\/vitablanca.ma\/ar\/product-2\/orotate-de-magnesium-200-200-mg-120-capsules-vegetales-50-mg-piece\/","title":{"rendered":"Kal Orotate de magnesium\u00a0200, 200\u00a0mg 120\u00a0capsules v\u00e9g\u00e9tales (50\u00a0mg pi\u00e8ce)"},"content":{"rendered":"<p>\u062c\u0648\u062f\u0629 \u0645\u0628\u062a\u0643\u0631\u0629 \u0645\u0646\u0630 \u0639\u0627\u0645 1932<br \/>\n\u0645\u0643\u0645\u0644 \u063a\u0630\u0627\u0626\u064a<br \/>\n4\u00a0jours par jour<br \/>\n200\u00a0mg de magn\u00e9sium<br \/>\n\u0627\u0645\u062a\u0635\u0627\u0635 \u0641\u0627\u0626\u0642<br \/>\nQualit\u00e9 transparente<br \/>\n\u0646\u0628\u0627\u062a\u064a<\/p>\n<p>Description\u00a0: Le magn\u00e9sium est destin\u00e9 \u00e0 fournir un soutien nutritif pour des os, des dents ainsi que des fonctions nerveuses et musculaires normales et saines.<br \/>\nLa technologie ActivTab\u2122 garantit la d\u00e9sint\u00e9gration du comprim\u00e9 en 30\u00a0minutes selon les normes USP.<br \/>\n\u0627\u0644\u0627\u0633\u062a\u062e\u062f\u0627\u0645 \u0627\u0644\u0645\u0642\u062a\u0631\u062d<br \/>\nPrenez 4\u00a0capsules par jour avec un repas ou un verre d&rsquo;eau. \u00c0 utiliser uniquement comme indiqu\u00e9.<br \/>\n\u0627\u0644\u0645\u0643\u0648\u0646\u0627\u062a \u0627\u0644\u0623\u062e\u0631\u0649<br \/>\nCapsule en cellulose v\u00e9g\u00e9tarienne, st\u00e9arate de magn\u00e9sium, cellulose, et silice.<br \/>\n\u062a\u062d\u0630\u064a\u0631\u0627\u062a<br \/>\nNe pas utiliser si l&rsquo;opercule de protection est perc\u00e9 ou manquant. Tenir hors de port\u00e9e des enfants. Informer votre professionnel de la sant\u00e9 qualifi\u00e9 de l&rsquo;utilisation de ce produit.<br \/>\n\u00c0 conserver dans un endroit frais et sec.<\/p>","protected":false},"excerpt":{"rendered":"<p>Qualit\u00e9 innovante depuis 1932 Compl\u00e9ment alimentaire 4\u00a0jours par jour 200\u00a0mg de magn\u00e9sium Absorption sup\u00e9rieure Qualit\u00e9 transparente V\u00e9g\u00e9tarien Description\u00a0: Le magn\u00e9sium est destin\u00e9 \u00e0 fournir un soutien nutritif pour des os, des dents ainsi que des fonctions nerveuses et musculaires normales et saines. La technologie ActivTab\u2122 garantit la d\u00e9sint\u00e9gration du comprim\u00e9 en 30\u00a0minutes selon les normes [&hellip;]<\/p>\n","protected":false},"featured_media":29244,"template":"","meta":{"om_disable_all_campaigns":false},"product_brand":[],"product_cat":[18,3366,7960,7961],"product_tag":[],"class_list":{"0":"post-29169","1":"product","2":"type-product","3":"status-publish","4":"has-post-thumbnail","6":"product_cat-beaute-sante","7":"product_cat-complements-alimentaires-au-maroc-vitablanca","8":"product_cat-magnesium-2","9":"product_cat-mineraux-2","11":"first","12":"instock","13":"sale","14":"taxable","15":"shipping-taxable","16":"purchasable","17":"product-type-simple"},"yoast_head":"<!-- This site is optimized with the Yoast SEO plugin v27.3 - https:\/\/yoast.com\/product\/yoast-seo-wordpress\/ -->\n<title>Kal Orotate de magnesium\u00a0200, 200\u00a0mg 120\u00a0capsules v\u00e9g\u00e9tales (50\u00a0mg pi\u00e8ce) - Maroc Prix<\/title>\n<meta name=\"description\" content=\"Kal Orotate de magnesium\u00a0200, 200\u00a0mg 120\u00a0capsules v\u00e9g\u00e9tales (50\u00a0mg pi\u00e8ce)\" \/>\n<meta name=\"robots\" content=\"index, follow, max-snippet:-1, max-image-preview:large, max-video-preview:-1\" \/>\n<link rel=\"canonical\" href=\"https:\/\/vitablanca.ma\/ar\/product-2\/orotate-de-magnesium-200-200-mg-120-capsules-vegetales-50-mg-piece\/\" \/>\n<meta property=\"og:locale\" content=\"ar_AR\" \/>\n<meta property=\"og:type\" content=\"article\" \/>\n<meta property=\"og:title\" content=\"Kal Orotate de magnesium\u00a0200, 200\u00a0mg 120\u00a0capsules v\u00e9g\u00e9tales (50\u00a0mg pi\u00e8ce) - Maroc Prix\" \/>\n<meta property=\"og:description\" content=\"Kal Orotate de magnesium\u00a0200, 200\u00a0mg 120\u00a0capsules v\u00e9g\u00e9tales (50\u00a0mg pi\u00e8ce)\" \/>\n<meta property=\"og:url\" content=\"https:\/\/vitablanca.ma\/ar\/product-2\/orotate-de-magnesium-200-200-mg-120-capsules-vegetales-50-mg-piece\/\" \/>\n<meta property=\"og:site_name\" content=\"Vitablanca.ma &ndash; Sant&eacute;, vitalit&eacute; et bien-&ecirc;tre pour tous les Marocains\" \/>\n<meta property=\"article:publisher\" content=\"https:\/\/www.facebook.com\/profile.php?id=61576678196717\" \/>\n<meta property=\"article:modified_time\" content=\"2026-02-21T16:16:55+00:00\" \/>\n<meta property=\"og:image\" content=\"https:\/\/vitablanca.ma\/wp-content\/uploads\/2026\/02\/52-10.jpg\" \/>\n\t<meta property=\"og:image:width\" content=\"1600\" \/>\n\t<meta property=\"og:image:height\" content=\"1600\" \/>\n\t<meta property=\"og:image:type\" content=\"image\/jpeg\" \/>\n<meta name=\"twitter:card\" content=\"summary_large_image\" \/>\n<meta name=\"twitter:label1\" content=\"\u0648\u0642\u062a \u0627\u0644\u0642\u0631\u0627\u0621\u0629 \u0627\u0644\u0645\u064f\u0642\u062f\u0651\u0631\" \/>\n\t<meta name=\"twitter:data1\" content=\"\u062f\u0642\u064a\u0642\u0629 \u0648\u0627\u062d\u062f\u0629\" \/>\n<script type=\"application\/ld+json\" class=\"yoast-schema-graph\">{\"@context\":\"https:\\\/\\\/schema.org\",\"@graph\":[{\"@type\":[\"WebPage\",\"ItemPage\"],\"@id\":\"https:\\\/\\\/vitablanca.ma\\\/produit\\\/orotate-de-magnesium-200-200-mg-120-capsules-vegetales-50-mg-piece\\\/\",\"url\":\"https:\\\/\\\/vitablanca.ma\\\/produit\\\/orotate-de-magnesium-200-200-mg-120-capsules-vegetales-50-mg-piece\\\/\",\"name\":\"Kal Orotate de magnesium\u00a0200, 200\u00a0mg 120\u00a0capsules v\u00e9g\u00e9tales (50\u00a0mg pi\u00e8ce) - Maroc Prix\",\"isPartOf\":{\"@id\":\"https:\\\/\\\/vitablanca.ma\\\/#website\"},\"primaryImageOfPage\":{\"@id\":\"https:\\\/\\\/vitablanca.ma\\\/produit\\\/orotate-de-magnesium-200-200-mg-120-capsules-vegetales-50-mg-piece\\\/#primaryimage\"},\"image\":{\"@id\":\"https:\\\/\\\/vitablanca.ma\\\/produit\\\/orotate-de-magnesium-200-200-mg-120-capsules-vegetales-50-mg-piece\\\/#primaryimage\"},\"thumbnailUrl\":\"https:\\\/\\\/vitablanca.ma\\\/wp-content\\\/uploads\\\/2026\\\/02\\\/52-10.jpg\",\"datePublished\":\"2026-02-05T00:20:24+00:00\",\"dateModified\":\"2026-02-21T16:16:55+00:00\",\"description\":\"Kal Orotate de magnesium\u00a0200, 200\u00a0mg 120\u00a0capsules v\u00e9g\u00e9tales (50\u00a0mg pi\u00e8ce)\",\"breadcrumb\":{\"@id\":\"https:\\\/\\\/vitablanca.ma\\\/produit\\\/orotate-de-magnesium-200-200-mg-120-capsules-vegetales-50-mg-piece\\\/#breadcrumb\"},\"inLanguage\":\"ar\",\"potentialAction\":[{\"@type\":\"ReadAction\",\"target\":[\"https:\\\/\\\/vitablanca.ma\\\/produit\\\/orotate-de-magnesium-200-200-mg-120-capsules-vegetales-50-mg-piece\\\/\"]}]},{\"@type\":\"ImageObject\",\"inLanguage\":\"ar\",\"@id\":\"https:\\\/\\\/vitablanca.ma\\\/produit\\\/orotate-de-magnesium-200-200-mg-120-capsules-vegetales-50-mg-piece\\\/#primaryimage\",\"url\":\"https:\\\/\\\/vitablanca.ma\\\/wp-content\\\/uploads\\\/2026\\\/02\\\/52-10.jpg\",\"contentUrl\":\"https:\\\/\\\/vitablanca.ma\\\/wp-content\\\/uploads\\\/2026\\\/02\\\/52-10.jpg\",\"width\":1600,\"height\":1600},{\"@type\":\"BreadcrumbList\",\"@id\":\"https:\\\/\\\/vitablanca.ma\\\/produit\\\/orotate-de-magnesium-200-200-mg-120-capsules-vegetales-50-mg-piece\\\/#breadcrumb\",\"itemListElement\":[{\"@type\":\"ListItem\",\"position\":1,\"name\":\"Home\",\"item\":\"https:\\\/\\\/vitablanca.ma\\\/\"},{\"@type\":\"ListItem\",\"position\":2,\"name\":\"Tous Les Produits\",\"item\":\"https:\\\/\\\/vitablanca.ma\\\/tous-les-produits\\\/\"},{\"@type\":\"ListItem\",\"position\":3,\"name\":\"Kal Orotate de magnesium\u00a0200, 200\u00a0mg 120\u00a0capsules v\u00e9g\u00e9tales (50\u00a0mg pi\u00e8ce)\"}]},{\"@type\":\"WebSite\",\"@id\":\"https:\\\/\\\/vitablanca.ma\\\/#website\",\"url\":\"https:\\\/\\\/vitablanca.ma\\\/\",\"name\":\"VitaBlanca.ma | Compl\u00e9ments alimentaires, sant\u00e9 & beaut\u00e9 au Maroc\",\"description\":\"vendre vitamines et compl\u00e9ments premium des USA &amp; Canada, Nouvelle Z\u00e9lande,Maroc (NOW Foods, Solgar, Manuka). Livraison rapide partout au Maroc.\",\"publisher\":{\"@id\":\"https:\\\/\\\/vitablanca.ma\\\/#organization\"},\"alternateName\":\"VitaBlanca.ma\",\"potentialAction\":[{\"@type\":\"SearchAction\",\"target\":{\"@type\":\"EntryPoint\",\"urlTemplate\":\"https:\\\/\\\/vitablanca.ma\\\/?s={search_term_string}\"},\"query-input\":{\"@type\":\"PropertyValueSpecification\",\"valueRequired\":true,\"valueName\":\"search_term_string\"}}],\"inLanguage\":\"ar\"},{\"@type\":\"Organization\",\"@id\":\"https:\\\/\\\/vitablanca.ma\\\/#organization\",\"name\":\"VitaBlanca\",\"url\":\"https:\\\/\\\/vitablanca.ma\\\/\",\"logo\":{\"@type\":\"ImageObject\",\"inLanguage\":\"ar\",\"@id\":\"https:\\\/\\\/vitablanca.ma\\\/#\\\/schema\\\/logo\\\/image\\\/\",\"url\":\"https:\\\/\\\/vitablanca.ma\\\/wp-content\\\/uploads\\\/2025\\\/05\\\/cropped-vitablanca.png\",\"contentUrl\":\"https:\\\/\\\/vitablanca.ma\\\/wp-content\\\/uploads\\\/2025\\\/05\\\/cropped-vitablanca.png\",\"width\":360,\"height\":67,\"caption\":\"VitaBlanca\"},\"image\":{\"@id\":\"https:\\\/\\\/vitablanca.ma\\\/#\\\/schema\\\/logo\\\/image\\\/\"},\"sameAs\":[\"https:\\\/\\\/www.facebook.com\\\/profile.php?id=61576678196717\",\"https:\\\/\\\/www.tiktok.com\\\/@vitablanca.ma\",\"https:\\\/\\\/www.instagram.com\\\/vitablanca.ma\\\/\"]}]}<\/script>\n<!-- \/ Yoast SEO plugin. -->","yoast_head_json":{"title":"Kal Orotate de magnesium\u00a0200, 200\u00a0mg 120\u00a0capsules v\u00e9g\u00e9tales (50\u00a0mg pi\u00e8ce) - Maroc Prix","description":"Kal Orotate de magnesium\u00a0200, 200\u00a0mg 120\u00a0capsules v\u00e9g\u00e9tales (50\u00a0mg pi\u00e8ce)","robots":{"index":"index","follow":"follow","max-snippet":"max-snippet:-1","max-image-preview":"max-image-preview:large","max-video-preview":"max-video-preview:-1"},"canonical":"https:\/\/vitablanca.ma\/ar\/product-2\/orotate-de-magnesium-200-200-mg-120-capsules-vegetales-50-mg-piece\/","og_locale":"ar_AR","og_type":"article","og_title":"Kal Orotate de magnesium\u00a0200, 200\u00a0mg 120\u00a0capsules v\u00e9g\u00e9tales (50\u00a0mg pi\u00e8ce) - Maroc Prix","og_description":"Kal Orotate de magnesium\u00a0200, 200\u00a0mg 120\u00a0capsules v\u00e9g\u00e9tales (50\u00a0mg pi\u00e8ce)","og_url":"https:\/\/vitablanca.ma\/ar\/product-2\/orotate-de-magnesium-200-200-mg-120-capsules-vegetales-50-mg-piece\/","og_site_name":"Vitablanca.ma &ndash; Sant&eacute;, vitalit&eacute; et bien-&ecirc;tre pour tous les Marocains","article_publisher":"https:\/\/www.facebook.com\/profile.php?id=61576678196717","article_modified_time":"2026-02-21T16:16:55+00:00","og_image":[{"width":1600,"height":1600,"url":"https:\/\/vitablanca.ma\/wp-content\/uploads\/2026\/02\/52-10.jpg","type":"image\/jpeg"}],"twitter_card":"summary_large_image","twitter_misc":{"\u0648\u0642\u062a \u0627\u0644\u0642\u0631\u0627\u0621\u0629 \u0627\u0644\u0645\u064f\u0642\u062f\u0651\u0631":"\u062f\u0642\u064a\u0642\u0629 \u0648\u0627\u062d\u062f\u0629"},"schema":{"@context":"https:\/\/schema.org","@graph":[{"@type":["WebPage","ItemPage"],"@id":"https:\/\/vitablanca.ma\/produit\/orotate-de-magnesium-200-200-mg-120-capsules-vegetales-50-mg-piece\/","url":"https:\/\/vitablanca.ma\/produit\/orotate-de-magnesium-200-200-mg-120-capsules-vegetales-50-mg-piece\/","name":"Kal Orotate de magnesium\u00a0200, 200\u00a0mg 120\u00a0capsules v\u00e9g\u00e9tales (50\u00a0mg pi\u00e8ce) - Maroc Prix","isPartOf":{"@id":"https:\/\/vitablanca.ma\/#website"},"primaryImageOfPage":{"@id":"https:\/\/vitablanca.ma\/produit\/orotate-de-magnesium-200-200-mg-120-capsules-vegetales-50-mg-piece\/#primaryimage"},"image":{"@id":"https:\/\/vitablanca.ma\/produit\/orotate-de-magnesium-200-200-mg-120-capsules-vegetales-50-mg-piece\/#primaryimage"},"thumbnailUrl":"https:\/\/vitablanca.ma\/wp-content\/uploads\/2026\/02\/52-10.jpg","datePublished":"2026-02-05T00:20:24+00:00","dateModified":"2026-02-21T16:16:55+00:00","description":"Kal Orotate de magnesium\u00a0200, 200\u00a0mg 120\u00a0capsules v\u00e9g\u00e9tales (50\u00a0mg pi\u00e8ce)","breadcrumb":{"@id":"https:\/\/vitablanca.ma\/produit\/orotate-de-magnesium-200-200-mg-120-capsules-vegetales-50-mg-piece\/#breadcrumb"},"inLanguage":"ar","potentialAction":[{"@type":"ReadAction","target":["https:\/\/vitablanca.ma\/produit\/orotate-de-magnesium-200-200-mg-120-capsules-vegetales-50-mg-piece\/"]}]},{"@type":"ImageObject","inLanguage":"ar","@id":"https:\/\/vitablanca.ma\/produit\/orotate-de-magnesium-200-200-mg-120-capsules-vegetales-50-mg-piece\/#primaryimage","url":"https:\/\/vitablanca.ma\/wp-content\/uploads\/2026\/02\/52-10.jpg","contentUrl":"https:\/\/vitablanca.ma\/wp-content\/uploads\/2026\/02\/52-10.jpg","width":1600,"height":1600},{"@type":"BreadcrumbList","@id":"https:\/\/vitablanca.ma\/produit\/orotate-de-magnesium-200-200-mg-120-capsules-vegetales-50-mg-piece\/#breadcrumb","itemListElement":[{"@type":"ListItem","position":1,"name":"Home","item":"https:\/\/vitablanca.ma\/"},{"@type":"ListItem","position":2,"name":"Tous Les Produits","item":"https:\/\/vitablanca.ma\/tous-les-produits\/"},{"@type":"ListItem","position":3,"name":"Kal Orotate de magnesium\u00a0200, 200\u00a0mg 120\u00a0capsules v\u00e9g\u00e9tales (50\u00a0mg pi\u00e8ce)"}]},{"@type":"WebSite","@id":"https:\/\/vitablanca.ma\/#website","url":"https:\/\/vitablanca.ma\/","name":"VitaBlanca.ma | \u0627\u0644\u0645\u0643\u0645\u0644\u0627\u062a \u0627\u0644\u063a\u0630\u0627\u0626\u064a\u0629\u060c \u0627\u0644\u0635\u062d\u0629 \u0648\u0627\u0644\u062c\u0645\u0627\u0644 \u0641\u064a \u0627\u0644\u0645\u063a\u0631\u0628","description":"\u0646\u0628\u064a\u0639 \u0641\u064a\u062a\u0627\u0645\u064a\u0646\u0627\u062a \u0648\u0645\u0643\u0645\u0644\u0627\u062a \u063a\u0630\u0627\u0626\u064a\u0629 \u0641\u0627\u062e\u0631\u0629 \u0645\u0646 \u0627\u0644\u0648\u0644\u0627\u064a\u0627\u062a \u0627\u0644\u0645\u062a\u062d\u062f\u0629 \u0627\u0644\u0623\u0645\u0631\u064a\u0643\u064a\u0629 \u0648\u0643\u0646\u062f\u0627 \u0648\u0646\u064a\u0648\u0632\u064a\u0644\u0646\u062f\u0627 \u0648\u0627\u0644\u0645\u063a\u0631\u0628 (\u0646\u0627\u0648 \u0641\u0648\u062f\u0632\u060c \u0633\u0648\u0644\u062c\u0627\u0631\u060c \u0645\u0627\u0646\u0648\u0643\u0627). \u062a\u0648\u0635\u064a\u0644 \u0633\u0631\u064a\u0639 \u0625\u0644\u0649 \u062c\u0645\u064a\u0639 \u0623\u0646\u062d\u0627\u0621 \u0627\u0644\u0645\u063a\u0631\u0628.","publisher":{"@id":"https:\/\/vitablanca.ma\/#organization"},"alternateName":"VitaBlanca.ma","potentialAction":[{"@type":"SearchAction","target":{"@type":"EntryPoint","urlTemplate":"https:\/\/vitablanca.ma\/?s={search_term_string}"},"query-input":{"@type":"PropertyValueSpecification","valueRequired":true,"valueName":"search_term_string"}}],"inLanguage":"ar"},{"@type":"Organization","@id":"https:\/\/vitablanca.ma\/#organization","name":"\u0641\u064a\u062a\u0627\u0628\u0644\u0627\u0646\u0643\u0627","url":"https:\/\/vitablanca.ma\/","logo":{"@type":"ImageObject","inLanguage":"ar","@id":"https:\/\/vitablanca.ma\/#\/schema\/logo\/image\/","url":"https:\/\/vitablanca.ma\/wp-content\/uploads\/2025\/05\/cropped-vitablanca.png","contentUrl":"https:\/\/vitablanca.ma\/wp-content\/uploads\/2025\/05\/cropped-vitablanca.png","width":360,"height":67,"caption":"VitaBlanca"},"image":{"@id":"https:\/\/vitablanca.ma\/#\/schema\/logo\/image\/"},"sameAs":["https:\/\/www.facebook.com\/profile.php?id=61576678196717","https:\/\/www.tiktok.com\/@vitablanca.ma","https:\/\/www.instagram.com\/vitablanca.ma\/"]}]}},"jetpack_sharing_enabled":true,"_links":{"self":[{"href":"https:\/\/vitablanca.ma\/ar\/wp-json\/wp\/v2\/product\/29169","targetHints":{"allow":["GET"]}}],"collection":[{"href":"https:\/\/vitablanca.ma\/ar\/wp-json\/wp\/v2\/product"}],"about":[{"href":"https:\/\/vitablanca.ma\/ar\/wp-json\/wp\/v2\/types\/product"}],"wp:featuredmedia":[{"embeddable":true,"href":"https:\/\/vitablanca.ma\/ar\/wp-json\/wp\/v2\/media\/29244"}],"wp:attachment":[{"href":"https:\/\/vitablanca.ma\/ar\/wp-json\/wp\/v2\/media?parent=29169"}],"wp:term":[{"taxonomy":"product_brand","embeddable":true,"href":"https:\/\/vitablanca.ma\/ar\/wp-json\/wp\/v2\/product_brand?post=29169"},{"taxonomy":"product_cat","embeddable":true,"href":"https:\/\/vitablanca.ma\/ar\/wp-json\/wp\/v2\/product_cat?post=29169"},{"taxonomy":"product_tag","embeddable":true,"href":"https:\/\/vitablanca.ma\/ar\/wp-json\/wp\/v2\/product_tag?post=29169"}],"curies":[{"name":"wp","href":"https:\/\/api.w.org\/{rel}","templated":true}]}}