{"id":29153,"date":"2026-02-05T00:19:57","date_gmt":"2026-02-05T00:19:57","guid":{"rendered":"https:\/\/vitablanca.ma\/?post_type=product&#038;p=29153"},"modified":"2026-02-05T17:49:57","modified_gmt":"2026-02-05T17:49:57","slug":"kal-bisglycinate-de-magnesium-chelate-180-comprimes-maroc-prix","status":"publish","type":"product","link":"https:\/\/vitablanca.ma\/ar\/product-2\/kal-bisglycinate-de-magnesium-chelate-180-comprimes-maroc-prix\/","title":{"rendered":"Kal Bisglycinate de magn\u00e9sium ch\u00e9lat\u00e9 180\u00a0comprim\u00e9s"},"content":{"rendered":"<p>Depuis 1932<br \/>\nEnti\u00e8rement ch\u00e9lat\u00e9<br \/>\nRelaxation, soutien musculaire et osseux<br \/>\n\u0646\u0628\u0627\u062a\u064a<br \/>\n\u062e\u0627\u0644\u064a \u0645\u0646 \u0627\u0644\u063a\u0644\u0648\u062a\u064a\u0646<br \/>\nProduit \u00e9labor\u00e9 sans soja<br \/>\n\u0645\u0643\u0645\u0644 \u063a\u0630\u0627\u0626\u064a<br \/>\nFlacon en plastique recycl\u00e9<\/p>\n<p>Pourquoi le bisglycinate\u00a0?<br \/>\nNotre bisglycinate de magn\u00e9sium (\u00e9galement connu sous le nom de glycinate) est enti\u00e8rement ch\u00e9lat\u00e9, ce qui le rend facile \u00e0 dig\u00e9rer et \u00e0 absorber pour l\u2019organisme. Le bisglycinate de magn\u00e9sium \u00e0 haute absorption de KAL n\u2019agresse pas l\u2019estomac et peut favoriser\u00a0:<\/p>\n<p>Relaxation<br \/>\nFonction enzymatique<br \/>\nSant\u00e9 osseuse<br \/>\nSant\u00e9 musculaire<\/p>\n<p>KAL, des produits qui font la diff\u00e9rence<\/p>\n<p>Meilleure qualit\u00e9\u00a0: puret\u00e9 et efficacit\u00e9 test\u00e9es en laboratoire<br \/>\nMeilleure forme\u00a0: bisglycinate de magn\u00e9sium hautement absorbable<br \/>\nMeilleur pour vous\u00a0: convient aux r\u00e9gimes vegan<\/p>\n<p>\u0627\u0644\u0627\u0633\u062a\u062e\u062f\u0627\u0645 \u0627\u0644\u0645\u0642\u062a\u0631\u062d<br \/>\nPrenez 3\u00a0comprim\u00e9s par jour avec un repas ou un verre d\u2019eau, et jusqu\u2019\u00e0 4\u00a0comprim\u00e9s par jour pour un soutien suppl\u00e9mentaire. Utiliser uniquement comme indiqu\u00e9.<br \/>\n\u0627\u0644\u0645\u0643\u0648\u0646\u0627\u062a \u0627\u0644\u0623\u062e\u0631\u0649<br \/>\nCellulose, croscarmellose sodique, acide st\u00e9arique, gomme d\u2019acacia, st\u00e9arate de magn\u00e9sium et silice.<br \/>\n\u062a\u062d\u0630\u064a\u0631\u0627\u062a<br \/>\n\u00c0 conserver dans un endroit frais et sec.<br \/>\nNe pas utiliser si l\u2019opercule de protection est perc\u00e9 ou manquant. Tenir hors de port\u00e9e des enfants. Informer votre professionnel de la sant\u00e9 de l\u2019utilisation de ce produit.<\/p>","protected":false},"excerpt":{"rendered":"<p>Depuis 1932 Enti\u00e8rement ch\u00e9lat\u00e9 Relaxation, soutien musculaire et osseux Vegan Sans gluten Produit \u00e9labor\u00e9 sans soja Compl\u00e9ment alimentaire Flacon en plastique recycl\u00e9 Pourquoi le bisglycinate\u00a0? Notre bisglycinate de magn\u00e9sium (\u00e9galement connu sous le nom de glycinate) est enti\u00e8rement ch\u00e9lat\u00e9, ce qui le rend facile \u00e0 dig\u00e9rer et \u00e0 absorber pour l\u2019organisme. Le bisglycinate de magn\u00e9sium [&hellip;]<\/p>\n","protected":false},"featured_media":29236,"template":"","meta":{"om_disable_all_campaigns":false},"product_brand":[2164],"product_cat":[7960,7961],"product_tag":[],"class_list":{"0":"post-29153","1":"product","2":"type-product","3":"status-publish","4":"has-post-thumbnail","6":"product_brand-kal-maroc-prix","7":"product_cat-magnesium-2","8":"product_cat-mineraux-2","10":"first","11":"instock","12":"sale","13":"taxable","14":"shipping-taxable","15":"purchasable","16":"product-type-simple"},"yoast_head":"<!-- This site is optimized with the Yoast SEO plugin v27.4 - https:\/\/yoast.com\/product\/yoast-seo-wordpress\/ -->\n<title>Kal Bisglycinate de magn\u00e9sium ch\u00e9lat\u00e9 180\u00a0comprim\u00e9s - Maroc Prix<\/title>\n<meta name=\"description\" content=\"Kal Bisglycinate de magn\u00e9sium ch\u00e9lat\u00e9 180\u00a0comprim\u00e9s\" \/>\n<meta name=\"robots\" content=\"index, follow, max-snippet:-1, max-image-preview:large, max-video-preview:-1\" \/>\n<link rel=\"canonical\" href=\"https:\/\/vitablanca.ma\/ar\/product-2\/kal-bisglycinate-de-magnesium-chelate-180-comprimes-maroc-prix\/\" \/>\n<meta property=\"og:locale\" content=\"ar_AR\" \/>\n<meta property=\"og:type\" content=\"article\" \/>\n<meta property=\"og:title\" content=\"Kal Bisglycinate de magn\u00e9sium ch\u00e9lat\u00e9 180\u00a0comprim\u00e9s - Maroc Prix\" \/>\n<meta property=\"og:description\" content=\"Kal Bisglycinate de magn\u00e9sium ch\u00e9lat\u00e9 180\u00a0comprim\u00e9s\" \/>\n<meta property=\"og:url\" content=\"https:\/\/vitablanca.ma\/ar\/product-2\/kal-bisglycinate-de-magnesium-chelate-180-comprimes-maroc-prix\/\" \/>\n<meta property=\"og:site_name\" content=\"Vitablanca.ma &ndash; Sant&eacute;, vitalit&eacute; et bien-&ecirc;tre pour tous les Marocains\" \/>\n<meta property=\"article:publisher\" content=\"https:\/\/www.facebook.com\/profile.php?id=61576678196717\" \/>\n<meta property=\"article:modified_time\" content=\"2026-02-05T17:49:57+00:00\" \/>\n<meta property=\"og:image\" content=\"https:\/\/vitablanca.ma\/wp-content\/uploads\/2026\/02\/8-4.jpg\" \/>\n\t<meta property=\"og:image:width\" content=\"1600\" \/>\n\t<meta property=\"og:image:height\" content=\"1600\" \/>\n\t<meta property=\"og:image:type\" content=\"image\/jpeg\" \/>\n<meta name=\"twitter:card\" content=\"summary_large_image\" \/>\n<meta name=\"twitter:label1\" content=\"\u0648\u0642\u062a \u0627\u0644\u0642\u0631\u0627\u0621\u0629 \u0627\u0644\u0645\u064f\u0642\u062f\u0651\u0631\" \/>\n\t<meta name=\"twitter:data1\" content=\"\u062f\u0642\u064a\u0642\u062a\u0627\u0646\" \/>\n<script type=\"application\/ld+json\" class=\"yoast-schema-graph\">{\"@context\":\"https:\\\/\\\/schema.org\",\"@graph\":[{\"@type\":[\"WebPage\",\"ItemPage\"],\"@id\":\"https:\\\/\\\/vitablanca.ma\\\/produit\\\/kal-bisglycinate-de-magnesium-chelate-180-comprimes-maroc-prix\\\/\",\"url\":\"https:\\\/\\\/vitablanca.ma\\\/produit\\\/kal-bisglycinate-de-magnesium-chelate-180-comprimes-maroc-prix\\\/\",\"name\":\"Kal Bisglycinate de magn\u00e9sium ch\u00e9lat\u00e9 180\u00a0comprim\u00e9s - Maroc Prix\",\"isPartOf\":{\"@id\":\"https:\\\/\\\/vitablanca.ma\\\/#website\"},\"primaryImageOfPage\":{\"@id\":\"https:\\\/\\\/vitablanca.ma\\\/produit\\\/kal-bisglycinate-de-magnesium-chelate-180-comprimes-maroc-prix\\\/#primaryimage\"},\"image\":{\"@id\":\"https:\\\/\\\/vitablanca.ma\\\/produit\\\/kal-bisglycinate-de-magnesium-chelate-180-comprimes-maroc-prix\\\/#primaryimage\"},\"thumbnailUrl\":\"https:\\\/\\\/vitablanca.ma\\\/wp-content\\\/uploads\\\/2026\\\/02\\\/8-4.jpg\",\"datePublished\":\"2026-02-05T00:19:57+00:00\",\"dateModified\":\"2026-02-05T17:49:57+00:00\",\"description\":\"Kal Bisglycinate de magn\u00e9sium ch\u00e9lat\u00e9 180\u00a0comprim\u00e9s\",\"breadcrumb\":{\"@id\":\"https:\\\/\\\/vitablanca.ma\\\/produit\\\/kal-bisglycinate-de-magnesium-chelate-180-comprimes-maroc-prix\\\/#breadcrumb\"},\"inLanguage\":\"ar\",\"potentialAction\":[{\"@type\":\"ReadAction\",\"target\":[\"https:\\\/\\\/vitablanca.ma\\\/produit\\\/kal-bisglycinate-de-magnesium-chelate-180-comprimes-maroc-prix\\\/\"]}]},{\"@type\":\"ImageObject\",\"inLanguage\":\"ar\",\"@id\":\"https:\\\/\\\/vitablanca.ma\\\/produit\\\/kal-bisglycinate-de-magnesium-chelate-180-comprimes-maroc-prix\\\/#primaryimage\",\"url\":\"https:\\\/\\\/vitablanca.ma\\\/wp-content\\\/uploads\\\/2026\\\/02\\\/8-4.jpg\",\"contentUrl\":\"https:\\\/\\\/vitablanca.ma\\\/wp-content\\\/uploads\\\/2026\\\/02\\\/8-4.jpg\",\"width\":1600,\"height\":1600},{\"@type\":\"BreadcrumbList\",\"@id\":\"https:\\\/\\\/vitablanca.ma\\\/produit\\\/kal-bisglycinate-de-magnesium-chelate-180-comprimes-maroc-prix\\\/#breadcrumb\",\"itemListElement\":[{\"@type\":\"ListItem\",\"position\":1,\"name\":\"Home\",\"item\":\"https:\\\/\\\/vitablanca.ma\\\/\"},{\"@type\":\"ListItem\",\"position\":2,\"name\":\"Tous Les Produits\",\"item\":\"https:\\\/\\\/vitablanca.ma\\\/tous-les-produits\\\/\"},{\"@type\":\"ListItem\",\"position\":3,\"name\":\"Kal Bisglycinate de magn\u00e9sium ch\u00e9lat\u00e9 180\u00a0comprim\u00e9s\"}]},{\"@type\":\"WebSite\",\"@id\":\"https:\\\/\\\/vitablanca.ma\\\/#website\",\"url\":\"https:\\\/\\\/vitablanca.ma\\\/\",\"name\":\"VitaBlanca.ma | Compl\u00e9ments alimentaires, sant\u00e9 & beaut\u00e9 au Maroc\",\"description\":\"vendre vitamines et compl\u00e9ments premium des USA &amp; Canada, Nouvelle Z\u00e9lande,Maroc (NOW Foods, Solgar, Manuka). Livraison rapide partout au Maroc.\",\"publisher\":{\"@id\":\"https:\\\/\\\/vitablanca.ma\\\/#organization\"},\"alternateName\":\"VitaBlanca.ma\",\"potentialAction\":[{\"@type\":\"SearchAction\",\"target\":{\"@type\":\"EntryPoint\",\"urlTemplate\":\"https:\\\/\\\/vitablanca.ma\\\/?s={search_term_string}\"},\"query-input\":{\"@type\":\"PropertyValueSpecification\",\"valueRequired\":true,\"valueName\":\"search_term_string\"}}],\"inLanguage\":\"ar\"},{\"@type\":\"Organization\",\"@id\":\"https:\\\/\\\/vitablanca.ma\\\/#organization\",\"name\":\"VitaBlanca\",\"url\":\"https:\\\/\\\/vitablanca.ma\\\/\",\"logo\":{\"@type\":\"ImageObject\",\"inLanguage\":\"ar\",\"@id\":\"https:\\\/\\\/vitablanca.ma\\\/#\\\/schema\\\/logo\\\/image\\\/\",\"url\":\"https:\\\/\\\/vitablanca.ma\\\/wp-content\\\/uploads\\\/2025\\\/05\\\/cropped-vitablanca.png\",\"contentUrl\":\"https:\\\/\\\/vitablanca.ma\\\/wp-content\\\/uploads\\\/2025\\\/05\\\/cropped-vitablanca.png\",\"width\":360,\"height\":67,\"caption\":\"VitaBlanca\"},\"image\":{\"@id\":\"https:\\\/\\\/vitablanca.ma\\\/#\\\/schema\\\/logo\\\/image\\\/\"},\"sameAs\":[\"https:\\\/\\\/www.facebook.com\\\/profile.php?id=61576678196717\",\"https:\\\/\\\/www.tiktok.com\\\/@vitablanca.ma\",\"https:\\\/\\\/www.instagram.com\\\/vitablanca.ma\\\/\"]}]}<\/script>\n<!-- \/ Yoast SEO plugin. -->","yoast_head_json":{"title":"Kal Bisglycinate de magn\u00e9sium ch\u00e9lat\u00e9 180\u00a0comprim\u00e9s - Maroc Prix","description":"Kal Bisglycinate de magn\u00e9sium ch\u00e9lat\u00e9 180\u00a0comprim\u00e9s","robots":{"index":"index","follow":"follow","max-snippet":"max-snippet:-1","max-image-preview":"max-image-preview:large","max-video-preview":"max-video-preview:-1"},"canonical":"https:\/\/vitablanca.ma\/ar\/product-2\/kal-bisglycinate-de-magnesium-chelate-180-comprimes-maroc-prix\/","og_locale":"ar_AR","og_type":"article","og_title":"Kal Bisglycinate de magn\u00e9sium ch\u00e9lat\u00e9 180\u00a0comprim\u00e9s - Maroc Prix","og_description":"Kal Bisglycinate de magn\u00e9sium ch\u00e9lat\u00e9 180\u00a0comprim\u00e9s","og_url":"https:\/\/vitablanca.ma\/ar\/product-2\/kal-bisglycinate-de-magnesium-chelate-180-comprimes-maroc-prix\/","og_site_name":"Vitablanca.ma &ndash; Sant&eacute;, vitalit&eacute; et bien-&ecirc;tre pour tous les Marocains","article_publisher":"https:\/\/www.facebook.com\/profile.php?id=61576678196717","article_modified_time":"2026-02-05T17:49:57+00:00","og_image":[{"width":1600,"height":1600,"url":"https:\/\/vitablanca.ma\/wp-content\/uploads\/2026\/02\/8-4.jpg","type":"image\/jpeg"}],"twitter_card":"summary_large_image","twitter_misc":{"\u0648\u0642\u062a \u0627\u0644\u0642\u0631\u0627\u0621\u0629 \u0627\u0644\u0645\u064f\u0642\u062f\u0651\u0631":"\u062f\u0642\u064a\u0642\u062a\u0627\u0646"},"schema":{"@context":"https:\/\/schema.org","@graph":[{"@type":["WebPage","ItemPage"],"@id":"https:\/\/vitablanca.ma\/produit\/kal-bisglycinate-de-magnesium-chelate-180-comprimes-maroc-prix\/","url":"https:\/\/vitablanca.ma\/produit\/kal-bisglycinate-de-magnesium-chelate-180-comprimes-maroc-prix\/","name":"Kal Bisglycinate de magn\u00e9sium ch\u00e9lat\u00e9 180\u00a0comprim\u00e9s - Maroc Prix","isPartOf":{"@id":"https:\/\/vitablanca.ma\/#website"},"primaryImageOfPage":{"@id":"https:\/\/vitablanca.ma\/produit\/kal-bisglycinate-de-magnesium-chelate-180-comprimes-maroc-prix\/#primaryimage"},"image":{"@id":"https:\/\/vitablanca.ma\/produit\/kal-bisglycinate-de-magnesium-chelate-180-comprimes-maroc-prix\/#primaryimage"},"thumbnailUrl":"https:\/\/vitablanca.ma\/wp-content\/uploads\/2026\/02\/8-4.jpg","datePublished":"2026-02-05T00:19:57+00:00","dateModified":"2026-02-05T17:49:57+00:00","description":"Kal Bisglycinate de magn\u00e9sium ch\u00e9lat\u00e9 180\u00a0comprim\u00e9s","breadcrumb":{"@id":"https:\/\/vitablanca.ma\/produit\/kal-bisglycinate-de-magnesium-chelate-180-comprimes-maroc-prix\/#breadcrumb"},"inLanguage":"ar","potentialAction":[{"@type":"ReadAction","target":["https:\/\/vitablanca.ma\/produit\/kal-bisglycinate-de-magnesium-chelate-180-comprimes-maroc-prix\/"]}]},{"@type":"ImageObject","inLanguage":"ar","@id":"https:\/\/vitablanca.ma\/produit\/kal-bisglycinate-de-magnesium-chelate-180-comprimes-maroc-prix\/#primaryimage","url":"https:\/\/vitablanca.ma\/wp-content\/uploads\/2026\/02\/8-4.jpg","contentUrl":"https:\/\/vitablanca.ma\/wp-content\/uploads\/2026\/02\/8-4.jpg","width":1600,"height":1600},{"@type":"BreadcrumbList","@id":"https:\/\/vitablanca.ma\/produit\/kal-bisglycinate-de-magnesium-chelate-180-comprimes-maroc-prix\/#breadcrumb","itemListElement":[{"@type":"ListItem","position":1,"name":"Home","item":"https:\/\/vitablanca.ma\/"},{"@type":"ListItem","position":2,"name":"Tous Les Produits","item":"https:\/\/vitablanca.ma\/tous-les-produits\/"},{"@type":"ListItem","position":3,"name":"Kal Bisglycinate de magn\u00e9sium ch\u00e9lat\u00e9 180\u00a0comprim\u00e9s"}]},{"@type":"WebSite","@id":"https:\/\/vitablanca.ma\/#website","url":"https:\/\/vitablanca.ma\/","name":"VitaBlanca.ma | \u0627\u0644\u0645\u0643\u0645\u0644\u0627\u062a \u0627\u0644\u063a\u0630\u0627\u0626\u064a\u0629\u060c \u0627\u0644\u0635\u062d\u0629 \u0648\u0627\u0644\u062c\u0645\u0627\u0644 \u0641\u064a \u0627\u0644\u0645\u063a\u0631\u0628","description":"\u0646\u0628\u064a\u0639 \u0641\u064a\u062a\u0627\u0645\u064a\u0646\u0627\u062a \u0648\u0645\u0643\u0645\u0644\u0627\u062a \u063a\u0630\u0627\u0626\u064a\u0629 \u0641\u0627\u062e\u0631\u0629 \u0645\u0646 \u0627\u0644\u0648\u0644\u0627\u064a\u0627\u062a \u0627\u0644\u0645\u062a\u062d\u062f\u0629 \u0627\u0644\u0623\u0645\u0631\u064a\u0643\u064a\u0629 \u0648\u0643\u0646\u062f\u0627 \u0648\u0646\u064a\u0648\u0632\u064a\u0644\u0646\u062f\u0627 \u0648\u0627\u0644\u0645\u063a\u0631\u0628 (\u0646\u0627\u0648 \u0641\u0648\u062f\u0632\u060c \u0633\u0648\u0644\u062c\u0627\u0631\u060c \u0645\u0627\u0646\u0648\u0643\u0627). \u062a\u0648\u0635\u064a\u0644 \u0633\u0631\u064a\u0639 \u0625\u0644\u0649 \u062c\u0645\u064a\u0639 \u0623\u0646\u062d\u0627\u0621 \u0627\u0644\u0645\u063a\u0631\u0628.","publisher":{"@id":"https:\/\/vitablanca.ma\/#organization"},"alternateName":"VitaBlanca.ma","potentialAction":[{"@type":"SearchAction","target":{"@type":"EntryPoint","urlTemplate":"https:\/\/vitablanca.ma\/?s={search_term_string}"},"query-input":{"@type":"PropertyValueSpecification","valueRequired":true,"valueName":"search_term_string"}}],"inLanguage":"ar"},{"@type":"Organization","@id":"https:\/\/vitablanca.ma\/#organization","name":"\u0641\u064a\u062a\u0627\u0628\u0644\u0627\u0646\u0643\u0627","url":"https:\/\/vitablanca.ma\/","logo":{"@type":"ImageObject","inLanguage":"ar","@id":"https:\/\/vitablanca.ma\/#\/schema\/logo\/image\/","url":"https:\/\/vitablanca.ma\/wp-content\/uploads\/2025\/05\/cropped-vitablanca.png","contentUrl":"https:\/\/vitablanca.ma\/wp-content\/uploads\/2025\/05\/cropped-vitablanca.png","width":360,"height":67,"caption":"VitaBlanca"},"image":{"@id":"https:\/\/vitablanca.ma\/#\/schema\/logo\/image\/"},"sameAs":["https:\/\/www.facebook.com\/profile.php?id=61576678196717","https:\/\/www.tiktok.com\/@vitablanca.ma","https:\/\/www.instagram.com\/vitablanca.ma\/"]}]}},"jetpack_sharing_enabled":true,"_links":{"self":[{"href":"https:\/\/vitablanca.ma\/ar\/wp-json\/wp\/v2\/product\/29153","targetHints":{"allow":["GET"]}}],"collection":[{"href":"https:\/\/vitablanca.ma\/ar\/wp-json\/wp\/v2\/product"}],"about":[{"href":"https:\/\/vitablanca.ma\/ar\/wp-json\/wp\/v2\/types\/product"}],"wp:featuredmedia":[{"embeddable":true,"href":"https:\/\/vitablanca.ma\/ar\/wp-json\/wp\/v2\/media\/29236"}],"wp:attachment":[{"href":"https:\/\/vitablanca.ma\/ar\/wp-json\/wp\/v2\/media?parent=29153"}],"wp:term":[{"taxonomy":"product_brand","embeddable":true,"href":"https:\/\/vitablanca.ma\/ar\/wp-json\/wp\/v2\/product_brand?post=29153"},{"taxonomy":"product_cat","embeddable":true,"href":"https:\/\/vitablanca.ma\/ar\/wp-json\/wp\/v2\/product_cat?post=29153"},{"taxonomy":"product_tag","embeddable":true,"href":"https:\/\/vitablanca.ma\/ar\/wp-json\/wp\/v2\/product_tag?post=29153"}],"curies":[{"name":"wp","href":"https:\/\/api.w.org\/{rel}","templated":true}]}}