{"id":29032,"date":"2026-02-05T00:16:36","date_gmt":"2026-02-05T00:16:36","guid":{"rendered":"https:\/\/vitablanca.ma\/?post_type=product&#038;p=29032"},"modified":"2026-02-21T16:16:57","modified_gmt":"2026-02-21T16:16:57","slug":"one-daily-hommes-de-50-ans-et-plus-multivitamines-et-multimineraux-100-comprimes","status":"publish","type":"product","link":"https:\/\/vitablanca.ma\/ar\/product-2\/one-daily-hommes-de-50-ans-et-plus-multivitamines-et-multimineraux-100-comprimes\/","title":{"rendered":"21st Century One Daily Hommes de 50\u00a0ans et plus Multivitamines et multimin\u00e9raux 100\u00a0comprim\u00e9s"},"content":{"rendered":"<p>\u062e\u0627\u0644\u064a \u0645\u0646 \u0627\u0644\u063a\u0644\u0648\u062a\u064a\u0646<br \/>\nCompl\u00e9ment multivitamin\u00e9 multimin\u00e9ral<br \/>\nPar rapport \u00e0 Avantages pour la sant\u00e9 de One A Day\u00ae pour les hommes de 50 ans et plus<br \/>\n\u0627\u0644\u062c\u0648\u062f\u0629 \u0645\u0636\u0645\u0648\u0646\u0629 \u0645\u0646 \u062e\u0644\u0627\u0644 \u0627\u0644\u0627\u062e\u062a\u0628\u0627\u0631\u0627\u062a \u0627\u0644\u0645\u0639\u0645\u0644\u064a\u0629<\/p>\n<p>\u0627\u0644\u0627\u0633\u062a\u062e\u062f\u0627\u0645 \u0627\u0644\u0645\u0642\u062a\u0631\u062d<br \/>\nEn compl\u00e9ment alimentaire chez l&rsquo;adulte, prenez un (1)\u00a0comprim\u00e9 par jour, au cours d&rsquo;un repas ou tel que prescrit par un professionnel de la sant\u00e9. Ne pas exc\u00e9der le dosage recommand\u00e9. Les r\u00e9sultats peuvent varier en fonction des individus.<br \/>\n\u0627\u0644\u0645\u0643\u0648\u0646\u0627\u062a \u0627\u0644\u0623\u062e\u0631\u0649<br \/>\nCellulose, amidon, croscarmellose sodique, acide st\u00e9arique, m\u00e9thylhydroxypropylcellulose. Contient &lt;2\u00a0% de\u00a0: colorants artificiels (bleu FD&amp;C #1), palmitate d&rsquo;ascorbyle, butyl hydroxyanisole, butyl hydroxytolu\u00e8ne, huile de ma\u00efs, DL-alpha tocoph\u00e9rol, g\u00e9latine, gomme arabique, st\u00e9arate de magn\u00e9sium,  maltodextrine, mannitol, PEG, polysorbate, alcool polyvinylique, dioxyde de silicium, aluminosilicate de sodium, ascorbate de sodium, sucrose, talc, dioxyde de titane (CI\u00a077891), huile v\u00e9g\u00e9tale, eau.<br \/>\nSans levure ni ar\u00f4mes artificiels ajout\u00e9s.<br \/>\n\u062a\u062d\u0630\u064a\u0631\u0627\u062a<br \/>\nConsultez un professionnel de la sant\u00e9 avant utilisation si vous \u00eates enceinte, allaitez, suivez un traitement m\u00e9dical, souffrez d&rsquo;une affection m\u00e9dicale ou pr\u00e9voyez une intervention m\u00e9dicale. En cas d&rsquo;effets ind\u00e9sirables, cesser l&rsquo;utilisation et contacter un m\u00e9decin.<br \/>\nTenir hors de port\u00e9e des enfants. Ne pas utiliser si le produit semble avoir \u00e9t\u00e9 alt\u00e9r\u00e9 ou si l&rsquo;opercule est rompu. \u00c0 conserver \u00e0 temp\u00e9rature ambiante.<\/p>","protected":false},"excerpt":{"rendered":"<p>Sans gluten Compl\u00e9ment multivitamin\u00e9 multimin\u00e9ral Par rapport \u00e0 Avantages pour la sant\u00e9 de One A Day\u00ae pour les hommes de 50 ans et plus Qualit\u00e9 garantie par test en laboratoire Usage sugg\u00e9r\u00e9 En compl\u00e9ment alimentaire chez l&rsquo;adulte, prenez un (1)\u00a0comprim\u00e9 par jour, au cours d&rsquo;un repas ou tel que prescrit par un professionnel de la [&hellip;]<\/p>\n","protected":false},"featured_media":29112,"template":"","meta":{"om_disable_all_campaigns":false},"product_brand":[2417],"product_cat":[18,3366,8055,7963],"product_tag":[],"class_list":{"0":"post-29032","1":"product","2":"type-product","3":"status-publish","4":"has-post-thumbnail","6":"product_brand-21st-century-maroc-prix","7":"product_cat-beaute-sante","8":"product_cat-complements-alimentaires-au-maroc-vitablanca","9":"product_cat-multivitamin","10":"product_cat-vitamines-2","12":"first","13":"instock","14":"sale","15":"taxable","16":"shipping-taxable","17":"purchasable","18":"product-type-simple"},"yoast_head":"<!-- This site is optimized with the Yoast SEO plugin v27.3 - https:\/\/yoast.com\/product\/yoast-seo-wordpress\/ -->\n<title>21st Century One Daily Hommes de 50\u00a0ans et plus Multivitamines et multimin\u00e9raux 100\u00a0comprim\u00e9s - Maroc Prix<\/title>\n<meta name=\"description\" content=\"21st Century One Daily Hommes de 50\u00a0ans et plus Multivitamines et multimin\u00e9raux 100\u00a0comprim\u00e9s\" \/>\n<meta name=\"robots\" content=\"index, follow, max-snippet:-1, max-image-preview:large, max-video-preview:-1\" \/>\n<link rel=\"canonical\" href=\"https:\/\/vitablanca.ma\/ar\/product-2\/one-daily-hommes-de-50-ans-et-plus-multivitamines-et-multimineraux-100-comprimes\/\" \/>\n<meta property=\"og:locale\" content=\"ar_AR\" \/>\n<meta property=\"og:type\" content=\"article\" \/>\n<meta property=\"og:title\" content=\"21st Century One Daily Hommes de 50\u00a0ans et plus Multivitamines et multimin\u00e9raux 100\u00a0comprim\u00e9s - Maroc Prix\" \/>\n<meta property=\"og:description\" content=\"21st Century One Daily Hommes de 50\u00a0ans et plus Multivitamines et multimin\u00e9raux 100\u00a0comprim\u00e9s\" \/>\n<meta property=\"og:url\" content=\"https:\/\/vitablanca.ma\/ar\/product-2\/one-daily-hommes-de-50-ans-et-plus-multivitamines-et-multimineraux-100-comprimes\/\" \/>\n<meta property=\"og:site_name\" content=\"Vitablanca.ma &ndash; Sant&eacute;, vitalit&eacute; et bien-&ecirc;tre pour tous les Marocains\" \/>\n<meta property=\"article:publisher\" content=\"https:\/\/www.facebook.com\/profile.php?id=61576678196717\" \/>\n<meta property=\"article:modified_time\" content=\"2026-02-21T16:16:57+00:00\" \/>\n<meta property=\"og:image\" content=\"https:\/\/vitablanca.ma\/wp-content\/uploads\/2026\/02\/47-12.jpg\" \/>\n\t<meta property=\"og:image:width\" content=\"1600\" \/>\n\t<meta property=\"og:image:height\" content=\"1600\" \/>\n\t<meta property=\"og:image:type\" content=\"image\/jpeg\" \/>\n<meta name=\"twitter:card\" content=\"summary_large_image\" \/>\n<meta name=\"twitter:label1\" content=\"\u0648\u0642\u062a \u0627\u0644\u0642\u0631\u0627\u0621\u0629 \u0627\u0644\u0645\u064f\u0642\u062f\u0651\u0631\" \/>\n\t<meta name=\"twitter:data1\" content=\"\u062f\u0642\u064a\u0642\u0629 \u0648\u0627\u062d\u062f\u0629\" \/>\n<script type=\"application\/ld+json\" class=\"yoast-schema-graph\">{\"@context\":\"https:\\\/\\\/schema.org\",\"@graph\":[{\"@type\":[\"WebPage\",\"ItemPage\"],\"@id\":\"https:\\\/\\\/vitablanca.ma\\\/produit\\\/one-daily-hommes-de-50-ans-et-plus-multivitamines-et-multimineraux-100-comprimes\\\/\",\"url\":\"https:\\\/\\\/vitablanca.ma\\\/produit\\\/one-daily-hommes-de-50-ans-et-plus-multivitamines-et-multimineraux-100-comprimes\\\/\",\"name\":\"21st Century One Daily Hommes de 50\u00a0ans et plus Multivitamines et multimin\u00e9raux 100\u00a0comprim\u00e9s - Maroc Prix\",\"isPartOf\":{\"@id\":\"https:\\\/\\\/vitablanca.ma\\\/#website\"},\"primaryImageOfPage\":{\"@id\":\"https:\\\/\\\/vitablanca.ma\\\/produit\\\/one-daily-hommes-de-50-ans-et-plus-multivitamines-et-multimineraux-100-comprimes\\\/#primaryimage\"},\"image\":{\"@id\":\"https:\\\/\\\/vitablanca.ma\\\/produit\\\/one-daily-hommes-de-50-ans-et-plus-multivitamines-et-multimineraux-100-comprimes\\\/#primaryimage\"},\"thumbnailUrl\":\"https:\\\/\\\/vitablanca.ma\\\/wp-content\\\/uploads\\\/2026\\\/02\\\/47-12.jpg\",\"datePublished\":\"2026-02-05T00:16:36+00:00\",\"dateModified\":\"2026-02-21T16:16:57+00:00\",\"description\":\"21st Century One Daily Hommes de 50\u00a0ans et plus Multivitamines et multimin\u00e9raux 100\u00a0comprim\u00e9s\",\"breadcrumb\":{\"@id\":\"https:\\\/\\\/vitablanca.ma\\\/produit\\\/one-daily-hommes-de-50-ans-et-plus-multivitamines-et-multimineraux-100-comprimes\\\/#breadcrumb\"},\"inLanguage\":\"ar\",\"potentialAction\":[{\"@type\":\"ReadAction\",\"target\":[\"https:\\\/\\\/vitablanca.ma\\\/produit\\\/one-daily-hommes-de-50-ans-et-plus-multivitamines-et-multimineraux-100-comprimes\\\/\"]}]},{\"@type\":\"ImageObject\",\"inLanguage\":\"ar\",\"@id\":\"https:\\\/\\\/vitablanca.ma\\\/produit\\\/one-daily-hommes-de-50-ans-et-plus-multivitamines-et-multimineraux-100-comprimes\\\/#primaryimage\",\"url\":\"https:\\\/\\\/vitablanca.ma\\\/wp-content\\\/uploads\\\/2026\\\/02\\\/47-12.jpg\",\"contentUrl\":\"https:\\\/\\\/vitablanca.ma\\\/wp-content\\\/uploads\\\/2026\\\/02\\\/47-12.jpg\",\"width\":1600,\"height\":1600},{\"@type\":\"BreadcrumbList\",\"@id\":\"https:\\\/\\\/vitablanca.ma\\\/produit\\\/one-daily-hommes-de-50-ans-et-plus-multivitamines-et-multimineraux-100-comprimes\\\/#breadcrumb\",\"itemListElement\":[{\"@type\":\"ListItem\",\"position\":1,\"name\":\"Home\",\"item\":\"https:\\\/\\\/vitablanca.ma\\\/\"},{\"@type\":\"ListItem\",\"position\":2,\"name\":\"Tous Les Produits\",\"item\":\"https:\\\/\\\/vitablanca.ma\\\/tous-les-produits\\\/\"},{\"@type\":\"ListItem\",\"position\":3,\"name\":\"21st Century One Daily Hommes de 50\u00a0ans et plus Multivitamines et multimin\u00e9raux 100\u00a0comprim\u00e9s\"}]},{\"@type\":\"WebSite\",\"@id\":\"https:\\\/\\\/vitablanca.ma\\\/#website\",\"url\":\"https:\\\/\\\/vitablanca.ma\\\/\",\"name\":\"VitaBlanca.ma | Compl\u00e9ments alimentaires, sant\u00e9 & beaut\u00e9 au Maroc\",\"description\":\"vendre vitamines et compl\u00e9ments premium des USA &amp; Canada, Nouvelle Z\u00e9lande,Maroc (NOW Foods, Solgar, Manuka). Livraison rapide partout au Maroc.\",\"publisher\":{\"@id\":\"https:\\\/\\\/vitablanca.ma\\\/#organization\"},\"alternateName\":\"VitaBlanca.ma\",\"potentialAction\":[{\"@type\":\"SearchAction\",\"target\":{\"@type\":\"EntryPoint\",\"urlTemplate\":\"https:\\\/\\\/vitablanca.ma\\\/?s={search_term_string}\"},\"query-input\":{\"@type\":\"PropertyValueSpecification\",\"valueRequired\":true,\"valueName\":\"search_term_string\"}}],\"inLanguage\":\"ar\"},{\"@type\":\"Organization\",\"@id\":\"https:\\\/\\\/vitablanca.ma\\\/#organization\",\"name\":\"VitaBlanca\",\"url\":\"https:\\\/\\\/vitablanca.ma\\\/\",\"logo\":{\"@type\":\"ImageObject\",\"inLanguage\":\"ar\",\"@id\":\"https:\\\/\\\/vitablanca.ma\\\/#\\\/schema\\\/logo\\\/image\\\/\",\"url\":\"https:\\\/\\\/vitablanca.ma\\\/wp-content\\\/uploads\\\/2025\\\/05\\\/cropped-vitablanca.png\",\"contentUrl\":\"https:\\\/\\\/vitablanca.ma\\\/wp-content\\\/uploads\\\/2025\\\/05\\\/cropped-vitablanca.png\",\"width\":360,\"height\":67,\"caption\":\"VitaBlanca\"},\"image\":{\"@id\":\"https:\\\/\\\/vitablanca.ma\\\/#\\\/schema\\\/logo\\\/image\\\/\"},\"sameAs\":[\"https:\\\/\\\/www.facebook.com\\\/profile.php?id=61576678196717\",\"https:\\\/\\\/www.tiktok.com\\\/@vitablanca.ma\",\"https:\\\/\\\/www.instagram.com\\\/vitablanca.ma\\\/\"]}]}<\/script>\n<!-- \/ Yoast SEO plugin. -->","yoast_head_json":{"title":"21st Century One Daily Hommes de 50\u00a0ans et plus Multivitamines et multimin\u00e9raux 100\u00a0comprim\u00e9s - Maroc Prix","description":"21st Century One Daily Hommes de 50\u00a0ans et plus Multivitamines et multimin\u00e9raux 100\u00a0comprim\u00e9s","robots":{"index":"index","follow":"follow","max-snippet":"max-snippet:-1","max-image-preview":"max-image-preview:large","max-video-preview":"max-video-preview:-1"},"canonical":"https:\/\/vitablanca.ma\/ar\/product-2\/one-daily-hommes-de-50-ans-et-plus-multivitamines-et-multimineraux-100-comprimes\/","og_locale":"ar_AR","og_type":"article","og_title":"21st Century One Daily Hommes de 50\u00a0ans et plus Multivitamines et multimin\u00e9raux 100\u00a0comprim\u00e9s - Maroc Prix","og_description":"21st Century One Daily Hommes de 50\u00a0ans et plus Multivitamines et multimin\u00e9raux 100\u00a0comprim\u00e9s","og_url":"https:\/\/vitablanca.ma\/ar\/product-2\/one-daily-hommes-de-50-ans-et-plus-multivitamines-et-multimineraux-100-comprimes\/","og_site_name":"Vitablanca.ma &ndash; Sant&eacute;, vitalit&eacute; et bien-&ecirc;tre pour tous les Marocains","article_publisher":"https:\/\/www.facebook.com\/profile.php?id=61576678196717","article_modified_time":"2026-02-21T16:16:57+00:00","og_image":[{"width":1600,"height":1600,"url":"https:\/\/vitablanca.ma\/wp-content\/uploads\/2026\/02\/47-12.jpg","type":"image\/jpeg"}],"twitter_card":"summary_large_image","twitter_misc":{"\u0648\u0642\u062a \u0627\u0644\u0642\u0631\u0627\u0621\u0629 \u0627\u0644\u0645\u064f\u0642\u062f\u0651\u0631":"\u062f\u0642\u064a\u0642\u0629 \u0648\u0627\u062d\u062f\u0629"},"schema":{"@context":"https:\/\/schema.org","@graph":[{"@type":["WebPage","ItemPage"],"@id":"https:\/\/vitablanca.ma\/produit\/one-daily-hommes-de-50-ans-et-plus-multivitamines-et-multimineraux-100-comprimes\/","url":"https:\/\/vitablanca.ma\/produit\/one-daily-hommes-de-50-ans-et-plus-multivitamines-et-multimineraux-100-comprimes\/","name":"21st Century One Daily Hommes de 50\u00a0ans et plus Multivitamines et multimin\u00e9raux 100\u00a0comprim\u00e9s - Maroc Prix","isPartOf":{"@id":"https:\/\/vitablanca.ma\/#website"},"primaryImageOfPage":{"@id":"https:\/\/vitablanca.ma\/produit\/one-daily-hommes-de-50-ans-et-plus-multivitamines-et-multimineraux-100-comprimes\/#primaryimage"},"image":{"@id":"https:\/\/vitablanca.ma\/produit\/one-daily-hommes-de-50-ans-et-plus-multivitamines-et-multimineraux-100-comprimes\/#primaryimage"},"thumbnailUrl":"https:\/\/vitablanca.ma\/wp-content\/uploads\/2026\/02\/47-12.jpg","datePublished":"2026-02-05T00:16:36+00:00","dateModified":"2026-02-21T16:16:57+00:00","description":"21st Century One Daily Hommes de 50\u00a0ans et plus Multivitamines et multimin\u00e9raux 100\u00a0comprim\u00e9s","breadcrumb":{"@id":"https:\/\/vitablanca.ma\/produit\/one-daily-hommes-de-50-ans-et-plus-multivitamines-et-multimineraux-100-comprimes\/#breadcrumb"},"inLanguage":"ar","potentialAction":[{"@type":"ReadAction","target":["https:\/\/vitablanca.ma\/produit\/one-daily-hommes-de-50-ans-et-plus-multivitamines-et-multimineraux-100-comprimes\/"]}]},{"@type":"ImageObject","inLanguage":"ar","@id":"https:\/\/vitablanca.ma\/produit\/one-daily-hommes-de-50-ans-et-plus-multivitamines-et-multimineraux-100-comprimes\/#primaryimage","url":"https:\/\/vitablanca.ma\/wp-content\/uploads\/2026\/02\/47-12.jpg","contentUrl":"https:\/\/vitablanca.ma\/wp-content\/uploads\/2026\/02\/47-12.jpg","width":1600,"height":1600},{"@type":"BreadcrumbList","@id":"https:\/\/vitablanca.ma\/produit\/one-daily-hommes-de-50-ans-et-plus-multivitamines-et-multimineraux-100-comprimes\/#breadcrumb","itemListElement":[{"@type":"ListItem","position":1,"name":"Home","item":"https:\/\/vitablanca.ma\/"},{"@type":"ListItem","position":2,"name":"Tous Les Produits","item":"https:\/\/vitablanca.ma\/tous-les-produits\/"},{"@type":"ListItem","position":3,"name":"21st Century One Daily Hommes de 50\u00a0ans et plus Multivitamines et multimin\u00e9raux 100\u00a0comprim\u00e9s"}]},{"@type":"WebSite","@id":"https:\/\/vitablanca.ma\/#website","url":"https:\/\/vitablanca.ma\/","name":"VitaBlanca.ma | \u0627\u0644\u0645\u0643\u0645\u0644\u0627\u062a \u0627\u0644\u063a\u0630\u0627\u0626\u064a\u0629\u060c \u0627\u0644\u0635\u062d\u0629 \u0648\u0627\u0644\u062c\u0645\u0627\u0644 \u0641\u064a \u0627\u0644\u0645\u063a\u0631\u0628","description":"\u0646\u0628\u064a\u0639 \u0641\u064a\u062a\u0627\u0645\u064a\u0646\u0627\u062a \u0648\u0645\u0643\u0645\u0644\u0627\u062a \u063a\u0630\u0627\u0626\u064a\u0629 \u0641\u0627\u062e\u0631\u0629 \u0645\u0646 \u0627\u0644\u0648\u0644\u0627\u064a\u0627\u062a \u0627\u0644\u0645\u062a\u062d\u062f\u0629 \u0627\u0644\u0623\u0645\u0631\u064a\u0643\u064a\u0629 \u0648\u0643\u0646\u062f\u0627 \u0648\u0646\u064a\u0648\u0632\u064a\u0644\u0646\u062f\u0627 \u0648\u0627\u0644\u0645\u063a\u0631\u0628 (\u0646\u0627\u0648 \u0641\u0648\u062f\u0632\u060c \u0633\u0648\u0644\u062c\u0627\u0631\u060c \u0645\u0627\u0646\u0648\u0643\u0627). \u062a\u0648\u0635\u064a\u0644 \u0633\u0631\u064a\u0639 \u0625\u0644\u0649 \u062c\u0645\u064a\u0639 \u0623\u0646\u062d\u0627\u0621 \u0627\u0644\u0645\u063a\u0631\u0628.","publisher":{"@id":"https:\/\/vitablanca.ma\/#organization"},"alternateName":"VitaBlanca.ma","potentialAction":[{"@type":"SearchAction","target":{"@type":"EntryPoint","urlTemplate":"https:\/\/vitablanca.ma\/?s={search_term_string}"},"query-input":{"@type":"PropertyValueSpecification","valueRequired":true,"valueName":"search_term_string"}}],"inLanguage":"ar"},{"@type":"Organization","@id":"https:\/\/vitablanca.ma\/#organization","name":"\u0641\u064a\u062a\u0627\u0628\u0644\u0627\u0646\u0643\u0627","url":"https:\/\/vitablanca.ma\/","logo":{"@type":"ImageObject","inLanguage":"ar","@id":"https:\/\/vitablanca.ma\/#\/schema\/logo\/image\/","url":"https:\/\/vitablanca.ma\/wp-content\/uploads\/2025\/05\/cropped-vitablanca.png","contentUrl":"https:\/\/vitablanca.ma\/wp-content\/uploads\/2025\/05\/cropped-vitablanca.png","width":360,"height":67,"caption":"VitaBlanca"},"image":{"@id":"https:\/\/vitablanca.ma\/#\/schema\/logo\/image\/"},"sameAs":["https:\/\/www.facebook.com\/profile.php?id=61576678196717","https:\/\/www.tiktok.com\/@vitablanca.ma","https:\/\/www.instagram.com\/vitablanca.ma\/"]}]}},"jetpack_sharing_enabled":true,"_links":{"self":[{"href":"https:\/\/vitablanca.ma\/ar\/wp-json\/wp\/v2\/product\/29032","targetHints":{"allow":["GET"]}}],"collection":[{"href":"https:\/\/vitablanca.ma\/ar\/wp-json\/wp\/v2\/product"}],"about":[{"href":"https:\/\/vitablanca.ma\/ar\/wp-json\/wp\/v2\/types\/product"}],"wp:featuredmedia":[{"embeddable":true,"href":"https:\/\/vitablanca.ma\/ar\/wp-json\/wp\/v2\/media\/29112"}],"wp:attachment":[{"href":"https:\/\/vitablanca.ma\/ar\/wp-json\/wp\/v2\/media?parent=29032"}],"wp:term":[{"taxonomy":"product_brand","embeddable":true,"href":"https:\/\/vitablanca.ma\/ar\/wp-json\/wp\/v2\/product_brand?post=29032"},{"taxonomy":"product_cat","embeddable":true,"href":"https:\/\/vitablanca.ma\/ar\/wp-json\/wp\/v2\/product_cat?post=29032"},{"taxonomy":"product_tag","embeddable":true,"href":"https:\/\/vitablanca.ma\/ar\/wp-json\/wp\/v2\/product_tag?post=29032"}],"curies":[{"name":"wp","href":"https:\/\/api.w.org\/{rel}","templated":true}]}}