{"id":28884,"date":"2026-02-05T00:12:25","date_gmt":"2026-02-05T00:12:25","guid":{"rendered":"https:\/\/vitablanca.ma\/?post_type=product&#038;p=28884"},"modified":"2026-02-21T16:17:00","modified_gmt":"2026-02-21T16:17:00","slug":"ginkgo-biloba-double-efficacite-120-mg-50-capsules-vegetales","status":"publish","type":"product","link":"https:\/\/vitablanca.ma\/ar\/product-2\/ginkgo-biloba-double-efficacite-120-mg-50-capsules-vegetales\/","title":{"rendered":"Now foods Ginkgo biloba Double efficacit\u00e9 120\u00a0mg 50\u00a0capsules v\u00e9g\u00e9tales"},"content":{"rendered":"<p>Favorise la sant\u00e9 c\u00e9r\u00e9brale<br \/>\n\u0645\u0633\u062a\u062e\u0644\u0635 \u0645\u0648\u062d\u062f \u0625\u0644\u0649 24 %<br \/>\nProjet sans OGM v\u00e9rifi\u00e9<br \/>\n\u0645\u0643\u0645\u0644 \u063a\u0630\u0627\u0626\u064a<br \/>\n\u0646\u0628\u0627\u062a\u064a\/\u0646\u0628\u0627\u062a\u064a \u0635\u0631\u0641<br \/>\n\u0643\u0648\u0634\u064a\u0631<br \/>\n\u0634\u0631\u0643\u0629 \u0639\u0627\u0626\u0644\u064a\u0629 \u0645\u0646\u0630 \u0639\u0627\u0645 1968<br \/>\n\u0636\u0645\u0627\u0646 \u062c\u0648\u062f\u0629 GMP<\/p>\n<p>L&rsquo;extrait de ginkgo biloba NOW\u00ae est standardis\u00e9 \u00e0 minimum 24\u00a0% de flavonglycosides de ginkgo et \u00e0 6\u00a0% de lactones terp\u00e9niques. L&rsquo;extrait provient de feuilles de Ginkgo, un arbre c\u00e9l\u00e8bre \u00e0 l&rsquo;histoire dynamique, pr\u00e9sent sur terre depuis des millions d&rsquo;ann\u00e9es.<br \/>\nCe produit \u00e0 double efficacit\u00e9 poss\u00e8de deux fois plus de ginkgo (120\u00a0mg) que notre produit \u00e0 l&rsquo;efficacit\u00e9 normale (60\u00a0mg).<br \/>\n\u0627\u0644\u0627\u0633\u062a\u062e\u062f\u0627\u0645 \u0627\u0644\u0645\u0642\u062a\u0631\u062d<br \/>\n\u062a\u0646\u0627\u0648\u0644 \u0643\u0628\u0633\u0648\u0644\u0629 \u0648\u0627\u062d\u062f\u0629 \u064a\u0648\u0645\u064a\u064b\u0627\u060c \u0648\u064a\u0641\u0636\u0644 \u0645\u0639 \u0648\u062c\u0628\u0629 \u0627\u0644\u0637\u0639\u0627\u0645.<br \/>\n\u0627\u0644\u0645\u0643\u0648\u0646\u0627\u062a \u0627\u0644\u0623\u062e\u0631\u0649<br \/>\nHypromellose (capsule de cellulose) et acide st\u00e9arique (d&rsquo;origine v\u00e9g\u00e9tale).<br \/>\n\u00c9labor\u00e9e sans levure, bl\u00e9, gluten, soja, ma\u00efs, lait, \u0153ufs, poisson, fruits de mer ou fruits \u00e0 coque. Fabriqu\u00e9e dans une installation respectant les BPF et qui traite d&rsquo;autres ingr\u00e9dients contenant ces allerg\u00e8nes.<br \/>\n\u062a\u062d\u0630\u064a\u0631\u0627\u062a<br \/>\nConserver dans un endroit frais et sec apr\u00e8s ouverture.<br \/>\nAttention\u00a0: r\u00e9serv\u00e9 aux adultes. Ne convient pas aux femmes enceintes ou allaitantes. Consultez un m\u00e9decin si vous prenez des m\u00e9dicaments (en particulier des anticonvulsivants, des antid\u00e9presseurs et ceux pouvant affecter le temps de saignement), si vous souffrez d&rsquo;une affection m\u00e9dicale (y compris une maladie h\u00e9patique et des troubles de la coagulation), ou si vous pr\u00e9voyez de subir une intervention chirurgicale. Ne pas exc\u00e9der le dosage recommand\u00e9. Tenir hors de port\u00e9e des enfants.<br \/>\nUne variation naturelle de couleur peut se produire.<\/p>","protected":false},"excerpt":{"rendered":"<p>Favorise la sant\u00e9 c\u00e9r\u00e9brale Extrait standardis\u00e9 \u00e0 24\u00a0% Projet sans OGM v\u00e9rifi\u00e9 Compl\u00e9ment alimentaire V\u00e9g\u00e9tarien\/Vegan Casher Entreprise familiale depuis 1968 Qualit\u00e9 BPF garantie L&rsquo;extrait de ginkgo biloba NOW\u00ae est standardis\u00e9 \u00e0 minimum 24\u00a0% de flavonglycosides de ginkgo et \u00e0 6\u00a0% de lactones terp\u00e9niques. L&rsquo;extrait provient de feuilles de Ginkgo, un arbre c\u00e9l\u00e8bre \u00e0 l&rsquo;histoire dynamique, [&hellip;]<\/p>\n","protected":false},"featured_media":28966,"template":"","meta":{"om_disable_all_campaigns":false},"product_brand":[83],"product_cat":[18,3366,7967],"product_tag":[],"class_list":{"0":"post-28884","1":"product","2":"type-product","3":"status-publish","4":"has-post-thumbnail","6":"product_brand-now-foods-maroc-prix","7":"product_cat-beaute-sante","8":"product_cat-complements-alimentaires-au-maroc-vitablanca","9":"product_cat-herbs","11":"first","12":"instock","13":"sale","14":"taxable","15":"shipping-taxable","16":"purchasable","17":"product-type-simple"},"yoast_head":"<!-- This site is optimized with the Yoast SEO plugin v27.4 - https:\/\/yoast.com\/product\/yoast-seo-wordpress\/ -->\n<title>Now foods Ginkgo biloba Double efficacit\u00e9 120\u00a0mg 50\u00a0capsules v\u00e9g\u00e9tales - Maroc Prix<\/title>\n<meta name=\"description\" content=\"Now foods Ginkgo biloba Double efficacit\u00e9 120\u00a0mg 50\u00a0capsules v\u00e9g\u00e9tales\" \/>\n<meta name=\"robots\" content=\"index, follow, max-snippet:-1, max-image-preview:large, max-video-preview:-1\" \/>\n<link rel=\"canonical\" href=\"https:\/\/vitablanca.ma\/ar\/product-2\/ginkgo-biloba-double-efficacite-120-mg-50-capsules-vegetales\/\" \/>\n<meta property=\"og:locale\" content=\"ar_AR\" \/>\n<meta property=\"og:type\" content=\"article\" \/>\n<meta property=\"og:title\" content=\"Now foods Ginkgo biloba Double efficacit\u00e9 120\u00a0mg 50\u00a0capsules v\u00e9g\u00e9tales - Maroc Prix\" \/>\n<meta property=\"og:description\" content=\"Now foods Ginkgo biloba Double efficacit\u00e9 120\u00a0mg 50\u00a0capsules v\u00e9g\u00e9tales\" \/>\n<meta property=\"og:url\" content=\"https:\/\/vitablanca.ma\/ar\/product-2\/ginkgo-biloba-double-efficacite-120-mg-50-capsules-vegetales\/\" \/>\n<meta property=\"og:site_name\" content=\"Vitablanca.ma &ndash; Sant&eacute;, vitalit&eacute; et bien-&ecirc;tre pour tous les Marocains\" \/>\n<meta property=\"article:publisher\" content=\"https:\/\/www.facebook.com\/profile.php?id=61576678196717\" \/>\n<meta property=\"article:modified_time\" content=\"2026-02-21T16:17:00+00:00\" \/>\n<meta property=\"og:image\" content=\"https:\/\/vitablanca.ma\/wp-content\/uploads\/2026\/02\/16-1.jpg\" \/>\n\t<meta property=\"og:image:width\" content=\"1600\" \/>\n\t<meta property=\"og:image:height\" content=\"1600\" \/>\n\t<meta property=\"og:image:type\" content=\"image\/jpeg\" \/>\n<meta name=\"twitter:card\" content=\"summary_large_image\" \/>\n<meta name=\"twitter:label1\" content=\"\u0648\u0642\u062a \u0627\u0644\u0642\u0631\u0627\u0621\u0629 \u0627\u0644\u0645\u064f\u0642\u062f\u0651\u0631\" \/>\n\t<meta name=\"twitter:data1\" content=\"\u062f\u0642\u064a\u0642\u0629 \u0648\u0627\u062d\u062f\u0629\" \/>\n<script type=\"application\/ld+json\" class=\"yoast-schema-graph\">{\"@context\":\"https:\\\/\\\/schema.org\",\"@graph\":[{\"@type\":[\"WebPage\",\"ItemPage\"],\"@id\":\"https:\\\/\\\/vitablanca.ma\\\/produit\\\/ginkgo-biloba-double-efficacite-120-mg-50-capsules-vegetales\\\/\",\"url\":\"https:\\\/\\\/vitablanca.ma\\\/produit\\\/ginkgo-biloba-double-efficacite-120-mg-50-capsules-vegetales\\\/\",\"name\":\"Now foods Ginkgo biloba Double efficacit\u00e9 120\u00a0mg 50\u00a0capsules v\u00e9g\u00e9tales - Maroc Prix\",\"isPartOf\":{\"@id\":\"https:\\\/\\\/vitablanca.ma\\\/#website\"},\"primaryImageOfPage\":{\"@id\":\"https:\\\/\\\/vitablanca.ma\\\/produit\\\/ginkgo-biloba-double-efficacite-120-mg-50-capsules-vegetales\\\/#primaryimage\"},\"image\":{\"@id\":\"https:\\\/\\\/vitablanca.ma\\\/produit\\\/ginkgo-biloba-double-efficacite-120-mg-50-capsules-vegetales\\\/#primaryimage\"},\"thumbnailUrl\":\"https:\\\/\\\/vitablanca.ma\\\/wp-content\\\/uploads\\\/2026\\\/02\\\/16-1.jpg\",\"datePublished\":\"2026-02-05T00:12:25+00:00\",\"dateModified\":\"2026-02-21T16:17:00+00:00\",\"description\":\"Now foods Ginkgo biloba Double efficacit\u00e9 120\u00a0mg 50\u00a0capsules v\u00e9g\u00e9tales\",\"breadcrumb\":{\"@id\":\"https:\\\/\\\/vitablanca.ma\\\/produit\\\/ginkgo-biloba-double-efficacite-120-mg-50-capsules-vegetales\\\/#breadcrumb\"},\"inLanguage\":\"ar\",\"potentialAction\":[{\"@type\":\"ReadAction\",\"target\":[\"https:\\\/\\\/vitablanca.ma\\\/produit\\\/ginkgo-biloba-double-efficacite-120-mg-50-capsules-vegetales\\\/\"]}]},{\"@type\":\"ImageObject\",\"inLanguage\":\"ar\",\"@id\":\"https:\\\/\\\/vitablanca.ma\\\/produit\\\/ginkgo-biloba-double-efficacite-120-mg-50-capsules-vegetales\\\/#primaryimage\",\"url\":\"https:\\\/\\\/vitablanca.ma\\\/wp-content\\\/uploads\\\/2026\\\/02\\\/16-1.jpg\",\"contentUrl\":\"https:\\\/\\\/vitablanca.ma\\\/wp-content\\\/uploads\\\/2026\\\/02\\\/16-1.jpg\",\"width\":1600,\"height\":1600},{\"@type\":\"BreadcrumbList\",\"@id\":\"https:\\\/\\\/vitablanca.ma\\\/produit\\\/ginkgo-biloba-double-efficacite-120-mg-50-capsules-vegetales\\\/#breadcrumb\",\"itemListElement\":[{\"@type\":\"ListItem\",\"position\":1,\"name\":\"Home\",\"item\":\"https:\\\/\\\/vitablanca.ma\\\/\"},{\"@type\":\"ListItem\",\"position\":2,\"name\":\"Tous Les Produits\",\"item\":\"https:\\\/\\\/vitablanca.ma\\\/tous-les-produits\\\/\"},{\"@type\":\"ListItem\",\"position\":3,\"name\":\"Now foods Ginkgo biloba Double efficacit\u00e9 120\u00a0mg 50\u00a0capsules v\u00e9g\u00e9tales\"}]},{\"@type\":\"WebSite\",\"@id\":\"https:\\\/\\\/vitablanca.ma\\\/#website\",\"url\":\"https:\\\/\\\/vitablanca.ma\\\/\",\"name\":\"VitaBlanca.ma | Compl\u00e9ments alimentaires, sant\u00e9 & beaut\u00e9 au Maroc\",\"description\":\"vendre vitamines et compl\u00e9ments premium des USA &amp; Canada, Nouvelle Z\u00e9lande,Maroc (NOW Foods, Solgar, Manuka). Livraison rapide partout au Maroc.\",\"publisher\":{\"@id\":\"https:\\\/\\\/vitablanca.ma\\\/#organization\"},\"alternateName\":\"VitaBlanca.ma\",\"potentialAction\":[{\"@type\":\"SearchAction\",\"target\":{\"@type\":\"EntryPoint\",\"urlTemplate\":\"https:\\\/\\\/vitablanca.ma\\\/?s={search_term_string}\"},\"query-input\":{\"@type\":\"PropertyValueSpecification\",\"valueRequired\":true,\"valueName\":\"search_term_string\"}}],\"inLanguage\":\"ar\"},{\"@type\":\"Organization\",\"@id\":\"https:\\\/\\\/vitablanca.ma\\\/#organization\",\"name\":\"VitaBlanca\",\"url\":\"https:\\\/\\\/vitablanca.ma\\\/\",\"logo\":{\"@type\":\"ImageObject\",\"inLanguage\":\"ar\",\"@id\":\"https:\\\/\\\/vitablanca.ma\\\/#\\\/schema\\\/logo\\\/image\\\/\",\"url\":\"https:\\\/\\\/vitablanca.ma\\\/wp-content\\\/uploads\\\/2025\\\/05\\\/cropped-vitablanca.png\",\"contentUrl\":\"https:\\\/\\\/vitablanca.ma\\\/wp-content\\\/uploads\\\/2025\\\/05\\\/cropped-vitablanca.png\",\"width\":360,\"height\":67,\"caption\":\"VitaBlanca\"},\"image\":{\"@id\":\"https:\\\/\\\/vitablanca.ma\\\/#\\\/schema\\\/logo\\\/image\\\/\"},\"sameAs\":[\"https:\\\/\\\/www.facebook.com\\\/profile.php?id=61576678196717\",\"https:\\\/\\\/www.tiktok.com\\\/@vitablanca.ma\",\"https:\\\/\\\/www.instagram.com\\\/vitablanca.ma\\\/\"]}]}<\/script>\n<!-- \/ Yoast SEO plugin. -->","yoast_head_json":{"title":"Now foods Ginkgo biloba Double efficacit\u00e9 120\u00a0mg 50\u00a0capsules v\u00e9g\u00e9tales - Maroc Prix","description":"Now foods Ginkgo biloba Double efficacit\u00e9 120\u00a0mg 50\u00a0capsules v\u00e9g\u00e9tales","robots":{"index":"index","follow":"follow","max-snippet":"max-snippet:-1","max-image-preview":"max-image-preview:large","max-video-preview":"max-video-preview:-1"},"canonical":"https:\/\/vitablanca.ma\/ar\/product-2\/ginkgo-biloba-double-efficacite-120-mg-50-capsules-vegetales\/","og_locale":"ar_AR","og_type":"article","og_title":"Now foods Ginkgo biloba Double efficacit\u00e9 120\u00a0mg 50\u00a0capsules v\u00e9g\u00e9tales - Maroc Prix","og_description":"Now foods Ginkgo biloba Double efficacit\u00e9 120\u00a0mg 50\u00a0capsules v\u00e9g\u00e9tales","og_url":"https:\/\/vitablanca.ma\/ar\/product-2\/ginkgo-biloba-double-efficacite-120-mg-50-capsules-vegetales\/","og_site_name":"Vitablanca.ma &ndash; Sant&eacute;, vitalit&eacute; et bien-&ecirc;tre pour tous les Marocains","article_publisher":"https:\/\/www.facebook.com\/profile.php?id=61576678196717","article_modified_time":"2026-02-21T16:17:00+00:00","og_image":[{"width":1600,"height":1600,"url":"https:\/\/vitablanca.ma\/wp-content\/uploads\/2026\/02\/16-1.jpg","type":"image\/jpeg"}],"twitter_card":"summary_large_image","twitter_misc":{"\u0648\u0642\u062a \u0627\u0644\u0642\u0631\u0627\u0621\u0629 \u0627\u0644\u0645\u064f\u0642\u062f\u0651\u0631":"\u062f\u0642\u064a\u0642\u0629 \u0648\u0627\u062d\u062f\u0629"},"schema":{"@context":"https:\/\/schema.org","@graph":[{"@type":["WebPage","ItemPage"],"@id":"https:\/\/vitablanca.ma\/produit\/ginkgo-biloba-double-efficacite-120-mg-50-capsules-vegetales\/","url":"https:\/\/vitablanca.ma\/produit\/ginkgo-biloba-double-efficacite-120-mg-50-capsules-vegetales\/","name":"Now foods Ginkgo biloba Double efficacit\u00e9 120\u00a0mg 50\u00a0capsules v\u00e9g\u00e9tales - Maroc Prix","isPartOf":{"@id":"https:\/\/vitablanca.ma\/#website"},"primaryImageOfPage":{"@id":"https:\/\/vitablanca.ma\/produit\/ginkgo-biloba-double-efficacite-120-mg-50-capsules-vegetales\/#primaryimage"},"image":{"@id":"https:\/\/vitablanca.ma\/produit\/ginkgo-biloba-double-efficacite-120-mg-50-capsules-vegetales\/#primaryimage"},"thumbnailUrl":"https:\/\/vitablanca.ma\/wp-content\/uploads\/2026\/02\/16-1.jpg","datePublished":"2026-02-05T00:12:25+00:00","dateModified":"2026-02-21T16:17:00+00:00","description":"Now foods Ginkgo biloba Double efficacit\u00e9 120\u00a0mg 50\u00a0capsules v\u00e9g\u00e9tales","breadcrumb":{"@id":"https:\/\/vitablanca.ma\/produit\/ginkgo-biloba-double-efficacite-120-mg-50-capsules-vegetales\/#breadcrumb"},"inLanguage":"ar","potentialAction":[{"@type":"ReadAction","target":["https:\/\/vitablanca.ma\/produit\/ginkgo-biloba-double-efficacite-120-mg-50-capsules-vegetales\/"]}]},{"@type":"ImageObject","inLanguage":"ar","@id":"https:\/\/vitablanca.ma\/produit\/ginkgo-biloba-double-efficacite-120-mg-50-capsules-vegetales\/#primaryimage","url":"https:\/\/vitablanca.ma\/wp-content\/uploads\/2026\/02\/16-1.jpg","contentUrl":"https:\/\/vitablanca.ma\/wp-content\/uploads\/2026\/02\/16-1.jpg","width":1600,"height":1600},{"@type":"BreadcrumbList","@id":"https:\/\/vitablanca.ma\/produit\/ginkgo-biloba-double-efficacite-120-mg-50-capsules-vegetales\/#breadcrumb","itemListElement":[{"@type":"ListItem","position":1,"name":"Home","item":"https:\/\/vitablanca.ma\/"},{"@type":"ListItem","position":2,"name":"Tous Les Produits","item":"https:\/\/vitablanca.ma\/tous-les-produits\/"},{"@type":"ListItem","position":3,"name":"Now foods Ginkgo biloba Double efficacit\u00e9 120\u00a0mg 50\u00a0capsules v\u00e9g\u00e9tales"}]},{"@type":"WebSite","@id":"https:\/\/vitablanca.ma\/#website","url":"https:\/\/vitablanca.ma\/","name":"VitaBlanca.ma | \u0627\u0644\u0645\u0643\u0645\u0644\u0627\u062a \u0627\u0644\u063a\u0630\u0627\u0626\u064a\u0629\u060c \u0627\u0644\u0635\u062d\u0629 \u0648\u0627\u0644\u062c\u0645\u0627\u0644 \u0641\u064a \u0627\u0644\u0645\u063a\u0631\u0628","description":"\u0646\u0628\u064a\u0639 \u0641\u064a\u062a\u0627\u0645\u064a\u0646\u0627\u062a \u0648\u0645\u0643\u0645\u0644\u0627\u062a \u063a\u0630\u0627\u0626\u064a\u0629 \u0641\u0627\u062e\u0631\u0629 \u0645\u0646 \u0627\u0644\u0648\u0644\u0627\u064a\u0627\u062a \u0627\u0644\u0645\u062a\u062d\u062f\u0629 \u0627\u0644\u0623\u0645\u0631\u064a\u0643\u064a\u0629 \u0648\u0643\u0646\u062f\u0627 \u0648\u0646\u064a\u0648\u0632\u064a\u0644\u0646\u062f\u0627 \u0648\u0627\u0644\u0645\u063a\u0631\u0628 (\u0646\u0627\u0648 \u0641\u0648\u062f\u0632\u060c \u0633\u0648\u0644\u062c\u0627\u0631\u060c \u0645\u0627\u0646\u0648\u0643\u0627). \u062a\u0648\u0635\u064a\u0644 \u0633\u0631\u064a\u0639 \u0625\u0644\u0649 \u062c\u0645\u064a\u0639 \u0623\u0646\u062d\u0627\u0621 \u0627\u0644\u0645\u063a\u0631\u0628.","publisher":{"@id":"https:\/\/vitablanca.ma\/#organization"},"alternateName":"VitaBlanca.ma","potentialAction":[{"@type":"SearchAction","target":{"@type":"EntryPoint","urlTemplate":"https:\/\/vitablanca.ma\/?s={search_term_string}"},"query-input":{"@type":"PropertyValueSpecification","valueRequired":true,"valueName":"search_term_string"}}],"inLanguage":"ar"},{"@type":"Organization","@id":"https:\/\/vitablanca.ma\/#organization","name":"\u0641\u064a\u062a\u0627\u0628\u0644\u0627\u0646\u0643\u0627","url":"https:\/\/vitablanca.ma\/","logo":{"@type":"ImageObject","inLanguage":"ar","@id":"https:\/\/vitablanca.ma\/#\/schema\/logo\/image\/","url":"https:\/\/vitablanca.ma\/wp-content\/uploads\/2025\/05\/cropped-vitablanca.png","contentUrl":"https:\/\/vitablanca.ma\/wp-content\/uploads\/2025\/05\/cropped-vitablanca.png","width":360,"height":67,"caption":"VitaBlanca"},"image":{"@id":"https:\/\/vitablanca.ma\/#\/schema\/logo\/image\/"},"sameAs":["https:\/\/www.facebook.com\/profile.php?id=61576678196717","https:\/\/www.tiktok.com\/@vitablanca.ma","https:\/\/www.instagram.com\/vitablanca.ma\/"]}]}},"jetpack_sharing_enabled":true,"_links":{"self":[{"href":"https:\/\/vitablanca.ma\/ar\/wp-json\/wp\/v2\/product\/28884","targetHints":{"allow":["GET"]}}],"collection":[{"href":"https:\/\/vitablanca.ma\/ar\/wp-json\/wp\/v2\/product"}],"about":[{"href":"https:\/\/vitablanca.ma\/ar\/wp-json\/wp\/v2\/types\/product"}],"wp:featuredmedia":[{"embeddable":true,"href":"https:\/\/vitablanca.ma\/ar\/wp-json\/wp\/v2\/media\/28966"}],"wp:attachment":[{"href":"https:\/\/vitablanca.ma\/ar\/wp-json\/wp\/v2\/media?parent=28884"}],"wp:term":[{"taxonomy":"product_brand","embeddable":true,"href":"https:\/\/vitablanca.ma\/ar\/wp-json\/wp\/v2\/product_brand?post=28884"},{"taxonomy":"product_cat","embeddable":true,"href":"https:\/\/vitablanca.ma\/ar\/wp-json\/wp\/v2\/product_cat?post=28884"},{"taxonomy":"product_tag","embeddable":true,"href":"https:\/\/vitablanca.ma\/ar\/wp-json\/wp\/v2\/product_tag?post=28884"}],"curies":[{"name":"wp","href":"https:\/\/api.w.org\/{rel}","templated":true}]}}