{"id":28727,"date":"2026-02-04T23:09:49","date_gmt":"2026-02-04T23:09:49","guid":{"rendered":"https:\/\/vitablanca.ma\/?post_type=product&#038;p=28727"},"modified":"2026-02-21T16:17:02","modified_gmt":"2026-02-21T16:17:02","slug":"huile-de-poisson-riche-en-omega-3-1000-mg-30-capsules-a-enveloppe-molle-1000-mg-piece","status":"publish","type":"product","link":"https:\/\/vitablanca.ma\/ar\/product-2\/huile-de-poisson-riche-en-omega-3-1000-mg-30-capsules-a-enveloppe-molle-1000-mg-piece\/","title":{"rendered":"Now Foods Huile de poisson riche en omega 3 1000\u00a0mg 30\u00a0capsules \u00e0 enveloppe molle"},"content":{"rendered":"<p>Favorise la sant\u00e9 cardiovasculaire<br \/>\n1000\u00a0mg d&rsquo;huile de poisson par capsule \u00e0 enveloppe molle<br \/>\n180\u00a0mg d&rsquo;acide eicosapenta\u00e9no\u00efque\/120\u00a0mg d&rsquo;acide docosahexa\u00e9no\u00efque par capsule \u00e0 enveloppe molle<br \/>\nFier membre de GOED Omega-3<br \/>\nSans OGM<br \/>\nCompl\u00e9ment alimentaire<br \/>\nCasher &#8211; contient de la g\u00e9latine<br \/>\nOm\u00e9ga-3\/Huiles de poisson<br \/>\nEntreprise familiale depuis 1968<br \/>\nQualit\u00e9 BPF garantie<\/p>\n<p>Des \u00e9tudes indiquent, bien que de mani\u00e8re non probante, que la consommation d&rsquo;acides gras om\u00e9ga-3 EPA (acide eicosapenta\u00e9no\u00efque) et DHA (acide docosahexa\u00e9no\u00efque) peut r\u00e9duire le risque de maladie cardiovasculaire.<br \/>\nCe concentr\u00e9 d&rsquo;huile de poisson est fabriqu\u00e9 selon des normes strictes de contr\u00f4le qualit\u00e9. L&rsquo;huile a \u00e9t\u00e9 test\u00e9e afin de garantir qu&rsquo;elle ne contient aucune dose potentiellement dangereuse de polluants, tels que des BPC, des dioxines, du mercure et d&rsquo;autres m\u00e9taux lourds.<br \/>\nUsage sugg\u00e9r\u00e9<br \/>\nPrendre 2 g\u00e9lules deux fois par jour pendant les repas.<br \/>\nAutres ingr\u00e9dients<br \/>\nCapsule \u00e0 enveloppe molle [g\u00e9latine bovine (exempte d&rsquo;ESB), glyc\u00e9rol, eau] et d-alpha tocoph\u00e9rol.<br \/>\nContient du poisson (anchois,, sardine,, thon).<br \/>\nD-alpha tocoph\u00e9rol issu de soja sans OGM.<br \/>\nProduit \u00e9labor\u00e9 sans levure, bl\u00e9, gluten, lait, \u0153ufs ou fruits de mer. Produit dans un \u00e9tablissement respectant les bonnes pratiques de fabrication qui traite d&rsquo;autres ingr\u00e9dients contenant ces allerg\u00e8nes.<br \/>\nAvertissements<br \/>\nMise en garde : pour adultes uniquement. Veuillez consulter un m\u00e9decin si vous \u00eates enceinte, si vous allaitez, si vous suivez un traitement m\u00e9dical ou si vous souffrez d&rsquo;un probl\u00e8me de sant\u00e9. Tenir hors de la port\u00e9e des enfants.<br \/>\n&nbsp;<\/p>\n","protected":false},"excerpt":{"rendered":"<p>Favorise la sant\u00e9 cardiovasculaire 1000\u00a0mg d&rsquo;huile de poisson par capsule \u00e0 enveloppe molle 180\u00a0mg d&rsquo;acide eicosapenta\u00e9no\u00efque\/120\u00a0mg d&rsquo;acide docosahexa\u00e9no\u00efque par capsule \u00e0 enveloppe molle Fier membre de GOED Omega-3 Sans OGM Compl\u00e9ment alimentaire Casher &#8211; contient de la g\u00e9latine Om\u00e9ga-3\/Huiles de poisson Entreprise familiale depuis 1968 Qualit\u00e9 BPF garantie Des \u00e9tudes indiquent, bien que de mani\u00e8re [&hellip;]<\/p>\n","protected":false},"featured_media":28793,"template":"","meta":{"om_disable_all_campaigns":false},"product_brand":[83],"product_cat":[18,3366,7964],"product_tag":[],"class_list":{"0":"post-28727","1":"product","2":"type-product","3":"status-publish","4":"has-post-thumbnail","6":"product_brand-now-foods-maroc-prix","7":"product_cat-beaute-sante","8":"product_cat-complements-alimentaires-au-maroc-vitablanca","9":"product_cat-huile-de-poisson-omegas","11":"first","12":"instock","13":"sale","14":"taxable","15":"shipping-taxable","16":"purchasable","17":"product-type-simple"},"yoast_head":"<!-- This site is optimized with the Yoast SEO plugin v27.3 - https:\/\/yoast.com\/product\/yoast-seo-wordpress\/ -->\n<title>Now Foods Huile de poisson riche en omega 3 1000\u00a0mg 30\u00a0capsules \u00e0 enveloppe molle - Maroc Prix<\/title>\n<meta name=\"description\" content=\"Now Foods Huile de poisson riche en omega 3 1000\u00a0mg 30\u00a0capsules \u00e0 enveloppe molle\" \/>\n<meta name=\"robots\" content=\"index, follow, max-snippet:-1, max-image-preview:large, max-video-preview:-1\" \/>\n<link rel=\"canonical\" href=\"https:\/\/vitablanca.ma\/ar\/product-2\/huile-de-poisson-riche-en-omega-3-1000-mg-30-capsules-a-enveloppe-molle-1000-mg-piece\/\" \/>\n<meta property=\"og:locale\" content=\"ar_AR\" \/>\n<meta property=\"og:type\" content=\"article\" \/>\n<meta property=\"og:title\" content=\"Now Foods Huile de poisson riche en omega 3 1000\u00a0mg 30\u00a0capsules \u00e0 enveloppe molle - Maroc Prix\" \/>\n<meta property=\"og:description\" content=\"Now Foods Huile de poisson riche en omega 3 1000\u00a0mg 30\u00a0capsules \u00e0 enveloppe molle\" \/>\n<meta property=\"og:url\" content=\"https:\/\/vitablanca.ma\/ar\/product-2\/huile-de-poisson-riche-en-omega-3-1000-mg-30-capsules-a-enveloppe-molle-1000-mg-piece\/\" \/>\n<meta property=\"og:site_name\" content=\"Vitablanca.ma &ndash; Sant&eacute;, vitalit&eacute; et bien-&ecirc;tre pour tous les Marocains\" \/>\n<meta property=\"article:publisher\" content=\"https:\/\/www.facebook.com\/profile.php?id=61576678196717\" \/>\n<meta property=\"article:modified_time\" content=\"2026-02-21T16:17:02+00:00\" \/>\n<meta property=\"og:image\" content=\"https:\/\/vitablanca.ma\/wp-content\/uploads\/2026\/02\/52-4.jpg\" \/>\n\t<meta property=\"og:image:width\" content=\"1600\" \/>\n\t<meta property=\"og:image:height\" content=\"1600\" \/>\n\t<meta property=\"og:image:type\" content=\"image\/jpeg\" \/>\n<meta name=\"twitter:card\" content=\"summary_large_image\" \/>\n<meta name=\"twitter:label1\" content=\"\u0648\u0642\u062a \u0627\u0644\u0642\u0631\u0627\u0621\u0629 \u0627\u0644\u0645\u064f\u0642\u062f\u0651\u0631\" \/>\n\t<meta name=\"twitter:data1\" content=\"\u062f\u0642\u064a\u0642\u0629 \u0648\u0627\u062d\u062f\u0629\" \/>\n<script type=\"application\/ld+json\" class=\"yoast-schema-graph\">{\"@context\":\"https:\\\/\\\/schema.org\",\"@graph\":[{\"@type\":[\"WebPage\",\"ItemPage\"],\"@id\":\"https:\\\/\\\/vitablanca.ma\\\/produit\\\/huile-de-poisson-riche-en-omega-3-1000-mg-30-capsules-a-enveloppe-molle-1000-mg-piece\\\/\",\"url\":\"https:\\\/\\\/vitablanca.ma\\\/produit\\\/huile-de-poisson-riche-en-omega-3-1000-mg-30-capsules-a-enveloppe-molle-1000-mg-piece\\\/\",\"name\":\"Now Foods Huile de poisson riche en omega 3 1000\u00a0mg 30\u00a0capsules \u00e0 enveloppe molle - Maroc Prix\",\"isPartOf\":{\"@id\":\"https:\\\/\\\/vitablanca.ma\\\/#website\"},\"primaryImageOfPage\":{\"@id\":\"https:\\\/\\\/vitablanca.ma\\\/produit\\\/huile-de-poisson-riche-en-omega-3-1000-mg-30-capsules-a-enveloppe-molle-1000-mg-piece\\\/#primaryimage\"},\"image\":{\"@id\":\"https:\\\/\\\/vitablanca.ma\\\/produit\\\/huile-de-poisson-riche-en-omega-3-1000-mg-30-capsules-a-enveloppe-molle-1000-mg-piece\\\/#primaryimage\"},\"thumbnailUrl\":\"https:\\\/\\\/vitablanca.ma\\\/wp-content\\\/uploads\\\/2026\\\/02\\\/52-4.jpg\",\"datePublished\":\"2026-02-04T23:09:49+00:00\",\"dateModified\":\"2026-02-21T16:17:02+00:00\",\"description\":\"Now Foods Huile de poisson riche en omega 3 1000\u00a0mg 30\u00a0capsules \u00e0 enveloppe molle\",\"breadcrumb\":{\"@id\":\"https:\\\/\\\/vitablanca.ma\\\/produit\\\/huile-de-poisson-riche-en-omega-3-1000-mg-30-capsules-a-enveloppe-molle-1000-mg-piece\\\/#breadcrumb\"},\"inLanguage\":\"ar\",\"potentialAction\":[{\"@type\":\"ReadAction\",\"target\":[\"https:\\\/\\\/vitablanca.ma\\\/produit\\\/huile-de-poisson-riche-en-omega-3-1000-mg-30-capsules-a-enveloppe-molle-1000-mg-piece\\\/\"]}]},{\"@type\":\"ImageObject\",\"inLanguage\":\"ar\",\"@id\":\"https:\\\/\\\/vitablanca.ma\\\/produit\\\/huile-de-poisson-riche-en-omega-3-1000-mg-30-capsules-a-enveloppe-molle-1000-mg-piece\\\/#primaryimage\",\"url\":\"https:\\\/\\\/vitablanca.ma\\\/wp-content\\\/uploads\\\/2026\\\/02\\\/52-4.jpg\",\"contentUrl\":\"https:\\\/\\\/vitablanca.ma\\\/wp-content\\\/uploads\\\/2026\\\/02\\\/52-4.jpg\",\"width\":1600,\"height\":1600},{\"@type\":\"BreadcrumbList\",\"@id\":\"https:\\\/\\\/vitablanca.ma\\\/produit\\\/huile-de-poisson-riche-en-omega-3-1000-mg-30-capsules-a-enveloppe-molle-1000-mg-piece\\\/#breadcrumb\",\"itemListElement\":[{\"@type\":\"ListItem\",\"position\":1,\"name\":\"Home\",\"item\":\"https:\\\/\\\/vitablanca.ma\\\/\"},{\"@type\":\"ListItem\",\"position\":2,\"name\":\"Tous Les Produits\",\"item\":\"https:\\\/\\\/vitablanca.ma\\\/tous-les-produits\\\/\"},{\"@type\":\"ListItem\",\"position\":3,\"name\":\"Now Foods Huile de poisson riche en omega 3 1000\u00a0mg 30\u00a0capsules \u00e0 enveloppe molle\"}]},{\"@type\":\"WebSite\",\"@id\":\"https:\\\/\\\/vitablanca.ma\\\/#website\",\"url\":\"https:\\\/\\\/vitablanca.ma\\\/\",\"name\":\"VitaBlanca.ma | Compl\u00e9ments alimentaires, sant\u00e9 & beaut\u00e9 au Maroc\",\"description\":\"vendre vitamines et compl\u00e9ments premium des USA &amp; Canada, Nouvelle Z\u00e9lande,Maroc (NOW Foods, Solgar, Manuka). Livraison rapide partout au Maroc.\",\"publisher\":{\"@id\":\"https:\\\/\\\/vitablanca.ma\\\/#organization\"},\"alternateName\":\"VitaBlanca.ma\",\"potentialAction\":[{\"@type\":\"SearchAction\",\"target\":{\"@type\":\"EntryPoint\",\"urlTemplate\":\"https:\\\/\\\/vitablanca.ma\\\/?s={search_term_string}\"},\"query-input\":{\"@type\":\"PropertyValueSpecification\",\"valueRequired\":true,\"valueName\":\"search_term_string\"}}],\"inLanguage\":\"ar\"},{\"@type\":\"Organization\",\"@id\":\"https:\\\/\\\/vitablanca.ma\\\/#organization\",\"name\":\"VitaBlanca\",\"url\":\"https:\\\/\\\/vitablanca.ma\\\/\",\"logo\":{\"@type\":\"ImageObject\",\"inLanguage\":\"ar\",\"@id\":\"https:\\\/\\\/vitablanca.ma\\\/#\\\/schema\\\/logo\\\/image\\\/\",\"url\":\"https:\\\/\\\/vitablanca.ma\\\/wp-content\\\/uploads\\\/2025\\\/05\\\/cropped-vitablanca.png\",\"contentUrl\":\"https:\\\/\\\/vitablanca.ma\\\/wp-content\\\/uploads\\\/2025\\\/05\\\/cropped-vitablanca.png\",\"width\":360,\"height\":67,\"caption\":\"VitaBlanca\"},\"image\":{\"@id\":\"https:\\\/\\\/vitablanca.ma\\\/#\\\/schema\\\/logo\\\/image\\\/\"},\"sameAs\":[\"https:\\\/\\\/www.facebook.com\\\/profile.php?id=61576678196717\",\"https:\\\/\\\/www.tiktok.com\\\/@vitablanca.ma\",\"https:\\\/\\\/www.instagram.com\\\/vitablanca.ma\\\/\"]}]}<\/script>\n<!-- \/ Yoast SEO plugin. -->","yoast_head_json":{"title":"Now Foods Huile de poisson riche en omega 3 1000\u00a0mg 30\u00a0capsules \u00e0 enveloppe molle - Maroc Prix","description":"Now Foods Huile de poisson riche en omega 3 1000\u00a0mg 30\u00a0capsules \u00e0 enveloppe molle","robots":{"index":"index","follow":"follow","max-snippet":"max-snippet:-1","max-image-preview":"max-image-preview:large","max-video-preview":"max-video-preview:-1"},"canonical":"https:\/\/vitablanca.ma\/ar\/product-2\/huile-de-poisson-riche-en-omega-3-1000-mg-30-capsules-a-enveloppe-molle-1000-mg-piece\/","og_locale":"ar_AR","og_type":"article","og_title":"Now Foods Huile de poisson riche en omega 3 1000\u00a0mg 30\u00a0capsules \u00e0 enveloppe molle - Maroc Prix","og_description":"Now Foods Huile de poisson riche en omega 3 1000\u00a0mg 30\u00a0capsules \u00e0 enveloppe molle","og_url":"https:\/\/vitablanca.ma\/ar\/product-2\/huile-de-poisson-riche-en-omega-3-1000-mg-30-capsules-a-enveloppe-molle-1000-mg-piece\/","og_site_name":"Vitablanca.ma &ndash; Sant&eacute;, vitalit&eacute; et bien-&ecirc;tre pour tous les Marocains","article_publisher":"https:\/\/www.facebook.com\/profile.php?id=61576678196717","article_modified_time":"2026-02-21T16:17:02+00:00","og_image":[{"width":1600,"height":1600,"url":"https:\/\/vitablanca.ma\/wp-content\/uploads\/2026\/02\/52-4.jpg","type":"image\/jpeg"}],"twitter_card":"summary_large_image","twitter_misc":{"\u0648\u0642\u062a \u0627\u0644\u0642\u0631\u0627\u0621\u0629 \u0627\u0644\u0645\u064f\u0642\u062f\u0651\u0631":"\u062f\u0642\u064a\u0642\u0629 \u0648\u0627\u062d\u062f\u0629"},"schema":{"@context":"https:\/\/schema.org","@graph":[{"@type":["WebPage","ItemPage"],"@id":"https:\/\/vitablanca.ma\/produit\/huile-de-poisson-riche-en-omega-3-1000-mg-30-capsules-a-enveloppe-molle-1000-mg-piece\/","url":"https:\/\/vitablanca.ma\/produit\/huile-de-poisson-riche-en-omega-3-1000-mg-30-capsules-a-enveloppe-molle-1000-mg-piece\/","name":"Now Foods Huile de poisson riche en omega 3 1000\u00a0mg 30\u00a0capsules \u00e0 enveloppe molle - Maroc Prix","isPartOf":{"@id":"https:\/\/vitablanca.ma\/#website"},"primaryImageOfPage":{"@id":"https:\/\/vitablanca.ma\/produit\/huile-de-poisson-riche-en-omega-3-1000-mg-30-capsules-a-enveloppe-molle-1000-mg-piece\/#primaryimage"},"image":{"@id":"https:\/\/vitablanca.ma\/produit\/huile-de-poisson-riche-en-omega-3-1000-mg-30-capsules-a-enveloppe-molle-1000-mg-piece\/#primaryimage"},"thumbnailUrl":"https:\/\/vitablanca.ma\/wp-content\/uploads\/2026\/02\/52-4.jpg","datePublished":"2026-02-04T23:09:49+00:00","dateModified":"2026-02-21T16:17:02+00:00","description":"Now Foods Huile de poisson riche en omega 3 1000\u00a0mg 30\u00a0capsules \u00e0 enveloppe molle","breadcrumb":{"@id":"https:\/\/vitablanca.ma\/produit\/huile-de-poisson-riche-en-omega-3-1000-mg-30-capsules-a-enveloppe-molle-1000-mg-piece\/#breadcrumb"},"inLanguage":"ar","potentialAction":[{"@type":"ReadAction","target":["https:\/\/vitablanca.ma\/produit\/huile-de-poisson-riche-en-omega-3-1000-mg-30-capsules-a-enveloppe-molle-1000-mg-piece\/"]}]},{"@type":"ImageObject","inLanguage":"ar","@id":"https:\/\/vitablanca.ma\/produit\/huile-de-poisson-riche-en-omega-3-1000-mg-30-capsules-a-enveloppe-molle-1000-mg-piece\/#primaryimage","url":"https:\/\/vitablanca.ma\/wp-content\/uploads\/2026\/02\/52-4.jpg","contentUrl":"https:\/\/vitablanca.ma\/wp-content\/uploads\/2026\/02\/52-4.jpg","width":1600,"height":1600},{"@type":"BreadcrumbList","@id":"https:\/\/vitablanca.ma\/produit\/huile-de-poisson-riche-en-omega-3-1000-mg-30-capsules-a-enveloppe-molle-1000-mg-piece\/#breadcrumb","itemListElement":[{"@type":"ListItem","position":1,"name":"Home","item":"https:\/\/vitablanca.ma\/"},{"@type":"ListItem","position":2,"name":"Tous Les Produits","item":"https:\/\/vitablanca.ma\/tous-les-produits\/"},{"@type":"ListItem","position":3,"name":"Now Foods Huile de poisson riche en omega 3 1000\u00a0mg 30\u00a0capsules \u00e0 enveloppe molle"}]},{"@type":"WebSite","@id":"https:\/\/vitablanca.ma\/#website","url":"https:\/\/vitablanca.ma\/","name":"VitaBlanca.ma | \u0627\u0644\u0645\u0643\u0645\u0644\u0627\u062a \u0627\u0644\u063a\u0630\u0627\u0626\u064a\u0629\u060c \u0627\u0644\u0635\u062d\u0629 \u0648\u0627\u0644\u062c\u0645\u0627\u0644 \u0641\u064a \u0627\u0644\u0645\u063a\u0631\u0628","description":"\u0646\u0628\u064a\u0639 \u0641\u064a\u062a\u0627\u0645\u064a\u0646\u0627\u062a \u0648\u0645\u0643\u0645\u0644\u0627\u062a \u063a\u0630\u0627\u0626\u064a\u0629 \u0641\u0627\u062e\u0631\u0629 \u0645\u0646 \u0627\u0644\u0648\u0644\u0627\u064a\u0627\u062a \u0627\u0644\u0645\u062a\u062d\u062f\u0629 \u0627\u0644\u0623\u0645\u0631\u064a\u0643\u064a\u0629 \u0648\u0643\u0646\u062f\u0627 \u0648\u0646\u064a\u0648\u0632\u064a\u0644\u0646\u062f\u0627 \u0648\u0627\u0644\u0645\u063a\u0631\u0628 (\u0646\u0627\u0648 \u0641\u0648\u062f\u0632\u060c \u0633\u0648\u0644\u062c\u0627\u0631\u060c \u0645\u0627\u0646\u0648\u0643\u0627). \u062a\u0648\u0635\u064a\u0644 \u0633\u0631\u064a\u0639 \u0625\u0644\u0649 \u062c\u0645\u064a\u0639 \u0623\u0646\u062d\u0627\u0621 \u0627\u0644\u0645\u063a\u0631\u0628.","publisher":{"@id":"https:\/\/vitablanca.ma\/#organization"},"alternateName":"VitaBlanca.ma","potentialAction":[{"@type":"SearchAction","target":{"@type":"EntryPoint","urlTemplate":"https:\/\/vitablanca.ma\/?s={search_term_string}"},"query-input":{"@type":"PropertyValueSpecification","valueRequired":true,"valueName":"search_term_string"}}],"inLanguage":"ar"},{"@type":"Organization","@id":"https:\/\/vitablanca.ma\/#organization","name":"\u0641\u064a\u062a\u0627\u0628\u0644\u0627\u0646\u0643\u0627","url":"https:\/\/vitablanca.ma\/","logo":{"@type":"ImageObject","inLanguage":"ar","@id":"https:\/\/vitablanca.ma\/#\/schema\/logo\/image\/","url":"https:\/\/vitablanca.ma\/wp-content\/uploads\/2025\/05\/cropped-vitablanca.png","contentUrl":"https:\/\/vitablanca.ma\/wp-content\/uploads\/2025\/05\/cropped-vitablanca.png","width":360,"height":67,"caption":"VitaBlanca"},"image":{"@id":"https:\/\/vitablanca.ma\/#\/schema\/logo\/image\/"},"sameAs":["https:\/\/www.facebook.com\/profile.php?id=61576678196717","https:\/\/www.tiktok.com\/@vitablanca.ma","https:\/\/www.instagram.com\/vitablanca.ma\/"]}]}},"jetpack_sharing_enabled":true,"_links":{"self":[{"href":"https:\/\/vitablanca.ma\/ar\/wp-json\/wp\/v2\/product\/28727","targetHints":{"allow":["GET"]}}],"collection":[{"href":"https:\/\/vitablanca.ma\/ar\/wp-json\/wp\/v2\/product"}],"about":[{"href":"https:\/\/vitablanca.ma\/ar\/wp-json\/wp\/v2\/types\/product"}],"wp:featuredmedia":[{"embeddable":true,"href":"https:\/\/vitablanca.ma\/ar\/wp-json\/wp\/v2\/media\/28793"}],"wp:attachment":[{"href":"https:\/\/vitablanca.ma\/ar\/wp-json\/wp\/v2\/media?parent=28727"}],"wp:term":[{"taxonomy":"product_brand","embeddable":true,"href":"https:\/\/vitablanca.ma\/ar\/wp-json\/wp\/v2\/product_brand?post=28727"},{"taxonomy":"product_cat","embeddable":true,"href":"https:\/\/vitablanca.ma\/ar\/wp-json\/wp\/v2\/product_cat?post=28727"},{"taxonomy":"product_tag","embeddable":true,"href":"https:\/\/vitablanca.ma\/ar\/wp-json\/wp\/v2\/product_tag?post=28727"}],"curies":[{"name":"wp","href":"https:\/\/api.w.org\/{rel}","templated":true}]}}