{"id":28666,"date":"2026-02-04T23:07:43","date_gmt":"2026-02-04T23:07:43","guid":{"rendered":"https:\/\/vitablanca.ma\/?post_type=product&#038;p=28666"},"modified":"2026-02-21T16:17:03","modified_gmt":"2026-02-21T16:17:03","slug":"mega-d-3-et-mk-7-180-%c2%b5g-5000-ui-60-capsules-vegetariennes","status":"publish","type":"product","link":"https:\/\/vitablanca.ma\/ar\/product-2\/mega-d-3-et-mk-7-180-%c2%b5g-5000-ui-60-capsules-vegetariennes\/","title":{"rendered":"Now Foods Mega D 3 et MK 7 180\u00a0Mg (5000\u00a0UI) 60\u00a0capsules v\u00e9g\u00e9tariennes"},"content":{"rendered":"<p>Soutien cardiovasculaire &amp; osseux<br \/>\nVitamines D-3 &amp; K-2<br \/>\nVitamine\u00a0K2 Mena\u00a0Q7 sous forme de MK-7<br \/>\n\u0645\u0643\u0645\u0644 \u063a\u0630\u0627\u0626\u064a<br \/>\n\u0643\u0648\u0634\u064a\u0631<br \/>\n\u0627\u0644\u0641\u064a\u062a\u0627\u0645\u064a\u0646\u0627\u062a<br \/>\n\u0634\u0631\u0643\u0629 \u0639\u0627\u0626\u0644\u064a\u0629 \u0645\u0646\u0630 \u0639\u0627\u0645 1968<br \/>\n\u062d\u0644\u0627\u0644<br \/>\n\u0636\u0645\u0627\u0646 \u062c\u0648\u062f\u0629 GMP<\/p>\n<p>M\u00e9ga J-3 deNOW\u00ae &amp; MK-7 associe les vitamines D-3 et K-2, deux nutriments largement \u00e9tudi\u00e9s pour leur r\u00f4le dans la sant\u00e9 des os, des dents et du syst\u00e8me cardiovasculaire. La vitamine D-3 fonctionne avec le calcium pour soutenir la sant\u00e9 des os, et des \u00e9tudes plus r\u00e9centes indiquent qu&rsquo;elle est \u00e9galement importante pour la sant\u00e9 du syst\u00e8me immunitaire. MK-7 de MenaQ7\u00ae est une forme unique, biodisponible et sans soja de vitamine K-2. Gr\u00e2ce \u00e0 sa capacit\u00e9 \u00e0 soutenir le bon m\u00e9tabolisme calcique dans les art\u00e8res et les vaisseaux sanguins, elle joue un r\u00f4le essentiel dans la sant\u00e9 des art\u00e8res. La vitamine K-2 est \u00e9galement importante pour la formation d&rsquo;os solides et en bonne sant\u00e9.<br \/>\n\u0627\u0644\u0627\u0633\u062a\u062e\u062f\u0627\u0645 \u0627\u0644\u0645\u0642\u062a\u0631\u062d<br \/>\nPrenez 1\u00a0capsule par jour au cours d&rsquo;un repas.<br \/>\n\u0627\u0644\u0645\u0643\u0648\u0646\u0627\u062a \u0627\u0644\u0623\u062e\u0631\u0649<br \/>\nCellulose microcristalline, hypromellose (capsule de cellulose) et dioxyde de silicium.<br \/>\n\u00c9labor\u00e9 sans bl\u00e9, gluten, de soja, de lait, \u0153ufs, poisson ou fruits de mer. Fabriqu\u00e9es dans une installation respectant les BPF et qui traite d&rsquo;autres ingr\u00e9dients contenant ces allerg\u00e8nes.<br \/>\n\u062a\u062d\u0630\u064a\u0631\u0627\u062a<br \/>\nR\u00e9serv\u00e9 aux adultes. Consulter un m\u00e9decin si vous \u00eates enceinte\/allaitante, si vous prenez des anticoagulants (tels que la warfarine, Coumadin\u00ae, l&rsquo;h\u00e9parine) ou tout autre m\u00e9dicament, ou si vous pr\u00e9sentez une affection m\u00e9dicale. Cesser l&rsquo;utilisation deux semaines avant toute intervention chirurgicale. Tenir hors de port\u00e9e des enfants.<br \/>\nConserver dans un endroit frais et sec apr\u00e8s ouverture.<\/p>","protected":false},"excerpt":{"rendered":"<p>Soutien cardiovasculaire &amp; osseux Vitamines D-3 &amp; K-2 Vitamine\u00a0K2 Mena\u00a0Q7 sous forme de MK-7 Compl\u00e9ment alimentaire Casher Vitamines Entreprise familiale depuis 1968 Halal Qualit\u00e9 BPF garantie M\u00e9ga J-3 deNOW\u00ae &amp; MK-7 associe les vitamines D-3 et K-2, deux nutriments largement \u00e9tudi\u00e9s pour leur r\u00f4le dans la sant\u00e9 des os, des dents et du syst\u00e8me cardiovasculaire. [&hellip;]<\/p>\n","protected":false},"featured_media":28735,"template":"","meta":{"om_disable_all_campaigns":false},"product_brand":[83],"product_cat":[18,3366,7962,7976,7963],"product_tag":[],"class_list":{"0":"post-28666","1":"product","2":"type-product","3":"status-publish","4":"has-post-thumbnail","6":"product_brand-now-foods-maroc-prix","7":"product_cat-beaute-sante","8":"product_cat-complements-alimentaires-au-maroc-vitablanca","9":"product_cat-vitamine-d-2","10":"product_cat-vitamine-k-2","11":"product_cat-vitamines-2","13":"first","14":"instock","15":"sale","16":"taxable","17":"shipping-taxable","18":"purchasable","19":"product-type-simple"},"yoast_head":"<!-- This site is optimized with the Yoast SEO plugin v27.3 - https:\/\/yoast.com\/product\/yoast-seo-wordpress\/ -->\n<title>Now Foods Mega D 3 et MK 7 180\u00a0Mg (5000\u00a0UI) 60\u00a0capsules v\u00e9g\u00e9tariennes - Maroc Prix<\/title>\n<meta name=\"description\" content=\"Now Foods Mega D 3 et MK 7 180\u00a0Mg (5000\u00a0UI) 60\u00a0capsules v\u00e9g\u00e9tariennes\" \/>\n<meta name=\"robots\" content=\"index, follow, max-snippet:-1, max-image-preview:large, max-video-preview:-1\" \/>\n<link rel=\"canonical\" href=\"https:\/\/vitablanca.ma\/ar\/product-2\/mega-d-3-et-mk-7-180-\u00b5g-5000-ui-60-capsules-vegetariennes\/\" \/>\n<meta property=\"og:locale\" content=\"ar_AR\" \/>\n<meta property=\"og:type\" content=\"article\" \/>\n<meta property=\"og:title\" content=\"Now Foods Mega D 3 et MK 7 180\u00a0Mg (5000\u00a0UI) 60\u00a0capsules v\u00e9g\u00e9tariennes - Maroc Prix\" \/>\n<meta property=\"og:description\" content=\"Now Foods Mega D 3 et MK 7 180\u00a0Mg (5000\u00a0UI) 60\u00a0capsules v\u00e9g\u00e9tariennes\" \/>\n<meta property=\"og:url\" content=\"https:\/\/vitablanca.ma\/ar\/product-2\/mega-d-3-et-mk-7-180-\u00b5g-5000-ui-60-capsules-vegetariennes\/\" \/>\n<meta property=\"og:site_name\" content=\"Vitablanca.ma &ndash; Sant&eacute;, vitalit&eacute; et bien-&ecirc;tre pour tous les Marocains\" \/>\n<meta property=\"article:publisher\" content=\"https:\/\/www.facebook.com\/profile.php?id=61576678196717\" \/>\n<meta property=\"article:modified_time\" content=\"2026-02-21T16:17:03+00:00\" \/>\n<meta property=\"og:image\" content=\"https:\/\/vitablanca.ma\/wp-content\/uploads\/2026\/02\/30-1.jpg\" \/>\n\t<meta property=\"og:image:width\" content=\"1600\" \/>\n\t<meta property=\"og:image:height\" content=\"1600\" \/>\n\t<meta property=\"og:image:type\" content=\"image\/jpeg\" \/>\n<meta name=\"twitter:card\" content=\"summary_large_image\" \/>\n<meta name=\"twitter:label1\" content=\"\u0648\u0642\u062a \u0627\u0644\u0642\u0631\u0627\u0621\u0629 \u0627\u0644\u0645\u064f\u0642\u062f\u0651\u0631\" \/>\n\t<meta name=\"twitter:data1\" content=\"\u062f\u0642\u064a\u0642\u0629 \u0648\u0627\u062d\u062f\u0629\" \/>\n<script type=\"application\/ld+json\" class=\"yoast-schema-graph\">{\"@context\":\"https:\\\/\\\/schema.org\",\"@graph\":[{\"@type\":[\"WebPage\",\"ItemPage\"],\"@id\":\"https:\\\/\\\/vitablanca.ma\\\/produit\\\/mega-d-3-et-mk-7-180-%c2%b5g-5000-ui-60-capsules-vegetariennes\\\/\",\"url\":\"https:\\\/\\\/vitablanca.ma\\\/produit\\\/mega-d-3-et-mk-7-180-%c2%b5g-5000-ui-60-capsules-vegetariennes\\\/\",\"name\":\"Now Foods Mega D 3 et MK 7 180\u00a0Mg (5000\u00a0UI) 60\u00a0capsules v\u00e9g\u00e9tariennes - Maroc Prix\",\"isPartOf\":{\"@id\":\"https:\\\/\\\/vitablanca.ma\\\/#website\"},\"primaryImageOfPage\":{\"@id\":\"https:\\\/\\\/vitablanca.ma\\\/produit\\\/mega-d-3-et-mk-7-180-%c2%b5g-5000-ui-60-capsules-vegetariennes\\\/#primaryimage\"},\"image\":{\"@id\":\"https:\\\/\\\/vitablanca.ma\\\/produit\\\/mega-d-3-et-mk-7-180-%c2%b5g-5000-ui-60-capsules-vegetariennes\\\/#primaryimage\"},\"thumbnailUrl\":\"https:\\\/\\\/vitablanca.ma\\\/wp-content\\\/uploads\\\/2026\\\/02\\\/30-1.jpg\",\"datePublished\":\"2026-02-04T23:07:43+00:00\",\"dateModified\":\"2026-02-21T16:17:03+00:00\",\"description\":\"Now Foods Mega D 3 et MK 7 180\u00a0Mg (5000\u00a0UI) 60\u00a0capsules v\u00e9g\u00e9tariennes\",\"breadcrumb\":{\"@id\":\"https:\\\/\\\/vitablanca.ma\\\/produit\\\/mega-d-3-et-mk-7-180-%c2%b5g-5000-ui-60-capsules-vegetariennes\\\/#breadcrumb\"},\"inLanguage\":\"ar\",\"potentialAction\":[{\"@type\":\"ReadAction\",\"target\":[\"https:\\\/\\\/vitablanca.ma\\\/produit\\\/mega-d-3-et-mk-7-180-%c2%b5g-5000-ui-60-capsules-vegetariennes\\\/\"]}]},{\"@type\":\"ImageObject\",\"inLanguage\":\"ar\",\"@id\":\"https:\\\/\\\/vitablanca.ma\\\/produit\\\/mega-d-3-et-mk-7-180-%c2%b5g-5000-ui-60-capsules-vegetariennes\\\/#primaryimage\",\"url\":\"https:\\\/\\\/vitablanca.ma\\\/wp-content\\\/uploads\\\/2026\\\/02\\\/30-1.jpg\",\"contentUrl\":\"https:\\\/\\\/vitablanca.ma\\\/wp-content\\\/uploads\\\/2026\\\/02\\\/30-1.jpg\",\"width\":1600,\"height\":1600},{\"@type\":\"BreadcrumbList\",\"@id\":\"https:\\\/\\\/vitablanca.ma\\\/produit\\\/mega-d-3-et-mk-7-180-%c2%b5g-5000-ui-60-capsules-vegetariennes\\\/#breadcrumb\",\"itemListElement\":[{\"@type\":\"ListItem\",\"position\":1,\"name\":\"Home\",\"item\":\"https:\\\/\\\/vitablanca.ma\\\/\"},{\"@type\":\"ListItem\",\"position\":2,\"name\":\"Tous Les Produits\",\"item\":\"https:\\\/\\\/vitablanca.ma\\\/tous-les-produits\\\/\"},{\"@type\":\"ListItem\",\"position\":3,\"name\":\"Now Foods Mega D 3 et MK 7 180\u00a0Mg (5000\u00a0UI) 60\u00a0capsules v\u00e9g\u00e9tariennes\"}]},{\"@type\":\"WebSite\",\"@id\":\"https:\\\/\\\/vitablanca.ma\\\/#website\",\"url\":\"https:\\\/\\\/vitablanca.ma\\\/\",\"name\":\"VitaBlanca.ma | Compl\u00e9ments alimentaires, sant\u00e9 & beaut\u00e9 au Maroc\",\"description\":\"vendre vitamines et compl\u00e9ments premium des USA &amp; Canada, Nouvelle Z\u00e9lande,Maroc (NOW Foods, Solgar, Manuka). Livraison rapide partout au Maroc.\",\"publisher\":{\"@id\":\"https:\\\/\\\/vitablanca.ma\\\/#organization\"},\"alternateName\":\"VitaBlanca.ma\",\"potentialAction\":[{\"@type\":\"SearchAction\",\"target\":{\"@type\":\"EntryPoint\",\"urlTemplate\":\"https:\\\/\\\/vitablanca.ma\\\/?s={search_term_string}\"},\"query-input\":{\"@type\":\"PropertyValueSpecification\",\"valueRequired\":true,\"valueName\":\"search_term_string\"}}],\"inLanguage\":\"ar\"},{\"@type\":\"Organization\",\"@id\":\"https:\\\/\\\/vitablanca.ma\\\/#organization\",\"name\":\"VitaBlanca\",\"url\":\"https:\\\/\\\/vitablanca.ma\\\/\",\"logo\":{\"@type\":\"ImageObject\",\"inLanguage\":\"ar\",\"@id\":\"https:\\\/\\\/vitablanca.ma\\\/#\\\/schema\\\/logo\\\/image\\\/\",\"url\":\"https:\\\/\\\/vitablanca.ma\\\/wp-content\\\/uploads\\\/2025\\\/05\\\/cropped-vitablanca.png\",\"contentUrl\":\"https:\\\/\\\/vitablanca.ma\\\/wp-content\\\/uploads\\\/2025\\\/05\\\/cropped-vitablanca.png\",\"width\":360,\"height\":67,\"caption\":\"VitaBlanca\"},\"image\":{\"@id\":\"https:\\\/\\\/vitablanca.ma\\\/#\\\/schema\\\/logo\\\/image\\\/\"},\"sameAs\":[\"https:\\\/\\\/www.facebook.com\\\/profile.php?id=61576678196717\",\"https:\\\/\\\/www.tiktok.com\\\/@vitablanca.ma\",\"https:\\\/\\\/www.instagram.com\\\/vitablanca.ma\\\/\"]}]}<\/script>\n<!-- \/ Yoast SEO plugin. -->","yoast_head_json":{"title":"Now Foods Mega D 3 et MK 7 180\u00a0Mg (5000\u00a0UI) 60\u00a0capsules v\u00e9g\u00e9tariennes - Maroc Prix","description":"Now Foods Mega D 3 et MK 7 180\u00a0Mg (5000\u00a0UI) 60\u00a0capsules v\u00e9g\u00e9tariennes","robots":{"index":"index","follow":"follow","max-snippet":"max-snippet:-1","max-image-preview":"max-image-preview:large","max-video-preview":"max-video-preview:-1"},"canonical":"https:\/\/vitablanca.ma\/ar\/product-2\/mega-d-3-et-mk-7-180-\u00b5g-5000-ui-60-capsules-vegetariennes\/","og_locale":"ar_AR","og_type":"article","og_title":"Now Foods Mega D 3 et MK 7 180\u00a0Mg (5000\u00a0UI) 60\u00a0capsules v\u00e9g\u00e9tariennes - Maroc Prix","og_description":"Now Foods Mega D 3 et MK 7 180\u00a0Mg (5000\u00a0UI) 60\u00a0capsules v\u00e9g\u00e9tariennes","og_url":"https:\/\/vitablanca.ma\/ar\/product-2\/mega-d-3-et-mk-7-180-\u00b5g-5000-ui-60-capsules-vegetariennes\/","og_site_name":"Vitablanca.ma &ndash; Sant&eacute;, vitalit&eacute; et bien-&ecirc;tre pour tous les Marocains","article_publisher":"https:\/\/www.facebook.com\/profile.php?id=61576678196717","article_modified_time":"2026-02-21T16:17:03+00:00","og_image":[{"width":1600,"height":1600,"url":"https:\/\/vitablanca.ma\/wp-content\/uploads\/2026\/02\/30-1.jpg","type":"image\/jpeg"}],"twitter_card":"summary_large_image","twitter_misc":{"\u0648\u0642\u062a \u0627\u0644\u0642\u0631\u0627\u0621\u0629 \u0627\u0644\u0645\u064f\u0642\u062f\u0651\u0631":"\u062f\u0642\u064a\u0642\u0629 \u0648\u0627\u062d\u062f\u0629"},"schema":{"@context":"https:\/\/schema.org","@graph":[{"@type":["WebPage","ItemPage"],"@id":"https:\/\/vitablanca.ma\/produit\/mega-d-3-et-mk-7-180-%c2%b5g-5000-ui-60-capsules-vegetariennes\/","url":"https:\/\/vitablanca.ma\/produit\/mega-d-3-et-mk-7-180-%c2%b5g-5000-ui-60-capsules-vegetariennes\/","name":"Now Foods Mega D 3 et MK 7 180\u00a0Mg (5000\u00a0UI) 60\u00a0capsules v\u00e9g\u00e9tariennes - Maroc Prix","isPartOf":{"@id":"https:\/\/vitablanca.ma\/#website"},"primaryImageOfPage":{"@id":"https:\/\/vitablanca.ma\/produit\/mega-d-3-et-mk-7-180-%c2%b5g-5000-ui-60-capsules-vegetariennes\/#primaryimage"},"image":{"@id":"https:\/\/vitablanca.ma\/produit\/mega-d-3-et-mk-7-180-%c2%b5g-5000-ui-60-capsules-vegetariennes\/#primaryimage"},"thumbnailUrl":"https:\/\/vitablanca.ma\/wp-content\/uploads\/2026\/02\/30-1.jpg","datePublished":"2026-02-04T23:07:43+00:00","dateModified":"2026-02-21T16:17:03+00:00","description":"Now Foods Mega D 3 et MK 7 180\u00a0Mg (5000\u00a0UI) 60\u00a0capsules v\u00e9g\u00e9tariennes","breadcrumb":{"@id":"https:\/\/vitablanca.ma\/produit\/mega-d-3-et-mk-7-180-%c2%b5g-5000-ui-60-capsules-vegetariennes\/#breadcrumb"},"inLanguage":"ar","potentialAction":[{"@type":"ReadAction","target":["https:\/\/vitablanca.ma\/produit\/mega-d-3-et-mk-7-180-%c2%b5g-5000-ui-60-capsules-vegetariennes\/"]}]},{"@type":"ImageObject","inLanguage":"ar","@id":"https:\/\/vitablanca.ma\/produit\/mega-d-3-et-mk-7-180-%c2%b5g-5000-ui-60-capsules-vegetariennes\/#primaryimage","url":"https:\/\/vitablanca.ma\/wp-content\/uploads\/2026\/02\/30-1.jpg","contentUrl":"https:\/\/vitablanca.ma\/wp-content\/uploads\/2026\/02\/30-1.jpg","width":1600,"height":1600},{"@type":"BreadcrumbList","@id":"https:\/\/vitablanca.ma\/produit\/mega-d-3-et-mk-7-180-%c2%b5g-5000-ui-60-capsules-vegetariennes\/#breadcrumb","itemListElement":[{"@type":"ListItem","position":1,"name":"Home","item":"https:\/\/vitablanca.ma\/"},{"@type":"ListItem","position":2,"name":"Tous Les Produits","item":"https:\/\/vitablanca.ma\/tous-les-produits\/"},{"@type":"ListItem","position":3,"name":"Now Foods Mega D 3 et MK 7 180\u00a0Mg (5000\u00a0UI) 60\u00a0capsules v\u00e9g\u00e9tariennes"}]},{"@type":"WebSite","@id":"https:\/\/vitablanca.ma\/#website","url":"https:\/\/vitablanca.ma\/","name":"VitaBlanca.ma | \u0627\u0644\u0645\u0643\u0645\u0644\u0627\u062a \u0627\u0644\u063a\u0630\u0627\u0626\u064a\u0629\u060c \u0627\u0644\u0635\u062d\u0629 \u0648\u0627\u0644\u062c\u0645\u0627\u0644 \u0641\u064a \u0627\u0644\u0645\u063a\u0631\u0628","description":"\u0646\u0628\u064a\u0639 \u0641\u064a\u062a\u0627\u0645\u064a\u0646\u0627\u062a \u0648\u0645\u0643\u0645\u0644\u0627\u062a \u063a\u0630\u0627\u0626\u064a\u0629 \u0641\u0627\u062e\u0631\u0629 \u0645\u0646 \u0627\u0644\u0648\u0644\u0627\u064a\u0627\u062a \u0627\u0644\u0645\u062a\u062d\u062f\u0629 \u0627\u0644\u0623\u0645\u0631\u064a\u0643\u064a\u0629 \u0648\u0643\u0646\u062f\u0627 \u0648\u0646\u064a\u0648\u0632\u064a\u0644\u0646\u062f\u0627 \u0648\u0627\u0644\u0645\u063a\u0631\u0628 (\u0646\u0627\u0648 \u0641\u0648\u062f\u0632\u060c \u0633\u0648\u0644\u062c\u0627\u0631\u060c \u0645\u0627\u0646\u0648\u0643\u0627). \u062a\u0648\u0635\u064a\u0644 \u0633\u0631\u064a\u0639 \u0625\u0644\u0649 \u062c\u0645\u064a\u0639 \u0623\u0646\u062d\u0627\u0621 \u0627\u0644\u0645\u063a\u0631\u0628.","publisher":{"@id":"https:\/\/vitablanca.ma\/#organization"},"alternateName":"VitaBlanca.ma","potentialAction":[{"@type":"SearchAction","target":{"@type":"EntryPoint","urlTemplate":"https:\/\/vitablanca.ma\/?s={search_term_string}"},"query-input":{"@type":"PropertyValueSpecification","valueRequired":true,"valueName":"search_term_string"}}],"inLanguage":"ar"},{"@type":"Organization","@id":"https:\/\/vitablanca.ma\/#organization","name":"\u0641\u064a\u062a\u0627\u0628\u0644\u0627\u0646\u0643\u0627","url":"https:\/\/vitablanca.ma\/","logo":{"@type":"ImageObject","inLanguage":"ar","@id":"https:\/\/vitablanca.ma\/#\/schema\/logo\/image\/","url":"https:\/\/vitablanca.ma\/wp-content\/uploads\/2025\/05\/cropped-vitablanca.png","contentUrl":"https:\/\/vitablanca.ma\/wp-content\/uploads\/2025\/05\/cropped-vitablanca.png","width":360,"height":67,"caption":"VitaBlanca"},"image":{"@id":"https:\/\/vitablanca.ma\/#\/schema\/logo\/image\/"},"sameAs":["https:\/\/www.facebook.com\/profile.php?id=61576678196717","https:\/\/www.tiktok.com\/@vitablanca.ma","https:\/\/www.instagram.com\/vitablanca.ma\/"]}]}},"jetpack_sharing_enabled":true,"_links":{"self":[{"href":"https:\/\/vitablanca.ma\/ar\/wp-json\/wp\/v2\/product\/28666","targetHints":{"allow":["GET"]}}],"collection":[{"href":"https:\/\/vitablanca.ma\/ar\/wp-json\/wp\/v2\/product"}],"about":[{"href":"https:\/\/vitablanca.ma\/ar\/wp-json\/wp\/v2\/types\/product"}],"wp:featuredmedia":[{"embeddable":true,"href":"https:\/\/vitablanca.ma\/ar\/wp-json\/wp\/v2\/media\/28735"}],"wp:attachment":[{"href":"https:\/\/vitablanca.ma\/ar\/wp-json\/wp\/v2\/media?parent=28666"}],"wp:term":[{"taxonomy":"product_brand","embeddable":true,"href":"https:\/\/vitablanca.ma\/ar\/wp-json\/wp\/v2\/product_brand?post=28666"},{"taxonomy":"product_cat","embeddable":true,"href":"https:\/\/vitablanca.ma\/ar\/wp-json\/wp\/v2\/product_cat?post=28666"},{"taxonomy":"product_tag","embeddable":true,"href":"https:\/\/vitablanca.ma\/ar\/wp-json\/wp\/v2\/product_tag?post=28666"}],"curies":[{"name":"wp","href":"https:\/\/api.w.org\/{rel}","templated":true}]}}