{"id":28634,"date":"2026-02-04T21:40:44","date_gmt":"2026-02-04T21:40:44","guid":{"rendered":"https:\/\/vitablanca.ma\/?post_type=product&#038;p=28634"},"modified":"2026-02-22T02:14:26","modified_gmt":"2026-02-22T02:14:26","slug":"ogx-charcoal-detox-purifying-shampoo-385-ml-sulfate-free-maroc-prix","status":"publish","type":"product","link":"https:\/\/vitablanca.ma\/ar\/product-2\/ogx-charcoal-detox-purifying-shampoo-385-ml-sulfate-free-maroc-prix\/","title":{"rendered":"Ogx Charcoal Detox Purifying Shampoo 385 ml SULFATE FREE"},"content":{"rendered":"<div class=\"card aim -mtm\">\n<div class=\"markup -mhm -pvl -oxa -sc\">\n<p>Shampoing Purifiant OGX Charcoal Detox 385ml\u00a0 DETOXIFIEZ VOQS CHEVEUX\u00a0\u00a0Shampooing purifiant intens\u00e9ment. Un puissant m\u00e9lange infus\u00e9 avec du charbon actif de noix de coco et de l\u2019argile de kaolin aide \u00e0 nettoyer en profondeur et \u00e0 illuminer les tresses congestionn\u00e9es qui sont devenues ternes et alourdies avec des r\u00e9sidus. Les cheveux sont super propres et brillants.<\/p>\n<\/div>\n<\/div>\n<section class=\"card aim -mtm -fs16\">\n<div id=\"specifications\" class=\"hook\"><\/div>\n<header class=\"-pvs -bb\"><\/header>\n<\/section>","protected":false},"excerpt":{"rendered":"<ul>\n<li><strong>Mod\u00e8le<\/strong>: Shampoing Purifiant OGX Charcoal Detox 385ml<\/li>\n<li><strong>Pays de production<\/strong>: USA<\/li>\n<li><strong>\u0644\u0648\u0646<\/strong>: noir<\/li>\n<li><strong>Mati\u00e8re principale<\/strong>: plastique<\/li>\n<\/ul>","protected":false},"featured_media":28635,"template":"","meta":{"om_disable_all_campaigns":false},"product_brand":[7779],"product_cat":[18],"product_tag":[7784,7783,6312,7174,7507,3492,7782,1084,6151,6162],"class_list":{"0":"post-28634","1":"product","2":"type-product","3":"status-publish","4":"has-post-thumbnail","6":"product_brand-ogx","7":"product_cat-beaute-sante","8":"product_tag-charbon-actif","9":"product_tag-charcoal-detox","10":"product_tag-cheveux-legers","11":"product_tag-cheveux-propres","12":"product_tag-detox-cheveux","13":"product_tag-maroc","14":"product_tag-ogx","15":"product_tag-sans-sulfates","16":"product_tag-shampooing-purifiant","17":"product_tag-soin-capillaire","19":"first","20":"instock","21":"sale","22":"taxable","23":"shipping-taxable","24":"purchasable","25":"product-type-simple"},"yoast_head":"<!-- This site is optimized with the Yoast SEO plugin v27.5 - https:\/\/yoast.com\/product\/yoast-seo-wordpress\/ -->\n<title>OGX Charcoal Detox Shampooing Purifiant 385 ml \u2013 Maroc Prix<\/title>\n<meta name=\"description\" content=\"Shampooing purifiant OGX Charcoal Detox 385 ml sans sulfates. Nettoie en profondeur, \u00e9limine les impuret\u00e9s et laisse les cheveux frais et l\u00e9gers. Disponible\" \/>\n<meta name=\"robots\" content=\"index, follow, max-snippet:-1, max-image-preview:large, max-video-preview:-1\" \/>\n<link rel=\"canonical\" href=\"https:\/\/vitablanca.ma\/ar\/product-2\/ogx-charcoal-detox-purifying-shampoo-385-ml-sulfate-free-maroc-prix\/\" \/>\n<meta property=\"og:locale\" content=\"ar_AR\" \/>\n<meta property=\"og:type\" content=\"article\" \/>\n<meta property=\"og:title\" content=\"OGX Charcoal Detox Shampooing Purifiant 385 ml \u2013 Maroc Prix\" \/>\n<meta property=\"og:description\" content=\"Shampooing purifiant OGX Charcoal Detox 385 ml sans sulfates. Nettoie en profondeur, \u00e9limine les impuret\u00e9s et laisse les cheveux frais et l\u00e9gers. Disponible\" \/>\n<meta property=\"og:url\" content=\"https:\/\/vitablanca.ma\/ar\/product-2\/ogx-charcoal-detox-purifying-shampoo-385-ml-sulfate-free-maroc-prix\/\" \/>\n<meta property=\"og:site_name\" content=\"Vitablanca.ma &ndash; Sant&eacute;, vitalit&eacute; et bien-&ecirc;tre pour tous les Marocains\" \/>\n<meta property=\"article:publisher\" content=\"https:\/\/www.facebook.com\/profile.php?id=61576678196717\" \/>\n<meta property=\"article:modified_time\" content=\"2026-02-22T02:14:26+00:00\" \/>\n<meta property=\"og:image\" content=\"https:\/\/vitablanca.ma\/wp-content\/uploads\/2026\/02\/Ogx-Charcoal-Detox-Purifying-Shampoo-385-ml-SULFATE-FREE1.webp\" \/>\n\t<meta property=\"og:image:width\" content=\"700\" \/>\n\t<meta property=\"og:image:height\" content=\"700\" \/>\n\t<meta property=\"og:image:type\" content=\"image\/webp\" \/>\n<meta name=\"twitter:card\" content=\"summary_large_image\" \/>\n<meta name=\"twitter:label1\" content=\"\u0648\u0642\u062a \u0627\u0644\u0642\u0631\u0627\u0621\u0629 \u0627\u0644\u0645\u064f\u0642\u062f\u0651\u0631\" \/>\n\t<meta name=\"twitter:data1\" content=\"\u062f\u0642\u064a\u0642\u0629 \u0648\u0627\u062d\u062f\u0629\" \/>\n<script type=\"application\/ld+json\" class=\"yoast-schema-graph\">{\"@context\":\"https:\\\/\\\/schema.org\",\"@graph\":[{\"@type\":[\"WebPage\",\"ItemPage\"],\"@id\":\"https:\\\/\\\/vitablanca.ma\\\/produit\\\/ogx-charcoal-detox-purifying-shampoo-385-ml-sulfate-free-maroc-prix\\\/\",\"url\":\"https:\\\/\\\/vitablanca.ma\\\/produit\\\/ogx-charcoal-detox-purifying-shampoo-385-ml-sulfate-free-maroc-prix\\\/\",\"name\":\"OGX Charcoal Detox Shampooing Purifiant 385 ml \u2013 Maroc Prix\",\"isPartOf\":{\"@id\":\"https:\\\/\\\/vitablanca.ma\\\/#website\"},\"primaryImageOfPage\":{\"@id\":\"https:\\\/\\\/vitablanca.ma\\\/produit\\\/ogx-charcoal-detox-purifying-shampoo-385-ml-sulfate-free-maroc-prix\\\/#primaryimage\"},\"image\":{\"@id\":\"https:\\\/\\\/vitablanca.ma\\\/produit\\\/ogx-charcoal-detox-purifying-shampoo-385-ml-sulfate-free-maroc-prix\\\/#primaryimage\"},\"thumbnailUrl\":\"https:\\\/\\\/vitablanca.ma\\\/wp-content\\\/uploads\\\/2026\\\/02\\\/Ogx-Charcoal-Detox-Purifying-Shampoo-385-ml-SULFATE-FREE1.webp\",\"datePublished\":\"2026-02-04T21:40:44+00:00\",\"dateModified\":\"2026-02-22T02:14:26+00:00\",\"description\":\"Shampooing purifiant OGX Charcoal Detox 385 ml sans sulfates. Nettoie en profondeur, \u00e9limine les impuret\u00e9s et laisse les cheveux frais et l\u00e9gers. Disponible\",\"breadcrumb\":{\"@id\":\"https:\\\/\\\/vitablanca.ma\\\/produit\\\/ogx-charcoal-detox-purifying-shampoo-385-ml-sulfate-free-maroc-prix\\\/#breadcrumb\"},\"inLanguage\":\"ar\",\"potentialAction\":[{\"@type\":\"ReadAction\",\"target\":[\"https:\\\/\\\/vitablanca.ma\\\/produit\\\/ogx-charcoal-detox-purifying-shampoo-385-ml-sulfate-free-maroc-prix\\\/\"]}]},{\"@type\":\"ImageObject\",\"inLanguage\":\"ar\",\"@id\":\"https:\\\/\\\/vitablanca.ma\\\/produit\\\/ogx-charcoal-detox-purifying-shampoo-385-ml-sulfate-free-maroc-prix\\\/#primaryimage\",\"url\":\"https:\\\/\\\/vitablanca.ma\\\/wp-content\\\/uploads\\\/2026\\\/02\\\/Ogx-Charcoal-Detox-Purifying-Shampoo-385-ml-SULFATE-FREE1.webp\",\"contentUrl\":\"https:\\\/\\\/vitablanca.ma\\\/wp-content\\\/uploads\\\/2026\\\/02\\\/Ogx-Charcoal-Detox-Purifying-Shampoo-385-ml-SULFATE-FREE1.webp\",\"width\":700,\"height\":700},{\"@type\":\"BreadcrumbList\",\"@id\":\"https:\\\/\\\/vitablanca.ma\\\/produit\\\/ogx-charcoal-detox-purifying-shampoo-385-ml-sulfate-free-maroc-prix\\\/#breadcrumb\",\"itemListElement\":[{\"@type\":\"ListItem\",\"position\":1,\"name\":\"Home\",\"item\":\"https:\\\/\\\/vitablanca.ma\\\/\"},{\"@type\":\"ListItem\",\"position\":2,\"name\":\"Tous Les Produits\",\"item\":\"https:\\\/\\\/vitablanca.ma\\\/tous-les-produits\\\/\"},{\"@type\":\"ListItem\",\"position\":3,\"name\":\"Ogx Charcoal Detox Purifying Shampoo 385 ml SULFATE FREE\"}]},{\"@type\":\"WebSite\",\"@id\":\"https:\\\/\\\/vitablanca.ma\\\/#website\",\"url\":\"https:\\\/\\\/vitablanca.ma\\\/\",\"name\":\"VitaBlanca.ma | Compl\u00e9ments alimentaires, sant\u00e9 & beaut\u00e9 au Maroc\",\"description\":\"vendre vitamines et compl\u00e9ments premium des USA &amp; Canada, Nouvelle Z\u00e9lande,Maroc (NOW Foods, Solgar, Manuka). Livraison rapide partout au Maroc.\",\"publisher\":{\"@id\":\"https:\\\/\\\/vitablanca.ma\\\/#organization\"},\"alternateName\":\"VitaBlanca.ma\",\"potentialAction\":[{\"@type\":\"SearchAction\",\"target\":{\"@type\":\"EntryPoint\",\"urlTemplate\":\"https:\\\/\\\/vitablanca.ma\\\/?s={search_term_string}\"},\"query-input\":{\"@type\":\"PropertyValueSpecification\",\"valueRequired\":true,\"valueName\":\"search_term_string\"}}],\"inLanguage\":\"ar\"},{\"@type\":\"Organization\",\"@id\":\"https:\\\/\\\/vitablanca.ma\\\/#organization\",\"name\":\"VitaBlanca\",\"url\":\"https:\\\/\\\/vitablanca.ma\\\/\",\"logo\":{\"@type\":\"ImageObject\",\"inLanguage\":\"ar\",\"@id\":\"https:\\\/\\\/vitablanca.ma\\\/#\\\/schema\\\/logo\\\/image\\\/\",\"url\":\"https:\\\/\\\/vitablanca.ma\\\/wp-content\\\/uploads\\\/2025\\\/05\\\/cropped-vitablanca.png\",\"contentUrl\":\"https:\\\/\\\/vitablanca.ma\\\/wp-content\\\/uploads\\\/2025\\\/05\\\/cropped-vitablanca.png\",\"width\":360,\"height\":67,\"caption\":\"VitaBlanca\"},\"image\":{\"@id\":\"https:\\\/\\\/vitablanca.ma\\\/#\\\/schema\\\/logo\\\/image\\\/\"},\"sameAs\":[\"https:\\\/\\\/www.facebook.com\\\/profile.php?id=61576678196717\",\"https:\\\/\\\/www.tiktok.com\\\/@vitablanca.ma\",\"https:\\\/\\\/www.instagram.com\\\/vitablanca.ma\\\/\"]}]}<\/script>\n<!-- \/ Yoast SEO plugin. -->","yoast_head_json":{"title":"OGX Charcoal Detox Shampooing Purifiant 385 ml \u2013 Maroc Prix","description":"Shampooing purifiant OGX Charcoal Detox 385 ml sans sulfates. Nettoie en profondeur, \u00e9limine les impuret\u00e9s et laisse les cheveux frais et l\u00e9gers. Disponible","robots":{"index":"index","follow":"follow","max-snippet":"max-snippet:-1","max-image-preview":"max-image-preview:large","max-video-preview":"max-video-preview:-1"},"canonical":"https:\/\/vitablanca.ma\/ar\/product-2\/ogx-charcoal-detox-purifying-shampoo-385-ml-sulfate-free-maroc-prix\/","og_locale":"ar_AR","og_type":"article","og_title":"OGX Charcoal Detox Shampooing Purifiant 385 ml \u2013 Maroc Prix","og_description":"Shampooing purifiant OGX Charcoal Detox 385 ml sans sulfates. Nettoie en profondeur, \u00e9limine les impuret\u00e9s et laisse les cheveux frais et l\u00e9gers. Disponible","og_url":"https:\/\/vitablanca.ma\/ar\/product-2\/ogx-charcoal-detox-purifying-shampoo-385-ml-sulfate-free-maroc-prix\/","og_site_name":"Vitablanca.ma &ndash; Sant&eacute;, vitalit&eacute; et bien-&ecirc;tre pour tous les Marocains","article_publisher":"https:\/\/www.facebook.com\/profile.php?id=61576678196717","article_modified_time":"2026-02-22T02:14:26+00:00","og_image":[{"width":700,"height":700,"url":"https:\/\/vitablanca.ma\/wp-content\/uploads\/2026\/02\/Ogx-Charcoal-Detox-Purifying-Shampoo-385-ml-SULFATE-FREE1.webp","type":"image\/webp"}],"twitter_card":"summary_large_image","twitter_misc":{"\u0648\u0642\u062a \u0627\u0644\u0642\u0631\u0627\u0621\u0629 \u0627\u0644\u0645\u064f\u0642\u062f\u0651\u0631":"\u062f\u0642\u064a\u0642\u0629 \u0648\u0627\u062d\u062f\u0629"},"schema":{"@context":"https:\/\/schema.org","@graph":[{"@type":["WebPage","ItemPage"],"@id":"https:\/\/vitablanca.ma\/produit\/ogx-charcoal-detox-purifying-shampoo-385-ml-sulfate-free-maroc-prix\/","url":"https:\/\/vitablanca.ma\/produit\/ogx-charcoal-detox-purifying-shampoo-385-ml-sulfate-free-maroc-prix\/","name":"OGX Charcoal Detox Shampooing Purifiant 385 ml \u2013 Maroc Prix","isPartOf":{"@id":"https:\/\/vitablanca.ma\/#website"},"primaryImageOfPage":{"@id":"https:\/\/vitablanca.ma\/produit\/ogx-charcoal-detox-purifying-shampoo-385-ml-sulfate-free-maroc-prix\/#primaryimage"},"image":{"@id":"https:\/\/vitablanca.ma\/produit\/ogx-charcoal-detox-purifying-shampoo-385-ml-sulfate-free-maroc-prix\/#primaryimage"},"thumbnailUrl":"https:\/\/vitablanca.ma\/wp-content\/uploads\/2026\/02\/Ogx-Charcoal-Detox-Purifying-Shampoo-385-ml-SULFATE-FREE1.webp","datePublished":"2026-02-04T21:40:44+00:00","dateModified":"2026-02-22T02:14:26+00:00","description":"Shampooing purifiant OGX Charcoal Detox 385 ml sans sulfates. Nettoie en profondeur, \u00e9limine les impuret\u00e9s et laisse les cheveux frais et l\u00e9gers. Disponible","breadcrumb":{"@id":"https:\/\/vitablanca.ma\/produit\/ogx-charcoal-detox-purifying-shampoo-385-ml-sulfate-free-maroc-prix\/#breadcrumb"},"inLanguage":"ar","potentialAction":[{"@type":"ReadAction","target":["https:\/\/vitablanca.ma\/produit\/ogx-charcoal-detox-purifying-shampoo-385-ml-sulfate-free-maroc-prix\/"]}]},{"@type":"ImageObject","inLanguage":"ar","@id":"https:\/\/vitablanca.ma\/produit\/ogx-charcoal-detox-purifying-shampoo-385-ml-sulfate-free-maroc-prix\/#primaryimage","url":"https:\/\/vitablanca.ma\/wp-content\/uploads\/2026\/02\/Ogx-Charcoal-Detox-Purifying-Shampoo-385-ml-SULFATE-FREE1.webp","contentUrl":"https:\/\/vitablanca.ma\/wp-content\/uploads\/2026\/02\/Ogx-Charcoal-Detox-Purifying-Shampoo-385-ml-SULFATE-FREE1.webp","width":700,"height":700},{"@type":"BreadcrumbList","@id":"https:\/\/vitablanca.ma\/produit\/ogx-charcoal-detox-purifying-shampoo-385-ml-sulfate-free-maroc-prix\/#breadcrumb","itemListElement":[{"@type":"ListItem","position":1,"name":"Home","item":"https:\/\/vitablanca.ma\/"},{"@type":"ListItem","position":2,"name":"Tous Les Produits","item":"https:\/\/vitablanca.ma\/tous-les-produits\/"},{"@type":"ListItem","position":3,"name":"Ogx Charcoal Detox Purifying Shampoo 385 ml SULFATE FREE"}]},{"@type":"WebSite","@id":"https:\/\/vitablanca.ma\/#website","url":"https:\/\/vitablanca.ma\/","name":"VitaBlanca.ma | \u0627\u0644\u0645\u0643\u0645\u0644\u0627\u062a \u0627\u0644\u063a\u0630\u0627\u0626\u064a\u0629\u060c \u0627\u0644\u0635\u062d\u0629 \u0648\u0627\u0644\u062c\u0645\u0627\u0644 \u0641\u064a \u0627\u0644\u0645\u063a\u0631\u0628","description":"\u0646\u0628\u064a\u0639 \u0641\u064a\u062a\u0627\u0645\u064a\u0646\u0627\u062a \u0648\u0645\u0643\u0645\u0644\u0627\u062a \u063a\u0630\u0627\u0626\u064a\u0629 \u0641\u0627\u062e\u0631\u0629 \u0645\u0646 \u0627\u0644\u0648\u0644\u0627\u064a\u0627\u062a \u0627\u0644\u0645\u062a\u062d\u062f\u0629 \u0627\u0644\u0623\u0645\u0631\u064a\u0643\u064a\u0629 \u0648\u0643\u0646\u062f\u0627 \u0648\u0646\u064a\u0648\u0632\u064a\u0644\u0646\u062f\u0627 \u0648\u0627\u0644\u0645\u063a\u0631\u0628 (\u0646\u0627\u0648 \u0641\u0648\u062f\u0632\u060c \u0633\u0648\u0644\u062c\u0627\u0631\u060c \u0645\u0627\u0646\u0648\u0643\u0627). \u062a\u0648\u0635\u064a\u0644 \u0633\u0631\u064a\u0639 \u0625\u0644\u0649 \u062c\u0645\u064a\u0639 \u0623\u0646\u062d\u0627\u0621 \u0627\u0644\u0645\u063a\u0631\u0628.","publisher":{"@id":"https:\/\/vitablanca.ma\/#organization"},"alternateName":"VitaBlanca.ma","potentialAction":[{"@type":"SearchAction","target":{"@type":"EntryPoint","urlTemplate":"https:\/\/vitablanca.ma\/?s={search_term_string}"},"query-input":{"@type":"PropertyValueSpecification","valueRequired":true,"valueName":"search_term_string"}}],"inLanguage":"ar"},{"@type":"Organization","@id":"https:\/\/vitablanca.ma\/#organization","name":"\u0641\u064a\u062a\u0627\u0628\u0644\u0627\u0646\u0643\u0627","url":"https:\/\/vitablanca.ma\/","logo":{"@type":"ImageObject","inLanguage":"ar","@id":"https:\/\/vitablanca.ma\/#\/schema\/logo\/image\/","url":"https:\/\/vitablanca.ma\/wp-content\/uploads\/2025\/05\/cropped-vitablanca.png","contentUrl":"https:\/\/vitablanca.ma\/wp-content\/uploads\/2025\/05\/cropped-vitablanca.png","width":360,"height":67,"caption":"VitaBlanca"},"image":{"@id":"https:\/\/vitablanca.ma\/#\/schema\/logo\/image\/"},"sameAs":["https:\/\/www.facebook.com\/profile.php?id=61576678196717","https:\/\/www.tiktok.com\/@vitablanca.ma","https:\/\/www.instagram.com\/vitablanca.ma\/"]}]}},"jetpack_sharing_enabled":true,"_links":{"self":[{"href":"https:\/\/vitablanca.ma\/ar\/wp-json\/wp\/v2\/product\/28634","targetHints":{"allow":["GET"]}}],"collection":[{"href":"https:\/\/vitablanca.ma\/ar\/wp-json\/wp\/v2\/product"}],"about":[{"href":"https:\/\/vitablanca.ma\/ar\/wp-json\/wp\/v2\/types\/product"}],"wp:featuredmedia":[{"embeddable":true,"href":"https:\/\/vitablanca.ma\/ar\/wp-json\/wp\/v2\/media\/28635"}],"wp:attachment":[{"href":"https:\/\/vitablanca.ma\/ar\/wp-json\/wp\/v2\/media?parent=28634"}],"wp:term":[{"taxonomy":"product_brand","embeddable":true,"href":"https:\/\/vitablanca.ma\/ar\/wp-json\/wp\/v2\/product_brand?post=28634"},{"taxonomy":"product_cat","embeddable":true,"href":"https:\/\/vitablanca.ma\/ar\/wp-json\/wp\/v2\/product_cat?post=28634"},{"taxonomy":"product_tag","embeddable":true,"href":"https:\/\/vitablanca.ma\/ar\/wp-json\/wp\/v2\/product_tag?post=28634"}],"curies":[{"name":"wp","href":"https:\/\/api.w.org\/{rel}","templated":true}]}}