{"id":28621,"date":"2026-02-04T19:33:53","date_gmt":"2026-02-04T19:33:53","guid":{"rendered":"https:\/\/vitablanca.ma\/?post_type=product&#038;p=28621"},"modified":"2026-02-04T19:33:53","modified_gmt":"2026-02-04T19:33:53","slug":"oriflame-love-potion-eau-de-parfum-for-women-maroc-prix","status":"publish","type":"product","link":"https:\/\/vitablanca.ma\/ar\/product-2\/oriflame-love-potion-eau-de-parfum-for-women-maroc-prix\/","title":{"rendered":"Oriflame Love Potion Eau de Parfum for Women"},"content":{"rendered":"<div class=\"card aim -mtm\">\n<div class=\"markup -mhm -pvl -oxa -sc\">\n<p>D\u00e9couvrez la cr\u00e8me parfum\u00e9e et hydratante All Or Nothing Amplified. Nourrissez votre peau tout en la parfumant d\u00e9licatement. Sa texture cr\u00e8me offre une hydratation durable, laissant votre peau douce et agr\u00e9able au toucher.<\/p>\n<\/div>\n<\/div>\n<section class=\"card aim -mtm -fs16\">\n<header class=\"-pvs -bb\"><\/header>\n<\/section>","protected":false},"excerpt":{"rendered":"<table>\n<tbody>\n<tr>\n<th>Pays d exp\u00e9dition<\/th>\n<td>\u0627\u0644\u0645\u063a\u0631\u0628<\/td>\n<\/tr>\n<tr>\n<th>Marque<\/th>\n<td>ORIFLAME<\/td>\n<\/tr>\n<tr>\n<th>Type de public<\/th>\n<td>Adulte<\/td>\n<\/tr>\n<tr>\n<th>\u0644\u0645\u0646\u061f<\/th>\n<td>\u062c\u0645\u064a\u0639 \u0623\u0646\u0648\u0627\u0639 \u0627\u0644\u0628\u0634\u0631\u0629<\/td>\n<\/tr>\n<tr>\n<th>\u0633\u0639\u0629<\/th>\n<td>250 \u0645\u0644<\/td>\n<\/tr>\n<tr>\n<th>\u062c\u0646\u0633<\/th>\n<td>Femme<\/td>\n<\/tr>\n<tr>\n<th>Contenance &#8211; Beaut\u00e9<\/th>\n<td>250 \u0645\u0644<\/td>\n<\/tr>\n<\/tbody>\n<\/table>","protected":false},"featured_media":28623,"template":"","meta":{"om_disable_all_campaigns":false},"product_brand":[6964],"product_cat":[18],"product_tag":[3251,7189,6022,7702,3492,7704,6965,6719,6969,7703],"class_list":{"0":"post-28621","1":"product","2":"type-product","3":"status-publish","4":"has-post-thumbnail","6":"product_brand-oriflame","7":"product_cat-beaute-sante","8":"product_tag-eau-de-parfum","9":"product_tag-fragrance-feminine","10":"product_tag-longue-tenue","11":"product_tag-love-potion","12":"product_tag-maroc","13":"product_tag-notes-gourmandes","14":"product_tag-oriflame","15":"product_tag-parfum-elegant","16":"product_tag-parfum-femme","17":"product_tag-parfum-sensuel","19":"first","20":"instock","21":"sale","22":"taxable","23":"shipping-taxable","24":"purchasable","25":"product-type-simple"},"yoast_head":"<!-- This site is optimized with the Yoast SEO plugin v27.4 - https:\/\/yoast.com\/product\/yoast-seo-wordpress\/ -->\n<title>Oriflame Love Potion Eau de Parfum Femme \u2013 Maroc Prix<\/title>\n<meta name=\"description\" content=\"Eau de Parfum Oriflame Love Potion pour femme. Parfum sensuel et envo\u00fbtant aux notes gourmandes, id\u00e9al pour une touche f\u00e9minine et s\u00e9duisante. Disponible\" \/>\n<meta name=\"robots\" content=\"index, follow, max-snippet:-1, max-image-preview:large, max-video-preview:-1\" \/>\n<link rel=\"canonical\" href=\"https:\/\/vitablanca.ma\/ar\/product-2\/oriflame-love-potion-eau-de-parfum-for-women-maroc-prix\/\" \/>\n<meta property=\"og:locale\" content=\"ar_AR\" \/>\n<meta property=\"og:type\" content=\"article\" \/>\n<meta property=\"og:title\" content=\"Oriflame Love Potion Eau de Parfum Femme \u2013 Maroc Prix\" \/>\n<meta property=\"og:description\" content=\"Eau de Parfum Oriflame Love Potion pour femme. Parfum sensuel et envo\u00fbtant aux notes gourmandes, id\u00e9al pour une touche f\u00e9minine et s\u00e9duisante. Disponible\" \/>\n<meta property=\"og:url\" content=\"https:\/\/vitablanca.ma\/ar\/product-2\/oriflame-love-potion-eau-de-parfum-for-women-maroc-prix\/\" \/>\n<meta property=\"og:site_name\" content=\"Vitablanca.ma &ndash; Sant&eacute;, vitalit&eacute; et bien-&ecirc;tre pour tous les Marocains\" \/>\n<meta property=\"article:publisher\" content=\"https:\/\/www.facebook.com\/profile.php?id=61576678196717\" \/>\n<meta property=\"og:image\" content=\"https:\/\/vitablanca.ma\/wp-content\/uploads\/2026\/02\/Oriflame-Love-Potion-Eau-de-Parfum-for-Women1.png\" \/>\n\t<meta property=\"og:image:width\" content=\"1980\" \/>\n\t<meta property=\"og:image:height\" content=\"1980\" \/>\n\t<meta property=\"og:image:type\" content=\"image\/png\" \/>\n<meta name=\"twitter:card\" content=\"summary_large_image\" \/>\n<meta name=\"twitter:label1\" content=\"\u0648\u0642\u062a \u0627\u0644\u0642\u0631\u0627\u0621\u0629 \u0627\u0644\u0645\u064f\u0642\u062f\u0651\u0631\" \/>\n\t<meta name=\"twitter:data1\" content=\"\u062f\u0642\u064a\u0642\u0629 \u0648\u0627\u062d\u062f\u0629\" \/>\n<script type=\"application\/ld+json\" class=\"yoast-schema-graph\">{\"@context\":\"https:\\\/\\\/schema.org\",\"@graph\":[{\"@type\":[\"WebPage\",\"ItemPage\"],\"@id\":\"https:\\\/\\\/vitablanca.ma\\\/produit\\\/oriflame-love-potion-eau-de-parfum-for-women-maroc-prix\\\/\",\"url\":\"https:\\\/\\\/vitablanca.ma\\\/produit\\\/oriflame-love-potion-eau-de-parfum-for-women-maroc-prix\\\/\",\"name\":\"Oriflame Love Potion Eau de Parfum Femme \u2013 Maroc Prix\",\"isPartOf\":{\"@id\":\"https:\\\/\\\/vitablanca.ma\\\/#website\"},\"primaryImageOfPage\":{\"@id\":\"https:\\\/\\\/vitablanca.ma\\\/produit\\\/oriflame-love-potion-eau-de-parfum-for-women-maroc-prix\\\/#primaryimage\"},\"image\":{\"@id\":\"https:\\\/\\\/vitablanca.ma\\\/produit\\\/oriflame-love-potion-eau-de-parfum-for-women-maroc-prix\\\/#primaryimage\"},\"thumbnailUrl\":\"https:\\\/\\\/vitablanca.ma\\\/wp-content\\\/uploads\\\/2026\\\/02\\\/Oriflame-Love-Potion-Eau-de-Parfum-for-Women1.png\",\"datePublished\":\"2026-02-04T19:33:53+00:00\",\"description\":\"Eau de Parfum Oriflame Love Potion pour femme. Parfum sensuel et envo\u00fbtant aux notes gourmandes, id\u00e9al pour une touche f\u00e9minine et s\u00e9duisante. Disponible\",\"breadcrumb\":{\"@id\":\"https:\\\/\\\/vitablanca.ma\\\/produit\\\/oriflame-love-potion-eau-de-parfum-for-women-maroc-prix\\\/#breadcrumb\"},\"inLanguage\":\"ar\",\"potentialAction\":[{\"@type\":\"ReadAction\",\"target\":[\"https:\\\/\\\/vitablanca.ma\\\/produit\\\/oriflame-love-potion-eau-de-parfum-for-women-maroc-prix\\\/\"]}]},{\"@type\":\"ImageObject\",\"inLanguage\":\"ar\",\"@id\":\"https:\\\/\\\/vitablanca.ma\\\/produit\\\/oriflame-love-potion-eau-de-parfum-for-women-maroc-prix\\\/#primaryimage\",\"url\":\"https:\\\/\\\/vitablanca.ma\\\/wp-content\\\/uploads\\\/2026\\\/02\\\/Oriflame-Love-Potion-Eau-de-Parfum-for-Women1.png\",\"contentUrl\":\"https:\\\/\\\/vitablanca.ma\\\/wp-content\\\/uploads\\\/2026\\\/02\\\/Oriflame-Love-Potion-Eau-de-Parfum-for-Women1.png\",\"width\":1980,\"height\":1980},{\"@type\":\"BreadcrumbList\",\"@id\":\"https:\\\/\\\/vitablanca.ma\\\/produit\\\/oriflame-love-potion-eau-de-parfum-for-women-maroc-prix\\\/#breadcrumb\",\"itemListElement\":[{\"@type\":\"ListItem\",\"position\":1,\"name\":\"Home\",\"item\":\"https:\\\/\\\/vitablanca.ma\\\/\"},{\"@type\":\"ListItem\",\"position\":2,\"name\":\"Tous Les Produits\",\"item\":\"https:\\\/\\\/vitablanca.ma\\\/tous-les-produits\\\/\"},{\"@type\":\"ListItem\",\"position\":3,\"name\":\"Oriflame Love Potion Eau de Parfum for Women\"}]},{\"@type\":\"WebSite\",\"@id\":\"https:\\\/\\\/vitablanca.ma\\\/#website\",\"url\":\"https:\\\/\\\/vitablanca.ma\\\/\",\"name\":\"VitaBlanca.ma | Compl\u00e9ments alimentaires, sant\u00e9 & beaut\u00e9 au Maroc\",\"description\":\"vendre vitamines et compl\u00e9ments premium des USA &amp; Canada, Nouvelle Z\u00e9lande,Maroc (NOW Foods, Solgar, Manuka). Livraison rapide partout au Maroc.\",\"publisher\":{\"@id\":\"https:\\\/\\\/vitablanca.ma\\\/#organization\"},\"alternateName\":\"VitaBlanca.ma\",\"potentialAction\":[{\"@type\":\"SearchAction\",\"target\":{\"@type\":\"EntryPoint\",\"urlTemplate\":\"https:\\\/\\\/vitablanca.ma\\\/?s={search_term_string}\"},\"query-input\":{\"@type\":\"PropertyValueSpecification\",\"valueRequired\":true,\"valueName\":\"search_term_string\"}}],\"inLanguage\":\"ar\"},{\"@type\":\"Organization\",\"@id\":\"https:\\\/\\\/vitablanca.ma\\\/#organization\",\"name\":\"VitaBlanca\",\"url\":\"https:\\\/\\\/vitablanca.ma\\\/\",\"logo\":{\"@type\":\"ImageObject\",\"inLanguage\":\"ar\",\"@id\":\"https:\\\/\\\/vitablanca.ma\\\/#\\\/schema\\\/logo\\\/image\\\/\",\"url\":\"https:\\\/\\\/vitablanca.ma\\\/wp-content\\\/uploads\\\/2025\\\/05\\\/cropped-vitablanca.png\",\"contentUrl\":\"https:\\\/\\\/vitablanca.ma\\\/wp-content\\\/uploads\\\/2025\\\/05\\\/cropped-vitablanca.png\",\"width\":360,\"height\":67,\"caption\":\"VitaBlanca\"},\"image\":{\"@id\":\"https:\\\/\\\/vitablanca.ma\\\/#\\\/schema\\\/logo\\\/image\\\/\"},\"sameAs\":[\"https:\\\/\\\/www.facebook.com\\\/profile.php?id=61576678196717\",\"https:\\\/\\\/www.tiktok.com\\\/@vitablanca.ma\",\"https:\\\/\\\/www.instagram.com\\\/vitablanca.ma\\\/\"]}]}<\/script>\n<!-- \/ Yoast SEO plugin. -->","yoast_head_json":{"title":"Oriflame Love Potion Eau de Parfum Femme \u2013 Maroc Prix","description":"Eau de Parfum Oriflame Love Potion pour femme. Parfum sensuel et envo\u00fbtant aux notes gourmandes, id\u00e9al pour une touche f\u00e9minine et s\u00e9duisante. Disponible","robots":{"index":"index","follow":"follow","max-snippet":"max-snippet:-1","max-image-preview":"max-image-preview:large","max-video-preview":"max-video-preview:-1"},"canonical":"https:\/\/vitablanca.ma\/ar\/product-2\/oriflame-love-potion-eau-de-parfum-for-women-maroc-prix\/","og_locale":"ar_AR","og_type":"article","og_title":"Oriflame Love Potion Eau de Parfum Femme \u2013 Maroc Prix","og_description":"Eau de Parfum Oriflame Love Potion pour femme. Parfum sensuel et envo\u00fbtant aux notes gourmandes, id\u00e9al pour une touche f\u00e9minine et s\u00e9duisante. Disponible","og_url":"https:\/\/vitablanca.ma\/ar\/product-2\/oriflame-love-potion-eau-de-parfum-for-women-maroc-prix\/","og_site_name":"Vitablanca.ma &ndash; Sant&eacute;, vitalit&eacute; et bien-&ecirc;tre pour tous les Marocains","article_publisher":"https:\/\/www.facebook.com\/profile.php?id=61576678196717","og_image":[{"width":1980,"height":1980,"url":"https:\/\/vitablanca.ma\/wp-content\/uploads\/2026\/02\/Oriflame-Love-Potion-Eau-de-Parfum-for-Women1.png","type":"image\/png"}],"twitter_card":"summary_large_image","twitter_misc":{"\u0648\u0642\u062a \u0627\u0644\u0642\u0631\u0627\u0621\u0629 \u0627\u0644\u0645\u064f\u0642\u062f\u0651\u0631":"\u062f\u0642\u064a\u0642\u0629 \u0648\u0627\u062d\u062f\u0629"},"schema":{"@context":"https:\/\/schema.org","@graph":[{"@type":["WebPage","ItemPage"],"@id":"https:\/\/vitablanca.ma\/produit\/oriflame-love-potion-eau-de-parfum-for-women-maroc-prix\/","url":"https:\/\/vitablanca.ma\/produit\/oriflame-love-potion-eau-de-parfum-for-women-maroc-prix\/","name":"Oriflame Love Potion Eau de Parfum Femme \u2013 Maroc Prix","isPartOf":{"@id":"https:\/\/vitablanca.ma\/#website"},"primaryImageOfPage":{"@id":"https:\/\/vitablanca.ma\/produit\/oriflame-love-potion-eau-de-parfum-for-women-maroc-prix\/#primaryimage"},"image":{"@id":"https:\/\/vitablanca.ma\/produit\/oriflame-love-potion-eau-de-parfum-for-women-maroc-prix\/#primaryimage"},"thumbnailUrl":"https:\/\/vitablanca.ma\/wp-content\/uploads\/2026\/02\/Oriflame-Love-Potion-Eau-de-Parfum-for-Women1.png","datePublished":"2026-02-04T19:33:53+00:00","description":"Eau de Parfum Oriflame Love Potion pour femme. Parfum sensuel et envo\u00fbtant aux notes gourmandes, id\u00e9al pour une touche f\u00e9minine et s\u00e9duisante. Disponible","breadcrumb":{"@id":"https:\/\/vitablanca.ma\/produit\/oriflame-love-potion-eau-de-parfum-for-women-maroc-prix\/#breadcrumb"},"inLanguage":"ar","potentialAction":[{"@type":"ReadAction","target":["https:\/\/vitablanca.ma\/produit\/oriflame-love-potion-eau-de-parfum-for-women-maroc-prix\/"]}]},{"@type":"ImageObject","inLanguage":"ar","@id":"https:\/\/vitablanca.ma\/produit\/oriflame-love-potion-eau-de-parfum-for-women-maroc-prix\/#primaryimage","url":"https:\/\/vitablanca.ma\/wp-content\/uploads\/2026\/02\/Oriflame-Love-Potion-Eau-de-Parfum-for-Women1.png","contentUrl":"https:\/\/vitablanca.ma\/wp-content\/uploads\/2026\/02\/Oriflame-Love-Potion-Eau-de-Parfum-for-Women1.png","width":1980,"height":1980},{"@type":"BreadcrumbList","@id":"https:\/\/vitablanca.ma\/produit\/oriflame-love-potion-eau-de-parfum-for-women-maroc-prix\/#breadcrumb","itemListElement":[{"@type":"ListItem","position":1,"name":"Home","item":"https:\/\/vitablanca.ma\/"},{"@type":"ListItem","position":2,"name":"Tous Les Produits","item":"https:\/\/vitablanca.ma\/tous-les-produits\/"},{"@type":"ListItem","position":3,"name":"Oriflame Love Potion Eau de Parfum for Women"}]},{"@type":"WebSite","@id":"https:\/\/vitablanca.ma\/#website","url":"https:\/\/vitablanca.ma\/","name":"VitaBlanca.ma | \u0627\u0644\u0645\u0643\u0645\u0644\u0627\u062a \u0627\u0644\u063a\u0630\u0627\u0626\u064a\u0629\u060c \u0627\u0644\u0635\u062d\u0629 \u0648\u0627\u0644\u062c\u0645\u0627\u0644 \u0641\u064a \u0627\u0644\u0645\u063a\u0631\u0628","description":"\u0646\u0628\u064a\u0639 \u0641\u064a\u062a\u0627\u0645\u064a\u0646\u0627\u062a \u0648\u0645\u0643\u0645\u0644\u0627\u062a \u063a\u0630\u0627\u0626\u064a\u0629 \u0641\u0627\u062e\u0631\u0629 \u0645\u0646 \u0627\u0644\u0648\u0644\u0627\u064a\u0627\u062a \u0627\u0644\u0645\u062a\u062d\u062f\u0629 \u0627\u0644\u0623\u0645\u0631\u064a\u0643\u064a\u0629 \u0648\u0643\u0646\u062f\u0627 \u0648\u0646\u064a\u0648\u0632\u064a\u0644\u0646\u062f\u0627 \u0648\u0627\u0644\u0645\u063a\u0631\u0628 (\u0646\u0627\u0648 \u0641\u0648\u062f\u0632\u060c \u0633\u0648\u0644\u062c\u0627\u0631\u060c \u0645\u0627\u0646\u0648\u0643\u0627). \u062a\u0648\u0635\u064a\u0644 \u0633\u0631\u064a\u0639 \u0625\u0644\u0649 \u062c\u0645\u064a\u0639 \u0623\u0646\u062d\u0627\u0621 \u0627\u0644\u0645\u063a\u0631\u0628.","publisher":{"@id":"https:\/\/vitablanca.ma\/#organization"},"alternateName":"VitaBlanca.ma","potentialAction":[{"@type":"SearchAction","target":{"@type":"EntryPoint","urlTemplate":"https:\/\/vitablanca.ma\/?s={search_term_string}"},"query-input":{"@type":"PropertyValueSpecification","valueRequired":true,"valueName":"search_term_string"}}],"inLanguage":"ar"},{"@type":"Organization","@id":"https:\/\/vitablanca.ma\/#organization","name":"\u0641\u064a\u062a\u0627\u0628\u0644\u0627\u0646\u0643\u0627","url":"https:\/\/vitablanca.ma\/","logo":{"@type":"ImageObject","inLanguage":"ar","@id":"https:\/\/vitablanca.ma\/#\/schema\/logo\/image\/","url":"https:\/\/vitablanca.ma\/wp-content\/uploads\/2025\/05\/cropped-vitablanca.png","contentUrl":"https:\/\/vitablanca.ma\/wp-content\/uploads\/2025\/05\/cropped-vitablanca.png","width":360,"height":67,"caption":"VitaBlanca"},"image":{"@id":"https:\/\/vitablanca.ma\/#\/schema\/logo\/image\/"},"sameAs":["https:\/\/www.facebook.com\/profile.php?id=61576678196717","https:\/\/www.tiktok.com\/@vitablanca.ma","https:\/\/www.instagram.com\/vitablanca.ma\/"]}]}},"jetpack_sharing_enabled":true,"_links":{"self":[{"href":"https:\/\/vitablanca.ma\/ar\/wp-json\/wp\/v2\/product\/28621","targetHints":{"allow":["GET"]}}],"collection":[{"href":"https:\/\/vitablanca.ma\/ar\/wp-json\/wp\/v2\/product"}],"about":[{"href":"https:\/\/vitablanca.ma\/ar\/wp-json\/wp\/v2\/types\/product"}],"wp:featuredmedia":[{"embeddable":true,"href":"https:\/\/vitablanca.ma\/ar\/wp-json\/wp\/v2\/media\/28623"}],"wp:attachment":[{"href":"https:\/\/vitablanca.ma\/ar\/wp-json\/wp\/v2\/media?parent=28621"}],"wp:term":[{"taxonomy":"product_brand","embeddable":true,"href":"https:\/\/vitablanca.ma\/ar\/wp-json\/wp\/v2\/product_brand?post=28621"},{"taxonomy":"product_cat","embeddable":true,"href":"https:\/\/vitablanca.ma\/ar\/wp-json\/wp\/v2\/product_cat?post=28621"},{"taxonomy":"product_tag","embeddable":true,"href":"https:\/\/vitablanca.ma\/ar\/wp-json\/wp\/v2\/product_tag?post=28621"}],"curies":[{"name":"wp","href":"https:\/\/api.w.org\/{rel}","templated":true}]}}