{"id":28614,"date":"2026-02-04T19:24:42","date_gmt":"2026-02-04T19:24:42","guid":{"rendered":"https:\/\/vitablanca.ma\/?post_type=product&#038;p=28614"},"modified":"2026-02-04T19:24:43","modified_gmt":"2026-02-04T19:24:43","slug":"naturania-food-supplement-brewers-yeast-selenium-400-tablets-maroc-prix","status":"publish","type":"product","link":"https:\/\/vitablanca.ma\/ar\/product-2\/naturania-food-supplement-brewers-yeast-selenium-400-tablets-maroc-prix\/","title":{"rendered":"Urania Food Supplement Brewer&rsquo;s Yeast &#038; Selenium \u2013 400 Tablets"},"content":{"rendered":"<p>Boostez naturellement la beaut\u00e9 de vos cheveux, de vos ongles et de votre peau avec\u00a0<strong>URANIA Levure de Bi\u00e8re &amp; S\u00e9l\u00e9nium<\/strong>, un compl\u00e9ment alimentaire riche en vitamines B, min\u00e9raux et antioxydants.<br \/>\n\u0645\u0639\u00a0<strong>400 comprim\u00e9s<\/strong>, profitez d&rsquo;une cure longue dur\u00e9e id\u00e9ale pour renforcer la vitalit\u00e9, r\u00e9duire la chute de cheveux et am\u00e9liorer l\u2019\u00e9clat de la peau.<\/p>\n<p>La levure de bi\u00e8re est reconnue pour sa capacit\u00e9 \u00e0 stimuler la k\u00e9ratine, tandis que le s\u00e9l\u00e9nium prot\u00e8ge les cellules contre le stress oxydatif. Une combinaison puissante pour une beaut\u00e9 durable et des r\u00e9sultats visibles.<\/p>","protected":false},"excerpt":{"rendered":"<ul>\n<li>\u00a0<strong>\u064a\u0639\u0632\u0632 \u0646\u0645\u0648 \u0627\u0644\u0634\u0639\u0631<\/strong><\/li>\n<li>\u00a0<strong>Renforce les ongles cassants<\/strong><\/li>\n<li>\u00a0<strong>Am\u00e9liore l\u2019\u00e9clat et la sant\u00e9 de la peau<\/strong><\/li>\n<li>\u00a0<strong>400 comprim\u00e9s pour une cure longue dur\u00e9e<\/strong><\/li>\n<li>\u00a0<strong>Riche en vitamines B et antioxydants<\/strong><\/li>\n<li>\u00a0<strong>Produit de haute qualit\u00e9 URANIA<\/strong><\/li>\n<li>\u00a0<strong>Convient pour hommes et femmes<\/strong><\/li>\n<\/ul>","protected":false},"featured_media":28618,"template":"","meta":{"om_disable_all_campaigns":false},"product_brand":[7687],"product_cat":[18],"product_tag":[1699,701,181,7689,4833,3492,7688,1746,2376,7690],"class_list":{"0":"post-28614","1":"product","2":"type-product","3":"status-publish","4":"has-post-thumbnail","6":"product_brand-urania","7":"product_cat-beaute-sante","8":"product_tag-bien-etre","9":"product_tag-cheveux","10":"product_tag-complement-alimentaire","11":"product_tag-comprimes","12":"product_tag-levure-de-biere","13":"product_tag-maroc","14":"product_tag-ongles","15":"product_tag-peau","16":"product_tag-selenium","17":"product_tag-urania","19":"first","20":"instock","21":"sale","22":"taxable","23":"shipping-taxable","24":"purchasable","25":"product-type-simple"},"yoast_head":"<!-- This site is optimized with the Yoast SEO plugin v27.3 - https:\/\/yoast.com\/product\/yoast-seo-wordpress\/ -->\n<title>Naturania Levure de Bi\u00e8re &amp; S\u00e9l\u00e9nium 400 Comprim\u00e9 \u2013 Maroc Prix<\/title>\n<meta name=\"description\" content=\"Compl\u00e9ment alimentaire Naturania \u00e0 base de levure de bi\u00e8re et s\u00e9l\u00e9nium. Aide \u00e0 renforcer les cheveux, la peau et les ongles. Disponible au Maroc.\" \/>\n<meta name=\"robots\" content=\"index, follow, max-snippet:-1, max-image-preview:large, max-video-preview:-1\" \/>\n<link rel=\"canonical\" href=\"https:\/\/vitablanca.ma\/ar\/product-2\/naturania-food-supplement-brewers-yeast-selenium-400-tablets-maroc-prix\/\" \/>\n<meta property=\"og:locale\" content=\"ar_AR\" \/>\n<meta property=\"og:type\" content=\"article\" \/>\n<meta property=\"og:title\" content=\"Naturania Levure de Bi\u00e8re &amp; S\u00e9l\u00e9nium 400 Comprim\u00e9 \u2013 Maroc Prix\" \/>\n<meta property=\"og:description\" content=\"Compl\u00e9ment alimentaire Naturania \u00e0 base de levure de bi\u00e8re et s\u00e9l\u00e9nium. Aide \u00e0 renforcer les cheveux, la peau et les ongles. Disponible au Maroc.\" \/>\n<meta property=\"og:url\" content=\"https:\/\/vitablanca.ma\/ar\/product-2\/naturania-food-supplement-brewers-yeast-selenium-400-tablets-maroc-prix\/\" \/>\n<meta property=\"og:site_name\" content=\"Vitablanca.ma &ndash; Sant&eacute;, vitalit&eacute; et bien-&ecirc;tre pour tous les Marocains\" \/>\n<meta property=\"article:publisher\" content=\"https:\/\/www.facebook.com\/profile.php?id=61576678196717\" \/>\n<meta property=\"article:modified_time\" content=\"2026-02-04T19:24:43+00:00\" \/>\n<meta property=\"og:image\" content=\"https:\/\/vitablanca.ma\/wp-content\/uploads\/2026\/02\/Naturania-Food-Supplement-Brewers-Yeast-Selenium-\u2013-400-Tablets1.png\" \/>\n\t<meta property=\"og:image:width\" content=\"1080\" \/>\n\t<meta property=\"og:image:height\" content=\"1080\" \/>\n\t<meta property=\"og:image:type\" content=\"image\/png\" \/>\n<meta name=\"twitter:card\" content=\"summary_large_image\" \/>\n<meta name=\"twitter:label1\" content=\"\u0648\u0642\u062a \u0627\u0644\u0642\u0631\u0627\u0621\u0629 \u0627\u0644\u0645\u064f\u0642\u062f\u0651\u0631\" \/>\n\t<meta name=\"twitter:data1\" content=\"\u062f\u0642\u064a\u0642\u0629 \u0648\u0627\u062d\u062f\u0629\" \/>\n<script type=\"application\/ld+json\" class=\"yoast-schema-graph\">{\"@context\":\"https:\\\/\\\/schema.org\",\"@graph\":[{\"@type\":[\"WebPage\",\"ItemPage\"],\"@id\":\"https:\\\/\\\/vitablanca.ma\\\/produit\\\/naturania-food-supplement-brewers-yeast-selenium-400-tablets-maroc-prix\\\/\",\"url\":\"https:\\\/\\\/vitablanca.ma\\\/produit\\\/naturania-food-supplement-brewers-yeast-selenium-400-tablets-maroc-prix\\\/\",\"name\":\"Naturania Levure de Bi\u00e8re & S\u00e9l\u00e9nium 400 Comprim\u00e9 \u2013 Maroc Prix\",\"isPartOf\":{\"@id\":\"https:\\\/\\\/vitablanca.ma\\\/#website\"},\"primaryImageOfPage\":{\"@id\":\"https:\\\/\\\/vitablanca.ma\\\/produit\\\/naturania-food-supplement-brewers-yeast-selenium-400-tablets-maroc-prix\\\/#primaryimage\"},\"image\":{\"@id\":\"https:\\\/\\\/vitablanca.ma\\\/produit\\\/naturania-food-supplement-brewers-yeast-selenium-400-tablets-maroc-prix\\\/#primaryimage\"},\"thumbnailUrl\":\"https:\\\/\\\/vitablanca.ma\\\/wp-content\\\/uploads\\\/2026\\\/02\\\/Naturania-Food-Supplement-Brewers-Yeast-Selenium-\u2013-400-Tablets1.png\",\"datePublished\":\"2026-02-04T19:24:42+00:00\",\"dateModified\":\"2026-02-04T19:24:43+00:00\",\"description\":\"Compl\u00e9ment alimentaire Naturania \u00e0 base de levure de bi\u00e8re et s\u00e9l\u00e9nium. Aide \u00e0 renforcer les cheveux, la peau et les ongles. Disponible au Maroc.\",\"breadcrumb\":{\"@id\":\"https:\\\/\\\/vitablanca.ma\\\/produit\\\/naturania-food-supplement-brewers-yeast-selenium-400-tablets-maroc-prix\\\/#breadcrumb\"},\"inLanguage\":\"ar\",\"potentialAction\":[{\"@type\":\"ReadAction\",\"target\":[\"https:\\\/\\\/vitablanca.ma\\\/produit\\\/naturania-food-supplement-brewers-yeast-selenium-400-tablets-maroc-prix\\\/\"]}]},{\"@type\":\"ImageObject\",\"inLanguage\":\"ar\",\"@id\":\"https:\\\/\\\/vitablanca.ma\\\/produit\\\/naturania-food-supplement-brewers-yeast-selenium-400-tablets-maroc-prix\\\/#primaryimage\",\"url\":\"https:\\\/\\\/vitablanca.ma\\\/wp-content\\\/uploads\\\/2026\\\/02\\\/Naturania-Food-Supplement-Brewers-Yeast-Selenium-\u2013-400-Tablets1.png\",\"contentUrl\":\"https:\\\/\\\/vitablanca.ma\\\/wp-content\\\/uploads\\\/2026\\\/02\\\/Naturania-Food-Supplement-Brewers-Yeast-Selenium-\u2013-400-Tablets1.png\",\"width\":1080,\"height\":1080},{\"@type\":\"BreadcrumbList\",\"@id\":\"https:\\\/\\\/vitablanca.ma\\\/produit\\\/naturania-food-supplement-brewers-yeast-selenium-400-tablets-maroc-prix\\\/#breadcrumb\",\"itemListElement\":[{\"@type\":\"ListItem\",\"position\":1,\"name\":\"Home\",\"item\":\"https:\\\/\\\/vitablanca.ma\\\/\"},{\"@type\":\"ListItem\",\"position\":2,\"name\":\"Tous Les Produits\",\"item\":\"https:\\\/\\\/vitablanca.ma\\\/tous-les-produits\\\/\"},{\"@type\":\"ListItem\",\"position\":3,\"name\":\"Urania Food Supplement Brewer&#8217;s Yeast &#038; Selenium \u2013 400 Tablets\"}]},{\"@type\":\"WebSite\",\"@id\":\"https:\\\/\\\/vitablanca.ma\\\/#website\",\"url\":\"https:\\\/\\\/vitablanca.ma\\\/\",\"name\":\"VitaBlanca.ma | Compl\u00e9ments alimentaires, sant\u00e9 & beaut\u00e9 au Maroc\",\"description\":\"vendre vitamines et compl\u00e9ments premium des USA &amp; Canada, Nouvelle Z\u00e9lande,Maroc (NOW Foods, Solgar, Manuka). Livraison rapide partout au Maroc.\",\"publisher\":{\"@id\":\"https:\\\/\\\/vitablanca.ma\\\/#organization\"},\"alternateName\":\"VitaBlanca.ma\",\"potentialAction\":[{\"@type\":\"SearchAction\",\"target\":{\"@type\":\"EntryPoint\",\"urlTemplate\":\"https:\\\/\\\/vitablanca.ma\\\/?s={search_term_string}\"},\"query-input\":{\"@type\":\"PropertyValueSpecification\",\"valueRequired\":true,\"valueName\":\"search_term_string\"}}],\"inLanguage\":\"ar\"},{\"@type\":\"Organization\",\"@id\":\"https:\\\/\\\/vitablanca.ma\\\/#organization\",\"name\":\"VitaBlanca\",\"url\":\"https:\\\/\\\/vitablanca.ma\\\/\",\"logo\":{\"@type\":\"ImageObject\",\"inLanguage\":\"ar\",\"@id\":\"https:\\\/\\\/vitablanca.ma\\\/#\\\/schema\\\/logo\\\/image\\\/\",\"url\":\"https:\\\/\\\/vitablanca.ma\\\/wp-content\\\/uploads\\\/2025\\\/05\\\/cropped-vitablanca.png\",\"contentUrl\":\"https:\\\/\\\/vitablanca.ma\\\/wp-content\\\/uploads\\\/2025\\\/05\\\/cropped-vitablanca.png\",\"width\":360,\"height\":67,\"caption\":\"VitaBlanca\"},\"image\":{\"@id\":\"https:\\\/\\\/vitablanca.ma\\\/#\\\/schema\\\/logo\\\/image\\\/\"},\"sameAs\":[\"https:\\\/\\\/www.facebook.com\\\/profile.php?id=61576678196717\",\"https:\\\/\\\/www.tiktok.com\\\/@vitablanca.ma\",\"https:\\\/\\\/www.instagram.com\\\/vitablanca.ma\\\/\"]}]}<\/script>\n<!-- \/ Yoast SEO plugin. -->","yoast_head_json":{"title":"Naturania Levure de Bi\u00e8re & S\u00e9l\u00e9nium 400 Comprim\u00e9 \u2013 Maroc Prix","description":"Compl\u00e9ment alimentaire Naturania \u00e0 base de levure de bi\u00e8re et s\u00e9l\u00e9nium. Aide \u00e0 renforcer les cheveux, la peau et les ongles. Disponible au Maroc.","robots":{"index":"index","follow":"follow","max-snippet":"max-snippet:-1","max-image-preview":"max-image-preview:large","max-video-preview":"max-video-preview:-1"},"canonical":"https:\/\/vitablanca.ma\/ar\/product-2\/naturania-food-supplement-brewers-yeast-selenium-400-tablets-maroc-prix\/","og_locale":"ar_AR","og_type":"article","og_title":"Naturania Levure de Bi\u00e8re & S\u00e9l\u00e9nium 400 Comprim\u00e9 \u2013 Maroc Prix","og_description":"Compl\u00e9ment alimentaire Naturania \u00e0 base de levure de bi\u00e8re et s\u00e9l\u00e9nium. Aide \u00e0 renforcer les cheveux, la peau et les ongles. Disponible au Maroc.","og_url":"https:\/\/vitablanca.ma\/ar\/product-2\/naturania-food-supplement-brewers-yeast-selenium-400-tablets-maroc-prix\/","og_site_name":"Vitablanca.ma &ndash; Sant&eacute;, vitalit&eacute; et bien-&ecirc;tre pour tous les Marocains","article_publisher":"https:\/\/www.facebook.com\/profile.php?id=61576678196717","article_modified_time":"2026-02-04T19:24:43+00:00","og_image":[{"width":1080,"height":1080,"url":"https:\/\/vitablanca.ma\/wp-content\/uploads\/2026\/02\/Naturania-Food-Supplement-Brewers-Yeast-Selenium-\u2013-400-Tablets1.png","type":"image\/png"}],"twitter_card":"summary_large_image","twitter_misc":{"\u0648\u0642\u062a \u0627\u0644\u0642\u0631\u0627\u0621\u0629 \u0627\u0644\u0645\u064f\u0642\u062f\u0651\u0631":"\u062f\u0642\u064a\u0642\u0629 \u0648\u0627\u062d\u062f\u0629"},"schema":{"@context":"https:\/\/schema.org","@graph":[{"@type":["WebPage","ItemPage"],"@id":"https:\/\/vitablanca.ma\/produit\/naturania-food-supplement-brewers-yeast-selenium-400-tablets-maroc-prix\/","url":"https:\/\/vitablanca.ma\/produit\/naturania-food-supplement-brewers-yeast-selenium-400-tablets-maroc-prix\/","name":"Naturania Levure de Bi\u00e8re & S\u00e9l\u00e9nium 400 Comprim\u00e9 \u2013 Maroc Prix","isPartOf":{"@id":"https:\/\/vitablanca.ma\/#website"},"primaryImageOfPage":{"@id":"https:\/\/vitablanca.ma\/produit\/naturania-food-supplement-brewers-yeast-selenium-400-tablets-maroc-prix\/#primaryimage"},"image":{"@id":"https:\/\/vitablanca.ma\/produit\/naturania-food-supplement-brewers-yeast-selenium-400-tablets-maroc-prix\/#primaryimage"},"thumbnailUrl":"https:\/\/vitablanca.ma\/wp-content\/uploads\/2026\/02\/Naturania-Food-Supplement-Brewers-Yeast-Selenium-\u2013-400-Tablets1.png","datePublished":"2026-02-04T19:24:42+00:00","dateModified":"2026-02-04T19:24:43+00:00","description":"Compl\u00e9ment alimentaire Naturania \u00e0 base de levure de bi\u00e8re et s\u00e9l\u00e9nium. Aide \u00e0 renforcer les cheveux, la peau et les ongles. Disponible au Maroc.","breadcrumb":{"@id":"https:\/\/vitablanca.ma\/produit\/naturania-food-supplement-brewers-yeast-selenium-400-tablets-maroc-prix\/#breadcrumb"},"inLanguage":"ar","potentialAction":[{"@type":"ReadAction","target":["https:\/\/vitablanca.ma\/produit\/naturania-food-supplement-brewers-yeast-selenium-400-tablets-maroc-prix\/"]}]},{"@type":"ImageObject","inLanguage":"ar","@id":"https:\/\/vitablanca.ma\/produit\/naturania-food-supplement-brewers-yeast-selenium-400-tablets-maroc-prix\/#primaryimage","url":"https:\/\/vitablanca.ma\/wp-content\/uploads\/2026\/02\/Naturania-Food-Supplement-Brewers-Yeast-Selenium-\u2013-400-Tablets1.png","contentUrl":"https:\/\/vitablanca.ma\/wp-content\/uploads\/2026\/02\/Naturania-Food-Supplement-Brewers-Yeast-Selenium-\u2013-400-Tablets1.png","width":1080,"height":1080},{"@type":"BreadcrumbList","@id":"https:\/\/vitablanca.ma\/produit\/naturania-food-supplement-brewers-yeast-selenium-400-tablets-maroc-prix\/#breadcrumb","itemListElement":[{"@type":"ListItem","position":1,"name":"Home","item":"https:\/\/vitablanca.ma\/"},{"@type":"ListItem","position":2,"name":"Tous Les Produits","item":"https:\/\/vitablanca.ma\/tous-les-produits\/"},{"@type":"ListItem","position":3,"name":"Urania Food Supplement Brewer&#8217;s Yeast &#038; Selenium \u2013 400 Tablets"}]},{"@type":"WebSite","@id":"https:\/\/vitablanca.ma\/#website","url":"https:\/\/vitablanca.ma\/","name":"VitaBlanca.ma | \u0627\u0644\u0645\u0643\u0645\u0644\u0627\u062a \u0627\u0644\u063a\u0630\u0627\u0626\u064a\u0629\u060c \u0627\u0644\u0635\u062d\u0629 \u0648\u0627\u0644\u062c\u0645\u0627\u0644 \u0641\u064a \u0627\u0644\u0645\u063a\u0631\u0628","description":"\u0646\u0628\u064a\u0639 \u0641\u064a\u062a\u0627\u0645\u064a\u0646\u0627\u062a \u0648\u0645\u0643\u0645\u0644\u0627\u062a \u063a\u0630\u0627\u0626\u064a\u0629 \u0641\u0627\u062e\u0631\u0629 \u0645\u0646 \u0627\u0644\u0648\u0644\u0627\u064a\u0627\u062a \u0627\u0644\u0645\u062a\u062d\u062f\u0629 \u0627\u0644\u0623\u0645\u0631\u064a\u0643\u064a\u0629 \u0648\u0643\u0646\u062f\u0627 \u0648\u0646\u064a\u0648\u0632\u064a\u0644\u0646\u062f\u0627 \u0648\u0627\u0644\u0645\u063a\u0631\u0628 (\u0646\u0627\u0648 \u0641\u0648\u062f\u0632\u060c \u0633\u0648\u0644\u062c\u0627\u0631\u060c \u0645\u0627\u0646\u0648\u0643\u0627). \u062a\u0648\u0635\u064a\u0644 \u0633\u0631\u064a\u0639 \u0625\u0644\u0649 \u062c\u0645\u064a\u0639 \u0623\u0646\u062d\u0627\u0621 \u0627\u0644\u0645\u063a\u0631\u0628.","publisher":{"@id":"https:\/\/vitablanca.ma\/#organization"},"alternateName":"VitaBlanca.ma","potentialAction":[{"@type":"SearchAction","target":{"@type":"EntryPoint","urlTemplate":"https:\/\/vitablanca.ma\/?s={search_term_string}"},"query-input":{"@type":"PropertyValueSpecification","valueRequired":true,"valueName":"search_term_string"}}],"inLanguage":"ar"},{"@type":"Organization","@id":"https:\/\/vitablanca.ma\/#organization","name":"\u0641\u064a\u062a\u0627\u0628\u0644\u0627\u0646\u0643\u0627","url":"https:\/\/vitablanca.ma\/","logo":{"@type":"ImageObject","inLanguage":"ar","@id":"https:\/\/vitablanca.ma\/#\/schema\/logo\/image\/","url":"https:\/\/vitablanca.ma\/wp-content\/uploads\/2025\/05\/cropped-vitablanca.png","contentUrl":"https:\/\/vitablanca.ma\/wp-content\/uploads\/2025\/05\/cropped-vitablanca.png","width":360,"height":67,"caption":"VitaBlanca"},"image":{"@id":"https:\/\/vitablanca.ma\/#\/schema\/logo\/image\/"},"sameAs":["https:\/\/www.facebook.com\/profile.php?id=61576678196717","https:\/\/www.tiktok.com\/@vitablanca.ma","https:\/\/www.instagram.com\/vitablanca.ma\/"]}]}},"jetpack_sharing_enabled":true,"_links":{"self":[{"href":"https:\/\/vitablanca.ma\/ar\/wp-json\/wp\/v2\/product\/28614","targetHints":{"allow":["GET"]}}],"collection":[{"href":"https:\/\/vitablanca.ma\/ar\/wp-json\/wp\/v2\/product"}],"about":[{"href":"https:\/\/vitablanca.ma\/ar\/wp-json\/wp\/v2\/types\/product"}],"wp:featuredmedia":[{"embeddable":true,"href":"https:\/\/vitablanca.ma\/ar\/wp-json\/wp\/v2\/media\/28618"}],"wp:attachment":[{"href":"https:\/\/vitablanca.ma\/ar\/wp-json\/wp\/v2\/media?parent=28614"}],"wp:term":[{"taxonomy":"product_brand","embeddable":true,"href":"https:\/\/vitablanca.ma\/ar\/wp-json\/wp\/v2\/product_brand?post=28614"},{"taxonomy":"product_cat","embeddable":true,"href":"https:\/\/vitablanca.ma\/ar\/wp-json\/wp\/v2\/product_cat?post=28614"},{"taxonomy":"product_tag","embeddable":true,"href":"https:\/\/vitablanca.ma\/ar\/wp-json\/wp\/v2\/product_tag?post=28614"}],"curies":[{"name":"wp","href":"https:\/\/api.w.org\/{rel}","templated":true}]}}