{"id":28593,"date":"2026-02-03T21:47:40","date_gmt":"2026-02-03T21:47:40","guid":{"rendered":"https:\/\/vitablanca.ma\/?post_type=product&#038;p=28593"},"modified":"2026-02-03T21:47:40","modified_gmt":"2026-02-03T21:47:40","slug":"seoul-glam-k-beauty-rice-moisturizing-face-cream-50ml-maroc-prix","status":"publish","type":"product","link":"https:\/\/vitablanca.ma\/ar\/product-2\/seoul-glam-k-beauty-rice-moisturizing-face-cream-50ml-maroc-prix\/","title":{"rendered":"Seoul Glam K-Beauty Rice Moisturizing Face Cream 50ml"},"content":{"rendered":"<p>Prenez soin de votre peau avec la\u00a0<strong>Seoul Glam Cr\u00e8me Hydratante au Riz<\/strong>. Cette cr\u00e8me hydratante douce et soyeuse est formul\u00e9e avec de l\u2019<i>extrait de riz<\/i>\u060c \u0627\u0644\u062a\u0627\u0628\u0639\u00a0<i>\u0627\u0644\u0646\u064a\u0627\u0633\u064a\u0646\u0627\u0645\u064a\u062f<\/i>\u00a0et de l\u2019<i>\u062d\u0645\u0636 \u0627\u0644\u0647\u064a\u0627\u0644\u0648\u0631\u0648\u0646\u064a\u0643<\/i>\u00a0pour nourrir, apaiser et redonner de l\u2019\u00e9clat au teint. Inspir\u00e9e des rituels de beaut\u00e9 cor\u00e9ens, elle renforce la barri\u00e8re cutan\u00e9e et aide la peau \u00e0 retrouver souplesse, confort et luminosit\u00e9 jour apr\u00e8s jour.<\/p>\n<h3><strong>\u0641\u0648\u0627\u0626\u062f<\/strong><\/h3>\n<ul>\n<li>Hydrate intens\u00e9ment sans effet gras ni collant.<\/li>\n<li>Nourrit et adoucit la peau en profondeur.<\/li>\n<li>Illumine le teint et am\u00e9liore l\u2019uniformit\u00e9 de la peau.<\/li>\n<li>Renforce la barri\u00e8re cutan\u00e9e et apaise les irritations.<\/li>\n<li>Convient \u00e0 tous les types de peau, y compris sensibles.<\/li>\n<\/ul>\n<h3><strong>Ingr\u00e9dients cl\u00e9s<\/strong><\/h3>\n<ul>\n<li><strong>Extrait de Riz :<\/strong>\u00a0hydrate, nourrit et apporte un \u00e9clat naturel.<\/li>\n<li><strong>Niacinamide :<\/strong>\u00a0unifie le teint et att\u00e9nue les taches pigmentaires.<\/li>\n<li><strong>Acide Hyaluronique :<\/strong>\u00a0repulpe et maintient l\u2019hydratation cutan\u00e9e.<\/li>\n<\/ul>\n<h3><strong>\u0637\u0631\u064a\u0642\u0629 \u0627\u0644\u0627\u0633\u062a\u062e\u062f\u0627\u0645<\/strong><\/h3>\n<p>Appliquez une quantit\u00e9 adapt\u00e9e de\u00a0<strong>Cr\u00e8me Hydratante au Riz<\/strong>\u00a0sur le visage et le cou en derni\u00e8re \u00e9tape de votre routine de soins. Massez d\u00e9licatement jusqu\u2019\u00e0 absorption compl\u00e8te. Utilisez matin et soir pour une peau lumineuse, douce et hydrat\u00e9e.<\/p>","protected":false},"excerpt":{"rendered":"<ul>\n<li>Seoul Glam Rice Cream 50ml<\/li>\n<li>Un soin concentr\u00e9 hydratant et \u00e9claircissant<\/li>\n<li>Formule l\u00e9g\u00e8re, enrichie en extrait de son de riz<\/li>\n<li>Contient Niacinamide et l&rsquo;acide hyaluronique<\/li>\n<li>Nourrit et adoucit la peau en profondeur<\/li>\n<li>sans laisser de film gras et non collante<\/li>\n<li>\u064a\u0642\u0648\u064a \u062d\u0627\u062c\u0632 \u0627\u0644\u062c\u0644\u062f<\/li>\n<li>Pour tous type de peau y compris sensible<\/li>\n<\/ul>","protected":false},"featured_media":28595,"template":"","meta":[],"product_brand":[7317],"product_cat":[18],"product_tag":[6403,7320,6276,6345,3492,6302,7319,7318,5863,6109],"class_list":{"0":"post-28593","1":"product","2":"type-product","3":"status-publish","4":"has-post-thumbnail","6":"product_brand-seoul","7":"product_cat-beaute-sante","8":"product_tag-creme-visage","9":"product_tag-extrait-de-riz","10":"product_tag-hydratation","11":"product_tag-k-beauty","12":"product_tag-maroc","13":"product_tag-peau-douce","14":"product_tag-rice-cream","15":"product_tag-seoul-glam","16":"product_tag-soin-visage","17":"product_tag-teint-lumineux","19":"first","20":"instock","21":"sale","22":"taxable","23":"shipping-taxable","24":"purchasable","25":"product-type-simple"},"yoast_head":"<!-- This site is optimized with the Yoast SEO plugin v27.6 - https:\/\/yoast.com\/product\/yoast-seo-wordpress\/ -->\n<title>Seoul Glam Rice Cr\u00e8me Visage Hydratante 50 ml \u2013 Maroc Prix<\/title>\n<meta name=\"description\" content=\"Cr\u00e8me visage hydratante Seoul Glam \u00e0 l\u2019extrait de riz 50 ml. Nourrit la peau, am\u00e9liore l\u2019\u00e9clat et aide \u00e0 unifier le teint soin K-Beauty. Disponible au Maroc\" \/>\n<meta name=\"robots\" content=\"index, follow, max-snippet:-1, max-image-preview:large, max-video-preview:-1\" \/>\n<link rel=\"canonical\" href=\"https:\/\/vitablanca.ma\/ar\/product-2\/seoul-glam-k-beauty-rice-moisturizing-face-cream-50ml-maroc-prix\/\" \/>\n<meta property=\"og:locale\" content=\"ar_AR\" \/>\n<meta property=\"og:type\" content=\"article\" \/>\n<meta property=\"og:title\" content=\"Seoul Glam Rice Cr\u00e8me Visage Hydratante 50 ml \u2013 Maroc Prix\" \/>\n<meta property=\"og:description\" content=\"Cr\u00e8me visage hydratante Seoul Glam \u00e0 l\u2019extrait de riz 50 ml. Nourrit la peau, am\u00e9liore l\u2019\u00e9clat et aide \u00e0 unifier le teint soin K-Beauty. Disponible au Maroc\" \/>\n<meta property=\"og:url\" content=\"https:\/\/vitablanca.ma\/ar\/product-2\/seoul-glam-k-beauty-rice-moisturizing-face-cream-50ml-maroc-prix\/\" \/>\n<meta property=\"og:site_name\" content=\"Vitablanca.ma &ndash; Sant&eacute;, vitalit&eacute; et bien-&ecirc;tre pour tous les Marocains\" \/>\n<meta property=\"article:publisher\" content=\"https:\/\/www.facebook.com\/profile.php?id=61576678196717\" \/>\n<meta property=\"og:image\" content=\"https:\/\/vitablanca.ma\/wp-content\/uploads\/2026\/02\/Seoul-Glam-K-Beauty-Rice-Moisturizing-Face-Cream-50ml1.jpg\" \/>\n\t<meta property=\"og:image:width\" content=\"680\" \/>\n\t<meta property=\"og:image:height\" content=\"680\" \/>\n\t<meta property=\"og:image:type\" content=\"image\/jpeg\" \/>\n<meta name=\"twitter:card\" content=\"summary_large_image\" \/>\n<meta name=\"twitter:label1\" content=\"\u0648\u0642\u062a \u0627\u0644\u0642\u0631\u0627\u0621\u0629 \u0627\u0644\u0645\u064f\u0642\u062f\u0651\u0631\" \/>\n\t<meta name=\"twitter:data1\" content=\"\u062f\u0642\u064a\u0642\u062a\u0627\u0646\" \/>\n<script type=\"application\/ld+json\" class=\"yoast-schema-graph\">{\"@context\":\"https:\\\/\\\/schema.org\",\"@graph\":[{\"@type\":[\"WebPage\",\"ItemPage\"],\"@id\":\"https:\\\/\\\/vitablanca.ma\\\/produit\\\/seoul-glam-k-beauty-rice-moisturizing-face-cream-50ml-maroc-prix\\\/\",\"url\":\"https:\\\/\\\/vitablanca.ma\\\/produit\\\/seoul-glam-k-beauty-rice-moisturizing-face-cream-50ml-maroc-prix\\\/\",\"name\":\"Seoul Glam Rice Cr\u00e8me Visage Hydratante 50 ml \u2013 Maroc Prix\",\"isPartOf\":{\"@id\":\"https:\\\/\\\/vitablanca.ma\\\/#website\"},\"primaryImageOfPage\":{\"@id\":\"https:\\\/\\\/vitablanca.ma\\\/produit\\\/seoul-glam-k-beauty-rice-moisturizing-face-cream-50ml-maroc-prix\\\/#primaryimage\"},\"image\":{\"@id\":\"https:\\\/\\\/vitablanca.ma\\\/produit\\\/seoul-glam-k-beauty-rice-moisturizing-face-cream-50ml-maroc-prix\\\/#primaryimage\"},\"thumbnailUrl\":\"https:\\\/\\\/vitablanca.ma\\\/wp-content\\\/uploads\\\/2026\\\/02\\\/Seoul-Glam-K-Beauty-Rice-Moisturizing-Face-Cream-50ml1.jpg\",\"datePublished\":\"2026-02-03T21:47:40+00:00\",\"description\":\"Cr\u00e8me visage hydratante Seoul Glam \u00e0 l\u2019extrait de riz 50 ml. Nourrit la peau, am\u00e9liore l\u2019\u00e9clat et aide \u00e0 unifier le teint soin K-Beauty. Disponible au Maroc\",\"breadcrumb\":{\"@id\":\"https:\\\/\\\/vitablanca.ma\\\/produit\\\/seoul-glam-k-beauty-rice-moisturizing-face-cream-50ml-maroc-prix\\\/#breadcrumb\"},\"inLanguage\":\"ar\",\"potentialAction\":[{\"@type\":\"ReadAction\",\"target\":[\"https:\\\/\\\/vitablanca.ma\\\/produit\\\/seoul-glam-k-beauty-rice-moisturizing-face-cream-50ml-maroc-prix\\\/\"]}]},{\"@type\":\"ImageObject\",\"inLanguage\":\"ar\",\"@id\":\"https:\\\/\\\/vitablanca.ma\\\/produit\\\/seoul-glam-k-beauty-rice-moisturizing-face-cream-50ml-maroc-prix\\\/#primaryimage\",\"url\":\"https:\\\/\\\/vitablanca.ma\\\/wp-content\\\/uploads\\\/2026\\\/02\\\/Seoul-Glam-K-Beauty-Rice-Moisturizing-Face-Cream-50ml1.jpg\",\"contentUrl\":\"https:\\\/\\\/vitablanca.ma\\\/wp-content\\\/uploads\\\/2026\\\/02\\\/Seoul-Glam-K-Beauty-Rice-Moisturizing-Face-Cream-50ml1.jpg\",\"width\":680,\"height\":680},{\"@type\":\"BreadcrumbList\",\"@id\":\"https:\\\/\\\/vitablanca.ma\\\/produit\\\/seoul-glam-k-beauty-rice-moisturizing-face-cream-50ml-maroc-prix\\\/#breadcrumb\",\"itemListElement\":[{\"@type\":\"ListItem\",\"position\":1,\"name\":\"Home\",\"item\":\"https:\\\/\\\/vitablanca.ma\\\/\"},{\"@type\":\"ListItem\",\"position\":2,\"name\":\"Tous Les Produits\",\"item\":\"https:\\\/\\\/vitablanca.ma\\\/tous-les-produits\\\/\"},{\"@type\":\"ListItem\",\"position\":3,\"name\":\"Seoul Glam K-Beauty Rice Moisturizing Face Cream 50ml\"}]},{\"@type\":\"WebSite\",\"@id\":\"https:\\\/\\\/vitablanca.ma\\\/#website\",\"url\":\"https:\\\/\\\/vitablanca.ma\\\/\",\"name\":\"VitaBlanca.ma | Compl\u00e9ments alimentaires, sant\u00e9 & beaut\u00e9 au Maroc\",\"description\":\"vendre vitamines et compl\u00e9ments premium des USA &amp; Canada, Nouvelle Z\u00e9lande,Maroc (NOW Foods, Solgar, Manuka). Livraison rapide partout au Maroc.\",\"publisher\":{\"@id\":\"https:\\\/\\\/vitablanca.ma\\\/#organization\"},\"alternateName\":\"VitaBlanca.ma\",\"potentialAction\":[{\"@type\":\"SearchAction\",\"target\":{\"@type\":\"EntryPoint\",\"urlTemplate\":\"https:\\\/\\\/vitablanca.ma\\\/?s={search_term_string}\"},\"query-input\":{\"@type\":\"PropertyValueSpecification\",\"valueRequired\":true,\"valueName\":\"search_term_string\"}}],\"inLanguage\":\"ar\"},{\"@type\":\"Organization\",\"@id\":\"https:\\\/\\\/vitablanca.ma\\\/#organization\",\"name\":\"VitaBlanca\",\"url\":\"https:\\\/\\\/vitablanca.ma\\\/\",\"logo\":{\"@type\":\"ImageObject\",\"inLanguage\":\"ar\",\"@id\":\"https:\\\/\\\/vitablanca.ma\\\/#\\\/schema\\\/logo\\\/image\\\/\",\"url\":\"https:\\\/\\\/vitablanca.ma\\\/wp-content\\\/uploads\\\/2025\\\/05\\\/cropped-vitablanca.png\",\"contentUrl\":\"https:\\\/\\\/vitablanca.ma\\\/wp-content\\\/uploads\\\/2025\\\/05\\\/cropped-vitablanca.png\",\"width\":360,\"height\":67,\"caption\":\"VitaBlanca\"},\"image\":{\"@id\":\"https:\\\/\\\/vitablanca.ma\\\/#\\\/schema\\\/logo\\\/image\\\/\"},\"sameAs\":[\"https:\\\/\\\/www.facebook.com\\\/profile.php?id=61576678196717\",\"https:\\\/\\\/www.tiktok.com\\\/@vitablanca.ma\",\"https:\\\/\\\/www.instagram.com\\\/vitablanca.ma\\\/\"]}]}<\/script>\n<!-- \/ Yoast SEO plugin. -->","yoast_head_json":{"title":"Seoul Glam Rice Cr\u00e8me Visage Hydratante 50 ml \u2013 Maroc Prix","description":"Cr\u00e8me visage hydratante Seoul Glam \u00e0 l\u2019extrait de riz 50 ml. Nourrit la peau, am\u00e9liore l\u2019\u00e9clat et aide \u00e0 unifier le teint soin K-Beauty. Disponible au Maroc","robots":{"index":"index","follow":"follow","max-snippet":"max-snippet:-1","max-image-preview":"max-image-preview:large","max-video-preview":"max-video-preview:-1"},"canonical":"https:\/\/vitablanca.ma\/ar\/product-2\/seoul-glam-k-beauty-rice-moisturizing-face-cream-50ml-maroc-prix\/","og_locale":"ar_AR","og_type":"article","og_title":"Seoul Glam Rice Cr\u00e8me Visage Hydratante 50 ml \u2013 Maroc Prix","og_description":"Cr\u00e8me visage hydratante Seoul Glam \u00e0 l\u2019extrait de riz 50 ml. Nourrit la peau, am\u00e9liore l\u2019\u00e9clat et aide \u00e0 unifier le teint soin K-Beauty. Disponible au Maroc","og_url":"https:\/\/vitablanca.ma\/ar\/product-2\/seoul-glam-k-beauty-rice-moisturizing-face-cream-50ml-maroc-prix\/","og_site_name":"Vitablanca.ma &ndash; Sant&eacute;, vitalit&eacute; et bien-&ecirc;tre pour tous les Marocains","article_publisher":"https:\/\/www.facebook.com\/profile.php?id=61576678196717","og_image":[{"width":680,"height":680,"url":"https:\/\/vitablanca.ma\/wp-content\/uploads\/2026\/02\/Seoul-Glam-K-Beauty-Rice-Moisturizing-Face-Cream-50ml1.jpg","type":"image\/jpeg"}],"twitter_card":"summary_large_image","twitter_misc":{"\u0648\u0642\u062a \u0627\u0644\u0642\u0631\u0627\u0621\u0629 \u0627\u0644\u0645\u064f\u0642\u062f\u0651\u0631":"\u062f\u0642\u064a\u0642\u062a\u0627\u0646"},"schema":{"@context":"https:\/\/schema.org","@graph":[{"@type":["WebPage","ItemPage"],"@id":"https:\/\/vitablanca.ma\/produit\/seoul-glam-k-beauty-rice-moisturizing-face-cream-50ml-maroc-prix\/","url":"https:\/\/vitablanca.ma\/produit\/seoul-glam-k-beauty-rice-moisturizing-face-cream-50ml-maroc-prix\/","name":"Seoul Glam Rice Cr\u00e8me Visage Hydratante 50 ml \u2013 Maroc Prix","isPartOf":{"@id":"https:\/\/vitablanca.ma\/#website"},"primaryImageOfPage":{"@id":"https:\/\/vitablanca.ma\/produit\/seoul-glam-k-beauty-rice-moisturizing-face-cream-50ml-maroc-prix\/#primaryimage"},"image":{"@id":"https:\/\/vitablanca.ma\/produit\/seoul-glam-k-beauty-rice-moisturizing-face-cream-50ml-maroc-prix\/#primaryimage"},"thumbnailUrl":"https:\/\/vitablanca.ma\/wp-content\/uploads\/2026\/02\/Seoul-Glam-K-Beauty-Rice-Moisturizing-Face-Cream-50ml1.jpg","datePublished":"2026-02-03T21:47:40+00:00","description":"Cr\u00e8me visage hydratante Seoul Glam \u00e0 l\u2019extrait de riz 50 ml. Nourrit la peau, am\u00e9liore l\u2019\u00e9clat et aide \u00e0 unifier le teint soin K-Beauty. Disponible au Maroc","breadcrumb":{"@id":"https:\/\/vitablanca.ma\/produit\/seoul-glam-k-beauty-rice-moisturizing-face-cream-50ml-maroc-prix\/#breadcrumb"},"inLanguage":"ar","potentialAction":[{"@type":"ReadAction","target":["https:\/\/vitablanca.ma\/produit\/seoul-glam-k-beauty-rice-moisturizing-face-cream-50ml-maroc-prix\/"]}]},{"@type":"ImageObject","inLanguage":"ar","@id":"https:\/\/vitablanca.ma\/produit\/seoul-glam-k-beauty-rice-moisturizing-face-cream-50ml-maroc-prix\/#primaryimage","url":"https:\/\/vitablanca.ma\/wp-content\/uploads\/2026\/02\/Seoul-Glam-K-Beauty-Rice-Moisturizing-Face-Cream-50ml1.jpg","contentUrl":"https:\/\/vitablanca.ma\/wp-content\/uploads\/2026\/02\/Seoul-Glam-K-Beauty-Rice-Moisturizing-Face-Cream-50ml1.jpg","width":680,"height":680},{"@type":"BreadcrumbList","@id":"https:\/\/vitablanca.ma\/produit\/seoul-glam-k-beauty-rice-moisturizing-face-cream-50ml-maroc-prix\/#breadcrumb","itemListElement":[{"@type":"ListItem","position":1,"name":"Home","item":"https:\/\/vitablanca.ma\/"},{"@type":"ListItem","position":2,"name":"Tous Les Produits","item":"https:\/\/vitablanca.ma\/tous-les-produits\/"},{"@type":"ListItem","position":3,"name":"Seoul Glam K-Beauty Rice Moisturizing Face Cream 50ml"}]},{"@type":"WebSite","@id":"https:\/\/vitablanca.ma\/#website","url":"https:\/\/vitablanca.ma\/","name":"VitaBlanca.ma | \u0627\u0644\u0645\u0643\u0645\u0644\u0627\u062a \u0627\u0644\u063a\u0630\u0627\u0626\u064a\u0629\u060c \u0627\u0644\u0635\u062d\u0629 \u0648\u0627\u0644\u062c\u0645\u0627\u0644 \u0641\u064a \u0627\u0644\u0645\u063a\u0631\u0628","description":"\u0646\u0628\u064a\u0639 \u0641\u064a\u062a\u0627\u0645\u064a\u0646\u0627\u062a \u0648\u0645\u0643\u0645\u0644\u0627\u062a \u063a\u0630\u0627\u0626\u064a\u0629 \u0641\u0627\u062e\u0631\u0629 \u0645\u0646 \u0627\u0644\u0648\u0644\u0627\u064a\u0627\u062a \u0627\u0644\u0645\u062a\u062d\u062f\u0629 \u0627\u0644\u0623\u0645\u0631\u064a\u0643\u064a\u0629 \u0648\u0643\u0646\u062f\u0627 \u0648\u0646\u064a\u0648\u0632\u064a\u0644\u0646\u062f\u0627 \u0648\u0627\u0644\u0645\u063a\u0631\u0628 (\u0646\u0627\u0648 \u0641\u0648\u062f\u0632\u060c \u0633\u0648\u0644\u062c\u0627\u0631\u060c \u0645\u0627\u0646\u0648\u0643\u0627). \u062a\u0648\u0635\u064a\u0644 \u0633\u0631\u064a\u0639 \u0625\u0644\u0649 \u062c\u0645\u064a\u0639 \u0623\u0646\u062d\u0627\u0621 \u0627\u0644\u0645\u063a\u0631\u0628.","publisher":{"@id":"https:\/\/vitablanca.ma\/#organization"},"alternateName":"VitaBlanca.ma","potentialAction":[{"@type":"SearchAction","target":{"@type":"EntryPoint","urlTemplate":"https:\/\/vitablanca.ma\/?s={search_term_string}"},"query-input":{"@type":"PropertyValueSpecification","valueRequired":true,"valueName":"search_term_string"}}],"inLanguage":"ar"},{"@type":"Organization","@id":"https:\/\/vitablanca.ma\/#organization","name":"\u0641\u064a\u062a\u0627\u0628\u0644\u0627\u0646\u0643\u0627","url":"https:\/\/vitablanca.ma\/","logo":{"@type":"ImageObject","inLanguage":"ar","@id":"https:\/\/vitablanca.ma\/#\/schema\/logo\/image\/","url":"https:\/\/vitablanca.ma\/wp-content\/uploads\/2025\/05\/cropped-vitablanca.png","contentUrl":"https:\/\/vitablanca.ma\/wp-content\/uploads\/2025\/05\/cropped-vitablanca.png","width":360,"height":67,"caption":"VitaBlanca"},"image":{"@id":"https:\/\/vitablanca.ma\/#\/schema\/logo\/image\/"},"sameAs":["https:\/\/www.facebook.com\/profile.php?id=61576678196717","https:\/\/www.tiktok.com\/@vitablanca.ma","https:\/\/www.instagram.com\/vitablanca.ma\/"]}]}},"jetpack_sharing_enabled":true,"_links":{"self":[{"href":"https:\/\/vitablanca.ma\/ar\/wp-json\/wp\/v2\/product\/28593","targetHints":{"allow":["GET"]}}],"collection":[{"href":"https:\/\/vitablanca.ma\/ar\/wp-json\/wp\/v2\/product"}],"about":[{"href":"https:\/\/vitablanca.ma\/ar\/wp-json\/wp\/v2\/types\/product"}],"wp:featuredmedia":[{"embeddable":true,"href":"https:\/\/vitablanca.ma\/ar\/wp-json\/wp\/v2\/media\/28595"}],"wp:attachment":[{"href":"https:\/\/vitablanca.ma\/ar\/wp-json\/wp\/v2\/media?parent=28593"}],"wp:term":[{"taxonomy":"product_brand","embeddable":true,"href":"https:\/\/vitablanca.ma\/ar\/wp-json\/wp\/v2\/product_brand?post=28593"},{"taxonomy":"product_cat","embeddable":true,"href":"https:\/\/vitablanca.ma\/ar\/wp-json\/wp\/v2\/product_cat?post=28593"},{"taxonomy":"product_tag","embeddable":true,"href":"https:\/\/vitablanca.ma\/ar\/wp-json\/wp\/v2\/product_tag?post=28593"}],"curies":[{"name":"wp","href":"https:\/\/api.w.org\/{rel}","templated":true}]}}