{"id":28581,"date":"2026-02-03T16:30:55","date_gmt":"2026-02-03T16:30:55","guid":{"rendered":"https:\/\/vitablanca.ma\/?post_type=product&#038;p=28581"},"modified":"2026-02-03T16:30:56","modified_gmt":"2026-02-03T16:30:56","slug":"eviana-glow-peel-toner-7-acide-glycolique-3-acide-lactique-200ml-maroc-prix","status":"publish","type":"product","link":"https:\/\/vitablanca.ma\/ar\/product-2\/eviana-glow-peel-toner-7-acide-glycolique-3-acide-lactique-200ml-maroc-prix\/","title":{"rendered":"EVIANA Glow Peel Toner 7%, Acide Glycolique 3%, Acide Lactique 200ml"},"content":{"rendered":"<p>Ce tonique puissant mais \u00e9quilibr\u00e9 associe\u00a0<strong>7% d\u2019acide glycolique<\/strong>\u00a0\u0648\u00a0<strong>3% d\u2019acide lactique<\/strong>\u00a0pour exfolier en douceur, affiner le grain de peau et stimuler le renouvellement cellulaire. Les cellules mortes sont \u00e9limin\u00e9es, laissant place \u00e0 une peau plus lumineuse et uniforme.<\/p>\n<p>Sa formule sans alcool est enrichie en agents hydratants pour \u00e9viter toute sensation d\u2019inconfort ou de tiraillement. Adapt\u00e9 \u00e0 tous les types de peau, m\u00eame sensibles (avec une utilisation progressive).<\/p>","protected":false},"excerpt":{"rendered":"<ul>\n<li>Ce tonique puissant mais \u00e9quilibr\u00e9 associe\u00a0<strong>7% d\u2019acide glycolique<\/strong>\u00a0\u0648\u00a0<strong>3% d\u2019acide lactique<\/strong>\u00a0pour exfolier en douceur,<\/li>\n<li>affiner le grain de peau et stimuler le renouvellement cellulaire.<\/li>\n<li>Les cellules mortes sont \u00e9limin\u00e9es, laissant place \u00e0 une peau plus lumineuse et uniforme.<\/li>\n<li>Sa formule sans alcool est enrichie en agents hydratants pour \u00e9viter toute sensation d\u2019inconfort ou de tiraillement. Adapt\u00e9 \u00e0 tous les types de peau, m\u00eame sensibles (avec une utilisation progressive)<\/li>\n<\/ul>","protected":false},"featured_media":28582,"template":"","meta":[],"product_brand":[7293],"product_cat":[18],"product_tag":[6106,7308,7306,6270,7307,3492,6416,6660,5863,6109],"class_list":{"0":"post-28581","1":"product","2":"type-product","3":"status-publish","4":"has-post-thumbnail","6":"product_brand-eviana","7":"product_cat-beaute-sante","8":"product_tag-acide-glycolique","9":"product_tag-acide-lactique","10":"product_tag-eviana","11":"product_tag-exfoliation-douce","12":"product_tag-glow-peel-toner","13":"product_tag-maroc","14":"product_tag-peau-eclatante","15":"product_tag-routine-beaute","16":"product_tag-soin-visage","17":"product_tag-teint-lumineux","19":"first","20":"instock","21":"sale","22":"taxable","23":"shipping-taxable","24":"purchasable","25":"product-type-simple"},"yoast_head":"<!-- This site is optimized with the Yoast SEO plugin v27.6 - https:\/\/yoast.com\/product\/yoast-seo-wordpress\/ -->\n<title>Eviana Glow Peel Toner 7% 200 ml \u2013 Maroc Prix<\/title>\n<meta name=\"description\" content=\"Toner Eviana Glow Peel 7% avec acide glycolique 3% et acide lactique. Exfolie en douceur, unifie le teint et illumine la peau. 200 ml. Disponible au Maroc.\" \/>\n<meta name=\"robots\" content=\"index, follow, max-snippet:-1, max-image-preview:large, max-video-preview:-1\" \/>\n<link rel=\"canonical\" href=\"https:\/\/vitablanca.ma\/ar\/product-2\/eviana-glow-peel-toner-7-acide-glycolique-3-acide-lactique-200ml-maroc-prix\/\" \/>\n<meta property=\"og:locale\" content=\"ar_AR\" \/>\n<meta property=\"og:type\" content=\"article\" \/>\n<meta property=\"og:title\" content=\"Eviana Glow Peel Toner 7% 200 ml \u2013 Maroc Prix\" \/>\n<meta property=\"og:description\" content=\"Toner Eviana Glow Peel 7% avec acide glycolique 3% et acide lactique. Exfolie en douceur, unifie le teint et illumine la peau. 200 ml. Disponible au Maroc.\" \/>\n<meta property=\"og:url\" content=\"https:\/\/vitablanca.ma\/ar\/product-2\/eviana-glow-peel-toner-7-acide-glycolique-3-acide-lactique-200ml-maroc-prix\/\" \/>\n<meta property=\"og:site_name\" content=\"Vitablanca.ma &ndash; Sant&eacute;, vitalit&eacute; et bien-&ecirc;tre pour tous les Marocains\" \/>\n<meta property=\"article:publisher\" content=\"https:\/\/www.facebook.com\/profile.php?id=61576678196717\" \/>\n<meta property=\"article:modified_time\" content=\"2026-02-03T16:30:56+00:00\" \/>\n<meta property=\"og:image\" content=\"https:\/\/vitablanca.ma\/wp-content\/uploads\/2026\/02\/EVIANA-Glow-Peel-Toner-7-Acide-Glycolique-3-Acide-Lactique-200ml1.webp\" \/>\n\t<meta property=\"og:image:width\" content=\"700\" \/>\n\t<meta property=\"og:image:height\" content=\"700\" \/>\n\t<meta property=\"og:image:type\" content=\"image\/webp\" \/>\n<meta name=\"twitter:card\" content=\"summary_large_image\" \/>\n<meta name=\"twitter:label1\" content=\"\u0648\u0642\u062a \u0627\u0644\u0642\u0631\u0627\u0621\u0629 \u0627\u0644\u0645\u064f\u0642\u062f\u0651\u0631\" \/>\n\t<meta name=\"twitter:data1\" content=\"\u062f\u0642\u064a\u0642\u0629 \u0648\u0627\u062d\u062f\u0629\" \/>\n<script type=\"application\/ld+json\" class=\"yoast-schema-graph\">{\"@context\":\"https:\\\/\\\/schema.org\",\"@graph\":[{\"@type\":[\"WebPage\",\"ItemPage\"],\"@id\":\"https:\\\/\\\/vitablanca.ma\\\/produit\\\/eviana-glow-peel-toner-7-acide-glycolique-3-acide-lactique-200ml-maroc-prix\\\/\",\"url\":\"https:\\\/\\\/vitablanca.ma\\\/produit\\\/eviana-glow-peel-toner-7-acide-glycolique-3-acide-lactique-200ml-maroc-prix\\\/\",\"name\":\"Eviana Glow Peel Toner 7% 200 ml \u2013 Maroc Prix\",\"isPartOf\":{\"@id\":\"https:\\\/\\\/vitablanca.ma\\\/#website\"},\"primaryImageOfPage\":{\"@id\":\"https:\\\/\\\/vitablanca.ma\\\/produit\\\/eviana-glow-peel-toner-7-acide-glycolique-3-acide-lactique-200ml-maroc-prix\\\/#primaryimage\"},\"image\":{\"@id\":\"https:\\\/\\\/vitablanca.ma\\\/produit\\\/eviana-glow-peel-toner-7-acide-glycolique-3-acide-lactique-200ml-maroc-prix\\\/#primaryimage\"},\"thumbnailUrl\":\"https:\\\/\\\/vitablanca.ma\\\/wp-content\\\/uploads\\\/2026\\\/02\\\/EVIANA-Glow-Peel-Toner-7-Acide-Glycolique-3-Acide-Lactique-200ml1.webp\",\"datePublished\":\"2026-02-03T16:30:55+00:00\",\"dateModified\":\"2026-02-03T16:30:56+00:00\",\"description\":\"Toner Eviana Glow Peel 7% avec acide glycolique 3% et acide lactique. Exfolie en douceur, unifie le teint et illumine la peau. 200 ml. Disponible au Maroc.\",\"breadcrumb\":{\"@id\":\"https:\\\/\\\/vitablanca.ma\\\/produit\\\/eviana-glow-peel-toner-7-acide-glycolique-3-acide-lactique-200ml-maroc-prix\\\/#breadcrumb\"},\"inLanguage\":\"ar\",\"potentialAction\":[{\"@type\":\"ReadAction\",\"target\":[\"https:\\\/\\\/vitablanca.ma\\\/produit\\\/eviana-glow-peel-toner-7-acide-glycolique-3-acide-lactique-200ml-maroc-prix\\\/\"]}]},{\"@type\":\"ImageObject\",\"inLanguage\":\"ar\",\"@id\":\"https:\\\/\\\/vitablanca.ma\\\/produit\\\/eviana-glow-peel-toner-7-acide-glycolique-3-acide-lactique-200ml-maroc-prix\\\/#primaryimage\",\"url\":\"https:\\\/\\\/vitablanca.ma\\\/wp-content\\\/uploads\\\/2026\\\/02\\\/EVIANA-Glow-Peel-Toner-7-Acide-Glycolique-3-Acide-Lactique-200ml1.webp\",\"contentUrl\":\"https:\\\/\\\/vitablanca.ma\\\/wp-content\\\/uploads\\\/2026\\\/02\\\/EVIANA-Glow-Peel-Toner-7-Acide-Glycolique-3-Acide-Lactique-200ml1.webp\",\"width\":700,\"height\":700},{\"@type\":\"BreadcrumbList\",\"@id\":\"https:\\\/\\\/vitablanca.ma\\\/produit\\\/eviana-glow-peel-toner-7-acide-glycolique-3-acide-lactique-200ml-maroc-prix\\\/#breadcrumb\",\"itemListElement\":[{\"@type\":\"ListItem\",\"position\":1,\"name\":\"Home\",\"item\":\"https:\\\/\\\/vitablanca.ma\\\/\"},{\"@type\":\"ListItem\",\"position\":2,\"name\":\"Tous Les Produits\",\"item\":\"https:\\\/\\\/vitablanca.ma\\\/tous-les-produits\\\/\"},{\"@type\":\"ListItem\",\"position\":3,\"name\":\"EVIANA Glow Peel Toner 7%, Acide Glycolique 3%, Acide Lactique 200ml\"}]},{\"@type\":\"WebSite\",\"@id\":\"https:\\\/\\\/vitablanca.ma\\\/#website\",\"url\":\"https:\\\/\\\/vitablanca.ma\\\/\",\"name\":\"VitaBlanca.ma | Compl\u00e9ments alimentaires, sant\u00e9 & beaut\u00e9 au Maroc\",\"description\":\"vendre vitamines et compl\u00e9ments premium des USA &amp; Canada, Nouvelle Z\u00e9lande,Maroc (NOW Foods, Solgar, Manuka). Livraison rapide partout au Maroc.\",\"publisher\":{\"@id\":\"https:\\\/\\\/vitablanca.ma\\\/#organization\"},\"alternateName\":\"VitaBlanca.ma\",\"potentialAction\":[{\"@type\":\"SearchAction\",\"target\":{\"@type\":\"EntryPoint\",\"urlTemplate\":\"https:\\\/\\\/vitablanca.ma\\\/?s={search_term_string}\"},\"query-input\":{\"@type\":\"PropertyValueSpecification\",\"valueRequired\":true,\"valueName\":\"search_term_string\"}}],\"inLanguage\":\"ar\"},{\"@type\":\"Organization\",\"@id\":\"https:\\\/\\\/vitablanca.ma\\\/#organization\",\"name\":\"VitaBlanca\",\"url\":\"https:\\\/\\\/vitablanca.ma\\\/\",\"logo\":{\"@type\":\"ImageObject\",\"inLanguage\":\"ar\",\"@id\":\"https:\\\/\\\/vitablanca.ma\\\/#\\\/schema\\\/logo\\\/image\\\/\",\"url\":\"https:\\\/\\\/vitablanca.ma\\\/wp-content\\\/uploads\\\/2025\\\/05\\\/cropped-vitablanca.png\",\"contentUrl\":\"https:\\\/\\\/vitablanca.ma\\\/wp-content\\\/uploads\\\/2025\\\/05\\\/cropped-vitablanca.png\",\"width\":360,\"height\":67,\"caption\":\"VitaBlanca\"},\"image\":{\"@id\":\"https:\\\/\\\/vitablanca.ma\\\/#\\\/schema\\\/logo\\\/image\\\/\"},\"sameAs\":[\"https:\\\/\\\/www.facebook.com\\\/profile.php?id=61576678196717\",\"https:\\\/\\\/www.tiktok.com\\\/@vitablanca.ma\",\"https:\\\/\\\/www.instagram.com\\\/vitablanca.ma\\\/\"]}]}<\/script>\n<!-- \/ Yoast SEO plugin. -->","yoast_head_json":{"title":"Eviana Glow Peel Toner 7% 200 ml \u2013 Maroc Prix","description":"Toner Eviana Glow Peel 7% avec acide glycolique 3% et acide lactique. Exfolie en douceur, unifie le teint et illumine la peau. 200 ml. Disponible au Maroc.","robots":{"index":"index","follow":"follow","max-snippet":"max-snippet:-1","max-image-preview":"max-image-preview:large","max-video-preview":"max-video-preview:-1"},"canonical":"https:\/\/vitablanca.ma\/ar\/product-2\/eviana-glow-peel-toner-7-acide-glycolique-3-acide-lactique-200ml-maroc-prix\/","og_locale":"ar_AR","og_type":"article","og_title":"Eviana Glow Peel Toner 7% 200 ml \u2013 Maroc Prix","og_description":"Toner Eviana Glow Peel 7% avec acide glycolique 3% et acide lactique. Exfolie en douceur, unifie le teint et illumine la peau. 200 ml. Disponible au Maroc.","og_url":"https:\/\/vitablanca.ma\/ar\/product-2\/eviana-glow-peel-toner-7-acide-glycolique-3-acide-lactique-200ml-maroc-prix\/","og_site_name":"Vitablanca.ma &ndash; Sant&eacute;, vitalit&eacute; et bien-&ecirc;tre pour tous les Marocains","article_publisher":"https:\/\/www.facebook.com\/profile.php?id=61576678196717","article_modified_time":"2026-02-03T16:30:56+00:00","og_image":[{"width":700,"height":700,"url":"https:\/\/vitablanca.ma\/wp-content\/uploads\/2026\/02\/EVIANA-Glow-Peel-Toner-7-Acide-Glycolique-3-Acide-Lactique-200ml1.webp","type":"image\/webp"}],"twitter_card":"summary_large_image","twitter_misc":{"\u0648\u0642\u062a \u0627\u0644\u0642\u0631\u0627\u0621\u0629 \u0627\u0644\u0645\u064f\u0642\u062f\u0651\u0631":"\u062f\u0642\u064a\u0642\u0629 \u0648\u0627\u062d\u062f\u0629"},"schema":{"@context":"https:\/\/schema.org","@graph":[{"@type":["WebPage","ItemPage"],"@id":"https:\/\/vitablanca.ma\/produit\/eviana-glow-peel-toner-7-acide-glycolique-3-acide-lactique-200ml-maroc-prix\/","url":"https:\/\/vitablanca.ma\/produit\/eviana-glow-peel-toner-7-acide-glycolique-3-acide-lactique-200ml-maroc-prix\/","name":"Eviana Glow Peel Toner 7% 200 ml \u2013 Maroc Prix","isPartOf":{"@id":"https:\/\/vitablanca.ma\/#website"},"primaryImageOfPage":{"@id":"https:\/\/vitablanca.ma\/produit\/eviana-glow-peel-toner-7-acide-glycolique-3-acide-lactique-200ml-maroc-prix\/#primaryimage"},"image":{"@id":"https:\/\/vitablanca.ma\/produit\/eviana-glow-peel-toner-7-acide-glycolique-3-acide-lactique-200ml-maroc-prix\/#primaryimage"},"thumbnailUrl":"https:\/\/vitablanca.ma\/wp-content\/uploads\/2026\/02\/EVIANA-Glow-Peel-Toner-7-Acide-Glycolique-3-Acide-Lactique-200ml1.webp","datePublished":"2026-02-03T16:30:55+00:00","dateModified":"2026-02-03T16:30:56+00:00","description":"Toner Eviana Glow Peel 7% avec acide glycolique 3% et acide lactique. Exfolie en douceur, unifie le teint et illumine la peau. 200 ml. Disponible au Maroc.","breadcrumb":{"@id":"https:\/\/vitablanca.ma\/produit\/eviana-glow-peel-toner-7-acide-glycolique-3-acide-lactique-200ml-maroc-prix\/#breadcrumb"},"inLanguage":"ar","potentialAction":[{"@type":"ReadAction","target":["https:\/\/vitablanca.ma\/produit\/eviana-glow-peel-toner-7-acide-glycolique-3-acide-lactique-200ml-maroc-prix\/"]}]},{"@type":"ImageObject","inLanguage":"ar","@id":"https:\/\/vitablanca.ma\/produit\/eviana-glow-peel-toner-7-acide-glycolique-3-acide-lactique-200ml-maroc-prix\/#primaryimage","url":"https:\/\/vitablanca.ma\/wp-content\/uploads\/2026\/02\/EVIANA-Glow-Peel-Toner-7-Acide-Glycolique-3-Acide-Lactique-200ml1.webp","contentUrl":"https:\/\/vitablanca.ma\/wp-content\/uploads\/2026\/02\/EVIANA-Glow-Peel-Toner-7-Acide-Glycolique-3-Acide-Lactique-200ml1.webp","width":700,"height":700},{"@type":"BreadcrumbList","@id":"https:\/\/vitablanca.ma\/produit\/eviana-glow-peel-toner-7-acide-glycolique-3-acide-lactique-200ml-maroc-prix\/#breadcrumb","itemListElement":[{"@type":"ListItem","position":1,"name":"Home","item":"https:\/\/vitablanca.ma\/"},{"@type":"ListItem","position":2,"name":"Tous Les Produits","item":"https:\/\/vitablanca.ma\/tous-les-produits\/"},{"@type":"ListItem","position":3,"name":"EVIANA Glow Peel Toner 7%, Acide Glycolique 3%, Acide Lactique 200ml"}]},{"@type":"WebSite","@id":"https:\/\/vitablanca.ma\/#website","url":"https:\/\/vitablanca.ma\/","name":"VitaBlanca.ma | \u0627\u0644\u0645\u0643\u0645\u0644\u0627\u062a \u0627\u0644\u063a\u0630\u0627\u0626\u064a\u0629\u060c \u0627\u0644\u0635\u062d\u0629 \u0648\u0627\u0644\u062c\u0645\u0627\u0644 \u0641\u064a \u0627\u0644\u0645\u063a\u0631\u0628","description":"\u0646\u0628\u064a\u0639 \u0641\u064a\u062a\u0627\u0645\u064a\u0646\u0627\u062a \u0648\u0645\u0643\u0645\u0644\u0627\u062a \u063a\u0630\u0627\u0626\u064a\u0629 \u0641\u0627\u062e\u0631\u0629 \u0645\u0646 \u0627\u0644\u0648\u0644\u0627\u064a\u0627\u062a \u0627\u0644\u0645\u062a\u062d\u062f\u0629 \u0627\u0644\u0623\u0645\u0631\u064a\u0643\u064a\u0629 \u0648\u0643\u0646\u062f\u0627 \u0648\u0646\u064a\u0648\u0632\u064a\u0644\u0646\u062f\u0627 \u0648\u0627\u0644\u0645\u063a\u0631\u0628 (\u0646\u0627\u0648 \u0641\u0648\u062f\u0632\u060c \u0633\u0648\u0644\u062c\u0627\u0631\u060c \u0645\u0627\u0646\u0648\u0643\u0627). \u062a\u0648\u0635\u064a\u0644 \u0633\u0631\u064a\u0639 \u0625\u0644\u0649 \u062c\u0645\u064a\u0639 \u0623\u0646\u062d\u0627\u0621 \u0627\u0644\u0645\u063a\u0631\u0628.","publisher":{"@id":"https:\/\/vitablanca.ma\/#organization"},"alternateName":"VitaBlanca.ma","potentialAction":[{"@type":"SearchAction","target":{"@type":"EntryPoint","urlTemplate":"https:\/\/vitablanca.ma\/?s={search_term_string}"},"query-input":{"@type":"PropertyValueSpecification","valueRequired":true,"valueName":"search_term_string"}}],"inLanguage":"ar"},{"@type":"Organization","@id":"https:\/\/vitablanca.ma\/#organization","name":"\u0641\u064a\u062a\u0627\u0628\u0644\u0627\u0646\u0643\u0627","url":"https:\/\/vitablanca.ma\/","logo":{"@type":"ImageObject","inLanguage":"ar","@id":"https:\/\/vitablanca.ma\/#\/schema\/logo\/image\/","url":"https:\/\/vitablanca.ma\/wp-content\/uploads\/2025\/05\/cropped-vitablanca.png","contentUrl":"https:\/\/vitablanca.ma\/wp-content\/uploads\/2025\/05\/cropped-vitablanca.png","width":360,"height":67,"caption":"VitaBlanca"},"image":{"@id":"https:\/\/vitablanca.ma\/#\/schema\/logo\/image\/"},"sameAs":["https:\/\/www.facebook.com\/profile.php?id=61576678196717","https:\/\/www.tiktok.com\/@vitablanca.ma","https:\/\/www.instagram.com\/vitablanca.ma\/"]}]}},"jetpack_sharing_enabled":true,"_links":{"self":[{"href":"https:\/\/vitablanca.ma\/ar\/wp-json\/wp\/v2\/product\/28581","targetHints":{"allow":["GET"]}}],"collection":[{"href":"https:\/\/vitablanca.ma\/ar\/wp-json\/wp\/v2\/product"}],"about":[{"href":"https:\/\/vitablanca.ma\/ar\/wp-json\/wp\/v2\/types\/product"}],"wp:featuredmedia":[{"embeddable":true,"href":"https:\/\/vitablanca.ma\/ar\/wp-json\/wp\/v2\/media\/28582"}],"wp:attachment":[{"href":"https:\/\/vitablanca.ma\/ar\/wp-json\/wp\/v2\/media?parent=28581"}],"wp:term":[{"taxonomy":"product_brand","embeddable":true,"href":"https:\/\/vitablanca.ma\/ar\/wp-json\/wp\/v2\/product_brand?post=28581"},{"taxonomy":"product_cat","embeddable":true,"href":"https:\/\/vitablanca.ma\/ar\/wp-json\/wp\/v2\/product_cat?post=28581"},{"taxonomy":"product_tag","embeddable":true,"href":"https:\/\/vitablanca.ma\/ar\/wp-json\/wp\/v2\/product_tag?post=28581"}],"curies":[{"name":"wp","href":"https:\/\/api.w.org\/{rel}","templated":true}]}}