{"id":28558,"date":"2026-02-02T23:34:04","date_gmt":"2026-02-02T23:34:04","guid":{"rendered":"https:\/\/vitablanca.ma\/?post_type=product&#038;p=28558"},"modified":"2026-02-02T23:34:04","modified_gmt":"2026-02-02T23:34:04","slug":"oriflame-amber-elixir-eau-de-parfum-50ml-for-women","status":"publish","type":"product","link":"https:\/\/vitablanca.ma\/ar\/product-2\/oriflame-amber-elixir-eau-de-parfum-50ml-for-women\/","title":{"rendered":"Oriflame Amber Elixir Eau de Parfum 50ml for women"},"content":{"rendered":"<div class=\"card aim -mtm\">\n<div class=\"markup -mhm -pvl -oxa -sc\">\n<p>Inspir\u00e9e par la beaut\u00e9 myst\u00e9rieuse de l&rsquo;Ambre, Amber Elixir d\u00e9gage une aura de sensualit\u00e9 s\u00e9duisante et de tranquillit\u00e9. Les notes persistantes et chaudes du Cassis et de la Mandarine embrassent l&rsquo;H\u00e9liotrope s\u00e9duisante.<\/p>\n<\/div>\n<\/div>\n<section class=\"card aim -mtm -fs16\">\n<div id=\"specifications\" class=\"hook\"><\/div>\n<header class=\"-pvs -bb\"><\/header>\n<\/section>","protected":false},"excerpt":{"rendered":"<ul>\n<li>nspir\u00e9e par la beaut\u00e9 myst\u00e9rieuse de l&rsquo;Ambre<\/li>\n<li>Amber Elixir d\u00e9gage une aura de sensualit\u00e9 s\u00e9duisante et de tranquillit\u00e9<\/li>\n<li>Parfum du type le plus fin en ambre pur<\/li>\n<li>Le parfum est merveilleux et attrayant<\/li>\n<li>La forme de la bouteille est magnifique et \u00e9l\u00e9gante<\/li>\n<li><strong>Mod\u00e8le<\/strong>: eau de parfum<\/li>\n<li><strong>Poids (kg)<\/strong>: 0.5<\/li>\n<\/ul>","protected":false},"featured_media":28560,"template":"","meta":{"om_disable_all_campaigns":false},"product_brand":[6964],"product_cat":[18],"product_tag":[7186,3251,7189,6022,3492,7188,6965,6719,6969,7187],"class_list":{"0":"post-28558","1":"product","2":"type-product","3":"status-publish","4":"has-post-thumbnail","6":"product_brand-oriflame","7":"product_cat-beaute-sante","8":"product_tag-amber-elixir","9":"product_tag-eau-de-parfum","10":"product_tag-fragrance-feminine","11":"product_tag-longue-tenue","12":"product_tag-maroc","13":"product_tag-notes-ambrees","14":"product_tag-oriflame","15":"product_tag-parfum-elegant","16":"product_tag-parfum-femme","17":"product_tag-parfum-oriental","19":"first","20":"instock","21":"sale","22":"taxable","23":"shipping-taxable","24":"purchasable","25":"product-type-simple"},"yoast_head":"<!-- This site is optimized with the Yoast SEO plugin v27.4 - https:\/\/yoast.com\/product\/yoast-seo-wordpress\/ -->\n<title>Oriflame Amber Elixir Eau de Parfum Femme 50 ml \u2013 Maroc Prix<\/title>\n<meta name=\"description\" content=\"Eau de Parfum Oriflame Amber Elixir 50 ml pour femme. Parfum oriental chaud et sensuel aux notes ambr\u00e9es, id\u00e9al pour une touche \u00e9l\u00e9gante et f\u00e9minine.\" \/>\n<meta name=\"robots\" content=\"index, follow, max-snippet:-1, max-image-preview:large, max-video-preview:-1\" \/>\n<link rel=\"canonical\" href=\"https:\/\/vitablanca.ma\/ar\/product-2\/oriflame-amber-elixir-eau-de-parfum-50ml-for-women\/\" \/>\n<meta property=\"og:locale\" content=\"ar_AR\" \/>\n<meta property=\"og:type\" content=\"article\" \/>\n<meta property=\"og:title\" content=\"Oriflame Amber Elixir Eau de Parfum Femme 50 ml \u2013 Maroc Prix\" \/>\n<meta property=\"og:description\" content=\"Eau de Parfum Oriflame Amber Elixir 50 ml pour femme. Parfum oriental chaud et sensuel aux notes ambr\u00e9es, id\u00e9al pour une touche \u00e9l\u00e9gante et f\u00e9minine.\" \/>\n<meta property=\"og:url\" content=\"https:\/\/vitablanca.ma\/ar\/product-2\/oriflame-amber-elixir-eau-de-parfum-50ml-for-women\/\" \/>\n<meta property=\"og:site_name\" content=\"Vitablanca.ma &ndash; Sant&eacute;, vitalit&eacute; et bien-&ecirc;tre pour tous les Marocains\" \/>\n<meta property=\"article:publisher\" content=\"https:\/\/www.facebook.com\/profile.php?id=61576678196717\" \/>\n<meta property=\"og:image\" content=\"https:\/\/vitablanca.ma\/wp-content\/uploads\/2026\/02\/Oriflame-Amber-Elixir-Eau-de-Parfum-50ml-for-women1.jpg\" \/>\n\t<meta property=\"og:image:width\" content=\"500\" \/>\n\t<meta property=\"og:image:height\" content=\"500\" \/>\n\t<meta property=\"og:image:type\" content=\"image\/jpeg\" \/>\n<meta name=\"twitter:card\" content=\"summary_large_image\" \/>\n<meta name=\"twitter:label1\" content=\"\u0648\u0642\u062a \u0627\u0644\u0642\u0631\u0627\u0621\u0629 \u0627\u0644\u0645\u064f\u0642\u062f\u0651\u0631\" \/>\n\t<meta name=\"twitter:data1\" content=\"\u062f\u0642\u064a\u0642\u0629 \u0648\u0627\u062d\u062f\u0629\" \/>\n<script type=\"application\/ld+json\" class=\"yoast-schema-graph\">{\"@context\":\"https:\\\/\\\/schema.org\",\"@graph\":[{\"@type\":[\"WebPage\",\"ItemPage\"],\"@id\":\"https:\\\/\\\/vitablanca.ma\\\/produit\\\/oriflame-amber-elixir-eau-de-parfum-50ml-for-women\\\/\",\"url\":\"https:\\\/\\\/vitablanca.ma\\\/produit\\\/oriflame-amber-elixir-eau-de-parfum-50ml-for-women\\\/\",\"name\":\"Oriflame Amber Elixir Eau de Parfum Femme 50 ml \u2013 Maroc Prix\",\"isPartOf\":{\"@id\":\"https:\\\/\\\/vitablanca.ma\\\/#website\"},\"primaryImageOfPage\":{\"@id\":\"https:\\\/\\\/vitablanca.ma\\\/produit\\\/oriflame-amber-elixir-eau-de-parfum-50ml-for-women\\\/#primaryimage\"},\"image\":{\"@id\":\"https:\\\/\\\/vitablanca.ma\\\/produit\\\/oriflame-amber-elixir-eau-de-parfum-50ml-for-women\\\/#primaryimage\"},\"thumbnailUrl\":\"https:\\\/\\\/vitablanca.ma\\\/wp-content\\\/uploads\\\/2026\\\/02\\\/Oriflame-Amber-Elixir-Eau-de-Parfum-50ml-for-women1.jpg\",\"datePublished\":\"2026-02-02T23:34:04+00:00\",\"description\":\"Eau de Parfum Oriflame Amber Elixir 50 ml pour femme. Parfum oriental chaud et sensuel aux notes ambr\u00e9es, id\u00e9al pour une touche \u00e9l\u00e9gante et f\u00e9minine.\",\"breadcrumb\":{\"@id\":\"https:\\\/\\\/vitablanca.ma\\\/produit\\\/oriflame-amber-elixir-eau-de-parfum-50ml-for-women\\\/#breadcrumb\"},\"inLanguage\":\"ar\",\"potentialAction\":[{\"@type\":\"ReadAction\",\"target\":[\"https:\\\/\\\/vitablanca.ma\\\/produit\\\/oriflame-amber-elixir-eau-de-parfum-50ml-for-women\\\/\"]}]},{\"@type\":\"ImageObject\",\"inLanguage\":\"ar\",\"@id\":\"https:\\\/\\\/vitablanca.ma\\\/produit\\\/oriflame-amber-elixir-eau-de-parfum-50ml-for-women\\\/#primaryimage\",\"url\":\"https:\\\/\\\/vitablanca.ma\\\/wp-content\\\/uploads\\\/2026\\\/02\\\/Oriflame-Amber-Elixir-Eau-de-Parfum-50ml-for-women1.jpg\",\"contentUrl\":\"https:\\\/\\\/vitablanca.ma\\\/wp-content\\\/uploads\\\/2026\\\/02\\\/Oriflame-Amber-Elixir-Eau-de-Parfum-50ml-for-women1.jpg\",\"width\":500,\"height\":500},{\"@type\":\"BreadcrumbList\",\"@id\":\"https:\\\/\\\/vitablanca.ma\\\/produit\\\/oriflame-amber-elixir-eau-de-parfum-50ml-for-women\\\/#breadcrumb\",\"itemListElement\":[{\"@type\":\"ListItem\",\"position\":1,\"name\":\"Home\",\"item\":\"https:\\\/\\\/vitablanca.ma\\\/\"},{\"@type\":\"ListItem\",\"position\":2,\"name\":\"Tous Les Produits\",\"item\":\"https:\\\/\\\/vitablanca.ma\\\/tous-les-produits\\\/\"},{\"@type\":\"ListItem\",\"position\":3,\"name\":\"Oriflame Amber Elixir Eau de Parfum 50ml for women\"}]},{\"@type\":\"WebSite\",\"@id\":\"https:\\\/\\\/vitablanca.ma\\\/#website\",\"url\":\"https:\\\/\\\/vitablanca.ma\\\/\",\"name\":\"VitaBlanca.ma | Compl\u00e9ments alimentaires, sant\u00e9 & beaut\u00e9 au Maroc\",\"description\":\"vendre vitamines et compl\u00e9ments premium des USA &amp; Canada, Nouvelle Z\u00e9lande,Maroc (NOW Foods, Solgar, Manuka). Livraison rapide partout au Maroc.\",\"publisher\":{\"@id\":\"https:\\\/\\\/vitablanca.ma\\\/#organization\"},\"alternateName\":\"VitaBlanca.ma\",\"potentialAction\":[{\"@type\":\"SearchAction\",\"target\":{\"@type\":\"EntryPoint\",\"urlTemplate\":\"https:\\\/\\\/vitablanca.ma\\\/?s={search_term_string}\"},\"query-input\":{\"@type\":\"PropertyValueSpecification\",\"valueRequired\":true,\"valueName\":\"search_term_string\"}}],\"inLanguage\":\"ar\"},{\"@type\":\"Organization\",\"@id\":\"https:\\\/\\\/vitablanca.ma\\\/#organization\",\"name\":\"VitaBlanca\",\"url\":\"https:\\\/\\\/vitablanca.ma\\\/\",\"logo\":{\"@type\":\"ImageObject\",\"inLanguage\":\"ar\",\"@id\":\"https:\\\/\\\/vitablanca.ma\\\/#\\\/schema\\\/logo\\\/image\\\/\",\"url\":\"https:\\\/\\\/vitablanca.ma\\\/wp-content\\\/uploads\\\/2025\\\/05\\\/cropped-vitablanca.png\",\"contentUrl\":\"https:\\\/\\\/vitablanca.ma\\\/wp-content\\\/uploads\\\/2025\\\/05\\\/cropped-vitablanca.png\",\"width\":360,\"height\":67,\"caption\":\"VitaBlanca\"},\"image\":{\"@id\":\"https:\\\/\\\/vitablanca.ma\\\/#\\\/schema\\\/logo\\\/image\\\/\"},\"sameAs\":[\"https:\\\/\\\/www.facebook.com\\\/profile.php?id=61576678196717\",\"https:\\\/\\\/www.tiktok.com\\\/@vitablanca.ma\",\"https:\\\/\\\/www.instagram.com\\\/vitablanca.ma\\\/\"]}]}<\/script>\n<!-- \/ Yoast SEO plugin. -->","yoast_head_json":{"title":"Oriflame Amber Elixir Eau de Parfum Femme 50 ml \u2013 Maroc Prix","description":"Eau de Parfum Oriflame Amber Elixir 50 ml pour femme. Parfum oriental chaud et sensuel aux notes ambr\u00e9es, id\u00e9al pour une touche \u00e9l\u00e9gante et f\u00e9minine.","robots":{"index":"index","follow":"follow","max-snippet":"max-snippet:-1","max-image-preview":"max-image-preview:large","max-video-preview":"max-video-preview:-1"},"canonical":"https:\/\/vitablanca.ma\/ar\/product-2\/oriflame-amber-elixir-eau-de-parfum-50ml-for-women\/","og_locale":"ar_AR","og_type":"article","og_title":"Oriflame Amber Elixir Eau de Parfum Femme 50 ml \u2013 Maroc Prix","og_description":"Eau de Parfum Oriflame Amber Elixir 50 ml pour femme. Parfum oriental chaud et sensuel aux notes ambr\u00e9es, id\u00e9al pour une touche \u00e9l\u00e9gante et f\u00e9minine.","og_url":"https:\/\/vitablanca.ma\/ar\/product-2\/oriflame-amber-elixir-eau-de-parfum-50ml-for-women\/","og_site_name":"Vitablanca.ma &ndash; Sant&eacute;, vitalit&eacute; et bien-&ecirc;tre pour tous les Marocains","article_publisher":"https:\/\/www.facebook.com\/profile.php?id=61576678196717","og_image":[{"width":500,"height":500,"url":"https:\/\/vitablanca.ma\/wp-content\/uploads\/2026\/02\/Oriflame-Amber-Elixir-Eau-de-Parfum-50ml-for-women1.jpg","type":"image\/jpeg"}],"twitter_card":"summary_large_image","twitter_misc":{"\u0648\u0642\u062a \u0627\u0644\u0642\u0631\u0627\u0621\u0629 \u0627\u0644\u0645\u064f\u0642\u062f\u0651\u0631":"\u062f\u0642\u064a\u0642\u0629 \u0648\u0627\u062d\u062f\u0629"},"schema":{"@context":"https:\/\/schema.org","@graph":[{"@type":["WebPage","ItemPage"],"@id":"https:\/\/vitablanca.ma\/produit\/oriflame-amber-elixir-eau-de-parfum-50ml-for-women\/","url":"https:\/\/vitablanca.ma\/produit\/oriflame-amber-elixir-eau-de-parfum-50ml-for-women\/","name":"Oriflame Amber Elixir Eau de Parfum Femme 50 ml \u2013 Maroc Prix","isPartOf":{"@id":"https:\/\/vitablanca.ma\/#website"},"primaryImageOfPage":{"@id":"https:\/\/vitablanca.ma\/produit\/oriflame-amber-elixir-eau-de-parfum-50ml-for-women\/#primaryimage"},"image":{"@id":"https:\/\/vitablanca.ma\/produit\/oriflame-amber-elixir-eau-de-parfum-50ml-for-women\/#primaryimage"},"thumbnailUrl":"https:\/\/vitablanca.ma\/wp-content\/uploads\/2026\/02\/Oriflame-Amber-Elixir-Eau-de-Parfum-50ml-for-women1.jpg","datePublished":"2026-02-02T23:34:04+00:00","description":"Eau de Parfum Oriflame Amber Elixir 50 ml pour femme. Parfum oriental chaud et sensuel aux notes ambr\u00e9es, id\u00e9al pour une touche \u00e9l\u00e9gante et f\u00e9minine.","breadcrumb":{"@id":"https:\/\/vitablanca.ma\/produit\/oriflame-amber-elixir-eau-de-parfum-50ml-for-women\/#breadcrumb"},"inLanguage":"ar","potentialAction":[{"@type":"ReadAction","target":["https:\/\/vitablanca.ma\/produit\/oriflame-amber-elixir-eau-de-parfum-50ml-for-women\/"]}]},{"@type":"ImageObject","inLanguage":"ar","@id":"https:\/\/vitablanca.ma\/produit\/oriflame-amber-elixir-eau-de-parfum-50ml-for-women\/#primaryimage","url":"https:\/\/vitablanca.ma\/wp-content\/uploads\/2026\/02\/Oriflame-Amber-Elixir-Eau-de-Parfum-50ml-for-women1.jpg","contentUrl":"https:\/\/vitablanca.ma\/wp-content\/uploads\/2026\/02\/Oriflame-Amber-Elixir-Eau-de-Parfum-50ml-for-women1.jpg","width":500,"height":500},{"@type":"BreadcrumbList","@id":"https:\/\/vitablanca.ma\/produit\/oriflame-amber-elixir-eau-de-parfum-50ml-for-women\/#breadcrumb","itemListElement":[{"@type":"ListItem","position":1,"name":"Home","item":"https:\/\/vitablanca.ma\/"},{"@type":"ListItem","position":2,"name":"Tous Les Produits","item":"https:\/\/vitablanca.ma\/tous-les-produits\/"},{"@type":"ListItem","position":3,"name":"Oriflame Amber Elixir Eau de Parfum 50ml for women"}]},{"@type":"WebSite","@id":"https:\/\/vitablanca.ma\/#website","url":"https:\/\/vitablanca.ma\/","name":"VitaBlanca.ma | \u0627\u0644\u0645\u0643\u0645\u0644\u0627\u062a \u0627\u0644\u063a\u0630\u0627\u0626\u064a\u0629\u060c \u0627\u0644\u0635\u062d\u0629 \u0648\u0627\u0644\u062c\u0645\u0627\u0644 \u0641\u064a \u0627\u0644\u0645\u063a\u0631\u0628","description":"\u0646\u0628\u064a\u0639 \u0641\u064a\u062a\u0627\u0645\u064a\u0646\u0627\u062a \u0648\u0645\u0643\u0645\u0644\u0627\u062a \u063a\u0630\u0627\u0626\u064a\u0629 \u0641\u0627\u062e\u0631\u0629 \u0645\u0646 \u0627\u0644\u0648\u0644\u0627\u064a\u0627\u062a \u0627\u0644\u0645\u062a\u062d\u062f\u0629 \u0627\u0644\u0623\u0645\u0631\u064a\u0643\u064a\u0629 \u0648\u0643\u0646\u062f\u0627 \u0648\u0646\u064a\u0648\u0632\u064a\u0644\u0646\u062f\u0627 \u0648\u0627\u0644\u0645\u063a\u0631\u0628 (\u0646\u0627\u0648 \u0641\u0648\u062f\u0632\u060c \u0633\u0648\u0644\u062c\u0627\u0631\u060c \u0645\u0627\u0646\u0648\u0643\u0627). \u062a\u0648\u0635\u064a\u0644 \u0633\u0631\u064a\u0639 \u0625\u0644\u0649 \u062c\u0645\u064a\u0639 \u0623\u0646\u062d\u0627\u0621 \u0627\u0644\u0645\u063a\u0631\u0628.","publisher":{"@id":"https:\/\/vitablanca.ma\/#organization"},"alternateName":"VitaBlanca.ma","potentialAction":[{"@type":"SearchAction","target":{"@type":"EntryPoint","urlTemplate":"https:\/\/vitablanca.ma\/?s={search_term_string}"},"query-input":{"@type":"PropertyValueSpecification","valueRequired":true,"valueName":"search_term_string"}}],"inLanguage":"ar"},{"@type":"Organization","@id":"https:\/\/vitablanca.ma\/#organization","name":"\u0641\u064a\u062a\u0627\u0628\u0644\u0627\u0646\u0643\u0627","url":"https:\/\/vitablanca.ma\/","logo":{"@type":"ImageObject","inLanguage":"ar","@id":"https:\/\/vitablanca.ma\/#\/schema\/logo\/image\/","url":"https:\/\/vitablanca.ma\/wp-content\/uploads\/2025\/05\/cropped-vitablanca.png","contentUrl":"https:\/\/vitablanca.ma\/wp-content\/uploads\/2025\/05\/cropped-vitablanca.png","width":360,"height":67,"caption":"VitaBlanca"},"image":{"@id":"https:\/\/vitablanca.ma\/#\/schema\/logo\/image\/"},"sameAs":["https:\/\/www.facebook.com\/profile.php?id=61576678196717","https:\/\/www.tiktok.com\/@vitablanca.ma","https:\/\/www.instagram.com\/vitablanca.ma\/"]}]}},"jetpack_sharing_enabled":true,"_links":{"self":[{"href":"https:\/\/vitablanca.ma\/ar\/wp-json\/wp\/v2\/product\/28558","targetHints":{"allow":["GET"]}}],"collection":[{"href":"https:\/\/vitablanca.ma\/ar\/wp-json\/wp\/v2\/product"}],"about":[{"href":"https:\/\/vitablanca.ma\/ar\/wp-json\/wp\/v2\/types\/product"}],"wp:featuredmedia":[{"embeddable":true,"href":"https:\/\/vitablanca.ma\/ar\/wp-json\/wp\/v2\/media\/28560"}],"wp:attachment":[{"href":"https:\/\/vitablanca.ma\/ar\/wp-json\/wp\/v2\/media?parent=28558"}],"wp:term":[{"taxonomy":"product_brand","embeddable":true,"href":"https:\/\/vitablanca.ma\/ar\/wp-json\/wp\/v2\/product_brand?post=28558"},{"taxonomy":"product_cat","embeddable":true,"href":"https:\/\/vitablanca.ma\/ar\/wp-json\/wp\/v2\/product_cat?post=28558"},{"taxonomy":"product_tag","embeddable":true,"href":"https:\/\/vitablanca.ma\/ar\/wp-json\/wp\/v2\/product_tag?post=28558"}],"curies":[{"name":"wp","href":"https:\/\/api.w.org\/{rel}","templated":true}]}}