{"id":28538,"date":"2026-02-02T15:17:03","date_gmt":"2026-02-02T15:17:03","guid":{"rendered":"https:\/\/vitablanca.ma\/?post_type=product&#038;p=28538"},"modified":"2026-02-02T15:17:03","modified_gmt":"2026-02-02T15:17:03","slug":"eternal-mens-perfume-golden-lure-50ml-maroc-prix","status":"publish","type":"product","link":"https:\/\/vitablanca.ma\/ar\/product-2\/eternal-mens-perfume-golden-lure-50ml-maroc-prix\/","title":{"rendered":"Eternal Men&rsquo;s Perfume Golden Lure 50ml"},"content":{"rendered":"<p>l a \u00e9t\u00e9 prouv\u00e9 que la pr\u00e9paration scientifique de parfums aux ph\u00e9romones masculines et f\u00e9minines est capable de s&rsquo;attirer et de s&rsquo;attirer. Formule sp\u00e9cialement con\u00e7ue ! Non seulement cela vous fera sentir bon ! Une pr\u00e9paration mod\u00e9r\u00e9e est tr\u00e8s efficace !<\/p>\n<p>La ph\u00e9romone la plus puissante des \u00eatres humains peut affecter les \u00e9motions et am\u00e9liorer la relation intime avec les partenaires. Am\u00e9liore consid\u00e9rablement la confiance du porteur\u00a0!<\/p>\n<p>Largement utilis\u00e9 : il peut \u00eatre appliqu\u00e9 sur le corps humain ou directement sur les murs, les meubles, le papier, les documents et les appareils \u00e9lectrom\u00e9nagers, cr\u00e9ant diff\u00e9rentes saveurs. Convient aux lieux pr\u00e9sentant un grave d\u00e9s\u00e9quilibre entre les sexes ou aux zones relativement ferm\u00e9es, pour r\u00e9guler les \u00e9motions des gens.<\/p>\n<p>Utilisation : lorsque deux personnes se font face et se frottent le cou, le parfum s&rsquo;expire naturellement dans le nez de l&rsquo;autre avec l&rsquo;air. S&rsquo;il est appliqu\u00e9 derri\u00e8re les oreilles, l&rsquo;effet est \u00e9tonnant lorsque l&rsquo;on se serre dans les bras. S&rsquo;il est appliqu\u00e9 sur la poitrine, il veut vous tenir dans ses bras et les informations sur la poitrine.<\/p>","protected":false},"excerpt":{"rendered":"<ul>\n<li>Parfum pour lui<\/li>\n<li>eternal 50ml<\/li>\n<li>Parfum longue dur\u00e9e<\/li>\n<li>Fragrance Note:\u00a0Fougere<\/li>\n<\/ul>","protected":false},"featured_media":28539,"template":"","meta":{"om_disable_all_campaigns":false},"product_brand":[7157],"product_cat":[18],"product_tag":[6877,3251,7158,7160,7159,6022,3492,6719,6970,6735],"class_list":{"0":"post-28538","1":"product","2":"type-product","3":"status-publish","4":"has-post-thumbnail","6":"product_brand-eternal","7":"product_cat-beaute-sante","8":"product_tag-cosmetique","9":"product_tag-eau-de-parfum","10":"product_tag-eternal","11":"product_tag-fragrance-masculine","12":"product_tag-golden-lure","13":"product_tag-longue-tenue","14":"product_tag-maroc","15":"product_tag-parfum-elegant","16":"product_tag-parfum-homme","17":"product_tag-parfum-intense","19":"first","20":"instock","21":"sale","22":"taxable","23":"shipping-taxable","24":"purchasable","25":"product-type-simple"},"yoast_head":"<!-- This site is optimized with the Yoast SEO plugin v27.4 - https:\/\/yoast.com\/product\/yoast-seo-wordpress\/ -->\n<title>Eternal Golden Lure Parfum Homme 50 ml \u2013 Maroc Prix<\/title>\n<meta name=\"description\" content=\"Parfum homme Eternal Golden Lure 50 ml aux notes \u00e9l\u00e9gantes et masculines. Fragrance intense et durable id\u00e9ale pour toutes les occasions. Disponible au Maroc\" \/>\n<meta name=\"robots\" content=\"index, follow, max-snippet:-1, max-image-preview:large, max-video-preview:-1\" \/>\n<link rel=\"canonical\" href=\"https:\/\/vitablanca.ma\/ar\/product-2\/eternal-mens-perfume-golden-lure-50ml-maroc-prix\/\" \/>\n<meta property=\"og:locale\" content=\"ar_AR\" \/>\n<meta property=\"og:type\" content=\"article\" \/>\n<meta property=\"og:title\" content=\"Eternal Golden Lure Parfum Homme 50 ml \u2013 Maroc Prix\" \/>\n<meta property=\"og:description\" content=\"Parfum homme Eternal Golden Lure 50 ml aux notes \u00e9l\u00e9gantes et masculines. Fragrance intense et durable id\u00e9ale pour toutes les occasions. Disponible au Maroc\" \/>\n<meta property=\"og:url\" content=\"https:\/\/vitablanca.ma\/ar\/product-2\/eternal-mens-perfume-golden-lure-50ml-maroc-prix\/\" \/>\n<meta property=\"og:site_name\" content=\"Vitablanca.ma &ndash; Sant&eacute;, vitalit&eacute; et bien-&ecirc;tre pour tous les Marocains\" \/>\n<meta property=\"article:publisher\" content=\"https:\/\/www.facebook.com\/profile.php?id=61576678196717\" \/>\n<meta property=\"og:image\" content=\"https:\/\/vitablanca.ma\/wp-content\/uploads\/2026\/02\/Eternal-Mens-Perfume-Golden-Lure-50ml1.jpg\" \/>\n\t<meta property=\"og:image:width\" content=\"500\" \/>\n\t<meta property=\"og:image:height\" content=\"500\" \/>\n\t<meta property=\"og:image:type\" content=\"image\/jpeg\" \/>\n<meta name=\"twitter:card\" content=\"summary_large_image\" \/>\n<meta name=\"twitter:label1\" content=\"\u0648\u0642\u062a \u0627\u0644\u0642\u0631\u0627\u0621\u0629 \u0627\u0644\u0645\u064f\u0642\u062f\u0651\u0631\" \/>\n\t<meta name=\"twitter:data1\" content=\"\u062f\u0642\u064a\u0642\u062a\u0627\u0646\" \/>\n<script type=\"application\/ld+json\" class=\"yoast-schema-graph\">{\"@context\":\"https:\\\/\\\/schema.org\",\"@graph\":[{\"@type\":[\"WebPage\",\"ItemPage\"],\"@id\":\"https:\\\/\\\/vitablanca.ma\\\/produit\\\/eternal-mens-perfume-golden-lure-50ml-maroc-prix\\\/\",\"url\":\"https:\\\/\\\/vitablanca.ma\\\/produit\\\/eternal-mens-perfume-golden-lure-50ml-maroc-prix\\\/\",\"name\":\"Eternal Golden Lure Parfum Homme 50 ml \u2013 Maroc Prix\",\"isPartOf\":{\"@id\":\"https:\\\/\\\/vitablanca.ma\\\/#website\"},\"primaryImageOfPage\":{\"@id\":\"https:\\\/\\\/vitablanca.ma\\\/produit\\\/eternal-mens-perfume-golden-lure-50ml-maroc-prix\\\/#primaryimage\"},\"image\":{\"@id\":\"https:\\\/\\\/vitablanca.ma\\\/produit\\\/eternal-mens-perfume-golden-lure-50ml-maroc-prix\\\/#primaryimage\"},\"thumbnailUrl\":\"https:\\\/\\\/vitablanca.ma\\\/wp-content\\\/uploads\\\/2026\\\/02\\\/Eternal-Mens-Perfume-Golden-Lure-50ml1.jpg\",\"datePublished\":\"2026-02-02T15:17:03+00:00\",\"description\":\"Parfum homme Eternal Golden Lure 50 ml aux notes \u00e9l\u00e9gantes et masculines. Fragrance intense et durable id\u00e9ale pour toutes les occasions. Disponible au Maroc\",\"breadcrumb\":{\"@id\":\"https:\\\/\\\/vitablanca.ma\\\/produit\\\/eternal-mens-perfume-golden-lure-50ml-maroc-prix\\\/#breadcrumb\"},\"inLanguage\":\"ar\",\"potentialAction\":[{\"@type\":\"ReadAction\",\"target\":[\"https:\\\/\\\/vitablanca.ma\\\/produit\\\/eternal-mens-perfume-golden-lure-50ml-maroc-prix\\\/\"]}]},{\"@type\":\"ImageObject\",\"inLanguage\":\"ar\",\"@id\":\"https:\\\/\\\/vitablanca.ma\\\/produit\\\/eternal-mens-perfume-golden-lure-50ml-maroc-prix\\\/#primaryimage\",\"url\":\"https:\\\/\\\/vitablanca.ma\\\/wp-content\\\/uploads\\\/2026\\\/02\\\/Eternal-Mens-Perfume-Golden-Lure-50ml1.jpg\",\"contentUrl\":\"https:\\\/\\\/vitablanca.ma\\\/wp-content\\\/uploads\\\/2026\\\/02\\\/Eternal-Mens-Perfume-Golden-Lure-50ml1.jpg\",\"width\":500,\"height\":500},{\"@type\":\"BreadcrumbList\",\"@id\":\"https:\\\/\\\/vitablanca.ma\\\/produit\\\/eternal-mens-perfume-golden-lure-50ml-maroc-prix\\\/#breadcrumb\",\"itemListElement\":[{\"@type\":\"ListItem\",\"position\":1,\"name\":\"Home\",\"item\":\"https:\\\/\\\/vitablanca.ma\\\/\"},{\"@type\":\"ListItem\",\"position\":2,\"name\":\"Tous Les Produits\",\"item\":\"https:\\\/\\\/vitablanca.ma\\\/tous-les-produits\\\/\"},{\"@type\":\"ListItem\",\"position\":3,\"name\":\"Eternal Men&#8217;s Perfume Golden Lure 50ml\"}]},{\"@type\":\"WebSite\",\"@id\":\"https:\\\/\\\/vitablanca.ma\\\/#website\",\"url\":\"https:\\\/\\\/vitablanca.ma\\\/\",\"name\":\"VitaBlanca.ma | Compl\u00e9ments alimentaires, sant\u00e9 & beaut\u00e9 au Maroc\",\"description\":\"vendre vitamines et compl\u00e9ments premium des USA &amp; Canada, Nouvelle Z\u00e9lande,Maroc (NOW Foods, Solgar, Manuka). Livraison rapide partout au Maroc.\",\"publisher\":{\"@id\":\"https:\\\/\\\/vitablanca.ma\\\/#organization\"},\"alternateName\":\"VitaBlanca.ma\",\"potentialAction\":[{\"@type\":\"SearchAction\",\"target\":{\"@type\":\"EntryPoint\",\"urlTemplate\":\"https:\\\/\\\/vitablanca.ma\\\/?s={search_term_string}\"},\"query-input\":{\"@type\":\"PropertyValueSpecification\",\"valueRequired\":true,\"valueName\":\"search_term_string\"}}],\"inLanguage\":\"ar\"},{\"@type\":\"Organization\",\"@id\":\"https:\\\/\\\/vitablanca.ma\\\/#organization\",\"name\":\"VitaBlanca\",\"url\":\"https:\\\/\\\/vitablanca.ma\\\/\",\"logo\":{\"@type\":\"ImageObject\",\"inLanguage\":\"ar\",\"@id\":\"https:\\\/\\\/vitablanca.ma\\\/#\\\/schema\\\/logo\\\/image\\\/\",\"url\":\"https:\\\/\\\/vitablanca.ma\\\/wp-content\\\/uploads\\\/2025\\\/05\\\/cropped-vitablanca.png\",\"contentUrl\":\"https:\\\/\\\/vitablanca.ma\\\/wp-content\\\/uploads\\\/2025\\\/05\\\/cropped-vitablanca.png\",\"width\":360,\"height\":67,\"caption\":\"VitaBlanca\"},\"image\":{\"@id\":\"https:\\\/\\\/vitablanca.ma\\\/#\\\/schema\\\/logo\\\/image\\\/\"},\"sameAs\":[\"https:\\\/\\\/www.facebook.com\\\/profile.php?id=61576678196717\",\"https:\\\/\\\/www.tiktok.com\\\/@vitablanca.ma\",\"https:\\\/\\\/www.instagram.com\\\/vitablanca.ma\\\/\"]}]}<\/script>\n<!-- \/ Yoast SEO plugin. -->","yoast_head_json":{"title":"Eternal Golden Lure Parfum Homme 50 ml \u2013 Maroc Prix","description":"Parfum homme Eternal Golden Lure 50 ml aux notes \u00e9l\u00e9gantes et masculines. Fragrance intense et durable id\u00e9ale pour toutes les occasions. Disponible au Maroc","robots":{"index":"index","follow":"follow","max-snippet":"max-snippet:-1","max-image-preview":"max-image-preview:large","max-video-preview":"max-video-preview:-1"},"canonical":"https:\/\/vitablanca.ma\/ar\/product-2\/eternal-mens-perfume-golden-lure-50ml-maroc-prix\/","og_locale":"ar_AR","og_type":"article","og_title":"Eternal Golden Lure Parfum Homme 50 ml \u2013 Maroc Prix","og_description":"Parfum homme Eternal Golden Lure 50 ml aux notes \u00e9l\u00e9gantes et masculines. Fragrance intense et durable id\u00e9ale pour toutes les occasions. Disponible au Maroc","og_url":"https:\/\/vitablanca.ma\/ar\/product-2\/eternal-mens-perfume-golden-lure-50ml-maroc-prix\/","og_site_name":"Vitablanca.ma &ndash; Sant&eacute;, vitalit&eacute; et bien-&ecirc;tre pour tous les Marocains","article_publisher":"https:\/\/www.facebook.com\/profile.php?id=61576678196717","og_image":[{"width":500,"height":500,"url":"https:\/\/vitablanca.ma\/wp-content\/uploads\/2026\/02\/Eternal-Mens-Perfume-Golden-Lure-50ml1.jpg","type":"image\/jpeg"}],"twitter_card":"summary_large_image","twitter_misc":{"\u0648\u0642\u062a \u0627\u0644\u0642\u0631\u0627\u0621\u0629 \u0627\u0644\u0645\u064f\u0642\u062f\u0651\u0631":"\u062f\u0642\u064a\u0642\u062a\u0627\u0646"},"schema":{"@context":"https:\/\/schema.org","@graph":[{"@type":["WebPage","ItemPage"],"@id":"https:\/\/vitablanca.ma\/produit\/eternal-mens-perfume-golden-lure-50ml-maroc-prix\/","url":"https:\/\/vitablanca.ma\/produit\/eternal-mens-perfume-golden-lure-50ml-maroc-prix\/","name":"Eternal Golden Lure Parfum Homme 50 ml \u2013 Maroc Prix","isPartOf":{"@id":"https:\/\/vitablanca.ma\/#website"},"primaryImageOfPage":{"@id":"https:\/\/vitablanca.ma\/produit\/eternal-mens-perfume-golden-lure-50ml-maroc-prix\/#primaryimage"},"image":{"@id":"https:\/\/vitablanca.ma\/produit\/eternal-mens-perfume-golden-lure-50ml-maroc-prix\/#primaryimage"},"thumbnailUrl":"https:\/\/vitablanca.ma\/wp-content\/uploads\/2026\/02\/Eternal-Mens-Perfume-Golden-Lure-50ml1.jpg","datePublished":"2026-02-02T15:17:03+00:00","description":"Parfum homme Eternal Golden Lure 50 ml aux notes \u00e9l\u00e9gantes et masculines. Fragrance intense et durable id\u00e9ale pour toutes les occasions. Disponible au Maroc","breadcrumb":{"@id":"https:\/\/vitablanca.ma\/produit\/eternal-mens-perfume-golden-lure-50ml-maroc-prix\/#breadcrumb"},"inLanguage":"ar","potentialAction":[{"@type":"ReadAction","target":["https:\/\/vitablanca.ma\/produit\/eternal-mens-perfume-golden-lure-50ml-maroc-prix\/"]}]},{"@type":"ImageObject","inLanguage":"ar","@id":"https:\/\/vitablanca.ma\/produit\/eternal-mens-perfume-golden-lure-50ml-maroc-prix\/#primaryimage","url":"https:\/\/vitablanca.ma\/wp-content\/uploads\/2026\/02\/Eternal-Mens-Perfume-Golden-Lure-50ml1.jpg","contentUrl":"https:\/\/vitablanca.ma\/wp-content\/uploads\/2026\/02\/Eternal-Mens-Perfume-Golden-Lure-50ml1.jpg","width":500,"height":500},{"@type":"BreadcrumbList","@id":"https:\/\/vitablanca.ma\/produit\/eternal-mens-perfume-golden-lure-50ml-maroc-prix\/#breadcrumb","itemListElement":[{"@type":"ListItem","position":1,"name":"Home","item":"https:\/\/vitablanca.ma\/"},{"@type":"ListItem","position":2,"name":"Tous Les Produits","item":"https:\/\/vitablanca.ma\/tous-les-produits\/"},{"@type":"ListItem","position":3,"name":"Eternal Men&#8217;s Perfume Golden Lure 50ml"}]},{"@type":"WebSite","@id":"https:\/\/vitablanca.ma\/#website","url":"https:\/\/vitablanca.ma\/","name":"VitaBlanca.ma | \u0627\u0644\u0645\u0643\u0645\u0644\u0627\u062a \u0627\u0644\u063a\u0630\u0627\u0626\u064a\u0629\u060c \u0627\u0644\u0635\u062d\u0629 \u0648\u0627\u0644\u062c\u0645\u0627\u0644 \u0641\u064a \u0627\u0644\u0645\u063a\u0631\u0628","description":"\u0646\u0628\u064a\u0639 \u0641\u064a\u062a\u0627\u0645\u064a\u0646\u0627\u062a \u0648\u0645\u0643\u0645\u0644\u0627\u062a \u063a\u0630\u0627\u0626\u064a\u0629 \u0641\u0627\u062e\u0631\u0629 \u0645\u0646 \u0627\u0644\u0648\u0644\u0627\u064a\u0627\u062a \u0627\u0644\u0645\u062a\u062d\u062f\u0629 \u0627\u0644\u0623\u0645\u0631\u064a\u0643\u064a\u0629 \u0648\u0643\u0646\u062f\u0627 \u0648\u0646\u064a\u0648\u0632\u064a\u0644\u0646\u062f\u0627 \u0648\u0627\u0644\u0645\u063a\u0631\u0628 (\u0646\u0627\u0648 \u0641\u0648\u062f\u0632\u060c \u0633\u0648\u0644\u062c\u0627\u0631\u060c \u0645\u0627\u0646\u0648\u0643\u0627). \u062a\u0648\u0635\u064a\u0644 \u0633\u0631\u064a\u0639 \u0625\u0644\u0649 \u062c\u0645\u064a\u0639 \u0623\u0646\u062d\u0627\u0621 \u0627\u0644\u0645\u063a\u0631\u0628.","publisher":{"@id":"https:\/\/vitablanca.ma\/#organization"},"alternateName":"VitaBlanca.ma","potentialAction":[{"@type":"SearchAction","target":{"@type":"EntryPoint","urlTemplate":"https:\/\/vitablanca.ma\/?s={search_term_string}"},"query-input":{"@type":"PropertyValueSpecification","valueRequired":true,"valueName":"search_term_string"}}],"inLanguage":"ar"},{"@type":"Organization","@id":"https:\/\/vitablanca.ma\/#organization","name":"\u0641\u064a\u062a\u0627\u0628\u0644\u0627\u0646\u0643\u0627","url":"https:\/\/vitablanca.ma\/","logo":{"@type":"ImageObject","inLanguage":"ar","@id":"https:\/\/vitablanca.ma\/#\/schema\/logo\/image\/","url":"https:\/\/vitablanca.ma\/wp-content\/uploads\/2025\/05\/cropped-vitablanca.png","contentUrl":"https:\/\/vitablanca.ma\/wp-content\/uploads\/2025\/05\/cropped-vitablanca.png","width":360,"height":67,"caption":"VitaBlanca"},"image":{"@id":"https:\/\/vitablanca.ma\/#\/schema\/logo\/image\/"},"sameAs":["https:\/\/www.facebook.com\/profile.php?id=61576678196717","https:\/\/www.tiktok.com\/@vitablanca.ma","https:\/\/www.instagram.com\/vitablanca.ma\/"]}]}},"jetpack_sharing_enabled":true,"_links":{"self":[{"href":"https:\/\/vitablanca.ma\/ar\/wp-json\/wp\/v2\/product\/28538","targetHints":{"allow":["GET"]}}],"collection":[{"href":"https:\/\/vitablanca.ma\/ar\/wp-json\/wp\/v2\/product"}],"about":[{"href":"https:\/\/vitablanca.ma\/ar\/wp-json\/wp\/v2\/types\/product"}],"wp:featuredmedia":[{"embeddable":true,"href":"https:\/\/vitablanca.ma\/ar\/wp-json\/wp\/v2\/media\/28539"}],"wp:attachment":[{"href":"https:\/\/vitablanca.ma\/ar\/wp-json\/wp\/v2\/media?parent=28538"}],"wp:term":[{"taxonomy":"product_brand","embeddable":true,"href":"https:\/\/vitablanca.ma\/ar\/wp-json\/wp\/v2\/product_brand?post=28538"},{"taxonomy":"product_cat","embeddable":true,"href":"https:\/\/vitablanca.ma\/ar\/wp-json\/wp\/v2\/product_cat?post=28538"},{"taxonomy":"product_tag","embeddable":true,"href":"https:\/\/vitablanca.ma\/ar\/wp-json\/wp\/v2\/product_tag?post=28538"}],"curies":[{"name":"wp","href":"https:\/\/api.w.org\/{rel}","templated":true}]}}