{"id":28515,"date":"2026-02-01T22:47:42","date_gmt":"2026-02-01T22:47:42","guid":{"rendered":"https:\/\/vitablanca.ma\/?post_type=product&#038;p=28515"},"modified":"2026-02-01T22:47:43","modified_gmt":"2026-02-01T22:47:43","slug":"karseell-collagen-hair-mask-500ml-original-maroc-prix","status":"publish","type":"product","link":"https:\/\/vitablanca.ma\/ar\/product-2\/karseell-collagen-hair-mask-500ml-original-maroc-prix\/","title":{"rendered":"Karseell Collagen Hair Mask 500ML ORIGINAL"},"content":{"rendered":"<p>Le Karseell Collagen Hair Treatment est un masque capillaire de collag\u00e8ne \u00e0 l\u2019huile d\u2019argan qui convient \u00e0 tous les types de cheveux. Ce masque capillaire est con\u00e7u pour r\u00e9parer en profondeur les cheveux secs et ab\u00eem\u00e9s, reconstituant les nutriments essentiels et laissant les cheveux lisses et brillants.<\/p>\n<p>Selon la section FAQ, le masque capillaire peut \u00eatre conserv\u00e9 jusqu\u2019\u00e0 3 ans \u00e0 compter de la date de production, rassurant ainsi les clients.<\/p>\n<p>Un client avait une question sur la capacit\u00e9 du produit \u00e0 \u00e9liminer les frisottis tout en maintenant les boucles, ce \u00e0 quoi la r\u00e9ponse \u00e9tait positive.<\/p>\n<p>Le produit a \u00e9t\u00e9 d\u00e9crit comme \u00ab\u00a0tr\u00e8s tr\u00e8s bon\u00a0\u00bb pour revitaliser les cheveux. Le masque capillaire doit \u00eatre utilis\u00e9 1 \u00e0 2 fois par semaine, selon la suggestion du vendeur. Il contient des ingr\u00e9dients naturels et offre des effets durables pour des cheveux doux et souples.<\/p>\n<p>Un autre client a demand\u00e9 si le produit est s\u00fbr \u00e0 utiliser sur les cheveux trait\u00e9s \u00e0 la k\u00e9ratine, bien s\u00fbr et la r\u00e9ponse a \u00e9t\u00e9 affirmative, indiquant que le produit est et biologique. Le masque capillaire peut remplacer le revitalisant, car il contient de l\u2019essence de maca rare et de l\u2019huile d\u2019argan marocaine.<\/p>\n<p>La technologie unique utilis\u00e9e dans le masque aide \u00e0 r\u00e9parer les fibres capillaires et \u00e0 combler les cavit\u00e9s capillaires, ce qui donne des cheveux hydrat\u00e9s, lisses et brillants. En termes de commentaires des clients, les opinions varient. Certains clients sont extr\u00eamement satisfaits du produit, affirmant qu\u2019il a rendu leurs cheveux doux et soyeux. D\u2019autres, cependant, ont eu une exp\u00e9rience moins positive.<\/p>\n<p>Un client a mentionn\u00e9 que le produit ne laissait pas ses cheveux raides sans utiliser d\u2019outils chauffants, mais qu\u2019il rendait ses cheveux agr\u00e9ables.<\/p>\n<p>Un autre client a arr\u00eat\u00e9 d\u2019utiliser le produit car il ne fonctionnait pas pour son type de cheveux.<\/p>\n<p>Un client a exprim\u00e9 sa d\u00e9ception avec le produit, r\u00e9v\u00e9l\u00e9 qu\u2019il \u00e9tait venu sans sceau et ils \u00e9taient sceptiques quant \u00e0 son authenticit\u00e9. Ce client a estim\u00e9 que le produit \u00e9tait un gaspillage d\u2019argent. Dans l\u2019ensemble, le Karseell Collagen Hair Treatment a re\u00e7u des critiques mitig\u00e9es. Bien que certains clients aient eu des exp\u00e9riences positives et obtenu les r\u00e9sultats souhait\u00e9s, d\u2019autres n\u2019\u00e9taient pas satisfaits des performances du produit.<\/p>","protected":false},"excerpt":{"rendered":"<ul>\n<li>S\u00fbr pour tous les types de cheveux<\/li>\n<li>Enrichi en ingr\u00e9dients biologiques<\/li>\n<li>R\u00e9pare rapidement les cheveux secs et ab\u00eem\u00e9s<\/li>\n<li>Restaure l\u2019\u00e9quilibre naturel et am\u00e9liore la texture<\/li>\n<li>Am\u00e9liore l\u2019\u00e9lasticit\u00e9 et la brillance<\/li>\n<\/ul>","protected":false},"featured_media":28516,"template":"","meta":[],"product_brand":[7072],"product_cat":[18],"product_tag":[5834,6054,7074,4305,7073,3492,7075,7077,7076,6162],"class_list":{"0":"post-28515","1":"product","2":"type-product","3":"status-publish","4":"has-post-thumbnail","6":"product_brand-karseell","7":"product_cat-beaute-sante","8":"product_tag-cheveux-abimes","9":"product_tag-cheveux-secs","10":"product_tag-collagen-hair-mask","11":"product_tag-collagene","12":"product_tag-karseell","13":"product_tag-maroc","14":"product_tag-masque-cheveux","15":"product_tag-original","16":"product_tag-reparation-capillaire","17":"product_tag-soin-capillaire","19":"first","20":"instock","21":"sale","22":"taxable","23":"shipping-taxable","24":"purchasable","25":"product-type-simple"},"yoast_head":"<!-- This site is optimized with the Yoast SEO plugin v27.6 - https:\/\/yoast.com\/product\/yoast-seo-wordpress\/ -->\n<title>Karseell Collagen Hair Mask 500 ml Original \u2013 Maroc Prix<\/title>\n<meta name=\"description\" content=\"Masque capillaire Karseell au collag\u00e8ne 500 ml ORIGINAL. Nourrit, r\u00e9pare et renforce les cheveux secs et ab\u00eem\u00e9s pour plus de douceur et de brillance.\" \/>\n<meta name=\"robots\" content=\"index, follow, max-snippet:-1, max-image-preview:large, max-video-preview:-1\" \/>\n<link rel=\"canonical\" href=\"https:\/\/vitablanca.ma\/ar\/product-2\/karseell-collagen-hair-mask-500ml-original-maroc-prix\/\" \/>\n<meta property=\"og:locale\" content=\"ar_AR\" \/>\n<meta property=\"og:type\" content=\"article\" \/>\n<meta property=\"og:title\" content=\"Karseell Collagen Hair Mask 500 ml Original \u2013 Maroc Prix\" \/>\n<meta property=\"og:description\" content=\"Masque capillaire Karseell au collag\u00e8ne 500 ml ORIGINAL. Nourrit, r\u00e9pare et renforce les cheveux secs et ab\u00eem\u00e9s pour plus de douceur et de brillance.\" \/>\n<meta property=\"og:url\" content=\"https:\/\/vitablanca.ma\/ar\/product-2\/karseell-collagen-hair-mask-500ml-original-maroc-prix\/\" \/>\n<meta property=\"og:site_name\" content=\"Vitablanca.ma &ndash; Sant&eacute;, vitalit&eacute; et bien-&ecirc;tre pour tous les Marocains\" \/>\n<meta property=\"article:publisher\" content=\"https:\/\/www.facebook.com\/profile.php?id=61576678196717\" \/>\n<meta property=\"article:modified_time\" content=\"2026-02-01T22:47:43+00:00\" \/>\n<meta property=\"og:image\" content=\"https:\/\/vitablanca.ma\/wp-content\/uploads\/2026\/02\/Karseell-Collagen-Hair-Mask-500ML-ORIGINAL1.jpg\" \/>\n\t<meta property=\"og:image:width\" content=\"680\" \/>\n\t<meta property=\"og:image:height\" content=\"680\" \/>\n\t<meta property=\"og:image:type\" content=\"image\/jpeg\" \/>\n<meta name=\"twitter:card\" content=\"summary_large_image\" \/>\n<meta name=\"twitter:label1\" content=\"\u0648\u0642\u062a \u0627\u0644\u0642\u0631\u0627\u0621\u0629 \u0627\u0644\u0645\u064f\u0642\u062f\u0651\u0631\" \/>\n\t<meta name=\"twitter:data1\" content=\"3 \u062f\u0642\u0627\u0626\u0642\" \/>\n<script type=\"application\/ld+json\" class=\"yoast-schema-graph\">{\"@context\":\"https:\\\/\\\/schema.org\",\"@graph\":[{\"@type\":[\"WebPage\",\"ItemPage\"],\"@id\":\"https:\\\/\\\/vitablanca.ma\\\/produit\\\/karseell-collagen-hair-mask-500ml-original-maroc-prix\\\/\",\"url\":\"https:\\\/\\\/vitablanca.ma\\\/produit\\\/karseell-collagen-hair-mask-500ml-original-maroc-prix\\\/\",\"name\":\"Karseell Collagen Hair Mask 500 ml Original \u2013 Maroc Prix\",\"isPartOf\":{\"@id\":\"https:\\\/\\\/vitablanca.ma\\\/#website\"},\"primaryImageOfPage\":{\"@id\":\"https:\\\/\\\/vitablanca.ma\\\/produit\\\/karseell-collagen-hair-mask-500ml-original-maroc-prix\\\/#primaryimage\"},\"image\":{\"@id\":\"https:\\\/\\\/vitablanca.ma\\\/produit\\\/karseell-collagen-hair-mask-500ml-original-maroc-prix\\\/#primaryimage\"},\"thumbnailUrl\":\"https:\\\/\\\/vitablanca.ma\\\/wp-content\\\/uploads\\\/2026\\\/02\\\/Karseell-Collagen-Hair-Mask-500ML-ORIGINAL1.jpg\",\"datePublished\":\"2026-02-01T22:47:42+00:00\",\"dateModified\":\"2026-02-01T22:47:43+00:00\",\"description\":\"Masque capillaire Karseell au collag\u00e8ne 500 ml ORIGINAL. Nourrit, r\u00e9pare et renforce les cheveux secs et ab\u00eem\u00e9s pour plus de douceur et de brillance.\",\"breadcrumb\":{\"@id\":\"https:\\\/\\\/vitablanca.ma\\\/produit\\\/karseell-collagen-hair-mask-500ml-original-maroc-prix\\\/#breadcrumb\"},\"inLanguage\":\"ar\",\"potentialAction\":[{\"@type\":\"ReadAction\",\"target\":[\"https:\\\/\\\/vitablanca.ma\\\/produit\\\/karseell-collagen-hair-mask-500ml-original-maroc-prix\\\/\"]}]},{\"@type\":\"ImageObject\",\"inLanguage\":\"ar\",\"@id\":\"https:\\\/\\\/vitablanca.ma\\\/produit\\\/karseell-collagen-hair-mask-500ml-original-maroc-prix\\\/#primaryimage\",\"url\":\"https:\\\/\\\/vitablanca.ma\\\/wp-content\\\/uploads\\\/2026\\\/02\\\/Karseell-Collagen-Hair-Mask-500ML-ORIGINAL1.jpg\",\"contentUrl\":\"https:\\\/\\\/vitablanca.ma\\\/wp-content\\\/uploads\\\/2026\\\/02\\\/Karseell-Collagen-Hair-Mask-500ML-ORIGINAL1.jpg\",\"width\":680,\"height\":680},{\"@type\":\"BreadcrumbList\",\"@id\":\"https:\\\/\\\/vitablanca.ma\\\/produit\\\/karseell-collagen-hair-mask-500ml-original-maroc-prix\\\/#breadcrumb\",\"itemListElement\":[{\"@type\":\"ListItem\",\"position\":1,\"name\":\"Home\",\"item\":\"https:\\\/\\\/vitablanca.ma\\\/\"},{\"@type\":\"ListItem\",\"position\":2,\"name\":\"Tous Les Produits\",\"item\":\"https:\\\/\\\/vitablanca.ma\\\/tous-les-produits\\\/\"},{\"@type\":\"ListItem\",\"position\":3,\"name\":\"Karseell Collagen Hair Mask 500ML ORIGINAL\"}]},{\"@type\":\"WebSite\",\"@id\":\"https:\\\/\\\/vitablanca.ma\\\/#website\",\"url\":\"https:\\\/\\\/vitablanca.ma\\\/\",\"name\":\"VitaBlanca.ma | Compl\u00e9ments alimentaires, sant\u00e9 & beaut\u00e9 au Maroc\",\"description\":\"vendre vitamines et compl\u00e9ments premium des USA &amp; Canada, Nouvelle Z\u00e9lande,Maroc (NOW Foods, Solgar, Manuka). Livraison rapide partout au Maroc.\",\"publisher\":{\"@id\":\"https:\\\/\\\/vitablanca.ma\\\/#organization\"},\"alternateName\":\"VitaBlanca.ma\",\"potentialAction\":[{\"@type\":\"SearchAction\",\"target\":{\"@type\":\"EntryPoint\",\"urlTemplate\":\"https:\\\/\\\/vitablanca.ma\\\/?s={search_term_string}\"},\"query-input\":{\"@type\":\"PropertyValueSpecification\",\"valueRequired\":true,\"valueName\":\"search_term_string\"}}],\"inLanguage\":\"ar\"},{\"@type\":\"Organization\",\"@id\":\"https:\\\/\\\/vitablanca.ma\\\/#organization\",\"name\":\"VitaBlanca\",\"url\":\"https:\\\/\\\/vitablanca.ma\\\/\",\"logo\":{\"@type\":\"ImageObject\",\"inLanguage\":\"ar\",\"@id\":\"https:\\\/\\\/vitablanca.ma\\\/#\\\/schema\\\/logo\\\/image\\\/\",\"url\":\"https:\\\/\\\/vitablanca.ma\\\/wp-content\\\/uploads\\\/2025\\\/05\\\/cropped-vitablanca.png\",\"contentUrl\":\"https:\\\/\\\/vitablanca.ma\\\/wp-content\\\/uploads\\\/2025\\\/05\\\/cropped-vitablanca.png\",\"width\":360,\"height\":67,\"caption\":\"VitaBlanca\"},\"image\":{\"@id\":\"https:\\\/\\\/vitablanca.ma\\\/#\\\/schema\\\/logo\\\/image\\\/\"},\"sameAs\":[\"https:\\\/\\\/www.facebook.com\\\/profile.php?id=61576678196717\",\"https:\\\/\\\/www.tiktok.com\\\/@vitablanca.ma\",\"https:\\\/\\\/www.instagram.com\\\/vitablanca.ma\\\/\"]}]}<\/script>\n<!-- \/ Yoast SEO plugin. -->","yoast_head_json":{"title":"Karseell Collagen Hair Mask 500 ml Original \u2013 Maroc Prix","description":"Masque capillaire Karseell au collag\u00e8ne 500 ml ORIGINAL. Nourrit, r\u00e9pare et renforce les cheveux secs et ab\u00eem\u00e9s pour plus de douceur et de brillance.","robots":{"index":"index","follow":"follow","max-snippet":"max-snippet:-1","max-image-preview":"max-image-preview:large","max-video-preview":"max-video-preview:-1"},"canonical":"https:\/\/vitablanca.ma\/ar\/product-2\/karseell-collagen-hair-mask-500ml-original-maroc-prix\/","og_locale":"ar_AR","og_type":"article","og_title":"Karseell Collagen Hair Mask 500 ml Original \u2013 Maroc Prix","og_description":"Masque capillaire Karseell au collag\u00e8ne 500 ml ORIGINAL. Nourrit, r\u00e9pare et renforce les cheveux secs et ab\u00eem\u00e9s pour plus de douceur et de brillance.","og_url":"https:\/\/vitablanca.ma\/ar\/product-2\/karseell-collagen-hair-mask-500ml-original-maroc-prix\/","og_site_name":"Vitablanca.ma &ndash; Sant&eacute;, vitalit&eacute; et bien-&ecirc;tre pour tous les Marocains","article_publisher":"https:\/\/www.facebook.com\/profile.php?id=61576678196717","article_modified_time":"2026-02-01T22:47:43+00:00","og_image":[{"width":680,"height":680,"url":"https:\/\/vitablanca.ma\/wp-content\/uploads\/2026\/02\/Karseell-Collagen-Hair-Mask-500ML-ORIGINAL1.jpg","type":"image\/jpeg"}],"twitter_card":"summary_large_image","twitter_misc":{"\u0648\u0642\u062a \u0627\u0644\u0642\u0631\u0627\u0621\u0629 \u0627\u0644\u0645\u064f\u0642\u062f\u0651\u0631":"3 \u062f\u0642\u0627\u0626\u0642"},"schema":{"@context":"https:\/\/schema.org","@graph":[{"@type":["WebPage","ItemPage"],"@id":"https:\/\/vitablanca.ma\/produit\/karseell-collagen-hair-mask-500ml-original-maroc-prix\/","url":"https:\/\/vitablanca.ma\/produit\/karseell-collagen-hair-mask-500ml-original-maroc-prix\/","name":"Karseell Collagen Hair Mask 500 ml Original \u2013 Maroc Prix","isPartOf":{"@id":"https:\/\/vitablanca.ma\/#website"},"primaryImageOfPage":{"@id":"https:\/\/vitablanca.ma\/produit\/karseell-collagen-hair-mask-500ml-original-maroc-prix\/#primaryimage"},"image":{"@id":"https:\/\/vitablanca.ma\/produit\/karseell-collagen-hair-mask-500ml-original-maroc-prix\/#primaryimage"},"thumbnailUrl":"https:\/\/vitablanca.ma\/wp-content\/uploads\/2026\/02\/Karseell-Collagen-Hair-Mask-500ML-ORIGINAL1.jpg","datePublished":"2026-02-01T22:47:42+00:00","dateModified":"2026-02-01T22:47:43+00:00","description":"Masque capillaire Karseell au collag\u00e8ne 500 ml ORIGINAL. Nourrit, r\u00e9pare et renforce les cheveux secs et ab\u00eem\u00e9s pour plus de douceur et de brillance.","breadcrumb":{"@id":"https:\/\/vitablanca.ma\/produit\/karseell-collagen-hair-mask-500ml-original-maroc-prix\/#breadcrumb"},"inLanguage":"ar","potentialAction":[{"@type":"ReadAction","target":["https:\/\/vitablanca.ma\/produit\/karseell-collagen-hair-mask-500ml-original-maroc-prix\/"]}]},{"@type":"ImageObject","inLanguage":"ar","@id":"https:\/\/vitablanca.ma\/produit\/karseell-collagen-hair-mask-500ml-original-maroc-prix\/#primaryimage","url":"https:\/\/vitablanca.ma\/wp-content\/uploads\/2026\/02\/Karseell-Collagen-Hair-Mask-500ML-ORIGINAL1.jpg","contentUrl":"https:\/\/vitablanca.ma\/wp-content\/uploads\/2026\/02\/Karseell-Collagen-Hair-Mask-500ML-ORIGINAL1.jpg","width":680,"height":680},{"@type":"BreadcrumbList","@id":"https:\/\/vitablanca.ma\/produit\/karseell-collagen-hair-mask-500ml-original-maroc-prix\/#breadcrumb","itemListElement":[{"@type":"ListItem","position":1,"name":"Home","item":"https:\/\/vitablanca.ma\/"},{"@type":"ListItem","position":2,"name":"Tous Les Produits","item":"https:\/\/vitablanca.ma\/tous-les-produits\/"},{"@type":"ListItem","position":3,"name":"Karseell Collagen Hair Mask 500ML ORIGINAL"}]},{"@type":"WebSite","@id":"https:\/\/vitablanca.ma\/#website","url":"https:\/\/vitablanca.ma\/","name":"VitaBlanca.ma | \u0627\u0644\u0645\u0643\u0645\u0644\u0627\u062a \u0627\u0644\u063a\u0630\u0627\u0626\u064a\u0629\u060c \u0627\u0644\u0635\u062d\u0629 \u0648\u0627\u0644\u062c\u0645\u0627\u0644 \u0641\u064a \u0627\u0644\u0645\u063a\u0631\u0628","description":"\u0646\u0628\u064a\u0639 \u0641\u064a\u062a\u0627\u0645\u064a\u0646\u0627\u062a \u0648\u0645\u0643\u0645\u0644\u0627\u062a \u063a\u0630\u0627\u0626\u064a\u0629 \u0641\u0627\u062e\u0631\u0629 \u0645\u0646 \u0627\u0644\u0648\u0644\u0627\u064a\u0627\u062a \u0627\u0644\u0645\u062a\u062d\u062f\u0629 \u0627\u0644\u0623\u0645\u0631\u064a\u0643\u064a\u0629 \u0648\u0643\u0646\u062f\u0627 \u0648\u0646\u064a\u0648\u0632\u064a\u0644\u0646\u062f\u0627 \u0648\u0627\u0644\u0645\u063a\u0631\u0628 (\u0646\u0627\u0648 \u0641\u0648\u062f\u0632\u060c \u0633\u0648\u0644\u062c\u0627\u0631\u060c \u0645\u0627\u0646\u0648\u0643\u0627). \u062a\u0648\u0635\u064a\u0644 \u0633\u0631\u064a\u0639 \u0625\u0644\u0649 \u062c\u0645\u064a\u0639 \u0623\u0646\u062d\u0627\u0621 \u0627\u0644\u0645\u063a\u0631\u0628.","publisher":{"@id":"https:\/\/vitablanca.ma\/#organization"},"alternateName":"VitaBlanca.ma","potentialAction":[{"@type":"SearchAction","target":{"@type":"EntryPoint","urlTemplate":"https:\/\/vitablanca.ma\/?s={search_term_string}"},"query-input":{"@type":"PropertyValueSpecification","valueRequired":true,"valueName":"search_term_string"}}],"inLanguage":"ar"},{"@type":"Organization","@id":"https:\/\/vitablanca.ma\/#organization","name":"\u0641\u064a\u062a\u0627\u0628\u0644\u0627\u0646\u0643\u0627","url":"https:\/\/vitablanca.ma\/","logo":{"@type":"ImageObject","inLanguage":"ar","@id":"https:\/\/vitablanca.ma\/#\/schema\/logo\/image\/","url":"https:\/\/vitablanca.ma\/wp-content\/uploads\/2025\/05\/cropped-vitablanca.png","contentUrl":"https:\/\/vitablanca.ma\/wp-content\/uploads\/2025\/05\/cropped-vitablanca.png","width":360,"height":67,"caption":"VitaBlanca"},"image":{"@id":"https:\/\/vitablanca.ma\/#\/schema\/logo\/image\/"},"sameAs":["https:\/\/www.facebook.com\/profile.php?id=61576678196717","https:\/\/www.tiktok.com\/@vitablanca.ma","https:\/\/www.instagram.com\/vitablanca.ma\/"]}]}},"jetpack_sharing_enabled":true,"_links":{"self":[{"href":"https:\/\/vitablanca.ma\/ar\/wp-json\/wp\/v2\/product\/28515","targetHints":{"allow":["GET"]}}],"collection":[{"href":"https:\/\/vitablanca.ma\/ar\/wp-json\/wp\/v2\/product"}],"about":[{"href":"https:\/\/vitablanca.ma\/ar\/wp-json\/wp\/v2\/types\/product"}],"wp:featuredmedia":[{"embeddable":true,"href":"https:\/\/vitablanca.ma\/ar\/wp-json\/wp\/v2\/media\/28516"}],"wp:attachment":[{"href":"https:\/\/vitablanca.ma\/ar\/wp-json\/wp\/v2\/media?parent=28515"}],"wp:term":[{"taxonomy":"product_brand","embeddable":true,"href":"https:\/\/vitablanca.ma\/ar\/wp-json\/wp\/v2\/product_brand?post=28515"},{"taxonomy":"product_cat","embeddable":true,"href":"https:\/\/vitablanca.ma\/ar\/wp-json\/wp\/v2\/product_cat?post=28515"},{"taxonomy":"product_tag","embeddable":true,"href":"https:\/\/vitablanca.ma\/ar\/wp-json\/wp\/v2\/product_tag?post=28515"}],"curies":[{"name":"wp","href":"https:\/\/api.w.org\/{rel}","templated":true}]}}