{"id":28508,"date":"2026-02-01T22:36:48","date_gmt":"2026-02-01T22:36:48","guid":{"rendered":"https:\/\/vitablanca.ma\/?post_type=product&#038;p=28508"},"modified":"2026-02-01T22:36:48","modified_gmt":"2026-02-01T22:36:48","slug":"eelhoe-highly-effective-teeth-whitening-maroc-prix","status":"publish","type":"product","link":"https:\/\/vitablanca.ma\/ar\/product-2\/eelhoe-highly-effective-teeth-whitening-maroc-prix\/","title":{"rendered":"EELHOE Highly Effective Teeth Whitening"},"content":{"rendered":"<p>Ce nouveau produit nettoie la bouche en profondeur et \u00e9limine les germes et bact\u00e9ries responsables de la mauvaise haleine.<br \/>\nCe produit contient \u00e9galement des ingr\u00e9dients sp\u00e9ciaux pour blanchir les dents et maintenir leur couleur blanche \u00e9clatante.De plus, ce produit contient 8 extraits botaniques diff\u00e9rents qui agissent pour r\u00e9soudre les probl\u00e8mes de racine et r\u00e9duire la sensibilit\u00e9 des dents. Gr\u00e2ce \u00e0 ces ingr\u00e9dients botaniques, les utilisateurs peuvent compter sur ce produit pour am\u00e9liorer leur sant\u00e9 bucco-dentaire globale.Un autre avantage de ce produit est qu&rsquo;il est disponible en plusieurs couleurs diff\u00e9rentes, permettant aux utilisateurs d&rsquo;obtenir le produit qui convient \u00e0 leur style et \u00e0 leurs go\u00fbts.<br \/>\nEn ce qui concerne l&rsquo;utilisation, ce produit est utilis\u00e9 en rin\u00e7ant la bouche avec lui deux fois par jour, et les utilisateurs peuvent compter sur ce produit pour obtenir des r\u00e9sultats notables et rapides en mati\u00e8re de blanchiment des dents et d&rsquo;am\u00e9lioration de la sant\u00e9 bucco-dentaire globale.<br \/>\nEn bref, ce produit est un excellent produit pour les soins bucco-dentaires, car il se caract\u00e9rise par sa formule de haute qualit\u00e9 et efficace qui nettoie la bouche en profondeur, en plus de sa capacit\u00e9 \u00e0 blanchir les dents et \u00e0 r\u00e9soudre les probl\u00e8mes de racine.<\/p>","protected":false},"excerpt":{"rendered":"<ul>\n<li>100% tout neuf et de haute qualit\u00e9!<\/li>\n<li>Type : soins bucco-dentaires<\/li>\n<li>Effet : En plus d&rsquo;\u00e9liminer les odeurs et d&rsquo;\u00e9liminer les bact\u00e9ries. Plus important encore, il peut blanchir vos dents<\/li>\n<li>B\u00e9n\u00e9fices : 8 extraits de plantes, probl\u00e8mes racinaires pour r\u00e9soudre les probl\u00e8mes bucco-dentaires<\/li>\n<\/ul>","protected":false},"featured_media":28512,"template":"","meta":{"om_disable_all_campaigns":false},"product_brand":[7048],"product_cat":[18],"product_tag":[6917,7051,6256,7049,7053,6254,3492,7052,7054,7050],"class_list":{"0":"post-28508","1":"product","2":"type-product","3":"status-publish","4":"has-post-thumbnail","6":"product_brand-eelhoe","7":"product_cat-beaute-sante","8":"product_tag-beaute","9":"product_tag-blanchiment-dentaire","10":"product_tag-dents-blanches","11":"product_tag-eelhoe","12":"product_tag-elimination-des-taches","13":"product_tag-hygiene-bucco-dentaire","14":"product_tag-maroc","15":"product_tag-soin-dentaire","16":"product_tag-sourire","17":"product_tag-teeth-whitening","19":"first","20":"instock","21":"sale","22":"taxable","23":"shipping-taxable","24":"purchasable","25":"product-type-simple"},"yoast_head":"<!-- This site is optimized with the Yoast SEO plugin v27.4 - https:\/\/yoast.com\/product\/yoast-seo-wordpress\/ -->\n<title>EELHOE Teeth Whitening Soin Blanchiment Dentaire \u2013 Maroc Prix<\/title>\n<meta name=\"description\" content=\"Soin blanchiment dentaire EELHOE pour aider \u00e0 \u00e9liminer les taches et retrouver des dents plus blanches et brillantes utilisation facile. Disponible au Maroc\" \/>\n<meta name=\"robots\" content=\"index, follow, max-snippet:-1, max-image-preview:large, max-video-preview:-1\" \/>\n<link rel=\"canonical\" href=\"https:\/\/vitablanca.ma\/ar\/product-2\/eelhoe-highly-effective-teeth-whitening-maroc-prix\/\" \/>\n<meta property=\"og:locale\" content=\"ar_AR\" \/>\n<meta property=\"og:type\" content=\"article\" \/>\n<meta property=\"og:title\" content=\"EELHOE Teeth Whitening Soin Blanchiment Dentaire \u2013 Maroc Prix\" \/>\n<meta property=\"og:description\" content=\"Soin blanchiment dentaire EELHOE pour aider \u00e0 \u00e9liminer les taches et retrouver des dents plus blanches et brillantes utilisation facile. Disponible au Maroc\" \/>\n<meta property=\"og:url\" content=\"https:\/\/vitablanca.ma\/ar\/product-2\/eelhoe-highly-effective-teeth-whitening-maroc-prix\/\" \/>\n<meta property=\"og:site_name\" content=\"Vitablanca.ma &ndash; Sant&eacute;, vitalit&eacute; et bien-&ecirc;tre pour tous les Marocains\" \/>\n<meta property=\"article:publisher\" content=\"https:\/\/www.facebook.com\/profile.php?id=61576678196717\" \/>\n<meta property=\"og:image\" content=\"https:\/\/vitablanca.ma\/wp-content\/uploads\/2026\/02\/EELHOE-Highly-Effective-Teeth-Whitening1.jpg\" \/>\n\t<meta property=\"og:image:width\" content=\"1000\" \/>\n\t<meta property=\"og:image:height\" content=\"1000\" \/>\n\t<meta property=\"og:image:type\" content=\"image\/jpeg\" \/>\n<meta name=\"twitter:card\" content=\"summary_large_image\" \/>\n<meta name=\"twitter:label1\" content=\"\u0648\u0642\u062a \u0627\u0644\u0642\u0631\u0627\u0621\u0629 \u0627\u0644\u0645\u064f\u0642\u062f\u0651\u0631\" \/>\n\t<meta name=\"twitter:data1\" content=\"\u062f\u0642\u064a\u0642\u062a\u0627\u0646\" \/>\n<script type=\"application\/ld+json\" class=\"yoast-schema-graph\">{\"@context\":\"https:\\\/\\\/schema.org\",\"@graph\":[{\"@type\":[\"WebPage\",\"ItemPage\"],\"@id\":\"https:\\\/\\\/vitablanca.ma\\\/produit\\\/eelhoe-highly-effective-teeth-whitening-maroc-prix\\\/\",\"url\":\"https:\\\/\\\/vitablanca.ma\\\/produit\\\/eelhoe-highly-effective-teeth-whitening-maroc-prix\\\/\",\"name\":\"EELHOE Teeth Whitening Soin Blanchiment Dentaire \u2013 Maroc Prix\",\"isPartOf\":{\"@id\":\"https:\\\/\\\/vitablanca.ma\\\/#website\"},\"primaryImageOfPage\":{\"@id\":\"https:\\\/\\\/vitablanca.ma\\\/produit\\\/eelhoe-highly-effective-teeth-whitening-maroc-prix\\\/#primaryimage\"},\"image\":{\"@id\":\"https:\\\/\\\/vitablanca.ma\\\/produit\\\/eelhoe-highly-effective-teeth-whitening-maroc-prix\\\/#primaryimage\"},\"thumbnailUrl\":\"https:\\\/\\\/vitablanca.ma\\\/wp-content\\\/uploads\\\/2026\\\/02\\\/EELHOE-Highly-Effective-Teeth-Whitening1.jpg\",\"datePublished\":\"2026-02-01T22:36:48+00:00\",\"description\":\"Soin blanchiment dentaire EELHOE pour aider \u00e0 \u00e9liminer les taches et retrouver des dents plus blanches et brillantes utilisation facile. Disponible au Maroc\",\"breadcrumb\":{\"@id\":\"https:\\\/\\\/vitablanca.ma\\\/produit\\\/eelhoe-highly-effective-teeth-whitening-maroc-prix\\\/#breadcrumb\"},\"inLanguage\":\"ar\",\"potentialAction\":[{\"@type\":\"ReadAction\",\"target\":[\"https:\\\/\\\/vitablanca.ma\\\/produit\\\/eelhoe-highly-effective-teeth-whitening-maroc-prix\\\/\"]}]},{\"@type\":\"ImageObject\",\"inLanguage\":\"ar\",\"@id\":\"https:\\\/\\\/vitablanca.ma\\\/produit\\\/eelhoe-highly-effective-teeth-whitening-maroc-prix\\\/#primaryimage\",\"url\":\"https:\\\/\\\/vitablanca.ma\\\/wp-content\\\/uploads\\\/2026\\\/02\\\/EELHOE-Highly-Effective-Teeth-Whitening1.jpg\",\"contentUrl\":\"https:\\\/\\\/vitablanca.ma\\\/wp-content\\\/uploads\\\/2026\\\/02\\\/EELHOE-Highly-Effective-Teeth-Whitening1.jpg\",\"width\":1000,\"height\":1000},{\"@type\":\"BreadcrumbList\",\"@id\":\"https:\\\/\\\/vitablanca.ma\\\/produit\\\/eelhoe-highly-effective-teeth-whitening-maroc-prix\\\/#breadcrumb\",\"itemListElement\":[{\"@type\":\"ListItem\",\"position\":1,\"name\":\"Home\",\"item\":\"https:\\\/\\\/vitablanca.ma\\\/\"},{\"@type\":\"ListItem\",\"position\":2,\"name\":\"Tous Les Produits\",\"item\":\"https:\\\/\\\/vitablanca.ma\\\/tous-les-produits\\\/\"},{\"@type\":\"ListItem\",\"position\":3,\"name\":\"EELHOE Highly Effective Teeth Whitening\"}]},{\"@type\":\"WebSite\",\"@id\":\"https:\\\/\\\/vitablanca.ma\\\/#website\",\"url\":\"https:\\\/\\\/vitablanca.ma\\\/\",\"name\":\"VitaBlanca.ma | Compl\u00e9ments alimentaires, sant\u00e9 & beaut\u00e9 au Maroc\",\"description\":\"vendre vitamines et compl\u00e9ments premium des USA &amp; Canada, Nouvelle Z\u00e9lande,Maroc (NOW Foods, Solgar, Manuka). Livraison rapide partout au Maroc.\",\"publisher\":{\"@id\":\"https:\\\/\\\/vitablanca.ma\\\/#organization\"},\"alternateName\":\"VitaBlanca.ma\",\"potentialAction\":[{\"@type\":\"SearchAction\",\"target\":{\"@type\":\"EntryPoint\",\"urlTemplate\":\"https:\\\/\\\/vitablanca.ma\\\/?s={search_term_string}\"},\"query-input\":{\"@type\":\"PropertyValueSpecification\",\"valueRequired\":true,\"valueName\":\"search_term_string\"}}],\"inLanguage\":\"ar\"},{\"@type\":\"Organization\",\"@id\":\"https:\\\/\\\/vitablanca.ma\\\/#organization\",\"name\":\"VitaBlanca\",\"url\":\"https:\\\/\\\/vitablanca.ma\\\/\",\"logo\":{\"@type\":\"ImageObject\",\"inLanguage\":\"ar\",\"@id\":\"https:\\\/\\\/vitablanca.ma\\\/#\\\/schema\\\/logo\\\/image\\\/\",\"url\":\"https:\\\/\\\/vitablanca.ma\\\/wp-content\\\/uploads\\\/2025\\\/05\\\/cropped-vitablanca.png\",\"contentUrl\":\"https:\\\/\\\/vitablanca.ma\\\/wp-content\\\/uploads\\\/2025\\\/05\\\/cropped-vitablanca.png\",\"width\":360,\"height\":67,\"caption\":\"VitaBlanca\"},\"image\":{\"@id\":\"https:\\\/\\\/vitablanca.ma\\\/#\\\/schema\\\/logo\\\/image\\\/\"},\"sameAs\":[\"https:\\\/\\\/www.facebook.com\\\/profile.php?id=61576678196717\",\"https:\\\/\\\/www.tiktok.com\\\/@vitablanca.ma\",\"https:\\\/\\\/www.instagram.com\\\/vitablanca.ma\\\/\"]}]}<\/script>\n<!-- \/ Yoast SEO plugin. -->","yoast_head_json":{"title":"EELHOE Teeth Whitening Soin Blanchiment Dentaire \u2013 Maroc Prix","description":"Soin blanchiment dentaire EELHOE pour aider \u00e0 \u00e9liminer les taches et retrouver des dents plus blanches et brillantes utilisation facile. Disponible au Maroc","robots":{"index":"index","follow":"follow","max-snippet":"max-snippet:-1","max-image-preview":"max-image-preview:large","max-video-preview":"max-video-preview:-1"},"canonical":"https:\/\/vitablanca.ma\/ar\/product-2\/eelhoe-highly-effective-teeth-whitening-maroc-prix\/","og_locale":"ar_AR","og_type":"article","og_title":"EELHOE Teeth Whitening Soin Blanchiment Dentaire \u2013 Maroc Prix","og_description":"Soin blanchiment dentaire EELHOE pour aider \u00e0 \u00e9liminer les taches et retrouver des dents plus blanches et brillantes utilisation facile. Disponible au Maroc","og_url":"https:\/\/vitablanca.ma\/ar\/product-2\/eelhoe-highly-effective-teeth-whitening-maroc-prix\/","og_site_name":"Vitablanca.ma &ndash; Sant&eacute;, vitalit&eacute; et bien-&ecirc;tre pour tous les Marocains","article_publisher":"https:\/\/www.facebook.com\/profile.php?id=61576678196717","og_image":[{"width":1000,"height":1000,"url":"https:\/\/vitablanca.ma\/wp-content\/uploads\/2026\/02\/EELHOE-Highly-Effective-Teeth-Whitening1.jpg","type":"image\/jpeg"}],"twitter_card":"summary_large_image","twitter_misc":{"\u0648\u0642\u062a \u0627\u0644\u0642\u0631\u0627\u0621\u0629 \u0627\u0644\u0645\u064f\u0642\u062f\u0651\u0631":"\u062f\u0642\u064a\u0642\u062a\u0627\u0646"},"schema":{"@context":"https:\/\/schema.org","@graph":[{"@type":["WebPage","ItemPage"],"@id":"https:\/\/vitablanca.ma\/produit\/eelhoe-highly-effective-teeth-whitening-maroc-prix\/","url":"https:\/\/vitablanca.ma\/produit\/eelhoe-highly-effective-teeth-whitening-maroc-prix\/","name":"EELHOE Teeth Whitening Soin Blanchiment Dentaire \u2013 Maroc Prix","isPartOf":{"@id":"https:\/\/vitablanca.ma\/#website"},"primaryImageOfPage":{"@id":"https:\/\/vitablanca.ma\/produit\/eelhoe-highly-effective-teeth-whitening-maroc-prix\/#primaryimage"},"image":{"@id":"https:\/\/vitablanca.ma\/produit\/eelhoe-highly-effective-teeth-whitening-maroc-prix\/#primaryimage"},"thumbnailUrl":"https:\/\/vitablanca.ma\/wp-content\/uploads\/2026\/02\/EELHOE-Highly-Effective-Teeth-Whitening1.jpg","datePublished":"2026-02-01T22:36:48+00:00","description":"Soin blanchiment dentaire EELHOE pour aider \u00e0 \u00e9liminer les taches et retrouver des dents plus blanches et brillantes utilisation facile. Disponible au Maroc","breadcrumb":{"@id":"https:\/\/vitablanca.ma\/produit\/eelhoe-highly-effective-teeth-whitening-maroc-prix\/#breadcrumb"},"inLanguage":"ar","potentialAction":[{"@type":"ReadAction","target":["https:\/\/vitablanca.ma\/produit\/eelhoe-highly-effective-teeth-whitening-maroc-prix\/"]}]},{"@type":"ImageObject","inLanguage":"ar","@id":"https:\/\/vitablanca.ma\/produit\/eelhoe-highly-effective-teeth-whitening-maroc-prix\/#primaryimage","url":"https:\/\/vitablanca.ma\/wp-content\/uploads\/2026\/02\/EELHOE-Highly-Effective-Teeth-Whitening1.jpg","contentUrl":"https:\/\/vitablanca.ma\/wp-content\/uploads\/2026\/02\/EELHOE-Highly-Effective-Teeth-Whitening1.jpg","width":1000,"height":1000},{"@type":"BreadcrumbList","@id":"https:\/\/vitablanca.ma\/produit\/eelhoe-highly-effective-teeth-whitening-maroc-prix\/#breadcrumb","itemListElement":[{"@type":"ListItem","position":1,"name":"Home","item":"https:\/\/vitablanca.ma\/"},{"@type":"ListItem","position":2,"name":"Tous Les Produits","item":"https:\/\/vitablanca.ma\/tous-les-produits\/"},{"@type":"ListItem","position":3,"name":"EELHOE Highly Effective Teeth Whitening"}]},{"@type":"WebSite","@id":"https:\/\/vitablanca.ma\/#website","url":"https:\/\/vitablanca.ma\/","name":"VitaBlanca.ma | \u0627\u0644\u0645\u0643\u0645\u0644\u0627\u062a \u0627\u0644\u063a\u0630\u0627\u0626\u064a\u0629\u060c \u0627\u0644\u0635\u062d\u0629 \u0648\u0627\u0644\u062c\u0645\u0627\u0644 \u0641\u064a \u0627\u0644\u0645\u063a\u0631\u0628","description":"\u0646\u0628\u064a\u0639 \u0641\u064a\u062a\u0627\u0645\u064a\u0646\u0627\u062a \u0648\u0645\u0643\u0645\u0644\u0627\u062a \u063a\u0630\u0627\u0626\u064a\u0629 \u0641\u0627\u062e\u0631\u0629 \u0645\u0646 \u0627\u0644\u0648\u0644\u0627\u064a\u0627\u062a \u0627\u0644\u0645\u062a\u062d\u062f\u0629 \u0627\u0644\u0623\u0645\u0631\u064a\u0643\u064a\u0629 \u0648\u0643\u0646\u062f\u0627 \u0648\u0646\u064a\u0648\u0632\u064a\u0644\u0646\u062f\u0627 \u0648\u0627\u0644\u0645\u063a\u0631\u0628 (\u0646\u0627\u0648 \u0641\u0648\u062f\u0632\u060c \u0633\u0648\u0644\u062c\u0627\u0631\u060c \u0645\u0627\u0646\u0648\u0643\u0627). \u062a\u0648\u0635\u064a\u0644 \u0633\u0631\u064a\u0639 \u0625\u0644\u0649 \u062c\u0645\u064a\u0639 \u0623\u0646\u062d\u0627\u0621 \u0627\u0644\u0645\u063a\u0631\u0628.","publisher":{"@id":"https:\/\/vitablanca.ma\/#organization"},"alternateName":"VitaBlanca.ma","potentialAction":[{"@type":"SearchAction","target":{"@type":"EntryPoint","urlTemplate":"https:\/\/vitablanca.ma\/?s={search_term_string}"},"query-input":{"@type":"PropertyValueSpecification","valueRequired":true,"valueName":"search_term_string"}}],"inLanguage":"ar"},{"@type":"Organization","@id":"https:\/\/vitablanca.ma\/#organization","name":"\u0641\u064a\u062a\u0627\u0628\u0644\u0627\u0646\u0643\u0627","url":"https:\/\/vitablanca.ma\/","logo":{"@type":"ImageObject","inLanguage":"ar","@id":"https:\/\/vitablanca.ma\/#\/schema\/logo\/image\/","url":"https:\/\/vitablanca.ma\/wp-content\/uploads\/2025\/05\/cropped-vitablanca.png","contentUrl":"https:\/\/vitablanca.ma\/wp-content\/uploads\/2025\/05\/cropped-vitablanca.png","width":360,"height":67,"caption":"VitaBlanca"},"image":{"@id":"https:\/\/vitablanca.ma\/#\/schema\/logo\/image\/"},"sameAs":["https:\/\/www.facebook.com\/profile.php?id=61576678196717","https:\/\/www.tiktok.com\/@vitablanca.ma","https:\/\/www.instagram.com\/vitablanca.ma\/"]}]}},"jetpack_sharing_enabled":true,"_links":{"self":[{"href":"https:\/\/vitablanca.ma\/ar\/wp-json\/wp\/v2\/product\/28508","targetHints":{"allow":["GET"]}}],"collection":[{"href":"https:\/\/vitablanca.ma\/ar\/wp-json\/wp\/v2\/product"}],"about":[{"href":"https:\/\/vitablanca.ma\/ar\/wp-json\/wp\/v2\/types\/product"}],"wp:featuredmedia":[{"embeddable":true,"href":"https:\/\/vitablanca.ma\/ar\/wp-json\/wp\/v2\/media\/28512"}],"wp:attachment":[{"href":"https:\/\/vitablanca.ma\/ar\/wp-json\/wp\/v2\/media?parent=28508"}],"wp:term":[{"taxonomy":"product_brand","embeddable":true,"href":"https:\/\/vitablanca.ma\/ar\/wp-json\/wp\/v2\/product_brand?post=28508"},{"taxonomy":"product_cat","embeddable":true,"href":"https:\/\/vitablanca.ma\/ar\/wp-json\/wp\/v2\/product_cat?post=28508"},{"taxonomy":"product_tag","embeddable":true,"href":"https:\/\/vitablanca.ma\/ar\/wp-json\/wp\/v2\/product_tag?post=28508"}],"curies":[{"name":"wp","href":"https:\/\/api.w.org\/{rel}","templated":true}]}}