{"id":28489,"date":"2026-02-01T15:01:25","date_gmt":"2026-02-01T15:01:25","guid":{"rendered":"https:\/\/vitablanca.ma\/?post_type=product&#038;p=28489"},"modified":"2026-02-01T15:01:27","modified_gmt":"2026-02-01T15:01:27","slug":"some-by-mi-advanced-triple-action-retinol-intense-eye-cream-30-ml-maroc-prix","status":"publish","type":"product","link":"https:\/\/vitablanca.ma\/ar\/product-2\/some-by-mi-advanced-triple-action-retinol-intense-eye-cream-30-ml-maroc-prix\/","title":{"rendered":"Some By Mi Advanced Triple Action Retinol Intense Eye Cream &#8211; 30 ml"},"content":{"rendered":"<p>CR\u00c8ME POUR LES YEUX AU R\u00c9TINOL : La CR\u00c8ME POUR LES YEUX AU R\u00c9TINOL a subi six tests anti-\u00e2ge et a montr\u00e9 des r\u00e9sultats efficaces en seulement deux semaines. Cette cr\u00e8me pour les yeux quotidienne a \u00e9galement subi un test pour am\u00e9liorer les cernes et contient du r\u00e9tinol et du r\u00e9tinal pour am\u00e9liorer les rides. La cr\u00e8me pour les yeux est infus\u00e9e de collag\u00e8ne et de peptides d\u2019origine v\u00e9g\u00e9tale pour lifter la peau, tout en \u00e9tant non dess\u00e9chante et hydratante. Cette cr\u00e8me au r\u00e9tinol est hypoallerg\u00e9nique et exempte de 20 types d\u2019ingr\u00e9dients nocifs pour la peau.<\/p>\n<p>INGR\u00c9DIENTS CL\u00c9S : Le r\u00e9tinol, une forme de vitamine A, peut aider \u00e0 r\u00e9duire l\u2019apparence des ridules, des rides et des taches brunes, et \u00e0 am\u00e9liorer la texture et le teint g\u00e9n\u00e9ral de la peau. Les peptides, de courtes cha\u00eenes d\u2019acides amin\u00e9s, peuvent favoriser la synth\u00e8se du collag\u00e8ne et am\u00e9liorer l\u2019\u00e9lasticit\u00e9 de la peau. La niacinamide, \u00e9galement connue sous le nom de vitamine B3, peut am\u00e9liorer la fonction barri\u00e8re de la peau, r\u00e9duire les rougeurs, r\u00e9guler la production de s\u00e9bum et am\u00e9liorer la texture globale de la peau<\/p>\n<p>GAMME R\u00c9TINOL : Re-Activate est le concept principal de la gamme R\u00e9tinol, qui vise \u00e0 r\u00e9activer et \u00e0 stimuler la vitalit\u00e9 de la peau. La gamme R\u00e9tinol est efficace pour am\u00e9liorer quatre signaux de vieillissement rapide, ralentir le processus de vieillissement et augmenter la vitesse de r\u00e9g\u00e9n\u00e9ration de la barri\u00e8re cutan\u00e9e, ce qui donne une peau revitalis\u00e9e<\/p>","protected":false},"excerpt":{"rendered":"<ul>\n<li>Item Volume\u00a030 Milliliters<\/li>\n<li>Item dimensions L x W x H\u00a01.06 x 1.1 x 5.98 inches<\/li>\n<li>Age Range (Description)\u00a0Adult<\/li>\n<li>Special Feature\u00a0Not Tested On Animals, Anti-Aging, Wrinkle improvement, Alchol-Free, Preservatives-Free<\/li>\n<\/ul>","protected":false},"featured_media":28490,"template":"","meta":[],"product_brand":[6905],"product_cat":[18],"product_tag":[6418,6779,6898,6951,3492,6907,6949,5863,6950,6906],"class_list":{"0":"post-28489","1":"product","2":"type-product","3":"status-publish","4":"has-post-thumbnail","6":"product_brand-some-by-mi","7":"product_cat-beaute-sante","8":"product_tag-anti-rides","9":"product_tag-cernes","10":"product_tag-contour-des-yeux","11":"product_tag-cosmetique-coreenne","12":"product_tag-maroc","13":"product_tag-retinol","14":"product_tag-retinol-eye-cream","15":"product_tag-soin-visage","16":"product_tag-soins-anti-age","17":"product_tag-some-by-mi","19":"first","20":"instock","21":"sale","22":"taxable","23":"shipping-taxable","24":"purchasable","25":"product-type-simple"},"yoast_head":"<!-- This site is optimized with the Yoast SEO plugin v27.6 - https:\/\/yoast.com\/product\/yoast-seo-wordpress\/ -->\n<title>Some By Mi Retinol Intense Eye Cream 30 ml \u2013 Maroc Prix<\/title>\n<meta name=\"description\" content=\"Cr\u00e8me contour des yeux au r\u00e9tinol Some By Mi. Aide \u00e0 r\u00e9duire les rides, ridules et cernes pour un regard plus lisse et lumineux. 30 ml. Disponible au Maroc.\" \/>\n<meta name=\"robots\" content=\"index, follow, max-snippet:-1, max-image-preview:large, max-video-preview:-1\" \/>\n<link rel=\"canonical\" href=\"https:\/\/vitablanca.ma\/ar\/product-2\/some-by-mi-advanced-triple-action-retinol-intense-eye-cream-30-ml-maroc-prix\/\" \/>\n<meta property=\"og:locale\" content=\"ar_AR\" \/>\n<meta property=\"og:type\" content=\"article\" \/>\n<meta property=\"og:title\" content=\"Some By Mi Retinol Intense Eye Cream 30 ml \u2013 Maroc Prix\" \/>\n<meta property=\"og:description\" content=\"Cr\u00e8me contour des yeux au r\u00e9tinol Some By Mi. Aide \u00e0 r\u00e9duire les rides, ridules et cernes pour un regard plus lisse et lumineux. 30 ml. Disponible au Maroc.\" \/>\n<meta property=\"og:url\" content=\"https:\/\/vitablanca.ma\/ar\/product-2\/some-by-mi-advanced-triple-action-retinol-intense-eye-cream-30-ml-maroc-prix\/\" \/>\n<meta property=\"og:site_name\" content=\"Vitablanca.ma &ndash; Sant&eacute;, vitalit&eacute; et bien-&ecirc;tre pour tous les Marocains\" \/>\n<meta property=\"article:publisher\" content=\"https:\/\/www.facebook.com\/profile.php?id=61576678196717\" \/>\n<meta property=\"article:modified_time\" content=\"2026-02-01T15:01:27+00:00\" \/>\n<meta property=\"og:image\" content=\"https:\/\/vitablanca.ma\/wp-content\/uploads\/2026\/02\/Some-By-Mi-Advanced-Triple-Action-Retinol-Intense-Eye-Cream-30-ml1.jpg\" \/>\n\t<meta property=\"og:image:width\" content=\"700\" \/>\n\t<meta property=\"og:image:height\" content=\"700\" \/>\n\t<meta property=\"og:image:type\" content=\"image\/jpeg\" \/>\n<meta name=\"twitter:card\" content=\"summary_large_image\" \/>\n<meta name=\"twitter:label1\" content=\"\u0648\u0642\u062a \u0627\u0644\u0642\u0631\u0627\u0621\u0629 \u0627\u0644\u0645\u064f\u0642\u062f\u0651\u0631\" \/>\n\t<meta name=\"twitter:data1\" content=\"\u062f\u0642\u064a\u0642\u062a\u0627\u0646\" \/>\n<script type=\"application\/ld+json\" class=\"yoast-schema-graph\">{\"@context\":\"https:\\\/\\\/schema.org\",\"@graph\":[{\"@type\":[\"WebPage\",\"ItemPage\"],\"@id\":\"https:\\\/\\\/vitablanca.ma\\\/produit\\\/some-by-mi-advanced-triple-action-retinol-intense-eye-cream-30-ml-maroc-prix\\\/\",\"url\":\"https:\\\/\\\/vitablanca.ma\\\/produit\\\/some-by-mi-advanced-triple-action-retinol-intense-eye-cream-30-ml-maroc-prix\\\/\",\"name\":\"Some By Mi Retinol Intense Eye Cream 30 ml \u2013 Maroc Prix\",\"isPartOf\":{\"@id\":\"https:\\\/\\\/vitablanca.ma\\\/#website\"},\"primaryImageOfPage\":{\"@id\":\"https:\\\/\\\/vitablanca.ma\\\/produit\\\/some-by-mi-advanced-triple-action-retinol-intense-eye-cream-30-ml-maroc-prix\\\/#primaryimage\"},\"image\":{\"@id\":\"https:\\\/\\\/vitablanca.ma\\\/produit\\\/some-by-mi-advanced-triple-action-retinol-intense-eye-cream-30-ml-maroc-prix\\\/#primaryimage\"},\"thumbnailUrl\":\"https:\\\/\\\/vitablanca.ma\\\/wp-content\\\/uploads\\\/2026\\\/02\\\/Some-By-Mi-Advanced-Triple-Action-Retinol-Intense-Eye-Cream-30-ml1.jpg\",\"datePublished\":\"2026-02-01T15:01:25+00:00\",\"dateModified\":\"2026-02-01T15:01:27+00:00\",\"description\":\"Cr\u00e8me contour des yeux au r\u00e9tinol Some By Mi. Aide \u00e0 r\u00e9duire les rides, ridules et cernes pour un regard plus lisse et lumineux. 30 ml. Disponible au Maroc.\",\"breadcrumb\":{\"@id\":\"https:\\\/\\\/vitablanca.ma\\\/produit\\\/some-by-mi-advanced-triple-action-retinol-intense-eye-cream-30-ml-maroc-prix\\\/#breadcrumb\"},\"inLanguage\":\"ar\",\"potentialAction\":[{\"@type\":\"ReadAction\",\"target\":[\"https:\\\/\\\/vitablanca.ma\\\/produit\\\/some-by-mi-advanced-triple-action-retinol-intense-eye-cream-30-ml-maroc-prix\\\/\"]}]},{\"@type\":\"ImageObject\",\"inLanguage\":\"ar\",\"@id\":\"https:\\\/\\\/vitablanca.ma\\\/produit\\\/some-by-mi-advanced-triple-action-retinol-intense-eye-cream-30-ml-maroc-prix\\\/#primaryimage\",\"url\":\"https:\\\/\\\/vitablanca.ma\\\/wp-content\\\/uploads\\\/2026\\\/02\\\/Some-By-Mi-Advanced-Triple-Action-Retinol-Intense-Eye-Cream-30-ml1.jpg\",\"contentUrl\":\"https:\\\/\\\/vitablanca.ma\\\/wp-content\\\/uploads\\\/2026\\\/02\\\/Some-By-Mi-Advanced-Triple-Action-Retinol-Intense-Eye-Cream-30-ml1.jpg\",\"width\":700,\"height\":700},{\"@type\":\"BreadcrumbList\",\"@id\":\"https:\\\/\\\/vitablanca.ma\\\/produit\\\/some-by-mi-advanced-triple-action-retinol-intense-eye-cream-30-ml-maroc-prix\\\/#breadcrumb\",\"itemListElement\":[{\"@type\":\"ListItem\",\"position\":1,\"name\":\"Home\",\"item\":\"https:\\\/\\\/vitablanca.ma\\\/\"},{\"@type\":\"ListItem\",\"position\":2,\"name\":\"Tous Les Produits\",\"item\":\"https:\\\/\\\/vitablanca.ma\\\/tous-les-produits\\\/\"},{\"@type\":\"ListItem\",\"position\":3,\"name\":\"Some By Mi Advanced Triple Action Retinol Intense Eye Cream &#8211; 30 ml\"}]},{\"@type\":\"WebSite\",\"@id\":\"https:\\\/\\\/vitablanca.ma\\\/#website\",\"url\":\"https:\\\/\\\/vitablanca.ma\\\/\",\"name\":\"VitaBlanca.ma | Compl\u00e9ments alimentaires, sant\u00e9 & beaut\u00e9 au Maroc\",\"description\":\"vendre vitamines et compl\u00e9ments premium des USA &amp; Canada, Nouvelle Z\u00e9lande,Maroc (NOW Foods, Solgar, Manuka). Livraison rapide partout au Maroc.\",\"publisher\":{\"@id\":\"https:\\\/\\\/vitablanca.ma\\\/#organization\"},\"alternateName\":\"VitaBlanca.ma\",\"potentialAction\":[{\"@type\":\"SearchAction\",\"target\":{\"@type\":\"EntryPoint\",\"urlTemplate\":\"https:\\\/\\\/vitablanca.ma\\\/?s={search_term_string}\"},\"query-input\":{\"@type\":\"PropertyValueSpecification\",\"valueRequired\":true,\"valueName\":\"search_term_string\"}}],\"inLanguage\":\"ar\"},{\"@type\":\"Organization\",\"@id\":\"https:\\\/\\\/vitablanca.ma\\\/#organization\",\"name\":\"VitaBlanca\",\"url\":\"https:\\\/\\\/vitablanca.ma\\\/\",\"logo\":{\"@type\":\"ImageObject\",\"inLanguage\":\"ar\",\"@id\":\"https:\\\/\\\/vitablanca.ma\\\/#\\\/schema\\\/logo\\\/image\\\/\",\"url\":\"https:\\\/\\\/vitablanca.ma\\\/wp-content\\\/uploads\\\/2025\\\/05\\\/cropped-vitablanca.png\",\"contentUrl\":\"https:\\\/\\\/vitablanca.ma\\\/wp-content\\\/uploads\\\/2025\\\/05\\\/cropped-vitablanca.png\",\"width\":360,\"height\":67,\"caption\":\"VitaBlanca\"},\"image\":{\"@id\":\"https:\\\/\\\/vitablanca.ma\\\/#\\\/schema\\\/logo\\\/image\\\/\"},\"sameAs\":[\"https:\\\/\\\/www.facebook.com\\\/profile.php?id=61576678196717\",\"https:\\\/\\\/www.tiktok.com\\\/@vitablanca.ma\",\"https:\\\/\\\/www.instagram.com\\\/vitablanca.ma\\\/\"]}]}<\/script>\n<!-- \/ Yoast SEO plugin. -->","yoast_head_json":{"title":"Some By Mi Retinol Intense Eye Cream 30 ml \u2013 Maroc Prix","description":"Cr\u00e8me contour des yeux au r\u00e9tinol Some By Mi. Aide \u00e0 r\u00e9duire les rides, ridules et cernes pour un regard plus lisse et lumineux. 30 ml. Disponible au Maroc.","robots":{"index":"index","follow":"follow","max-snippet":"max-snippet:-1","max-image-preview":"max-image-preview:large","max-video-preview":"max-video-preview:-1"},"canonical":"https:\/\/vitablanca.ma\/ar\/product-2\/some-by-mi-advanced-triple-action-retinol-intense-eye-cream-30-ml-maroc-prix\/","og_locale":"ar_AR","og_type":"article","og_title":"Some By Mi Retinol Intense Eye Cream 30 ml \u2013 Maroc Prix","og_description":"Cr\u00e8me contour des yeux au r\u00e9tinol Some By Mi. Aide \u00e0 r\u00e9duire les rides, ridules et cernes pour un regard plus lisse et lumineux. 30 ml. Disponible au Maroc.","og_url":"https:\/\/vitablanca.ma\/ar\/product-2\/some-by-mi-advanced-triple-action-retinol-intense-eye-cream-30-ml-maroc-prix\/","og_site_name":"Vitablanca.ma &ndash; Sant&eacute;, vitalit&eacute; et bien-&ecirc;tre pour tous les Marocains","article_publisher":"https:\/\/www.facebook.com\/profile.php?id=61576678196717","article_modified_time":"2026-02-01T15:01:27+00:00","og_image":[{"width":700,"height":700,"url":"https:\/\/vitablanca.ma\/wp-content\/uploads\/2026\/02\/Some-By-Mi-Advanced-Triple-Action-Retinol-Intense-Eye-Cream-30-ml1.jpg","type":"image\/jpeg"}],"twitter_card":"summary_large_image","twitter_misc":{"\u0648\u0642\u062a \u0627\u0644\u0642\u0631\u0627\u0621\u0629 \u0627\u0644\u0645\u064f\u0642\u062f\u0651\u0631":"\u062f\u0642\u064a\u0642\u062a\u0627\u0646"},"schema":{"@context":"https:\/\/schema.org","@graph":[{"@type":["WebPage","ItemPage"],"@id":"https:\/\/vitablanca.ma\/produit\/some-by-mi-advanced-triple-action-retinol-intense-eye-cream-30-ml-maroc-prix\/","url":"https:\/\/vitablanca.ma\/produit\/some-by-mi-advanced-triple-action-retinol-intense-eye-cream-30-ml-maroc-prix\/","name":"Some By Mi Retinol Intense Eye Cream 30 ml \u2013 Maroc Prix","isPartOf":{"@id":"https:\/\/vitablanca.ma\/#website"},"primaryImageOfPage":{"@id":"https:\/\/vitablanca.ma\/produit\/some-by-mi-advanced-triple-action-retinol-intense-eye-cream-30-ml-maroc-prix\/#primaryimage"},"image":{"@id":"https:\/\/vitablanca.ma\/produit\/some-by-mi-advanced-triple-action-retinol-intense-eye-cream-30-ml-maroc-prix\/#primaryimage"},"thumbnailUrl":"https:\/\/vitablanca.ma\/wp-content\/uploads\/2026\/02\/Some-By-Mi-Advanced-Triple-Action-Retinol-Intense-Eye-Cream-30-ml1.jpg","datePublished":"2026-02-01T15:01:25+00:00","dateModified":"2026-02-01T15:01:27+00:00","description":"Cr\u00e8me contour des yeux au r\u00e9tinol Some By Mi. Aide \u00e0 r\u00e9duire les rides, ridules et cernes pour un regard plus lisse et lumineux. 30 ml. Disponible au Maroc.","breadcrumb":{"@id":"https:\/\/vitablanca.ma\/produit\/some-by-mi-advanced-triple-action-retinol-intense-eye-cream-30-ml-maroc-prix\/#breadcrumb"},"inLanguage":"ar","potentialAction":[{"@type":"ReadAction","target":["https:\/\/vitablanca.ma\/produit\/some-by-mi-advanced-triple-action-retinol-intense-eye-cream-30-ml-maroc-prix\/"]}]},{"@type":"ImageObject","inLanguage":"ar","@id":"https:\/\/vitablanca.ma\/produit\/some-by-mi-advanced-triple-action-retinol-intense-eye-cream-30-ml-maroc-prix\/#primaryimage","url":"https:\/\/vitablanca.ma\/wp-content\/uploads\/2026\/02\/Some-By-Mi-Advanced-Triple-Action-Retinol-Intense-Eye-Cream-30-ml1.jpg","contentUrl":"https:\/\/vitablanca.ma\/wp-content\/uploads\/2026\/02\/Some-By-Mi-Advanced-Triple-Action-Retinol-Intense-Eye-Cream-30-ml1.jpg","width":700,"height":700},{"@type":"BreadcrumbList","@id":"https:\/\/vitablanca.ma\/produit\/some-by-mi-advanced-triple-action-retinol-intense-eye-cream-30-ml-maroc-prix\/#breadcrumb","itemListElement":[{"@type":"ListItem","position":1,"name":"Home","item":"https:\/\/vitablanca.ma\/"},{"@type":"ListItem","position":2,"name":"Tous Les Produits","item":"https:\/\/vitablanca.ma\/tous-les-produits\/"},{"@type":"ListItem","position":3,"name":"Some By Mi Advanced Triple Action Retinol Intense Eye Cream &#8211; 30 ml"}]},{"@type":"WebSite","@id":"https:\/\/vitablanca.ma\/#website","url":"https:\/\/vitablanca.ma\/","name":"VitaBlanca.ma | \u0627\u0644\u0645\u0643\u0645\u0644\u0627\u062a \u0627\u0644\u063a\u0630\u0627\u0626\u064a\u0629\u060c \u0627\u0644\u0635\u062d\u0629 \u0648\u0627\u0644\u062c\u0645\u0627\u0644 \u0641\u064a \u0627\u0644\u0645\u063a\u0631\u0628","description":"\u0646\u0628\u064a\u0639 \u0641\u064a\u062a\u0627\u0645\u064a\u0646\u0627\u062a \u0648\u0645\u0643\u0645\u0644\u0627\u062a \u063a\u0630\u0627\u0626\u064a\u0629 \u0641\u0627\u062e\u0631\u0629 \u0645\u0646 \u0627\u0644\u0648\u0644\u0627\u064a\u0627\u062a \u0627\u0644\u0645\u062a\u062d\u062f\u0629 \u0627\u0644\u0623\u0645\u0631\u064a\u0643\u064a\u0629 \u0648\u0643\u0646\u062f\u0627 \u0648\u0646\u064a\u0648\u0632\u064a\u0644\u0646\u062f\u0627 \u0648\u0627\u0644\u0645\u063a\u0631\u0628 (\u0646\u0627\u0648 \u0641\u0648\u062f\u0632\u060c \u0633\u0648\u0644\u062c\u0627\u0631\u060c \u0645\u0627\u0646\u0648\u0643\u0627). \u062a\u0648\u0635\u064a\u0644 \u0633\u0631\u064a\u0639 \u0625\u0644\u0649 \u062c\u0645\u064a\u0639 \u0623\u0646\u062d\u0627\u0621 \u0627\u0644\u0645\u063a\u0631\u0628.","publisher":{"@id":"https:\/\/vitablanca.ma\/#organization"},"alternateName":"VitaBlanca.ma","potentialAction":[{"@type":"SearchAction","target":{"@type":"EntryPoint","urlTemplate":"https:\/\/vitablanca.ma\/?s={search_term_string}"},"query-input":{"@type":"PropertyValueSpecification","valueRequired":true,"valueName":"search_term_string"}}],"inLanguage":"ar"},{"@type":"Organization","@id":"https:\/\/vitablanca.ma\/#organization","name":"\u0641\u064a\u062a\u0627\u0628\u0644\u0627\u0646\u0643\u0627","url":"https:\/\/vitablanca.ma\/","logo":{"@type":"ImageObject","inLanguage":"ar","@id":"https:\/\/vitablanca.ma\/#\/schema\/logo\/image\/","url":"https:\/\/vitablanca.ma\/wp-content\/uploads\/2025\/05\/cropped-vitablanca.png","contentUrl":"https:\/\/vitablanca.ma\/wp-content\/uploads\/2025\/05\/cropped-vitablanca.png","width":360,"height":67,"caption":"VitaBlanca"},"image":{"@id":"https:\/\/vitablanca.ma\/#\/schema\/logo\/image\/"},"sameAs":["https:\/\/www.facebook.com\/profile.php?id=61576678196717","https:\/\/www.tiktok.com\/@vitablanca.ma","https:\/\/www.instagram.com\/vitablanca.ma\/"]}]}},"jetpack_sharing_enabled":true,"_links":{"self":[{"href":"https:\/\/vitablanca.ma\/ar\/wp-json\/wp\/v2\/product\/28489","targetHints":{"allow":["GET"]}}],"collection":[{"href":"https:\/\/vitablanca.ma\/ar\/wp-json\/wp\/v2\/product"}],"about":[{"href":"https:\/\/vitablanca.ma\/ar\/wp-json\/wp\/v2\/types\/product"}],"wp:featuredmedia":[{"embeddable":true,"href":"https:\/\/vitablanca.ma\/ar\/wp-json\/wp\/v2\/media\/28490"}],"wp:attachment":[{"href":"https:\/\/vitablanca.ma\/ar\/wp-json\/wp\/v2\/media?parent=28489"}],"wp:term":[{"taxonomy":"product_brand","embeddable":true,"href":"https:\/\/vitablanca.ma\/ar\/wp-json\/wp\/v2\/product_brand?post=28489"},{"taxonomy":"product_cat","embeddable":true,"href":"https:\/\/vitablanca.ma\/ar\/wp-json\/wp\/v2\/product_cat?post=28489"},{"taxonomy":"product_tag","embeddable":true,"href":"https:\/\/vitablanca.ma\/ar\/wp-json\/wp\/v2\/product_tag?post=28489"}],"curies":[{"name":"wp","href":"https:\/\/api.w.org\/{rel}","templated":true}]}}